{"id":55905,"date":"2025-03-06T00:13:25","date_gmt":"2025-03-05T22:13:25","guid":{"rendered":"https:\/\/vmsport.fi\/verkkokauppa\/Ei-luokiteltu\/shimano-acera-takavaihtaja-rd-m3020-8-8-7-vaihteinen\/"},"modified":"2026-04-02T16:45:35","modified_gmt":"2026-04-02T13:45:35","slug":"shimano-acera-bakvaxel-rd-m3020-8-8-7-vaxlar","status":"publish","type":"product","link":"https:\/\/vmsport.fi\/sv\/verkkokauppa\/varaosat\/vaihteistot\/takavaihtajat\/shimano-acera-takavaihtaja-rd-m3020-8-8-7-vaihteinen\/","title":{"rendered":"SHIMANO ACERA Bakv\u00e4xel RD-M3020-8 8\/7 v\u00e4xlar"},"content":{"rendered":"<p>SHIMANO ACERA Bakv\u00e4xel RD-M3020-8 \u00e4r ett utm\u00e4rkt val f\u00f6r cyklister som v\u00e4rdes\u00e4tter h\u00e5llbarhet och tillf\u00f6rlitlighet. Den h\u00e4r modellen \u00e4r kompatibel med 7- och 8-v\u00e4xlade system, vilket g\u00f6r den till ett m\u00e5ngsidigt val f\u00f6r en m\u00e4ngd olika terr\u00e4ngtyper. Den stora kapaciteten p\u00e5 45 t\u00e4nder ger smidiga v\u00e4xlingar \u00e4ven i brant terr\u00e4ng. RD-M3020-8 \u00e4r s\u00e4rskilt utformad f\u00f6r kr\u00e4vande terr\u00e4ngf\u00f6rh\u00e5llanden och erbjuder tillf\u00f6rlitlig prestanda och \u00e4r det perfekta valet f\u00f6r cyklister som s\u00f6ker tillf\u00f6rlitlig, h\u00f6gkvalitativ prestanda under utmanande f\u00f6rh\u00e5llanden.<\/p>","protected":false},"excerpt":{"rendered":"<p>SHIMANO ACERA Takavaihtaja RD-M3020-8 on erinomainen valinta py\u00f6r\u00e4ilij\u00f6ille, jotka arvostavat kest\u00e4vyytt\u00e4 ja luotettavuutta. T\u00e4m\u00e4 malli on yhteensopiva 7- ja 8-vaihteisten j\u00e4rjestelmien kanssa, mik\u00e4 tekee siit\u00e4 monik\u00e4ytt\u00f6isen vaihtoehdon erilaisiin maastotyyppeihin. Sen suuri kapasiteetti, 45 hampaan kapasiteetti, mahdollistaa sujuvat vaihteenvaihdot jopa jyrkiss\u00e4 maastoissa. Erityisesti vaativiin maasto-olosuhteisiin suunniteltu RD-M3020-8 tarjoaa varman suorituskyvyn, ja se on ihanteellinen valinta py\u00f6r\u00e4ilij\u00f6ille, [&#8230;]<\/p>\n<p><a class=\"btn btn-secondary understrap-read-more-link\" href=\"https:\/\/vmsport.fi\/sv\/verkkokauppa\/varaosat\/vaihteistot\/takavaihtajat\/shimano-acera-takavaihtaja-rd-m3020-8-8-7-vaihteinen\/\">L\u00e4s mer \u2026<span class=\"screen-reader-text\"> from SHIMANO ACERA Takavaihtaja RD-M3020-8 8\/7-vaihteinen<\/span><\/a><\/p>\n","protected":false},"featured_media":55904,"comment_status":"open","ping_status":"closed","template":"","meta":{"_acf_changed":false,"_improvement_type_select":"improve_an_existing","_thumb_yes_seoaic":false,"_frame_yes_seoaic":false,"seoaic_generate_description":"","seoaic_improve_instructions_prompt":"","seoaic_rollback_content_improvement":"","seoaic_idea_thumbnail_generator":"","thumbnail_generated":false,"thumbnail_generate_prompt":"","seoaic_article_description":"","_supplier_stock_quantity":0},"product_brand":[],"product_model":[],"product_cat":[9390],"product_tag":[],"industry-terminology":[],"class_list":{"0":"post-55905","1":"product","2":"type-product","3":"status-publish","4":"has-post-thumbnail","6":"product_cat-takavaihtajat","8":"first","9":"instock","10":"taxable","11":"shipping-taxable","12":"purchasable","13":"product-type-simple"},"acf":{"bike_features":null,"overview":{"copy_overview":null,"key_features":null,"statement":"","youtube_url":""}},"yoast_head":"<!-- This site is optimized with the Yoast SEO plugin v27.3 - https:\/\/yoast.com\/product\/yoast-seo-wordpress\/ -->\n<title>SHIMANO ACERA Takavaihtaja RD-M3020-8 8\/7-vaihteinen - VM Sport<\/title>\n<meta name=\"robots\" content=\"index, follow, max-snippet:-1, max-image-preview:large, max-video-preview:-1\" \/>\n<link rel=\"canonical\" href=\"https:\/\/vmsport.fi\/sv\/webbutik\/reservdelar\/vaxellador\/bakre-vaxlar\/shimano-acera-bakvaxel-rd-m3020-8-8-7-vaxlar\/\" \/>\n<meta property=\"og:locale\" content=\"sv_SE\" \/>\n<meta property=\"og:type\" content=\"article\" \/>\n<meta property=\"og:title\" content=\"SHIMANO ACERA Takavaihtaja RD-M3020-8 8\/7-vaihteinen - VM Sport\" \/>\n<meta property=\"og:description\" content=\"SHIMANO ACERA Takavaihtaja RD-M3020-8 on erinomainen valinta py\u00f6r\u00e4ilij\u00f6ille, jotka arvostavat kest\u00e4vyytt\u00e4 ja luotettavuutta. T\u00e4m\u00e4 malli on yhteensopiva 7- ja 8-vaihteisten j\u00e4rjestelmien kanssa, mik\u00e4 tekee siit\u00e4 monik\u00e4ytt\u00f6isen vaihtoehdon erilaisiin maastotyyppeihin. Sen suuri kapasiteetti, 45 hampaan kapasiteetti, mahdollistaa sujuvat vaihteenvaihdot jopa jyrkiss\u00e4 maastoissa. Erityisesti vaativiin maasto-olosuhteisiin suunniteltu RD-M3020-8 tarjoaa varman suorituskyvyn, ja se on ihanteellinen valinta py\u00f6r\u00e4ilij\u00f6ille, [...]L\u00e4s mer \u2026 from SHIMANO ACERA Takavaihtaja RD-M3020-8 8\/7-vaihteinen\" \/>\n<meta property=\"og:url\" content=\"https:\/\/vmsport.fi\/sv\/webbutik\/reservdelar\/vaxellador\/bakre-vaxlar\/shimano-acera-bakvaxel-rd-m3020-8-8-7-vaxlar\/\" \/>\n<meta property=\"og:site_name\" content=\"VM Sport\" \/>\n<meta property=\"article:publisher\" content=\"https:\/\/www.facebook.com\/Vmsport.fi\/\" \/>\n<meta property=\"article:modified_time\" content=\"2026-04-02T13:45:35+00:00\" \/>\n<meta property=\"og:image\" content=\"https:\/\/vmsport.fi\/wp-content\/uploads\/2025\/03\/RD-M3020-8-shic6-primary-1-jpg-thumb-572-572-1.png\" \/>\n\t<meta property=\"og:image:width\" content=\"572\" \/>\n\t<meta property=\"og:image:height\" content=\"572\" \/>\n\t<meta property=\"og:image:type\" content=\"image\/png\" \/>\n<meta name=\"twitter:card\" content=\"summary_large_image\" \/>\n<script type=\"application\/ld+json\" class=\"yoast-schema-graph\">{\"@context\":\"https:\\\/\\\/schema.org\",\"@graph\":[{\"@type\":[\"WebPage\",\"ItemPage\"],\"@id\":\"https:\\\/\\\/vmsport.fi\\\/verkkokauppa\\\/varaosat\\\/vaihteistot\\\/takavaihtajat\\\/shimano-acera-takavaihtaja-rd-m3020-8-8-7-vaihteinen\\\/\",\"url\":\"https:\\\/\\\/vmsport.fi\\\/verkkokauppa\\\/varaosat\\\/vaihteistot\\\/takavaihtajat\\\/shimano-acera-takavaihtaja-rd-m3020-8-8-7-vaihteinen\\\/\",\"name\":\"SHIMANO ACERA Takavaihtaja RD-M3020-8 8\\\/7-vaihteinen - VM Sport\",\"isPartOf\":{\"@id\":\"https:\\\/\\\/vmsport.fi\\\/#website\"},\"primaryImageOfPage\":{\"@id\":\"https:\\\/\\\/vmsport.fi\\\/verkkokauppa\\\/varaosat\\\/vaihteistot\\\/takavaihtajat\\\/shimano-acera-takavaihtaja-rd-m3020-8-8-7-vaihteinen\\\/#primaryimage\"},\"image\":{\"@id\":\"https:\\\/\\\/vmsport.fi\\\/verkkokauppa\\\/varaosat\\\/vaihteistot\\\/takavaihtajat\\\/shimano-acera-takavaihtaja-rd-m3020-8-8-7-vaihteinen\\\/#primaryimage\"},\"thumbnailUrl\":\"https:\\\/\\\/vmsport.fi\\\/wp-content\\\/uploads\\\/2025\\\/03\\\/RD-M3020-8-shic6-primary-1-jpg-thumb-572-572-1.png\",\"datePublished\":\"2025-03-05T22:13:25+00:00\",\"dateModified\":\"2026-04-02T13:45:35+00:00\",\"breadcrumb\":{\"@id\":\"https:\\\/\\\/vmsport.fi\\\/verkkokauppa\\\/varaosat\\\/vaihteistot\\\/takavaihtajat\\\/shimano-acera-takavaihtaja-rd-m3020-8-8-7-vaihteinen\\\/#breadcrumb\"},\"inLanguage\":\"sv-SE\",\"potentialAction\":[{\"@type\":\"ReadAction\",\"target\":[\"https:\\\/\\\/vmsport.fi\\\/verkkokauppa\\\/varaosat\\\/vaihteistot\\\/takavaihtajat\\\/shimano-acera-takavaihtaja-rd-m3020-8-8-7-vaihteinen\\\/\"]}]},{\"@type\":\"ImageObject\",\"inLanguage\":\"sv-SE\",\"@id\":\"https:\\\/\\\/vmsport.fi\\\/verkkokauppa\\\/varaosat\\\/vaihteistot\\\/takavaihtajat\\\/shimano-acera-takavaihtaja-rd-m3020-8-8-7-vaihteinen\\\/#primaryimage\",\"url\":\"https:\\\/\\\/vmsport.fi\\\/wp-content\\\/uploads\\\/2025\\\/03\\\/RD-M3020-8-shic6-primary-1-jpg-thumb-572-572-1.png\",\"contentUrl\":\"https:\\\/\\\/vmsport.fi\\\/wp-content\\\/uploads\\\/2025\\\/03\\\/RD-M3020-8-shic6-primary-1-jpg-thumb-572-572-1.png\",\"width\":572,\"height\":572,\"caption\":\"RD-M3020-8-shic6-primary-1-jpg-thumb-572-572\"},{\"@type\":\"BreadcrumbList\",\"@id\":\"https:\\\/\\\/vmsport.fi\\\/verkkokauppa\\\/varaosat\\\/vaihteistot\\\/takavaihtajat\\\/shimano-acera-takavaihtaja-rd-m3020-8-8-7-vaihteinen\\\/#breadcrumb\",\"itemListElement\":[{\"@type\":\"ListItem\",\"position\":1,\"name\":\"Etusivu\",\"item\":\"https:\\\/\\\/vmsport.fi\\\/\"},{\"@type\":\"ListItem\",\"position\":2,\"name\":\"Online Store\",\"item\":\"https:\\\/\\\/vmsport.fi\\\/en\\\/online-store\\\/\"},{\"@type\":\"ListItem\",\"position\":3,\"name\":\"SHIMANO ACERA Takavaihtaja RD-M3020-8 8\\\/7-vaihteinen\"}]},{\"@type\":\"WebSite\",\"@id\":\"https:\\\/\\\/vmsport.fi\\\/#website\",\"url\":\"https:\\\/\\\/vmsport.fi\\\/\",\"name\":\"Vmsport\",\"description\":\"Kaikki py\u00f6r\u00e4ilyyn yhdest\u00e4 paikasta\",\"publisher\":{\"@id\":\"https:\\\/\\\/vmsport.fi\\\/#organization\"},\"potentialAction\":[{\"@type\":\"SearchAction\",\"target\":{\"@type\":\"EntryPoint\",\"urlTemplate\":\"https:\\\/\\\/vmsport.fi\\\/?s={search_term_string}\"},\"query-input\":{\"@type\":\"PropertyValueSpecification\",\"valueRequired\":true,\"valueName\":\"search_term_string\"}}],\"inLanguage\":\"sv-SE\"},{\"@type\":\"Organization\",\"@id\":\"https:\\\/\\\/vmsport.fi\\\/#organization\",\"name\":\"Vmsport\",\"url\":\"https:\\\/\\\/vmsport.fi\\\/\",\"logo\":{\"@type\":\"ImageObject\",\"inLanguage\":\"sv-SE\",\"@id\":\"https:\\\/\\\/vmsport.fi\\\/#\\\/schema\\\/logo\\\/image\\\/\",\"url\":\"https:\\\/\\\/vmsport.fi\\\/wp-content\\\/uploads\\\/2024\\\/12\\\/vm_sport_RGB_horisontal-e1734526017575.png\",\"contentUrl\":\"https:\\\/\\\/vmsport.fi\\\/wp-content\\\/uploads\\\/2024\\\/12\\\/vm_sport_RGB_horisontal-e1734526017575.png\",\"width\":668,\"height\":85,\"caption\":\"Vmsport\"},\"image\":{\"@id\":\"https:\\\/\\\/vmsport.fi\\\/#\\\/schema\\\/logo\\\/image\\\/\"},\"sameAs\":[\"https:\\\/\\\/www.facebook.com\\\/Vmsport.fi\\\/\",\"https:\\\/\\\/www.instagram.com\\\/vmsport\\\/\"]}]}<\/script>\n<!-- \/ Yoast SEO plugin. -->","yoast_head_json":{"title":"SHIMANO ACERA bakv\u00e4xel RD-M3020-8 8\/7 v\u00e4xlar - VM Sport","robots":{"index":"index","follow":"follow","max-snippet":"max-snippet:-1","max-image-preview":"max-image-preview:large","max-video-preview":"max-video-preview:-1"},"canonical":"https:\/\/vmsport.fi\/sv\/webbutik\/reservdelar\/vaxellador\/bakre-vaxlar\/shimano-acera-bakvaxel-rd-m3020-8-8-7-vaxlar\/","og_locale":"sv_SE","og_type":"article","og_title":"SHIMANO ACERA Takavaihtaja RD-M3020-8 8\/7-vaihteinen - VM Sport","og_description":"SHIMANO ACERA Takavaihtaja RD-M3020-8 on erinomainen valinta py\u00f6r\u00e4ilij\u00f6ille, jotka arvostavat kest\u00e4vyytt\u00e4 ja luotettavuutta. T\u00e4m\u00e4 malli on yhteensopiva 7- ja 8-vaihteisten j\u00e4rjestelmien kanssa, mik\u00e4 tekee siit\u00e4 monik\u00e4ytt\u00f6isen vaihtoehdon erilaisiin maastotyyppeihin. Sen suuri kapasiteetti, 45 hampaan kapasiteetti, mahdollistaa sujuvat vaihteenvaihdot jopa jyrkiss\u00e4 maastoissa. Erityisesti vaativiin maasto-olosuhteisiin suunniteltu RD-M3020-8 tarjoaa varman suorituskyvyn, ja se on ihanteellinen valinta py\u00f6r\u00e4ilij\u00f6ille, [...]L\u00e4s mer \u2026 from SHIMANO ACERA Takavaihtaja RD-M3020-8 8\/7-vaihteinen","og_url":"https:\/\/vmsport.fi\/sv\/webbutik\/reservdelar\/vaxellador\/bakre-vaxlar\/shimano-acera-bakvaxel-rd-m3020-8-8-7-vaxlar\/","og_site_name":"VM Sport","article_publisher":"https:\/\/www.facebook.com\/Vmsport.fi\/","article_modified_time":"2026-04-02T13:45:35+00:00","og_image":[{"width":572,"height":572,"url":"https:\/\/vmsport.fi\/wp-content\/uploads\/2025\/03\/RD-M3020-8-shic6-primary-1-jpg-thumb-572-572-1.png","type":"image\/png"}],"twitter_card":"summary_large_image","schema":{"@context":"https:\/\/schema.org","@graph":[{"@type":["WebPage","ItemPage"],"@id":"https:\/\/vmsport.fi\/verkkokauppa\/varaosat\/vaihteistot\/takavaihtajat\/shimano-acera-takavaihtaja-rd-m3020-8-8-7-vaihteinen\/","url":"https:\/\/vmsport.fi\/verkkokauppa\/varaosat\/vaihteistot\/takavaihtajat\/shimano-acera-takavaihtaja-rd-m3020-8-8-7-vaihteinen\/","name":"SHIMANO ACERA bakv\u00e4xel RD-M3020-8 8\/7 v\u00e4xlar - VM Sport","isPartOf":{"@id":"https:\/\/vmsport.fi\/#website"},"primaryImageOfPage":{"@id":"https:\/\/vmsport.fi\/verkkokauppa\/varaosat\/vaihteistot\/takavaihtajat\/shimano-acera-takavaihtaja-rd-m3020-8-8-7-vaihteinen\/#primaryimage"},"image":{"@id":"https:\/\/vmsport.fi\/verkkokauppa\/varaosat\/vaihteistot\/takavaihtajat\/shimano-acera-takavaihtaja-rd-m3020-8-8-7-vaihteinen\/#primaryimage"},"thumbnailUrl":"https:\/\/vmsport.fi\/wp-content\/uploads\/2025\/03\/RD-M3020-8-shic6-primary-1-jpg-thumb-572-572-1.png","datePublished":"2025-03-05T22:13:25+00:00","dateModified":"2026-04-02T13:45:35+00:00","breadcrumb":{"@id":"https:\/\/vmsport.fi\/verkkokauppa\/varaosat\/vaihteistot\/takavaihtajat\/shimano-acera-takavaihtaja-rd-m3020-8-8-7-vaihteinen\/#breadcrumb"},"inLanguage":"sv-SE","potentialAction":[{"@type":"ReadAction","target":["https:\/\/vmsport.fi\/verkkokauppa\/varaosat\/vaihteistot\/takavaihtajat\/shimano-acera-takavaihtaja-rd-m3020-8-8-7-vaihteinen\/"]}]},{"@type":"ImageObject","inLanguage":"sv-SE","@id":"https:\/\/vmsport.fi\/verkkokauppa\/varaosat\/vaihteistot\/takavaihtajat\/shimano-acera-takavaihtaja-rd-m3020-8-8-7-vaihteinen\/#primaryimage","url":"https:\/\/vmsport.fi\/wp-content\/uploads\/2025\/03\/RD-M3020-8-shic6-primary-1-jpg-thumb-572-572-1.png","contentUrl":"https:\/\/vmsport.fi\/wp-content\/uploads\/2025\/03\/RD-M3020-8-shic6-primary-1-jpg-thumb-572-572-1.png","width":572,"height":572,"caption":"RD-M3020-8-shic6-primary-1-jpg-thumb-572-572"},{"@type":"BreadcrumbList","@id":"https:\/\/vmsport.fi\/verkkokauppa\/varaosat\/vaihteistot\/takavaihtajat\/shimano-acera-takavaihtaja-rd-m3020-8-8-7-vaihteinen\/#breadcrumb","itemListElement":[{"@type":"ListItem","position":1,"name":"Etusivu","item":"https:\/\/vmsport.fi\/"},{"@type":"ListItem","position":2,"name":"Online Store","item":"https:\/\/vmsport.fi\/en\/online-store\/"},{"@type":"ListItem","position":3,"name":"SHIMANO ACERA Takavaihtaja RD-M3020-8 8\/7-vaihteinen"}]},{"@type":"WebSite","@id":"https:\/\/vmsport.fi\/#website","url":"https:\/\/vmsport.fi\/","name":"Vmsport","description":"Allt p\u00e5 ett st\u00e4lle f\u00f6r cykling","publisher":{"@id":"https:\/\/vmsport.fi\/#organization"},"potentialAction":[{"@type":"SearchAction","target":{"@type":"EntryPoint","urlTemplate":"https:\/\/vmsport.fi\/?s={search_term_string}"},"query-input":{"@type":"PropertyValueSpecification","valueRequired":true,"valueName":"search_term_string"}}],"inLanguage":"sv-SE"},{"@type":"Organization","@id":"https:\/\/vmsport.fi\/#organization","name":"Vmsport","url":"https:\/\/vmsport.fi\/","logo":{"@type":"ImageObject","inLanguage":"sv-SE","@id":"https:\/\/vmsport.fi\/#\/schema\/logo\/image\/","url":"https:\/\/vmsport.fi\/wp-content\/uploads\/2024\/12\/vm_sport_RGB_horisontal-e1734526017575.png","contentUrl":"https:\/\/vmsport.fi\/wp-content\/uploads\/2024\/12\/vm_sport_RGB_horisontal-e1734526017575.png","width":668,"height":85,"caption":"Vmsport"},"image":{"@id":"https:\/\/vmsport.fi\/#\/schema\/logo\/image\/"},"sameAs":["https:\/\/www.facebook.com\/Vmsport.fi\/","https:\/\/www.instagram.com\/vmsport\/"]}]}},"global_unique_id":"","_links":{"self":[{"href":"https:\/\/vmsport.fi\/sv\/wp-json\/wp\/v2\/product\/55905","targetHints":{"allow":["GET"]}}],"collection":[{"href":"https:\/\/vmsport.fi\/sv\/wp-json\/wp\/v2\/product"}],"about":[{"href":"https:\/\/vmsport.fi\/sv\/wp-json\/wp\/v2\/types\/product"}],"replies":[{"embeddable":true,"href":"https:\/\/vmsport.fi\/sv\/wp-json\/wp\/v2\/comments?post=55905"}],"wp:featuredmedia":[{"embeddable":true,"href":"https:\/\/vmsport.fi\/sv\/wp-json\/wp\/v2\/media\/55904"}],"wp:attachment":[{"href":"https:\/\/vmsport.fi\/sv\/wp-json\/wp\/v2\/media?parent=55905"}],"wp:term":[{"taxonomy":"product_brand","embeddable":true,"href":"https:\/\/vmsport.fi\/sv\/wp-json\/wp\/v2\/product_brand?post=55905"},{"taxonomy":"product_model","embeddable":true,"href":"https:\/\/vmsport.fi\/sv\/wp-json\/wp\/v2\/product_model?post=55905"},{"taxonomy":"product_cat","embeddable":true,"href":"https:\/\/vmsport.fi\/sv\/wp-json\/wp\/v2\/product_cat?post=55905"},{"taxonomy":"product_tag","embeddable":true,"href":"https:\/\/vmsport.fi\/sv\/wp-json\/wp\/v2\/product_tag?post=55905"},{"taxonomy":"industry_terminology","embeddable":true,"href":"https:\/\/vmsport.fi\/sv\/wp-json\/wp\/v2\/industry-terminology?post=55905"}],"curies":[{"name":"wp","href":"https:\/\/api.w.org\/{rel}","templated":true}]}}