{"id":55903,"date":"2025-03-06T00:13:24","date_gmt":"2025-03-05T22:13:24","guid":{"rendered":"https:\/\/vmsport.fi\/verkkokauppa\/Ei-luokiteltu\/kupolimutteri-m9\/"},"modified":"2026-04-22T15:08:59","modified_gmt":"2026-04-22T12:08:59","slug":"kupolmutter-m9","status":"publish","type":"product","link":"https:\/\/vmsport.fi\/sv\/verkkokauppa\/varaosat\/kiekot-ja-navat\/irtopyorat-ja-osat\/kupolimutteri-m9\/","title":{"rendered":"Kupolmutter M9"},"content":{"rendered":"<p>M9 kupolmutter \u00e4r ett m\u00e5ngsidigt och h\u00e5llbart f\u00e4stelement som \u00e4r idealiskt f\u00f6r en m\u00e4ngd olika tekniska konstruktioner. Den robusta konstruktionen, som \u00e4r motst\u00e5ndskraftig mot slitage och korrosion, g\u00f6r den till det perfekta valet f\u00f6r b\u00e5de proffs och g\u00f6r-det-sj\u00e4lventusiaster. Kupolmuttern ger en snygg och skyddande finish som f\u00f6rb\u00e4ttrar b\u00e5de utseende och s\u00e4kerhet. Den h\u00e4r muttern ger en p\u00e5litlig och stark fog som klarar kr\u00e4vande f\u00f6rh\u00e5llanden.<\/p>","protected":false},"excerpt":{"rendered":"<p>Kupolimutteri M9 on monik\u00e4ytt\u00f6inen ja kest\u00e4v\u00e4 kiinnitystarvike, joka soveltuu erinomaisesti monenlaisiin teknisiin rakenteisiin. Sen tukevasti tehty rakenne, joka kest\u00e4\u00e4 kulumista ja korroosiota, tekee siit\u00e4 ihanteellisen valinnan sek\u00e4 ammattilaisille ett\u00e4 tee-se-itse -harrastajille. Kupolimutteri tarjoaa siistin ja suojaavan viimeistelyn, mik\u00e4 parantaa sek\u00e4 ulkon\u00e4k\u00f6\u00e4 ett\u00e4 turvallisuutta. T\u00e4m\u00e4n mutterin avulla saavutetaan luotettava ja pit\u00e4v\u00e4 liitos, joka kest\u00e4\u00e4 vaativissakin olosuhteissa. [&#8230;]<\/p>\n<p><a class=\"btn btn-secondary understrap-read-more-link\" href=\"https:\/\/vmsport.fi\/sv\/verkkokauppa\/varaosat\/kiekot-ja-navat\/irtopyorat-ja-osat\/kupolimutteri-m9\/\">L\u00e4s mer \u2026<span class=\"screen-reader-text\"> from Kupolimutteri M9<\/span><\/a><\/p>\n","protected":false},"featured_media":55902,"comment_status":"open","ping_status":"closed","template":"","meta":{"_acf_changed":false,"_improvement_type_select":"improve_an_existing","_thumb_yes_seoaic":false,"_frame_yes_seoaic":false,"seoaic_generate_description":"","seoaic_improve_instructions_prompt":"","seoaic_rollback_content_improvement":"","seoaic_idea_thumbnail_generator":"","thumbnail_generated":false,"thumbnail_generate_prompt":"","seoaic_article_description":"","_supplier_stock_quantity":0},"product_brand":[],"product_model":[],"product_cat":[9302],"product_tag":[],"industry-terminology":[],"class_list":{"0":"post-55903","1":"product","2":"type-product","3":"status-publish","4":"has-post-thumbnail","6":"product_cat-irtopyorat-ja-osat","8":"first","9":"outofstock","10":"taxable","11":"shipping-taxable","12":"product-type-simple"},"acf":{"bike_features":null,"overview":{"copy_overview":null,"key_features":null,"statement":"","youtube_url":""}},"yoast_head":"<!-- This site is optimized with the Yoast SEO plugin v27.4 - https:\/\/yoast.com\/product\/yoast-seo-wordpress\/ -->\n<title>Kupolimutteri M9 - VM Sport<\/title>\n<meta name=\"robots\" content=\"index, follow, max-snippet:-1, max-image-preview:large, max-video-preview:-1\" \/>\n<link rel=\"canonical\" href=\"https:\/\/vmsport.fi\/sv\/webbutik\/reservdelar\/skivor-och-nav\/losa-ror-och-delar\/kupolmutter-m9\/\" \/>\n<meta property=\"og:locale\" content=\"sv_SE\" \/>\n<meta property=\"og:type\" content=\"article\" \/>\n<meta property=\"og:title\" content=\"Kupolimutteri M9 - VM Sport\" \/>\n<meta property=\"og:description\" content=\"Kupolimutteri M9 on monik\u00e4ytt\u00f6inen ja kest\u00e4v\u00e4 kiinnitystarvike, joka soveltuu erinomaisesti monenlaisiin teknisiin rakenteisiin. Sen tukevasti tehty rakenne, joka kest\u00e4\u00e4 kulumista ja korroosiota, tekee siit\u00e4 ihanteellisen valinnan sek\u00e4 ammattilaisille ett\u00e4 tee-se-itse -harrastajille. Kupolimutteri tarjoaa siistin ja suojaavan viimeistelyn, mik\u00e4 parantaa sek\u00e4 ulkon\u00e4k\u00f6\u00e4 ett\u00e4 turvallisuutta. T\u00e4m\u00e4n mutterin avulla saavutetaan luotettava ja pit\u00e4v\u00e4 liitos, joka kest\u00e4\u00e4 vaativissakin olosuhteissa. [...]L\u00e4s mer \u2026 from Kupolimutteri M9\" \/>\n<meta property=\"og:url\" content=\"https:\/\/vmsport.fi\/sv\/webbutik\/reservdelar\/skivor-och-nav\/losa-ror-och-delar\/kupolmutter-m9\/\" \/>\n<meta property=\"og:site_name\" content=\"VM Sport\" \/>\n<meta property=\"article:publisher\" content=\"https:\/\/www.facebook.com\/Vmsport.fi\/\" \/>\n<meta property=\"article:modified_time\" content=\"2026-04-22T12:08:59+00:00\" \/>\n<meta property=\"og:image\" content=\"https:\/\/vmsport.fi\/wp-content\/uploads\/2025\/03\/rWNnW90gWqMlqftjeLFTZBFPirXN7QOaafL93wr7BStkkzvUfI-1.jpg\" \/>\n\t<meta property=\"og:image:width\" content=\"600\" \/>\n\t<meta property=\"og:image:height\" content=\"600\" \/>\n\t<meta property=\"og:image:type\" content=\"image\/jpeg\" \/>\n<meta name=\"twitter:card\" content=\"summary_large_image\" \/>\n<script type=\"application\/ld+json\" class=\"yoast-schema-graph\">{\"@context\":\"https:\\\/\\\/schema.org\",\"@graph\":[{\"@type\":[\"WebPage\",\"ItemPage\"],\"@id\":\"https:\\\/\\\/vmsport.fi\\\/verkkokauppa\\\/varaosat\\\/kiekot-ja-navat\\\/irtopyorat-ja-osat\\\/kupolimutteri-m9\\\/\",\"url\":\"https:\\\/\\\/vmsport.fi\\\/verkkokauppa\\\/varaosat\\\/kiekot-ja-navat\\\/irtopyorat-ja-osat\\\/kupolimutteri-m9\\\/\",\"name\":\"Kupolimutteri M9 - VM Sport\",\"isPartOf\":{\"@id\":\"https:\\\/\\\/vmsport.fi\\\/#website\"},\"primaryImageOfPage\":{\"@id\":\"https:\\\/\\\/vmsport.fi\\\/verkkokauppa\\\/varaosat\\\/kiekot-ja-navat\\\/irtopyorat-ja-osat\\\/kupolimutteri-m9\\\/#primaryimage\"},\"image\":{\"@id\":\"https:\\\/\\\/vmsport.fi\\\/verkkokauppa\\\/varaosat\\\/kiekot-ja-navat\\\/irtopyorat-ja-osat\\\/kupolimutteri-m9\\\/#primaryimage\"},\"thumbnailUrl\":\"https:\\\/\\\/vmsport.fi\\\/wp-content\\\/uploads\\\/2025\\\/03\\\/rWNnW90gWqMlqftjeLFTZBFPirXN7QOaafL93wr7BStkkzvUfI-1.jpg\",\"datePublished\":\"2025-03-05T22:13:24+00:00\",\"dateModified\":\"2026-04-22T12:08:59+00:00\",\"breadcrumb\":{\"@id\":\"https:\\\/\\\/vmsport.fi\\\/verkkokauppa\\\/varaosat\\\/kiekot-ja-navat\\\/irtopyorat-ja-osat\\\/kupolimutteri-m9\\\/#breadcrumb\"},\"inLanguage\":\"sv-SE\",\"potentialAction\":[{\"@type\":\"ReadAction\",\"target\":[\"https:\\\/\\\/vmsport.fi\\\/verkkokauppa\\\/varaosat\\\/kiekot-ja-navat\\\/irtopyorat-ja-osat\\\/kupolimutteri-m9\\\/\"]}]},{\"@type\":\"ImageObject\",\"inLanguage\":\"sv-SE\",\"@id\":\"https:\\\/\\\/vmsport.fi\\\/verkkokauppa\\\/varaosat\\\/kiekot-ja-navat\\\/irtopyorat-ja-osat\\\/kupolimutteri-m9\\\/#primaryimage\",\"url\":\"https:\\\/\\\/vmsport.fi\\\/wp-content\\\/uploads\\\/2025\\\/03\\\/rWNnW90gWqMlqftjeLFTZBFPirXN7QOaafL93wr7BStkkzvUfI-1.jpg\",\"contentUrl\":\"https:\\\/\\\/vmsport.fi\\\/wp-content\\\/uploads\\\/2025\\\/03\\\/rWNnW90gWqMlqftjeLFTZBFPirXN7QOaafL93wr7BStkkzvUfI-1.jpg\",\"width\":600,\"height\":600,\"caption\":\"rWNnW90gWqMlqftjeLFTZBFPirXN7QOaafL93wr7BStkkzvUfI\"},{\"@type\":\"BreadcrumbList\",\"@id\":\"https:\\\/\\\/vmsport.fi\\\/verkkokauppa\\\/varaosat\\\/kiekot-ja-navat\\\/irtopyorat-ja-osat\\\/kupolimutteri-m9\\\/#breadcrumb\",\"itemListElement\":[{\"@type\":\"ListItem\",\"position\":1,\"name\":\"Etusivu\",\"item\":\"https:\\\/\\\/vmsport.fi\\\/\"},{\"@type\":\"ListItem\",\"position\":2,\"name\":\"Online Store\",\"item\":\"https:\\\/\\\/vmsport.fi\\\/en\\\/online-store\\\/\"},{\"@type\":\"ListItem\",\"position\":3,\"name\":\"Kupolimutteri M9\"}]},{\"@type\":\"WebSite\",\"@id\":\"https:\\\/\\\/vmsport.fi\\\/#website\",\"url\":\"https:\\\/\\\/vmsport.fi\\\/\",\"name\":\"Vmsport\",\"description\":\"Kaikki py\u00f6r\u00e4ilyyn yhdest\u00e4 paikasta\",\"publisher\":{\"@id\":\"https:\\\/\\\/vmsport.fi\\\/#organization\"},\"potentialAction\":[{\"@type\":\"SearchAction\",\"target\":{\"@type\":\"EntryPoint\",\"urlTemplate\":\"https:\\\/\\\/vmsport.fi\\\/?s={search_term_string}\"},\"query-input\":{\"@type\":\"PropertyValueSpecification\",\"valueRequired\":true,\"valueName\":\"search_term_string\"}}],\"inLanguage\":\"sv-SE\"},{\"@type\":\"Organization\",\"@id\":\"https:\\\/\\\/vmsport.fi\\\/#organization\",\"name\":\"Vmsport\",\"url\":\"https:\\\/\\\/vmsport.fi\\\/\",\"logo\":{\"@type\":\"ImageObject\",\"inLanguage\":\"sv-SE\",\"@id\":\"https:\\\/\\\/vmsport.fi\\\/#\\\/schema\\\/logo\\\/image\\\/\",\"url\":\"https:\\\/\\\/vmsport.fi\\\/wp-content\\\/uploads\\\/2024\\\/12\\\/vm_sport_RGB_horisontal-e1734526017575.png\",\"contentUrl\":\"https:\\\/\\\/vmsport.fi\\\/wp-content\\\/uploads\\\/2024\\\/12\\\/vm_sport_RGB_horisontal-e1734526017575.png\",\"width\":668,\"height\":85,\"caption\":\"Vmsport\"},\"image\":{\"@id\":\"https:\\\/\\\/vmsport.fi\\\/#\\\/schema\\\/logo\\\/image\\\/\"},\"sameAs\":[\"https:\\\/\\\/www.facebook.com\\\/Vmsport.fi\\\/\",\"https:\\\/\\\/www.instagram.com\\\/vmsport\\\/\"]}]}<\/script>\n<!-- \/ Yoast SEO plugin. -->","yoast_head_json":{"title":"Kopplingsmutter M9 - VM Sport","robots":{"index":"index","follow":"follow","max-snippet":"max-snippet:-1","max-image-preview":"max-image-preview:large","max-video-preview":"max-video-preview:-1"},"canonical":"https:\/\/vmsport.fi\/sv\/webbutik\/reservdelar\/skivor-och-nav\/losa-ror-och-delar\/kupolmutter-m9\/","og_locale":"sv_SE","og_type":"article","og_title":"Kupolimutteri M9 - VM Sport","og_description":"Kupolimutteri M9 on monik\u00e4ytt\u00f6inen ja kest\u00e4v\u00e4 kiinnitystarvike, joka soveltuu erinomaisesti monenlaisiin teknisiin rakenteisiin. Sen tukevasti tehty rakenne, joka kest\u00e4\u00e4 kulumista ja korroosiota, tekee siit\u00e4 ihanteellisen valinnan sek\u00e4 ammattilaisille ett\u00e4 tee-se-itse -harrastajille. Kupolimutteri tarjoaa siistin ja suojaavan viimeistelyn, mik\u00e4 parantaa sek\u00e4 ulkon\u00e4k\u00f6\u00e4 ett\u00e4 turvallisuutta. T\u00e4m\u00e4n mutterin avulla saavutetaan luotettava ja pit\u00e4v\u00e4 liitos, joka kest\u00e4\u00e4 vaativissakin olosuhteissa. [...]L\u00e4s mer \u2026 from Kupolimutteri M9","og_url":"https:\/\/vmsport.fi\/sv\/webbutik\/reservdelar\/skivor-och-nav\/losa-ror-och-delar\/kupolmutter-m9\/","og_site_name":"VM Sport","article_publisher":"https:\/\/www.facebook.com\/Vmsport.fi\/","article_modified_time":"2026-04-22T12:08:59+00:00","og_image":[{"width":600,"height":600,"url":"https:\/\/vmsport.fi\/wp-content\/uploads\/2025\/03\/rWNnW90gWqMlqftjeLFTZBFPirXN7QOaafL93wr7BStkkzvUfI-1.jpg","type":"image\/jpeg"}],"twitter_card":"summary_large_image","schema":{"@context":"https:\/\/schema.org","@graph":[{"@type":["WebPage","ItemPage"],"@id":"https:\/\/vmsport.fi\/verkkokauppa\/varaosat\/kiekot-ja-navat\/irtopyorat-ja-osat\/kupolimutteri-m9\/","url":"https:\/\/vmsport.fi\/verkkokauppa\/varaosat\/kiekot-ja-navat\/irtopyorat-ja-osat\/kupolimutteri-m9\/","name":"Kopplingsmutter M9 - VM Sport","isPartOf":{"@id":"https:\/\/vmsport.fi\/#website"},"primaryImageOfPage":{"@id":"https:\/\/vmsport.fi\/verkkokauppa\/varaosat\/kiekot-ja-navat\/irtopyorat-ja-osat\/kupolimutteri-m9\/#primaryimage"},"image":{"@id":"https:\/\/vmsport.fi\/verkkokauppa\/varaosat\/kiekot-ja-navat\/irtopyorat-ja-osat\/kupolimutteri-m9\/#primaryimage"},"thumbnailUrl":"https:\/\/vmsport.fi\/wp-content\/uploads\/2025\/03\/rWNnW90gWqMlqftjeLFTZBFPirXN7QOaafL93wr7BStkkzvUfI-1.jpg","datePublished":"2025-03-05T22:13:24+00:00","dateModified":"2026-04-22T12:08:59+00:00","breadcrumb":{"@id":"https:\/\/vmsport.fi\/verkkokauppa\/varaosat\/kiekot-ja-navat\/irtopyorat-ja-osat\/kupolimutteri-m9\/#breadcrumb"},"inLanguage":"sv-SE","potentialAction":[{"@type":"ReadAction","target":["https:\/\/vmsport.fi\/verkkokauppa\/varaosat\/kiekot-ja-navat\/irtopyorat-ja-osat\/kupolimutteri-m9\/"]}]},{"@type":"ImageObject","inLanguage":"sv-SE","@id":"https:\/\/vmsport.fi\/verkkokauppa\/varaosat\/kiekot-ja-navat\/irtopyorat-ja-osat\/kupolimutteri-m9\/#primaryimage","url":"https:\/\/vmsport.fi\/wp-content\/uploads\/2025\/03\/rWNnW90gWqMlqftjeLFTZBFPirXN7QOaafL93wr7BStkkzvUfI-1.jpg","contentUrl":"https:\/\/vmsport.fi\/wp-content\/uploads\/2025\/03\/rWNnW90gWqMlqftjeLFTZBFPirXN7QOaafL93wr7BStkkzvUfI-1.jpg","width":600,"height":600,"caption":"rWNnW90gWqMlqftjeLFTZBFPirXN7QOaafL93wr7BStkkzvUfI"},{"@type":"BreadcrumbList","@id":"https:\/\/vmsport.fi\/verkkokauppa\/varaosat\/kiekot-ja-navat\/irtopyorat-ja-osat\/kupolimutteri-m9\/#breadcrumb","itemListElement":[{"@type":"ListItem","position":1,"name":"Etusivu","item":"https:\/\/vmsport.fi\/"},{"@type":"ListItem","position":2,"name":"Online Store","item":"https:\/\/vmsport.fi\/en\/online-store\/"},{"@type":"ListItem","position":3,"name":"Kupolimutteri M9"}]},{"@type":"WebSite","@id":"https:\/\/vmsport.fi\/#website","url":"https:\/\/vmsport.fi\/","name":"Vmsport","description":"Allt p\u00e5 ett st\u00e4lle f\u00f6r cykling","publisher":{"@id":"https:\/\/vmsport.fi\/#organization"},"potentialAction":[{"@type":"SearchAction","target":{"@type":"EntryPoint","urlTemplate":"https:\/\/vmsport.fi\/?s={search_term_string}"},"query-input":{"@type":"PropertyValueSpecification","valueRequired":true,"valueName":"search_term_string"}}],"inLanguage":"sv-SE"},{"@type":"Organization","@id":"https:\/\/vmsport.fi\/#organization","name":"Vmsport","url":"https:\/\/vmsport.fi\/","logo":{"@type":"ImageObject","inLanguage":"sv-SE","@id":"https:\/\/vmsport.fi\/#\/schema\/logo\/image\/","url":"https:\/\/vmsport.fi\/wp-content\/uploads\/2024\/12\/vm_sport_RGB_horisontal-e1734526017575.png","contentUrl":"https:\/\/vmsport.fi\/wp-content\/uploads\/2024\/12\/vm_sport_RGB_horisontal-e1734526017575.png","width":668,"height":85,"caption":"Vmsport"},"image":{"@id":"https:\/\/vmsport.fi\/#\/schema\/logo\/image\/"},"sameAs":["https:\/\/www.facebook.com\/Vmsport.fi\/","https:\/\/www.instagram.com\/vmsport\/"]}]}},"global_unique_id":"","_links":{"self":[{"href":"https:\/\/vmsport.fi\/sv\/wp-json\/wp\/v2\/product\/55903","targetHints":{"allow":["GET"]}}],"collection":[{"href":"https:\/\/vmsport.fi\/sv\/wp-json\/wp\/v2\/product"}],"about":[{"href":"https:\/\/vmsport.fi\/sv\/wp-json\/wp\/v2\/types\/product"}],"replies":[{"embeddable":true,"href":"https:\/\/vmsport.fi\/sv\/wp-json\/wp\/v2\/comments?post=55903"}],"wp:featuredmedia":[{"embeddable":true,"href":"https:\/\/vmsport.fi\/sv\/wp-json\/wp\/v2\/media\/55902"}],"wp:attachment":[{"href":"https:\/\/vmsport.fi\/sv\/wp-json\/wp\/v2\/media?parent=55903"}],"wp:term":[{"taxonomy":"product_brand","embeddable":true,"href":"https:\/\/vmsport.fi\/sv\/wp-json\/wp\/v2\/product_brand?post=55903"},{"taxonomy":"product_model","embeddable":true,"href":"https:\/\/vmsport.fi\/sv\/wp-json\/wp\/v2\/product_model?post=55903"},{"taxonomy":"product_cat","embeddable":true,"href":"https:\/\/vmsport.fi\/sv\/wp-json\/wp\/v2\/product_cat?post=55903"},{"taxonomy":"product_tag","embeddable":true,"href":"https:\/\/vmsport.fi\/sv\/wp-json\/wp\/v2\/product_tag?post=55903"},{"taxonomy":"industry_terminology","embeddable":true,"href":"https:\/\/vmsport.fi\/sv\/wp-json\/wp\/v2\/industry-terminology?post=55903"}],"curies":[{"name":"wp","href":"https:\/\/api.w.org\/{rel}","templated":true}]}}