{"id":55890,"date":"2025-03-06T00:13:13","date_gmt":"2025-03-05T22:13:13","guid":{"rendered":"https:\/\/vmsport.fi\/verkkokauppa\/Ei-luokiteltu\/muc-off-deep-scrubber-gloves-pink-size-m\/"},"modified":"2026-01-16T13:22:27","modified_gmt":"2026-01-16T11:22:27","slug":"muc-off-deep-scrubber-handskar-rosa-storlek-m","status":"publish","type":"product","link":"https:\/\/vmsport.fi\/sv\/verkkokauppa\/tarvikkeet\/huolto-ja-pesu\/puhdistustyokalut\/muc-off-deep-scrubber-gloves-pink-size-m\/","title":{"rendered":"MUC-OFF Deep Scrubber-handskar Rosa Storlek M"},"content":{"rendered":"<p>MUC-OFF Deep Scrubber Gloves \u00e4r en effektiv l\u00f6sning f\u00f6r att enkelt reng\u00f6ra sv\u00e5r\u00e5tkomliga omr\u00e5den p\u00e5 fordon. Handskarna \u00e4r tillverkade av slitstark och t\u00e5lig silikon f\u00f6r l\u00e5ngvarig och tillf\u00f6rlitlig anv\u00e4ndning och \u00e4r helt livsmedelss\u00e4kra, giftfria och milj\u00f6v\u00e4nliga. Flexibla borst p\u00e5 handflatan och fingrarna underl\u00e4ttar reng\u00f6ring av komplexa omr\u00e5den, medan den halkfria innerytan ger utm\u00e4rkt kontroll under reng\u00f6ringen. De \u00e4r idealiska f\u00f6r reng\u00f6ring av cyklar, motorcyklar och bilar. Handskarna \u00e4r v\u00e4rmet\u00e5liga upp till 230\u00b0C och kan enkelt reng\u00f6ras genom att sk\u00f6ljas med varmt vatten eller i tv\u00e4ttmaskin. Den ljusrosa f\u00e4rgen och storlek M ger stil \u00e5t reng\u00f6ringsrutinerna. F\u00f6r b\u00e4sta resultat, anv\u00e4nd l\u00e4mpligt reng\u00f6ringsmedel f\u00f6re reng\u00f6ring.<\/p>","protected":false},"excerpt":{"rendered":"<p>MUC-OFF Deep Scrubber Gloves -k\u00e4sineet tarjoavat tehokkaan ratkaisun vaikeap\u00e4\u00e4syisten alueiden puhdistamiseen ajoneuvoista vaivattomasti. Valmistettu kest\u00e4v\u00e4st\u00e4 ja lujasta silikonista, joka takaa pitk\u00e4aikaisen ja luotettavan k\u00e4yt\u00f6n, n\u00e4m\u00e4 k\u00e4sineet ovat t\u00e4ysin elintarviketurvallisia, myrkytt\u00f6mi\u00e4 ja ymp\u00e4rist\u00f6yst\u00e4v\u00e4llisi\u00e4. K\u00e4mmenen ja sormien joustavat harjakset tehostavat monimutkaisten kohteiden puhdistusta, ja liukumista est\u00e4v\u00e4 sis\u00e4pinta takaa erinomaisen hallinnan siivouksen aikana. Ne sopivat erinomaisesti polkupy\u00f6rien, moottoripy\u00f6rien [&#8230;]<\/p>\n<p><a class=\"btn btn-secondary understrap-read-more-link\" href=\"https:\/\/vmsport.fi\/sv\/verkkokauppa\/tarvikkeet\/huolto-ja-pesu\/puhdistustyokalut\/muc-off-deep-scrubber-gloves-pink-size-m\/\">L\u00e4s mer \u2026<span class=\"screen-reader-text\"> from MUC-OFF Deep Scrubber Gloves  Pink Size M<\/span><\/a><\/p>\n","protected":false},"featured_media":55889,"comment_status":"open","ping_status":"closed","template":"","meta":{"_acf_changed":false,"_improvement_type_select":"improve_an_existing","_thumb_yes_seoaic":false,"_frame_yes_seoaic":false,"seoaic_generate_description":"","seoaic_improve_instructions_prompt":"","seoaic_rollback_content_improvement":"","seoaic_idea_thumbnail_generator":"","thumbnail_generated":false,"thumbnail_generate_prompt":"","seoaic_article_description":"","_supplier_stock_quantity":0},"product_brand":[1584],"product_model":[],"product_cat":[9576],"product_tag":[],"industry-terminology":[],"class_list":{"0":"post-55890","1":"product","2":"type-product","3":"status-publish","4":"has-post-thumbnail","6":"product_brand-muc-off","7":"product_cat-puhdistustyokalut","9":"first","10":"instock","11":"taxable","12":"shipping-taxable","13":"purchasable","14":"product-type-simple"},"acf":{"bike_features":null,"overview":{"copy_overview":null,"key_features":null,"statement":"","youtube_url":""}},"yoast_head":"<!-- This site is optimized with the Yoast SEO plugin v27.3 - https:\/\/yoast.com\/product\/yoast-seo-wordpress\/ -->\n<title>MUC-OFF Deep Scrubber Gloves Pink Size M - VM Sport<\/title>\n<meta name=\"robots\" content=\"index, follow, max-snippet:-1, max-image-preview:large, max-video-preview:-1\" \/>\n<link rel=\"canonical\" href=\"https:\/\/vmsport.fi\/sv\/webbutik\/tillbehor\/underhall-och-tvatt\/rengoringsutrustning\/muc-off-deep-scrubber-handskar-rosa-storlek-m\/\" \/>\n<meta property=\"og:locale\" content=\"sv_SE\" \/>\n<meta property=\"og:type\" content=\"article\" \/>\n<meta property=\"og:title\" content=\"MUC-OFF Deep Scrubber Gloves Pink Size M - VM Sport\" \/>\n<meta property=\"og:description\" content=\"MUC-OFF Deep Scrubber Gloves -k\u00e4sineet tarjoavat tehokkaan ratkaisun vaikeap\u00e4\u00e4syisten alueiden puhdistamiseen ajoneuvoista vaivattomasti. Valmistettu kest\u00e4v\u00e4st\u00e4 ja lujasta silikonista, joka takaa pitk\u00e4aikaisen ja luotettavan k\u00e4yt\u00f6n, n\u00e4m\u00e4 k\u00e4sineet ovat t\u00e4ysin elintarviketurvallisia, myrkytt\u00f6mi\u00e4 ja ymp\u00e4rist\u00f6yst\u00e4v\u00e4llisi\u00e4. K\u00e4mmenen ja sormien joustavat harjakset tehostavat monimutkaisten kohteiden puhdistusta, ja liukumista est\u00e4v\u00e4 sis\u00e4pinta takaa erinomaisen hallinnan siivouksen aikana. Ne sopivat erinomaisesti polkupy\u00f6rien, moottoripy\u00f6rien [...]L\u00e4s mer \u2026 from MUC-OFF Deep Scrubber Gloves Pink Size M\" \/>\n<meta property=\"og:url\" content=\"https:\/\/vmsport.fi\/sv\/webbutik\/tillbehor\/underhall-och-tvatt\/rengoringsutrustning\/muc-off-deep-scrubber-handskar-rosa-storlek-m\/\" \/>\n<meta property=\"og:site_name\" content=\"VM Sport\" \/>\n<meta property=\"article:publisher\" content=\"https:\/\/www.facebook.com\/Vmsport.fi\/\" \/>\n<meta property=\"article:modified_time\" content=\"2026-01-16T11:22:27+00:00\" \/>\n<meta property=\"og:image\" content=\"https:\/\/vmsport.fi\/wp-content\/uploads\/2025\/03\/20405-large-1.jpg\" \/>\n\t<meta property=\"og:image:width\" content=\"1000\" \/>\n\t<meta property=\"og:image:height\" content=\"750\" \/>\n\t<meta property=\"og:image:type\" content=\"image\/jpeg\" \/>\n<meta name=\"twitter:card\" content=\"summary_large_image\" \/>\n<meta name=\"twitter:label1\" content=\"Ber\u00e4knad l\u00e4stid\" \/>\n\t<meta name=\"twitter:data1\" content=\"1 minut\" \/>\n<script type=\"application\/ld+json\" class=\"yoast-schema-graph\">{\"@context\":\"https:\\\/\\\/schema.org\",\"@graph\":[{\"@type\":[\"WebPage\",\"ItemPage\"],\"@id\":\"https:\\\/\\\/vmsport.fi\\\/verkkokauppa\\\/tarvikkeet\\\/huolto-ja-pesu\\\/puhdistustyokalut\\\/muc-off-deep-scrubber-gloves-pink-size-m\\\/\",\"url\":\"https:\\\/\\\/vmsport.fi\\\/verkkokauppa\\\/tarvikkeet\\\/huolto-ja-pesu\\\/puhdistustyokalut\\\/muc-off-deep-scrubber-gloves-pink-size-m\\\/\",\"name\":\"MUC-OFF Deep Scrubber Gloves Pink Size M - VM Sport\",\"isPartOf\":{\"@id\":\"https:\\\/\\\/vmsport.fi\\\/#website\"},\"primaryImageOfPage\":{\"@id\":\"https:\\\/\\\/vmsport.fi\\\/verkkokauppa\\\/tarvikkeet\\\/huolto-ja-pesu\\\/puhdistustyokalut\\\/muc-off-deep-scrubber-gloves-pink-size-m\\\/#primaryimage\"},\"image\":{\"@id\":\"https:\\\/\\\/vmsport.fi\\\/verkkokauppa\\\/tarvikkeet\\\/huolto-ja-pesu\\\/puhdistustyokalut\\\/muc-off-deep-scrubber-gloves-pink-size-m\\\/#primaryimage\"},\"thumbnailUrl\":\"https:\\\/\\\/vmsport.fi\\\/wp-content\\\/uploads\\\/2025\\\/03\\\/20405-large-1.jpg\",\"datePublished\":\"2025-03-05T22:13:13+00:00\",\"dateModified\":\"2026-01-16T11:22:27+00:00\",\"breadcrumb\":{\"@id\":\"https:\\\/\\\/vmsport.fi\\\/verkkokauppa\\\/tarvikkeet\\\/huolto-ja-pesu\\\/puhdistustyokalut\\\/muc-off-deep-scrubber-gloves-pink-size-m\\\/#breadcrumb\"},\"inLanguage\":\"sv-SE\",\"potentialAction\":[{\"@type\":\"ReadAction\",\"target\":[\"https:\\\/\\\/vmsport.fi\\\/verkkokauppa\\\/tarvikkeet\\\/huolto-ja-pesu\\\/puhdistustyokalut\\\/muc-off-deep-scrubber-gloves-pink-size-m\\\/\"]}]},{\"@type\":\"ImageObject\",\"inLanguage\":\"sv-SE\",\"@id\":\"https:\\\/\\\/vmsport.fi\\\/verkkokauppa\\\/tarvikkeet\\\/huolto-ja-pesu\\\/puhdistustyokalut\\\/muc-off-deep-scrubber-gloves-pink-size-m\\\/#primaryimage\",\"url\":\"https:\\\/\\\/vmsport.fi\\\/wp-content\\\/uploads\\\/2025\\\/03\\\/20405-large-1.jpg\",\"contentUrl\":\"https:\\\/\\\/vmsport.fi\\\/wp-content\\\/uploads\\\/2025\\\/03\\\/20405-large-1.jpg\",\"width\":1000,\"height\":750,\"caption\":\"20405-large\"},{\"@type\":\"BreadcrumbList\",\"@id\":\"https:\\\/\\\/vmsport.fi\\\/verkkokauppa\\\/tarvikkeet\\\/huolto-ja-pesu\\\/puhdistustyokalut\\\/muc-off-deep-scrubber-gloves-pink-size-m\\\/#breadcrumb\",\"itemListElement\":[{\"@type\":\"ListItem\",\"position\":1,\"name\":\"Etusivu\",\"item\":\"https:\\\/\\\/vmsport.fi\\\/\"},{\"@type\":\"ListItem\",\"position\":2,\"name\":\"Online Store\",\"item\":\"https:\\\/\\\/vmsport.fi\\\/en\\\/online-store\\\/\"},{\"@type\":\"ListItem\",\"position\":3,\"name\":\"MUC-OFF Deep Scrubber Gloves Pink Size M\"}]},{\"@type\":\"WebSite\",\"@id\":\"https:\\\/\\\/vmsport.fi\\\/#website\",\"url\":\"https:\\\/\\\/vmsport.fi\\\/\",\"name\":\"Vmsport\",\"description\":\"Kaikki py\u00f6r\u00e4ilyyn yhdest\u00e4 paikasta\",\"publisher\":{\"@id\":\"https:\\\/\\\/vmsport.fi\\\/#organization\"},\"potentialAction\":[{\"@type\":\"SearchAction\",\"target\":{\"@type\":\"EntryPoint\",\"urlTemplate\":\"https:\\\/\\\/vmsport.fi\\\/?s={search_term_string}\"},\"query-input\":{\"@type\":\"PropertyValueSpecification\",\"valueRequired\":true,\"valueName\":\"search_term_string\"}}],\"inLanguage\":\"sv-SE\"},{\"@type\":\"Organization\",\"@id\":\"https:\\\/\\\/vmsport.fi\\\/#organization\",\"name\":\"Vmsport\",\"url\":\"https:\\\/\\\/vmsport.fi\\\/\",\"logo\":{\"@type\":\"ImageObject\",\"inLanguage\":\"sv-SE\",\"@id\":\"https:\\\/\\\/vmsport.fi\\\/#\\\/schema\\\/logo\\\/image\\\/\",\"url\":\"https:\\\/\\\/vmsport.fi\\\/wp-content\\\/uploads\\\/2024\\\/12\\\/vm_sport_RGB_horisontal-e1734526017575.png\",\"contentUrl\":\"https:\\\/\\\/vmsport.fi\\\/wp-content\\\/uploads\\\/2024\\\/12\\\/vm_sport_RGB_horisontal-e1734526017575.png\",\"width\":668,\"height\":85,\"caption\":\"Vmsport\"},\"image\":{\"@id\":\"https:\\\/\\\/vmsport.fi\\\/#\\\/schema\\\/logo\\\/image\\\/\"},\"sameAs\":[\"https:\\\/\\\/www.facebook.com\\\/Vmsport.fi\\\/\",\"https:\\\/\\\/www.instagram.com\\\/vmsport\\\/\"]}]}<\/script>\n<!-- \/ Yoast SEO plugin. -->","yoast_head_json":{"title":"MUC-OFF Deep Scrubber-handskar Rosa Storlek M - VM Sport","robots":{"index":"index","follow":"follow","max-snippet":"max-snippet:-1","max-image-preview":"max-image-preview:large","max-video-preview":"max-video-preview:-1"},"canonical":"https:\/\/vmsport.fi\/sv\/webbutik\/tillbehor\/underhall-och-tvatt\/rengoringsutrustning\/muc-off-deep-scrubber-handskar-rosa-storlek-m\/","og_locale":"sv_SE","og_type":"article","og_title":"MUC-OFF Deep Scrubber Gloves Pink Size M - VM Sport","og_description":"MUC-OFF Deep Scrubber Gloves -k\u00e4sineet tarjoavat tehokkaan ratkaisun vaikeap\u00e4\u00e4syisten alueiden puhdistamiseen ajoneuvoista vaivattomasti. Valmistettu kest\u00e4v\u00e4st\u00e4 ja lujasta silikonista, joka takaa pitk\u00e4aikaisen ja luotettavan k\u00e4yt\u00f6n, n\u00e4m\u00e4 k\u00e4sineet ovat t\u00e4ysin elintarviketurvallisia, myrkytt\u00f6mi\u00e4 ja ymp\u00e4rist\u00f6yst\u00e4v\u00e4llisi\u00e4. K\u00e4mmenen ja sormien joustavat harjakset tehostavat monimutkaisten kohteiden puhdistusta, ja liukumista est\u00e4v\u00e4 sis\u00e4pinta takaa erinomaisen hallinnan siivouksen aikana. Ne sopivat erinomaisesti polkupy\u00f6rien, moottoripy\u00f6rien [...]L\u00e4s mer \u2026 from MUC-OFF Deep Scrubber Gloves Pink Size M","og_url":"https:\/\/vmsport.fi\/sv\/webbutik\/tillbehor\/underhall-och-tvatt\/rengoringsutrustning\/muc-off-deep-scrubber-handskar-rosa-storlek-m\/","og_site_name":"VM Sport","article_publisher":"https:\/\/www.facebook.com\/Vmsport.fi\/","article_modified_time":"2026-01-16T11:22:27+00:00","og_image":[{"width":1000,"height":750,"url":"https:\/\/vmsport.fi\/wp-content\/uploads\/2025\/03\/20405-large-1.jpg","type":"image\/jpeg"}],"twitter_card":"summary_large_image","twitter_misc":{"Ber\u00e4knad l\u00e4stid":"1 minut"},"schema":{"@context":"https:\/\/schema.org","@graph":[{"@type":["WebPage","ItemPage"],"@id":"https:\/\/vmsport.fi\/verkkokauppa\/tarvikkeet\/huolto-ja-pesu\/puhdistustyokalut\/muc-off-deep-scrubber-gloves-pink-size-m\/","url":"https:\/\/vmsport.fi\/verkkokauppa\/tarvikkeet\/huolto-ja-pesu\/puhdistustyokalut\/muc-off-deep-scrubber-gloves-pink-size-m\/","name":"MUC-OFF Deep Scrubber-handskar Rosa Storlek M - VM Sport","isPartOf":{"@id":"https:\/\/vmsport.fi\/#website"},"primaryImageOfPage":{"@id":"https:\/\/vmsport.fi\/verkkokauppa\/tarvikkeet\/huolto-ja-pesu\/puhdistustyokalut\/muc-off-deep-scrubber-gloves-pink-size-m\/#primaryimage"},"image":{"@id":"https:\/\/vmsport.fi\/verkkokauppa\/tarvikkeet\/huolto-ja-pesu\/puhdistustyokalut\/muc-off-deep-scrubber-gloves-pink-size-m\/#primaryimage"},"thumbnailUrl":"https:\/\/vmsport.fi\/wp-content\/uploads\/2025\/03\/20405-large-1.jpg","datePublished":"2025-03-05T22:13:13+00:00","dateModified":"2026-01-16T11:22:27+00:00","breadcrumb":{"@id":"https:\/\/vmsport.fi\/verkkokauppa\/tarvikkeet\/huolto-ja-pesu\/puhdistustyokalut\/muc-off-deep-scrubber-gloves-pink-size-m\/#breadcrumb"},"inLanguage":"sv-SE","potentialAction":[{"@type":"ReadAction","target":["https:\/\/vmsport.fi\/verkkokauppa\/tarvikkeet\/huolto-ja-pesu\/puhdistustyokalut\/muc-off-deep-scrubber-gloves-pink-size-m\/"]}]},{"@type":"ImageObject","inLanguage":"sv-SE","@id":"https:\/\/vmsport.fi\/verkkokauppa\/tarvikkeet\/huolto-ja-pesu\/puhdistustyokalut\/muc-off-deep-scrubber-gloves-pink-size-m\/#primaryimage","url":"https:\/\/vmsport.fi\/wp-content\/uploads\/2025\/03\/20405-large-1.jpg","contentUrl":"https:\/\/vmsport.fi\/wp-content\/uploads\/2025\/03\/20405-large-1.jpg","width":1000,"height":750,"caption":"20405-large"},{"@type":"BreadcrumbList","@id":"https:\/\/vmsport.fi\/verkkokauppa\/tarvikkeet\/huolto-ja-pesu\/puhdistustyokalut\/muc-off-deep-scrubber-gloves-pink-size-m\/#breadcrumb","itemListElement":[{"@type":"ListItem","position":1,"name":"Etusivu","item":"https:\/\/vmsport.fi\/"},{"@type":"ListItem","position":2,"name":"Online Store","item":"https:\/\/vmsport.fi\/en\/online-store\/"},{"@type":"ListItem","position":3,"name":"MUC-OFF Deep Scrubber Gloves Pink Size M"}]},{"@type":"WebSite","@id":"https:\/\/vmsport.fi\/#website","url":"https:\/\/vmsport.fi\/","name":"Vmsport","description":"Allt p\u00e5 ett st\u00e4lle f\u00f6r cykling","publisher":{"@id":"https:\/\/vmsport.fi\/#organization"},"potentialAction":[{"@type":"SearchAction","target":{"@type":"EntryPoint","urlTemplate":"https:\/\/vmsport.fi\/?s={search_term_string}"},"query-input":{"@type":"PropertyValueSpecification","valueRequired":true,"valueName":"search_term_string"}}],"inLanguage":"sv-SE"},{"@type":"Organization","@id":"https:\/\/vmsport.fi\/#organization","name":"Vmsport","url":"https:\/\/vmsport.fi\/","logo":{"@type":"ImageObject","inLanguage":"sv-SE","@id":"https:\/\/vmsport.fi\/#\/schema\/logo\/image\/","url":"https:\/\/vmsport.fi\/wp-content\/uploads\/2024\/12\/vm_sport_RGB_horisontal-e1734526017575.png","contentUrl":"https:\/\/vmsport.fi\/wp-content\/uploads\/2024\/12\/vm_sport_RGB_horisontal-e1734526017575.png","width":668,"height":85,"caption":"Vmsport"},"image":{"@id":"https:\/\/vmsport.fi\/#\/schema\/logo\/image\/"},"sameAs":["https:\/\/www.facebook.com\/Vmsport.fi\/","https:\/\/www.instagram.com\/vmsport\/"]}]}},"global_unique_id":"","_links":{"self":[{"href":"https:\/\/vmsport.fi\/sv\/wp-json\/wp\/v2\/product\/55890","targetHints":{"allow":["GET"]}}],"collection":[{"href":"https:\/\/vmsport.fi\/sv\/wp-json\/wp\/v2\/product"}],"about":[{"href":"https:\/\/vmsport.fi\/sv\/wp-json\/wp\/v2\/types\/product"}],"replies":[{"embeddable":true,"href":"https:\/\/vmsport.fi\/sv\/wp-json\/wp\/v2\/comments?post=55890"}],"wp:featuredmedia":[{"embeddable":true,"href":"https:\/\/vmsport.fi\/sv\/wp-json\/wp\/v2\/media\/55889"}],"wp:attachment":[{"href":"https:\/\/vmsport.fi\/sv\/wp-json\/wp\/v2\/media?parent=55890"}],"wp:term":[{"taxonomy":"product_brand","embeddable":true,"href":"https:\/\/vmsport.fi\/sv\/wp-json\/wp\/v2\/product_brand?post=55890"},{"taxonomy":"product_model","embeddable":true,"href":"https:\/\/vmsport.fi\/sv\/wp-json\/wp\/v2\/product_model?post=55890"},{"taxonomy":"product_cat","embeddable":true,"href":"https:\/\/vmsport.fi\/sv\/wp-json\/wp\/v2\/product_cat?post=55890"},{"taxonomy":"product_tag","embeddable":true,"href":"https:\/\/vmsport.fi\/sv\/wp-json\/wp\/v2\/product_tag?post=55890"},{"taxonomy":"industry_terminology","embeddable":true,"href":"https:\/\/vmsport.fi\/sv\/wp-json\/wp\/v2\/industry-terminology?post=55890"}],"curies":[{"name":"wp","href":"https:\/\/api.w.org\/{rel}","templated":true}]}}