{"id":55881,"date":"2025-03-06T00:13:06","date_gmt":"2025-03-05T22:13:06","guid":{"rendered":"https:\/\/vmsport.fi\/verkkokauppa\/Ei-luokiteltu\/tavarateline-atran-city-am-saadettava-24-29-musta\/"},"modified":"2026-01-16T13:21:45","modified_gmt":"2026-01-16T11:21:45","slug":"bagagehallare-atran-city-am-sendable-24-29-svart","status":"publish","type":"product","link":"https:\/\/vmsport.fi\/sv\/verkkokauppa\/tarvikkeet\/telineet\/tavaratelineet\/tavarateline-atran-city-am-saadettava-24-29-musta\/","title":{"rendered":"ATRAN CITY AM bagageh\u00e5llare, justerbar 24-29\u2033, svart"},"content":{"rendered":"<p>ATRA CITY AM cykelst\u00e4ll \u00e4r ett m\u00e5ngsidigt cykelst\u00e4ll som \u00e4r tillr\u00e4ckligt flexibelt f\u00f6r att passa olika cykelmodeller, eftersom det \u00e4r kompatibelt med 24-29\" d\u00e4ck. Cykelst\u00e4llet \u00e4r tillverkat av slitstarkt aluminium och har en svart finish som sm\u00e4lter in i olika cyklars utseende. L\u00e4ngden p\u00e5 de vertikala skenorna p\u00e5 paketh\u00e5llaren kan justeras mellan 319 och 369 mm, vilket \u00f6kar dess m\u00e5ngsidighet. Den h\u00e4r presenningen v\u00e4ger endast 610 gram och kan b\u00e4ra en last p\u00e5 upp till 25 kg. Dessutom erbjuder AVS-systemkompatibiliteten tillbeh\u00f6rsalternativ som t.ex. en lastkorg, vilket g\u00f6r paketh\u00e5llaren b\u00e5de praktisk och m\u00e5ngsidig f\u00f6r daglig anv\u00e4ndning.<\/p>","protected":false},"excerpt":{"rendered":"<p>ATRA CITY AM -tavarateline on monik\u00e4ytt\u00f6inen polkupy\u00f6r\u00e4n tarakka, joka sopii joustavasti eri py\u00f6r\u00e4malleihin, sill\u00e4 se on yhteensopiva 24\u201329 tuuman renkaiden kanssa. Kest\u00e4v\u00e4st\u00e4 alumiinista valmistettu teline on pitk\u00e4ik\u00e4inen ja sen musta viimeistely mukailee huomaamattomasti eri py\u00f6rien ulkoasua. Tarakan pystykiskojen pituus on s\u00e4\u00e4dett\u00e4viss\u00e4 319\u2013369 mm v\u00e4lill\u00e4, mik\u00e4 lis\u00e4\u00e4 sen k\u00e4ytt\u00f6mahdollisuuksia. Vain 610 gramman painoisena t\u00e4m\u00e4 tarakka kantaa [&#8230;]<\/p>\n<p><a class=\"btn btn-secondary understrap-read-more-link\" href=\"https:\/\/vmsport.fi\/sv\/verkkokauppa\/tarvikkeet\/telineet\/tavaratelineet\/tavarateline-atran-city-am-saadettava-24-29-musta\/\">L\u00e4s mer \u2026<span class=\"screen-reader-text\"> from Tavarateline ATRAN CITY AM, s\u00e4\u00e4dett\u00e4v\u00e4 24-29&#8243;, musta<\/span><\/a><\/p>\n","protected":false},"featured_media":55880,"comment_status":"open","ping_status":"closed","template":"","meta":{"_acf_changed":false,"_improvement_type_select":"improve_an_existing","_thumb_yes_seoaic":false,"_frame_yes_seoaic":false,"seoaic_generate_description":"","seoaic_improve_instructions_prompt":"","seoaic_rollback_content_improvement":"","seoaic_idea_thumbnail_generator":"","thumbnail_generated":false,"thumbnail_generate_prompt":"","seoaic_article_description":"","_supplier_stock_quantity":0},"product_brand":[],"product_model":[],"product_cat":[9588],"product_tag":[],"industry-terminology":[],"class_list":{"0":"post-55881","1":"product","2":"type-product","3":"status-publish","4":"has-post-thumbnail","6":"product_cat-tavaratelineet","8":"first","9":"outofstock","10":"taxable","11":"shipping-taxable","12":"product-type-simple"},"acf":{"bike_features":null,"overview":{"copy_overview":null,"key_features":null,"statement":"","youtube_url":""}},"yoast_head":"<!-- This site is optimized with the Yoast SEO plugin v27.3 - https:\/\/yoast.com\/product\/yoast-seo-wordpress\/ -->\n<title>Tavarateline ATRAN CITY AM, s\u00e4\u00e4dett\u00e4v\u00e4 24-29&quot;, musta - VM Sport<\/title>\n<meta name=\"robots\" content=\"index, follow, max-snippet:-1, max-image-preview:large, max-video-preview:-1\" \/>\n<link rel=\"canonical\" href=\"https:\/\/vmsport.fi\/sv\/webbutik\/tillbehor\/byggnadsstallningar\/bagagehyllor\/bagagehallare-atran-city-am-sendable-24-29-svart\/\" \/>\n<meta property=\"og:locale\" content=\"sv_SE\" \/>\n<meta property=\"og:type\" content=\"article\" \/>\n<meta property=\"og:title\" content=\"Tavarateline ATRAN CITY AM, s\u00e4\u00e4dett\u00e4v\u00e4 24-29&quot;, musta - VM Sport\" \/>\n<meta property=\"og:description\" content=\"ATRA CITY AM -tavarateline on monik\u00e4ytt\u00f6inen polkupy\u00f6r\u00e4n tarakka, joka sopii joustavasti eri py\u00f6r\u00e4malleihin, sill\u00e4 se on yhteensopiva 24\u201329 tuuman renkaiden kanssa. Kest\u00e4v\u00e4st\u00e4 alumiinista valmistettu teline on pitk\u00e4ik\u00e4inen ja sen musta viimeistely mukailee huomaamattomasti eri py\u00f6rien ulkoasua. Tarakan pystykiskojen pituus on s\u00e4\u00e4dett\u00e4viss\u00e4 319\u2013369 mm v\u00e4lill\u00e4, mik\u00e4 lis\u00e4\u00e4 sen k\u00e4ytt\u00f6mahdollisuuksia. Vain 610 gramman painoisena t\u00e4m\u00e4 tarakka kantaa [...]L\u00e4s mer \u2026 from Tavarateline ATRAN CITY AM, s\u00e4\u00e4dett\u00e4v\u00e4 24-29&#8243;, musta\" \/>\n<meta property=\"og:url\" content=\"https:\/\/vmsport.fi\/sv\/webbutik\/tillbehor\/byggnadsstallningar\/bagagehyllor\/bagagehallare-atran-city-am-sendable-24-29-svart\/\" \/>\n<meta property=\"og:site_name\" content=\"VM Sport\" \/>\n<meta property=\"article:publisher\" content=\"https:\/\/www.facebook.com\/Vmsport.fi\/\" \/>\n<meta property=\"article:modified_time\" content=\"2026-01-16T11:21:45+00:00\" \/>\n<meta property=\"og:image\" content=\"https:\/\/vmsport.fi\/wp-content\/uploads\/2025\/03\/1380-4122-1.jpg\" \/>\n\t<meta property=\"og:image:width\" content=\"800\" \/>\n\t<meta property=\"og:image:height\" content=\"800\" \/>\n\t<meta property=\"og:image:type\" content=\"image\/jpeg\" \/>\n<meta name=\"twitter:card\" content=\"summary_large_image\" \/>\n<script type=\"application\/ld+json\" class=\"yoast-schema-graph\">{\"@context\":\"https:\\\/\\\/schema.org\",\"@graph\":[{\"@type\":[\"WebPage\",\"ItemPage\"],\"@id\":\"https:\\\/\\\/vmsport.fi\\\/verkkokauppa\\\/tarvikkeet\\\/telineet\\\/tavaratelineet\\\/tavarateline-atran-city-am-saadettava-24-29-musta\\\/\",\"url\":\"https:\\\/\\\/vmsport.fi\\\/verkkokauppa\\\/tarvikkeet\\\/telineet\\\/tavaratelineet\\\/tavarateline-atran-city-am-saadettava-24-29-musta\\\/\",\"name\":\"Tavarateline ATRAN CITY AM, s\u00e4\u00e4dett\u00e4v\u00e4 24-29\\\", musta - VM Sport\",\"isPartOf\":{\"@id\":\"https:\\\/\\\/vmsport.fi\\\/#website\"},\"primaryImageOfPage\":{\"@id\":\"https:\\\/\\\/vmsport.fi\\\/verkkokauppa\\\/tarvikkeet\\\/telineet\\\/tavaratelineet\\\/tavarateline-atran-city-am-saadettava-24-29-musta\\\/#primaryimage\"},\"image\":{\"@id\":\"https:\\\/\\\/vmsport.fi\\\/verkkokauppa\\\/tarvikkeet\\\/telineet\\\/tavaratelineet\\\/tavarateline-atran-city-am-saadettava-24-29-musta\\\/#primaryimage\"},\"thumbnailUrl\":\"https:\\\/\\\/vmsport.fi\\\/wp-content\\\/uploads\\\/2025\\\/03\\\/1380-4122-1.jpg\",\"datePublished\":\"2025-03-05T22:13:06+00:00\",\"dateModified\":\"2026-01-16T11:21:45+00:00\",\"breadcrumb\":{\"@id\":\"https:\\\/\\\/vmsport.fi\\\/verkkokauppa\\\/tarvikkeet\\\/telineet\\\/tavaratelineet\\\/tavarateline-atran-city-am-saadettava-24-29-musta\\\/#breadcrumb\"},\"inLanguage\":\"sv-SE\",\"potentialAction\":[{\"@type\":\"ReadAction\",\"target\":[\"https:\\\/\\\/vmsport.fi\\\/verkkokauppa\\\/tarvikkeet\\\/telineet\\\/tavaratelineet\\\/tavarateline-atran-city-am-saadettava-24-29-musta\\\/\"]}]},{\"@type\":\"ImageObject\",\"inLanguage\":\"sv-SE\",\"@id\":\"https:\\\/\\\/vmsport.fi\\\/verkkokauppa\\\/tarvikkeet\\\/telineet\\\/tavaratelineet\\\/tavarateline-atran-city-am-saadettava-24-29-musta\\\/#primaryimage\",\"url\":\"https:\\\/\\\/vmsport.fi\\\/wp-content\\\/uploads\\\/2025\\\/03\\\/1380-4122-1.jpg\",\"contentUrl\":\"https:\\\/\\\/vmsport.fi\\\/wp-content\\\/uploads\\\/2025\\\/03\\\/1380-4122-1.jpg\",\"width\":800,\"height\":800,\"caption\":\"1380-4122\"},{\"@type\":\"BreadcrumbList\",\"@id\":\"https:\\\/\\\/vmsport.fi\\\/verkkokauppa\\\/tarvikkeet\\\/telineet\\\/tavaratelineet\\\/tavarateline-atran-city-am-saadettava-24-29-musta\\\/#breadcrumb\",\"itemListElement\":[{\"@type\":\"ListItem\",\"position\":1,\"name\":\"Etusivu\",\"item\":\"https:\\\/\\\/vmsport.fi\\\/\"},{\"@type\":\"ListItem\",\"position\":2,\"name\":\"Online Store\",\"item\":\"https:\\\/\\\/vmsport.fi\\\/en\\\/online-store\\\/\"},{\"@type\":\"ListItem\",\"position\":3,\"name\":\"Tavarateline ATRAN CITY AM, s\u00e4\u00e4dett\u00e4v\u00e4 24-29&#8243;, musta\"}]},{\"@type\":\"WebSite\",\"@id\":\"https:\\\/\\\/vmsport.fi\\\/#website\",\"url\":\"https:\\\/\\\/vmsport.fi\\\/\",\"name\":\"Vmsport\",\"description\":\"Kaikki py\u00f6r\u00e4ilyyn yhdest\u00e4 paikasta\",\"publisher\":{\"@id\":\"https:\\\/\\\/vmsport.fi\\\/#organization\"},\"potentialAction\":[{\"@type\":\"SearchAction\",\"target\":{\"@type\":\"EntryPoint\",\"urlTemplate\":\"https:\\\/\\\/vmsport.fi\\\/?s={search_term_string}\"},\"query-input\":{\"@type\":\"PropertyValueSpecification\",\"valueRequired\":true,\"valueName\":\"search_term_string\"}}],\"inLanguage\":\"sv-SE\"},{\"@type\":\"Organization\",\"@id\":\"https:\\\/\\\/vmsport.fi\\\/#organization\",\"name\":\"Vmsport\",\"url\":\"https:\\\/\\\/vmsport.fi\\\/\",\"logo\":{\"@type\":\"ImageObject\",\"inLanguage\":\"sv-SE\",\"@id\":\"https:\\\/\\\/vmsport.fi\\\/#\\\/schema\\\/logo\\\/image\\\/\",\"url\":\"https:\\\/\\\/vmsport.fi\\\/wp-content\\\/uploads\\\/2024\\\/12\\\/vm_sport_RGB_horisontal-e1734526017575.png\",\"contentUrl\":\"https:\\\/\\\/vmsport.fi\\\/wp-content\\\/uploads\\\/2024\\\/12\\\/vm_sport_RGB_horisontal-e1734526017575.png\",\"width\":668,\"height\":85,\"caption\":\"Vmsport\"},\"image\":{\"@id\":\"https:\\\/\\\/vmsport.fi\\\/#\\\/schema\\\/logo\\\/image\\\/\"},\"sameAs\":[\"https:\\\/\\\/www.facebook.com\\\/Vmsport.fi\\\/\",\"https:\\\/\\\/www.instagram.com\\\/vmsport\\\/\"]}]}<\/script>\n<!-- \/ Yoast SEO plugin. -->","yoast_head_json":{"title":"ATRAN CITY AM bagageh\u00e5llare, justerbar 24-29\", svart - VM Sport","robots":{"index":"index","follow":"follow","max-snippet":"max-snippet:-1","max-image-preview":"max-image-preview:large","max-video-preview":"max-video-preview:-1"},"canonical":"https:\/\/vmsport.fi\/sv\/webbutik\/tillbehor\/byggnadsstallningar\/bagagehyllor\/bagagehallare-atran-city-am-sendable-24-29-svart\/","og_locale":"sv_SE","og_type":"article","og_title":"Tavarateline ATRAN CITY AM, s\u00e4\u00e4dett\u00e4v\u00e4 24-29\", musta - VM Sport","og_description":"ATRA CITY AM -tavarateline on monik\u00e4ytt\u00f6inen polkupy\u00f6r\u00e4n tarakka, joka sopii joustavasti eri py\u00f6r\u00e4malleihin, sill\u00e4 se on yhteensopiva 24\u201329 tuuman renkaiden kanssa. Kest\u00e4v\u00e4st\u00e4 alumiinista valmistettu teline on pitk\u00e4ik\u00e4inen ja sen musta viimeistely mukailee huomaamattomasti eri py\u00f6rien ulkoasua. Tarakan pystykiskojen pituus on s\u00e4\u00e4dett\u00e4viss\u00e4 319\u2013369 mm v\u00e4lill\u00e4, mik\u00e4 lis\u00e4\u00e4 sen k\u00e4ytt\u00f6mahdollisuuksia. Vain 610 gramman painoisena t\u00e4m\u00e4 tarakka kantaa [...]L\u00e4s mer \u2026 from Tavarateline ATRAN CITY AM, s\u00e4\u00e4dett\u00e4v\u00e4 24-29&#8243;, musta","og_url":"https:\/\/vmsport.fi\/sv\/webbutik\/tillbehor\/byggnadsstallningar\/bagagehyllor\/bagagehallare-atran-city-am-sendable-24-29-svart\/","og_site_name":"VM Sport","article_publisher":"https:\/\/www.facebook.com\/Vmsport.fi\/","article_modified_time":"2026-01-16T11:21:45+00:00","og_image":[{"width":800,"height":800,"url":"https:\/\/vmsport.fi\/wp-content\/uploads\/2025\/03\/1380-4122-1.jpg","type":"image\/jpeg"}],"twitter_card":"summary_large_image","schema":{"@context":"https:\/\/schema.org","@graph":[{"@type":["WebPage","ItemPage"],"@id":"https:\/\/vmsport.fi\/verkkokauppa\/tarvikkeet\/telineet\/tavaratelineet\/tavarateline-atran-city-am-saadettava-24-29-musta\/","url":"https:\/\/vmsport.fi\/verkkokauppa\/tarvikkeet\/telineet\/tavaratelineet\/tavarateline-atran-city-am-saadettava-24-29-musta\/","name":"ATRAN CITY AM bagageh\u00e5llare, justerbar 24-29\", svart - VM Sport","isPartOf":{"@id":"https:\/\/vmsport.fi\/#website"},"primaryImageOfPage":{"@id":"https:\/\/vmsport.fi\/verkkokauppa\/tarvikkeet\/telineet\/tavaratelineet\/tavarateline-atran-city-am-saadettava-24-29-musta\/#primaryimage"},"image":{"@id":"https:\/\/vmsport.fi\/verkkokauppa\/tarvikkeet\/telineet\/tavaratelineet\/tavarateline-atran-city-am-saadettava-24-29-musta\/#primaryimage"},"thumbnailUrl":"https:\/\/vmsport.fi\/wp-content\/uploads\/2025\/03\/1380-4122-1.jpg","datePublished":"2025-03-05T22:13:06+00:00","dateModified":"2026-01-16T11:21:45+00:00","breadcrumb":{"@id":"https:\/\/vmsport.fi\/verkkokauppa\/tarvikkeet\/telineet\/tavaratelineet\/tavarateline-atran-city-am-saadettava-24-29-musta\/#breadcrumb"},"inLanguage":"sv-SE","potentialAction":[{"@type":"ReadAction","target":["https:\/\/vmsport.fi\/verkkokauppa\/tarvikkeet\/telineet\/tavaratelineet\/tavarateline-atran-city-am-saadettava-24-29-musta\/"]}]},{"@type":"ImageObject","inLanguage":"sv-SE","@id":"https:\/\/vmsport.fi\/verkkokauppa\/tarvikkeet\/telineet\/tavaratelineet\/tavarateline-atran-city-am-saadettava-24-29-musta\/#primaryimage","url":"https:\/\/vmsport.fi\/wp-content\/uploads\/2025\/03\/1380-4122-1.jpg","contentUrl":"https:\/\/vmsport.fi\/wp-content\/uploads\/2025\/03\/1380-4122-1.jpg","width":800,"height":800,"caption":"1380-4122"},{"@type":"BreadcrumbList","@id":"https:\/\/vmsport.fi\/verkkokauppa\/tarvikkeet\/telineet\/tavaratelineet\/tavarateline-atran-city-am-saadettava-24-29-musta\/#breadcrumb","itemListElement":[{"@type":"ListItem","position":1,"name":"Etusivu","item":"https:\/\/vmsport.fi\/"},{"@type":"ListItem","position":2,"name":"Online Store","item":"https:\/\/vmsport.fi\/en\/online-store\/"},{"@type":"ListItem","position":3,"name":"Tavarateline ATRAN CITY AM, s\u00e4\u00e4dett\u00e4v\u00e4 24-29&#8243;, musta"}]},{"@type":"WebSite","@id":"https:\/\/vmsport.fi\/#website","url":"https:\/\/vmsport.fi\/","name":"Vmsport","description":"Allt p\u00e5 ett st\u00e4lle f\u00f6r cykling","publisher":{"@id":"https:\/\/vmsport.fi\/#organization"},"potentialAction":[{"@type":"SearchAction","target":{"@type":"EntryPoint","urlTemplate":"https:\/\/vmsport.fi\/?s={search_term_string}"},"query-input":{"@type":"PropertyValueSpecification","valueRequired":true,"valueName":"search_term_string"}}],"inLanguage":"sv-SE"},{"@type":"Organization","@id":"https:\/\/vmsport.fi\/#organization","name":"Vmsport","url":"https:\/\/vmsport.fi\/","logo":{"@type":"ImageObject","inLanguage":"sv-SE","@id":"https:\/\/vmsport.fi\/#\/schema\/logo\/image\/","url":"https:\/\/vmsport.fi\/wp-content\/uploads\/2024\/12\/vm_sport_RGB_horisontal-e1734526017575.png","contentUrl":"https:\/\/vmsport.fi\/wp-content\/uploads\/2024\/12\/vm_sport_RGB_horisontal-e1734526017575.png","width":668,"height":85,"caption":"Vmsport"},"image":{"@id":"https:\/\/vmsport.fi\/#\/schema\/logo\/image\/"},"sameAs":["https:\/\/www.facebook.com\/Vmsport.fi\/","https:\/\/www.instagram.com\/vmsport\/"]}]}},"global_unique_id":"","_links":{"self":[{"href":"https:\/\/vmsport.fi\/sv\/wp-json\/wp\/v2\/product\/55881","targetHints":{"allow":["GET"]}}],"collection":[{"href":"https:\/\/vmsport.fi\/sv\/wp-json\/wp\/v2\/product"}],"about":[{"href":"https:\/\/vmsport.fi\/sv\/wp-json\/wp\/v2\/types\/product"}],"replies":[{"embeddable":true,"href":"https:\/\/vmsport.fi\/sv\/wp-json\/wp\/v2\/comments?post=55881"}],"wp:featuredmedia":[{"embeddable":true,"href":"https:\/\/vmsport.fi\/sv\/wp-json\/wp\/v2\/media\/55880"}],"wp:attachment":[{"href":"https:\/\/vmsport.fi\/sv\/wp-json\/wp\/v2\/media?parent=55881"}],"wp:term":[{"taxonomy":"product_brand","embeddable":true,"href":"https:\/\/vmsport.fi\/sv\/wp-json\/wp\/v2\/product_brand?post=55881"},{"taxonomy":"product_model","embeddable":true,"href":"https:\/\/vmsport.fi\/sv\/wp-json\/wp\/v2\/product_model?post=55881"},{"taxonomy":"product_cat","embeddable":true,"href":"https:\/\/vmsport.fi\/sv\/wp-json\/wp\/v2\/product_cat?post=55881"},{"taxonomy":"product_tag","embeddable":true,"href":"https:\/\/vmsport.fi\/sv\/wp-json\/wp\/v2\/product_tag?post=55881"},{"taxonomy":"industry_terminology","embeddable":true,"href":"https:\/\/vmsport.fi\/sv\/wp-json\/wp\/v2\/industry-terminology?post=55881"}],"curies":[{"name":"wp","href":"https:\/\/api.w.org\/{rel}","templated":true}]}}