{"id":55878,"date":"2025-03-06T00:13:05","date_gmt":"2025-03-05T22:13:05","guid":{"rendered":"https:\/\/vmsport.fi\/verkkokauppa\/Ei-luokiteltu\/trek-circuit-twin-gel-unisex-pyorailyhanska-visibility-yellow\/"},"modified":"2026-04-22T15:42:53","modified_gmt":"2026-04-22T12:42:53","slug":"trek-circuit-twin-gel-unisex-pyorailyhanska-synlighet-gul","status":"publish","type":"product","link":"https:\/\/vmsport.fi\/sv\/verkkokauppa\/ajovarusteet\/vaatteet\/pyorailyhanskat\/trek-circuit-twin-gel-unisex-pyorailyhanska-visibility-yellow\/","title":{"rendered":"Trek Circuit Twin Gel Unisex cykelhandskar - VISIBILITY YELLOW"},"content":{"rendered":"<p>Trek Circuit Twin Gel -py\u00f6r\u00e4ilyk\u00e4sineiss\u00e4 yhdistyv\u00e4t t\u00e4rin\u00e4\u00e4 vaimentavat silikonigeeli- ja geeli-vaahtomuovipehmusteet, jotka on optimoitu tukemaan k\u00e4mmeni\u00e4 pitkill\u00e4 reissuilla. Pehmusteiden innovatiivinen sijoittelu parantaa paitsi mukavuutta my\u00f6s tuntumaa py\u00f6r\u00e4\u00e4n. Keinomokkanahkaiset k\u00e4mmenet lis\u00e4\u00e4v\u00e4t pitoa ohjaustangossa, ja verkkokankaan sek\u00e4 elastaanin yhdistelm\u00e4 k\u00e4sinen yl\u00e4osassa mahdollistaa hyv\u00e4n ilmanvaihdon ja istuvuuden. K\u00e4yt\u00e4nn\u00f6n yksityiskohdat, kuten nen\u00e4npyyhk\u00e4isypinta ja sormilenkit, lis\u00e4\u00e4v\u00e4t k\u00e4ytt\u00f6mukavuutta. Tarranauhakiinnitys takaa juuri oikean istuvuuden.<\/p>","protected":false},"excerpt":{"rendered":"<p>Pehmustetut py\u00f6r\u00e4ilyk\u00e4sineet, jotka tarjoavat hyv\u00e4n paineen jakautumisen, t\u00e4rin\u00e4nvaimennuksen ja kest\u00e4v\u00e4n pidon ohjaustangossa. [&#8230;]<\/p>\n<p><a class=\"btn btn-secondary understrap-read-more-link\" href=\"https:\/\/vmsport.fi\/sv\/verkkokauppa\/ajovarusteet\/vaatteet\/pyorailyhanskat\/trek-circuit-twin-gel-unisex-pyorailyhanska-visibility-yellow\/\">L\u00e4s mer \u2026<span class=\"screen-reader-text\"> from Trek Circuit Twin Gel Unisex Py\u00f6r\u00e4ilyhanska &#8211; VISIBILITY YELLOW<\/span><\/a><\/p>\n","protected":false},"featured_media":55876,"comment_status":"open","ping_status":"closed","template":"","meta":{"_acf_changed":false,"_improvement_type_select":"improve_an_existing","_thumb_yes_seoaic":false,"_frame_yes_seoaic":false,"seoaic_generate_description":"","seoaic_improve_instructions_prompt":"","seoaic_rollback_content_improvement":"","seoaic_idea_thumbnail_generator":"","thumbnail_generated":false,"thumbnail_generate_prompt":"","seoaic_article_description":"","_supplier_stock_quantity":0},"product_brand":[],"product_model":[],"product_cat":[9454],"product_tag":[],"industry-terminology":[],"class_list":{"0":"post-55878","1":"product","2":"type-product","3":"status-publish","4":"has-post-thumbnail","6":"product_cat-pyorailyhanskat","8":"first","9":"instock","10":"taxable","11":"shipping-taxable","12":"purchasable","13":"product-type-variable"},"acf":{"bike_features":null,"overview":{"copy_overview":null,"key_features":null,"statement":"","youtube_url":""}},"yoast_head":"<!-- This site is optimized with the Yoast SEO plugin v27.4 - https:\/\/yoast.com\/product\/yoast-seo-wordpress\/ -->\n<title>Trek Circuit Twin Gel Unisex Py\u00f6r\u00e4ilyhanska - VISIBILITY YELLOW - VM Sport<\/title>\n<meta name=\"robots\" content=\"index, follow, max-snippet:-1, max-image-preview:large, max-video-preview:-1\" \/>\n<link rel=\"canonical\" href=\"https:\/\/vmsport.fi\/sv\/webbutik\/korutrustning\/klader\/pyorailhandskar\/trek-circuit-twin-gel-unisex-pyorailyhanska-synlighet-gul\/\" \/>\n<meta property=\"og:locale\" content=\"sv_SE\" \/>\n<meta property=\"og:type\" content=\"article\" \/>\n<meta property=\"og:title\" content=\"Trek Circuit Twin Gel Unisex Py\u00f6r\u00e4ilyhanska - VISIBILITY YELLOW - VM Sport\" \/>\n<meta property=\"og:description\" content=\"Pehmustetut py\u00f6r\u00e4ilyk\u00e4sineet, jotka tarjoavat hyv\u00e4n paineen jakautumisen, t\u00e4rin\u00e4nvaimennuksen ja kest\u00e4v\u00e4n pidon ohjaustangossa. [...]L\u00e4s mer \u2026 from Trek Circuit Twin Gel Unisex Py\u00f6r\u00e4ilyhanska &#8211; VISIBILITY YELLOW\" \/>\n<meta property=\"og:url\" content=\"https:\/\/vmsport.fi\/sv\/webbutik\/korutrustning\/klader\/pyorailhandskar\/trek-circuit-twin-gel-unisex-pyorailyhanska-synlighet-gul\/\" \/>\n<meta property=\"og:site_name\" content=\"VM Sport\" \/>\n<meta property=\"article:publisher\" content=\"https:\/\/www.facebook.com\/Vmsport.fi\/\" \/>\n<meta property=\"article:modified_time\" content=\"2026-04-22T12:42:53+00:00\" \/>\n<meta property=\"og:image\" content=\"https:\/\/vmsport.fi\/wp-content\/uploads\/2025\/03\/2X2fhjGRnbcoCagZanbvf8gBJhTKmyLkWvl9pshroM0zT0oo3L-1.jpg\" \/>\n\t<meta property=\"og:image:width\" content=\"1000\" \/>\n\t<meta property=\"og:image:height\" content=\"750\" \/>\n\t<meta property=\"og:image:type\" content=\"image\/jpeg\" \/>\n<meta name=\"twitter:card\" content=\"summary_large_image\" \/>\n<script type=\"application\/ld+json\" class=\"yoast-schema-graph\">{\"@context\":\"https:\\\/\\\/schema.org\",\"@graph\":[{\"@type\":[\"WebPage\",\"ItemPage\"],\"@id\":\"https:\\\/\\\/vmsport.fi\\\/verkkokauppa\\\/ajovarusteet\\\/vaatteet\\\/pyorailyhanskat\\\/trek-circuit-twin-gel-unisex-pyorailyhanska-visibility-yellow\\\/\",\"url\":\"https:\\\/\\\/vmsport.fi\\\/verkkokauppa\\\/ajovarusteet\\\/vaatteet\\\/pyorailyhanskat\\\/trek-circuit-twin-gel-unisex-pyorailyhanska-visibility-yellow\\\/\",\"name\":\"Trek Circuit Twin Gel Unisex Py\u00f6r\u00e4ilyhanska - VISIBILITY YELLOW - VM Sport\",\"isPartOf\":{\"@id\":\"https:\\\/\\\/vmsport.fi\\\/#website\"},\"primaryImageOfPage\":{\"@id\":\"https:\\\/\\\/vmsport.fi\\\/verkkokauppa\\\/ajovarusteet\\\/vaatteet\\\/pyorailyhanskat\\\/trek-circuit-twin-gel-unisex-pyorailyhanska-visibility-yellow\\\/#primaryimage\"},\"image\":{\"@id\":\"https:\\\/\\\/vmsport.fi\\\/verkkokauppa\\\/ajovarusteet\\\/vaatteet\\\/pyorailyhanskat\\\/trek-circuit-twin-gel-unisex-pyorailyhanska-visibility-yellow\\\/#primaryimage\"},\"thumbnailUrl\":\"https:\\\/\\\/vmsport.fi\\\/wp-content\\\/uploads\\\/2025\\\/03\\\/2X2fhjGRnbcoCagZanbvf8gBJhTKmyLkWvl9pshroM0zT0oo3L-1.jpg\",\"datePublished\":\"2025-03-05T22:13:05+00:00\",\"dateModified\":\"2026-04-22T12:42:53+00:00\",\"breadcrumb\":{\"@id\":\"https:\\\/\\\/vmsport.fi\\\/verkkokauppa\\\/ajovarusteet\\\/vaatteet\\\/pyorailyhanskat\\\/trek-circuit-twin-gel-unisex-pyorailyhanska-visibility-yellow\\\/#breadcrumb\"},\"inLanguage\":\"sv-SE\",\"potentialAction\":[{\"@type\":\"ReadAction\",\"target\":[\"https:\\\/\\\/vmsport.fi\\\/verkkokauppa\\\/ajovarusteet\\\/vaatteet\\\/pyorailyhanskat\\\/trek-circuit-twin-gel-unisex-pyorailyhanska-visibility-yellow\\\/\"]}]},{\"@type\":\"ImageObject\",\"inLanguage\":\"sv-SE\",\"@id\":\"https:\\\/\\\/vmsport.fi\\\/verkkokauppa\\\/ajovarusteet\\\/vaatteet\\\/pyorailyhanskat\\\/trek-circuit-twin-gel-unisex-pyorailyhanska-visibility-yellow\\\/#primaryimage\",\"url\":\"https:\\\/\\\/vmsport.fi\\\/wp-content\\\/uploads\\\/2025\\\/03\\\/2X2fhjGRnbcoCagZanbvf8gBJhTKmyLkWvl9pshroM0zT0oo3L-1.jpg\",\"contentUrl\":\"https:\\\/\\\/vmsport.fi\\\/wp-content\\\/uploads\\\/2025\\\/03\\\/2X2fhjGRnbcoCagZanbvf8gBJhTKmyLkWvl9pshroM0zT0oo3L-1.jpg\",\"width\":1000,\"height\":750,\"caption\":\"2X2fhjGRnbcoCagZanbvf8gBJhTKmyLkWvl9pshroM0zT0oo3L\"},{\"@type\":\"BreadcrumbList\",\"@id\":\"https:\\\/\\\/vmsport.fi\\\/verkkokauppa\\\/ajovarusteet\\\/vaatteet\\\/pyorailyhanskat\\\/trek-circuit-twin-gel-unisex-pyorailyhanska-visibility-yellow\\\/#breadcrumb\",\"itemListElement\":[{\"@type\":\"ListItem\",\"position\":1,\"name\":\"Etusivu\",\"item\":\"https:\\\/\\\/vmsport.fi\\\/\"},{\"@type\":\"ListItem\",\"position\":2,\"name\":\"Online Store\",\"item\":\"https:\\\/\\\/vmsport.fi\\\/en\\\/online-store\\\/\"},{\"@type\":\"ListItem\",\"position\":3,\"name\":\"Trek Circuit Twin Gel Unisex Py\u00f6r\u00e4ilyhanska &#8211; VISIBILITY YELLOW\"}]},{\"@type\":\"WebSite\",\"@id\":\"https:\\\/\\\/vmsport.fi\\\/#website\",\"url\":\"https:\\\/\\\/vmsport.fi\\\/\",\"name\":\"Vmsport\",\"description\":\"Kaikki py\u00f6r\u00e4ilyyn yhdest\u00e4 paikasta\",\"publisher\":{\"@id\":\"https:\\\/\\\/vmsport.fi\\\/#organization\"},\"potentialAction\":[{\"@type\":\"SearchAction\",\"target\":{\"@type\":\"EntryPoint\",\"urlTemplate\":\"https:\\\/\\\/vmsport.fi\\\/?s={search_term_string}\"},\"query-input\":{\"@type\":\"PropertyValueSpecification\",\"valueRequired\":true,\"valueName\":\"search_term_string\"}}],\"inLanguage\":\"sv-SE\"},{\"@type\":\"Organization\",\"@id\":\"https:\\\/\\\/vmsport.fi\\\/#organization\",\"name\":\"Vmsport\",\"url\":\"https:\\\/\\\/vmsport.fi\\\/\",\"logo\":{\"@type\":\"ImageObject\",\"inLanguage\":\"sv-SE\",\"@id\":\"https:\\\/\\\/vmsport.fi\\\/#\\\/schema\\\/logo\\\/image\\\/\",\"url\":\"https:\\\/\\\/vmsport.fi\\\/wp-content\\\/uploads\\\/2024\\\/12\\\/vm_sport_RGB_horisontal-e1734526017575.png\",\"contentUrl\":\"https:\\\/\\\/vmsport.fi\\\/wp-content\\\/uploads\\\/2024\\\/12\\\/vm_sport_RGB_horisontal-e1734526017575.png\",\"width\":668,\"height\":85,\"caption\":\"Vmsport\"},\"image\":{\"@id\":\"https:\\\/\\\/vmsport.fi\\\/#\\\/schema\\\/logo\\\/image\\\/\"},\"sameAs\":[\"https:\\\/\\\/www.facebook.com\\\/Vmsport.fi\\\/\",\"https:\\\/\\\/www.instagram.com\\\/vmsport\\\/\"]}]}<\/script>\n<!-- \/ Yoast SEO plugin. -->","yoast_head_json":{"title":"Trek Circuit Twin Gel cykelhandskar f\u00f6r unisexcyklister - VISIBILITY YELLOW - VM Sport","robots":{"index":"index","follow":"follow","max-snippet":"max-snippet:-1","max-image-preview":"max-image-preview:large","max-video-preview":"max-video-preview:-1"},"canonical":"https:\/\/vmsport.fi\/sv\/webbutik\/korutrustning\/klader\/pyorailhandskar\/trek-circuit-twin-gel-unisex-pyorailyhanska-synlighet-gul\/","og_locale":"sv_SE","og_type":"article","og_title":"Trek Circuit Twin Gel Unisex Py\u00f6r\u00e4ilyhanska - VISIBILITY YELLOW - VM Sport","og_description":"Pehmustetut py\u00f6r\u00e4ilyk\u00e4sineet, jotka tarjoavat hyv\u00e4n paineen jakautumisen, t\u00e4rin\u00e4nvaimennuksen ja kest\u00e4v\u00e4n pidon ohjaustangossa. [...]L\u00e4s mer \u2026 from Trek Circuit Twin Gel Unisex Py\u00f6r\u00e4ilyhanska &#8211; VISIBILITY YELLOW","og_url":"https:\/\/vmsport.fi\/sv\/webbutik\/korutrustning\/klader\/pyorailhandskar\/trek-circuit-twin-gel-unisex-pyorailyhanska-synlighet-gul\/","og_site_name":"VM Sport","article_publisher":"https:\/\/www.facebook.com\/Vmsport.fi\/","article_modified_time":"2026-04-22T12:42:53+00:00","og_image":[{"width":1000,"height":750,"url":"https:\/\/vmsport.fi\/wp-content\/uploads\/2025\/03\/2X2fhjGRnbcoCagZanbvf8gBJhTKmyLkWvl9pshroM0zT0oo3L-1.jpg","type":"image\/jpeg"}],"twitter_card":"summary_large_image","schema":{"@context":"https:\/\/schema.org","@graph":[{"@type":["WebPage","ItemPage"],"@id":"https:\/\/vmsport.fi\/verkkokauppa\/ajovarusteet\/vaatteet\/pyorailyhanskat\/trek-circuit-twin-gel-unisex-pyorailyhanska-visibility-yellow\/","url":"https:\/\/vmsport.fi\/verkkokauppa\/ajovarusteet\/vaatteet\/pyorailyhanskat\/trek-circuit-twin-gel-unisex-pyorailyhanska-visibility-yellow\/","name":"Trek Circuit Twin Gel cykelhandskar f\u00f6r unisexcyklister - VISIBILITY YELLOW - VM Sport","isPartOf":{"@id":"https:\/\/vmsport.fi\/#website"},"primaryImageOfPage":{"@id":"https:\/\/vmsport.fi\/verkkokauppa\/ajovarusteet\/vaatteet\/pyorailyhanskat\/trek-circuit-twin-gel-unisex-pyorailyhanska-visibility-yellow\/#primaryimage"},"image":{"@id":"https:\/\/vmsport.fi\/verkkokauppa\/ajovarusteet\/vaatteet\/pyorailyhanskat\/trek-circuit-twin-gel-unisex-pyorailyhanska-visibility-yellow\/#primaryimage"},"thumbnailUrl":"https:\/\/vmsport.fi\/wp-content\/uploads\/2025\/03\/2X2fhjGRnbcoCagZanbvf8gBJhTKmyLkWvl9pshroM0zT0oo3L-1.jpg","datePublished":"2025-03-05T22:13:05+00:00","dateModified":"2026-04-22T12:42:53+00:00","breadcrumb":{"@id":"https:\/\/vmsport.fi\/verkkokauppa\/ajovarusteet\/vaatteet\/pyorailyhanskat\/trek-circuit-twin-gel-unisex-pyorailyhanska-visibility-yellow\/#breadcrumb"},"inLanguage":"sv-SE","potentialAction":[{"@type":"ReadAction","target":["https:\/\/vmsport.fi\/verkkokauppa\/ajovarusteet\/vaatteet\/pyorailyhanskat\/trek-circuit-twin-gel-unisex-pyorailyhanska-visibility-yellow\/"]}]},{"@type":"ImageObject","inLanguage":"sv-SE","@id":"https:\/\/vmsport.fi\/verkkokauppa\/ajovarusteet\/vaatteet\/pyorailyhanskat\/trek-circuit-twin-gel-unisex-pyorailyhanska-visibility-yellow\/#primaryimage","url":"https:\/\/vmsport.fi\/wp-content\/uploads\/2025\/03\/2X2fhjGRnbcoCagZanbvf8gBJhTKmyLkWvl9pshroM0zT0oo3L-1.jpg","contentUrl":"https:\/\/vmsport.fi\/wp-content\/uploads\/2025\/03\/2X2fhjGRnbcoCagZanbvf8gBJhTKmyLkWvl9pshroM0zT0oo3L-1.jpg","width":1000,"height":750,"caption":"2X2fhjGRnbcoCagZanbvf8gBJhTKmyLkWvl9pshroM0zT0oo3L"},{"@type":"BreadcrumbList","@id":"https:\/\/vmsport.fi\/verkkokauppa\/ajovarusteet\/vaatteet\/pyorailyhanskat\/trek-circuit-twin-gel-unisex-pyorailyhanska-visibility-yellow\/#breadcrumb","itemListElement":[{"@type":"ListItem","position":1,"name":"Etusivu","item":"https:\/\/vmsport.fi\/"},{"@type":"ListItem","position":2,"name":"Online Store","item":"https:\/\/vmsport.fi\/en\/online-store\/"},{"@type":"ListItem","position":3,"name":"Trek Circuit Twin Gel Unisex Py\u00f6r\u00e4ilyhanska &#8211; VISIBILITY YELLOW"}]},{"@type":"WebSite","@id":"https:\/\/vmsport.fi\/#website","url":"https:\/\/vmsport.fi\/","name":"Vmsport","description":"Allt p\u00e5 ett st\u00e4lle f\u00f6r cykling","publisher":{"@id":"https:\/\/vmsport.fi\/#organization"},"potentialAction":[{"@type":"SearchAction","target":{"@type":"EntryPoint","urlTemplate":"https:\/\/vmsport.fi\/?s={search_term_string}"},"query-input":{"@type":"PropertyValueSpecification","valueRequired":true,"valueName":"search_term_string"}}],"inLanguage":"sv-SE"},{"@type":"Organization","@id":"https:\/\/vmsport.fi\/#organization","name":"Vmsport","url":"https:\/\/vmsport.fi\/","logo":{"@type":"ImageObject","inLanguage":"sv-SE","@id":"https:\/\/vmsport.fi\/#\/schema\/logo\/image\/","url":"https:\/\/vmsport.fi\/wp-content\/uploads\/2024\/12\/vm_sport_RGB_horisontal-e1734526017575.png","contentUrl":"https:\/\/vmsport.fi\/wp-content\/uploads\/2024\/12\/vm_sport_RGB_horisontal-e1734526017575.png","width":668,"height":85,"caption":"Vmsport"},"image":{"@id":"https:\/\/vmsport.fi\/#\/schema\/logo\/image\/"},"sameAs":["https:\/\/www.facebook.com\/Vmsport.fi\/","https:\/\/www.instagram.com\/vmsport\/"]}]}},"global_unique_id":"","_links":{"self":[{"href":"https:\/\/vmsport.fi\/sv\/wp-json\/wp\/v2\/product\/55878","targetHints":{"allow":["GET"]}}],"collection":[{"href":"https:\/\/vmsport.fi\/sv\/wp-json\/wp\/v2\/product"}],"about":[{"href":"https:\/\/vmsport.fi\/sv\/wp-json\/wp\/v2\/types\/product"}],"replies":[{"embeddable":true,"href":"https:\/\/vmsport.fi\/sv\/wp-json\/wp\/v2\/comments?post=55878"}],"wp:featuredmedia":[{"embeddable":true,"href":"https:\/\/vmsport.fi\/sv\/wp-json\/wp\/v2\/media\/55876"}],"wp:attachment":[{"href":"https:\/\/vmsport.fi\/sv\/wp-json\/wp\/v2\/media?parent=55878"}],"wp:term":[{"taxonomy":"product_brand","embeddable":true,"href":"https:\/\/vmsport.fi\/sv\/wp-json\/wp\/v2\/product_brand?post=55878"},{"taxonomy":"product_model","embeddable":true,"href":"https:\/\/vmsport.fi\/sv\/wp-json\/wp\/v2\/product_model?post=55878"},{"taxonomy":"product_cat","embeddable":true,"href":"https:\/\/vmsport.fi\/sv\/wp-json\/wp\/v2\/product_cat?post=55878"},{"taxonomy":"product_tag","embeddable":true,"href":"https:\/\/vmsport.fi\/sv\/wp-json\/wp\/v2\/product_tag?post=55878"},{"taxonomy":"industry_terminology","embeddable":true,"href":"https:\/\/vmsport.fi\/sv\/wp-json\/wp\/v2\/industry-terminology?post=55878"}],"curies":[{"name":"wp","href":"https:\/\/api.w.org\/{rel}","templated":true}]}}