{"id":55875,"date":"2025-03-06T00:13:02","date_gmt":"2025-03-05T22:13:02","guid":{"rendered":"https:\/\/vmsport.fi\/verkkokauppa\/Ei-luokiteltu\/ilmaussarja-tl-br003-jarruvipu\/"},"modified":"2026-03-30T10:56:11","modified_gmt":"2026-03-30T07:56:11","slug":"indikatorkit-tl-br003-bromshandtag","status":"publish","type":"product","link":"https:\/\/vmsport.fi\/sv\/verkkokauppa\/tarvikkeet\/tyokalut\/jarrunilmaussarjat\/ilmaussarja-tl-br003-jarruvipu\/","title":{"rendered":"TL-BR003 - Bromsspaksindikeringssats"},"content":{"rendered":"<p>Bromshandtag Luftningssats f\u00f6r bromshandtag TL-BR003 \u00e4r utformad f\u00f6r effektivt underh\u00e5ll av bromshandtag, vilket s\u00e4kerst\u00e4ller att bromssystemet alltid fungerar tillf\u00f6rlitligt. Satsen levereras komplett med en lufthuv och M5-luftskruv, vilket ger alla n\u00f6dv\u00e4ndiga delar f\u00f6r framg\u00e5ngsrik luftning. Denna m\u00e5ngsidiga verktygssats \u00e4r s\u00e4rskilt l\u00e4mplig f\u00f6r terr\u00e4ng- och hybridcyklar och \u00e4r mycket anv\u00e4ndbar b\u00e5de f\u00f6r cyklister som vill reparera sina bromshandtag sj\u00e4lva och f\u00f6r dem som tar hand om deras regelbundna underh\u00e5ll och justering.<\/p>","protected":false},"excerpt":{"rendered":"<p>Jarruvipu Ilmaussarja TL-BR003 on suunniteltu tukemaan jarruvipujen kunnossapitoa tehokkaasti, varmistaen, ett\u00e4 jarruj\u00e4rjestelm\u00e4 toimii aina luotettavasti. Sarjan mukana toimitetaan ilmakuppi ja M5 ilmausruuvi, jotka tarjoavat kaikki tarvittavat osat onnistuneeseen ilmaamiseen. T\u00e4m\u00e4 monipuolinen ty\u00f6kalusarja soveltuu erityisesti maasto- ja hybridipy\u00f6rille, ja se on eritt\u00e4in hy\u00f6dyllinen sek\u00e4 py\u00f6r\u00e4ilij\u00f6ille, jotka haluavat korjata jarruvipunsa itse, ett\u00e4 niille, jotka huolehtivat niiden s\u00e4\u00e4nn\u00f6llisest\u00e4 [&#8230;]<\/p>\n<p><a class=\"btn btn-secondary understrap-read-more-link\" href=\"https:\/\/vmsport.fi\/sv\/verkkokauppa\/tarvikkeet\/tyokalut\/jarrunilmaussarjat\/ilmaussarja-tl-br003-jarruvipu\/\">L\u00e4s mer \u2026<span class=\"screen-reader-text\"> from Ilmaussarja TL-BR003 &#8211; Jarruvipu<\/span><\/a><\/p>\n","protected":false},"featured_media":55874,"comment_status":"open","ping_status":"closed","template":"","meta":{"_acf_changed":false,"_improvement_type_select":"improve_an_existing","_thumb_yes_seoaic":false,"_frame_yes_seoaic":false,"seoaic_generate_description":"","seoaic_improve_instructions_prompt":"","seoaic_rollback_content_improvement":"","seoaic_idea_thumbnail_generator":"","thumbnail_generated":false,"thumbnail_generate_prompt":"","seoaic_article_description":"","_supplier_stock_quantity":0},"product_brand":[],"product_model":[],"product_cat":[9578],"product_tag":[],"industry-terminology":[],"class_list":{"0":"post-55875","1":"product","2":"type-product","3":"status-publish","4":"has-post-thumbnail","6":"product_cat-jarrunilmaussarjat","8":"first","9":"instock","10":"taxable","11":"shipping-taxable","12":"purchasable","13":"product-type-simple"},"acf":{"bike_features":null,"overview":{"copy_overview":null,"key_features":null,"statement":"","youtube_url":""}},"yoast_head":"<!-- This site is optimized with the Yoast SEO plugin v27.3 - https:\/\/yoast.com\/product\/yoast-seo-wordpress\/ -->\n<title>Ilmaussarja TL-BR003 - Jarruvipu - VM Sport<\/title>\n<meta name=\"robots\" content=\"index, follow, max-snippet:-1, max-image-preview:large, max-video-preview:-1\" \/>\n<link rel=\"canonical\" href=\"https:\/\/vmsport.fi\/sv\/webbutik\/dack\/systerdack\/vag-och-grusdack-for-systrar\/indikatorkit-tl-br003-bromshandtag\/\" \/>\n<meta property=\"og:locale\" content=\"sv_SE\" \/>\n<meta property=\"og:type\" content=\"article\" \/>\n<meta property=\"og:title\" content=\"Ilmaussarja TL-BR003 - Jarruvipu - VM Sport\" \/>\n<meta property=\"og:description\" content=\"Jarruvipu Ilmaussarja TL-BR003 on suunniteltu tukemaan jarruvipujen kunnossapitoa tehokkaasti, varmistaen, ett\u00e4 jarruj\u00e4rjestelm\u00e4 toimii aina luotettavasti. Sarjan mukana toimitetaan ilmakuppi ja M5 ilmausruuvi, jotka tarjoavat kaikki tarvittavat osat onnistuneeseen ilmaamiseen. T\u00e4m\u00e4 monipuolinen ty\u00f6kalusarja soveltuu erityisesti maasto- ja hybridipy\u00f6rille, ja se on eritt\u00e4in hy\u00f6dyllinen sek\u00e4 py\u00f6r\u00e4ilij\u00f6ille, jotka haluavat korjata jarruvipunsa itse, ett\u00e4 niille, jotka huolehtivat niiden s\u00e4\u00e4nn\u00f6llisest\u00e4 [...]L\u00e4s mer \u2026 from Ilmaussarja TL-BR003 &#8211; Jarruvipu\" \/>\n<meta property=\"og:url\" content=\"https:\/\/vmsport.fi\/sv\/webbutik\/dack\/systerdack\/vag-och-grusdack-for-systrar\/indikatorkit-tl-br003-bromshandtag\/\" \/>\n<meta property=\"og:site_name\" content=\"VM Sport\" \/>\n<meta property=\"article:publisher\" content=\"https:\/\/www.facebook.com\/Vmsport.fi\/\" \/>\n<meta property=\"article:modified_time\" content=\"2026-03-30T07:56:11+00:00\" \/>\n<meta property=\"og:image\" content=\"https:\/\/vmsport.fi\/wp-content\/uploads\/2025\/03\/0SI9wMK9Z0kKw8uRUr63vDEQtL032lDYahOIvSKBkSK3J8YUtL-1.jpg\" \/>\n\t<meta property=\"og:image:width\" content=\"600\" \/>\n\t<meta property=\"og:image:height\" content=\"600\" \/>\n\t<meta property=\"og:image:type\" content=\"image\/jpeg\" \/>\n<meta name=\"twitter:card\" content=\"summary_large_image\" \/>\n<script type=\"application\/ld+json\" class=\"yoast-schema-graph\">{\"@context\":\"https:\\\/\\\/schema.org\",\"@graph\":[{\"@type\":[\"WebPage\",\"ItemPage\"],\"@id\":\"https:\\\/\\\/vmsport.fi\\\/verkkokauppa\\\/renkaat\\\/sisarenkaat\\\/maantie-ja-gravel-sisarenkaat\\\/ilmaussarja-tl-br003-jarruvipu\\\/\",\"url\":\"https:\\\/\\\/vmsport.fi\\\/verkkokauppa\\\/renkaat\\\/sisarenkaat\\\/maantie-ja-gravel-sisarenkaat\\\/ilmaussarja-tl-br003-jarruvipu\\\/\",\"name\":\"Ilmaussarja TL-BR003 - Jarruvipu - VM Sport\",\"isPartOf\":{\"@id\":\"https:\\\/\\\/vmsport.fi\\\/#website\"},\"primaryImageOfPage\":{\"@id\":\"https:\\\/\\\/vmsport.fi\\\/verkkokauppa\\\/renkaat\\\/sisarenkaat\\\/maantie-ja-gravel-sisarenkaat\\\/ilmaussarja-tl-br003-jarruvipu\\\/#primaryimage\"},\"image\":{\"@id\":\"https:\\\/\\\/vmsport.fi\\\/verkkokauppa\\\/renkaat\\\/sisarenkaat\\\/maantie-ja-gravel-sisarenkaat\\\/ilmaussarja-tl-br003-jarruvipu\\\/#primaryimage\"},\"thumbnailUrl\":\"https:\\\/\\\/vmsport.fi\\\/wp-content\\\/uploads\\\/2025\\\/03\\\/0SI9wMK9Z0kKw8uRUr63vDEQtL032lDYahOIvSKBkSK3J8YUtL-1.jpg\",\"datePublished\":\"2025-03-05T22:13:02+00:00\",\"dateModified\":\"2026-03-30T07:56:11+00:00\",\"breadcrumb\":{\"@id\":\"https:\\\/\\\/vmsport.fi\\\/verkkokauppa\\\/renkaat\\\/sisarenkaat\\\/maantie-ja-gravel-sisarenkaat\\\/ilmaussarja-tl-br003-jarruvipu\\\/#breadcrumb\"},\"inLanguage\":\"sv-SE\",\"potentialAction\":[{\"@type\":\"ReadAction\",\"target\":[\"https:\\\/\\\/vmsport.fi\\\/verkkokauppa\\\/renkaat\\\/sisarenkaat\\\/maantie-ja-gravel-sisarenkaat\\\/ilmaussarja-tl-br003-jarruvipu\\\/\"]}]},{\"@type\":\"ImageObject\",\"inLanguage\":\"sv-SE\",\"@id\":\"https:\\\/\\\/vmsport.fi\\\/verkkokauppa\\\/renkaat\\\/sisarenkaat\\\/maantie-ja-gravel-sisarenkaat\\\/ilmaussarja-tl-br003-jarruvipu\\\/#primaryimage\",\"url\":\"https:\\\/\\\/vmsport.fi\\\/wp-content\\\/uploads\\\/2025\\\/03\\\/0SI9wMK9Z0kKw8uRUr63vDEQtL032lDYahOIvSKBkSK3J8YUtL-1.jpg\",\"contentUrl\":\"https:\\\/\\\/vmsport.fi\\\/wp-content\\\/uploads\\\/2025\\\/03\\\/0SI9wMK9Z0kKw8uRUr63vDEQtL032lDYahOIvSKBkSK3J8YUtL-1.jpg\",\"width\":600,\"height\":600,\"caption\":\"0SI9wMK9Z0kKw8uRUr63vDEQtL032lDYahOIvSKBkSK3J8YUtL\"},{\"@type\":\"BreadcrumbList\",\"@id\":\"https:\\\/\\\/vmsport.fi\\\/verkkokauppa\\\/renkaat\\\/sisarenkaat\\\/maantie-ja-gravel-sisarenkaat\\\/ilmaussarja-tl-br003-jarruvipu\\\/#breadcrumb\",\"itemListElement\":[{\"@type\":\"ListItem\",\"position\":1,\"name\":\"Etusivu\",\"item\":\"https:\\\/\\\/vmsport.fi\\\/\"},{\"@type\":\"ListItem\",\"position\":2,\"name\":\"Online Store\",\"item\":\"https:\\\/\\\/vmsport.fi\\\/en\\\/online-store\\\/\"},{\"@type\":\"ListItem\",\"position\":3,\"name\":\"Ilmaussarja TL-BR003 &#8211; Jarruvipu\"}]},{\"@type\":\"WebSite\",\"@id\":\"https:\\\/\\\/vmsport.fi\\\/#website\",\"url\":\"https:\\\/\\\/vmsport.fi\\\/\",\"name\":\"Vmsport\",\"description\":\"Kaikki py\u00f6r\u00e4ilyyn yhdest\u00e4 paikasta\",\"publisher\":{\"@id\":\"https:\\\/\\\/vmsport.fi\\\/#organization\"},\"potentialAction\":[{\"@type\":\"SearchAction\",\"target\":{\"@type\":\"EntryPoint\",\"urlTemplate\":\"https:\\\/\\\/vmsport.fi\\\/?s={search_term_string}\"},\"query-input\":{\"@type\":\"PropertyValueSpecification\",\"valueRequired\":true,\"valueName\":\"search_term_string\"}}],\"inLanguage\":\"sv-SE\"},{\"@type\":\"Organization\",\"@id\":\"https:\\\/\\\/vmsport.fi\\\/#organization\",\"name\":\"Vmsport\",\"url\":\"https:\\\/\\\/vmsport.fi\\\/\",\"logo\":{\"@type\":\"ImageObject\",\"inLanguage\":\"sv-SE\",\"@id\":\"https:\\\/\\\/vmsport.fi\\\/#\\\/schema\\\/logo\\\/image\\\/\",\"url\":\"https:\\\/\\\/vmsport.fi\\\/wp-content\\\/uploads\\\/2024\\\/12\\\/vm_sport_RGB_horisontal-e1734526017575.png\",\"contentUrl\":\"https:\\\/\\\/vmsport.fi\\\/wp-content\\\/uploads\\\/2024\\\/12\\\/vm_sport_RGB_horisontal-e1734526017575.png\",\"width\":668,\"height\":85,\"caption\":\"Vmsport\"},\"image\":{\"@id\":\"https:\\\/\\\/vmsport.fi\\\/#\\\/schema\\\/logo\\\/image\\\/\"},\"sameAs\":[\"https:\\\/\\\/www.facebook.com\\\/Vmsport.fi\\\/\",\"https:\\\/\\\/www.instagram.com\\\/vmsport\\\/\"]}]}<\/script>\n<!-- \/ Yoast SEO plugin. -->","yoast_head_json":{"title":"TL-BR003 - Bromshandtagssats - VM Sport","robots":{"index":"index","follow":"follow","max-snippet":"max-snippet:-1","max-image-preview":"max-image-preview:large","max-video-preview":"max-video-preview:-1"},"canonical":"https:\/\/vmsport.fi\/sv\/webbutik\/dack\/systerdack\/vag-och-grusdack-for-systrar\/indikatorkit-tl-br003-bromshandtag\/","og_locale":"sv_SE","og_type":"article","og_title":"Ilmaussarja TL-BR003 - Jarruvipu - VM Sport","og_description":"Jarruvipu Ilmaussarja TL-BR003 on suunniteltu tukemaan jarruvipujen kunnossapitoa tehokkaasti, varmistaen, ett\u00e4 jarruj\u00e4rjestelm\u00e4 toimii aina luotettavasti. Sarjan mukana toimitetaan ilmakuppi ja M5 ilmausruuvi, jotka tarjoavat kaikki tarvittavat osat onnistuneeseen ilmaamiseen. T\u00e4m\u00e4 monipuolinen ty\u00f6kalusarja soveltuu erityisesti maasto- ja hybridipy\u00f6rille, ja se on eritt\u00e4in hy\u00f6dyllinen sek\u00e4 py\u00f6r\u00e4ilij\u00f6ille, jotka haluavat korjata jarruvipunsa itse, ett\u00e4 niille, jotka huolehtivat niiden s\u00e4\u00e4nn\u00f6llisest\u00e4 [...]L\u00e4s mer \u2026 from Ilmaussarja TL-BR003 &#8211; Jarruvipu","og_url":"https:\/\/vmsport.fi\/sv\/webbutik\/dack\/systerdack\/vag-och-grusdack-for-systrar\/indikatorkit-tl-br003-bromshandtag\/","og_site_name":"VM Sport","article_publisher":"https:\/\/www.facebook.com\/Vmsport.fi\/","article_modified_time":"2026-03-30T07:56:11+00:00","og_image":[{"width":600,"height":600,"url":"https:\/\/vmsport.fi\/wp-content\/uploads\/2025\/03\/0SI9wMK9Z0kKw8uRUr63vDEQtL032lDYahOIvSKBkSK3J8YUtL-1.jpg","type":"image\/jpeg"}],"twitter_card":"summary_large_image","schema":{"@context":"https:\/\/schema.org","@graph":[{"@type":["WebPage","ItemPage"],"@id":"https:\/\/vmsport.fi\/verkkokauppa\/renkaat\/sisarenkaat\/maantie-ja-gravel-sisarenkaat\/ilmaussarja-tl-br003-jarruvipu\/","url":"https:\/\/vmsport.fi\/verkkokauppa\/renkaat\/sisarenkaat\/maantie-ja-gravel-sisarenkaat\/ilmaussarja-tl-br003-jarruvipu\/","name":"TL-BR003 - Bromshandtagssats - VM Sport","isPartOf":{"@id":"https:\/\/vmsport.fi\/#website"},"primaryImageOfPage":{"@id":"https:\/\/vmsport.fi\/verkkokauppa\/renkaat\/sisarenkaat\/maantie-ja-gravel-sisarenkaat\/ilmaussarja-tl-br003-jarruvipu\/#primaryimage"},"image":{"@id":"https:\/\/vmsport.fi\/verkkokauppa\/renkaat\/sisarenkaat\/maantie-ja-gravel-sisarenkaat\/ilmaussarja-tl-br003-jarruvipu\/#primaryimage"},"thumbnailUrl":"https:\/\/vmsport.fi\/wp-content\/uploads\/2025\/03\/0SI9wMK9Z0kKw8uRUr63vDEQtL032lDYahOIvSKBkSK3J8YUtL-1.jpg","datePublished":"2025-03-05T22:13:02+00:00","dateModified":"2026-03-30T07:56:11+00:00","breadcrumb":{"@id":"https:\/\/vmsport.fi\/verkkokauppa\/renkaat\/sisarenkaat\/maantie-ja-gravel-sisarenkaat\/ilmaussarja-tl-br003-jarruvipu\/#breadcrumb"},"inLanguage":"sv-SE","potentialAction":[{"@type":"ReadAction","target":["https:\/\/vmsport.fi\/verkkokauppa\/renkaat\/sisarenkaat\/maantie-ja-gravel-sisarenkaat\/ilmaussarja-tl-br003-jarruvipu\/"]}]},{"@type":"ImageObject","inLanguage":"sv-SE","@id":"https:\/\/vmsport.fi\/verkkokauppa\/renkaat\/sisarenkaat\/maantie-ja-gravel-sisarenkaat\/ilmaussarja-tl-br003-jarruvipu\/#primaryimage","url":"https:\/\/vmsport.fi\/wp-content\/uploads\/2025\/03\/0SI9wMK9Z0kKw8uRUr63vDEQtL032lDYahOIvSKBkSK3J8YUtL-1.jpg","contentUrl":"https:\/\/vmsport.fi\/wp-content\/uploads\/2025\/03\/0SI9wMK9Z0kKw8uRUr63vDEQtL032lDYahOIvSKBkSK3J8YUtL-1.jpg","width":600,"height":600,"caption":"0SI9wMK9Z0kKw8uRUr63vDEQtL032lDYahOIvSKBkSK3J8YUtL"},{"@type":"BreadcrumbList","@id":"https:\/\/vmsport.fi\/verkkokauppa\/renkaat\/sisarenkaat\/maantie-ja-gravel-sisarenkaat\/ilmaussarja-tl-br003-jarruvipu\/#breadcrumb","itemListElement":[{"@type":"ListItem","position":1,"name":"Etusivu","item":"https:\/\/vmsport.fi\/"},{"@type":"ListItem","position":2,"name":"Online Store","item":"https:\/\/vmsport.fi\/en\/online-store\/"},{"@type":"ListItem","position":3,"name":"Ilmaussarja TL-BR003 &#8211; Jarruvipu"}]},{"@type":"WebSite","@id":"https:\/\/vmsport.fi\/#website","url":"https:\/\/vmsport.fi\/","name":"Vmsport","description":"Allt p\u00e5 ett st\u00e4lle f\u00f6r cykling","publisher":{"@id":"https:\/\/vmsport.fi\/#organization"},"potentialAction":[{"@type":"SearchAction","target":{"@type":"EntryPoint","urlTemplate":"https:\/\/vmsport.fi\/?s={search_term_string}"},"query-input":{"@type":"PropertyValueSpecification","valueRequired":true,"valueName":"search_term_string"}}],"inLanguage":"sv-SE"},{"@type":"Organization","@id":"https:\/\/vmsport.fi\/#organization","name":"Vmsport","url":"https:\/\/vmsport.fi\/","logo":{"@type":"ImageObject","inLanguage":"sv-SE","@id":"https:\/\/vmsport.fi\/#\/schema\/logo\/image\/","url":"https:\/\/vmsport.fi\/wp-content\/uploads\/2024\/12\/vm_sport_RGB_horisontal-e1734526017575.png","contentUrl":"https:\/\/vmsport.fi\/wp-content\/uploads\/2024\/12\/vm_sport_RGB_horisontal-e1734526017575.png","width":668,"height":85,"caption":"Vmsport"},"image":{"@id":"https:\/\/vmsport.fi\/#\/schema\/logo\/image\/"},"sameAs":["https:\/\/www.facebook.com\/Vmsport.fi\/","https:\/\/www.instagram.com\/vmsport\/"]}]}},"global_unique_id":"","_links":{"self":[{"href":"https:\/\/vmsport.fi\/sv\/wp-json\/wp\/v2\/product\/55875","targetHints":{"allow":["GET"]}}],"collection":[{"href":"https:\/\/vmsport.fi\/sv\/wp-json\/wp\/v2\/product"}],"about":[{"href":"https:\/\/vmsport.fi\/sv\/wp-json\/wp\/v2\/types\/product"}],"replies":[{"embeddable":true,"href":"https:\/\/vmsport.fi\/sv\/wp-json\/wp\/v2\/comments?post=55875"}],"wp:featuredmedia":[{"embeddable":true,"href":"https:\/\/vmsport.fi\/sv\/wp-json\/wp\/v2\/media\/55874"}],"wp:attachment":[{"href":"https:\/\/vmsport.fi\/sv\/wp-json\/wp\/v2\/media?parent=55875"}],"wp:term":[{"taxonomy":"product_brand","embeddable":true,"href":"https:\/\/vmsport.fi\/sv\/wp-json\/wp\/v2\/product_brand?post=55875"},{"taxonomy":"product_model","embeddable":true,"href":"https:\/\/vmsport.fi\/sv\/wp-json\/wp\/v2\/product_model?post=55875"},{"taxonomy":"product_cat","embeddable":true,"href":"https:\/\/vmsport.fi\/sv\/wp-json\/wp\/v2\/product_cat?post=55875"},{"taxonomy":"product_tag","embeddable":true,"href":"https:\/\/vmsport.fi\/sv\/wp-json\/wp\/v2\/product_tag?post=55875"},{"taxonomy":"industry_terminology","embeddable":true,"href":"https:\/\/vmsport.fi\/sv\/wp-json\/wp\/v2\/industry-terminology?post=55875"}],"curies":[{"name":"wp","href":"https:\/\/api.w.org\/{rel}","templated":true}]}}