{"id":55871,"date":"2025-03-06T00:13:00","date_gmt":"2025-03-05T22:13:00","guid":{"rendered":"https:\/\/vmsport.fi\/verkkokauppa\/Ei-luokiteltu\/chaoyang-fatbike-120-559-26x4-9-tr-nastarengas\/"},"modified":"2026-03-11T02:00:13","modified_gmt":"2026-03-11T00:00:13","slug":"chaoyang-fatbike-120-559-26x4-9-tr-dubbdack","status":"publish","type":"product","link":"https:\/\/vmsport.fi\/sv\/verkkokauppa\/renkaat\/ulkorenkaat\/nastarenkaat\/chaoyang-fatbike-120-559-26x4-9-tr-nastarengas\/","title":{"rendered":"Chaoyang Fatbike 120-559 (26\u00d74.9), TR dubbd\u00e4ck"},"content":{"rendered":"<p>Chaoyang Fatbike 120-559 (26\u00d74.9) \u00e4r ett utm\u00e4rkt val f\u00f6r vintercykling p\u00e5 mountainbike och ger s\u00e4kert grepp och hanterbarhet under sv\u00e5ra f\u00f6rh\u00e5llanden. D\u00e4cket \u00e4r tillverkat av slitstarkt gummi och \u00e4r s\u00e4rskilt utformat f\u00f6r vinter- och terr\u00e4ngk\u00f6rning. Det har h\u00f6gpresterande dubbar som f\u00f6rb\u00e4ttrar greppet p\u00e5 is och sn\u00f6. Stommens stabila struktur g\u00f6r det l\u00e4ttare att trampa i oj\u00e4mn terr\u00e4ng och m\u00f6jligg\u00f6r smidig cykling \u00e4ven under varierande v\u00e4derf\u00f6rh\u00e5llanden. Det h\u00e4r d\u00e4cket \u00e4r det perfekta valet f\u00f6r dig som letar efter en p\u00e5litlig och h\u00f6gpresterande l\u00f6sning f\u00f6r vinterk\u00f6rning och erbjuder en utm\u00e4rkt kombination av h\u00e5llbarhet och s\u00e4kerhet.<\/p>","protected":false},"excerpt":{"rendered":"<p>Chaoyang Fatbike 120-559 (26&#215;4.9) on loistava valinta talviseen maastopy\u00f6r\u00e4ilyyn, sill\u00e4 se tarjoaa varmaa pitoa ja hallittavuutta hankalissa olosuhteissa. T\u00e4m\u00e4 rengas, joka on tehty kest\u00e4v\u00e4st\u00e4 kumista, on erityisesti suunniteltu talvi- ja maastoajoon. Siin\u00e4 on tehokkaat nastat, jotka parantavat pitoa j\u00e4\u00e4ll\u00e4 ja lumella. Rungon vakaa rakenne kevent\u00e4\u00e4 polkemista ep\u00e4tasaisessa maastossa ja mahdollistaa py\u00f6r\u00e4ilyn sujuvuuden my\u00f6s vaihtelevissa s\u00e4\u00e4olosuhteissa. [&#8230;]<\/p>\n<p><a class=\"btn btn-secondary understrap-read-more-link\" href=\"https:\/\/vmsport.fi\/sv\/verkkokauppa\/renkaat\/ulkorenkaat\/nastarenkaat\/chaoyang-fatbike-120-559-26x4-9-tr-nastarengas\/\">L\u00e4s mer \u2026<span class=\"screen-reader-text\"> from Chaoyang Fatbike 120-559 (26&#215;4.9), TR Nastarengas<\/span><\/a><\/p>\n","protected":false},"featured_media":55869,"comment_status":"open","ping_status":"closed","template":"","meta":{"_acf_changed":false,"_improvement_type_select":"improve_an_existing","_thumb_yes_seoaic":false,"_frame_yes_seoaic":false,"seoaic_generate_description":"","seoaic_improve_instructions_prompt":"","seoaic_rollback_content_improvement":"","seoaic_idea_thumbnail_generator":"","thumbnail_generated":false,"thumbnail_generate_prompt":"","seoaic_article_description":"","_supplier_stock_quantity":0},"product_brand":[],"product_model":[],"product_cat":[9336],"product_tag":[],"industry-terminology":[],"class_list":{"0":"post-55871","1":"product","2":"type-product","3":"status-publish","4":"has-post-thumbnail","6":"product_cat-nastarenkaat","8":"first","9":"instock","10":"taxable","11":"shipping-taxable","12":"purchasable","13":"product-type-simple"},"acf":{"bike_features":null,"overview":{"copy_overview":null,"key_features":null,"statement":"","youtube_url":""}},"yoast_head":"<!-- This site is optimized with the Yoast SEO plugin v27.3 - https:\/\/yoast.com\/product\/yoast-seo-wordpress\/ -->\n<title>Chaoyang Fatbike 120-559 (26x4.9), TR Nastarengas - VM Sport<\/title>\n<meta name=\"robots\" content=\"index, follow, max-snippet:-1, max-image-preview:large, max-video-preview:-1\" \/>\n<link rel=\"canonical\" href=\"https:\/\/vmsport.fi\/sv\/webbutik\/dack\/dack-for-utomhusbruk\/dubbdack\/chaoyang-fatbike-120-559-26x4-9-tr-dubbdack\/\" \/>\n<meta property=\"og:locale\" content=\"sv_SE\" \/>\n<meta property=\"og:type\" content=\"article\" \/>\n<meta property=\"og:title\" content=\"Chaoyang Fatbike 120-559 (26x4.9), TR Nastarengas - VM Sport\" \/>\n<meta property=\"og:description\" content=\"Chaoyang Fatbike 120-559 (26&#215;4.9) on loistava valinta talviseen maastopy\u00f6r\u00e4ilyyn, sill\u00e4 se tarjoaa varmaa pitoa ja hallittavuutta hankalissa olosuhteissa. T\u00e4m\u00e4 rengas, joka on tehty kest\u00e4v\u00e4st\u00e4 kumista, on erityisesti suunniteltu talvi- ja maastoajoon. Siin\u00e4 on tehokkaat nastat, jotka parantavat pitoa j\u00e4\u00e4ll\u00e4 ja lumella. Rungon vakaa rakenne kevent\u00e4\u00e4 polkemista ep\u00e4tasaisessa maastossa ja mahdollistaa py\u00f6r\u00e4ilyn sujuvuuden my\u00f6s vaihtelevissa s\u00e4\u00e4olosuhteissa. [...]L\u00e4s mer \u2026 from Chaoyang Fatbike 120-559 (26&#215;4.9), TR Nastarengas\" \/>\n<meta property=\"og:url\" content=\"https:\/\/vmsport.fi\/sv\/webbutik\/dack\/dack-for-utomhusbruk\/dubbdack\/chaoyang-fatbike-120-559-26x4-9-tr-dubbdack\/\" \/>\n<meta property=\"og:site_name\" content=\"VM Sport\" \/>\n<meta property=\"article:publisher\" content=\"https:\/\/www.facebook.com\/Vmsport.fi\/\" \/>\n<meta property=\"article:modified_time\" content=\"2026-03-11T00:00:13+00:00\" \/>\n<meta property=\"og:image\" content=\"https:\/\/vmsport.fi\/wp-content\/uploads\/2025\/03\/w108243-1.jpg\" \/>\n\t<meta property=\"og:image:width\" content=\"1000\" \/>\n\t<meta property=\"og:image:height\" content=\"1000\" \/>\n\t<meta property=\"og:image:type\" content=\"image\/jpeg\" \/>\n<meta name=\"twitter:card\" content=\"summary_large_image\" \/>\n<meta name=\"twitter:label1\" content=\"Ber\u00e4knad l\u00e4stid\" \/>\n\t<meta name=\"twitter:data1\" content=\"1 minut\" \/>\n<script type=\"application\/ld+json\" class=\"yoast-schema-graph\">{\"@context\":\"https:\\\/\\\/schema.org\",\"@graph\":[{\"@type\":[\"WebPage\",\"ItemPage\"],\"@id\":\"https:\\\/\\\/vmsport.fi\\\/verkkokauppa\\\/renkaat\\\/ulkorenkaat\\\/nastarenkaat\\\/chaoyang-fatbike-120-559-26x4-9-tr-nastarengas\\\/\",\"url\":\"https:\\\/\\\/vmsport.fi\\\/verkkokauppa\\\/renkaat\\\/ulkorenkaat\\\/nastarenkaat\\\/chaoyang-fatbike-120-559-26x4-9-tr-nastarengas\\\/\",\"name\":\"Chaoyang Fatbike 120-559 (26x4.9), TR Nastarengas - VM Sport\",\"isPartOf\":{\"@id\":\"https:\\\/\\\/vmsport.fi\\\/#website\"},\"primaryImageOfPage\":{\"@id\":\"https:\\\/\\\/vmsport.fi\\\/verkkokauppa\\\/renkaat\\\/ulkorenkaat\\\/nastarenkaat\\\/chaoyang-fatbike-120-559-26x4-9-tr-nastarengas\\\/#primaryimage\"},\"image\":{\"@id\":\"https:\\\/\\\/vmsport.fi\\\/verkkokauppa\\\/renkaat\\\/ulkorenkaat\\\/nastarenkaat\\\/chaoyang-fatbike-120-559-26x4-9-tr-nastarengas\\\/#primaryimage\"},\"thumbnailUrl\":\"https:\\\/\\\/vmsport.fi\\\/wp-content\\\/uploads\\\/2025\\\/03\\\/w108243-1.jpg\",\"datePublished\":\"2025-03-05T22:13:00+00:00\",\"dateModified\":\"2026-03-11T00:00:13+00:00\",\"breadcrumb\":{\"@id\":\"https:\\\/\\\/vmsport.fi\\\/verkkokauppa\\\/renkaat\\\/ulkorenkaat\\\/nastarenkaat\\\/chaoyang-fatbike-120-559-26x4-9-tr-nastarengas\\\/#breadcrumb\"},\"inLanguage\":\"sv-SE\",\"potentialAction\":[{\"@type\":\"ReadAction\",\"target\":[\"https:\\\/\\\/vmsport.fi\\\/verkkokauppa\\\/renkaat\\\/ulkorenkaat\\\/nastarenkaat\\\/chaoyang-fatbike-120-559-26x4-9-tr-nastarengas\\\/\"]}]},{\"@type\":\"ImageObject\",\"inLanguage\":\"sv-SE\",\"@id\":\"https:\\\/\\\/vmsport.fi\\\/verkkokauppa\\\/renkaat\\\/ulkorenkaat\\\/nastarenkaat\\\/chaoyang-fatbike-120-559-26x4-9-tr-nastarengas\\\/#primaryimage\",\"url\":\"https:\\\/\\\/vmsport.fi\\\/wp-content\\\/uploads\\\/2025\\\/03\\\/w108243-1.jpg\",\"contentUrl\":\"https:\\\/\\\/vmsport.fi\\\/wp-content\\\/uploads\\\/2025\\\/03\\\/w108243-1.jpg\",\"width\":1000,\"height\":1000,\"caption\":\"w108243\"},{\"@type\":\"BreadcrumbList\",\"@id\":\"https:\\\/\\\/vmsport.fi\\\/verkkokauppa\\\/renkaat\\\/ulkorenkaat\\\/nastarenkaat\\\/chaoyang-fatbike-120-559-26x4-9-tr-nastarengas\\\/#breadcrumb\",\"itemListElement\":[{\"@type\":\"ListItem\",\"position\":1,\"name\":\"Etusivu\",\"item\":\"https:\\\/\\\/vmsport.fi\\\/\"},{\"@type\":\"ListItem\",\"position\":2,\"name\":\"Online Store\",\"item\":\"https:\\\/\\\/vmsport.fi\\\/en\\\/online-store\\\/\"},{\"@type\":\"ListItem\",\"position\":3,\"name\":\"Chaoyang Fatbike 120-559 (26&#215;4.9), TR Nastarengas\"}]},{\"@type\":\"WebSite\",\"@id\":\"https:\\\/\\\/vmsport.fi\\\/#website\",\"url\":\"https:\\\/\\\/vmsport.fi\\\/\",\"name\":\"Vmsport\",\"description\":\"Kaikki py\u00f6r\u00e4ilyyn yhdest\u00e4 paikasta\",\"publisher\":{\"@id\":\"https:\\\/\\\/vmsport.fi\\\/#organization\"},\"potentialAction\":[{\"@type\":\"SearchAction\",\"target\":{\"@type\":\"EntryPoint\",\"urlTemplate\":\"https:\\\/\\\/vmsport.fi\\\/?s={search_term_string}\"},\"query-input\":{\"@type\":\"PropertyValueSpecification\",\"valueRequired\":true,\"valueName\":\"search_term_string\"}}],\"inLanguage\":\"sv-SE\"},{\"@type\":\"Organization\",\"@id\":\"https:\\\/\\\/vmsport.fi\\\/#organization\",\"name\":\"Vmsport\",\"url\":\"https:\\\/\\\/vmsport.fi\\\/\",\"logo\":{\"@type\":\"ImageObject\",\"inLanguage\":\"sv-SE\",\"@id\":\"https:\\\/\\\/vmsport.fi\\\/#\\\/schema\\\/logo\\\/image\\\/\",\"url\":\"https:\\\/\\\/vmsport.fi\\\/wp-content\\\/uploads\\\/2024\\\/12\\\/vm_sport_RGB_horisontal-e1734526017575.png\",\"contentUrl\":\"https:\\\/\\\/vmsport.fi\\\/wp-content\\\/uploads\\\/2024\\\/12\\\/vm_sport_RGB_horisontal-e1734526017575.png\",\"width\":668,\"height\":85,\"caption\":\"Vmsport\"},\"image\":{\"@id\":\"https:\\\/\\\/vmsport.fi\\\/#\\\/schema\\\/logo\\\/image\\\/\"},\"sameAs\":[\"https:\\\/\\\/www.facebook.com\\\/Vmsport.fi\\\/\",\"https:\\\/\\\/www.instagram.com\\\/vmsport\\\/\"]}]}<\/script>\n<!-- \/ Yoast SEO plugin. -->","yoast_head_json":{"title":"Chaoyang Fatbike 120-559 (26x4.9), TR Nastarengas - VM Sport","robots":{"index":"index","follow":"follow","max-snippet":"max-snippet:-1","max-image-preview":"max-image-preview:large","max-video-preview":"max-video-preview:-1"},"canonical":"https:\/\/vmsport.fi\/sv\/webbutik\/dack\/dack-for-utomhusbruk\/dubbdack\/chaoyang-fatbike-120-559-26x4-9-tr-dubbdack\/","og_locale":"sv_SE","og_type":"article","og_title":"Chaoyang Fatbike 120-559 (26x4.9), TR Nastarengas - VM Sport","og_description":"Chaoyang Fatbike 120-559 (26&#215;4.9) on loistava valinta talviseen maastopy\u00f6r\u00e4ilyyn, sill\u00e4 se tarjoaa varmaa pitoa ja hallittavuutta hankalissa olosuhteissa. T\u00e4m\u00e4 rengas, joka on tehty kest\u00e4v\u00e4st\u00e4 kumista, on erityisesti suunniteltu talvi- ja maastoajoon. Siin\u00e4 on tehokkaat nastat, jotka parantavat pitoa j\u00e4\u00e4ll\u00e4 ja lumella. Rungon vakaa rakenne kevent\u00e4\u00e4 polkemista ep\u00e4tasaisessa maastossa ja mahdollistaa py\u00f6r\u00e4ilyn sujuvuuden my\u00f6s vaihtelevissa s\u00e4\u00e4olosuhteissa. [...]L\u00e4s mer \u2026 from Chaoyang Fatbike 120-559 (26&#215;4.9), TR Nastarengas","og_url":"https:\/\/vmsport.fi\/sv\/webbutik\/dack\/dack-for-utomhusbruk\/dubbdack\/chaoyang-fatbike-120-559-26x4-9-tr-dubbdack\/","og_site_name":"VM Sport","article_publisher":"https:\/\/www.facebook.com\/Vmsport.fi\/","article_modified_time":"2026-03-11T00:00:13+00:00","og_image":[{"width":1000,"height":1000,"url":"https:\/\/vmsport.fi\/wp-content\/uploads\/2025\/03\/w108243-1.jpg","type":"image\/jpeg"}],"twitter_card":"summary_large_image","twitter_misc":{"Ber\u00e4knad l\u00e4stid":"1 minut"},"schema":{"@context":"https:\/\/schema.org","@graph":[{"@type":["WebPage","ItemPage"],"@id":"https:\/\/vmsport.fi\/verkkokauppa\/renkaat\/ulkorenkaat\/nastarenkaat\/chaoyang-fatbike-120-559-26x4-9-tr-nastarengas\/","url":"https:\/\/vmsport.fi\/verkkokauppa\/renkaat\/ulkorenkaat\/nastarenkaat\/chaoyang-fatbike-120-559-26x4-9-tr-nastarengas\/","name":"Chaoyang Fatbike 120-559 (26x4.9), TR Nastarengas - VM Sport","isPartOf":{"@id":"https:\/\/vmsport.fi\/#website"},"primaryImageOfPage":{"@id":"https:\/\/vmsport.fi\/verkkokauppa\/renkaat\/ulkorenkaat\/nastarenkaat\/chaoyang-fatbike-120-559-26x4-9-tr-nastarengas\/#primaryimage"},"image":{"@id":"https:\/\/vmsport.fi\/verkkokauppa\/renkaat\/ulkorenkaat\/nastarenkaat\/chaoyang-fatbike-120-559-26x4-9-tr-nastarengas\/#primaryimage"},"thumbnailUrl":"https:\/\/vmsport.fi\/wp-content\/uploads\/2025\/03\/w108243-1.jpg","datePublished":"2025-03-05T22:13:00+00:00","dateModified":"2026-03-11T00:00:13+00:00","breadcrumb":{"@id":"https:\/\/vmsport.fi\/verkkokauppa\/renkaat\/ulkorenkaat\/nastarenkaat\/chaoyang-fatbike-120-559-26x4-9-tr-nastarengas\/#breadcrumb"},"inLanguage":"sv-SE","potentialAction":[{"@type":"ReadAction","target":["https:\/\/vmsport.fi\/verkkokauppa\/renkaat\/ulkorenkaat\/nastarenkaat\/chaoyang-fatbike-120-559-26x4-9-tr-nastarengas\/"]}]},{"@type":"ImageObject","inLanguage":"sv-SE","@id":"https:\/\/vmsport.fi\/verkkokauppa\/renkaat\/ulkorenkaat\/nastarenkaat\/chaoyang-fatbike-120-559-26x4-9-tr-nastarengas\/#primaryimage","url":"https:\/\/vmsport.fi\/wp-content\/uploads\/2025\/03\/w108243-1.jpg","contentUrl":"https:\/\/vmsport.fi\/wp-content\/uploads\/2025\/03\/w108243-1.jpg","width":1000,"height":1000,"caption":"w108243"},{"@type":"BreadcrumbList","@id":"https:\/\/vmsport.fi\/verkkokauppa\/renkaat\/ulkorenkaat\/nastarenkaat\/chaoyang-fatbike-120-559-26x4-9-tr-nastarengas\/#breadcrumb","itemListElement":[{"@type":"ListItem","position":1,"name":"Etusivu","item":"https:\/\/vmsport.fi\/"},{"@type":"ListItem","position":2,"name":"Online Store","item":"https:\/\/vmsport.fi\/en\/online-store\/"},{"@type":"ListItem","position":3,"name":"Chaoyang Fatbike 120-559 (26&#215;4.9), TR Nastarengas"}]},{"@type":"WebSite","@id":"https:\/\/vmsport.fi\/#website","url":"https:\/\/vmsport.fi\/","name":"Vmsport","description":"Allt p\u00e5 ett st\u00e4lle f\u00f6r cykling","publisher":{"@id":"https:\/\/vmsport.fi\/#organization"},"potentialAction":[{"@type":"SearchAction","target":{"@type":"EntryPoint","urlTemplate":"https:\/\/vmsport.fi\/?s={search_term_string}"},"query-input":{"@type":"PropertyValueSpecification","valueRequired":true,"valueName":"search_term_string"}}],"inLanguage":"sv-SE"},{"@type":"Organization","@id":"https:\/\/vmsport.fi\/#organization","name":"Vmsport","url":"https:\/\/vmsport.fi\/","logo":{"@type":"ImageObject","inLanguage":"sv-SE","@id":"https:\/\/vmsport.fi\/#\/schema\/logo\/image\/","url":"https:\/\/vmsport.fi\/wp-content\/uploads\/2024\/12\/vm_sport_RGB_horisontal-e1734526017575.png","contentUrl":"https:\/\/vmsport.fi\/wp-content\/uploads\/2024\/12\/vm_sport_RGB_horisontal-e1734526017575.png","width":668,"height":85,"caption":"Vmsport"},"image":{"@id":"https:\/\/vmsport.fi\/#\/schema\/logo\/image\/"},"sameAs":["https:\/\/www.facebook.com\/Vmsport.fi\/","https:\/\/www.instagram.com\/vmsport\/"]}]}},"global_unique_id":"","_links":{"self":[{"href":"https:\/\/vmsport.fi\/sv\/wp-json\/wp\/v2\/product\/55871","targetHints":{"allow":["GET"]}}],"collection":[{"href":"https:\/\/vmsport.fi\/sv\/wp-json\/wp\/v2\/product"}],"about":[{"href":"https:\/\/vmsport.fi\/sv\/wp-json\/wp\/v2\/types\/product"}],"replies":[{"embeddable":true,"href":"https:\/\/vmsport.fi\/sv\/wp-json\/wp\/v2\/comments?post=55871"}],"wp:featuredmedia":[{"embeddable":true,"href":"https:\/\/vmsport.fi\/sv\/wp-json\/wp\/v2\/media\/55869"}],"wp:attachment":[{"href":"https:\/\/vmsport.fi\/sv\/wp-json\/wp\/v2\/media?parent=55871"}],"wp:term":[{"taxonomy":"product_brand","embeddable":true,"href":"https:\/\/vmsport.fi\/sv\/wp-json\/wp\/v2\/product_brand?post=55871"},{"taxonomy":"product_model","embeddable":true,"href":"https:\/\/vmsport.fi\/sv\/wp-json\/wp\/v2\/product_model?post=55871"},{"taxonomy":"product_cat","embeddable":true,"href":"https:\/\/vmsport.fi\/sv\/wp-json\/wp\/v2\/product_cat?post=55871"},{"taxonomy":"product_tag","embeddable":true,"href":"https:\/\/vmsport.fi\/sv\/wp-json\/wp\/v2\/product_tag?post=55871"},{"taxonomy":"industry_terminology","embeddable":true,"href":"https:\/\/vmsport.fi\/sv\/wp-json\/wp\/v2\/industry-terminology?post=55871"}],"curies":[{"name":"wp","href":"https:\/\/api.w.org\/{rel}","templated":true}]}}