{"id":55864,"date":"2025-03-06T00:12:57","date_gmt":"2025-03-05T22:12:57","guid":{"rendered":"https:\/\/vmsport.fi\/verkkokauppa\/Ei-luokiteltu\/orange-seal-subzero-tubeless-sealant-237-ml\/"},"modified":"2026-03-27T02:00:29","modified_gmt":"2026-03-27T00:00:29","slug":"orange-seal-subzero-slanglos-tatningsmedel-237-ml","status":"publish","type":"product","link":"https:\/\/vmsport.fi\/sv\/verkkokauppa\/renkaat\/tubeless-tarvikkeet\/tubeless-nesteet\/orange-seal-subzero-tubeless-sealant-237-ml\/","title":{"rendered":"ORANGE SEAL Subzero - Tubeless t\u00e4tningsmedel 237 ml"},"content":{"rendered":"<p>ORANGE SEAL Subzero - Tubeless t\u00e4tningsmedel ger utm\u00e4rkt skydd mot punktering under kalla vinterf\u00f6rh\u00e5llanden, vilket g\u00f6r det till ett perfekt val f\u00f6r sn\u00f6\u00e5kare. Formuleringen, som \u00e4r speciellt framtagen f\u00f6r extrema f\u00f6rh\u00e5llanden, ger snabb t\u00e4tning och tillf\u00f6rlitlig prestanda. Den \u00e4r perfekt f\u00f6r mountainbikes, BMX- och landsv\u00e4gscyklar f\u00f6r att bibeh\u00e5lla prestanda i l\u00e5ga temperaturer. Detta t\u00e4tningsmedel p\u00e5 237 ml \u00e4r l\u00e4mpligt f\u00f6r b\u00e5de slangl\u00f6sa och konventionella d\u00e4ck och garanterar maximal k\u00f6rkomfort under de mest kr\u00e4vande f\u00f6rh\u00e5llanden.<\/p>","protected":false},"excerpt":{"rendered":"<p>ORANGE SEAL Subzero &#8211; Tubeless-tiiviste tarjoaa erinomaisen suojan rengasrikkoja vastaan kylmiss\u00e4 talviolosuhteissa, mink\u00e4 ansiosta se on ihanteellinen valinta lumessa ajaville. Erityisesti \u00e4\u00e4riolosuhteisiin suunniteltu koostumus takaa nopean tiivistymisen ja luotettavan toiminnan. Se sopii t\u00e4ydellisesti maasto-, BMX- ja maantierenkaille, kun halutaan pit\u00e4\u00e4 suorituskyky yll\u00e4 alhaisissa l\u00e4mp\u00f6tiloissa. T\u00e4m\u00e4 237 ml:n tiiviste sopii sek\u00e4 tubeless-rattaisiin ett\u00e4 tavallisiin renkaisiin ja [&#8230;]<\/p>\n<p><a class=\"btn btn-secondary understrap-read-more-link\" href=\"https:\/\/vmsport.fi\/sv\/verkkokauppa\/renkaat\/tubeless-tarvikkeet\/tubeless-nesteet\/orange-seal-subzero-tubeless-sealant-237-ml\/\">L\u00e4s mer \u2026<span class=\"screen-reader-text\"> from ORANGE SEAL Subzero &#8211; Tubeless sealant 237 ml<\/span><\/a><\/p>\n","protected":false},"featured_media":55863,"comment_status":"open","ping_status":"closed","template":"","meta":{"_acf_changed":false,"_improvement_type_select":"improve_an_existing","_thumb_yes_seoaic":false,"_frame_yes_seoaic":false,"seoaic_generate_description":"","seoaic_improve_instructions_prompt":"","seoaic_rollback_content_improvement":"","seoaic_idea_thumbnail_generator":"","thumbnail_generated":false,"thumbnail_generate_prompt":"","seoaic_article_description":"","_supplier_stock_quantity":0},"product_brand":[],"product_model":[],"product_cat":[9370],"product_tag":[],"industry-terminology":[],"class_list":{"0":"post-55864","1":"product","2":"type-product","3":"status-publish","4":"has-post-thumbnail","6":"product_cat-tubeless-nesteet","8":"first","9":"instock","10":"taxable","11":"shipping-taxable","12":"purchasable","13":"product-type-simple"},"acf":{"bike_features":null,"overview":{"copy_overview":null,"key_features":null,"statement":"","youtube_url":""}},"yoast_head":"<!-- This site is optimized with the Yoast SEO plugin v27.3 - https:\/\/yoast.com\/product\/yoast-seo-wordpress\/ -->\n<title>ORANGE SEAL Subzero - Tubeless sealant 237 ml - VM Sport<\/title>\n<meta name=\"robots\" content=\"index, follow, max-snippet:-1, max-image-preview:large, max-video-preview:-1\" \/>\n<link rel=\"canonical\" href=\"https:\/\/vmsport.fi\/sv\/webbutik\/dack\/slanglosa-tillbehor\/slanglosa-vatskor\/orange-seal-subzero-slanglos-tatningsmedel-237-ml\/\" \/>\n<meta property=\"og:locale\" content=\"sv_SE\" \/>\n<meta property=\"og:type\" content=\"article\" \/>\n<meta property=\"og:title\" content=\"ORANGE SEAL Subzero - Tubeless sealant 237 ml - VM Sport\" \/>\n<meta property=\"og:description\" content=\"ORANGE SEAL Subzero &#8211; Tubeless-tiiviste tarjoaa erinomaisen suojan rengasrikkoja vastaan kylmiss\u00e4 talviolosuhteissa, mink\u00e4 ansiosta se on ihanteellinen valinta lumessa ajaville. Erityisesti \u00e4\u00e4riolosuhteisiin suunniteltu koostumus takaa nopean tiivistymisen ja luotettavan toiminnan. Se sopii t\u00e4ydellisesti maasto-, BMX- ja maantierenkaille, kun halutaan pit\u00e4\u00e4 suorituskyky yll\u00e4 alhaisissa l\u00e4mp\u00f6tiloissa. T\u00e4m\u00e4 237 ml:n tiiviste sopii sek\u00e4 tubeless-rattaisiin ett\u00e4 tavallisiin renkaisiin ja [...]L\u00e4s mer \u2026 from ORANGE SEAL Subzero &#8211; Tubeless sealant 237 ml\" \/>\n<meta property=\"og:url\" content=\"https:\/\/vmsport.fi\/sv\/webbutik\/dack\/slanglosa-tillbehor\/slanglosa-vatskor\/orange-seal-subzero-slanglos-tatningsmedel-237-ml\/\" \/>\n<meta property=\"og:site_name\" content=\"VM Sport\" \/>\n<meta property=\"article:publisher\" content=\"https:\/\/www.facebook.com\/Vmsport.fi\/\" \/>\n<meta property=\"article:modified_time\" content=\"2026-03-27T00:00:29+00:00\" \/>\n<meta property=\"og:image\" content=\"https:\/\/vmsport.fi\/wp-content\/uploads\/2025\/03\/XaUjTZHNJCR981tYocUln3cnEVxxafMwuMXwYjBzSn2hqcE9Nm-1.jpg\" \/>\n\t<meta property=\"og:image:width\" content=\"800\" \/>\n\t<meta property=\"og:image:height\" content=\"800\" \/>\n\t<meta property=\"og:image:type\" content=\"image\/jpeg\" \/>\n<meta name=\"twitter:card\" content=\"summary_large_image\" \/>\n<script type=\"application\/ld+json\" class=\"yoast-schema-graph\">{\"@context\":\"https:\\\/\\\/schema.org\",\"@graph\":[{\"@type\":[\"WebPage\",\"ItemPage\"],\"@id\":\"https:\\\/\\\/vmsport.fi\\\/verkkokauppa\\\/renkaat\\\/tubeless-tarvikkeet\\\/tubeless-nesteet\\\/orange-seal-subzero-tubeless-sealant-237-ml\\\/\",\"url\":\"https:\\\/\\\/vmsport.fi\\\/verkkokauppa\\\/renkaat\\\/tubeless-tarvikkeet\\\/tubeless-nesteet\\\/orange-seal-subzero-tubeless-sealant-237-ml\\\/\",\"name\":\"ORANGE SEAL Subzero - Tubeless sealant 237 ml - VM Sport\",\"isPartOf\":{\"@id\":\"https:\\\/\\\/vmsport.fi\\\/#website\"},\"primaryImageOfPage\":{\"@id\":\"https:\\\/\\\/vmsport.fi\\\/verkkokauppa\\\/renkaat\\\/tubeless-tarvikkeet\\\/tubeless-nesteet\\\/orange-seal-subzero-tubeless-sealant-237-ml\\\/#primaryimage\"},\"image\":{\"@id\":\"https:\\\/\\\/vmsport.fi\\\/verkkokauppa\\\/renkaat\\\/tubeless-tarvikkeet\\\/tubeless-nesteet\\\/orange-seal-subzero-tubeless-sealant-237-ml\\\/#primaryimage\"},\"thumbnailUrl\":\"https:\\\/\\\/vmsport.fi\\\/wp-content\\\/uploads\\\/2025\\\/03\\\/XaUjTZHNJCR981tYocUln3cnEVxxafMwuMXwYjBzSn2hqcE9Nm-1.jpg\",\"datePublished\":\"2025-03-05T22:12:57+00:00\",\"dateModified\":\"2026-03-27T00:00:29+00:00\",\"breadcrumb\":{\"@id\":\"https:\\\/\\\/vmsport.fi\\\/verkkokauppa\\\/renkaat\\\/tubeless-tarvikkeet\\\/tubeless-nesteet\\\/orange-seal-subzero-tubeless-sealant-237-ml\\\/#breadcrumb\"},\"inLanguage\":\"sv-SE\",\"potentialAction\":[{\"@type\":\"ReadAction\",\"target\":[\"https:\\\/\\\/vmsport.fi\\\/verkkokauppa\\\/renkaat\\\/tubeless-tarvikkeet\\\/tubeless-nesteet\\\/orange-seal-subzero-tubeless-sealant-237-ml\\\/\"]}]},{\"@type\":\"ImageObject\",\"inLanguage\":\"sv-SE\",\"@id\":\"https:\\\/\\\/vmsport.fi\\\/verkkokauppa\\\/renkaat\\\/tubeless-tarvikkeet\\\/tubeless-nesteet\\\/orange-seal-subzero-tubeless-sealant-237-ml\\\/#primaryimage\",\"url\":\"https:\\\/\\\/vmsport.fi\\\/wp-content\\\/uploads\\\/2025\\\/03\\\/XaUjTZHNJCR981tYocUln3cnEVxxafMwuMXwYjBzSn2hqcE9Nm-1.jpg\",\"contentUrl\":\"https:\\\/\\\/vmsport.fi\\\/wp-content\\\/uploads\\\/2025\\\/03\\\/XaUjTZHNJCR981tYocUln3cnEVxxafMwuMXwYjBzSn2hqcE9Nm-1.jpg\",\"width\":800,\"height\":800,\"caption\":\"XaUjTZHNJCR981tYocUln3cnEVxxafMwuMXwYjBzSn2hqcE9Nm\"},{\"@type\":\"BreadcrumbList\",\"@id\":\"https:\\\/\\\/vmsport.fi\\\/verkkokauppa\\\/renkaat\\\/tubeless-tarvikkeet\\\/tubeless-nesteet\\\/orange-seal-subzero-tubeless-sealant-237-ml\\\/#breadcrumb\",\"itemListElement\":[{\"@type\":\"ListItem\",\"position\":1,\"name\":\"Etusivu\",\"item\":\"https:\\\/\\\/vmsport.fi\\\/\"},{\"@type\":\"ListItem\",\"position\":2,\"name\":\"Online Store\",\"item\":\"https:\\\/\\\/vmsport.fi\\\/en\\\/online-store\\\/\"},{\"@type\":\"ListItem\",\"position\":3,\"name\":\"ORANGE SEAL Subzero &#8211; Tubeless sealant 237 ml\"}]},{\"@type\":\"WebSite\",\"@id\":\"https:\\\/\\\/vmsport.fi\\\/#website\",\"url\":\"https:\\\/\\\/vmsport.fi\\\/\",\"name\":\"Vmsport\",\"description\":\"Kaikki py\u00f6r\u00e4ilyyn yhdest\u00e4 paikasta\",\"publisher\":{\"@id\":\"https:\\\/\\\/vmsport.fi\\\/#organization\"},\"potentialAction\":[{\"@type\":\"SearchAction\",\"target\":{\"@type\":\"EntryPoint\",\"urlTemplate\":\"https:\\\/\\\/vmsport.fi\\\/?s={search_term_string}\"},\"query-input\":{\"@type\":\"PropertyValueSpecification\",\"valueRequired\":true,\"valueName\":\"search_term_string\"}}],\"inLanguage\":\"sv-SE\"},{\"@type\":\"Organization\",\"@id\":\"https:\\\/\\\/vmsport.fi\\\/#organization\",\"name\":\"Vmsport\",\"url\":\"https:\\\/\\\/vmsport.fi\\\/\",\"logo\":{\"@type\":\"ImageObject\",\"inLanguage\":\"sv-SE\",\"@id\":\"https:\\\/\\\/vmsport.fi\\\/#\\\/schema\\\/logo\\\/image\\\/\",\"url\":\"https:\\\/\\\/vmsport.fi\\\/wp-content\\\/uploads\\\/2024\\\/12\\\/vm_sport_RGB_horisontal-e1734526017575.png\",\"contentUrl\":\"https:\\\/\\\/vmsport.fi\\\/wp-content\\\/uploads\\\/2024\\\/12\\\/vm_sport_RGB_horisontal-e1734526017575.png\",\"width\":668,\"height\":85,\"caption\":\"Vmsport\"},\"image\":{\"@id\":\"https:\\\/\\\/vmsport.fi\\\/#\\\/schema\\\/logo\\\/image\\\/\"},\"sameAs\":[\"https:\\\/\\\/www.facebook.com\\\/Vmsport.fi\\\/\",\"https:\\\/\\\/www.instagram.com\\\/vmsport\\\/\"]}]}<\/script>\n<!-- \/ Yoast SEO plugin. -->","yoast_head_json":{"title":"ORANGE SEAL Subzero - t\u00e4tningsmedel f\u00f6r slangl\u00f6s montering 237 ml - VM Sport","robots":{"index":"index","follow":"follow","max-snippet":"max-snippet:-1","max-image-preview":"max-image-preview:large","max-video-preview":"max-video-preview:-1"},"canonical":"https:\/\/vmsport.fi\/sv\/webbutik\/dack\/slanglosa-tillbehor\/slanglosa-vatskor\/orange-seal-subzero-slanglos-tatningsmedel-237-ml\/","og_locale":"sv_SE","og_type":"article","og_title":"ORANGE SEAL Subzero - Tubeless sealant 237 ml - VM Sport","og_description":"ORANGE SEAL Subzero &#8211; Tubeless-tiiviste tarjoaa erinomaisen suojan rengasrikkoja vastaan kylmiss\u00e4 talviolosuhteissa, mink\u00e4 ansiosta se on ihanteellinen valinta lumessa ajaville. Erityisesti \u00e4\u00e4riolosuhteisiin suunniteltu koostumus takaa nopean tiivistymisen ja luotettavan toiminnan. Se sopii t\u00e4ydellisesti maasto-, BMX- ja maantierenkaille, kun halutaan pit\u00e4\u00e4 suorituskyky yll\u00e4 alhaisissa l\u00e4mp\u00f6tiloissa. T\u00e4m\u00e4 237 ml:n tiiviste sopii sek\u00e4 tubeless-rattaisiin ett\u00e4 tavallisiin renkaisiin ja [...]L\u00e4s mer \u2026 from ORANGE SEAL Subzero &#8211; Tubeless sealant 237 ml","og_url":"https:\/\/vmsport.fi\/sv\/webbutik\/dack\/slanglosa-tillbehor\/slanglosa-vatskor\/orange-seal-subzero-slanglos-tatningsmedel-237-ml\/","og_site_name":"VM Sport","article_publisher":"https:\/\/www.facebook.com\/Vmsport.fi\/","article_modified_time":"2026-03-27T00:00:29+00:00","og_image":[{"width":800,"height":800,"url":"https:\/\/vmsport.fi\/wp-content\/uploads\/2025\/03\/XaUjTZHNJCR981tYocUln3cnEVxxafMwuMXwYjBzSn2hqcE9Nm-1.jpg","type":"image\/jpeg"}],"twitter_card":"summary_large_image","schema":{"@context":"https:\/\/schema.org","@graph":[{"@type":["WebPage","ItemPage"],"@id":"https:\/\/vmsport.fi\/verkkokauppa\/renkaat\/tubeless-tarvikkeet\/tubeless-nesteet\/orange-seal-subzero-tubeless-sealant-237-ml\/","url":"https:\/\/vmsport.fi\/verkkokauppa\/renkaat\/tubeless-tarvikkeet\/tubeless-nesteet\/orange-seal-subzero-tubeless-sealant-237-ml\/","name":"ORANGE SEAL Subzero - t\u00e4tningsmedel f\u00f6r slangl\u00f6s montering 237 ml - VM Sport","isPartOf":{"@id":"https:\/\/vmsport.fi\/#website"},"primaryImageOfPage":{"@id":"https:\/\/vmsport.fi\/verkkokauppa\/renkaat\/tubeless-tarvikkeet\/tubeless-nesteet\/orange-seal-subzero-tubeless-sealant-237-ml\/#primaryimage"},"image":{"@id":"https:\/\/vmsport.fi\/verkkokauppa\/renkaat\/tubeless-tarvikkeet\/tubeless-nesteet\/orange-seal-subzero-tubeless-sealant-237-ml\/#primaryimage"},"thumbnailUrl":"https:\/\/vmsport.fi\/wp-content\/uploads\/2025\/03\/XaUjTZHNJCR981tYocUln3cnEVxxafMwuMXwYjBzSn2hqcE9Nm-1.jpg","datePublished":"2025-03-05T22:12:57+00:00","dateModified":"2026-03-27T00:00:29+00:00","breadcrumb":{"@id":"https:\/\/vmsport.fi\/verkkokauppa\/renkaat\/tubeless-tarvikkeet\/tubeless-nesteet\/orange-seal-subzero-tubeless-sealant-237-ml\/#breadcrumb"},"inLanguage":"sv-SE","potentialAction":[{"@type":"ReadAction","target":["https:\/\/vmsport.fi\/verkkokauppa\/renkaat\/tubeless-tarvikkeet\/tubeless-nesteet\/orange-seal-subzero-tubeless-sealant-237-ml\/"]}]},{"@type":"ImageObject","inLanguage":"sv-SE","@id":"https:\/\/vmsport.fi\/verkkokauppa\/renkaat\/tubeless-tarvikkeet\/tubeless-nesteet\/orange-seal-subzero-tubeless-sealant-237-ml\/#primaryimage","url":"https:\/\/vmsport.fi\/wp-content\/uploads\/2025\/03\/XaUjTZHNJCR981tYocUln3cnEVxxafMwuMXwYjBzSn2hqcE9Nm-1.jpg","contentUrl":"https:\/\/vmsport.fi\/wp-content\/uploads\/2025\/03\/XaUjTZHNJCR981tYocUln3cnEVxxafMwuMXwYjBzSn2hqcE9Nm-1.jpg","width":800,"height":800,"caption":"XaUjTZHNJCR981tYocUln3cnEVxxafMwuMXwYjBzSn2hqcE9Nm"},{"@type":"BreadcrumbList","@id":"https:\/\/vmsport.fi\/verkkokauppa\/renkaat\/tubeless-tarvikkeet\/tubeless-nesteet\/orange-seal-subzero-tubeless-sealant-237-ml\/#breadcrumb","itemListElement":[{"@type":"ListItem","position":1,"name":"Etusivu","item":"https:\/\/vmsport.fi\/"},{"@type":"ListItem","position":2,"name":"Online Store","item":"https:\/\/vmsport.fi\/en\/online-store\/"},{"@type":"ListItem","position":3,"name":"ORANGE SEAL Subzero &#8211; Tubeless sealant 237 ml"}]},{"@type":"WebSite","@id":"https:\/\/vmsport.fi\/#website","url":"https:\/\/vmsport.fi\/","name":"Vmsport","description":"Allt p\u00e5 ett st\u00e4lle f\u00f6r cykling","publisher":{"@id":"https:\/\/vmsport.fi\/#organization"},"potentialAction":[{"@type":"SearchAction","target":{"@type":"EntryPoint","urlTemplate":"https:\/\/vmsport.fi\/?s={search_term_string}"},"query-input":{"@type":"PropertyValueSpecification","valueRequired":true,"valueName":"search_term_string"}}],"inLanguage":"sv-SE"},{"@type":"Organization","@id":"https:\/\/vmsport.fi\/#organization","name":"Vmsport","url":"https:\/\/vmsport.fi\/","logo":{"@type":"ImageObject","inLanguage":"sv-SE","@id":"https:\/\/vmsport.fi\/#\/schema\/logo\/image\/","url":"https:\/\/vmsport.fi\/wp-content\/uploads\/2024\/12\/vm_sport_RGB_horisontal-e1734526017575.png","contentUrl":"https:\/\/vmsport.fi\/wp-content\/uploads\/2024\/12\/vm_sport_RGB_horisontal-e1734526017575.png","width":668,"height":85,"caption":"Vmsport"},"image":{"@id":"https:\/\/vmsport.fi\/#\/schema\/logo\/image\/"},"sameAs":["https:\/\/www.facebook.com\/Vmsport.fi\/","https:\/\/www.instagram.com\/vmsport\/"]}]}},"global_unique_id":"","_links":{"self":[{"href":"https:\/\/vmsport.fi\/sv\/wp-json\/wp\/v2\/product\/55864","targetHints":{"allow":["GET"]}}],"collection":[{"href":"https:\/\/vmsport.fi\/sv\/wp-json\/wp\/v2\/product"}],"about":[{"href":"https:\/\/vmsport.fi\/sv\/wp-json\/wp\/v2\/types\/product"}],"replies":[{"embeddable":true,"href":"https:\/\/vmsport.fi\/sv\/wp-json\/wp\/v2\/comments?post=55864"}],"wp:featuredmedia":[{"embeddable":true,"href":"https:\/\/vmsport.fi\/sv\/wp-json\/wp\/v2\/media\/55863"}],"wp:attachment":[{"href":"https:\/\/vmsport.fi\/sv\/wp-json\/wp\/v2\/media?parent=55864"}],"wp:term":[{"taxonomy":"product_brand","embeddable":true,"href":"https:\/\/vmsport.fi\/sv\/wp-json\/wp\/v2\/product_brand?post=55864"},{"taxonomy":"product_model","embeddable":true,"href":"https:\/\/vmsport.fi\/sv\/wp-json\/wp\/v2\/product_model?post=55864"},{"taxonomy":"product_cat","embeddable":true,"href":"https:\/\/vmsport.fi\/sv\/wp-json\/wp\/v2\/product_cat?post=55864"},{"taxonomy":"product_tag","embeddable":true,"href":"https:\/\/vmsport.fi\/sv\/wp-json\/wp\/v2\/product_tag?post=55864"},{"taxonomy":"industry_terminology","embeddable":true,"href":"https:\/\/vmsport.fi\/sv\/wp-json\/wp\/v2\/industry-terminology?post=55864"}],"curies":[{"name":"wp","href":"https:\/\/api.w.org\/{rel}","templated":true}]}}