{"id":55859,"date":"2025-03-06T00:12:54","date_gmt":"2025-03-05T22:12:54","guid":{"rendered":"https:\/\/vmsport.fi\/verkkokauppa\/Ei-luokiteltu\/sram-chainring-xx1-76-bcd-34t\/"},"modified":"2026-04-22T15:06:30","modified_gmt":"2026-04-22T12:06:30","slug":"sram-kedjehjul-xx1-76-bcd-34t","status":"publish","type":"product","link":"https:\/\/vmsport.fi\/sv\/verkkokauppa\/varaosat\/voimansiirto\/eturattaat\/sram-chainring-xx1-76-bcd-34t\/","title":{"rendered":"Sram kedjehjul xx1 76 bcd 34T"},"content":{"rendered":"<p>SRAM XX1 76 BCD 34T-kedjehjulet \u00e4r s\u00e4rskilt utformat f\u00f6r SRAM XX1 och Specialized Stout vevparti, vilket g\u00f6r det till ett utm\u00e4rkt val f\u00f6r kr\u00e4vande cyklister. Detta 34-tandade kedjehjul anv\u00e4nder Drop-Stop A-teknik f\u00f6r att s\u00e4kerst\u00e4lla effektiv kedjekontroll. Kedjehjulet \u00e4r runt och kompatibelt med 9-12-v\u00e4xlade kedjor, men inte med Shimano 12-v\u00e4xlade kedjor.<\/p>\n<p>Tack vare den t\u00e5liga aluminiumlegeringen 7075-T651, CNC-bearbetning med precision och anodisering har enheten l\u00e5ng livsl\u00e4ngd och optimala prestanda. Den v\u00e4ger endast 53 gram och har en 48 mm kedjelinje i kombination med en offset p\u00e5 1,3 mm. M8,5 x 0,75-skruvar kr\u00e4vs f\u00f6r att montera kedjehjulet, och det passar 76 BCD 4-bultars f\u00e4sten.<\/p>","protected":false},"excerpt":{"rendered":"<p>SRAM XX1 76 BCD 34T -ketjupy\u00f6r\u00e4 on suunniteltu erityisesti SRAM XX1- ja Specialized Stout -kampiin, mik\u00e4 tekee siit\u00e4 erinomaisen valinnan vaativille py\u00f6r\u00e4ilij\u00f6ille. T\u00e4ss\u00e4 34-hampaisessa ketjupy\u00f6r\u00e4ss\u00e4 hy\u00f6dynnet\u00e4\u00e4n Drop-Stop A -teknologiaa, joka varmistaa tehokkaan ketjun hallinnan. Ketjupy\u00f6r\u00e4 on py\u00f6re\u00e4 ja yhteensopiva 9-12-vaihteisten ketjujen kanssa, mutta ei Shimano 12-vaihteisten ketjujen. Kest\u00e4v\u00e4n 7075-T651-alumiiniseoksen, tarkan CNC-koneistuksen ja anodisoinnin ansiosta laite [&#8230;]<\/p>\n<p><a class=\"btn btn-secondary understrap-read-more-link\" href=\"https:\/\/vmsport.fi\/sv\/verkkokauppa\/varaosat\/voimansiirto\/eturattaat\/sram-chainring-xx1-76-bcd-34t\/\">L\u00e4s mer \u2026<span class=\"screen-reader-text\"> from Sram Chainring xx1 76 bcd 34T<\/span><\/a><\/p>\n","protected":false},"featured_media":55858,"comment_status":"open","ping_status":"closed","template":"","meta":{"_acf_changed":false,"_improvement_type_select":"improve_an_existing","_thumb_yes_seoaic":false,"_frame_yes_seoaic":false,"seoaic_generate_description":"","seoaic_improve_instructions_prompt":"","seoaic_rollback_content_improvement":"","seoaic_idea_thumbnail_generator":"","thumbnail_generated":false,"thumbnail_generate_prompt":"","seoaic_article_description":"","_supplier_stock_quantity":0},"product_brand":[1588],"product_model":[],"product_cat":[9252],"product_tag":[],"industry-terminology":[],"class_list":{"0":"post-55859","1":"product","2":"type-product","3":"status-publish","4":"has-post-thumbnail","6":"product_brand-sram","7":"product_cat-eturattaat","9":"first","10":"outofstock","11":"taxable","12":"shipping-taxable","13":"product-type-simple"},"acf":{"bike_features":null,"overview":{"copy_overview":null,"key_features":null,"statement":"","youtube_url":""}},"yoast_head":"<!-- This site is optimized with the Yoast SEO plugin v27.4 - https:\/\/yoast.com\/product\/yoast-seo-wordpress\/ -->\n<title>Sram Chainring xx1 76 bcd 34T - VM Sport<\/title>\n<meta name=\"robots\" content=\"index, follow, max-snippet:-1, max-image-preview:large, max-video-preview:-1\" \/>\n<link rel=\"canonical\" href=\"https:\/\/vmsport.fi\/sv\/webbutik\/reservdelar\/transmission\/framhjulsdrift\/sram-kedjehjul-xx1-76-bcd-34t\/\" \/>\n<meta property=\"og:locale\" content=\"sv_SE\" \/>\n<meta property=\"og:type\" content=\"article\" \/>\n<meta property=\"og:title\" content=\"Sram Chainring xx1 76 bcd 34T - VM Sport\" \/>\n<meta property=\"og:description\" content=\"SRAM XX1 76 BCD 34T -ketjupy\u00f6r\u00e4 on suunniteltu erityisesti SRAM XX1- ja Specialized Stout -kampiin, mik\u00e4 tekee siit\u00e4 erinomaisen valinnan vaativille py\u00f6r\u00e4ilij\u00f6ille. T\u00e4ss\u00e4 34-hampaisessa ketjupy\u00f6r\u00e4ss\u00e4 hy\u00f6dynnet\u00e4\u00e4n Drop-Stop A -teknologiaa, joka varmistaa tehokkaan ketjun hallinnan. Ketjupy\u00f6r\u00e4 on py\u00f6re\u00e4 ja yhteensopiva 9-12-vaihteisten ketjujen kanssa, mutta ei Shimano 12-vaihteisten ketjujen. Kest\u00e4v\u00e4n 7075-T651-alumiiniseoksen, tarkan CNC-koneistuksen ja anodisoinnin ansiosta laite [...]L\u00e4s mer \u2026 from Sram Chainring xx1 76 bcd 34T\" \/>\n<meta property=\"og:url\" content=\"https:\/\/vmsport.fi\/sv\/webbutik\/reservdelar\/transmission\/framhjulsdrift\/sram-kedjehjul-xx1-76-bcd-34t\/\" \/>\n<meta property=\"og:site_name\" content=\"VM Sport\" \/>\n<meta property=\"article:publisher\" content=\"https:\/\/www.facebook.com\/Vmsport.fi\/\" \/>\n<meta property=\"article:modified_time\" content=\"2026-04-22T12:06:30+00:00\" \/>\n<meta property=\"og:image\" content=\"https:\/\/vmsport.fi\/wp-content\/uploads\/2025\/03\/13sram-cour-xx1-76-11grey32t-2-1-1.jpg\" \/>\n\t<meta property=\"og:image:width\" content=\"480\" \/>\n\t<meta property=\"og:image:height\" content=\"480\" \/>\n\t<meta property=\"og:image:type\" content=\"image\/jpeg\" \/>\n<meta name=\"twitter:card\" content=\"summary_large_image\" \/>\n<meta name=\"twitter:label1\" content=\"Ber\u00e4knad l\u00e4stid\" \/>\n\t<meta name=\"twitter:data1\" content=\"1 minut\" \/>\n<script type=\"application\/ld+json\" class=\"yoast-schema-graph\">{\"@context\":\"https:\\\/\\\/schema.org\",\"@graph\":[{\"@type\":[\"WebPage\",\"ItemPage\"],\"@id\":\"https:\\\/\\\/vmsport.fi\\\/verkkokauppa\\\/varaosat\\\/voimansiirto\\\/eturattaat\\\/sram-chainring-xx1-76-bcd-34t\\\/\",\"url\":\"https:\\\/\\\/vmsport.fi\\\/verkkokauppa\\\/varaosat\\\/voimansiirto\\\/eturattaat\\\/sram-chainring-xx1-76-bcd-34t\\\/\",\"name\":\"Sram Chainring xx1 76 bcd 34T - VM Sport\",\"isPartOf\":{\"@id\":\"https:\\\/\\\/vmsport.fi\\\/#website\"},\"primaryImageOfPage\":{\"@id\":\"https:\\\/\\\/vmsport.fi\\\/verkkokauppa\\\/varaosat\\\/voimansiirto\\\/eturattaat\\\/sram-chainring-xx1-76-bcd-34t\\\/#primaryimage\"},\"image\":{\"@id\":\"https:\\\/\\\/vmsport.fi\\\/verkkokauppa\\\/varaosat\\\/voimansiirto\\\/eturattaat\\\/sram-chainring-xx1-76-bcd-34t\\\/#primaryimage\"},\"thumbnailUrl\":\"https:\\\/\\\/vmsport.fi\\\/wp-content\\\/uploads\\\/2025\\\/03\\\/13sram-cour-xx1-76-11grey32t-2-1-1.jpg\",\"datePublished\":\"2025-03-05T22:12:54+00:00\",\"dateModified\":\"2026-04-22T12:06:30+00:00\",\"breadcrumb\":{\"@id\":\"https:\\\/\\\/vmsport.fi\\\/verkkokauppa\\\/varaosat\\\/voimansiirto\\\/eturattaat\\\/sram-chainring-xx1-76-bcd-34t\\\/#breadcrumb\"},\"inLanguage\":\"sv-SE\",\"potentialAction\":[{\"@type\":\"ReadAction\",\"target\":[\"https:\\\/\\\/vmsport.fi\\\/verkkokauppa\\\/varaosat\\\/voimansiirto\\\/eturattaat\\\/sram-chainring-xx1-76-bcd-34t\\\/\"]}]},{\"@type\":\"ImageObject\",\"inLanguage\":\"sv-SE\",\"@id\":\"https:\\\/\\\/vmsport.fi\\\/verkkokauppa\\\/varaosat\\\/voimansiirto\\\/eturattaat\\\/sram-chainring-xx1-76-bcd-34t\\\/#primaryimage\",\"url\":\"https:\\\/\\\/vmsport.fi\\\/wp-content\\\/uploads\\\/2025\\\/03\\\/13sram-cour-xx1-76-11grey32t-2-1-1.jpg\",\"contentUrl\":\"https:\\\/\\\/vmsport.fi\\\/wp-content\\\/uploads\\\/2025\\\/03\\\/13sram-cour-xx1-76-11grey32t-2-1-1.jpg\",\"width\":480,\"height\":480,\"caption\":\"13sram-cour-xx1-76-11grey32t-2-1\"},{\"@type\":\"BreadcrumbList\",\"@id\":\"https:\\\/\\\/vmsport.fi\\\/verkkokauppa\\\/varaosat\\\/voimansiirto\\\/eturattaat\\\/sram-chainring-xx1-76-bcd-34t\\\/#breadcrumb\",\"itemListElement\":[{\"@type\":\"ListItem\",\"position\":1,\"name\":\"Etusivu\",\"item\":\"https:\\\/\\\/vmsport.fi\\\/\"},{\"@type\":\"ListItem\",\"position\":2,\"name\":\"Online Store\",\"item\":\"https:\\\/\\\/vmsport.fi\\\/en\\\/online-store\\\/\"},{\"@type\":\"ListItem\",\"position\":3,\"name\":\"Sram Chainring xx1 76 bcd 34T\"}]},{\"@type\":\"WebSite\",\"@id\":\"https:\\\/\\\/vmsport.fi\\\/#website\",\"url\":\"https:\\\/\\\/vmsport.fi\\\/\",\"name\":\"Vmsport\",\"description\":\"Kaikki py\u00f6r\u00e4ilyyn yhdest\u00e4 paikasta\",\"publisher\":{\"@id\":\"https:\\\/\\\/vmsport.fi\\\/#organization\"},\"potentialAction\":[{\"@type\":\"SearchAction\",\"target\":{\"@type\":\"EntryPoint\",\"urlTemplate\":\"https:\\\/\\\/vmsport.fi\\\/?s={search_term_string}\"},\"query-input\":{\"@type\":\"PropertyValueSpecification\",\"valueRequired\":true,\"valueName\":\"search_term_string\"}}],\"inLanguage\":\"sv-SE\"},{\"@type\":\"Organization\",\"@id\":\"https:\\\/\\\/vmsport.fi\\\/#organization\",\"name\":\"Vmsport\",\"url\":\"https:\\\/\\\/vmsport.fi\\\/\",\"logo\":{\"@type\":\"ImageObject\",\"inLanguage\":\"sv-SE\",\"@id\":\"https:\\\/\\\/vmsport.fi\\\/#\\\/schema\\\/logo\\\/image\\\/\",\"url\":\"https:\\\/\\\/vmsport.fi\\\/wp-content\\\/uploads\\\/2024\\\/12\\\/vm_sport_RGB_horisontal-e1734526017575.png\",\"contentUrl\":\"https:\\\/\\\/vmsport.fi\\\/wp-content\\\/uploads\\\/2024\\\/12\\\/vm_sport_RGB_horisontal-e1734526017575.png\",\"width\":668,\"height\":85,\"caption\":\"Vmsport\"},\"image\":{\"@id\":\"https:\\\/\\\/vmsport.fi\\\/#\\\/schema\\\/logo\\\/image\\\/\"},\"sameAs\":[\"https:\\\/\\\/www.facebook.com\\\/Vmsport.fi\\\/\",\"https:\\\/\\\/www.instagram.com\\\/vmsport\\\/\"]}]}<\/script>\n<!-- \/ Yoast SEO plugin. -->","yoast_head_json":{"title":"Sram kedjehjul xx1 76 bcd 34T - VM Sport","robots":{"index":"index","follow":"follow","max-snippet":"max-snippet:-1","max-image-preview":"max-image-preview:large","max-video-preview":"max-video-preview:-1"},"canonical":"https:\/\/vmsport.fi\/sv\/webbutik\/reservdelar\/transmission\/framhjulsdrift\/sram-kedjehjul-xx1-76-bcd-34t\/","og_locale":"sv_SE","og_type":"article","og_title":"Sram Chainring xx1 76 bcd 34T - VM Sport","og_description":"SRAM XX1 76 BCD 34T -ketjupy\u00f6r\u00e4 on suunniteltu erityisesti SRAM XX1- ja Specialized Stout -kampiin, mik\u00e4 tekee siit\u00e4 erinomaisen valinnan vaativille py\u00f6r\u00e4ilij\u00f6ille. T\u00e4ss\u00e4 34-hampaisessa ketjupy\u00f6r\u00e4ss\u00e4 hy\u00f6dynnet\u00e4\u00e4n Drop-Stop A -teknologiaa, joka varmistaa tehokkaan ketjun hallinnan. Ketjupy\u00f6r\u00e4 on py\u00f6re\u00e4 ja yhteensopiva 9-12-vaihteisten ketjujen kanssa, mutta ei Shimano 12-vaihteisten ketjujen. Kest\u00e4v\u00e4n 7075-T651-alumiiniseoksen, tarkan CNC-koneistuksen ja anodisoinnin ansiosta laite [...]L\u00e4s mer \u2026 from Sram Chainring xx1 76 bcd 34T","og_url":"https:\/\/vmsport.fi\/sv\/webbutik\/reservdelar\/transmission\/framhjulsdrift\/sram-kedjehjul-xx1-76-bcd-34t\/","og_site_name":"VM Sport","article_publisher":"https:\/\/www.facebook.com\/Vmsport.fi\/","article_modified_time":"2026-04-22T12:06:30+00:00","og_image":[{"width":480,"height":480,"url":"https:\/\/vmsport.fi\/wp-content\/uploads\/2025\/03\/13sram-cour-xx1-76-11grey32t-2-1-1.jpg","type":"image\/jpeg"}],"twitter_card":"summary_large_image","twitter_misc":{"Ber\u00e4knad l\u00e4stid":"1 minut"},"schema":{"@context":"https:\/\/schema.org","@graph":[{"@type":["WebPage","ItemPage"],"@id":"https:\/\/vmsport.fi\/verkkokauppa\/varaosat\/voimansiirto\/eturattaat\/sram-chainring-xx1-76-bcd-34t\/","url":"https:\/\/vmsport.fi\/verkkokauppa\/varaosat\/voimansiirto\/eturattaat\/sram-chainring-xx1-76-bcd-34t\/","name":"Sram kedjehjul xx1 76 bcd 34T - VM Sport","isPartOf":{"@id":"https:\/\/vmsport.fi\/#website"},"primaryImageOfPage":{"@id":"https:\/\/vmsport.fi\/verkkokauppa\/varaosat\/voimansiirto\/eturattaat\/sram-chainring-xx1-76-bcd-34t\/#primaryimage"},"image":{"@id":"https:\/\/vmsport.fi\/verkkokauppa\/varaosat\/voimansiirto\/eturattaat\/sram-chainring-xx1-76-bcd-34t\/#primaryimage"},"thumbnailUrl":"https:\/\/vmsport.fi\/wp-content\/uploads\/2025\/03\/13sram-cour-xx1-76-11grey32t-2-1-1.jpg","datePublished":"2025-03-05T22:12:54+00:00","dateModified":"2026-04-22T12:06:30+00:00","breadcrumb":{"@id":"https:\/\/vmsport.fi\/verkkokauppa\/varaosat\/voimansiirto\/eturattaat\/sram-chainring-xx1-76-bcd-34t\/#breadcrumb"},"inLanguage":"sv-SE","potentialAction":[{"@type":"ReadAction","target":["https:\/\/vmsport.fi\/verkkokauppa\/varaosat\/voimansiirto\/eturattaat\/sram-chainring-xx1-76-bcd-34t\/"]}]},{"@type":"ImageObject","inLanguage":"sv-SE","@id":"https:\/\/vmsport.fi\/verkkokauppa\/varaosat\/voimansiirto\/eturattaat\/sram-chainring-xx1-76-bcd-34t\/#primaryimage","url":"https:\/\/vmsport.fi\/wp-content\/uploads\/2025\/03\/13sram-cour-xx1-76-11grey32t-2-1-1.jpg","contentUrl":"https:\/\/vmsport.fi\/wp-content\/uploads\/2025\/03\/13sram-cour-xx1-76-11grey32t-2-1-1.jpg","width":480,"height":480,"caption":"13sram-cour-xx1-76-11grey32t-2-1"},{"@type":"BreadcrumbList","@id":"https:\/\/vmsport.fi\/verkkokauppa\/varaosat\/voimansiirto\/eturattaat\/sram-chainring-xx1-76-bcd-34t\/#breadcrumb","itemListElement":[{"@type":"ListItem","position":1,"name":"Etusivu","item":"https:\/\/vmsport.fi\/"},{"@type":"ListItem","position":2,"name":"Online Store","item":"https:\/\/vmsport.fi\/en\/online-store\/"},{"@type":"ListItem","position":3,"name":"Sram Chainring xx1 76 bcd 34T"}]},{"@type":"WebSite","@id":"https:\/\/vmsport.fi\/#website","url":"https:\/\/vmsport.fi\/","name":"Vmsport","description":"Allt p\u00e5 ett st\u00e4lle f\u00f6r cykling","publisher":{"@id":"https:\/\/vmsport.fi\/#organization"},"potentialAction":[{"@type":"SearchAction","target":{"@type":"EntryPoint","urlTemplate":"https:\/\/vmsport.fi\/?s={search_term_string}"},"query-input":{"@type":"PropertyValueSpecification","valueRequired":true,"valueName":"search_term_string"}}],"inLanguage":"sv-SE"},{"@type":"Organization","@id":"https:\/\/vmsport.fi\/#organization","name":"Vmsport","url":"https:\/\/vmsport.fi\/","logo":{"@type":"ImageObject","inLanguage":"sv-SE","@id":"https:\/\/vmsport.fi\/#\/schema\/logo\/image\/","url":"https:\/\/vmsport.fi\/wp-content\/uploads\/2024\/12\/vm_sport_RGB_horisontal-e1734526017575.png","contentUrl":"https:\/\/vmsport.fi\/wp-content\/uploads\/2024\/12\/vm_sport_RGB_horisontal-e1734526017575.png","width":668,"height":85,"caption":"Vmsport"},"image":{"@id":"https:\/\/vmsport.fi\/#\/schema\/logo\/image\/"},"sameAs":["https:\/\/www.facebook.com\/Vmsport.fi\/","https:\/\/www.instagram.com\/vmsport\/"]}]}},"global_unique_id":"","_links":{"self":[{"href":"https:\/\/vmsport.fi\/sv\/wp-json\/wp\/v2\/product\/55859","targetHints":{"allow":["GET"]}}],"collection":[{"href":"https:\/\/vmsport.fi\/sv\/wp-json\/wp\/v2\/product"}],"about":[{"href":"https:\/\/vmsport.fi\/sv\/wp-json\/wp\/v2\/types\/product"}],"replies":[{"embeddable":true,"href":"https:\/\/vmsport.fi\/sv\/wp-json\/wp\/v2\/comments?post=55859"}],"wp:featuredmedia":[{"embeddable":true,"href":"https:\/\/vmsport.fi\/sv\/wp-json\/wp\/v2\/media\/55858"}],"wp:attachment":[{"href":"https:\/\/vmsport.fi\/sv\/wp-json\/wp\/v2\/media?parent=55859"}],"wp:term":[{"taxonomy":"product_brand","embeddable":true,"href":"https:\/\/vmsport.fi\/sv\/wp-json\/wp\/v2\/product_brand?post=55859"},{"taxonomy":"product_model","embeddable":true,"href":"https:\/\/vmsport.fi\/sv\/wp-json\/wp\/v2\/product_model?post=55859"},{"taxonomy":"product_cat","embeddable":true,"href":"https:\/\/vmsport.fi\/sv\/wp-json\/wp\/v2\/product_cat?post=55859"},{"taxonomy":"product_tag","embeddable":true,"href":"https:\/\/vmsport.fi\/sv\/wp-json\/wp\/v2\/product_tag?post=55859"},{"taxonomy":"industry_terminology","embeddable":true,"href":"https:\/\/vmsport.fi\/sv\/wp-json\/wp\/v2\/industry-terminology?post=55859"}],"curies":[{"name":"wp","href":"https:\/\/api.w.org\/{rel}","templated":true}]}}