{"id":55856,"date":"2025-03-06T00:12:53","date_gmt":"2025-03-05T22:12:53","guid":{"rendered":"https:\/\/vmsport.fi\/verkkokauppa\/Ei-luokiteltu\/tankonauha-race-comfort-musta-silikoni-takaosa\/"},"modified":"2026-01-16T13:20:40","modified_gmt":"2026-01-16T11:20:40","slug":"styrtejp-race-comfort-svart-silikon-baksida","status":"publish","type":"product","link":"https:\/\/vmsport.fi\/sv\/verkkokauppa\/varaosat\/ohjaamo\/gripit\/tankonauha-race-comfort-musta-silikoni-takaosa\/","title":{"rendered":"Race Comfort Tank Strap Svart, silikonrygg"},"content":{"rendered":"<p>Race Comfort Black \u00e4r utformad f\u00f6r att ge ett utm\u00e4rkt grepp, vilket g\u00f6r den till en favorit bland anv\u00e4ndarna. Silikonbaksidan p\u00e5 remmen g\u00f6r den l\u00e4tt att f\u00e4sta och ta loss, vilket g\u00f6r anv\u00e4ndningen smidig och enkel. Den djupa svarta f\u00e4rgen ger en snygg och professionell look, medan den genomt\u00e4nkta designen ger b\u00e4sta m\u00f6jliga k\u00f6rupplevelse. Silikonmaterialet \u00f6kar komforten och ergonomin, vilket g\u00f6r den h\u00e4r remmen till ett utm\u00e4rkt val f\u00f6r alla cyklister.<\/p>","protected":false},"excerpt":{"rendered":"<p>Tankonauha Race Comfort Musta on suunniteltu tarjoamaan erinomaisen pidon, mik\u00e4 tekee siit\u00e4 k\u00e4ytt\u00e4jien suosikin. Nauhan silikonitakapuoli helpottaa sek\u00e4 kiinnitt\u00e4mist\u00e4 ett\u00e4 irrottamista, mik\u00e4 tekee k\u00e4yt\u00f6st\u00e4 sujuvaa ja vaivatonta. Syv\u00e4 musta v\u00e4ri luo tyylikk\u00e4\u00e4n ja ammattimaisen ilmeen, ja hyvin harkittu muotoilu takaa parhaan mahdollisen ajokokemuksen. Silikonimateriaali lis\u00e4\u00e4 k\u00e4ytt\u00f6mukavuutta ja ergonomiaa, ja siksi t\u00e4m\u00e4 nauha on loistava valinta [&#8230;]<\/p>\n<p><a class=\"btn btn-secondary understrap-read-more-link\" href=\"https:\/\/vmsport.fi\/sv\/verkkokauppa\/varaosat\/ohjaamo\/gripit\/tankonauha-race-comfort-musta-silikoni-takaosa\/\">L\u00e4s mer \u2026<span class=\"screen-reader-text\"> from Tankonauha Race Comfort Musta, Silikoni-takaosa<\/span><\/a><\/p>\n","protected":false},"featured_media":55855,"comment_status":"open","ping_status":"closed","template":"","meta":{"_acf_changed":false,"_improvement_type_select":"improve_an_existing","_thumb_yes_seoaic":false,"_frame_yes_seoaic":false,"seoaic_generate_description":"","seoaic_improve_instructions_prompt":"","seoaic_rollback_content_improvement":"","seoaic_idea_thumbnail_generator":"","thumbnail_generated":false,"thumbnail_generate_prompt":"","seoaic_article_description":"","_supplier_stock_quantity":0},"product_brand":[],"product_model":[],"product_cat":[9292],"product_tag":[],"industry-terminology":[],"class_list":{"0":"post-55856","1":"product","2":"type-product","3":"status-publish","4":"has-post-thumbnail","6":"product_cat-gripit","8":"first","9":"outofstock","10":"taxable","11":"shipping-taxable","12":"product-type-simple"},"acf":{"bike_features":null,"overview":{"copy_overview":null,"key_features":null,"statement":"","youtube_url":""}},"yoast_head":"<!-- This site is optimized with the Yoast SEO plugin v27.3 - https:\/\/yoast.com\/product\/yoast-seo-wordpress\/ -->\n<title>Tankonauha Race Comfort Musta, Silikoni-takaosa - VM Sport<\/title>\n<meta name=\"robots\" content=\"index, follow, max-snippet:-1, max-image-preview:large, max-video-preview:-1\" \/>\n<link rel=\"canonical\" href=\"https:\/\/vmsport.fi\/sv\/webbutik\/reservdelar\/taxi\/grepp\/styrtejp-race-comfort-svart-silikon-baksida\/\" \/>\n<meta property=\"og:locale\" content=\"sv_SE\" \/>\n<meta property=\"og:type\" content=\"article\" \/>\n<meta property=\"og:title\" content=\"Tankonauha Race Comfort Musta, Silikoni-takaosa - VM Sport\" \/>\n<meta property=\"og:description\" content=\"Tankonauha Race Comfort Musta on suunniteltu tarjoamaan erinomaisen pidon, mik\u00e4 tekee siit\u00e4 k\u00e4ytt\u00e4jien suosikin. Nauhan silikonitakapuoli helpottaa sek\u00e4 kiinnitt\u00e4mist\u00e4 ett\u00e4 irrottamista, mik\u00e4 tekee k\u00e4yt\u00f6st\u00e4 sujuvaa ja vaivatonta. Syv\u00e4 musta v\u00e4ri luo tyylikk\u00e4\u00e4n ja ammattimaisen ilmeen, ja hyvin harkittu muotoilu takaa parhaan mahdollisen ajokokemuksen. Silikonimateriaali lis\u00e4\u00e4 k\u00e4ytt\u00f6mukavuutta ja ergonomiaa, ja siksi t\u00e4m\u00e4 nauha on loistava valinta [...]L\u00e4s mer \u2026 from Tankonauha Race Comfort Musta, Silikoni-takaosa\" \/>\n<meta property=\"og:url\" content=\"https:\/\/vmsport.fi\/sv\/webbutik\/reservdelar\/taxi\/grepp\/styrtejp-race-comfort-svart-silikon-baksida\/\" \/>\n<meta property=\"og:site_name\" content=\"VM Sport\" \/>\n<meta property=\"article:publisher\" content=\"https:\/\/www.facebook.com\/Vmsport.fi\/\" \/>\n<meta property=\"article:modified_time\" content=\"2026-01-16T11:20:40+00:00\" \/>\n<meta property=\"og:image\" content=\"https:\/\/vmsport.fi\/wp-content\/uploads\/2025\/03\/cWqZa6mfeERuHULGpHMvPVyMN2P4B3pkB9FQw5gmQxfs0dRSRf-1.jpg\" \/>\n\t<meta property=\"og:image:width\" content=\"600\" \/>\n\t<meta property=\"og:image:height\" content=\"600\" \/>\n\t<meta property=\"og:image:type\" content=\"image\/jpeg\" \/>\n<meta name=\"twitter:card\" content=\"summary_large_image\" \/>\n<script type=\"application\/ld+json\" class=\"yoast-schema-graph\">{\"@context\":\"https:\\\/\\\/schema.org\",\"@graph\":[{\"@type\":[\"WebPage\",\"ItemPage\"],\"@id\":\"https:\\\/\\\/vmsport.fi\\\/verkkokauppa\\\/varaosat\\\/ohjaamo\\\/gripit\\\/tankonauha-race-comfort-musta-silikoni-takaosa\\\/\",\"url\":\"https:\\\/\\\/vmsport.fi\\\/verkkokauppa\\\/varaosat\\\/ohjaamo\\\/gripit\\\/tankonauha-race-comfort-musta-silikoni-takaosa\\\/\",\"name\":\"Tankonauha Race Comfort Musta, Silikoni-takaosa - VM Sport\",\"isPartOf\":{\"@id\":\"https:\\\/\\\/vmsport.fi\\\/#website\"},\"primaryImageOfPage\":{\"@id\":\"https:\\\/\\\/vmsport.fi\\\/verkkokauppa\\\/varaosat\\\/ohjaamo\\\/gripit\\\/tankonauha-race-comfort-musta-silikoni-takaosa\\\/#primaryimage\"},\"image\":{\"@id\":\"https:\\\/\\\/vmsport.fi\\\/verkkokauppa\\\/varaosat\\\/ohjaamo\\\/gripit\\\/tankonauha-race-comfort-musta-silikoni-takaosa\\\/#primaryimage\"},\"thumbnailUrl\":\"https:\\\/\\\/vmsport.fi\\\/wp-content\\\/uploads\\\/2025\\\/03\\\/cWqZa6mfeERuHULGpHMvPVyMN2P4B3pkB9FQw5gmQxfs0dRSRf-1.jpg\",\"datePublished\":\"2025-03-05T22:12:53+00:00\",\"dateModified\":\"2026-01-16T11:20:40+00:00\",\"breadcrumb\":{\"@id\":\"https:\\\/\\\/vmsport.fi\\\/verkkokauppa\\\/varaosat\\\/ohjaamo\\\/gripit\\\/tankonauha-race-comfort-musta-silikoni-takaosa\\\/#breadcrumb\"},\"inLanguage\":\"sv-SE\",\"potentialAction\":[{\"@type\":\"ReadAction\",\"target\":[\"https:\\\/\\\/vmsport.fi\\\/verkkokauppa\\\/varaosat\\\/ohjaamo\\\/gripit\\\/tankonauha-race-comfort-musta-silikoni-takaosa\\\/\"]}]},{\"@type\":\"ImageObject\",\"inLanguage\":\"sv-SE\",\"@id\":\"https:\\\/\\\/vmsport.fi\\\/verkkokauppa\\\/varaosat\\\/ohjaamo\\\/gripit\\\/tankonauha-race-comfort-musta-silikoni-takaosa\\\/#primaryimage\",\"url\":\"https:\\\/\\\/vmsport.fi\\\/wp-content\\\/uploads\\\/2025\\\/03\\\/cWqZa6mfeERuHULGpHMvPVyMN2P4B3pkB9FQw5gmQxfs0dRSRf-1.jpg\",\"contentUrl\":\"https:\\\/\\\/vmsport.fi\\\/wp-content\\\/uploads\\\/2025\\\/03\\\/cWqZa6mfeERuHULGpHMvPVyMN2P4B3pkB9FQw5gmQxfs0dRSRf-1.jpg\",\"width\":600,\"height\":600,\"caption\":\"cWqZa6mfeERuHULGpHMvPVyMN2P4B3pkB9FQw5gmQxfs0dRSRf\"},{\"@type\":\"BreadcrumbList\",\"@id\":\"https:\\\/\\\/vmsport.fi\\\/verkkokauppa\\\/varaosat\\\/ohjaamo\\\/gripit\\\/tankonauha-race-comfort-musta-silikoni-takaosa\\\/#breadcrumb\",\"itemListElement\":[{\"@type\":\"ListItem\",\"position\":1,\"name\":\"Etusivu\",\"item\":\"https:\\\/\\\/vmsport.fi\\\/\"},{\"@type\":\"ListItem\",\"position\":2,\"name\":\"Online Store\",\"item\":\"https:\\\/\\\/vmsport.fi\\\/en\\\/online-store\\\/\"},{\"@type\":\"ListItem\",\"position\":3,\"name\":\"Tankonauha Race Comfort Musta, Silikoni-takaosa\"}]},{\"@type\":\"WebSite\",\"@id\":\"https:\\\/\\\/vmsport.fi\\\/#website\",\"url\":\"https:\\\/\\\/vmsport.fi\\\/\",\"name\":\"Vmsport\",\"description\":\"Kaikki py\u00f6r\u00e4ilyyn yhdest\u00e4 paikasta\",\"publisher\":{\"@id\":\"https:\\\/\\\/vmsport.fi\\\/#organization\"},\"potentialAction\":[{\"@type\":\"SearchAction\",\"target\":{\"@type\":\"EntryPoint\",\"urlTemplate\":\"https:\\\/\\\/vmsport.fi\\\/?s={search_term_string}\"},\"query-input\":{\"@type\":\"PropertyValueSpecification\",\"valueRequired\":true,\"valueName\":\"search_term_string\"}}],\"inLanguage\":\"sv-SE\"},{\"@type\":\"Organization\",\"@id\":\"https:\\\/\\\/vmsport.fi\\\/#organization\",\"name\":\"Vmsport\",\"url\":\"https:\\\/\\\/vmsport.fi\\\/\",\"logo\":{\"@type\":\"ImageObject\",\"inLanguage\":\"sv-SE\",\"@id\":\"https:\\\/\\\/vmsport.fi\\\/#\\\/schema\\\/logo\\\/image\\\/\",\"url\":\"https:\\\/\\\/vmsport.fi\\\/wp-content\\\/uploads\\\/2024\\\/12\\\/vm_sport_RGB_horisontal-e1734526017575.png\",\"contentUrl\":\"https:\\\/\\\/vmsport.fi\\\/wp-content\\\/uploads\\\/2024\\\/12\\\/vm_sport_RGB_horisontal-e1734526017575.png\",\"width\":668,\"height\":85,\"caption\":\"Vmsport\"},\"image\":{\"@id\":\"https:\\\/\\\/vmsport.fi\\\/#\\\/schema\\\/logo\\\/image\\\/\"},\"sameAs\":[\"https:\\\/\\\/www.facebook.com\\\/Vmsport.fi\\\/\",\"https:\\\/\\\/www.instagram.com\\\/vmsport\\\/\"]}]}<\/script>\n<!-- \/ Yoast SEO plugin. -->","yoast_head_json":{"title":"Race Comfort Tank Strap Svart, silikonrygg - VM Sport","robots":{"index":"index","follow":"follow","max-snippet":"max-snippet:-1","max-image-preview":"max-image-preview:large","max-video-preview":"max-video-preview:-1"},"canonical":"https:\/\/vmsport.fi\/sv\/webbutik\/reservdelar\/taxi\/grepp\/styrtejp-race-comfort-svart-silikon-baksida\/","og_locale":"sv_SE","og_type":"article","og_title":"Tankonauha Race Comfort Musta, Silikoni-takaosa - VM Sport","og_description":"Tankonauha Race Comfort Musta on suunniteltu tarjoamaan erinomaisen pidon, mik\u00e4 tekee siit\u00e4 k\u00e4ytt\u00e4jien suosikin. Nauhan silikonitakapuoli helpottaa sek\u00e4 kiinnitt\u00e4mist\u00e4 ett\u00e4 irrottamista, mik\u00e4 tekee k\u00e4yt\u00f6st\u00e4 sujuvaa ja vaivatonta. Syv\u00e4 musta v\u00e4ri luo tyylikk\u00e4\u00e4n ja ammattimaisen ilmeen, ja hyvin harkittu muotoilu takaa parhaan mahdollisen ajokokemuksen. Silikonimateriaali lis\u00e4\u00e4 k\u00e4ytt\u00f6mukavuutta ja ergonomiaa, ja siksi t\u00e4m\u00e4 nauha on loistava valinta [...]L\u00e4s mer \u2026 from Tankonauha Race Comfort Musta, Silikoni-takaosa","og_url":"https:\/\/vmsport.fi\/sv\/webbutik\/reservdelar\/taxi\/grepp\/styrtejp-race-comfort-svart-silikon-baksida\/","og_site_name":"VM Sport","article_publisher":"https:\/\/www.facebook.com\/Vmsport.fi\/","article_modified_time":"2026-01-16T11:20:40+00:00","og_image":[{"width":600,"height":600,"url":"https:\/\/vmsport.fi\/wp-content\/uploads\/2025\/03\/cWqZa6mfeERuHULGpHMvPVyMN2P4B3pkB9FQw5gmQxfs0dRSRf-1.jpg","type":"image\/jpeg"}],"twitter_card":"summary_large_image","schema":{"@context":"https:\/\/schema.org","@graph":[{"@type":["WebPage","ItemPage"],"@id":"https:\/\/vmsport.fi\/verkkokauppa\/varaosat\/ohjaamo\/gripit\/tankonauha-race-comfort-musta-silikoni-takaosa\/","url":"https:\/\/vmsport.fi\/verkkokauppa\/varaosat\/ohjaamo\/gripit\/tankonauha-race-comfort-musta-silikoni-takaosa\/","name":"Race Comfort Tank Strap Svart, silikonrygg - VM Sport","isPartOf":{"@id":"https:\/\/vmsport.fi\/#website"},"primaryImageOfPage":{"@id":"https:\/\/vmsport.fi\/verkkokauppa\/varaosat\/ohjaamo\/gripit\/tankonauha-race-comfort-musta-silikoni-takaosa\/#primaryimage"},"image":{"@id":"https:\/\/vmsport.fi\/verkkokauppa\/varaosat\/ohjaamo\/gripit\/tankonauha-race-comfort-musta-silikoni-takaosa\/#primaryimage"},"thumbnailUrl":"https:\/\/vmsport.fi\/wp-content\/uploads\/2025\/03\/cWqZa6mfeERuHULGpHMvPVyMN2P4B3pkB9FQw5gmQxfs0dRSRf-1.jpg","datePublished":"2025-03-05T22:12:53+00:00","dateModified":"2026-01-16T11:20:40+00:00","breadcrumb":{"@id":"https:\/\/vmsport.fi\/verkkokauppa\/varaosat\/ohjaamo\/gripit\/tankonauha-race-comfort-musta-silikoni-takaosa\/#breadcrumb"},"inLanguage":"sv-SE","potentialAction":[{"@type":"ReadAction","target":["https:\/\/vmsport.fi\/verkkokauppa\/varaosat\/ohjaamo\/gripit\/tankonauha-race-comfort-musta-silikoni-takaosa\/"]}]},{"@type":"ImageObject","inLanguage":"sv-SE","@id":"https:\/\/vmsport.fi\/verkkokauppa\/varaosat\/ohjaamo\/gripit\/tankonauha-race-comfort-musta-silikoni-takaosa\/#primaryimage","url":"https:\/\/vmsport.fi\/wp-content\/uploads\/2025\/03\/cWqZa6mfeERuHULGpHMvPVyMN2P4B3pkB9FQw5gmQxfs0dRSRf-1.jpg","contentUrl":"https:\/\/vmsport.fi\/wp-content\/uploads\/2025\/03\/cWqZa6mfeERuHULGpHMvPVyMN2P4B3pkB9FQw5gmQxfs0dRSRf-1.jpg","width":600,"height":600,"caption":"cWqZa6mfeERuHULGpHMvPVyMN2P4B3pkB9FQw5gmQxfs0dRSRf"},{"@type":"BreadcrumbList","@id":"https:\/\/vmsport.fi\/verkkokauppa\/varaosat\/ohjaamo\/gripit\/tankonauha-race-comfort-musta-silikoni-takaosa\/#breadcrumb","itemListElement":[{"@type":"ListItem","position":1,"name":"Etusivu","item":"https:\/\/vmsport.fi\/"},{"@type":"ListItem","position":2,"name":"Online Store","item":"https:\/\/vmsport.fi\/en\/online-store\/"},{"@type":"ListItem","position":3,"name":"Tankonauha Race Comfort Musta, Silikoni-takaosa"}]},{"@type":"WebSite","@id":"https:\/\/vmsport.fi\/#website","url":"https:\/\/vmsport.fi\/","name":"Vmsport","description":"Allt p\u00e5 ett st\u00e4lle f\u00f6r cykling","publisher":{"@id":"https:\/\/vmsport.fi\/#organization"},"potentialAction":[{"@type":"SearchAction","target":{"@type":"EntryPoint","urlTemplate":"https:\/\/vmsport.fi\/?s={search_term_string}"},"query-input":{"@type":"PropertyValueSpecification","valueRequired":true,"valueName":"search_term_string"}}],"inLanguage":"sv-SE"},{"@type":"Organization","@id":"https:\/\/vmsport.fi\/#organization","name":"Vmsport","url":"https:\/\/vmsport.fi\/","logo":{"@type":"ImageObject","inLanguage":"sv-SE","@id":"https:\/\/vmsport.fi\/#\/schema\/logo\/image\/","url":"https:\/\/vmsport.fi\/wp-content\/uploads\/2024\/12\/vm_sport_RGB_horisontal-e1734526017575.png","contentUrl":"https:\/\/vmsport.fi\/wp-content\/uploads\/2024\/12\/vm_sport_RGB_horisontal-e1734526017575.png","width":668,"height":85,"caption":"Vmsport"},"image":{"@id":"https:\/\/vmsport.fi\/#\/schema\/logo\/image\/"},"sameAs":["https:\/\/www.facebook.com\/Vmsport.fi\/","https:\/\/www.instagram.com\/vmsport\/"]}]}},"global_unique_id":"","_links":{"self":[{"href":"https:\/\/vmsport.fi\/sv\/wp-json\/wp\/v2\/product\/55856","targetHints":{"allow":["GET"]}}],"collection":[{"href":"https:\/\/vmsport.fi\/sv\/wp-json\/wp\/v2\/product"}],"about":[{"href":"https:\/\/vmsport.fi\/sv\/wp-json\/wp\/v2\/types\/product"}],"replies":[{"embeddable":true,"href":"https:\/\/vmsport.fi\/sv\/wp-json\/wp\/v2\/comments?post=55856"}],"wp:featuredmedia":[{"embeddable":true,"href":"https:\/\/vmsport.fi\/sv\/wp-json\/wp\/v2\/media\/55855"}],"wp:attachment":[{"href":"https:\/\/vmsport.fi\/sv\/wp-json\/wp\/v2\/media?parent=55856"}],"wp:term":[{"taxonomy":"product_brand","embeddable":true,"href":"https:\/\/vmsport.fi\/sv\/wp-json\/wp\/v2\/product_brand?post=55856"},{"taxonomy":"product_model","embeddable":true,"href":"https:\/\/vmsport.fi\/sv\/wp-json\/wp\/v2\/product_model?post=55856"},{"taxonomy":"product_cat","embeddable":true,"href":"https:\/\/vmsport.fi\/sv\/wp-json\/wp\/v2\/product_cat?post=55856"},{"taxonomy":"product_tag","embeddable":true,"href":"https:\/\/vmsport.fi\/sv\/wp-json\/wp\/v2\/product_tag?post=55856"},{"taxonomy":"industry_terminology","embeddable":true,"href":"https:\/\/vmsport.fi\/sv\/wp-json\/wp\/v2\/industry-terminology?post=55856"}],"curies":[{"name":"wp","href":"https:\/\/api.w.org\/{rel}","templated":true}]}}