{"id":55852,"date":"2025-03-06T00:12:50","date_gmt":"2025-03-05T22:12:50","guid":{"rendered":"https:\/\/vmsport.fi\/verkkokauppa\/Ei-luokiteltu\/sram-trigger-shifter-apex-1-black-11-speed-rear\/"},"modified":"2026-04-22T15:00:45","modified_gmt":"2026-04-22T12:00:45","slug":"sram-trigger-shifter-apex-1-svart-11-speed-bak","status":"publish","type":"product","link":"https:\/\/vmsport.fi\/sv\/verkkokauppa\/varaosat\/vaihteistot\/vaihdevivut\/sram-trigger-shifter-apex-1-black-11-speed-rear\/","title":{"rendered":"SRAM Trigger v\u00e4xel Apex 1 Black 11 v\u00e4xlar Bak"},"content":{"rendered":"<p>SRAM Trigger Shifter Apex 1 \u00e4r utformad f\u00f6r allroundcykling och kombinerar h\u00e5llbarhet och l\u00e4ttviktsprestanda, vilket g\u00f6r det m\u00f6jligt att anv\u00e4nda ett 11-v\u00e4xlat system. Denna svarta v\u00e4xelspak, tillverkad av aluminium, anv\u00e4nder innovativ Double Tap-teknik f\u00f6r att f\u00f6renkla v\u00e4xling med en enda spak. Exact Actuation\u2122 garanterar exakta v\u00e4xlingar, medan Zero Loss garanterar omedelbar och exakt v\u00e4xling utan f\u00f6rdr\u00f6jning. ErgoDynamics f\u00f6rb\u00e4ttrar komfort och kontroll, s\u00e5 att du kan fokusera p\u00e5 cyklingen utan distraktioner.<\/p>","protected":false},"excerpt":{"rendered":"<p>Suunniteltu monipuoliseen py\u00f6r\u00e4ilyyn, SRAM Trigger Shifter Apex 1 yhdist\u00e4\u00e4 kest\u00e4vyyden ja kevyen suorituskyvyn mahdollistaen 11-vaihteisen j\u00e4rjestelm\u00e4n k\u00e4yt\u00f6n. T\u00e4m\u00e4 musta vaihdevipu, valmistettu alumiinista, hy\u00f6dynt\u00e4\u00e4 innovatiivista Double Tap -tekniikkaa, joka yksinkertaistaa vaihtamista yhden vivun avulla. Exact Actuation\u2122 varmistaa tarkan vaihteenvaihdon, kun taas Zero Loss takaa v\u00e4litt\u00f6m\u00e4n ja tarkan siirtym\u00e4n ilman viivett\u00e4. ErgoDynamics parantaa mukavuutta ja hallintaa, joten [&#8230;]<\/p>\n<p><a class=\"btn btn-secondary understrap-read-more-link\" href=\"https:\/\/vmsport.fi\/sv\/verkkokauppa\/varaosat\/vaihteistot\/vaihdevivut\/sram-trigger-shifter-apex-1-black-11-speed-rear\/\">L\u00e4s mer \u2026<span class=\"screen-reader-text\"> from SRAM Trigger shifter Apex 1 Black 11 speed Rear<\/span><\/a><\/p>\n","protected":false},"featured_media":55851,"comment_status":"open","ping_status":"closed","template":"","meta":{"_acf_changed":false,"_improvement_type_select":"improve_an_existing","_thumb_yes_seoaic":false,"_frame_yes_seoaic":false,"seoaic_generate_description":"","seoaic_improve_instructions_prompt":"","seoaic_rollback_content_improvement":"","seoaic_idea_thumbnail_generator":"","thumbnail_generated":false,"thumbnail_generate_prompt":"","seoaic_article_description":"","_supplier_stock_quantity":0},"product_brand":[1588],"product_model":[],"product_cat":[9388],"product_tag":[],"industry-terminology":[],"class_list":{"0":"post-55852","1":"product","2":"type-product","3":"status-publish","4":"has-post-thumbnail","6":"product_brand-sram","7":"product_cat-vaihdevivut","9":"first","10":"instock","11":"taxable","12":"shipping-taxable","13":"purchasable","14":"product-type-simple"},"acf":{"bike_features":null,"overview":{"copy_overview":null,"key_features":null,"statement":"","youtube_url":""}},"yoast_head":"<!-- This site is optimized with the Yoast SEO plugin v27.4 - https:\/\/yoast.com\/product\/yoast-seo-wordpress\/ -->\n<title>SRAM Trigger shifter Apex 1 Black 11 speed Rear - VM Sport<\/title>\n<meta name=\"robots\" content=\"index, follow, max-snippet:-1, max-image-preview:large, max-video-preview:-1\" \/>\n<link rel=\"canonical\" href=\"https:\/\/vmsport.fi\/sv\/webbutik\/reservdelar\/vaxellador\/sidor-om-vaxellador\/sram-trigger-shifter-apex-1-svart-11-speed-bak\/\" \/>\n<meta property=\"og:locale\" content=\"sv_SE\" \/>\n<meta property=\"og:type\" content=\"article\" \/>\n<meta property=\"og:title\" content=\"SRAM Trigger shifter Apex 1 Black 11 speed Rear - VM Sport\" \/>\n<meta property=\"og:description\" content=\"Suunniteltu monipuoliseen py\u00f6r\u00e4ilyyn, SRAM Trigger Shifter Apex 1 yhdist\u00e4\u00e4 kest\u00e4vyyden ja kevyen suorituskyvyn mahdollistaen 11-vaihteisen j\u00e4rjestelm\u00e4n k\u00e4yt\u00f6n. T\u00e4m\u00e4 musta vaihdevipu, valmistettu alumiinista, hy\u00f6dynt\u00e4\u00e4 innovatiivista Double Tap -tekniikkaa, joka yksinkertaistaa vaihtamista yhden vivun avulla. Exact Actuation\u2122 varmistaa tarkan vaihteenvaihdon, kun taas Zero Loss takaa v\u00e4litt\u00f6m\u00e4n ja tarkan siirtym\u00e4n ilman viivett\u00e4. ErgoDynamics parantaa mukavuutta ja hallintaa, joten [...]L\u00e4s mer \u2026 from SRAM Trigger shifter Apex 1 Black 11 speed Rear\" \/>\n<meta property=\"og:url\" content=\"https:\/\/vmsport.fi\/sv\/webbutik\/reservdelar\/vaxellador\/sidor-om-vaxellador\/sram-trigger-shifter-apex-1-svart-11-speed-bak\/\" \/>\n<meta property=\"og:site_name\" content=\"VM Sport\" \/>\n<meta property=\"article:publisher\" content=\"https:\/\/www.facebook.com\/Vmsport.fi\/\" \/>\n<meta property=\"article:modified_time\" content=\"2026-04-22T12:00:45+00:00\" \/>\n<meta property=\"og:image\" content=\"https:\/\/vmsport.fi\/wp-content\/uploads\/2025\/03\/y6YXVMtrflG2V4ZVB0Ju0Xpb8jHLpwEFnTvRoG1FSv5F52MX66-1.jpg\" \/>\n\t<meta property=\"og:image:width\" content=\"800\" \/>\n\t<meta property=\"og:image:height\" content=\"800\" \/>\n\t<meta property=\"og:image:type\" content=\"image\/jpeg\" \/>\n<meta name=\"twitter:card\" content=\"summary_large_image\" \/>\n<script type=\"application\/ld+json\" class=\"yoast-schema-graph\">{\"@context\":\"https:\\\/\\\/schema.org\",\"@graph\":[{\"@type\":[\"WebPage\",\"ItemPage\"],\"@id\":\"https:\\\/\\\/vmsport.fi\\\/verkkokauppa\\\/varaosat\\\/vaihteistot\\\/vaihdevivut\\\/sram-trigger-shifter-apex-1-black-11-speed-rear\\\/\",\"url\":\"https:\\\/\\\/vmsport.fi\\\/verkkokauppa\\\/varaosat\\\/vaihteistot\\\/vaihdevivut\\\/sram-trigger-shifter-apex-1-black-11-speed-rear\\\/\",\"name\":\"SRAM Trigger shifter Apex 1 Black 11 speed Rear - VM Sport\",\"isPartOf\":{\"@id\":\"https:\\\/\\\/vmsport.fi\\\/#website\"},\"primaryImageOfPage\":{\"@id\":\"https:\\\/\\\/vmsport.fi\\\/verkkokauppa\\\/varaosat\\\/vaihteistot\\\/vaihdevivut\\\/sram-trigger-shifter-apex-1-black-11-speed-rear\\\/#primaryimage\"},\"image\":{\"@id\":\"https:\\\/\\\/vmsport.fi\\\/verkkokauppa\\\/varaosat\\\/vaihteistot\\\/vaihdevivut\\\/sram-trigger-shifter-apex-1-black-11-speed-rear\\\/#primaryimage\"},\"thumbnailUrl\":\"https:\\\/\\\/vmsport.fi\\\/wp-content\\\/uploads\\\/2025\\\/03\\\/y6YXVMtrflG2V4ZVB0Ju0Xpb8jHLpwEFnTvRoG1FSv5F52MX66-1.jpg\",\"datePublished\":\"2025-03-05T22:12:50+00:00\",\"dateModified\":\"2026-04-22T12:00:45+00:00\",\"breadcrumb\":{\"@id\":\"https:\\\/\\\/vmsport.fi\\\/verkkokauppa\\\/varaosat\\\/vaihteistot\\\/vaihdevivut\\\/sram-trigger-shifter-apex-1-black-11-speed-rear\\\/#breadcrumb\"},\"inLanguage\":\"sv-SE\",\"potentialAction\":[{\"@type\":\"ReadAction\",\"target\":[\"https:\\\/\\\/vmsport.fi\\\/verkkokauppa\\\/varaosat\\\/vaihteistot\\\/vaihdevivut\\\/sram-trigger-shifter-apex-1-black-11-speed-rear\\\/\"]}]},{\"@type\":\"ImageObject\",\"inLanguage\":\"sv-SE\",\"@id\":\"https:\\\/\\\/vmsport.fi\\\/verkkokauppa\\\/varaosat\\\/vaihteistot\\\/vaihdevivut\\\/sram-trigger-shifter-apex-1-black-11-speed-rear\\\/#primaryimage\",\"url\":\"https:\\\/\\\/vmsport.fi\\\/wp-content\\\/uploads\\\/2025\\\/03\\\/y6YXVMtrflG2V4ZVB0Ju0Xpb8jHLpwEFnTvRoG1FSv5F52MX66-1.jpg\",\"contentUrl\":\"https:\\\/\\\/vmsport.fi\\\/wp-content\\\/uploads\\\/2025\\\/03\\\/y6YXVMtrflG2V4ZVB0Ju0Xpb8jHLpwEFnTvRoG1FSv5F52MX66-1.jpg\",\"width\":800,\"height\":800,\"caption\":\"y6YXVMtrflG2V4ZVB0Ju0Xpb8jHLpwEFnTvRoG1FSv5F52MX66\"},{\"@type\":\"BreadcrumbList\",\"@id\":\"https:\\\/\\\/vmsport.fi\\\/verkkokauppa\\\/varaosat\\\/vaihteistot\\\/vaihdevivut\\\/sram-trigger-shifter-apex-1-black-11-speed-rear\\\/#breadcrumb\",\"itemListElement\":[{\"@type\":\"ListItem\",\"position\":1,\"name\":\"Etusivu\",\"item\":\"https:\\\/\\\/vmsport.fi\\\/\"},{\"@type\":\"ListItem\",\"position\":2,\"name\":\"Online Store\",\"item\":\"https:\\\/\\\/vmsport.fi\\\/en\\\/online-store\\\/\"},{\"@type\":\"ListItem\",\"position\":3,\"name\":\"SRAM Trigger shifter Apex 1 Black 11 speed Rear\"}]},{\"@type\":\"WebSite\",\"@id\":\"https:\\\/\\\/vmsport.fi\\\/#website\",\"url\":\"https:\\\/\\\/vmsport.fi\\\/\",\"name\":\"Vmsport\",\"description\":\"Kaikki py\u00f6r\u00e4ilyyn yhdest\u00e4 paikasta\",\"publisher\":{\"@id\":\"https:\\\/\\\/vmsport.fi\\\/#organization\"},\"potentialAction\":[{\"@type\":\"SearchAction\",\"target\":{\"@type\":\"EntryPoint\",\"urlTemplate\":\"https:\\\/\\\/vmsport.fi\\\/?s={search_term_string}\"},\"query-input\":{\"@type\":\"PropertyValueSpecification\",\"valueRequired\":true,\"valueName\":\"search_term_string\"}}],\"inLanguage\":\"sv-SE\"},{\"@type\":\"Organization\",\"@id\":\"https:\\\/\\\/vmsport.fi\\\/#organization\",\"name\":\"Vmsport\",\"url\":\"https:\\\/\\\/vmsport.fi\\\/\",\"logo\":{\"@type\":\"ImageObject\",\"inLanguage\":\"sv-SE\",\"@id\":\"https:\\\/\\\/vmsport.fi\\\/#\\\/schema\\\/logo\\\/image\\\/\",\"url\":\"https:\\\/\\\/vmsport.fi\\\/wp-content\\\/uploads\\\/2024\\\/12\\\/vm_sport_RGB_horisontal-e1734526017575.png\",\"contentUrl\":\"https:\\\/\\\/vmsport.fi\\\/wp-content\\\/uploads\\\/2024\\\/12\\\/vm_sport_RGB_horisontal-e1734526017575.png\",\"width\":668,\"height\":85,\"caption\":\"Vmsport\"},\"image\":{\"@id\":\"https:\\\/\\\/vmsport.fi\\\/#\\\/schema\\\/logo\\\/image\\\/\"},\"sameAs\":[\"https:\\\/\\\/www.facebook.com\\\/Vmsport.fi\\\/\",\"https:\\\/\\\/www.instagram.com\\\/vmsport\\\/\"]}]}<\/script>\n<!-- \/ Yoast SEO plugin. -->","yoast_head_json":{"title":"SRAM Trigger v\u00e4xelreglage Apex 1 Black 11 v\u00e4xlar Bak - VM Sport","robots":{"index":"index","follow":"follow","max-snippet":"max-snippet:-1","max-image-preview":"max-image-preview:large","max-video-preview":"max-video-preview:-1"},"canonical":"https:\/\/vmsport.fi\/sv\/webbutik\/reservdelar\/vaxellador\/sidor-om-vaxellador\/sram-trigger-shifter-apex-1-svart-11-speed-bak\/","og_locale":"sv_SE","og_type":"article","og_title":"SRAM Trigger shifter Apex 1 Black 11 speed Rear - VM Sport","og_description":"Suunniteltu monipuoliseen py\u00f6r\u00e4ilyyn, SRAM Trigger Shifter Apex 1 yhdist\u00e4\u00e4 kest\u00e4vyyden ja kevyen suorituskyvyn mahdollistaen 11-vaihteisen j\u00e4rjestelm\u00e4n k\u00e4yt\u00f6n. T\u00e4m\u00e4 musta vaihdevipu, valmistettu alumiinista, hy\u00f6dynt\u00e4\u00e4 innovatiivista Double Tap -tekniikkaa, joka yksinkertaistaa vaihtamista yhden vivun avulla. Exact Actuation\u2122 varmistaa tarkan vaihteenvaihdon, kun taas Zero Loss takaa v\u00e4litt\u00f6m\u00e4n ja tarkan siirtym\u00e4n ilman viivett\u00e4. ErgoDynamics parantaa mukavuutta ja hallintaa, joten [...]L\u00e4s mer \u2026 from SRAM Trigger shifter Apex 1 Black 11 speed Rear","og_url":"https:\/\/vmsport.fi\/sv\/webbutik\/reservdelar\/vaxellador\/sidor-om-vaxellador\/sram-trigger-shifter-apex-1-svart-11-speed-bak\/","og_site_name":"VM Sport","article_publisher":"https:\/\/www.facebook.com\/Vmsport.fi\/","article_modified_time":"2026-04-22T12:00:45+00:00","og_image":[{"width":800,"height":800,"url":"https:\/\/vmsport.fi\/wp-content\/uploads\/2025\/03\/y6YXVMtrflG2V4ZVB0Ju0Xpb8jHLpwEFnTvRoG1FSv5F52MX66-1.jpg","type":"image\/jpeg"}],"twitter_card":"summary_large_image","schema":{"@context":"https:\/\/schema.org","@graph":[{"@type":["WebPage","ItemPage"],"@id":"https:\/\/vmsport.fi\/verkkokauppa\/varaosat\/vaihteistot\/vaihdevivut\/sram-trigger-shifter-apex-1-black-11-speed-rear\/","url":"https:\/\/vmsport.fi\/verkkokauppa\/varaosat\/vaihteistot\/vaihdevivut\/sram-trigger-shifter-apex-1-black-11-speed-rear\/","name":"SRAM Trigger v\u00e4xelreglage Apex 1 Black 11 v\u00e4xlar Bak - VM Sport","isPartOf":{"@id":"https:\/\/vmsport.fi\/#website"},"primaryImageOfPage":{"@id":"https:\/\/vmsport.fi\/verkkokauppa\/varaosat\/vaihteistot\/vaihdevivut\/sram-trigger-shifter-apex-1-black-11-speed-rear\/#primaryimage"},"image":{"@id":"https:\/\/vmsport.fi\/verkkokauppa\/varaosat\/vaihteistot\/vaihdevivut\/sram-trigger-shifter-apex-1-black-11-speed-rear\/#primaryimage"},"thumbnailUrl":"https:\/\/vmsport.fi\/wp-content\/uploads\/2025\/03\/y6YXVMtrflG2V4ZVB0Ju0Xpb8jHLpwEFnTvRoG1FSv5F52MX66-1.jpg","datePublished":"2025-03-05T22:12:50+00:00","dateModified":"2026-04-22T12:00:45+00:00","breadcrumb":{"@id":"https:\/\/vmsport.fi\/verkkokauppa\/varaosat\/vaihteistot\/vaihdevivut\/sram-trigger-shifter-apex-1-black-11-speed-rear\/#breadcrumb"},"inLanguage":"sv-SE","potentialAction":[{"@type":"ReadAction","target":["https:\/\/vmsport.fi\/verkkokauppa\/varaosat\/vaihteistot\/vaihdevivut\/sram-trigger-shifter-apex-1-black-11-speed-rear\/"]}]},{"@type":"ImageObject","inLanguage":"sv-SE","@id":"https:\/\/vmsport.fi\/verkkokauppa\/varaosat\/vaihteistot\/vaihdevivut\/sram-trigger-shifter-apex-1-black-11-speed-rear\/#primaryimage","url":"https:\/\/vmsport.fi\/wp-content\/uploads\/2025\/03\/y6YXVMtrflG2V4ZVB0Ju0Xpb8jHLpwEFnTvRoG1FSv5F52MX66-1.jpg","contentUrl":"https:\/\/vmsport.fi\/wp-content\/uploads\/2025\/03\/y6YXVMtrflG2V4ZVB0Ju0Xpb8jHLpwEFnTvRoG1FSv5F52MX66-1.jpg","width":800,"height":800,"caption":"y6YXVMtrflG2V4ZVB0Ju0Xpb8jHLpwEFnTvRoG1FSv5F52MX66"},{"@type":"BreadcrumbList","@id":"https:\/\/vmsport.fi\/verkkokauppa\/varaosat\/vaihteistot\/vaihdevivut\/sram-trigger-shifter-apex-1-black-11-speed-rear\/#breadcrumb","itemListElement":[{"@type":"ListItem","position":1,"name":"Etusivu","item":"https:\/\/vmsport.fi\/"},{"@type":"ListItem","position":2,"name":"Online Store","item":"https:\/\/vmsport.fi\/en\/online-store\/"},{"@type":"ListItem","position":3,"name":"SRAM Trigger shifter Apex 1 Black 11 speed Rear"}]},{"@type":"WebSite","@id":"https:\/\/vmsport.fi\/#website","url":"https:\/\/vmsport.fi\/","name":"Vmsport","description":"Allt p\u00e5 ett st\u00e4lle f\u00f6r cykling","publisher":{"@id":"https:\/\/vmsport.fi\/#organization"},"potentialAction":[{"@type":"SearchAction","target":{"@type":"EntryPoint","urlTemplate":"https:\/\/vmsport.fi\/?s={search_term_string}"},"query-input":{"@type":"PropertyValueSpecification","valueRequired":true,"valueName":"search_term_string"}}],"inLanguage":"sv-SE"},{"@type":"Organization","@id":"https:\/\/vmsport.fi\/#organization","name":"Vmsport","url":"https:\/\/vmsport.fi\/","logo":{"@type":"ImageObject","inLanguage":"sv-SE","@id":"https:\/\/vmsport.fi\/#\/schema\/logo\/image\/","url":"https:\/\/vmsport.fi\/wp-content\/uploads\/2024\/12\/vm_sport_RGB_horisontal-e1734526017575.png","contentUrl":"https:\/\/vmsport.fi\/wp-content\/uploads\/2024\/12\/vm_sport_RGB_horisontal-e1734526017575.png","width":668,"height":85,"caption":"Vmsport"},"image":{"@id":"https:\/\/vmsport.fi\/#\/schema\/logo\/image\/"},"sameAs":["https:\/\/www.facebook.com\/Vmsport.fi\/","https:\/\/www.instagram.com\/vmsport\/"]}]}},"global_unique_id":"","_links":{"self":[{"href":"https:\/\/vmsport.fi\/sv\/wp-json\/wp\/v2\/product\/55852","targetHints":{"allow":["GET"]}}],"collection":[{"href":"https:\/\/vmsport.fi\/sv\/wp-json\/wp\/v2\/product"}],"about":[{"href":"https:\/\/vmsport.fi\/sv\/wp-json\/wp\/v2\/types\/product"}],"replies":[{"embeddable":true,"href":"https:\/\/vmsport.fi\/sv\/wp-json\/wp\/v2\/comments?post=55852"}],"wp:featuredmedia":[{"embeddable":true,"href":"https:\/\/vmsport.fi\/sv\/wp-json\/wp\/v2\/media\/55851"}],"wp:attachment":[{"href":"https:\/\/vmsport.fi\/sv\/wp-json\/wp\/v2\/media?parent=55852"}],"wp:term":[{"taxonomy":"product_brand","embeddable":true,"href":"https:\/\/vmsport.fi\/sv\/wp-json\/wp\/v2\/product_brand?post=55852"},{"taxonomy":"product_model","embeddable":true,"href":"https:\/\/vmsport.fi\/sv\/wp-json\/wp\/v2\/product_model?post=55852"},{"taxonomy":"product_cat","embeddable":true,"href":"https:\/\/vmsport.fi\/sv\/wp-json\/wp\/v2\/product_cat?post=55852"},{"taxonomy":"product_tag","embeddable":true,"href":"https:\/\/vmsport.fi\/sv\/wp-json\/wp\/v2\/product_tag?post=55852"},{"taxonomy":"industry_terminology","embeddable":true,"href":"https:\/\/vmsport.fi\/sv\/wp-json\/wp\/v2\/industry-terminology?post=55852"}],"curies":[{"name":"wp","href":"https:\/\/api.w.org\/{rel}","templated":true}]}}