{"id":55800,"date":"2025-03-06T00:12:06","date_gmt":"2025-03-05T22:12:06","guid":{"rendered":"https:\/\/vmsport.fi\/verkkokauppa\/Ei-luokiteltu\/muc-off-b-a-m-holster\/"},"modified":"2026-04-22T15:04:57","modified_gmt":"2026-04-22T12:04:57","slug":"muc-off-b-a-m-holster","status":"publish","type":"product","link":"https:\/\/vmsport.fi\/sv\/verkkokauppa\/renkaat\/tubeless-tarvikkeet\/tubeless-sarjat-ja-osat\/muc-off-b-a-m-holster\/","title":{"rendered":"MUC-OFF B.A.M.-h\u00f6lster"},"content":{"rendered":"<p>MUC-OFF B.A.M.-h\u00f6lstret \u00e4r speciellt utformat f\u00f6r att f\u00e4sta B.A.M! (Bicycle Apparel Mechanism) p\u00e5 cykelramen p\u00e5 ett effektivt och tillf\u00f6rlitligt s\u00e4tt. Dess f\u00e4stsystem s\u00e4kerst\u00e4ller att h\u00f6lstret sitter stadigt p\u00e5 plats b\u00e5de under k\u00f6rning och transport, vilket g\u00f6r det till ett praktiskt tillbeh\u00f6r f\u00f6r ett brett utbud av cykelmodeller. H\u00f6lstret \u00e4r utformat f\u00f6r att vara enkelt att anv\u00e4nda, med snabb p\u00e5- och avtagning, och \u00e4r stilistiskt integrerat i B.A.M!-systemet. Den h\u00e4r produkten \u00e4r ett utm\u00e4rkt val f\u00f6r b\u00e5de vanliga och inbitna cyklister som vill ha ett s\u00e4kert och enkelt s\u00e4tt att b\u00e4ra med sig sin utrustning p\u00e5 cykelturerna.<\/p>","protected":false},"excerpt":{"rendered":"<p>MUC-OFF B.A.M. Holster on erityisesti suunniteltu kiinnitt\u00e4m\u00e4\u00e4n B.A.M! (Bicycle Apparel Mechanism) polkupy\u00f6r\u00e4n runkoon tehokkaasti ja luotettavasti. Sen kiinnitysj\u00e4rjestelm\u00e4 varmistaa, ett\u00e4 holsteri pysyy tukevasti paikallaan sek\u00e4 ajon aikana ett\u00e4 kuljetettaessa, mik\u00e4 tekee siit\u00e4 k\u00e4yt\u00e4nn\u00f6llisen lis\u00e4varusteen monille erilaisille py\u00f6r\u00e4malleille. Holsteri on muotoiltu korostamaan helppok\u00e4ytt\u00f6isyytt\u00e4, mahdollistaen nopean kiinnityksen ja irrotuksen, ja se on tyylilt\u00e4\u00e4n yhten\u00e4inen osa B.A.M! j\u00e4rjestelm\u00e4\u00e4. [&#8230;]<\/p>\n<p><a class=\"btn btn-secondary understrap-read-more-link\" href=\"https:\/\/vmsport.fi\/sv\/verkkokauppa\/renkaat\/tubeless-tarvikkeet\/tubeless-sarjat-ja-osat\/muc-off-b-a-m-holster\/\">L\u00e4s mer \u2026<span class=\"screen-reader-text\"> from MUC-OFF B.A.M. Holster<\/span><\/a><\/p>\n","protected":false},"featured_media":55799,"comment_status":"open","ping_status":"closed","template":"","meta":{"_acf_changed":false,"_improvement_type_select":"improve_an_existing","_thumb_yes_seoaic":false,"_frame_yes_seoaic":false,"seoaic_generate_description":"","seoaic_improve_instructions_prompt":"","seoaic_rollback_content_improvement":"","seoaic_idea_thumbnail_generator":"","thumbnail_generated":false,"thumbnail_generate_prompt":"","seoaic_article_description":"","_supplier_stock_quantity":0},"product_brand":[1584],"product_model":[],"product_cat":[9364],"product_tag":[],"industry-terminology":[],"class_list":{"0":"post-55800","1":"product","2":"type-product","3":"status-publish","4":"has-post-thumbnail","6":"product_brand-muc-off","7":"product_cat-tubeless-sarjat-ja-osat","9":"first","10":"instock","11":"taxable","12":"shipping-taxable","13":"purchasable","14":"product-type-simple"},"acf":{"bike_features":null,"overview":{"copy_overview":null,"key_features":null,"statement":"","youtube_url":""}},"yoast_head":"<!-- This site is optimized with the Yoast SEO plugin v27.4 - https:\/\/yoast.com\/product\/yoast-seo-wordpress\/ -->\n<title>MUC-OFF B.A.M. Holster - VM Sport<\/title>\n<meta name=\"robots\" content=\"index, follow, max-snippet:-1, max-image-preview:large, max-video-preview:-1\" \/>\n<link rel=\"canonical\" href=\"https:\/\/vmsport.fi\/sv\/webbutik\/dack\/slanglosa-tillbehor\/slanglosa-satser-och-delar\/muc-off-b-a-m-holster\/\" \/>\n<meta property=\"og:locale\" content=\"sv_SE\" \/>\n<meta property=\"og:type\" content=\"article\" \/>\n<meta property=\"og:title\" content=\"MUC-OFF B.A.M. Holster - VM Sport\" \/>\n<meta property=\"og:description\" content=\"MUC-OFF B.A.M. Holster on erityisesti suunniteltu kiinnitt\u00e4m\u00e4\u00e4n B.A.M! (Bicycle Apparel Mechanism) polkupy\u00f6r\u00e4n runkoon tehokkaasti ja luotettavasti. Sen kiinnitysj\u00e4rjestelm\u00e4 varmistaa, ett\u00e4 holsteri pysyy tukevasti paikallaan sek\u00e4 ajon aikana ett\u00e4 kuljetettaessa, mik\u00e4 tekee siit\u00e4 k\u00e4yt\u00e4nn\u00f6llisen lis\u00e4varusteen monille erilaisille py\u00f6r\u00e4malleille. Holsteri on muotoiltu korostamaan helppok\u00e4ytt\u00f6isyytt\u00e4, mahdollistaen nopean kiinnityksen ja irrotuksen, ja se on tyylilt\u00e4\u00e4n yhten\u00e4inen osa B.A.M! j\u00e4rjestelm\u00e4\u00e4. [...]L\u00e4s mer \u2026 from MUC-OFF B.A.M. Holster\" \/>\n<meta property=\"og:url\" content=\"https:\/\/vmsport.fi\/sv\/webbutik\/dack\/slanglosa-tillbehor\/slanglosa-satser-och-delar\/muc-off-b-a-m-holster\/\" \/>\n<meta property=\"og:site_name\" content=\"VM Sport\" \/>\n<meta property=\"article:publisher\" content=\"https:\/\/www.facebook.com\/Vmsport.fi\/\" \/>\n<meta property=\"article:modified_time\" content=\"2026-04-22T12:04:57+00:00\" \/>\n<meta property=\"og:image\" content=\"https:\/\/vmsport.fi\/wp-content\/uploads\/2025\/03\/MUC-OFF-B-A-M-Holster-1.jpg\" \/>\n\t<meta property=\"og:image:width\" content=\"1000\" \/>\n\t<meta property=\"og:image:height\" content=\"750\" \/>\n\t<meta property=\"og:image:type\" content=\"image\/jpeg\" \/>\n<meta name=\"twitter:card\" content=\"summary_large_image\" \/>\n<meta name=\"twitter:label1\" content=\"Ber\u00e4knad l\u00e4stid\" \/>\n\t<meta name=\"twitter:data1\" content=\"1 minut\" \/>\n<script type=\"application\/ld+json\" class=\"yoast-schema-graph\">{\"@context\":\"https:\\\/\\\/schema.org\",\"@graph\":[{\"@type\":[\"WebPage\",\"ItemPage\"],\"@id\":\"https:\\\/\\\/vmsport.fi\\\/verkkokauppa\\\/renkaat\\\/tubeless-tarvikkeet\\\/tubeless-sarjat-ja-osat\\\/muc-off-b-a-m-holster\\\/\",\"url\":\"https:\\\/\\\/vmsport.fi\\\/verkkokauppa\\\/renkaat\\\/tubeless-tarvikkeet\\\/tubeless-sarjat-ja-osat\\\/muc-off-b-a-m-holster\\\/\",\"name\":\"MUC-OFF B.A.M. Holster - VM Sport\",\"isPartOf\":{\"@id\":\"https:\\\/\\\/vmsport.fi\\\/#website\"},\"primaryImageOfPage\":{\"@id\":\"https:\\\/\\\/vmsport.fi\\\/verkkokauppa\\\/renkaat\\\/tubeless-tarvikkeet\\\/tubeless-sarjat-ja-osat\\\/muc-off-b-a-m-holster\\\/#primaryimage\"},\"image\":{\"@id\":\"https:\\\/\\\/vmsport.fi\\\/verkkokauppa\\\/renkaat\\\/tubeless-tarvikkeet\\\/tubeless-sarjat-ja-osat\\\/muc-off-b-a-m-holster\\\/#primaryimage\"},\"thumbnailUrl\":\"https:\\\/\\\/vmsport.fi\\\/wp-content\\\/uploads\\\/2025\\\/03\\\/MUC-OFF-B-A-M-Holster-1.jpg\",\"datePublished\":\"2025-03-05T22:12:06+00:00\",\"dateModified\":\"2026-04-22T12:04:57+00:00\",\"breadcrumb\":{\"@id\":\"https:\\\/\\\/vmsport.fi\\\/verkkokauppa\\\/renkaat\\\/tubeless-tarvikkeet\\\/tubeless-sarjat-ja-osat\\\/muc-off-b-a-m-holster\\\/#breadcrumb\"},\"inLanguage\":\"sv-SE\",\"potentialAction\":[{\"@type\":\"ReadAction\",\"target\":[\"https:\\\/\\\/vmsport.fi\\\/verkkokauppa\\\/renkaat\\\/tubeless-tarvikkeet\\\/tubeless-sarjat-ja-osat\\\/muc-off-b-a-m-holster\\\/\"]}]},{\"@type\":\"ImageObject\",\"inLanguage\":\"sv-SE\",\"@id\":\"https:\\\/\\\/vmsport.fi\\\/verkkokauppa\\\/renkaat\\\/tubeless-tarvikkeet\\\/tubeless-sarjat-ja-osat\\\/muc-off-b-a-m-holster\\\/#primaryimage\",\"url\":\"https:\\\/\\\/vmsport.fi\\\/wp-content\\\/uploads\\\/2025\\\/03\\\/MUC-OFF-B-A-M-Holster-1.jpg\",\"contentUrl\":\"https:\\\/\\\/vmsport.fi\\\/wp-content\\\/uploads\\\/2025\\\/03\\\/MUC-OFF-B-A-M-Holster-1.jpg\",\"width\":1000,\"height\":750,\"caption\":\"MUC-OFF-B-A-M-Holster\"},{\"@type\":\"BreadcrumbList\",\"@id\":\"https:\\\/\\\/vmsport.fi\\\/verkkokauppa\\\/renkaat\\\/tubeless-tarvikkeet\\\/tubeless-sarjat-ja-osat\\\/muc-off-b-a-m-holster\\\/#breadcrumb\",\"itemListElement\":[{\"@type\":\"ListItem\",\"position\":1,\"name\":\"Etusivu\",\"item\":\"https:\\\/\\\/vmsport.fi\\\/\"},{\"@type\":\"ListItem\",\"position\":2,\"name\":\"Online Store\",\"item\":\"https:\\\/\\\/vmsport.fi\\\/en\\\/online-store\\\/\"},{\"@type\":\"ListItem\",\"position\":3,\"name\":\"MUC-OFF B.A.M. Holster\"}]},{\"@type\":\"WebSite\",\"@id\":\"https:\\\/\\\/vmsport.fi\\\/#website\",\"url\":\"https:\\\/\\\/vmsport.fi\\\/\",\"name\":\"Vmsport\",\"description\":\"Kaikki py\u00f6r\u00e4ilyyn yhdest\u00e4 paikasta\",\"publisher\":{\"@id\":\"https:\\\/\\\/vmsport.fi\\\/#organization\"},\"potentialAction\":[{\"@type\":\"SearchAction\",\"target\":{\"@type\":\"EntryPoint\",\"urlTemplate\":\"https:\\\/\\\/vmsport.fi\\\/?s={search_term_string}\"},\"query-input\":{\"@type\":\"PropertyValueSpecification\",\"valueRequired\":true,\"valueName\":\"search_term_string\"}}],\"inLanguage\":\"sv-SE\"},{\"@type\":\"Organization\",\"@id\":\"https:\\\/\\\/vmsport.fi\\\/#organization\",\"name\":\"Vmsport\",\"url\":\"https:\\\/\\\/vmsport.fi\\\/\",\"logo\":{\"@type\":\"ImageObject\",\"inLanguage\":\"sv-SE\",\"@id\":\"https:\\\/\\\/vmsport.fi\\\/#\\\/schema\\\/logo\\\/image\\\/\",\"url\":\"https:\\\/\\\/vmsport.fi\\\/wp-content\\\/uploads\\\/2024\\\/12\\\/vm_sport_RGB_horisontal-e1734526017575.png\",\"contentUrl\":\"https:\\\/\\\/vmsport.fi\\\/wp-content\\\/uploads\\\/2024\\\/12\\\/vm_sport_RGB_horisontal-e1734526017575.png\",\"width\":668,\"height\":85,\"caption\":\"Vmsport\"},\"image\":{\"@id\":\"https:\\\/\\\/vmsport.fi\\\/#\\\/schema\\\/logo\\\/image\\\/\"},\"sameAs\":[\"https:\\\/\\\/www.facebook.com\\\/Vmsport.fi\\\/\",\"https:\\\/\\\/www.instagram.com\\\/vmsport\\\/\"]}]}<\/script>\n<!-- \/ Yoast SEO plugin. -->","yoast_head_json":{"title":"MUC-OFF B.A.M.-h\u00f6lster - VM Sport","robots":{"index":"index","follow":"follow","max-snippet":"max-snippet:-1","max-image-preview":"max-image-preview:large","max-video-preview":"max-video-preview:-1"},"canonical":"https:\/\/vmsport.fi\/sv\/webbutik\/dack\/slanglosa-tillbehor\/slanglosa-satser-och-delar\/muc-off-b-a-m-holster\/","og_locale":"sv_SE","og_type":"article","og_title":"MUC-OFF B.A.M. Holster - VM Sport","og_description":"MUC-OFF B.A.M. Holster on erityisesti suunniteltu kiinnitt\u00e4m\u00e4\u00e4n B.A.M! (Bicycle Apparel Mechanism) polkupy\u00f6r\u00e4n runkoon tehokkaasti ja luotettavasti. Sen kiinnitysj\u00e4rjestelm\u00e4 varmistaa, ett\u00e4 holsteri pysyy tukevasti paikallaan sek\u00e4 ajon aikana ett\u00e4 kuljetettaessa, mik\u00e4 tekee siit\u00e4 k\u00e4yt\u00e4nn\u00f6llisen lis\u00e4varusteen monille erilaisille py\u00f6r\u00e4malleille. Holsteri on muotoiltu korostamaan helppok\u00e4ytt\u00f6isyytt\u00e4, mahdollistaen nopean kiinnityksen ja irrotuksen, ja se on tyylilt\u00e4\u00e4n yhten\u00e4inen osa B.A.M! j\u00e4rjestelm\u00e4\u00e4. [...]L\u00e4s mer \u2026 from MUC-OFF B.A.M. Holster","og_url":"https:\/\/vmsport.fi\/sv\/webbutik\/dack\/slanglosa-tillbehor\/slanglosa-satser-och-delar\/muc-off-b-a-m-holster\/","og_site_name":"VM Sport","article_publisher":"https:\/\/www.facebook.com\/Vmsport.fi\/","article_modified_time":"2026-04-22T12:04:57+00:00","og_image":[{"width":1000,"height":750,"url":"https:\/\/vmsport.fi\/wp-content\/uploads\/2025\/03\/MUC-OFF-B-A-M-Holster-1.jpg","type":"image\/jpeg"}],"twitter_card":"summary_large_image","twitter_misc":{"Ber\u00e4knad l\u00e4stid":"1 minut"},"schema":{"@context":"https:\/\/schema.org","@graph":[{"@type":["WebPage","ItemPage"],"@id":"https:\/\/vmsport.fi\/verkkokauppa\/renkaat\/tubeless-tarvikkeet\/tubeless-sarjat-ja-osat\/muc-off-b-a-m-holster\/","url":"https:\/\/vmsport.fi\/verkkokauppa\/renkaat\/tubeless-tarvikkeet\/tubeless-sarjat-ja-osat\/muc-off-b-a-m-holster\/","name":"MUC-OFF B.A.M.-h\u00f6lster - VM Sport","isPartOf":{"@id":"https:\/\/vmsport.fi\/#website"},"primaryImageOfPage":{"@id":"https:\/\/vmsport.fi\/verkkokauppa\/renkaat\/tubeless-tarvikkeet\/tubeless-sarjat-ja-osat\/muc-off-b-a-m-holster\/#primaryimage"},"image":{"@id":"https:\/\/vmsport.fi\/verkkokauppa\/renkaat\/tubeless-tarvikkeet\/tubeless-sarjat-ja-osat\/muc-off-b-a-m-holster\/#primaryimage"},"thumbnailUrl":"https:\/\/vmsport.fi\/wp-content\/uploads\/2025\/03\/MUC-OFF-B-A-M-Holster-1.jpg","datePublished":"2025-03-05T22:12:06+00:00","dateModified":"2026-04-22T12:04:57+00:00","breadcrumb":{"@id":"https:\/\/vmsport.fi\/verkkokauppa\/renkaat\/tubeless-tarvikkeet\/tubeless-sarjat-ja-osat\/muc-off-b-a-m-holster\/#breadcrumb"},"inLanguage":"sv-SE","potentialAction":[{"@type":"ReadAction","target":["https:\/\/vmsport.fi\/verkkokauppa\/renkaat\/tubeless-tarvikkeet\/tubeless-sarjat-ja-osat\/muc-off-b-a-m-holster\/"]}]},{"@type":"ImageObject","inLanguage":"sv-SE","@id":"https:\/\/vmsport.fi\/verkkokauppa\/renkaat\/tubeless-tarvikkeet\/tubeless-sarjat-ja-osat\/muc-off-b-a-m-holster\/#primaryimage","url":"https:\/\/vmsport.fi\/wp-content\/uploads\/2025\/03\/MUC-OFF-B-A-M-Holster-1.jpg","contentUrl":"https:\/\/vmsport.fi\/wp-content\/uploads\/2025\/03\/MUC-OFF-B-A-M-Holster-1.jpg","width":1000,"height":750,"caption":"MUC-OFF-B-A-M-Holster"},{"@type":"BreadcrumbList","@id":"https:\/\/vmsport.fi\/verkkokauppa\/renkaat\/tubeless-tarvikkeet\/tubeless-sarjat-ja-osat\/muc-off-b-a-m-holster\/#breadcrumb","itemListElement":[{"@type":"ListItem","position":1,"name":"Etusivu","item":"https:\/\/vmsport.fi\/"},{"@type":"ListItem","position":2,"name":"Online Store","item":"https:\/\/vmsport.fi\/en\/online-store\/"},{"@type":"ListItem","position":3,"name":"MUC-OFF B.A.M. Holster"}]},{"@type":"WebSite","@id":"https:\/\/vmsport.fi\/#website","url":"https:\/\/vmsport.fi\/","name":"Vmsport","description":"Allt p\u00e5 ett st\u00e4lle f\u00f6r cykling","publisher":{"@id":"https:\/\/vmsport.fi\/#organization"},"potentialAction":[{"@type":"SearchAction","target":{"@type":"EntryPoint","urlTemplate":"https:\/\/vmsport.fi\/?s={search_term_string}"},"query-input":{"@type":"PropertyValueSpecification","valueRequired":true,"valueName":"search_term_string"}}],"inLanguage":"sv-SE"},{"@type":"Organization","@id":"https:\/\/vmsport.fi\/#organization","name":"Vmsport","url":"https:\/\/vmsport.fi\/","logo":{"@type":"ImageObject","inLanguage":"sv-SE","@id":"https:\/\/vmsport.fi\/#\/schema\/logo\/image\/","url":"https:\/\/vmsport.fi\/wp-content\/uploads\/2024\/12\/vm_sport_RGB_horisontal-e1734526017575.png","contentUrl":"https:\/\/vmsport.fi\/wp-content\/uploads\/2024\/12\/vm_sport_RGB_horisontal-e1734526017575.png","width":668,"height":85,"caption":"Vmsport"},"image":{"@id":"https:\/\/vmsport.fi\/#\/schema\/logo\/image\/"},"sameAs":["https:\/\/www.facebook.com\/Vmsport.fi\/","https:\/\/www.instagram.com\/vmsport\/"]}]}},"global_unique_id":"","_links":{"self":[{"href":"https:\/\/vmsport.fi\/sv\/wp-json\/wp\/v2\/product\/55800","targetHints":{"allow":["GET"]}}],"collection":[{"href":"https:\/\/vmsport.fi\/sv\/wp-json\/wp\/v2\/product"}],"about":[{"href":"https:\/\/vmsport.fi\/sv\/wp-json\/wp\/v2\/types\/product"}],"replies":[{"embeddable":true,"href":"https:\/\/vmsport.fi\/sv\/wp-json\/wp\/v2\/comments?post=55800"}],"wp:featuredmedia":[{"embeddable":true,"href":"https:\/\/vmsport.fi\/sv\/wp-json\/wp\/v2\/media\/55799"}],"wp:attachment":[{"href":"https:\/\/vmsport.fi\/sv\/wp-json\/wp\/v2\/media?parent=55800"}],"wp:term":[{"taxonomy":"product_brand","embeddable":true,"href":"https:\/\/vmsport.fi\/sv\/wp-json\/wp\/v2\/product_brand?post=55800"},{"taxonomy":"product_model","embeddable":true,"href":"https:\/\/vmsport.fi\/sv\/wp-json\/wp\/v2\/product_model?post=55800"},{"taxonomy":"product_cat","embeddable":true,"href":"https:\/\/vmsport.fi\/sv\/wp-json\/wp\/v2\/product_cat?post=55800"},{"taxonomy":"product_tag","embeddable":true,"href":"https:\/\/vmsport.fi\/sv\/wp-json\/wp\/v2\/product_tag?post=55800"},{"taxonomy":"industry_terminology","embeddable":true,"href":"https:\/\/vmsport.fi\/sv\/wp-json\/wp\/v2\/industry-terminology?post=55800"}],"curies":[{"name":"wp","href":"https:\/\/api.w.org\/{rel}","templated":true}]}}