{"id":55798,"date":"2025-03-06T00:12:05","date_gmt":"2025-03-05T22:12:05","guid":{"rendered":"https:\/\/vmsport.fi\/verkkokauppa\/Ei-luokiteltu\/xlc-sc-g03-satulan-geelisuoja-m-koko\/"},"modified":"2026-01-16T13:21:45","modified_gmt":"2026-01-16T11:21:45","slug":"xlc-sc-g03-satulan-geelisuoja-m-koko","status":"publish","type":"product","link":"https:\/\/vmsport.fi\/sv\/verkkokauppa\/varaosat\/satulat-ja-satulatolpat\/satula-ja-satulatolppien-varaosat\/xlc-sc-g03-satulan-geelisuoja-m-koko\/","title":{"rendered":"XLC SC-G03 Sadelgelskydd, storlek M"},"content":{"rendered":"<p>XLC SC-G03 -satulan geelisuoja on erinomainen lis\u00e4varuste py\u00f6r\u00e4ilij\u00f6ille, jotka arvostavat mukavuutta. Keskikokoinen suoja on muotoiltu istumaan satulaan t\u00e4ydellisesti, mik\u00e4 lis\u00e4\u00e4 ajomukavuutta erityisesti pitkill\u00e4 matkoilla. Korkealaatuinen geelimateriaali vaimentaa t\u00e4rin\u00e4\u00e4 ja v\u00e4hent\u00e4\u00e4 painetta, tehden siten jokaisesta ajokokemuksesta miellytt\u00e4v\u00e4mm\u00e4n. Helppo kiinnitys tekee suojasta k\u00e4tev\u00e4n valinnan, kun haluat parantaa py\u00f6r\u00e4ilykokemustasi ilman suuria vaivann\u00e4k\u00f6j\u00e4. AVL-tuotemerkin huolellisesti suunniteltu muotoilu takaa, ett\u00e4 suoja on sek\u00e4 kest\u00e4v\u00e4 ett\u00e4 tyylik\u00e4s ja sopii monenlaisiin satuloihin.<\/p>","protected":false},"excerpt":{"rendered":"<p>XLC SC-G03 -satulan geelisuoja on erinomainen lis\u00e4varuste py\u00f6r\u00e4ilij\u00f6ille, jotka arvostavat mukavuutta. Keskikokoinen suoja on muotoiltu istumaan satulaan t\u00e4ydellisesti, mik\u00e4 lis\u00e4\u00e4 ajomukavuutta erityisesti pitkill\u00e4 matkoilla. Korkealaatuinen geelimateriaali vaimentaa t\u00e4rin\u00e4\u00e4 ja v\u00e4hent\u00e4\u00e4 painetta, tehden siten jokaisesta ajokokemuksesta miellytt\u00e4v\u00e4mm\u00e4n. Helppo kiinnitys tekee suojasta k\u00e4tev\u00e4n valinnan, kun haluat parantaa py\u00f6r\u00e4ilykokemustasi ilman suuria vaivann\u00e4k\u00f6j\u00e4. AVL-tuotemerkin huolellisesti suunniteltu muotoilu takaa, ett\u00e4 [&#8230;]<\/p>\n<p><a class=\"btn btn-secondary understrap-read-more-link\" href=\"https:\/\/vmsport.fi\/sv\/verkkokauppa\/varaosat\/satulat-ja-satulatolpat\/satula-ja-satulatolppien-varaosat\/xlc-sc-g03-satulan-geelisuoja-m-koko\/\">L\u00e4s mer \u2026<span class=\"screen-reader-text\"> from XLC SC-G03 Satulan Geelisuoja, M-koko<\/span><\/a><\/p>\n","protected":false},"featured_media":55797,"comment_status":"open","ping_status":"closed","template":"","meta":{"_acf_changed":false,"_improvement_type_select":"improve_an_existing","_thumb_yes_seoaic":false,"_frame_yes_seoaic":false,"seoaic_generate_description":"","seoaic_improve_instructions_prompt":"","seoaic_rollback_content_improvement":"","seoaic_idea_thumbnail_generator":"","thumbnail_generated":false,"thumbnail_generate_prompt":"","seoaic_article_description":"","_supplier_stock_quantity":0},"product_brand":[],"product_model":[],"product_cat":[9382],"product_tag":[],"industry-terminology":[],"class_list":{"0":"post-55798","1":"product","2":"type-product","3":"status-publish","4":"has-post-thumbnail","6":"product_cat-satula-ja-satulatolppien-varaosat","8":"first","9":"outofstock","10":"taxable","11":"shipping-taxable","12":"product-type-simple"},"acf":{"bike_features":null,"overview":{"copy_overview":null,"key_features":null,"statement":"","youtube_url":""}},"yoast_head":"<!-- This site is optimized with the Yoast SEO plugin v27.3 - https:\/\/yoast.com\/product\/yoast-seo-wordpress\/ -->\n<title>XLC SC-G03 Satulan Geelisuoja, M-koko - VM Sport<\/title>\n<meta name=\"robots\" content=\"index, follow, max-snippet:-1, max-image-preview:large, max-video-preview:-1\" \/>\n<link rel=\"canonical\" href=\"https:\/\/vmsport.fi\/sv\/webbutik\/reservdelar\/sadlar-och-sadelstolpar\/reservdelar-till-sadel-och-sadelgjord\/xlc-sc-g03-satulan-geelisuoja-m-koko\/\" \/>\n<meta property=\"og:locale\" content=\"sv_SE\" \/>\n<meta property=\"og:type\" content=\"article\" \/>\n<meta property=\"og:title\" content=\"XLC SC-G03 Satulan Geelisuoja, M-koko - VM Sport\" \/>\n<meta property=\"og:description\" content=\"XLC SC-G03 -satulan geelisuoja on erinomainen lis\u00e4varuste py\u00f6r\u00e4ilij\u00f6ille, jotka arvostavat mukavuutta. Keskikokoinen suoja on muotoiltu istumaan satulaan t\u00e4ydellisesti, mik\u00e4 lis\u00e4\u00e4 ajomukavuutta erityisesti pitkill\u00e4 matkoilla. Korkealaatuinen geelimateriaali vaimentaa t\u00e4rin\u00e4\u00e4 ja v\u00e4hent\u00e4\u00e4 painetta, tehden siten jokaisesta ajokokemuksesta miellytt\u00e4v\u00e4mm\u00e4n. Helppo kiinnitys tekee suojasta k\u00e4tev\u00e4n valinnan, kun haluat parantaa py\u00f6r\u00e4ilykokemustasi ilman suuria vaivann\u00e4k\u00f6j\u00e4. AVL-tuotemerkin huolellisesti suunniteltu muotoilu takaa, ett\u00e4 [...]L\u00e4s mer \u2026 from XLC SC-G03 Satulan Geelisuoja, M-koko\" \/>\n<meta property=\"og:url\" content=\"https:\/\/vmsport.fi\/sv\/webbutik\/reservdelar\/sadlar-och-sadelstolpar\/reservdelar-till-sadel-och-sadelgjord\/xlc-sc-g03-satulan-geelisuoja-m-koko\/\" \/>\n<meta property=\"og:site_name\" content=\"VM Sport\" \/>\n<meta property=\"article:publisher\" content=\"https:\/\/www.facebook.com\/Vmsport.fi\/\" \/>\n<meta property=\"article:modified_time\" content=\"2026-01-16T11:21:45+00:00\" \/>\n<meta property=\"og:image\" content=\"https:\/\/vmsport.fi\/wp-content\/uploads\/2025\/03\/2502036100-1.jpg\" \/>\n\t<meta property=\"og:image:width\" content=\"1000\" \/>\n\t<meta property=\"og:image:height\" content=\"750\" \/>\n\t<meta property=\"og:image:type\" content=\"image\/jpeg\" \/>\n<meta name=\"twitter:card\" content=\"summary_large_image\" \/>\n<script type=\"application\/ld+json\" class=\"yoast-schema-graph\">{\"@context\":\"https:\\\/\\\/schema.org\",\"@graph\":[{\"@type\":[\"WebPage\",\"ItemPage\"],\"@id\":\"https:\\\/\\\/vmsport.fi\\\/verkkokauppa\\\/varaosat\\\/satulat-ja-satulatolpat\\\/satula-ja-satulatolppien-varaosat\\\/xlc-sc-g03-satulan-geelisuoja-m-koko\\\/\",\"url\":\"https:\\\/\\\/vmsport.fi\\\/verkkokauppa\\\/varaosat\\\/satulat-ja-satulatolpat\\\/satula-ja-satulatolppien-varaosat\\\/xlc-sc-g03-satulan-geelisuoja-m-koko\\\/\",\"name\":\"XLC SC-G03 Satulan Geelisuoja, M-koko - VM Sport\",\"isPartOf\":{\"@id\":\"https:\\\/\\\/vmsport.fi\\\/#website\"},\"primaryImageOfPage\":{\"@id\":\"https:\\\/\\\/vmsport.fi\\\/verkkokauppa\\\/varaosat\\\/satulat-ja-satulatolpat\\\/satula-ja-satulatolppien-varaosat\\\/xlc-sc-g03-satulan-geelisuoja-m-koko\\\/#primaryimage\"},\"image\":{\"@id\":\"https:\\\/\\\/vmsport.fi\\\/verkkokauppa\\\/varaosat\\\/satulat-ja-satulatolpat\\\/satula-ja-satulatolppien-varaosat\\\/xlc-sc-g03-satulan-geelisuoja-m-koko\\\/#primaryimage\"},\"thumbnailUrl\":\"https:\\\/\\\/vmsport.fi\\\/wp-content\\\/uploads\\\/2025\\\/03\\\/2502036100-1.jpg\",\"datePublished\":\"2025-03-05T22:12:05+00:00\",\"dateModified\":\"2026-01-16T11:21:45+00:00\",\"breadcrumb\":{\"@id\":\"https:\\\/\\\/vmsport.fi\\\/verkkokauppa\\\/varaosat\\\/satulat-ja-satulatolpat\\\/satula-ja-satulatolppien-varaosat\\\/xlc-sc-g03-satulan-geelisuoja-m-koko\\\/#breadcrumb\"},\"inLanguage\":\"sv-SE\",\"potentialAction\":[{\"@type\":\"ReadAction\",\"target\":[\"https:\\\/\\\/vmsport.fi\\\/verkkokauppa\\\/varaosat\\\/satulat-ja-satulatolpat\\\/satula-ja-satulatolppien-varaosat\\\/xlc-sc-g03-satulan-geelisuoja-m-koko\\\/\"]}]},{\"@type\":\"ImageObject\",\"inLanguage\":\"sv-SE\",\"@id\":\"https:\\\/\\\/vmsport.fi\\\/verkkokauppa\\\/varaosat\\\/satulat-ja-satulatolpat\\\/satula-ja-satulatolppien-varaosat\\\/xlc-sc-g03-satulan-geelisuoja-m-koko\\\/#primaryimage\",\"url\":\"https:\\\/\\\/vmsport.fi\\\/wp-content\\\/uploads\\\/2025\\\/03\\\/2502036100-1.jpg\",\"contentUrl\":\"https:\\\/\\\/vmsport.fi\\\/wp-content\\\/uploads\\\/2025\\\/03\\\/2502036100-1.jpg\",\"width\":1000,\"height\":750,\"caption\":\"2502036100\"},{\"@type\":\"BreadcrumbList\",\"@id\":\"https:\\\/\\\/vmsport.fi\\\/verkkokauppa\\\/varaosat\\\/satulat-ja-satulatolpat\\\/satula-ja-satulatolppien-varaosat\\\/xlc-sc-g03-satulan-geelisuoja-m-koko\\\/#breadcrumb\",\"itemListElement\":[{\"@type\":\"ListItem\",\"position\":1,\"name\":\"Etusivu\",\"item\":\"https:\\\/\\\/vmsport.fi\\\/\"},{\"@type\":\"ListItem\",\"position\":2,\"name\":\"Online Store\",\"item\":\"https:\\\/\\\/vmsport.fi\\\/en\\\/online-store\\\/\"},{\"@type\":\"ListItem\",\"position\":3,\"name\":\"XLC SC-G03 Satulan Geelisuoja, M-koko\"}]},{\"@type\":\"WebSite\",\"@id\":\"https:\\\/\\\/vmsport.fi\\\/#website\",\"url\":\"https:\\\/\\\/vmsport.fi\\\/\",\"name\":\"Vmsport\",\"description\":\"Kaikki py\u00f6r\u00e4ilyyn yhdest\u00e4 paikasta\",\"publisher\":{\"@id\":\"https:\\\/\\\/vmsport.fi\\\/#organization\"},\"potentialAction\":[{\"@type\":\"SearchAction\",\"target\":{\"@type\":\"EntryPoint\",\"urlTemplate\":\"https:\\\/\\\/vmsport.fi\\\/?s={search_term_string}\"},\"query-input\":{\"@type\":\"PropertyValueSpecification\",\"valueRequired\":true,\"valueName\":\"search_term_string\"}}],\"inLanguage\":\"sv-SE\"},{\"@type\":\"Organization\",\"@id\":\"https:\\\/\\\/vmsport.fi\\\/#organization\",\"name\":\"Vmsport\",\"url\":\"https:\\\/\\\/vmsport.fi\\\/\",\"logo\":{\"@type\":\"ImageObject\",\"inLanguage\":\"sv-SE\",\"@id\":\"https:\\\/\\\/vmsport.fi\\\/#\\\/schema\\\/logo\\\/image\\\/\",\"url\":\"https:\\\/\\\/vmsport.fi\\\/wp-content\\\/uploads\\\/2024\\\/12\\\/vm_sport_RGB_horisontal-e1734526017575.png\",\"contentUrl\":\"https:\\\/\\\/vmsport.fi\\\/wp-content\\\/uploads\\\/2024\\\/12\\\/vm_sport_RGB_horisontal-e1734526017575.png\",\"width\":668,\"height\":85,\"caption\":\"Vmsport\"},\"image\":{\"@id\":\"https:\\\/\\\/vmsport.fi\\\/#\\\/schema\\\/logo\\\/image\\\/\"},\"sameAs\":[\"https:\\\/\\\/www.facebook.com\\\/Vmsport.fi\\\/\",\"https:\\\/\\\/www.instagram.com\\\/vmsport\\\/\"]}]}<\/script>\n<!-- \/ Yoast SEO plugin. -->","yoast_head_json":{"title":"XLC SC-G03 Satulan Geelisuoja, M-koko - VM Sport","robots":{"index":"index","follow":"follow","max-snippet":"max-snippet:-1","max-image-preview":"max-image-preview:large","max-video-preview":"max-video-preview:-1"},"canonical":"https:\/\/vmsport.fi\/sv\/webbutik\/reservdelar\/sadlar-och-sadelstolpar\/reservdelar-till-sadel-och-sadelgjord\/xlc-sc-g03-satulan-geelisuoja-m-koko\/","og_locale":"sv_SE","og_type":"article","og_title":"XLC SC-G03 Satulan Geelisuoja, M-koko - VM Sport","og_description":"XLC SC-G03 -satulan geelisuoja on erinomainen lis\u00e4varuste py\u00f6r\u00e4ilij\u00f6ille, jotka arvostavat mukavuutta. Keskikokoinen suoja on muotoiltu istumaan satulaan t\u00e4ydellisesti, mik\u00e4 lis\u00e4\u00e4 ajomukavuutta erityisesti pitkill\u00e4 matkoilla. Korkealaatuinen geelimateriaali vaimentaa t\u00e4rin\u00e4\u00e4 ja v\u00e4hent\u00e4\u00e4 painetta, tehden siten jokaisesta ajokokemuksesta miellytt\u00e4v\u00e4mm\u00e4n. Helppo kiinnitys tekee suojasta k\u00e4tev\u00e4n valinnan, kun haluat parantaa py\u00f6r\u00e4ilykokemustasi ilman suuria vaivann\u00e4k\u00f6j\u00e4. AVL-tuotemerkin huolellisesti suunniteltu muotoilu takaa, ett\u00e4 [...]L\u00e4s mer \u2026 from XLC SC-G03 Satulan Geelisuoja, M-koko","og_url":"https:\/\/vmsport.fi\/sv\/webbutik\/reservdelar\/sadlar-och-sadelstolpar\/reservdelar-till-sadel-och-sadelgjord\/xlc-sc-g03-satulan-geelisuoja-m-koko\/","og_site_name":"VM Sport","article_publisher":"https:\/\/www.facebook.com\/Vmsport.fi\/","article_modified_time":"2026-01-16T11:21:45+00:00","og_image":[{"width":1000,"height":750,"url":"https:\/\/vmsport.fi\/wp-content\/uploads\/2025\/03\/2502036100-1.jpg","type":"image\/jpeg"}],"twitter_card":"summary_large_image","schema":{"@context":"https:\/\/schema.org","@graph":[{"@type":["WebPage","ItemPage"],"@id":"https:\/\/vmsport.fi\/verkkokauppa\/varaosat\/satulat-ja-satulatolpat\/satula-ja-satulatolppien-varaosat\/xlc-sc-g03-satulan-geelisuoja-m-koko\/","url":"https:\/\/vmsport.fi\/verkkokauppa\/varaosat\/satulat-ja-satulatolpat\/satula-ja-satulatolppien-varaosat\/xlc-sc-g03-satulan-geelisuoja-m-koko\/","name":"XLC SC-G03 Satulan Geelisuoja, M-koko - VM Sport","isPartOf":{"@id":"https:\/\/vmsport.fi\/#website"},"primaryImageOfPage":{"@id":"https:\/\/vmsport.fi\/verkkokauppa\/varaosat\/satulat-ja-satulatolpat\/satula-ja-satulatolppien-varaosat\/xlc-sc-g03-satulan-geelisuoja-m-koko\/#primaryimage"},"image":{"@id":"https:\/\/vmsport.fi\/verkkokauppa\/varaosat\/satulat-ja-satulatolpat\/satula-ja-satulatolppien-varaosat\/xlc-sc-g03-satulan-geelisuoja-m-koko\/#primaryimage"},"thumbnailUrl":"https:\/\/vmsport.fi\/wp-content\/uploads\/2025\/03\/2502036100-1.jpg","datePublished":"2025-03-05T22:12:05+00:00","dateModified":"2026-01-16T11:21:45+00:00","breadcrumb":{"@id":"https:\/\/vmsport.fi\/verkkokauppa\/varaosat\/satulat-ja-satulatolpat\/satula-ja-satulatolppien-varaosat\/xlc-sc-g03-satulan-geelisuoja-m-koko\/#breadcrumb"},"inLanguage":"sv-SE","potentialAction":[{"@type":"ReadAction","target":["https:\/\/vmsport.fi\/verkkokauppa\/varaosat\/satulat-ja-satulatolpat\/satula-ja-satulatolppien-varaosat\/xlc-sc-g03-satulan-geelisuoja-m-koko\/"]}]},{"@type":"ImageObject","inLanguage":"sv-SE","@id":"https:\/\/vmsport.fi\/verkkokauppa\/varaosat\/satulat-ja-satulatolpat\/satula-ja-satulatolppien-varaosat\/xlc-sc-g03-satulan-geelisuoja-m-koko\/#primaryimage","url":"https:\/\/vmsport.fi\/wp-content\/uploads\/2025\/03\/2502036100-1.jpg","contentUrl":"https:\/\/vmsport.fi\/wp-content\/uploads\/2025\/03\/2502036100-1.jpg","width":1000,"height":750,"caption":"2502036100"},{"@type":"BreadcrumbList","@id":"https:\/\/vmsport.fi\/verkkokauppa\/varaosat\/satulat-ja-satulatolpat\/satula-ja-satulatolppien-varaosat\/xlc-sc-g03-satulan-geelisuoja-m-koko\/#breadcrumb","itemListElement":[{"@type":"ListItem","position":1,"name":"Etusivu","item":"https:\/\/vmsport.fi\/"},{"@type":"ListItem","position":2,"name":"Online Store","item":"https:\/\/vmsport.fi\/en\/online-store\/"},{"@type":"ListItem","position":3,"name":"XLC SC-G03 Satulan Geelisuoja, M-koko"}]},{"@type":"WebSite","@id":"https:\/\/vmsport.fi\/#website","url":"https:\/\/vmsport.fi\/","name":"Vmsport","description":"Allt p\u00e5 ett st\u00e4lle f\u00f6r cykling","publisher":{"@id":"https:\/\/vmsport.fi\/#organization"},"potentialAction":[{"@type":"SearchAction","target":{"@type":"EntryPoint","urlTemplate":"https:\/\/vmsport.fi\/?s={search_term_string}"},"query-input":{"@type":"PropertyValueSpecification","valueRequired":true,"valueName":"search_term_string"}}],"inLanguage":"sv-SE"},{"@type":"Organization","@id":"https:\/\/vmsport.fi\/#organization","name":"Vmsport","url":"https:\/\/vmsport.fi\/","logo":{"@type":"ImageObject","inLanguage":"sv-SE","@id":"https:\/\/vmsport.fi\/#\/schema\/logo\/image\/","url":"https:\/\/vmsport.fi\/wp-content\/uploads\/2024\/12\/vm_sport_RGB_horisontal-e1734526017575.png","contentUrl":"https:\/\/vmsport.fi\/wp-content\/uploads\/2024\/12\/vm_sport_RGB_horisontal-e1734526017575.png","width":668,"height":85,"caption":"Vmsport"},"image":{"@id":"https:\/\/vmsport.fi\/#\/schema\/logo\/image\/"},"sameAs":["https:\/\/www.facebook.com\/Vmsport.fi\/","https:\/\/www.instagram.com\/vmsport\/"]}]}},"global_unique_id":"","_links":{"self":[{"href":"https:\/\/vmsport.fi\/sv\/wp-json\/wp\/v2\/product\/55798","targetHints":{"allow":["GET"]}}],"collection":[{"href":"https:\/\/vmsport.fi\/sv\/wp-json\/wp\/v2\/product"}],"about":[{"href":"https:\/\/vmsport.fi\/sv\/wp-json\/wp\/v2\/types\/product"}],"replies":[{"embeddable":true,"href":"https:\/\/vmsport.fi\/sv\/wp-json\/wp\/v2\/comments?post=55798"}],"wp:featuredmedia":[{"embeddable":true,"href":"https:\/\/vmsport.fi\/sv\/wp-json\/wp\/v2\/media\/55797"}],"wp:attachment":[{"href":"https:\/\/vmsport.fi\/sv\/wp-json\/wp\/v2\/media?parent=55798"}],"wp:term":[{"taxonomy":"product_brand","embeddable":true,"href":"https:\/\/vmsport.fi\/sv\/wp-json\/wp\/v2\/product_brand?post=55798"},{"taxonomy":"product_model","embeddable":true,"href":"https:\/\/vmsport.fi\/sv\/wp-json\/wp\/v2\/product_model?post=55798"},{"taxonomy":"product_cat","embeddable":true,"href":"https:\/\/vmsport.fi\/sv\/wp-json\/wp\/v2\/product_cat?post=55798"},{"taxonomy":"product_tag","embeddable":true,"href":"https:\/\/vmsport.fi\/sv\/wp-json\/wp\/v2\/product_tag?post=55798"},{"taxonomy":"industry_terminology","embeddable":true,"href":"https:\/\/vmsport.fi\/sv\/wp-json\/wp\/v2\/industry-terminology?post=55798"}],"curies":[{"name":"wp","href":"https:\/\/api.w.org\/{rel}","templated":true}]}}