{"id":55794,"date":"2025-03-06T00:12:03","date_gmt":"2025-03-05T22:12:03","guid":{"rendered":"https:\/\/vmsport.fi\/verkkokauppa\/Ei-luokiteltu\/etuvaihtaja-2x11-v-fd-r7000s\/"},"modified":"2026-01-16T13:23:12","modified_gmt":"2026-01-16T11:23:12","slug":"framderailleur-2x11-v-fd-r7000s","status":"publish","type":"product","link":"https:\/\/vmsport.fi\/sv\/verkkokauppa\/varaosat\/vaihteistot\/etuvaihtajat\/etuvaihtaja-2x11-v-fd-r7000s\/","title":{"rendered":"Framv\u00e4xel 2\u00d711-v FD-R7000S"},"content":{"rendered":"<p>FD-R7000S framv\u00e4xel \u00e4r en viktig och p\u00e5litlig komponent f\u00f6r alla landsv\u00e4gscyklar som beh\u00f6ver exakt och p\u00e5litlig v\u00e4xling. Denna 2\u00d711-v\u00e4xlade Shimano 105-komponent ger en smidig k\u00f6rupplevelse s\u00e5 att du kan koncentrera dig helt p\u00e5 cyklingen. Dess avancerade design g\u00f6r v\u00e4xlingarna effektivare, vilket \u00f6kar cykelgl\u00e4djen. Den kompakta designen och de slitstarka materialen g\u00f6r den till ett l\u00e5ngvarigt val n\u00e4r du vill ha prestanda under alla f\u00f6rh\u00e5llanden.<\/p>","protected":false},"excerpt":{"rendered":"<p>Etuvaihtaja FD-R7000S on v\u00e4ltt\u00e4m\u00e4t\u00f6n ja luotettava osa jokaiselle maantiepy\u00f6r\u00e4lle, joka tarvitsee t\u00e4sm\u00e4llist\u00e4 ja varmaa vaihteensiirtoa. T\u00e4m\u00e4 2&#215;11-vaihteinen Shimano 105 -osa varmistaa sujuvan ajokokemuksen, jolloin voit keskitty\u00e4 t\u00e4ysin ajamiseen. Sen edistyksellinen rakenne tehostaa vaihteiden vaihtamista, mik\u00e4 lis\u00e4\u00e4 py\u00f6r\u00e4ilyn nautintoa. Kompakti muotoilu ja kest\u00e4v\u00e4t materiaalit tekev\u00e4t siit\u00e4 pitk\u00e4ik\u00e4isen valinnan, kun tavoittelet suorituskyky\u00e4 kaikissa olosuhteissa. [&#8230;]<\/p>\n<p><a class=\"btn btn-secondary understrap-read-more-link\" href=\"https:\/\/vmsport.fi\/sv\/verkkokauppa\/varaosat\/vaihteistot\/etuvaihtajat\/etuvaihtaja-2x11-v-fd-r7000s\/\">L\u00e4s mer \u2026<span class=\"screen-reader-text\"> from Etuvaihtaja 2&#215;11-v FD-R7000S<\/span><\/a><\/p>\n","protected":false},"featured_media":55793,"comment_status":"open","ping_status":"closed","template":"","meta":{"_acf_changed":false,"_improvement_type_select":"improve_an_existing","_thumb_yes_seoaic":false,"_frame_yes_seoaic":false,"seoaic_generate_description":"","seoaic_improve_instructions_prompt":"","seoaic_rollback_content_improvement":"","seoaic_idea_thumbnail_generator":"","thumbnail_generated":false,"thumbnail_generate_prompt":"","seoaic_article_description":"","_supplier_stock_quantity":0},"product_brand":[],"product_model":[],"product_cat":[9438],"product_tag":[],"industry-terminology":[],"class_list":{"0":"post-55794","1":"product","2":"type-product","3":"status-publish","4":"has-post-thumbnail","6":"product_cat-etuvaihtajat","8":"first","9":"instock","10":"taxable","11":"shipping-taxable","12":"purchasable","13":"product-type-simple"},"acf":{"bike_features":null,"overview":{"copy_overview":null,"key_features":null,"statement":"","youtube_url":""}},"yoast_head":"<!-- This site is optimized with the Yoast SEO plugin v27.3 - https:\/\/yoast.com\/product\/yoast-seo-wordpress\/ -->\n<title>Etuvaihtaja 2x11-v FD-R7000S - VM Sport<\/title>\n<meta name=\"robots\" content=\"index, follow, max-snippet:-1, max-image-preview:large, max-video-preview:-1\" \/>\n<link rel=\"canonical\" href=\"https:\/\/vmsport.fi\/sv\/webbutik\/reservdelar\/vaxellador\/foregangare\/framderailleur-2x11-v-fd-r7000s\/\" \/>\n<meta property=\"og:locale\" content=\"sv_SE\" \/>\n<meta property=\"og:type\" content=\"article\" \/>\n<meta property=\"og:title\" content=\"Etuvaihtaja 2x11-v FD-R7000S - VM Sport\" \/>\n<meta property=\"og:description\" content=\"Etuvaihtaja FD-R7000S on v\u00e4ltt\u00e4m\u00e4t\u00f6n ja luotettava osa jokaiselle maantiepy\u00f6r\u00e4lle, joka tarvitsee t\u00e4sm\u00e4llist\u00e4 ja varmaa vaihteensiirtoa. T\u00e4m\u00e4 2&#215;11-vaihteinen Shimano 105 -osa varmistaa sujuvan ajokokemuksen, jolloin voit keskitty\u00e4 t\u00e4ysin ajamiseen. Sen edistyksellinen rakenne tehostaa vaihteiden vaihtamista, mik\u00e4 lis\u00e4\u00e4 py\u00f6r\u00e4ilyn nautintoa. Kompakti muotoilu ja kest\u00e4v\u00e4t materiaalit tekev\u00e4t siit\u00e4 pitk\u00e4ik\u00e4isen valinnan, kun tavoittelet suorituskyky\u00e4 kaikissa olosuhteissa. [...]L\u00e4s mer \u2026 from Etuvaihtaja 2&#215;11-v FD-R7000S\" \/>\n<meta property=\"og:url\" content=\"https:\/\/vmsport.fi\/sv\/webbutik\/reservdelar\/vaxellador\/foregangare\/framderailleur-2x11-v-fd-r7000s\/\" \/>\n<meta property=\"og:site_name\" content=\"VM Sport\" \/>\n<meta property=\"article:publisher\" content=\"https:\/\/www.facebook.com\/Vmsport.fi\/\" \/>\n<meta property=\"article:modified_time\" content=\"2026-01-16T11:23:12+00:00\" \/>\n<meta property=\"og:image\" content=\"https:\/\/vmsport.fi\/wp-content\/uploads\/2025\/03\/F7BLILD9S4J7PfASyUOG1lvjCquu7sdCbRsYHFwMbNsCb2Xyj9-1.jpg\" \/>\n\t<meta property=\"og:image:width\" content=\"600\" \/>\n\t<meta property=\"og:image:height\" content=\"600\" \/>\n\t<meta property=\"og:image:type\" content=\"image\/jpeg\" \/>\n<meta name=\"twitter:card\" content=\"summary_large_image\" \/>\n<script type=\"application\/ld+json\" class=\"yoast-schema-graph\">{\"@context\":\"https:\\\/\\\/schema.org\",\"@graph\":[{\"@type\":[\"WebPage\",\"ItemPage\"],\"@id\":\"https:\\\/\\\/vmsport.fi\\\/verkkokauppa\\\/varaosat\\\/vaihteistot\\\/etuvaihtajat\\\/etuvaihtaja-2x11-v-fd-r7000s\\\/\",\"url\":\"https:\\\/\\\/vmsport.fi\\\/verkkokauppa\\\/varaosat\\\/vaihteistot\\\/etuvaihtajat\\\/etuvaihtaja-2x11-v-fd-r7000s\\\/\",\"name\":\"Etuvaihtaja 2x11-v FD-R7000S - VM Sport\",\"isPartOf\":{\"@id\":\"https:\\\/\\\/vmsport.fi\\\/#website\"},\"primaryImageOfPage\":{\"@id\":\"https:\\\/\\\/vmsport.fi\\\/verkkokauppa\\\/varaosat\\\/vaihteistot\\\/etuvaihtajat\\\/etuvaihtaja-2x11-v-fd-r7000s\\\/#primaryimage\"},\"image\":{\"@id\":\"https:\\\/\\\/vmsport.fi\\\/verkkokauppa\\\/varaosat\\\/vaihteistot\\\/etuvaihtajat\\\/etuvaihtaja-2x11-v-fd-r7000s\\\/#primaryimage\"},\"thumbnailUrl\":\"https:\\\/\\\/vmsport.fi\\\/wp-content\\\/uploads\\\/2025\\\/03\\\/F7BLILD9S4J7PfASyUOG1lvjCquu7sdCbRsYHFwMbNsCb2Xyj9-1.jpg\",\"datePublished\":\"2025-03-05T22:12:03+00:00\",\"dateModified\":\"2026-01-16T11:23:12+00:00\",\"breadcrumb\":{\"@id\":\"https:\\\/\\\/vmsport.fi\\\/verkkokauppa\\\/varaosat\\\/vaihteistot\\\/etuvaihtajat\\\/etuvaihtaja-2x11-v-fd-r7000s\\\/#breadcrumb\"},\"inLanguage\":\"sv-SE\",\"potentialAction\":[{\"@type\":\"ReadAction\",\"target\":[\"https:\\\/\\\/vmsport.fi\\\/verkkokauppa\\\/varaosat\\\/vaihteistot\\\/etuvaihtajat\\\/etuvaihtaja-2x11-v-fd-r7000s\\\/\"]}]},{\"@type\":\"ImageObject\",\"inLanguage\":\"sv-SE\",\"@id\":\"https:\\\/\\\/vmsport.fi\\\/verkkokauppa\\\/varaosat\\\/vaihteistot\\\/etuvaihtajat\\\/etuvaihtaja-2x11-v-fd-r7000s\\\/#primaryimage\",\"url\":\"https:\\\/\\\/vmsport.fi\\\/wp-content\\\/uploads\\\/2025\\\/03\\\/F7BLILD9S4J7PfASyUOG1lvjCquu7sdCbRsYHFwMbNsCb2Xyj9-1.jpg\",\"contentUrl\":\"https:\\\/\\\/vmsport.fi\\\/wp-content\\\/uploads\\\/2025\\\/03\\\/F7BLILD9S4J7PfASyUOG1lvjCquu7sdCbRsYHFwMbNsCb2Xyj9-1.jpg\",\"width\":600,\"height\":600,\"caption\":\"F7BLILD9S4J7PfASyUOG1lvjCquu7sdCbRsYHFwMbNsCb2Xyj9\"},{\"@type\":\"BreadcrumbList\",\"@id\":\"https:\\\/\\\/vmsport.fi\\\/verkkokauppa\\\/varaosat\\\/vaihteistot\\\/etuvaihtajat\\\/etuvaihtaja-2x11-v-fd-r7000s\\\/#breadcrumb\",\"itemListElement\":[{\"@type\":\"ListItem\",\"position\":1,\"name\":\"Etusivu\",\"item\":\"https:\\\/\\\/vmsport.fi\\\/\"},{\"@type\":\"ListItem\",\"position\":2,\"name\":\"Online Store\",\"item\":\"https:\\\/\\\/vmsport.fi\\\/en\\\/online-store\\\/\"},{\"@type\":\"ListItem\",\"position\":3,\"name\":\"Etuvaihtaja 2&#215;11-v FD-R7000S\"}]},{\"@type\":\"WebSite\",\"@id\":\"https:\\\/\\\/vmsport.fi\\\/#website\",\"url\":\"https:\\\/\\\/vmsport.fi\\\/\",\"name\":\"Vmsport\",\"description\":\"Kaikki py\u00f6r\u00e4ilyyn yhdest\u00e4 paikasta\",\"publisher\":{\"@id\":\"https:\\\/\\\/vmsport.fi\\\/#organization\"},\"potentialAction\":[{\"@type\":\"SearchAction\",\"target\":{\"@type\":\"EntryPoint\",\"urlTemplate\":\"https:\\\/\\\/vmsport.fi\\\/?s={search_term_string}\"},\"query-input\":{\"@type\":\"PropertyValueSpecification\",\"valueRequired\":true,\"valueName\":\"search_term_string\"}}],\"inLanguage\":\"sv-SE\"},{\"@type\":\"Organization\",\"@id\":\"https:\\\/\\\/vmsport.fi\\\/#organization\",\"name\":\"Vmsport\",\"url\":\"https:\\\/\\\/vmsport.fi\\\/\",\"logo\":{\"@type\":\"ImageObject\",\"inLanguage\":\"sv-SE\",\"@id\":\"https:\\\/\\\/vmsport.fi\\\/#\\\/schema\\\/logo\\\/image\\\/\",\"url\":\"https:\\\/\\\/vmsport.fi\\\/wp-content\\\/uploads\\\/2024\\\/12\\\/vm_sport_RGB_horisontal-e1734526017575.png\",\"contentUrl\":\"https:\\\/\\\/vmsport.fi\\\/wp-content\\\/uploads\\\/2024\\\/12\\\/vm_sport_RGB_horisontal-e1734526017575.png\",\"width\":668,\"height\":85,\"caption\":\"Vmsport\"},\"image\":{\"@id\":\"https:\\\/\\\/vmsport.fi\\\/#\\\/schema\\\/logo\\\/image\\\/\"},\"sameAs\":[\"https:\\\/\\\/www.facebook.com\\\/Vmsport.fi\\\/\",\"https:\\\/\\\/www.instagram.com\\\/vmsport\\\/\"]}]}<\/script>\n<!-- \/ Yoast SEO plugin. -->","yoast_head_json":{"title":"Framv\u00e4xel 2x11-v FD-R7000S - VM Sport","robots":{"index":"index","follow":"follow","max-snippet":"max-snippet:-1","max-image-preview":"max-image-preview:large","max-video-preview":"max-video-preview:-1"},"canonical":"https:\/\/vmsport.fi\/sv\/webbutik\/reservdelar\/vaxellador\/foregangare\/framderailleur-2x11-v-fd-r7000s\/","og_locale":"sv_SE","og_type":"article","og_title":"Etuvaihtaja 2x11-v FD-R7000S - VM Sport","og_description":"Etuvaihtaja FD-R7000S on v\u00e4ltt\u00e4m\u00e4t\u00f6n ja luotettava osa jokaiselle maantiepy\u00f6r\u00e4lle, joka tarvitsee t\u00e4sm\u00e4llist\u00e4 ja varmaa vaihteensiirtoa. T\u00e4m\u00e4 2&#215;11-vaihteinen Shimano 105 -osa varmistaa sujuvan ajokokemuksen, jolloin voit keskitty\u00e4 t\u00e4ysin ajamiseen. Sen edistyksellinen rakenne tehostaa vaihteiden vaihtamista, mik\u00e4 lis\u00e4\u00e4 py\u00f6r\u00e4ilyn nautintoa. Kompakti muotoilu ja kest\u00e4v\u00e4t materiaalit tekev\u00e4t siit\u00e4 pitk\u00e4ik\u00e4isen valinnan, kun tavoittelet suorituskyky\u00e4 kaikissa olosuhteissa. [...]L\u00e4s mer \u2026 from Etuvaihtaja 2&#215;11-v FD-R7000S","og_url":"https:\/\/vmsport.fi\/sv\/webbutik\/reservdelar\/vaxellador\/foregangare\/framderailleur-2x11-v-fd-r7000s\/","og_site_name":"VM Sport","article_publisher":"https:\/\/www.facebook.com\/Vmsport.fi\/","article_modified_time":"2026-01-16T11:23:12+00:00","og_image":[{"width":600,"height":600,"url":"https:\/\/vmsport.fi\/wp-content\/uploads\/2025\/03\/F7BLILD9S4J7PfASyUOG1lvjCquu7sdCbRsYHFwMbNsCb2Xyj9-1.jpg","type":"image\/jpeg"}],"twitter_card":"summary_large_image","schema":{"@context":"https:\/\/schema.org","@graph":[{"@type":["WebPage","ItemPage"],"@id":"https:\/\/vmsport.fi\/verkkokauppa\/varaosat\/vaihteistot\/etuvaihtajat\/etuvaihtaja-2x11-v-fd-r7000s\/","url":"https:\/\/vmsport.fi\/verkkokauppa\/varaosat\/vaihteistot\/etuvaihtajat\/etuvaihtaja-2x11-v-fd-r7000s\/","name":"Framv\u00e4xel 2x11-v FD-R7000S - VM Sport","isPartOf":{"@id":"https:\/\/vmsport.fi\/#website"},"primaryImageOfPage":{"@id":"https:\/\/vmsport.fi\/verkkokauppa\/varaosat\/vaihteistot\/etuvaihtajat\/etuvaihtaja-2x11-v-fd-r7000s\/#primaryimage"},"image":{"@id":"https:\/\/vmsport.fi\/verkkokauppa\/varaosat\/vaihteistot\/etuvaihtajat\/etuvaihtaja-2x11-v-fd-r7000s\/#primaryimage"},"thumbnailUrl":"https:\/\/vmsport.fi\/wp-content\/uploads\/2025\/03\/F7BLILD9S4J7PfASyUOG1lvjCquu7sdCbRsYHFwMbNsCb2Xyj9-1.jpg","datePublished":"2025-03-05T22:12:03+00:00","dateModified":"2026-01-16T11:23:12+00:00","breadcrumb":{"@id":"https:\/\/vmsport.fi\/verkkokauppa\/varaosat\/vaihteistot\/etuvaihtajat\/etuvaihtaja-2x11-v-fd-r7000s\/#breadcrumb"},"inLanguage":"sv-SE","potentialAction":[{"@type":"ReadAction","target":["https:\/\/vmsport.fi\/verkkokauppa\/varaosat\/vaihteistot\/etuvaihtajat\/etuvaihtaja-2x11-v-fd-r7000s\/"]}]},{"@type":"ImageObject","inLanguage":"sv-SE","@id":"https:\/\/vmsport.fi\/verkkokauppa\/varaosat\/vaihteistot\/etuvaihtajat\/etuvaihtaja-2x11-v-fd-r7000s\/#primaryimage","url":"https:\/\/vmsport.fi\/wp-content\/uploads\/2025\/03\/F7BLILD9S4J7PfASyUOG1lvjCquu7sdCbRsYHFwMbNsCb2Xyj9-1.jpg","contentUrl":"https:\/\/vmsport.fi\/wp-content\/uploads\/2025\/03\/F7BLILD9S4J7PfASyUOG1lvjCquu7sdCbRsYHFwMbNsCb2Xyj9-1.jpg","width":600,"height":600,"caption":"F7BLILD9S4J7PfASyUOG1lvjCquu7sdCbRsYHFwMbNsCb2Xyj9"},{"@type":"BreadcrumbList","@id":"https:\/\/vmsport.fi\/verkkokauppa\/varaosat\/vaihteistot\/etuvaihtajat\/etuvaihtaja-2x11-v-fd-r7000s\/#breadcrumb","itemListElement":[{"@type":"ListItem","position":1,"name":"Etusivu","item":"https:\/\/vmsport.fi\/"},{"@type":"ListItem","position":2,"name":"Online Store","item":"https:\/\/vmsport.fi\/en\/online-store\/"},{"@type":"ListItem","position":3,"name":"Etuvaihtaja 2&#215;11-v FD-R7000S"}]},{"@type":"WebSite","@id":"https:\/\/vmsport.fi\/#website","url":"https:\/\/vmsport.fi\/","name":"Vmsport","description":"Allt p\u00e5 ett st\u00e4lle f\u00f6r cykling","publisher":{"@id":"https:\/\/vmsport.fi\/#organization"},"potentialAction":[{"@type":"SearchAction","target":{"@type":"EntryPoint","urlTemplate":"https:\/\/vmsport.fi\/?s={search_term_string}"},"query-input":{"@type":"PropertyValueSpecification","valueRequired":true,"valueName":"search_term_string"}}],"inLanguage":"sv-SE"},{"@type":"Organization","@id":"https:\/\/vmsport.fi\/#organization","name":"Vmsport","url":"https:\/\/vmsport.fi\/","logo":{"@type":"ImageObject","inLanguage":"sv-SE","@id":"https:\/\/vmsport.fi\/#\/schema\/logo\/image\/","url":"https:\/\/vmsport.fi\/wp-content\/uploads\/2024\/12\/vm_sport_RGB_horisontal-e1734526017575.png","contentUrl":"https:\/\/vmsport.fi\/wp-content\/uploads\/2024\/12\/vm_sport_RGB_horisontal-e1734526017575.png","width":668,"height":85,"caption":"Vmsport"},"image":{"@id":"https:\/\/vmsport.fi\/#\/schema\/logo\/image\/"},"sameAs":["https:\/\/www.facebook.com\/Vmsport.fi\/","https:\/\/www.instagram.com\/vmsport\/"]}]}},"global_unique_id":"","_links":{"self":[{"href":"https:\/\/vmsport.fi\/sv\/wp-json\/wp\/v2\/product\/55794","targetHints":{"allow":["GET"]}}],"collection":[{"href":"https:\/\/vmsport.fi\/sv\/wp-json\/wp\/v2\/product"}],"about":[{"href":"https:\/\/vmsport.fi\/sv\/wp-json\/wp\/v2\/types\/product"}],"replies":[{"embeddable":true,"href":"https:\/\/vmsport.fi\/sv\/wp-json\/wp\/v2\/comments?post=55794"}],"wp:featuredmedia":[{"embeddable":true,"href":"https:\/\/vmsport.fi\/sv\/wp-json\/wp\/v2\/media\/55793"}],"wp:attachment":[{"href":"https:\/\/vmsport.fi\/sv\/wp-json\/wp\/v2\/media?parent=55794"}],"wp:term":[{"taxonomy":"product_brand","embeddable":true,"href":"https:\/\/vmsport.fi\/sv\/wp-json\/wp\/v2\/product_brand?post=55794"},{"taxonomy":"product_model","embeddable":true,"href":"https:\/\/vmsport.fi\/sv\/wp-json\/wp\/v2\/product_model?post=55794"},{"taxonomy":"product_cat","embeddable":true,"href":"https:\/\/vmsport.fi\/sv\/wp-json\/wp\/v2\/product_cat?post=55794"},{"taxonomy":"product_tag","embeddable":true,"href":"https:\/\/vmsport.fi\/sv\/wp-json\/wp\/v2\/product_tag?post=55794"},{"taxonomy":"industry_terminology","embeddable":true,"href":"https:\/\/vmsport.fi\/sv\/wp-json\/wp\/v2\/industry-terminology?post=55794"}],"curies":[{"name":"wp","href":"https:\/\/api.w.org\/{rel}","templated":true}]}}