{"id":55792,"date":"2025-03-06T00:12:02","date_gmt":"2025-03-05T22:12:02","guid":{"rendered":"https:\/\/vmsport.fi\/verkkokauppa\/Ei-luokiteltu\/poljin-spd-sis-sm-sh51-pd-m540-musta\/"},"modified":"2026-04-22T15:03:45","modified_gmt":"2026-04-22T12:03:45","slug":"poljin-spd-sis-sm-sh51-pd-m540-svart","status":"publish","type":"product","link":"https:\/\/vmsport.fi\/sv\/verkkokauppa\/varaosat\/polkimet\/lukkopolkimet-maasto\/poljin-spd-sis-sm-sh51-pd-m540-musta\/","title":{"rendered":"Poljin SPD Sis. SM-SH51 PD-M540 Svart"},"content":{"rendered":"<p>Shimano PD-M540-pedalerna har en dubbelsidig SPD-mekanism f\u00f6r enkel och effektiv anv\u00e4ndning. Bultar av molybdenkrom och en axel med t\u00e4tat lagerhus garanterar h\u00e5llbarhet \u00e4ven under kr\u00e4vande f\u00f6rh\u00e5llanden. Pedalerna har en l\u00e4ttviktsram som v\u00e4ger 352 gram per par och mekanismen i nickelpl\u00e4terat st\u00e5l \u00e4r ytbehandlad med slitstarka ytf\u00e4rger. Skons matchande SPD-stil erbjuder fyra graders r\u00f6relsefrihet, vilket g\u00f6r ledr\u00f6relserna mer flexibla.<\/p>\n<p>Justerbar sp\u00e4nning ger komfort, medan den leravvisande designen f\u00f6rb\u00e4ttrar \u00e5kkomforten och prestandan i alla v\u00e4derf\u00f6rh\u00e5llanden. S\u00e4ker on\/off-koppling skapar en k\u00e4nsla av stabilitet f\u00f6r foten. Pedalernas v\u00e4derbest\u00e4ndighet g\u00f6r dem idealiska f\u00f6r anv\u00e4ndning \u00e5ret runt. Pedalerna \u00e4r underh\u00e5llsfria och h\u00e5llbara och passar perfekt f\u00f6r mountainbike, cykelcross, gruscykling, touring och pendling, oavsett om du \u00e4r nyb\u00f6rjare eller erfaren cyklist. Tack vare SPD-pedaltekniken \u00e4r PD-M540 ett utm\u00e4rkt val f\u00f6r kr\u00e4vande cyklister.<\/p>","protected":false},"excerpt":{"rendered":"<p>Shimano PD-M540 -polkimet tarjoavat kaksipuolisen SPD-mekanismin, joka mahdollistaa helpon ja tehokkaan k\u00e4yt\u00f6n. Kromimolybdeenist\u00e4 valmistetut pultit ja tiivistetty laakeripes\u00e4n akseli varmistavat kest\u00e4vyyden vaativissakin olosuhteissa. Polkimissa on kevyt runko, jonka paino on 352 grammaa per pari, ja niiden nikkelipinnoitettu ter\u00e4smekanismi on viimeistelty kest\u00e4vill\u00e4 pintamaaleilla. Kengille yhteensopiva SPD-tyyli tarjoaa nelj\u00e4n asteen liikkeen vapauden, mik\u00e4 tekee nivelten liikkeist\u00e4 joustavampia. [&#8230;]<\/p>\n<p><a class=\"btn btn-secondary understrap-read-more-link\" href=\"https:\/\/vmsport.fi\/sv\/verkkokauppa\/varaosat\/polkimet\/lukkopolkimet-maasto\/poljin-spd-sis-sm-sh51-pd-m540-musta\/\">L\u00e4s mer \u2026<span class=\"screen-reader-text\"> from Poljin SPD Sis. SM-SH51 PD-M540 Musta<\/span><\/a><\/p>\n","protected":false},"featured_media":55791,"comment_status":"open","ping_status":"closed","template":"","meta":{"_acf_changed":false,"_improvement_type_select":"improve_an_existing","_thumb_yes_seoaic":false,"_frame_yes_seoaic":false,"seoaic_generate_description":"","seoaic_improve_instructions_prompt":"","seoaic_rollback_content_improvement":"","seoaic_idea_thumbnail_generator":"","thumbnail_generated":false,"thumbnail_generate_prompt":"","seoaic_article_description":"","_supplier_stock_quantity":0},"product_brand":[],"product_model":[],"product_cat":[9326],"product_tag":[],"industry-terminology":[],"class_list":{"0":"post-55792","1":"product","2":"type-product","3":"status-publish","4":"has-post-thumbnail","6":"product_cat-lukkopolkimet-maasto","8":"first","9":"outofstock","10":"taxable","11":"shipping-taxable","12":"product-type-simple"},"acf":{"bike_features":null,"overview":{"copy_overview":null,"key_features":null,"statement":"","youtube_url":""}},"yoast_head":"<!-- This site is optimized with the Yoast SEO plugin v27.4 - https:\/\/yoast.com\/product\/yoast-seo-wordpress\/ -->\n<title>Poljin SPD Sis. SM-SH51 PD-M540 Musta - VM Sport<\/title>\n<meta name=\"robots\" content=\"index, follow, max-snippet:-1, max-image-preview:large, max-video-preview:-1\" \/>\n<link rel=\"canonical\" href=\"https:\/\/vmsport.fi\/sv\/webbutik\/reservdelar\/pedaler\/lasa-pedaler-terrang\/poljin-spd-sis-sm-sh51-pd-m540-svart\/\" \/>\n<meta property=\"og:locale\" content=\"sv_SE\" \/>\n<meta property=\"og:type\" content=\"article\" \/>\n<meta property=\"og:title\" content=\"Poljin SPD Sis. SM-SH51 PD-M540 Musta - VM Sport\" \/>\n<meta property=\"og:description\" content=\"Shimano PD-M540 -polkimet tarjoavat kaksipuolisen SPD-mekanismin, joka mahdollistaa helpon ja tehokkaan k\u00e4yt\u00f6n. Kromimolybdeenist\u00e4 valmistetut pultit ja tiivistetty laakeripes\u00e4n akseli varmistavat kest\u00e4vyyden vaativissakin olosuhteissa. Polkimissa on kevyt runko, jonka paino on 352 grammaa per pari, ja niiden nikkelipinnoitettu ter\u00e4smekanismi on viimeistelty kest\u00e4vill\u00e4 pintamaaleilla. Kengille yhteensopiva SPD-tyyli tarjoaa nelj\u00e4n asteen liikkeen vapauden, mik\u00e4 tekee nivelten liikkeist\u00e4 joustavampia. [...]L\u00e4s mer \u2026 from Poljin SPD Sis. SM-SH51 PD-M540 Musta\" \/>\n<meta property=\"og:url\" content=\"https:\/\/vmsport.fi\/sv\/webbutik\/reservdelar\/pedaler\/lasa-pedaler-terrang\/poljin-spd-sis-sm-sh51-pd-m540-svart\/\" \/>\n<meta property=\"og:site_name\" content=\"VM Sport\" \/>\n<meta property=\"article:publisher\" content=\"https:\/\/www.facebook.com\/Vmsport.fi\/\" \/>\n<meta property=\"article:modified_time\" content=\"2026-04-22T12:03:45+00:00\" \/>\n<meta property=\"og:image\" content=\"https:\/\/vmsport.fi\/wp-content\/uploads\/2025\/03\/vnhguB2WEPl1oMIZqRU4AUdAHoke0TirtAF7O59TTniw9srYGJ-1.jpg\" \/>\n\t<meta property=\"og:image:width\" content=\"600\" \/>\n\t<meta property=\"og:image:height\" content=\"600\" \/>\n\t<meta property=\"og:image:type\" content=\"image\/jpeg\" \/>\n<meta name=\"twitter:card\" content=\"summary_large_image\" \/>\n<meta name=\"twitter:label1\" content=\"Ber\u00e4knad l\u00e4stid\" \/>\n\t<meta name=\"twitter:data1\" content=\"1 minut\" \/>\n<script type=\"application\/ld+json\" class=\"yoast-schema-graph\">{\"@context\":\"https:\\\/\\\/schema.org\",\"@graph\":[{\"@type\":[\"WebPage\",\"ItemPage\"],\"@id\":\"https:\\\/\\\/vmsport.fi\\\/verkkokauppa\\\/varaosat\\\/polkimet\\\/lukkopolkimet-maasto\\\/poljin-spd-sis-sm-sh51-pd-m540-musta\\\/\",\"url\":\"https:\\\/\\\/vmsport.fi\\\/verkkokauppa\\\/varaosat\\\/polkimet\\\/lukkopolkimet-maasto\\\/poljin-spd-sis-sm-sh51-pd-m540-musta\\\/\",\"name\":\"Poljin SPD Sis. SM-SH51 PD-M540 Musta - VM Sport\",\"isPartOf\":{\"@id\":\"https:\\\/\\\/vmsport.fi\\\/#website\"},\"primaryImageOfPage\":{\"@id\":\"https:\\\/\\\/vmsport.fi\\\/verkkokauppa\\\/varaosat\\\/polkimet\\\/lukkopolkimet-maasto\\\/poljin-spd-sis-sm-sh51-pd-m540-musta\\\/#primaryimage\"},\"image\":{\"@id\":\"https:\\\/\\\/vmsport.fi\\\/verkkokauppa\\\/varaosat\\\/polkimet\\\/lukkopolkimet-maasto\\\/poljin-spd-sis-sm-sh51-pd-m540-musta\\\/#primaryimage\"},\"thumbnailUrl\":\"https:\\\/\\\/vmsport.fi\\\/wp-content\\\/uploads\\\/2025\\\/03\\\/vnhguB2WEPl1oMIZqRU4AUdAHoke0TirtAF7O59TTniw9srYGJ-1.jpg\",\"datePublished\":\"2025-03-05T22:12:02+00:00\",\"dateModified\":\"2026-04-22T12:03:45+00:00\",\"breadcrumb\":{\"@id\":\"https:\\\/\\\/vmsport.fi\\\/verkkokauppa\\\/varaosat\\\/polkimet\\\/lukkopolkimet-maasto\\\/poljin-spd-sis-sm-sh51-pd-m540-musta\\\/#breadcrumb\"},\"inLanguage\":\"sv-SE\",\"potentialAction\":[{\"@type\":\"ReadAction\",\"target\":[\"https:\\\/\\\/vmsport.fi\\\/verkkokauppa\\\/varaosat\\\/polkimet\\\/lukkopolkimet-maasto\\\/poljin-spd-sis-sm-sh51-pd-m540-musta\\\/\"]}]},{\"@type\":\"ImageObject\",\"inLanguage\":\"sv-SE\",\"@id\":\"https:\\\/\\\/vmsport.fi\\\/verkkokauppa\\\/varaosat\\\/polkimet\\\/lukkopolkimet-maasto\\\/poljin-spd-sis-sm-sh51-pd-m540-musta\\\/#primaryimage\",\"url\":\"https:\\\/\\\/vmsport.fi\\\/wp-content\\\/uploads\\\/2025\\\/03\\\/vnhguB2WEPl1oMIZqRU4AUdAHoke0TirtAF7O59TTniw9srYGJ-1.jpg\",\"contentUrl\":\"https:\\\/\\\/vmsport.fi\\\/wp-content\\\/uploads\\\/2025\\\/03\\\/vnhguB2WEPl1oMIZqRU4AUdAHoke0TirtAF7O59TTniw9srYGJ-1.jpg\",\"width\":600,\"height\":600,\"caption\":\"vnhguB2WEPl1oMIZqRU4AUdAHoke0TirtAF7O59TTniw9srYGJ\"},{\"@type\":\"BreadcrumbList\",\"@id\":\"https:\\\/\\\/vmsport.fi\\\/verkkokauppa\\\/varaosat\\\/polkimet\\\/lukkopolkimet-maasto\\\/poljin-spd-sis-sm-sh51-pd-m540-musta\\\/#breadcrumb\",\"itemListElement\":[{\"@type\":\"ListItem\",\"position\":1,\"name\":\"Etusivu\",\"item\":\"https:\\\/\\\/vmsport.fi\\\/\"},{\"@type\":\"ListItem\",\"position\":2,\"name\":\"Online Store\",\"item\":\"https:\\\/\\\/vmsport.fi\\\/en\\\/online-store\\\/\"},{\"@type\":\"ListItem\",\"position\":3,\"name\":\"Poljin SPD Sis. SM-SH51 PD-M540 Musta\"}]},{\"@type\":\"WebSite\",\"@id\":\"https:\\\/\\\/vmsport.fi\\\/#website\",\"url\":\"https:\\\/\\\/vmsport.fi\\\/\",\"name\":\"Vmsport\",\"description\":\"Kaikki py\u00f6r\u00e4ilyyn yhdest\u00e4 paikasta\",\"publisher\":{\"@id\":\"https:\\\/\\\/vmsport.fi\\\/#organization\"},\"potentialAction\":[{\"@type\":\"SearchAction\",\"target\":{\"@type\":\"EntryPoint\",\"urlTemplate\":\"https:\\\/\\\/vmsport.fi\\\/?s={search_term_string}\"},\"query-input\":{\"@type\":\"PropertyValueSpecification\",\"valueRequired\":true,\"valueName\":\"search_term_string\"}}],\"inLanguage\":\"sv-SE\"},{\"@type\":\"Organization\",\"@id\":\"https:\\\/\\\/vmsport.fi\\\/#organization\",\"name\":\"Vmsport\",\"url\":\"https:\\\/\\\/vmsport.fi\\\/\",\"logo\":{\"@type\":\"ImageObject\",\"inLanguage\":\"sv-SE\",\"@id\":\"https:\\\/\\\/vmsport.fi\\\/#\\\/schema\\\/logo\\\/image\\\/\",\"url\":\"https:\\\/\\\/vmsport.fi\\\/wp-content\\\/uploads\\\/2024\\\/12\\\/vm_sport_RGB_horisontal-e1734526017575.png\",\"contentUrl\":\"https:\\\/\\\/vmsport.fi\\\/wp-content\\\/uploads\\\/2024\\\/12\\\/vm_sport_RGB_horisontal-e1734526017575.png\",\"width\":668,\"height\":85,\"caption\":\"Vmsport\"},\"image\":{\"@id\":\"https:\\\/\\\/vmsport.fi\\\/#\\\/schema\\\/logo\\\/image\\\/\"},\"sameAs\":[\"https:\\\/\\\/www.facebook.com\\\/Vmsport.fi\\\/\",\"https:\\\/\\\/www.instagram.com\\\/vmsport\\\/\"]}]}<\/script>\n<!-- \/ Yoast SEO plugin. -->","yoast_head_json":{"title":"Poljin SPD Sis. SM-SH51 PD-M540 Svart - VM Sport","robots":{"index":"index","follow":"follow","max-snippet":"max-snippet:-1","max-image-preview":"max-image-preview:large","max-video-preview":"max-video-preview:-1"},"canonical":"https:\/\/vmsport.fi\/sv\/webbutik\/reservdelar\/pedaler\/lasa-pedaler-terrang\/poljin-spd-sis-sm-sh51-pd-m540-svart\/","og_locale":"sv_SE","og_type":"article","og_title":"Poljin SPD Sis. SM-SH51 PD-M540 Musta - VM Sport","og_description":"Shimano PD-M540 -polkimet tarjoavat kaksipuolisen SPD-mekanismin, joka mahdollistaa helpon ja tehokkaan k\u00e4yt\u00f6n. Kromimolybdeenist\u00e4 valmistetut pultit ja tiivistetty laakeripes\u00e4n akseli varmistavat kest\u00e4vyyden vaativissakin olosuhteissa. Polkimissa on kevyt runko, jonka paino on 352 grammaa per pari, ja niiden nikkelipinnoitettu ter\u00e4smekanismi on viimeistelty kest\u00e4vill\u00e4 pintamaaleilla. Kengille yhteensopiva SPD-tyyli tarjoaa nelj\u00e4n asteen liikkeen vapauden, mik\u00e4 tekee nivelten liikkeist\u00e4 joustavampia. [...]L\u00e4s mer \u2026 from Poljin SPD Sis. SM-SH51 PD-M540 Musta","og_url":"https:\/\/vmsport.fi\/sv\/webbutik\/reservdelar\/pedaler\/lasa-pedaler-terrang\/poljin-spd-sis-sm-sh51-pd-m540-svart\/","og_site_name":"VM Sport","article_publisher":"https:\/\/www.facebook.com\/Vmsport.fi\/","article_modified_time":"2026-04-22T12:03:45+00:00","og_image":[{"width":600,"height":600,"url":"https:\/\/vmsport.fi\/wp-content\/uploads\/2025\/03\/vnhguB2WEPl1oMIZqRU4AUdAHoke0TirtAF7O59TTniw9srYGJ-1.jpg","type":"image\/jpeg"}],"twitter_card":"summary_large_image","twitter_misc":{"Ber\u00e4knad l\u00e4stid":"1 minut"},"schema":{"@context":"https:\/\/schema.org","@graph":[{"@type":["WebPage","ItemPage"],"@id":"https:\/\/vmsport.fi\/verkkokauppa\/varaosat\/polkimet\/lukkopolkimet-maasto\/poljin-spd-sis-sm-sh51-pd-m540-musta\/","url":"https:\/\/vmsport.fi\/verkkokauppa\/varaosat\/polkimet\/lukkopolkimet-maasto\/poljin-spd-sis-sm-sh51-pd-m540-musta\/","name":"Poljin SPD Sis. SM-SH51 PD-M540 Svart - VM Sport","isPartOf":{"@id":"https:\/\/vmsport.fi\/#website"},"primaryImageOfPage":{"@id":"https:\/\/vmsport.fi\/verkkokauppa\/varaosat\/polkimet\/lukkopolkimet-maasto\/poljin-spd-sis-sm-sh51-pd-m540-musta\/#primaryimage"},"image":{"@id":"https:\/\/vmsport.fi\/verkkokauppa\/varaosat\/polkimet\/lukkopolkimet-maasto\/poljin-spd-sis-sm-sh51-pd-m540-musta\/#primaryimage"},"thumbnailUrl":"https:\/\/vmsport.fi\/wp-content\/uploads\/2025\/03\/vnhguB2WEPl1oMIZqRU4AUdAHoke0TirtAF7O59TTniw9srYGJ-1.jpg","datePublished":"2025-03-05T22:12:02+00:00","dateModified":"2026-04-22T12:03:45+00:00","breadcrumb":{"@id":"https:\/\/vmsport.fi\/verkkokauppa\/varaosat\/polkimet\/lukkopolkimet-maasto\/poljin-spd-sis-sm-sh51-pd-m540-musta\/#breadcrumb"},"inLanguage":"sv-SE","potentialAction":[{"@type":"ReadAction","target":["https:\/\/vmsport.fi\/verkkokauppa\/varaosat\/polkimet\/lukkopolkimet-maasto\/poljin-spd-sis-sm-sh51-pd-m540-musta\/"]}]},{"@type":"ImageObject","inLanguage":"sv-SE","@id":"https:\/\/vmsport.fi\/verkkokauppa\/varaosat\/polkimet\/lukkopolkimet-maasto\/poljin-spd-sis-sm-sh51-pd-m540-musta\/#primaryimage","url":"https:\/\/vmsport.fi\/wp-content\/uploads\/2025\/03\/vnhguB2WEPl1oMIZqRU4AUdAHoke0TirtAF7O59TTniw9srYGJ-1.jpg","contentUrl":"https:\/\/vmsport.fi\/wp-content\/uploads\/2025\/03\/vnhguB2WEPl1oMIZqRU4AUdAHoke0TirtAF7O59TTniw9srYGJ-1.jpg","width":600,"height":600,"caption":"vnhguB2WEPl1oMIZqRU4AUdAHoke0TirtAF7O59TTniw9srYGJ"},{"@type":"BreadcrumbList","@id":"https:\/\/vmsport.fi\/verkkokauppa\/varaosat\/polkimet\/lukkopolkimet-maasto\/poljin-spd-sis-sm-sh51-pd-m540-musta\/#breadcrumb","itemListElement":[{"@type":"ListItem","position":1,"name":"Etusivu","item":"https:\/\/vmsport.fi\/"},{"@type":"ListItem","position":2,"name":"Online Store","item":"https:\/\/vmsport.fi\/en\/online-store\/"},{"@type":"ListItem","position":3,"name":"Poljin SPD Sis. SM-SH51 PD-M540 Musta"}]},{"@type":"WebSite","@id":"https:\/\/vmsport.fi\/#website","url":"https:\/\/vmsport.fi\/","name":"Vmsport","description":"Allt p\u00e5 ett st\u00e4lle f\u00f6r cykling","publisher":{"@id":"https:\/\/vmsport.fi\/#organization"},"potentialAction":[{"@type":"SearchAction","target":{"@type":"EntryPoint","urlTemplate":"https:\/\/vmsport.fi\/?s={search_term_string}"},"query-input":{"@type":"PropertyValueSpecification","valueRequired":true,"valueName":"search_term_string"}}],"inLanguage":"sv-SE"},{"@type":"Organization","@id":"https:\/\/vmsport.fi\/#organization","name":"Vmsport","url":"https:\/\/vmsport.fi\/","logo":{"@type":"ImageObject","inLanguage":"sv-SE","@id":"https:\/\/vmsport.fi\/#\/schema\/logo\/image\/","url":"https:\/\/vmsport.fi\/wp-content\/uploads\/2024\/12\/vm_sport_RGB_horisontal-e1734526017575.png","contentUrl":"https:\/\/vmsport.fi\/wp-content\/uploads\/2024\/12\/vm_sport_RGB_horisontal-e1734526017575.png","width":668,"height":85,"caption":"Vmsport"},"image":{"@id":"https:\/\/vmsport.fi\/#\/schema\/logo\/image\/"},"sameAs":["https:\/\/www.facebook.com\/Vmsport.fi\/","https:\/\/www.instagram.com\/vmsport\/"]}]}},"global_unique_id":"","_links":{"self":[{"href":"https:\/\/vmsport.fi\/sv\/wp-json\/wp\/v2\/product\/55792","targetHints":{"allow":["GET"]}}],"collection":[{"href":"https:\/\/vmsport.fi\/sv\/wp-json\/wp\/v2\/product"}],"about":[{"href":"https:\/\/vmsport.fi\/sv\/wp-json\/wp\/v2\/types\/product"}],"replies":[{"embeddable":true,"href":"https:\/\/vmsport.fi\/sv\/wp-json\/wp\/v2\/comments?post=55792"}],"wp:featuredmedia":[{"embeddable":true,"href":"https:\/\/vmsport.fi\/sv\/wp-json\/wp\/v2\/media\/55791"}],"wp:attachment":[{"href":"https:\/\/vmsport.fi\/sv\/wp-json\/wp\/v2\/media?parent=55792"}],"wp:term":[{"taxonomy":"product_brand","embeddable":true,"href":"https:\/\/vmsport.fi\/sv\/wp-json\/wp\/v2\/product_brand?post=55792"},{"taxonomy":"product_model","embeddable":true,"href":"https:\/\/vmsport.fi\/sv\/wp-json\/wp\/v2\/product_model?post=55792"},{"taxonomy":"product_cat","embeddable":true,"href":"https:\/\/vmsport.fi\/sv\/wp-json\/wp\/v2\/product_cat?post=55792"},{"taxonomy":"product_tag","embeddable":true,"href":"https:\/\/vmsport.fi\/sv\/wp-json\/wp\/v2\/product_tag?post=55792"},{"taxonomy":"industry_terminology","embeddable":true,"href":"https:\/\/vmsport.fi\/sv\/wp-json\/wp\/v2\/industry-terminology?post=55792"}],"curies":[{"name":"wp","href":"https:\/\/api.w.org\/{rel}","templated":true}]}}