{"id":55790,"date":"2025-03-06T00:12:00","date_gmt":"2025-03-05T22:12:00","guid":{"rendered":"https:\/\/vmsport.fi\/verkkokauppa\/Ei-luokiteltu\/hbtp-bnt-gelcork-dk-bl\/"},"modified":"2026-04-22T15:03:23","modified_gmt":"2026-04-22T12:03:23","slug":"hbtp-bnt-gelcork-dk-bl","status":"publish","type":"product","link":"https:\/\/vmsport.fi\/sv\/verkkokauppa\/varaosat\/ohjaamo\/gripit\/hbtp-bnt-gelcork-dk-bl\/","title":{"rendered":"HBTP BNT GELCORK DK BL"},"content":{"rendered":"<p>Den h\u00e4r bl\u00e5 styrtejpen, som \u00e4r tillverkad av en bekv\u00e4m gel och naturkork, ger ett utm\u00e4rkt grepp vid cykling. N\u00e4r tejpen lindas runt styret blir k\u00f6rningen mer stabil, vilket f\u00f6rb\u00e4ttrar cykelhanteringen. De medf\u00f6ljande styrpropparna full\u00e4ndar cykelns eleganta utseende och g\u00f6r att den ser snygg och v\u00e4lsk\u00f6tt ut. Den h\u00e4r l\u00e4ttanv\u00e4nda styrtejpen passar alla typer av cyklar och \u00e4r det perfekta valet f\u00f6r b\u00e5de fritidsk\u00f6rning och t\u00e4vlingssituationer.<\/p>","protected":false},"excerpt":{"rendered":"<p>T\u00e4m\u00e4 sininen ohjaustangon teippi, joka on valmistettu mukavasta geelist\u00e4 ja luonnon korkista, tarjoaa erinomaisen otteen py\u00f6r\u00e4ilyyn. Kun t\u00e4m\u00e4 teippi on kierretty ohjaustankoon, ajaminen muuttuu entist\u00e4 vakaammaksi, mik\u00e4 parantaa py\u00f6r\u00e4n hallittavuutta. Mukana tulevat tangon p\u00e4\u00e4tytulpat t\u00e4ydent\u00e4v\u00e4t py\u00f6r\u00e4si tyylikk\u00e4\u00e4n ulkon\u00e4\u00f6n, saaden sen n\u00e4ytt\u00e4m\u00e4\u00e4n siistilt\u00e4 ja huolitellulta. T\u00e4m\u00e4 helppok\u00e4ytt\u00f6inen ohjaustangon teippi sopii kaikkien polkupy\u00f6rien tyyleihin ja se on [&#8230;]<\/p>\n<p><a class=\"btn btn-secondary understrap-read-more-link\" href=\"https:\/\/vmsport.fi\/sv\/verkkokauppa\/varaosat\/ohjaamo\/gripit\/hbtp-bnt-gelcork-dk-bl\/\">L\u00e4s mer \u2026<span class=\"screen-reader-text\"> from HBTP BNT GELCORK DK BL<\/span><\/a><\/p>\n","protected":false},"featured_media":55788,"comment_status":"open","ping_status":"closed","template":"","meta":{"_acf_changed":false,"_improvement_type_select":"improve_an_existing","_thumb_yes_seoaic":false,"_frame_yes_seoaic":false,"seoaic_generate_description":"","seoaic_improve_instructions_prompt":"","seoaic_rollback_content_improvement":"","seoaic_idea_thumbnail_generator":"","thumbnail_generated":false,"thumbnail_generate_prompt":"","seoaic_article_description":"","_supplier_stock_quantity":0},"product_brand":[],"product_model":[],"product_cat":[9292],"product_tag":[],"industry-terminology":[],"class_list":{"0":"post-55790","1":"product","2":"type-product","3":"status-publish","4":"has-post-thumbnail","6":"product_cat-gripit","8":"first","9":"outofstock","10":"taxable","11":"shipping-taxable","12":"product-type-simple"},"acf":{"bike_features":null,"overview":{"copy_overview":null,"key_features":null,"statement":"","youtube_url":""}},"yoast_head":"<!-- This site is optimized with the Yoast SEO plugin v27.4 - https:\/\/yoast.com\/product\/yoast-seo-wordpress\/ -->\n<title>HBTP BNT GELCORK DK BL - VM Sport<\/title>\n<meta name=\"robots\" content=\"index, follow, max-snippet:-1, max-image-preview:large, max-video-preview:-1\" \/>\n<link rel=\"canonical\" href=\"https:\/\/vmsport.fi\/sv\/webbutik\/reservdelar\/taxi\/grepp\/hbtp-bnt-gelcork-dk-bl\/\" \/>\n<meta property=\"og:locale\" content=\"sv_SE\" \/>\n<meta property=\"og:type\" content=\"article\" \/>\n<meta property=\"og:title\" content=\"HBTP BNT GELCORK DK BL - VM Sport\" \/>\n<meta property=\"og:description\" content=\"T\u00e4m\u00e4 sininen ohjaustangon teippi, joka on valmistettu mukavasta geelist\u00e4 ja luonnon korkista, tarjoaa erinomaisen otteen py\u00f6r\u00e4ilyyn. Kun t\u00e4m\u00e4 teippi on kierretty ohjaustankoon, ajaminen muuttuu entist\u00e4 vakaammaksi, mik\u00e4 parantaa py\u00f6r\u00e4n hallittavuutta. Mukana tulevat tangon p\u00e4\u00e4tytulpat t\u00e4ydent\u00e4v\u00e4t py\u00f6r\u00e4si tyylikk\u00e4\u00e4n ulkon\u00e4\u00f6n, saaden sen n\u00e4ytt\u00e4m\u00e4\u00e4n siistilt\u00e4 ja huolitellulta. T\u00e4m\u00e4 helppok\u00e4ytt\u00f6inen ohjaustangon teippi sopii kaikkien polkupy\u00f6rien tyyleihin ja se on [...]L\u00e4s mer \u2026 from HBTP BNT GELCORK DK BL\" \/>\n<meta property=\"og:url\" content=\"https:\/\/vmsport.fi\/sv\/webbutik\/reservdelar\/taxi\/grepp\/hbtp-bnt-gelcork-dk-bl\/\" \/>\n<meta property=\"og:site_name\" content=\"VM Sport\" \/>\n<meta property=\"article:publisher\" content=\"https:\/\/www.facebook.com\/Vmsport.fi\/\" \/>\n<meta property=\"article:modified_time\" content=\"2026-04-22T12:03:23+00:00\" \/>\n<meta property=\"og:image\" content=\"https:\/\/vmsport.fi\/wp-content\/uploads\/2025\/03\/b92fdf3e-a8dc-4f2d-a7c7-4fe2b801ff4d-1.jpg\" \/>\n\t<meta property=\"og:image:width\" content=\"720\" \/>\n\t<meta property=\"og:image:height\" content=\"720\" \/>\n\t<meta property=\"og:image:type\" content=\"image\/jpeg\" \/>\n<meta name=\"twitter:card\" content=\"summary_large_image\" \/>\n<script type=\"application\/ld+json\" class=\"yoast-schema-graph\">{\"@context\":\"https:\\\/\\\/schema.org\",\"@graph\":[{\"@type\":[\"WebPage\",\"ItemPage\"],\"@id\":\"https:\\\/\\\/vmsport.fi\\\/verkkokauppa\\\/varaosat\\\/ohjaamo\\\/gripit\\\/hbtp-bnt-gelcork-dk-bl\\\/\",\"url\":\"https:\\\/\\\/vmsport.fi\\\/verkkokauppa\\\/varaosat\\\/ohjaamo\\\/gripit\\\/hbtp-bnt-gelcork-dk-bl\\\/\",\"name\":\"HBTP BNT GELCORK DK BL - VM Sport\",\"isPartOf\":{\"@id\":\"https:\\\/\\\/vmsport.fi\\\/#website\"},\"primaryImageOfPage\":{\"@id\":\"https:\\\/\\\/vmsport.fi\\\/verkkokauppa\\\/varaosat\\\/ohjaamo\\\/gripit\\\/hbtp-bnt-gelcork-dk-bl\\\/#primaryimage\"},\"image\":{\"@id\":\"https:\\\/\\\/vmsport.fi\\\/verkkokauppa\\\/varaosat\\\/ohjaamo\\\/gripit\\\/hbtp-bnt-gelcork-dk-bl\\\/#primaryimage\"},\"thumbnailUrl\":\"https:\\\/\\\/vmsport.fi\\\/wp-content\\\/uploads\\\/2025\\\/03\\\/b92fdf3e-a8dc-4f2d-a7c7-4fe2b801ff4d-1.jpg\",\"datePublished\":\"2025-03-05T22:12:00+00:00\",\"dateModified\":\"2026-04-22T12:03:23+00:00\",\"breadcrumb\":{\"@id\":\"https:\\\/\\\/vmsport.fi\\\/verkkokauppa\\\/varaosat\\\/ohjaamo\\\/gripit\\\/hbtp-bnt-gelcork-dk-bl\\\/#breadcrumb\"},\"inLanguage\":\"sv-SE\",\"potentialAction\":[{\"@type\":\"ReadAction\",\"target\":[\"https:\\\/\\\/vmsport.fi\\\/verkkokauppa\\\/varaosat\\\/ohjaamo\\\/gripit\\\/hbtp-bnt-gelcork-dk-bl\\\/\"]}]},{\"@type\":\"ImageObject\",\"inLanguage\":\"sv-SE\",\"@id\":\"https:\\\/\\\/vmsport.fi\\\/verkkokauppa\\\/varaosat\\\/ohjaamo\\\/gripit\\\/hbtp-bnt-gelcork-dk-bl\\\/#primaryimage\",\"url\":\"https:\\\/\\\/vmsport.fi\\\/wp-content\\\/uploads\\\/2025\\\/03\\\/b92fdf3e-a8dc-4f2d-a7c7-4fe2b801ff4d-1.jpg\",\"contentUrl\":\"https:\\\/\\\/vmsport.fi\\\/wp-content\\\/uploads\\\/2025\\\/03\\\/b92fdf3e-a8dc-4f2d-a7c7-4fe2b801ff4d-1.jpg\",\"width\":720,\"height\":720,\"caption\":\"b92fdf3e-a8dc-4f2d-a7c7-4fe2b801ff4d\"},{\"@type\":\"BreadcrumbList\",\"@id\":\"https:\\\/\\\/vmsport.fi\\\/verkkokauppa\\\/varaosat\\\/ohjaamo\\\/gripit\\\/hbtp-bnt-gelcork-dk-bl\\\/#breadcrumb\",\"itemListElement\":[{\"@type\":\"ListItem\",\"position\":1,\"name\":\"Etusivu\",\"item\":\"https:\\\/\\\/vmsport.fi\\\/\"},{\"@type\":\"ListItem\",\"position\":2,\"name\":\"Online Store\",\"item\":\"https:\\\/\\\/vmsport.fi\\\/en\\\/online-store\\\/\"},{\"@type\":\"ListItem\",\"position\":3,\"name\":\"HBTP BNT GELCORK DK BL\"}]},{\"@type\":\"WebSite\",\"@id\":\"https:\\\/\\\/vmsport.fi\\\/#website\",\"url\":\"https:\\\/\\\/vmsport.fi\\\/\",\"name\":\"Vmsport\",\"description\":\"Kaikki py\u00f6r\u00e4ilyyn yhdest\u00e4 paikasta\",\"publisher\":{\"@id\":\"https:\\\/\\\/vmsport.fi\\\/#organization\"},\"potentialAction\":[{\"@type\":\"SearchAction\",\"target\":{\"@type\":\"EntryPoint\",\"urlTemplate\":\"https:\\\/\\\/vmsport.fi\\\/?s={search_term_string}\"},\"query-input\":{\"@type\":\"PropertyValueSpecification\",\"valueRequired\":true,\"valueName\":\"search_term_string\"}}],\"inLanguage\":\"sv-SE\"},{\"@type\":\"Organization\",\"@id\":\"https:\\\/\\\/vmsport.fi\\\/#organization\",\"name\":\"Vmsport\",\"url\":\"https:\\\/\\\/vmsport.fi\\\/\",\"logo\":{\"@type\":\"ImageObject\",\"inLanguage\":\"sv-SE\",\"@id\":\"https:\\\/\\\/vmsport.fi\\\/#\\\/schema\\\/logo\\\/image\\\/\",\"url\":\"https:\\\/\\\/vmsport.fi\\\/wp-content\\\/uploads\\\/2024\\\/12\\\/vm_sport_RGB_horisontal-e1734526017575.png\",\"contentUrl\":\"https:\\\/\\\/vmsport.fi\\\/wp-content\\\/uploads\\\/2024\\\/12\\\/vm_sport_RGB_horisontal-e1734526017575.png\",\"width\":668,\"height\":85,\"caption\":\"Vmsport\"},\"image\":{\"@id\":\"https:\\\/\\\/vmsport.fi\\\/#\\\/schema\\\/logo\\\/image\\\/\"},\"sameAs\":[\"https:\\\/\\\/www.facebook.com\\\/Vmsport.fi\\\/\",\"https:\\\/\\\/www.instagram.com\\\/vmsport\\\/\"]}]}<\/script>\n<!-- \/ Yoast SEO plugin. -->","yoast_head_json":{"title":"HBTP BNT GELCORK DK BL - VM Sport","robots":{"index":"index","follow":"follow","max-snippet":"max-snippet:-1","max-image-preview":"max-image-preview:large","max-video-preview":"max-video-preview:-1"},"canonical":"https:\/\/vmsport.fi\/sv\/webbutik\/reservdelar\/taxi\/grepp\/hbtp-bnt-gelcork-dk-bl\/","og_locale":"sv_SE","og_type":"article","og_title":"HBTP BNT GELCORK DK BL - VM Sport","og_description":"T\u00e4m\u00e4 sininen ohjaustangon teippi, joka on valmistettu mukavasta geelist\u00e4 ja luonnon korkista, tarjoaa erinomaisen otteen py\u00f6r\u00e4ilyyn. Kun t\u00e4m\u00e4 teippi on kierretty ohjaustankoon, ajaminen muuttuu entist\u00e4 vakaammaksi, mik\u00e4 parantaa py\u00f6r\u00e4n hallittavuutta. Mukana tulevat tangon p\u00e4\u00e4tytulpat t\u00e4ydent\u00e4v\u00e4t py\u00f6r\u00e4si tyylikk\u00e4\u00e4n ulkon\u00e4\u00f6n, saaden sen n\u00e4ytt\u00e4m\u00e4\u00e4n siistilt\u00e4 ja huolitellulta. T\u00e4m\u00e4 helppok\u00e4ytt\u00f6inen ohjaustangon teippi sopii kaikkien polkupy\u00f6rien tyyleihin ja se on [...]L\u00e4s mer \u2026 from HBTP BNT GELCORK DK BL","og_url":"https:\/\/vmsport.fi\/sv\/webbutik\/reservdelar\/taxi\/grepp\/hbtp-bnt-gelcork-dk-bl\/","og_site_name":"VM Sport","article_publisher":"https:\/\/www.facebook.com\/Vmsport.fi\/","article_modified_time":"2026-04-22T12:03:23+00:00","og_image":[{"width":720,"height":720,"url":"https:\/\/vmsport.fi\/wp-content\/uploads\/2025\/03\/b92fdf3e-a8dc-4f2d-a7c7-4fe2b801ff4d-1.jpg","type":"image\/jpeg"}],"twitter_card":"summary_large_image","schema":{"@context":"https:\/\/schema.org","@graph":[{"@type":["WebPage","ItemPage"],"@id":"https:\/\/vmsport.fi\/verkkokauppa\/varaosat\/ohjaamo\/gripit\/hbtp-bnt-gelcork-dk-bl\/","url":"https:\/\/vmsport.fi\/verkkokauppa\/varaosat\/ohjaamo\/gripit\/hbtp-bnt-gelcork-dk-bl\/","name":"HBTP BNT GELCORK DK BL - VM Sport","isPartOf":{"@id":"https:\/\/vmsport.fi\/#website"},"primaryImageOfPage":{"@id":"https:\/\/vmsport.fi\/verkkokauppa\/varaosat\/ohjaamo\/gripit\/hbtp-bnt-gelcork-dk-bl\/#primaryimage"},"image":{"@id":"https:\/\/vmsport.fi\/verkkokauppa\/varaosat\/ohjaamo\/gripit\/hbtp-bnt-gelcork-dk-bl\/#primaryimage"},"thumbnailUrl":"https:\/\/vmsport.fi\/wp-content\/uploads\/2025\/03\/b92fdf3e-a8dc-4f2d-a7c7-4fe2b801ff4d-1.jpg","datePublished":"2025-03-05T22:12:00+00:00","dateModified":"2026-04-22T12:03:23+00:00","breadcrumb":{"@id":"https:\/\/vmsport.fi\/verkkokauppa\/varaosat\/ohjaamo\/gripit\/hbtp-bnt-gelcork-dk-bl\/#breadcrumb"},"inLanguage":"sv-SE","potentialAction":[{"@type":"ReadAction","target":["https:\/\/vmsport.fi\/verkkokauppa\/varaosat\/ohjaamo\/gripit\/hbtp-bnt-gelcork-dk-bl\/"]}]},{"@type":"ImageObject","inLanguage":"sv-SE","@id":"https:\/\/vmsport.fi\/verkkokauppa\/varaosat\/ohjaamo\/gripit\/hbtp-bnt-gelcork-dk-bl\/#primaryimage","url":"https:\/\/vmsport.fi\/wp-content\/uploads\/2025\/03\/b92fdf3e-a8dc-4f2d-a7c7-4fe2b801ff4d-1.jpg","contentUrl":"https:\/\/vmsport.fi\/wp-content\/uploads\/2025\/03\/b92fdf3e-a8dc-4f2d-a7c7-4fe2b801ff4d-1.jpg","width":720,"height":720,"caption":"b92fdf3e-a8dc-4f2d-a7c7-4fe2b801ff4d"},{"@type":"BreadcrumbList","@id":"https:\/\/vmsport.fi\/verkkokauppa\/varaosat\/ohjaamo\/gripit\/hbtp-bnt-gelcork-dk-bl\/#breadcrumb","itemListElement":[{"@type":"ListItem","position":1,"name":"Etusivu","item":"https:\/\/vmsport.fi\/"},{"@type":"ListItem","position":2,"name":"Online Store","item":"https:\/\/vmsport.fi\/en\/online-store\/"},{"@type":"ListItem","position":3,"name":"HBTP BNT GELCORK DK BL"}]},{"@type":"WebSite","@id":"https:\/\/vmsport.fi\/#website","url":"https:\/\/vmsport.fi\/","name":"Vmsport","description":"Allt p\u00e5 ett st\u00e4lle f\u00f6r cykling","publisher":{"@id":"https:\/\/vmsport.fi\/#organization"},"potentialAction":[{"@type":"SearchAction","target":{"@type":"EntryPoint","urlTemplate":"https:\/\/vmsport.fi\/?s={search_term_string}"},"query-input":{"@type":"PropertyValueSpecification","valueRequired":true,"valueName":"search_term_string"}}],"inLanguage":"sv-SE"},{"@type":"Organization","@id":"https:\/\/vmsport.fi\/#organization","name":"Vmsport","url":"https:\/\/vmsport.fi\/","logo":{"@type":"ImageObject","inLanguage":"sv-SE","@id":"https:\/\/vmsport.fi\/#\/schema\/logo\/image\/","url":"https:\/\/vmsport.fi\/wp-content\/uploads\/2024\/12\/vm_sport_RGB_horisontal-e1734526017575.png","contentUrl":"https:\/\/vmsport.fi\/wp-content\/uploads\/2024\/12\/vm_sport_RGB_horisontal-e1734526017575.png","width":668,"height":85,"caption":"Vmsport"},"image":{"@id":"https:\/\/vmsport.fi\/#\/schema\/logo\/image\/"},"sameAs":["https:\/\/www.facebook.com\/Vmsport.fi\/","https:\/\/www.instagram.com\/vmsport\/"]}]}},"global_unique_id":"","_links":{"self":[{"href":"https:\/\/vmsport.fi\/sv\/wp-json\/wp\/v2\/product\/55790","targetHints":{"allow":["GET"]}}],"collection":[{"href":"https:\/\/vmsport.fi\/sv\/wp-json\/wp\/v2\/product"}],"about":[{"href":"https:\/\/vmsport.fi\/sv\/wp-json\/wp\/v2\/types\/product"}],"replies":[{"embeddable":true,"href":"https:\/\/vmsport.fi\/sv\/wp-json\/wp\/v2\/comments?post=55790"}],"wp:featuredmedia":[{"embeddable":true,"href":"https:\/\/vmsport.fi\/sv\/wp-json\/wp\/v2\/media\/55788"}],"wp:attachment":[{"href":"https:\/\/vmsport.fi\/sv\/wp-json\/wp\/v2\/media?parent=55790"}],"wp:term":[{"taxonomy":"product_brand","embeddable":true,"href":"https:\/\/vmsport.fi\/sv\/wp-json\/wp\/v2\/product_brand?post=55790"},{"taxonomy":"product_model","embeddable":true,"href":"https:\/\/vmsport.fi\/sv\/wp-json\/wp\/v2\/product_model?post=55790"},{"taxonomy":"product_cat","embeddable":true,"href":"https:\/\/vmsport.fi\/sv\/wp-json\/wp\/v2\/product_cat?post=55790"},{"taxonomy":"product_tag","embeddable":true,"href":"https:\/\/vmsport.fi\/sv\/wp-json\/wp\/v2\/product_tag?post=55790"},{"taxonomy":"industry_terminology","embeddable":true,"href":"https:\/\/vmsport.fi\/sv\/wp-json\/wp\/v2\/industry-terminology?post=55790"}],"curies":[{"name":"wp","href":"https:\/\/api.w.org\/{rel}","templated":true}]}}