{"id":55785,"date":"2025-03-06T00:11:58","date_gmt":"2025-03-05T22:11:58","guid":{"rendered":"https:\/\/vmsport.fi\/verkkokauppa\/Ei-luokiteltu\/etukiekko-rs-171-clincher-disc-br-e-thru\/"},"modified":"2026-01-16T13:26:07","modified_gmt":"2026-01-16T11:26:07","slug":"snooker-hockey-rs-171-clincher-disc-br-e-thru","status":"publish","type":"product","link":"https:\/\/vmsport.fi\/sv\/verkkokauppa\/varaosat\/kiekot-ja-navat\/etukiekot\/etukiekko-rs-171-clincher-disc-br-e-thru\/","title":{"rendered":"Fr\u00e4mre skiva RS-171 Clincher Disc Br E-thru"},"content":{"rendered":"<p>Den fr\u00e4mre skivan RS-171 erbjuder utm\u00e4rkta prestanda f\u00f6r den moderna cyklisten som v\u00e4rdes\u00e4tter effektivitet och h\u00e5llbarhet. Sidov\u00e4ggsprofilen ger stabilitet och en bekv\u00e4m k\u00f6rupplevelse, vilket \u00e4r s\u00e4rskilt viktigt f\u00f6r l\u00e5nga str\u00e4ckor. Skivbromsarna ger effektiv bromsning under alla v\u00e4derf\u00f6rh\u00e5llanden. Anv\u00e4ndningen av genomg\u00e5ende axlar f\u00f6rb\u00e4ttrar hjulets stabilitet och g\u00f6r underh\u00e5ll och installation enkel. Denna fr\u00e4mre skiva kombinerar l\u00e4tthet och h\u00e5llbarhet, vilket g\u00f6r den till ett utm\u00e4rkt val f\u00f6r kr\u00e4vande applikationer d\u00e4r h\u00f6gsta kvalitet och tillf\u00f6rlitlighet \u00e4r m\u00e5let.<\/p>","protected":false},"excerpt":{"rendered":"<p>Etukiekko RS-171 tarjoaa erinomaisen suorituskyvyn nykyaikaiselle py\u00f6r\u00e4ilij\u00e4lle, joka arvostaa tehokkuutta ja kest\u00e4vyytt\u00e4. Kylkiprofiili varmistaa vakauden ja miellytt\u00e4v\u00e4n ajokokemuksen, mik\u00e4 on erityisen t\u00e4rke\u00e4\u00e4 pitkien matkojen aikana. Levyjarrutuki takaa tehokkaan jarrutuksen kaikissa s\u00e4\u00e4olosuhteissa. L\u00e4piakseleiden k\u00e4ytt\u00f6 parantaa py\u00f6r\u00e4n vakautta ja tekee huollosta ja asennuksesta vaivatonta. T\u00e4m\u00e4 etukiekko yhdist\u00e4\u00e4 keveyden ja kest\u00e4vyyden, mik\u00e4 tekee siit\u00e4 erinomaisen valinnan vaativaan k\u00e4ytt\u00f6\u00f6n, [&#8230;]<\/p>\n<p><a class=\"btn btn-secondary understrap-read-more-link\" href=\"https:\/\/vmsport.fi\/sv\/verkkokauppa\/varaosat\/kiekot-ja-navat\/etukiekot\/etukiekko-rs-171-clincher-disc-br-e-thru\/\">L\u00e4s mer \u2026<span class=\"screen-reader-text\"> from Etukiekko RS-171 Clincher Disc Br E-thru<\/span><\/a><\/p>\n","protected":false},"featured_media":55784,"comment_status":"open","ping_status":"closed","template":"","meta":{"_acf_changed":false,"_improvement_type_select":"improve_an_existing","_thumb_yes_seoaic":false,"_frame_yes_seoaic":false,"seoaic_generate_description":"","seoaic_improve_instructions_prompt":"","seoaic_rollback_content_improvement":"","seoaic_idea_thumbnail_generator":"","thumbnail_generated":false,"thumbnail_generate_prompt":"","seoaic_article_description":"","_supplier_stock_quantity":0},"product_brand":[],"product_model":[],"product_cat":[9484],"product_tag":[],"industry-terminology":[],"class_list":{"0":"post-55785","1":"product","2":"type-product","3":"status-publish","4":"has-post-thumbnail","6":"product_cat-etukiekot","8":"first","9":"outofstock","10":"taxable","11":"shipping-taxable","12":"product-type-simple"},"acf":{"bike_features":null,"overview":{"copy_overview":null,"key_features":null,"statement":"","youtube_url":""}},"yoast_head":"<!-- This site is optimized with the Yoast SEO plugin v27.3 - https:\/\/yoast.com\/product\/yoast-seo-wordpress\/ -->\n<title>Etukiekko RS-171 Clincher Disc Br E-thru - VM Sport<\/title>\n<meta name=\"robots\" content=\"index, follow, max-snippet:-1, max-image-preview:large, max-video-preview:-1\" \/>\n<link rel=\"canonical\" href=\"https:\/\/vmsport.fi\/sv\/webbutik\/reservdelar\/skivor-och-nav\/fram-falg\/snooker-hockey-rs-171-clincher-disc-br-e-thru\/\" \/>\n<meta property=\"og:locale\" content=\"sv_SE\" \/>\n<meta property=\"og:type\" content=\"article\" \/>\n<meta property=\"og:title\" content=\"Etukiekko RS-171 Clincher Disc Br E-thru - VM Sport\" \/>\n<meta property=\"og:description\" content=\"Etukiekko RS-171 tarjoaa erinomaisen suorituskyvyn nykyaikaiselle py\u00f6r\u00e4ilij\u00e4lle, joka arvostaa tehokkuutta ja kest\u00e4vyytt\u00e4. Kylkiprofiili varmistaa vakauden ja miellytt\u00e4v\u00e4n ajokokemuksen, mik\u00e4 on erityisen t\u00e4rke\u00e4\u00e4 pitkien matkojen aikana. Levyjarrutuki takaa tehokkaan jarrutuksen kaikissa s\u00e4\u00e4olosuhteissa. L\u00e4piakseleiden k\u00e4ytt\u00f6 parantaa py\u00f6r\u00e4n vakautta ja tekee huollosta ja asennuksesta vaivatonta. T\u00e4m\u00e4 etukiekko yhdist\u00e4\u00e4 keveyden ja kest\u00e4vyyden, mik\u00e4 tekee siit\u00e4 erinomaisen valinnan vaativaan k\u00e4ytt\u00f6\u00f6n, [...]L\u00e4s mer \u2026 from Etukiekko RS-171 Clincher Disc Br E-thru\" \/>\n<meta property=\"og:url\" content=\"https:\/\/vmsport.fi\/sv\/webbutik\/reservdelar\/skivor-och-nav\/fram-falg\/snooker-hockey-rs-171-clincher-disc-br-e-thru\/\" \/>\n<meta property=\"og:site_name\" content=\"VM Sport\" \/>\n<meta property=\"article:publisher\" content=\"https:\/\/www.facebook.com\/Vmsport.fi\/\" \/>\n<meta property=\"article:modified_time\" content=\"2026-01-16T11:26:07+00:00\" \/>\n<meta property=\"og:image\" content=\"https:\/\/vmsport.fi\/wp-content\/uploads\/2025\/03\/vrormFYC5Zsex8TkbUrsZjaXRIL9mgycU0006bK7kaAogEMrDs-1.jpg\" \/>\n\t<meta property=\"og:image:width\" content=\"600\" \/>\n\t<meta property=\"og:image:height\" content=\"600\" \/>\n\t<meta property=\"og:image:type\" content=\"image\/jpeg\" \/>\n<meta name=\"twitter:card\" content=\"summary_large_image\" \/>\n<script type=\"application\/ld+json\" class=\"yoast-schema-graph\">{\"@context\":\"https:\\\/\\\/schema.org\",\"@graph\":[{\"@type\":[\"WebPage\",\"ItemPage\"],\"@id\":\"https:\\\/\\\/vmsport.fi\\\/verkkokauppa\\\/varaosat\\\/kiekot-ja-navat\\\/etukiekot\\\/etukiekko-rs-171-clincher-disc-br-e-thru\\\/\",\"url\":\"https:\\\/\\\/vmsport.fi\\\/verkkokauppa\\\/varaosat\\\/kiekot-ja-navat\\\/etukiekot\\\/etukiekko-rs-171-clincher-disc-br-e-thru\\\/\",\"name\":\"Etukiekko RS-171 Clincher Disc Br E-thru - VM Sport\",\"isPartOf\":{\"@id\":\"https:\\\/\\\/vmsport.fi\\\/#website\"},\"primaryImageOfPage\":{\"@id\":\"https:\\\/\\\/vmsport.fi\\\/verkkokauppa\\\/varaosat\\\/kiekot-ja-navat\\\/etukiekot\\\/etukiekko-rs-171-clincher-disc-br-e-thru\\\/#primaryimage\"},\"image\":{\"@id\":\"https:\\\/\\\/vmsport.fi\\\/verkkokauppa\\\/varaosat\\\/kiekot-ja-navat\\\/etukiekot\\\/etukiekko-rs-171-clincher-disc-br-e-thru\\\/#primaryimage\"},\"thumbnailUrl\":\"https:\\\/\\\/vmsport.fi\\\/wp-content\\\/uploads\\\/2025\\\/03\\\/vrormFYC5Zsex8TkbUrsZjaXRIL9mgycU0006bK7kaAogEMrDs-1.jpg\",\"datePublished\":\"2025-03-05T22:11:58+00:00\",\"dateModified\":\"2026-01-16T11:26:07+00:00\",\"breadcrumb\":{\"@id\":\"https:\\\/\\\/vmsport.fi\\\/verkkokauppa\\\/varaosat\\\/kiekot-ja-navat\\\/etukiekot\\\/etukiekko-rs-171-clincher-disc-br-e-thru\\\/#breadcrumb\"},\"inLanguage\":\"sv-SE\",\"potentialAction\":[{\"@type\":\"ReadAction\",\"target\":[\"https:\\\/\\\/vmsport.fi\\\/verkkokauppa\\\/varaosat\\\/kiekot-ja-navat\\\/etukiekot\\\/etukiekko-rs-171-clincher-disc-br-e-thru\\\/\"]}]},{\"@type\":\"ImageObject\",\"inLanguage\":\"sv-SE\",\"@id\":\"https:\\\/\\\/vmsport.fi\\\/verkkokauppa\\\/varaosat\\\/kiekot-ja-navat\\\/etukiekot\\\/etukiekko-rs-171-clincher-disc-br-e-thru\\\/#primaryimage\",\"url\":\"https:\\\/\\\/vmsport.fi\\\/wp-content\\\/uploads\\\/2025\\\/03\\\/vrormFYC5Zsex8TkbUrsZjaXRIL9mgycU0006bK7kaAogEMrDs-1.jpg\",\"contentUrl\":\"https:\\\/\\\/vmsport.fi\\\/wp-content\\\/uploads\\\/2025\\\/03\\\/vrormFYC5Zsex8TkbUrsZjaXRIL9mgycU0006bK7kaAogEMrDs-1.jpg\",\"width\":600,\"height\":600,\"caption\":\"vrormFYC5Zsex8TkbUrsZjaXRIL9mgycU0006bK7kaAogEMrDs\"},{\"@type\":\"BreadcrumbList\",\"@id\":\"https:\\\/\\\/vmsport.fi\\\/verkkokauppa\\\/varaosat\\\/kiekot-ja-navat\\\/etukiekot\\\/etukiekko-rs-171-clincher-disc-br-e-thru\\\/#breadcrumb\",\"itemListElement\":[{\"@type\":\"ListItem\",\"position\":1,\"name\":\"Etusivu\",\"item\":\"https:\\\/\\\/vmsport.fi\\\/\"},{\"@type\":\"ListItem\",\"position\":2,\"name\":\"Online Store\",\"item\":\"https:\\\/\\\/vmsport.fi\\\/en\\\/online-store\\\/\"},{\"@type\":\"ListItem\",\"position\":3,\"name\":\"Etukiekko RS-171 Clincher Disc Br E-thru\"}]},{\"@type\":\"WebSite\",\"@id\":\"https:\\\/\\\/vmsport.fi\\\/#website\",\"url\":\"https:\\\/\\\/vmsport.fi\\\/\",\"name\":\"Vmsport\",\"description\":\"Kaikki py\u00f6r\u00e4ilyyn yhdest\u00e4 paikasta\",\"publisher\":{\"@id\":\"https:\\\/\\\/vmsport.fi\\\/#organization\"},\"potentialAction\":[{\"@type\":\"SearchAction\",\"target\":{\"@type\":\"EntryPoint\",\"urlTemplate\":\"https:\\\/\\\/vmsport.fi\\\/?s={search_term_string}\"},\"query-input\":{\"@type\":\"PropertyValueSpecification\",\"valueRequired\":true,\"valueName\":\"search_term_string\"}}],\"inLanguage\":\"sv-SE\"},{\"@type\":\"Organization\",\"@id\":\"https:\\\/\\\/vmsport.fi\\\/#organization\",\"name\":\"Vmsport\",\"url\":\"https:\\\/\\\/vmsport.fi\\\/\",\"logo\":{\"@type\":\"ImageObject\",\"inLanguage\":\"sv-SE\",\"@id\":\"https:\\\/\\\/vmsport.fi\\\/#\\\/schema\\\/logo\\\/image\\\/\",\"url\":\"https:\\\/\\\/vmsport.fi\\\/wp-content\\\/uploads\\\/2024\\\/12\\\/vm_sport_RGB_horisontal-e1734526017575.png\",\"contentUrl\":\"https:\\\/\\\/vmsport.fi\\\/wp-content\\\/uploads\\\/2024\\\/12\\\/vm_sport_RGB_horisontal-e1734526017575.png\",\"width\":668,\"height\":85,\"caption\":\"Vmsport\"},\"image\":{\"@id\":\"https:\\\/\\\/vmsport.fi\\\/#\\\/schema\\\/logo\\\/image\\\/\"},\"sameAs\":[\"https:\\\/\\\/www.facebook.com\\\/Vmsport.fi\\\/\",\"https:\\\/\\\/www.instagram.com\\\/vmsport\\\/\"]}]}<\/script>\n<!-- \/ Yoast SEO plugin. -->","yoast_head_json":{"title":"Hockey RS-171 Clincher Disc Br E-thru - VM Sport","robots":{"index":"index","follow":"follow","max-snippet":"max-snippet:-1","max-image-preview":"max-image-preview:large","max-video-preview":"max-video-preview:-1"},"canonical":"https:\/\/vmsport.fi\/sv\/webbutik\/reservdelar\/skivor-och-nav\/fram-falg\/snooker-hockey-rs-171-clincher-disc-br-e-thru\/","og_locale":"sv_SE","og_type":"article","og_title":"Etukiekko RS-171 Clincher Disc Br E-thru - VM Sport","og_description":"Etukiekko RS-171 tarjoaa erinomaisen suorituskyvyn nykyaikaiselle py\u00f6r\u00e4ilij\u00e4lle, joka arvostaa tehokkuutta ja kest\u00e4vyytt\u00e4. Kylkiprofiili varmistaa vakauden ja miellytt\u00e4v\u00e4n ajokokemuksen, mik\u00e4 on erityisen t\u00e4rke\u00e4\u00e4 pitkien matkojen aikana. Levyjarrutuki takaa tehokkaan jarrutuksen kaikissa s\u00e4\u00e4olosuhteissa. L\u00e4piakseleiden k\u00e4ytt\u00f6 parantaa py\u00f6r\u00e4n vakautta ja tekee huollosta ja asennuksesta vaivatonta. T\u00e4m\u00e4 etukiekko yhdist\u00e4\u00e4 keveyden ja kest\u00e4vyyden, mik\u00e4 tekee siit\u00e4 erinomaisen valinnan vaativaan k\u00e4ytt\u00f6\u00f6n, [...]L\u00e4s mer \u2026 from Etukiekko RS-171 Clincher Disc Br E-thru","og_url":"https:\/\/vmsport.fi\/sv\/webbutik\/reservdelar\/skivor-och-nav\/fram-falg\/snooker-hockey-rs-171-clincher-disc-br-e-thru\/","og_site_name":"VM Sport","article_publisher":"https:\/\/www.facebook.com\/Vmsport.fi\/","article_modified_time":"2026-01-16T11:26:07+00:00","og_image":[{"width":600,"height":600,"url":"https:\/\/vmsport.fi\/wp-content\/uploads\/2025\/03\/vrormFYC5Zsex8TkbUrsZjaXRIL9mgycU0006bK7kaAogEMrDs-1.jpg","type":"image\/jpeg"}],"twitter_card":"summary_large_image","schema":{"@context":"https:\/\/schema.org","@graph":[{"@type":["WebPage","ItemPage"],"@id":"https:\/\/vmsport.fi\/verkkokauppa\/varaosat\/kiekot-ja-navat\/etukiekot\/etukiekko-rs-171-clincher-disc-br-e-thru\/","url":"https:\/\/vmsport.fi\/verkkokauppa\/varaosat\/kiekot-ja-navat\/etukiekot\/etukiekko-rs-171-clincher-disc-br-e-thru\/","name":"Hockey RS-171 Clincher Disc Br E-thru - VM Sport","isPartOf":{"@id":"https:\/\/vmsport.fi\/#website"},"primaryImageOfPage":{"@id":"https:\/\/vmsport.fi\/verkkokauppa\/varaosat\/kiekot-ja-navat\/etukiekot\/etukiekko-rs-171-clincher-disc-br-e-thru\/#primaryimage"},"image":{"@id":"https:\/\/vmsport.fi\/verkkokauppa\/varaosat\/kiekot-ja-navat\/etukiekot\/etukiekko-rs-171-clincher-disc-br-e-thru\/#primaryimage"},"thumbnailUrl":"https:\/\/vmsport.fi\/wp-content\/uploads\/2025\/03\/vrormFYC5Zsex8TkbUrsZjaXRIL9mgycU0006bK7kaAogEMrDs-1.jpg","datePublished":"2025-03-05T22:11:58+00:00","dateModified":"2026-01-16T11:26:07+00:00","breadcrumb":{"@id":"https:\/\/vmsport.fi\/verkkokauppa\/varaosat\/kiekot-ja-navat\/etukiekot\/etukiekko-rs-171-clincher-disc-br-e-thru\/#breadcrumb"},"inLanguage":"sv-SE","potentialAction":[{"@type":"ReadAction","target":["https:\/\/vmsport.fi\/verkkokauppa\/varaosat\/kiekot-ja-navat\/etukiekot\/etukiekko-rs-171-clincher-disc-br-e-thru\/"]}]},{"@type":"ImageObject","inLanguage":"sv-SE","@id":"https:\/\/vmsport.fi\/verkkokauppa\/varaosat\/kiekot-ja-navat\/etukiekot\/etukiekko-rs-171-clincher-disc-br-e-thru\/#primaryimage","url":"https:\/\/vmsport.fi\/wp-content\/uploads\/2025\/03\/vrormFYC5Zsex8TkbUrsZjaXRIL9mgycU0006bK7kaAogEMrDs-1.jpg","contentUrl":"https:\/\/vmsport.fi\/wp-content\/uploads\/2025\/03\/vrormFYC5Zsex8TkbUrsZjaXRIL9mgycU0006bK7kaAogEMrDs-1.jpg","width":600,"height":600,"caption":"vrormFYC5Zsex8TkbUrsZjaXRIL9mgycU0006bK7kaAogEMrDs"},{"@type":"BreadcrumbList","@id":"https:\/\/vmsport.fi\/verkkokauppa\/varaosat\/kiekot-ja-navat\/etukiekot\/etukiekko-rs-171-clincher-disc-br-e-thru\/#breadcrumb","itemListElement":[{"@type":"ListItem","position":1,"name":"Etusivu","item":"https:\/\/vmsport.fi\/"},{"@type":"ListItem","position":2,"name":"Online Store","item":"https:\/\/vmsport.fi\/en\/online-store\/"},{"@type":"ListItem","position":3,"name":"Etukiekko RS-171 Clincher Disc Br E-thru"}]},{"@type":"WebSite","@id":"https:\/\/vmsport.fi\/#website","url":"https:\/\/vmsport.fi\/","name":"Vmsport","description":"Allt p\u00e5 ett st\u00e4lle f\u00f6r cykling","publisher":{"@id":"https:\/\/vmsport.fi\/#organization"},"potentialAction":[{"@type":"SearchAction","target":{"@type":"EntryPoint","urlTemplate":"https:\/\/vmsport.fi\/?s={search_term_string}"},"query-input":{"@type":"PropertyValueSpecification","valueRequired":true,"valueName":"search_term_string"}}],"inLanguage":"sv-SE"},{"@type":"Organization","@id":"https:\/\/vmsport.fi\/#organization","name":"Vmsport","url":"https:\/\/vmsport.fi\/","logo":{"@type":"ImageObject","inLanguage":"sv-SE","@id":"https:\/\/vmsport.fi\/#\/schema\/logo\/image\/","url":"https:\/\/vmsport.fi\/wp-content\/uploads\/2024\/12\/vm_sport_RGB_horisontal-e1734526017575.png","contentUrl":"https:\/\/vmsport.fi\/wp-content\/uploads\/2024\/12\/vm_sport_RGB_horisontal-e1734526017575.png","width":668,"height":85,"caption":"Vmsport"},"image":{"@id":"https:\/\/vmsport.fi\/#\/schema\/logo\/image\/"},"sameAs":["https:\/\/www.facebook.com\/Vmsport.fi\/","https:\/\/www.instagram.com\/vmsport\/"]}]}},"global_unique_id":"","_links":{"self":[{"href":"https:\/\/vmsport.fi\/sv\/wp-json\/wp\/v2\/product\/55785","targetHints":{"allow":["GET"]}}],"collection":[{"href":"https:\/\/vmsport.fi\/sv\/wp-json\/wp\/v2\/product"}],"about":[{"href":"https:\/\/vmsport.fi\/sv\/wp-json\/wp\/v2\/types\/product"}],"replies":[{"embeddable":true,"href":"https:\/\/vmsport.fi\/sv\/wp-json\/wp\/v2\/comments?post=55785"}],"wp:featuredmedia":[{"embeddable":true,"href":"https:\/\/vmsport.fi\/sv\/wp-json\/wp\/v2\/media\/55784"}],"wp:attachment":[{"href":"https:\/\/vmsport.fi\/sv\/wp-json\/wp\/v2\/media?parent=55785"}],"wp:term":[{"taxonomy":"product_brand","embeddable":true,"href":"https:\/\/vmsport.fi\/sv\/wp-json\/wp\/v2\/product_brand?post=55785"},{"taxonomy":"product_model","embeddable":true,"href":"https:\/\/vmsport.fi\/sv\/wp-json\/wp\/v2\/product_model?post=55785"},{"taxonomy":"product_cat","embeddable":true,"href":"https:\/\/vmsport.fi\/sv\/wp-json\/wp\/v2\/product_cat?post=55785"},{"taxonomy":"product_tag","embeddable":true,"href":"https:\/\/vmsport.fi\/sv\/wp-json\/wp\/v2\/product_tag?post=55785"},{"taxonomy":"industry_terminology","embeddable":true,"href":"https:\/\/vmsport.fi\/sv\/wp-json\/wp\/v2\/industry-terminology?post=55785"}],"curies":[{"name":"wp","href":"https:\/\/api.w.org\/{rel}","templated":true}]}}