{"id":55776,"date":"2025-03-06T00:11:46","date_gmt":"2025-03-05T22:11:46","guid":{"rendered":"https:\/\/vmsport.fi\/verkkokauppa\/Ei-luokiteltu\/ketjumitta-cc-4\/"},"modified":"2026-01-20T17:04:03","modified_gmt":"2026-01-20T15:04:03","slug":"kedja-skata-cc-4","status":"publish","type":"product","link":"https:\/\/vmsport.fi\/sv\/verkkokauppa\/tarvikkeet\/tyokalut\/multitool-tyokalut\/ketjumitta-cc-4\/","title":{"rendered":"CC-4 kedjev\u00e5g"},"content":{"rendered":"<p>CC-4 kedjem\u00e4tare \u00e4r ett praktiskt verktyg som \u00e4r s\u00e4rskilt utformat f\u00f6r att m\u00e4ta slitaget p\u00e5 en cykelkedja. Det g\u00f6r att du enkelt och exakt kan bed\u00f6ma kedjeslitaget, vilket \u00e4r viktigt f\u00f6r cykelunderh\u00e5llet. Den p\u00e5litliga kvaliteten hos varum\u00e4rket Park Tool s\u00e4kerst\u00e4ller att m\u00e4taren \u00e4r l\u00e5nglivad och t\u00e5l daglig anv\u00e4ndning. Med hj\u00e4lp av kedjegummit kan hjulet servas vid r\u00e4tt tidpunkt, vilket f\u00f6rl\u00e4nger livsl\u00e4ngden p\u00e5 b\u00e5de kedjan och kedjehjulen. Den enkla mekanismen g\u00f6r den till ett utm\u00e4rkt verktyg f\u00f6r vardagliga underh\u00e5llsuppgifter och ett viktigt tillskott till alla cykel\u00e4gares verktygsl\u00e5da.<\/p>","protected":false},"excerpt":{"rendered":"<p>Ketjumitta CC-4 on k\u00e4tev\u00e4 ty\u00f6kalu, joka on suunniteltu erityisesti polkupy\u00f6r\u00e4n ketjun kulumisen mittaamiseen. Sen avulla voi helposti ja tarkasti arvioida ketjun kuluneisuutta, mik\u00e4 on t\u00e4rke\u00e4\u00e4 py\u00f6r\u00e4n kunnossapidossa. Park Tool -merkin luotettava laatu takaa, ett\u00e4 mittari on pitk\u00e4ik\u00e4inen ja kest\u00e4\u00e4 p\u00e4ivitt\u00e4ist\u00e4 k\u00e4ytt\u00f6\u00e4. Ketjumitan avulla voidaan huoltaa py\u00f6r\u00e4\u00e4 juuri oikeaan aikaan, mik\u00e4 pident\u00e4\u00e4 sek\u00e4 ketjun ett\u00e4 hammasrattaiden [&#8230;]<\/p>\n<p><a class=\"btn btn-secondary understrap-read-more-link\" href=\"https:\/\/vmsport.fi\/sv\/verkkokauppa\/tarvikkeet\/tyokalut\/multitool-tyokalut\/ketjumitta-cc-4\/\">L\u00e4s mer \u2026<span class=\"screen-reader-text\"> from Ketjumitta CC-4<\/span><\/a><\/p>\n","protected":false},"featured_media":55775,"comment_status":"open","ping_status":"closed","template":"","meta":{"_acf_changed":false,"_improvement_type_select":"improve_an_existing","_thumb_yes_seoaic":false,"_frame_yes_seoaic":false,"seoaic_generate_description":"","seoaic_improve_instructions_prompt":"","seoaic_rollback_content_improvement":"","seoaic_idea_thumbnail_generator":"","thumbnail_generated":false,"thumbnail_generate_prompt":"","seoaic_article_description":"","_supplier_stock_quantity":0},"product_brand":[],"product_model":[],"product_cat":[9324],"product_tag":[],"industry-terminology":[],"class_list":{"0":"post-55776","1":"product","2":"type-product","3":"status-publish","4":"has-post-thumbnail","6":"product_cat-multitool-tyokalut","8":"first","9":"outofstock","10":"taxable","11":"shipping-taxable","12":"product-type-simple"},"acf":{"bike_features":null,"overview":{"copy_overview":null,"key_features":null,"statement":"","youtube_url":""}},"yoast_head":"<!-- This site is optimized with the Yoast SEO plugin v27.3 - https:\/\/yoast.com\/product\/yoast-seo-wordpress\/ -->\n<title>Ketjumitta CC-4 - VM Sport<\/title>\n<meta name=\"robots\" content=\"index, follow, max-snippet:-1, max-image-preview:large, max-video-preview:-1\" \/>\n<link rel=\"canonical\" href=\"https:\/\/vmsport.fi\/sv\/webbutik\/dack\/systerdack\/vag-och-grusdack-for-systrar\/kedja-skata-cc-4\/\" \/>\n<meta property=\"og:locale\" content=\"sv_SE\" \/>\n<meta property=\"og:type\" content=\"article\" \/>\n<meta property=\"og:title\" content=\"Ketjumitta CC-4 - VM Sport\" \/>\n<meta property=\"og:description\" content=\"Ketjumitta CC-4 on k\u00e4tev\u00e4 ty\u00f6kalu, joka on suunniteltu erityisesti polkupy\u00f6r\u00e4n ketjun kulumisen mittaamiseen. Sen avulla voi helposti ja tarkasti arvioida ketjun kuluneisuutta, mik\u00e4 on t\u00e4rke\u00e4\u00e4 py\u00f6r\u00e4n kunnossapidossa. Park Tool -merkin luotettava laatu takaa, ett\u00e4 mittari on pitk\u00e4ik\u00e4inen ja kest\u00e4\u00e4 p\u00e4ivitt\u00e4ist\u00e4 k\u00e4ytt\u00f6\u00e4. Ketjumitan avulla voidaan huoltaa py\u00f6r\u00e4\u00e4 juuri oikeaan aikaan, mik\u00e4 pident\u00e4\u00e4 sek\u00e4 ketjun ett\u00e4 hammasrattaiden [...]L\u00e4s mer \u2026 from Ketjumitta CC-4\" \/>\n<meta property=\"og:url\" content=\"https:\/\/vmsport.fi\/sv\/webbutik\/dack\/systerdack\/vag-och-grusdack-for-systrar\/kedja-skata-cc-4\/\" \/>\n<meta property=\"og:site_name\" content=\"VM Sport\" \/>\n<meta property=\"article:publisher\" content=\"https:\/\/www.facebook.com\/Vmsport.fi\/\" \/>\n<meta property=\"article:modified_time\" content=\"2026-01-20T15:04:03+00:00\" \/>\n<meta property=\"og:image\" content=\"https:\/\/vmsport.fi\/wp-content\/uploads\/2025\/03\/m6duGBgrFWHlDU8QqJx2jEujQwK5T9lbWTCJEGje2qSgu0O7ir-1.jpg\" \/>\n\t<meta property=\"og:image:width\" content=\"600\" \/>\n\t<meta property=\"og:image:height\" content=\"600\" \/>\n\t<meta property=\"og:image:type\" content=\"image\/jpeg\" \/>\n<meta name=\"twitter:card\" content=\"summary_large_image\" \/>\n<script type=\"application\/ld+json\" class=\"yoast-schema-graph\">{\"@context\":\"https:\\\/\\\/schema.org\",\"@graph\":[{\"@type\":[\"WebPage\",\"ItemPage\"],\"@id\":\"https:\\\/\\\/vmsport.fi\\\/verkkokauppa\\\/renkaat\\\/sisarenkaat\\\/maantie-ja-gravel-sisarenkaat\\\/ketjumitta-cc-4\\\/\",\"url\":\"https:\\\/\\\/vmsport.fi\\\/verkkokauppa\\\/renkaat\\\/sisarenkaat\\\/maantie-ja-gravel-sisarenkaat\\\/ketjumitta-cc-4\\\/\",\"name\":\"Ketjumitta CC-4 - VM Sport\",\"isPartOf\":{\"@id\":\"https:\\\/\\\/vmsport.fi\\\/#website\"},\"primaryImageOfPage\":{\"@id\":\"https:\\\/\\\/vmsport.fi\\\/verkkokauppa\\\/renkaat\\\/sisarenkaat\\\/maantie-ja-gravel-sisarenkaat\\\/ketjumitta-cc-4\\\/#primaryimage\"},\"image\":{\"@id\":\"https:\\\/\\\/vmsport.fi\\\/verkkokauppa\\\/renkaat\\\/sisarenkaat\\\/maantie-ja-gravel-sisarenkaat\\\/ketjumitta-cc-4\\\/#primaryimage\"},\"thumbnailUrl\":\"https:\\\/\\\/vmsport.fi\\\/wp-content\\\/uploads\\\/2025\\\/03\\\/m6duGBgrFWHlDU8QqJx2jEujQwK5T9lbWTCJEGje2qSgu0O7ir-1.jpg\",\"datePublished\":\"2025-03-05T22:11:46+00:00\",\"dateModified\":\"2026-01-20T15:04:03+00:00\",\"breadcrumb\":{\"@id\":\"https:\\\/\\\/vmsport.fi\\\/verkkokauppa\\\/renkaat\\\/sisarenkaat\\\/maantie-ja-gravel-sisarenkaat\\\/ketjumitta-cc-4\\\/#breadcrumb\"},\"inLanguage\":\"sv-SE\",\"potentialAction\":[{\"@type\":\"ReadAction\",\"target\":[\"https:\\\/\\\/vmsport.fi\\\/verkkokauppa\\\/renkaat\\\/sisarenkaat\\\/maantie-ja-gravel-sisarenkaat\\\/ketjumitta-cc-4\\\/\"]}]},{\"@type\":\"ImageObject\",\"inLanguage\":\"sv-SE\",\"@id\":\"https:\\\/\\\/vmsport.fi\\\/verkkokauppa\\\/renkaat\\\/sisarenkaat\\\/maantie-ja-gravel-sisarenkaat\\\/ketjumitta-cc-4\\\/#primaryimage\",\"url\":\"https:\\\/\\\/vmsport.fi\\\/wp-content\\\/uploads\\\/2025\\\/03\\\/m6duGBgrFWHlDU8QqJx2jEujQwK5T9lbWTCJEGje2qSgu0O7ir-1.jpg\",\"contentUrl\":\"https:\\\/\\\/vmsport.fi\\\/wp-content\\\/uploads\\\/2025\\\/03\\\/m6duGBgrFWHlDU8QqJx2jEujQwK5T9lbWTCJEGje2qSgu0O7ir-1.jpg\",\"width\":600,\"height\":600,\"caption\":\"m6duGBgrFWHlDU8QqJx2jEujQwK5T9lbWTCJEGje2qSgu0O7ir\"},{\"@type\":\"BreadcrumbList\",\"@id\":\"https:\\\/\\\/vmsport.fi\\\/verkkokauppa\\\/renkaat\\\/sisarenkaat\\\/maantie-ja-gravel-sisarenkaat\\\/ketjumitta-cc-4\\\/#breadcrumb\",\"itemListElement\":[{\"@type\":\"ListItem\",\"position\":1,\"name\":\"Etusivu\",\"item\":\"https:\\\/\\\/vmsport.fi\\\/\"},{\"@type\":\"ListItem\",\"position\":2,\"name\":\"Online Store\",\"item\":\"https:\\\/\\\/vmsport.fi\\\/en\\\/online-store\\\/\"},{\"@type\":\"ListItem\",\"position\":3,\"name\":\"Ketjumitta CC-4\"}]},{\"@type\":\"WebSite\",\"@id\":\"https:\\\/\\\/vmsport.fi\\\/#website\",\"url\":\"https:\\\/\\\/vmsport.fi\\\/\",\"name\":\"Vmsport\",\"description\":\"Kaikki py\u00f6r\u00e4ilyyn yhdest\u00e4 paikasta\",\"publisher\":{\"@id\":\"https:\\\/\\\/vmsport.fi\\\/#organization\"},\"potentialAction\":[{\"@type\":\"SearchAction\",\"target\":{\"@type\":\"EntryPoint\",\"urlTemplate\":\"https:\\\/\\\/vmsport.fi\\\/?s={search_term_string}\"},\"query-input\":{\"@type\":\"PropertyValueSpecification\",\"valueRequired\":true,\"valueName\":\"search_term_string\"}}],\"inLanguage\":\"sv-SE\"},{\"@type\":\"Organization\",\"@id\":\"https:\\\/\\\/vmsport.fi\\\/#organization\",\"name\":\"Vmsport\",\"url\":\"https:\\\/\\\/vmsport.fi\\\/\",\"logo\":{\"@type\":\"ImageObject\",\"inLanguage\":\"sv-SE\",\"@id\":\"https:\\\/\\\/vmsport.fi\\\/#\\\/schema\\\/logo\\\/image\\\/\",\"url\":\"https:\\\/\\\/vmsport.fi\\\/wp-content\\\/uploads\\\/2024\\\/12\\\/vm_sport_RGB_horisontal-e1734526017575.png\",\"contentUrl\":\"https:\\\/\\\/vmsport.fi\\\/wp-content\\\/uploads\\\/2024\\\/12\\\/vm_sport_RGB_horisontal-e1734526017575.png\",\"width\":668,\"height\":85,\"caption\":\"Vmsport\"},\"image\":{\"@id\":\"https:\\\/\\\/vmsport.fi\\\/#\\\/schema\\\/logo\\\/image\\\/\"},\"sameAs\":[\"https:\\\/\\\/www.facebook.com\\\/Vmsport.fi\\\/\",\"https:\\\/\\\/www.instagram.com\\\/vmsport\\\/\"]}]}<\/script>\n<!-- \/ Yoast SEO plugin. -->","yoast_head_json":{"title":"CC-4 kedjedelning - VM Sport","robots":{"index":"index","follow":"follow","max-snippet":"max-snippet:-1","max-image-preview":"max-image-preview:large","max-video-preview":"max-video-preview:-1"},"canonical":"https:\/\/vmsport.fi\/sv\/webbutik\/dack\/systerdack\/vag-och-grusdack-for-systrar\/kedja-skata-cc-4\/","og_locale":"sv_SE","og_type":"article","og_title":"Ketjumitta CC-4 - VM Sport","og_description":"Ketjumitta CC-4 on k\u00e4tev\u00e4 ty\u00f6kalu, joka on suunniteltu erityisesti polkupy\u00f6r\u00e4n ketjun kulumisen mittaamiseen. Sen avulla voi helposti ja tarkasti arvioida ketjun kuluneisuutta, mik\u00e4 on t\u00e4rke\u00e4\u00e4 py\u00f6r\u00e4n kunnossapidossa. Park Tool -merkin luotettava laatu takaa, ett\u00e4 mittari on pitk\u00e4ik\u00e4inen ja kest\u00e4\u00e4 p\u00e4ivitt\u00e4ist\u00e4 k\u00e4ytt\u00f6\u00e4. Ketjumitan avulla voidaan huoltaa py\u00f6r\u00e4\u00e4 juuri oikeaan aikaan, mik\u00e4 pident\u00e4\u00e4 sek\u00e4 ketjun ett\u00e4 hammasrattaiden [...]L\u00e4s mer \u2026 from Ketjumitta CC-4","og_url":"https:\/\/vmsport.fi\/sv\/webbutik\/dack\/systerdack\/vag-och-grusdack-for-systrar\/kedja-skata-cc-4\/","og_site_name":"VM Sport","article_publisher":"https:\/\/www.facebook.com\/Vmsport.fi\/","article_modified_time":"2026-01-20T15:04:03+00:00","og_image":[{"width":600,"height":600,"url":"https:\/\/vmsport.fi\/wp-content\/uploads\/2025\/03\/m6duGBgrFWHlDU8QqJx2jEujQwK5T9lbWTCJEGje2qSgu0O7ir-1.jpg","type":"image\/jpeg"}],"twitter_card":"summary_large_image","schema":{"@context":"https:\/\/schema.org","@graph":[{"@type":["WebPage","ItemPage"],"@id":"https:\/\/vmsport.fi\/verkkokauppa\/renkaat\/sisarenkaat\/maantie-ja-gravel-sisarenkaat\/ketjumitta-cc-4\/","url":"https:\/\/vmsport.fi\/verkkokauppa\/renkaat\/sisarenkaat\/maantie-ja-gravel-sisarenkaat\/ketjumitta-cc-4\/","name":"CC-4 kedjedelning - VM Sport","isPartOf":{"@id":"https:\/\/vmsport.fi\/#website"},"primaryImageOfPage":{"@id":"https:\/\/vmsport.fi\/verkkokauppa\/renkaat\/sisarenkaat\/maantie-ja-gravel-sisarenkaat\/ketjumitta-cc-4\/#primaryimage"},"image":{"@id":"https:\/\/vmsport.fi\/verkkokauppa\/renkaat\/sisarenkaat\/maantie-ja-gravel-sisarenkaat\/ketjumitta-cc-4\/#primaryimage"},"thumbnailUrl":"https:\/\/vmsport.fi\/wp-content\/uploads\/2025\/03\/m6duGBgrFWHlDU8QqJx2jEujQwK5T9lbWTCJEGje2qSgu0O7ir-1.jpg","datePublished":"2025-03-05T22:11:46+00:00","dateModified":"2026-01-20T15:04:03+00:00","breadcrumb":{"@id":"https:\/\/vmsport.fi\/verkkokauppa\/renkaat\/sisarenkaat\/maantie-ja-gravel-sisarenkaat\/ketjumitta-cc-4\/#breadcrumb"},"inLanguage":"sv-SE","potentialAction":[{"@type":"ReadAction","target":["https:\/\/vmsport.fi\/verkkokauppa\/renkaat\/sisarenkaat\/maantie-ja-gravel-sisarenkaat\/ketjumitta-cc-4\/"]}]},{"@type":"ImageObject","inLanguage":"sv-SE","@id":"https:\/\/vmsport.fi\/verkkokauppa\/renkaat\/sisarenkaat\/maantie-ja-gravel-sisarenkaat\/ketjumitta-cc-4\/#primaryimage","url":"https:\/\/vmsport.fi\/wp-content\/uploads\/2025\/03\/m6duGBgrFWHlDU8QqJx2jEujQwK5T9lbWTCJEGje2qSgu0O7ir-1.jpg","contentUrl":"https:\/\/vmsport.fi\/wp-content\/uploads\/2025\/03\/m6duGBgrFWHlDU8QqJx2jEujQwK5T9lbWTCJEGje2qSgu0O7ir-1.jpg","width":600,"height":600,"caption":"m6duGBgrFWHlDU8QqJx2jEujQwK5T9lbWTCJEGje2qSgu0O7ir"},{"@type":"BreadcrumbList","@id":"https:\/\/vmsport.fi\/verkkokauppa\/renkaat\/sisarenkaat\/maantie-ja-gravel-sisarenkaat\/ketjumitta-cc-4\/#breadcrumb","itemListElement":[{"@type":"ListItem","position":1,"name":"Etusivu","item":"https:\/\/vmsport.fi\/"},{"@type":"ListItem","position":2,"name":"Online Store","item":"https:\/\/vmsport.fi\/en\/online-store\/"},{"@type":"ListItem","position":3,"name":"Ketjumitta CC-4"}]},{"@type":"WebSite","@id":"https:\/\/vmsport.fi\/#website","url":"https:\/\/vmsport.fi\/","name":"Vmsport","description":"Allt p\u00e5 ett st\u00e4lle f\u00f6r cykling","publisher":{"@id":"https:\/\/vmsport.fi\/#organization"},"potentialAction":[{"@type":"SearchAction","target":{"@type":"EntryPoint","urlTemplate":"https:\/\/vmsport.fi\/?s={search_term_string}"},"query-input":{"@type":"PropertyValueSpecification","valueRequired":true,"valueName":"search_term_string"}}],"inLanguage":"sv-SE"},{"@type":"Organization","@id":"https:\/\/vmsport.fi\/#organization","name":"Vmsport","url":"https:\/\/vmsport.fi\/","logo":{"@type":"ImageObject","inLanguage":"sv-SE","@id":"https:\/\/vmsport.fi\/#\/schema\/logo\/image\/","url":"https:\/\/vmsport.fi\/wp-content\/uploads\/2024\/12\/vm_sport_RGB_horisontal-e1734526017575.png","contentUrl":"https:\/\/vmsport.fi\/wp-content\/uploads\/2024\/12\/vm_sport_RGB_horisontal-e1734526017575.png","width":668,"height":85,"caption":"Vmsport"},"image":{"@id":"https:\/\/vmsport.fi\/#\/schema\/logo\/image\/"},"sameAs":["https:\/\/www.facebook.com\/Vmsport.fi\/","https:\/\/www.instagram.com\/vmsport\/"]}]}},"global_unique_id":"","_links":{"self":[{"href":"https:\/\/vmsport.fi\/sv\/wp-json\/wp\/v2\/product\/55776","targetHints":{"allow":["GET"]}}],"collection":[{"href":"https:\/\/vmsport.fi\/sv\/wp-json\/wp\/v2\/product"}],"about":[{"href":"https:\/\/vmsport.fi\/sv\/wp-json\/wp\/v2\/types\/product"}],"replies":[{"embeddable":true,"href":"https:\/\/vmsport.fi\/sv\/wp-json\/wp\/v2\/comments?post=55776"}],"wp:featuredmedia":[{"embeddable":true,"href":"https:\/\/vmsport.fi\/sv\/wp-json\/wp\/v2\/media\/55775"}],"wp:attachment":[{"href":"https:\/\/vmsport.fi\/sv\/wp-json\/wp\/v2\/media?parent=55776"}],"wp:term":[{"taxonomy":"product_brand","embeddable":true,"href":"https:\/\/vmsport.fi\/sv\/wp-json\/wp\/v2\/product_brand?post=55776"},{"taxonomy":"product_model","embeddable":true,"href":"https:\/\/vmsport.fi\/sv\/wp-json\/wp\/v2\/product_model?post=55776"},{"taxonomy":"product_cat","embeddable":true,"href":"https:\/\/vmsport.fi\/sv\/wp-json\/wp\/v2\/product_cat?post=55776"},{"taxonomy":"product_tag","embeddable":true,"href":"https:\/\/vmsport.fi\/sv\/wp-json\/wp\/v2\/product_tag?post=55776"},{"taxonomy":"industry_terminology","embeddable":true,"href":"https:\/\/vmsport.fi\/sv\/wp-json\/wp\/v2\/industry-terminology?post=55776"}],"curies":[{"name":"wp","href":"https:\/\/api.w.org\/{rel}","templated":true}]}}