{"id":55765,"date":"2025-03-06T00:11:42","date_gmt":"2025-03-05T22:11:42","guid":{"rendered":"https:\/\/vmsport.fi\/verkkokauppa\/Ei-luokiteltu\/kasetinrunko-fh-rm35-prikalla\/"},"modified":"2026-04-22T15:02:06","modified_gmt":"2026-04-22T12:02:06","slug":"patronhus-fh-rm35-med-prika","status":"publish","type":"product","link":"https:\/\/vmsport.fi\/sv\/verkkokauppa\/varaosat\/kiekot-ja-navat\/vapaarattaat\/kasetinrunko-fh-rm35-prikalla\/","title":{"rendered":"FH-RM35 kassettram med prika"},"content":{"rendered":"<p>FH-RM35 kassettcentrum \u00e4r en Shimano-komponent som \u00e4r utformad f\u00f6r att f\u00f6rb\u00e4ttra cykelns smidighet och effektivitet. Den h\u00e4r komponenten \u00e4r s\u00e4rskilt utformad f\u00f6r m\u00e5ngsidiga cyklister f\u00f6r att g\u00f6ra cykelupplevelsen roligare. Dess design har konstruerats f\u00f6r att maximera h\u00e5llbarhet och tillf\u00f6rlitlighet under alla k\u00f6rf\u00f6rh\u00e5llanden. Kassettcentrumet \u00e4r tillverkat av h\u00f6gkvalitativa material och fungerar optimalt \u00e4ven i kr\u00e4vande milj\u00f6er. Tack vare sin innovativa teknik \u00e4r den kompatibel med ett brett utbud av cykelmodeller, vilket g\u00f6r den till ett utm\u00e4rkt val f\u00f6r alla cyklister.<\/p>","protected":false},"excerpt":{"rendered":"<p>Kasettikeski\u00f6 FH-RM35 on Shimanon valmistama komponentti, joka on suunniteltu parantamaan py\u00f6r\u00e4ilyn sujuvuutta ja tehokkuutta. T\u00e4m\u00e4 osa on suunniteltu erityisesti monipuolisille ajajille, jotta py\u00f6r\u00e4ilykokemus olisi entist\u00e4 nautinnollisempi. Sen rakenteen ansiosta kest\u00e4vyytt\u00e4 ja luotettavuutta on pyritty maksimoimaan kaikissa ajo-olosuhteissa. Hy\u00f6dynt\u00e4m\u00e4ll\u00e4 laadukkaita materiaaleja t\u00e4m\u00e4 kasettikeski\u00f6 toimii optimaalisesti vaativissakin ymp\u00e4rist\u00f6iss\u00e4. Innovatiivisen teknologiansa ansiosta se sopii yhteen useiden erilaisten py\u00f6r\u00e4mallien [&#8230;]<\/p>\n<p><a class=\"btn btn-secondary understrap-read-more-link\" href=\"https:\/\/vmsport.fi\/sv\/verkkokauppa\/varaosat\/kiekot-ja-navat\/vapaarattaat\/kasetinrunko-fh-rm35-prikalla\/\">L\u00e4s mer \u2026<span class=\"screen-reader-text\"> from Kasetinrunko FH-RM35 prikalla<\/span><\/a><\/p>\n","protected":false},"featured_media":55764,"comment_status":"open","ping_status":"closed","template":"","meta":{"_acf_changed":false,"_improvement_type_select":"improve_an_existing","_thumb_yes_seoaic":false,"_frame_yes_seoaic":false,"seoaic_generate_description":"","seoaic_improve_instructions_prompt":"","seoaic_rollback_content_improvement":"","seoaic_idea_thumbnail_generator":"","thumbnail_generated":false,"thumbnail_generate_prompt":"","seoaic_article_description":"","_supplier_stock_quantity":0},"product_brand":[],"product_model":[],"product_cat":[9472],"product_tag":[],"industry-terminology":[],"class_list":{"0":"post-55765","1":"product","2":"type-product","3":"status-publish","4":"has-post-thumbnail","6":"product_cat-vapaarattaat","8":"first","9":"instock","10":"taxable","11":"shipping-taxable","12":"purchasable","13":"product-type-simple"},"acf":{"bike_features":null,"overview":{"copy_overview":null,"key_features":null,"statement":"","youtube_url":""}},"yoast_head":"<!-- This site is optimized with the Yoast SEO plugin v27.4 - https:\/\/yoast.com\/product\/yoast-seo-wordpress\/ -->\n<title>Kasetinrunko FH-RM35 prikalla - VM Sport<\/title>\n<meta name=\"robots\" content=\"index, follow, max-snippet:-1, max-image-preview:large, max-video-preview:-1\" \/>\n<link rel=\"canonical\" href=\"https:\/\/vmsport.fi\/sv\/webbutik\/reservdelar\/skivor-och-nav\/frihjul\/patronhus-fh-rm35-med-prika\/\" \/>\n<meta property=\"og:locale\" content=\"sv_SE\" \/>\n<meta property=\"og:type\" content=\"article\" \/>\n<meta property=\"og:title\" content=\"Kasetinrunko FH-RM35 prikalla - VM Sport\" \/>\n<meta property=\"og:description\" content=\"Kasettikeski\u00f6 FH-RM35 on Shimanon valmistama komponentti, joka on suunniteltu parantamaan py\u00f6r\u00e4ilyn sujuvuutta ja tehokkuutta. T\u00e4m\u00e4 osa on suunniteltu erityisesti monipuolisille ajajille, jotta py\u00f6r\u00e4ilykokemus olisi entist\u00e4 nautinnollisempi. Sen rakenteen ansiosta kest\u00e4vyytt\u00e4 ja luotettavuutta on pyritty maksimoimaan kaikissa ajo-olosuhteissa. Hy\u00f6dynt\u00e4m\u00e4ll\u00e4 laadukkaita materiaaleja t\u00e4m\u00e4 kasettikeski\u00f6 toimii optimaalisesti vaativissakin ymp\u00e4rist\u00f6iss\u00e4. Innovatiivisen teknologiansa ansiosta se sopii yhteen useiden erilaisten py\u00f6r\u00e4mallien [...]L\u00e4s mer \u2026 from Kasetinrunko FH-RM35 prikalla\" \/>\n<meta property=\"og:url\" content=\"https:\/\/vmsport.fi\/sv\/webbutik\/reservdelar\/skivor-och-nav\/frihjul\/patronhus-fh-rm35-med-prika\/\" \/>\n<meta property=\"og:site_name\" content=\"VM Sport\" \/>\n<meta property=\"article:publisher\" content=\"https:\/\/www.facebook.com\/Vmsport.fi\/\" \/>\n<meta property=\"article:modified_time\" content=\"2026-04-22T12:02:06+00:00\" \/>\n<meta property=\"og:image\" content=\"https:\/\/vmsport.fi\/wp-content\/uploads\/2025\/03\/YbEAbcP31J0O2zLE57Dwv30pnfFZC8aOXrYxcljmyAUjiyK0HZ-1.jpg\" \/>\n\t<meta property=\"og:image:width\" content=\"600\" \/>\n\t<meta property=\"og:image:height\" content=\"600\" \/>\n\t<meta property=\"og:image:type\" content=\"image\/jpeg\" \/>\n<meta name=\"twitter:card\" content=\"summary_large_image\" \/>\n<script type=\"application\/ld+json\" class=\"yoast-schema-graph\">{\"@context\":\"https:\\\/\\\/schema.org\",\"@graph\":[{\"@type\":[\"WebPage\",\"ItemPage\"],\"@id\":\"https:\\\/\\\/vmsport.fi\\\/verkkokauppa\\\/varaosat\\\/kiekot-ja-navat\\\/vapaarattaat\\\/kasetinrunko-fh-rm35-prikalla\\\/\",\"url\":\"https:\\\/\\\/vmsport.fi\\\/verkkokauppa\\\/varaosat\\\/kiekot-ja-navat\\\/vapaarattaat\\\/kasetinrunko-fh-rm35-prikalla\\\/\",\"name\":\"Kasetinrunko FH-RM35 prikalla - VM Sport\",\"isPartOf\":{\"@id\":\"https:\\\/\\\/vmsport.fi\\\/#website\"},\"primaryImageOfPage\":{\"@id\":\"https:\\\/\\\/vmsport.fi\\\/verkkokauppa\\\/varaosat\\\/kiekot-ja-navat\\\/vapaarattaat\\\/kasetinrunko-fh-rm35-prikalla\\\/#primaryimage\"},\"image\":{\"@id\":\"https:\\\/\\\/vmsport.fi\\\/verkkokauppa\\\/varaosat\\\/kiekot-ja-navat\\\/vapaarattaat\\\/kasetinrunko-fh-rm35-prikalla\\\/#primaryimage\"},\"thumbnailUrl\":\"https:\\\/\\\/vmsport.fi\\\/wp-content\\\/uploads\\\/2025\\\/03\\\/YbEAbcP31J0O2zLE57Dwv30pnfFZC8aOXrYxcljmyAUjiyK0HZ-1.jpg\",\"datePublished\":\"2025-03-05T22:11:42+00:00\",\"dateModified\":\"2026-04-22T12:02:06+00:00\",\"breadcrumb\":{\"@id\":\"https:\\\/\\\/vmsport.fi\\\/verkkokauppa\\\/varaosat\\\/kiekot-ja-navat\\\/vapaarattaat\\\/kasetinrunko-fh-rm35-prikalla\\\/#breadcrumb\"},\"inLanguage\":\"sv-SE\",\"potentialAction\":[{\"@type\":\"ReadAction\",\"target\":[\"https:\\\/\\\/vmsport.fi\\\/verkkokauppa\\\/varaosat\\\/kiekot-ja-navat\\\/vapaarattaat\\\/kasetinrunko-fh-rm35-prikalla\\\/\"]}]},{\"@type\":\"ImageObject\",\"inLanguage\":\"sv-SE\",\"@id\":\"https:\\\/\\\/vmsport.fi\\\/verkkokauppa\\\/varaosat\\\/kiekot-ja-navat\\\/vapaarattaat\\\/kasetinrunko-fh-rm35-prikalla\\\/#primaryimage\",\"url\":\"https:\\\/\\\/vmsport.fi\\\/wp-content\\\/uploads\\\/2025\\\/03\\\/YbEAbcP31J0O2zLE57Dwv30pnfFZC8aOXrYxcljmyAUjiyK0HZ-1.jpg\",\"contentUrl\":\"https:\\\/\\\/vmsport.fi\\\/wp-content\\\/uploads\\\/2025\\\/03\\\/YbEAbcP31J0O2zLE57Dwv30pnfFZC8aOXrYxcljmyAUjiyK0HZ-1.jpg\",\"width\":600,\"height\":600,\"caption\":\"YbEAbcP31J0O2zLE57Dwv30pnfFZC8aOXrYxcljmyAUjiyK0HZ\"},{\"@type\":\"BreadcrumbList\",\"@id\":\"https:\\\/\\\/vmsport.fi\\\/verkkokauppa\\\/varaosat\\\/kiekot-ja-navat\\\/vapaarattaat\\\/kasetinrunko-fh-rm35-prikalla\\\/#breadcrumb\",\"itemListElement\":[{\"@type\":\"ListItem\",\"position\":1,\"name\":\"Etusivu\",\"item\":\"https:\\\/\\\/vmsport.fi\\\/\"},{\"@type\":\"ListItem\",\"position\":2,\"name\":\"Online Store\",\"item\":\"https:\\\/\\\/vmsport.fi\\\/en\\\/online-store\\\/\"},{\"@type\":\"ListItem\",\"position\":3,\"name\":\"Kasetinrunko FH-RM35 prikalla\"}]},{\"@type\":\"WebSite\",\"@id\":\"https:\\\/\\\/vmsport.fi\\\/#website\",\"url\":\"https:\\\/\\\/vmsport.fi\\\/\",\"name\":\"Vmsport\",\"description\":\"Kaikki py\u00f6r\u00e4ilyyn yhdest\u00e4 paikasta\",\"publisher\":{\"@id\":\"https:\\\/\\\/vmsport.fi\\\/#organization\"},\"potentialAction\":[{\"@type\":\"SearchAction\",\"target\":{\"@type\":\"EntryPoint\",\"urlTemplate\":\"https:\\\/\\\/vmsport.fi\\\/?s={search_term_string}\"},\"query-input\":{\"@type\":\"PropertyValueSpecification\",\"valueRequired\":true,\"valueName\":\"search_term_string\"}}],\"inLanguage\":\"sv-SE\"},{\"@type\":\"Organization\",\"@id\":\"https:\\\/\\\/vmsport.fi\\\/#organization\",\"name\":\"Vmsport\",\"url\":\"https:\\\/\\\/vmsport.fi\\\/\",\"logo\":{\"@type\":\"ImageObject\",\"inLanguage\":\"sv-SE\",\"@id\":\"https:\\\/\\\/vmsport.fi\\\/#\\\/schema\\\/logo\\\/image\\\/\",\"url\":\"https:\\\/\\\/vmsport.fi\\\/wp-content\\\/uploads\\\/2024\\\/12\\\/vm_sport_RGB_horisontal-e1734526017575.png\",\"contentUrl\":\"https:\\\/\\\/vmsport.fi\\\/wp-content\\\/uploads\\\/2024\\\/12\\\/vm_sport_RGB_horisontal-e1734526017575.png\",\"width\":668,\"height\":85,\"caption\":\"Vmsport\"},\"image\":{\"@id\":\"https:\\\/\\\/vmsport.fi\\\/#\\\/schema\\\/logo\\\/image\\\/\"},\"sameAs\":[\"https:\\\/\\\/www.facebook.com\\\/Vmsport.fi\\\/\",\"https:\\\/\\\/www.instagram.com\\\/vmsport\\\/\"]}]}<\/script>\n<!-- \/ Yoast SEO plugin. -->","yoast_head_json":{"title":"FH-RM35 kassettram med prika - VM Sport","robots":{"index":"index","follow":"follow","max-snippet":"max-snippet:-1","max-image-preview":"max-image-preview:large","max-video-preview":"max-video-preview:-1"},"canonical":"https:\/\/vmsport.fi\/sv\/webbutik\/reservdelar\/skivor-och-nav\/frihjul\/patronhus-fh-rm35-med-prika\/","og_locale":"sv_SE","og_type":"article","og_title":"Kasetinrunko FH-RM35 prikalla - VM Sport","og_description":"Kasettikeski\u00f6 FH-RM35 on Shimanon valmistama komponentti, joka on suunniteltu parantamaan py\u00f6r\u00e4ilyn sujuvuutta ja tehokkuutta. T\u00e4m\u00e4 osa on suunniteltu erityisesti monipuolisille ajajille, jotta py\u00f6r\u00e4ilykokemus olisi entist\u00e4 nautinnollisempi. Sen rakenteen ansiosta kest\u00e4vyytt\u00e4 ja luotettavuutta on pyritty maksimoimaan kaikissa ajo-olosuhteissa. Hy\u00f6dynt\u00e4m\u00e4ll\u00e4 laadukkaita materiaaleja t\u00e4m\u00e4 kasettikeski\u00f6 toimii optimaalisesti vaativissakin ymp\u00e4rist\u00f6iss\u00e4. Innovatiivisen teknologiansa ansiosta se sopii yhteen useiden erilaisten py\u00f6r\u00e4mallien [...]L\u00e4s mer \u2026 from Kasetinrunko FH-RM35 prikalla","og_url":"https:\/\/vmsport.fi\/sv\/webbutik\/reservdelar\/skivor-och-nav\/frihjul\/patronhus-fh-rm35-med-prika\/","og_site_name":"VM Sport","article_publisher":"https:\/\/www.facebook.com\/Vmsport.fi\/","article_modified_time":"2026-04-22T12:02:06+00:00","og_image":[{"width":600,"height":600,"url":"https:\/\/vmsport.fi\/wp-content\/uploads\/2025\/03\/YbEAbcP31J0O2zLE57Dwv30pnfFZC8aOXrYxcljmyAUjiyK0HZ-1.jpg","type":"image\/jpeg"}],"twitter_card":"summary_large_image","schema":{"@context":"https:\/\/schema.org","@graph":[{"@type":["WebPage","ItemPage"],"@id":"https:\/\/vmsport.fi\/verkkokauppa\/varaosat\/kiekot-ja-navat\/vapaarattaat\/kasetinrunko-fh-rm35-prikalla\/","url":"https:\/\/vmsport.fi\/verkkokauppa\/varaosat\/kiekot-ja-navat\/vapaarattaat\/kasetinrunko-fh-rm35-prikalla\/","name":"FH-RM35 kassettram med prika - VM Sport","isPartOf":{"@id":"https:\/\/vmsport.fi\/#website"},"primaryImageOfPage":{"@id":"https:\/\/vmsport.fi\/verkkokauppa\/varaosat\/kiekot-ja-navat\/vapaarattaat\/kasetinrunko-fh-rm35-prikalla\/#primaryimage"},"image":{"@id":"https:\/\/vmsport.fi\/verkkokauppa\/varaosat\/kiekot-ja-navat\/vapaarattaat\/kasetinrunko-fh-rm35-prikalla\/#primaryimage"},"thumbnailUrl":"https:\/\/vmsport.fi\/wp-content\/uploads\/2025\/03\/YbEAbcP31J0O2zLE57Dwv30pnfFZC8aOXrYxcljmyAUjiyK0HZ-1.jpg","datePublished":"2025-03-05T22:11:42+00:00","dateModified":"2026-04-22T12:02:06+00:00","breadcrumb":{"@id":"https:\/\/vmsport.fi\/verkkokauppa\/varaosat\/kiekot-ja-navat\/vapaarattaat\/kasetinrunko-fh-rm35-prikalla\/#breadcrumb"},"inLanguage":"sv-SE","potentialAction":[{"@type":"ReadAction","target":["https:\/\/vmsport.fi\/verkkokauppa\/varaosat\/kiekot-ja-navat\/vapaarattaat\/kasetinrunko-fh-rm35-prikalla\/"]}]},{"@type":"ImageObject","inLanguage":"sv-SE","@id":"https:\/\/vmsport.fi\/verkkokauppa\/varaosat\/kiekot-ja-navat\/vapaarattaat\/kasetinrunko-fh-rm35-prikalla\/#primaryimage","url":"https:\/\/vmsport.fi\/wp-content\/uploads\/2025\/03\/YbEAbcP31J0O2zLE57Dwv30pnfFZC8aOXrYxcljmyAUjiyK0HZ-1.jpg","contentUrl":"https:\/\/vmsport.fi\/wp-content\/uploads\/2025\/03\/YbEAbcP31J0O2zLE57Dwv30pnfFZC8aOXrYxcljmyAUjiyK0HZ-1.jpg","width":600,"height":600,"caption":"YbEAbcP31J0O2zLE57Dwv30pnfFZC8aOXrYxcljmyAUjiyK0HZ"},{"@type":"BreadcrumbList","@id":"https:\/\/vmsport.fi\/verkkokauppa\/varaosat\/kiekot-ja-navat\/vapaarattaat\/kasetinrunko-fh-rm35-prikalla\/#breadcrumb","itemListElement":[{"@type":"ListItem","position":1,"name":"Etusivu","item":"https:\/\/vmsport.fi\/"},{"@type":"ListItem","position":2,"name":"Online Store","item":"https:\/\/vmsport.fi\/en\/online-store\/"},{"@type":"ListItem","position":3,"name":"Kasetinrunko FH-RM35 prikalla"}]},{"@type":"WebSite","@id":"https:\/\/vmsport.fi\/#website","url":"https:\/\/vmsport.fi\/","name":"Vmsport","description":"Allt p\u00e5 ett st\u00e4lle f\u00f6r cykling","publisher":{"@id":"https:\/\/vmsport.fi\/#organization"},"potentialAction":[{"@type":"SearchAction","target":{"@type":"EntryPoint","urlTemplate":"https:\/\/vmsport.fi\/?s={search_term_string}"},"query-input":{"@type":"PropertyValueSpecification","valueRequired":true,"valueName":"search_term_string"}}],"inLanguage":"sv-SE"},{"@type":"Organization","@id":"https:\/\/vmsport.fi\/#organization","name":"Vmsport","url":"https:\/\/vmsport.fi\/","logo":{"@type":"ImageObject","inLanguage":"sv-SE","@id":"https:\/\/vmsport.fi\/#\/schema\/logo\/image\/","url":"https:\/\/vmsport.fi\/wp-content\/uploads\/2024\/12\/vm_sport_RGB_horisontal-e1734526017575.png","contentUrl":"https:\/\/vmsport.fi\/wp-content\/uploads\/2024\/12\/vm_sport_RGB_horisontal-e1734526017575.png","width":668,"height":85,"caption":"Vmsport"},"image":{"@id":"https:\/\/vmsport.fi\/#\/schema\/logo\/image\/"},"sameAs":["https:\/\/www.facebook.com\/Vmsport.fi\/","https:\/\/www.instagram.com\/vmsport\/"]}]}},"global_unique_id":"","_links":{"self":[{"href":"https:\/\/vmsport.fi\/sv\/wp-json\/wp\/v2\/product\/55765","targetHints":{"allow":["GET"]}}],"collection":[{"href":"https:\/\/vmsport.fi\/sv\/wp-json\/wp\/v2\/product"}],"about":[{"href":"https:\/\/vmsport.fi\/sv\/wp-json\/wp\/v2\/types\/product"}],"replies":[{"embeddable":true,"href":"https:\/\/vmsport.fi\/sv\/wp-json\/wp\/v2\/comments?post=55765"}],"wp:featuredmedia":[{"embeddable":true,"href":"https:\/\/vmsport.fi\/sv\/wp-json\/wp\/v2\/media\/55764"}],"wp:attachment":[{"href":"https:\/\/vmsport.fi\/sv\/wp-json\/wp\/v2\/media?parent=55765"}],"wp:term":[{"taxonomy":"product_brand","embeddable":true,"href":"https:\/\/vmsport.fi\/sv\/wp-json\/wp\/v2\/product_brand?post=55765"},{"taxonomy":"product_model","embeddable":true,"href":"https:\/\/vmsport.fi\/sv\/wp-json\/wp\/v2\/product_model?post=55765"},{"taxonomy":"product_cat","embeddable":true,"href":"https:\/\/vmsport.fi\/sv\/wp-json\/wp\/v2\/product_cat?post=55765"},{"taxonomy":"product_tag","embeddable":true,"href":"https:\/\/vmsport.fi\/sv\/wp-json\/wp\/v2\/product_tag?post=55765"},{"taxonomy":"industry_terminology","embeddable":true,"href":"https:\/\/vmsport.fi\/sv\/wp-json\/wp\/v2\/industry-terminology?post=55765"}],"curies":[{"name":"wp","href":"https:\/\/api.w.org\/{rel}","templated":true}]}}