{"id":55763,"date":"2025-03-06T00:11:41","date_gmt":"2025-03-05T22:11:41","guid":{"rendered":"https:\/\/vmsport.fi\/verkkokauppa\/Ei-luokiteltu\/precaliber-20-7-vaihteinen-viper-red-20%e2%80%b3n-kiekko\/"},"modified":"2026-03-25T17:47:58","modified_gmt":"2026-03-25T15:47:58","slug":"precaliber-20-7-speed-viper-red-20%e2%80%b3-rulle","status":"publish","type":"product","link":"https:\/\/vmsport.fi\/sv\/verkkokauppa\/polkupyorat\/lastenpyorat\/20-tuumaiset-lasten-pyora\/precaliber-20-7-vaihteinen-viper-red-20%e2%80%b3n-kiekko\/","title":{"rendered":"Precaliber 20, 7-v\u00e4xlad, Viper Red 20\u2033 rulle"},"content":{"rendered":"<p>Den h\u00e4r barncykeln har en l\u00e4tt aluminiumram som \u00e4r b\u00e5de stark och l\u00e4tt att hantera f\u00f6r unga cyklister. Den 7-v\u00e4xlade v\u00e4xell\u00e5dan ger smidiga v\u00e4xlingar p\u00e5 olika underlag, medan den fj\u00e4drande gaffeln f\u00f6rb\u00e4ttrar \u00e5kkomforten p\u00e5 oj\u00e4mna underlag. Ett handtag under sadeln ger vuxna m\u00f6jlighet att hj\u00e4lpa sina barn att l\u00e4ra sig cykla p\u00e5 ett s\u00e4kert s\u00e4tt. Alla huvudkomponenter p\u00e5 cykeln \u00e4r anpassade till barns m\u00e5tt.<\/p>","protected":false},"excerpt":{"rendered":"<p>Kevyt alumiinirunko, helppok\u00e4ytt\u00f6inen 7-vaihteinen vaihteisto ja joustohaarukka tekev\u00e4t t\u00e4st\u00e4 py\u00f6r\u00e4st\u00e4 luotettavan valinnan 5\u20138-vuotiaille lapsille. [&#8230;]<\/p>\n<p><a class=\"btn btn-secondary understrap-read-more-link\" href=\"https:\/\/vmsport.fi\/sv\/verkkokauppa\/polkupyorat\/lastenpyorat\/20-tuumaiset-lasten-pyora\/precaliber-20-7-vaihteinen-viper-red-20%e2%80%b3n-kiekko\/\">L\u00e4s mer \u2026<span class=\"screen-reader-text\"> from Precaliber 20, 7-vaihteinen, Viper Red 20\u2033:n kiekko<\/span><\/a><\/p>\n","protected":false},"featured_media":55756,"comment_status":"open","ping_status":"closed","template":"","meta":{"_acf_changed":false,"_improvement_type_select":"improve_an_existing","_thumb_yes_seoaic":false,"_frame_yes_seoaic":false,"seoaic_generate_description":"","seoaic_improve_instructions_prompt":"","seoaic_rollback_content_improvement":"","seoaic_idea_thumbnail_generator":"","thumbnail_generated":false,"thumbnail_generate_prompt":"","seoaic_article_description":"","_supplier_stock_quantity":0},"product_brand":[37],"product_model":[1555],"product_cat":[9418],"product_tag":[],"industry-terminology":[],"class_list":{"0":"post-55763","1":"product","2":"type-product","3":"status-publish","4":"has-post-thumbnail","6":"product_brand-trek","7":"product_model-precaliber","8":"product_cat-20-tuumaiset-lasten-pyora","10":"first","11":"instock","12":"taxable","13":"shipping-taxable","14":"purchasable","15":"product-type-simple"},"acf":{"bike_features":null,"overview":{"copy_overview":null,"key_features":null,"statement":"","youtube_url":""}},"yoast_head":"<!-- This site is optimized with the Yoast SEO plugin v27.3 - https:\/\/yoast.com\/product\/yoast-seo-wordpress\/ -->\n<title>Precaliber 20, 7-vaihteinen, Viper Red 20\u2033:n kiekko - VM Sport<\/title>\n<meta name=\"robots\" content=\"index, follow, max-snippet:-1, max-image-preview:large, max-video-preview:-1\" \/>\n<link rel=\"canonical\" href=\"https:\/\/vmsport.fi\/sv\/webbutik\/cyklar\/barnomsorg\/20-tums-pyora-for-barn\/precaliber-20-7-speed-viper-red-20\u2033-rulle\/\" \/>\n<meta property=\"og:locale\" content=\"sv_SE\" \/>\n<meta property=\"og:type\" content=\"article\" \/>\n<meta property=\"og:title\" content=\"Precaliber 20, 7-vaihteinen, Viper Red 20\u2033:n kiekko - VM Sport\" \/>\n<meta property=\"og:description\" content=\"Kevyt alumiinirunko, helppok\u00e4ytt\u00f6inen 7-vaihteinen vaihteisto ja joustohaarukka tekev\u00e4t t\u00e4st\u00e4 py\u00f6r\u00e4st\u00e4 luotettavan valinnan 5\u20138-vuotiaille lapsille. [...]L\u00e4s mer \u2026 from Precaliber 20, 7-vaihteinen, Viper Red 20\u2033:n kiekko\" \/>\n<meta property=\"og:url\" content=\"https:\/\/vmsport.fi\/sv\/webbutik\/cyklar\/barnomsorg\/20-tums-pyora-for-barn\/precaliber-20-7-speed-viper-red-20\u2033-rulle\/\" \/>\n<meta property=\"og:site_name\" content=\"VM Sport\" \/>\n<meta property=\"article:publisher\" content=\"https:\/\/www.facebook.com\/Vmsport.fi\/\" \/>\n<meta property=\"article:modified_time\" content=\"2026-03-25T15:47:58+00:00\" \/>\n<meta property=\"og:image\" content=\"https:\/\/vmsport.fi\/wp-content\/uploads\/2025\/03\/Precaliber207speed-23-36268-B-Primary-1.png\" \/>\n\t<meta property=\"og:image:width\" content=\"1000\" \/>\n\t<meta property=\"og:image:height\" content=\"750\" \/>\n\t<meta property=\"og:image:type\" content=\"image\/png\" \/>\n<meta name=\"twitter:card\" content=\"summary_large_image\" \/>\n<script type=\"application\/ld+json\" class=\"yoast-schema-graph\">{\"@context\":\"https:\\\/\\\/schema.org\",\"@graph\":[{\"@type\":[\"WebPage\",\"ItemPage\"],\"@id\":\"https:\\\/\\\/vmsport.fi\\\/verkkokauppa\\\/polkupyorat\\\/lastenpyorat\\\/20-tuumaiset-lasten-pyora\\\/precaliber-20-7-vaihteinen-viper-red-20%e2%80%b3n-kiekko\\\/\",\"url\":\"https:\\\/\\\/vmsport.fi\\\/verkkokauppa\\\/polkupyorat\\\/lastenpyorat\\\/20-tuumaiset-lasten-pyora\\\/precaliber-20-7-vaihteinen-viper-red-20%e2%80%b3n-kiekko\\\/\",\"name\":\"Precaliber 20, 7-vaihteinen, Viper Red 20\u2033:n kiekko - VM Sport\",\"isPartOf\":{\"@id\":\"https:\\\/\\\/vmsport.fi\\\/#website\"},\"primaryImageOfPage\":{\"@id\":\"https:\\\/\\\/vmsport.fi\\\/verkkokauppa\\\/polkupyorat\\\/lastenpyorat\\\/20-tuumaiset-lasten-pyora\\\/precaliber-20-7-vaihteinen-viper-red-20%e2%80%b3n-kiekko\\\/#primaryimage\"},\"image\":{\"@id\":\"https:\\\/\\\/vmsport.fi\\\/verkkokauppa\\\/polkupyorat\\\/lastenpyorat\\\/20-tuumaiset-lasten-pyora\\\/precaliber-20-7-vaihteinen-viper-red-20%e2%80%b3n-kiekko\\\/#primaryimage\"},\"thumbnailUrl\":\"https:\\\/\\\/vmsport.fi\\\/wp-content\\\/uploads\\\/2025\\\/03\\\/Precaliber207speed-23-36268-B-Primary-1.png\",\"datePublished\":\"2025-03-05T22:11:41+00:00\",\"dateModified\":\"2026-03-25T15:47:58+00:00\",\"breadcrumb\":{\"@id\":\"https:\\\/\\\/vmsport.fi\\\/verkkokauppa\\\/polkupyorat\\\/lastenpyorat\\\/20-tuumaiset-lasten-pyora\\\/precaliber-20-7-vaihteinen-viper-red-20%e2%80%b3n-kiekko\\\/#breadcrumb\"},\"inLanguage\":\"sv-SE\",\"potentialAction\":[{\"@type\":\"ReadAction\",\"target\":[\"https:\\\/\\\/vmsport.fi\\\/verkkokauppa\\\/polkupyorat\\\/lastenpyorat\\\/20-tuumaiset-lasten-pyora\\\/precaliber-20-7-vaihteinen-viper-red-20%e2%80%b3n-kiekko\\\/\"]}]},{\"@type\":\"ImageObject\",\"inLanguage\":\"sv-SE\",\"@id\":\"https:\\\/\\\/vmsport.fi\\\/verkkokauppa\\\/polkupyorat\\\/lastenpyorat\\\/20-tuumaiset-lasten-pyora\\\/precaliber-20-7-vaihteinen-viper-red-20%e2%80%b3n-kiekko\\\/#primaryimage\",\"url\":\"https:\\\/\\\/vmsport.fi\\\/wp-content\\\/uploads\\\/2025\\\/03\\\/Precaliber207speed-23-36268-B-Primary-1.png\",\"contentUrl\":\"https:\\\/\\\/vmsport.fi\\\/wp-content\\\/uploads\\\/2025\\\/03\\\/Precaliber207speed-23-36268-B-Primary-1.png\",\"width\":1000,\"height\":750,\"caption\":\"Precaliber207speed-23-36268-B-Primary\"},{\"@type\":\"BreadcrumbList\",\"@id\":\"https:\\\/\\\/vmsport.fi\\\/verkkokauppa\\\/polkupyorat\\\/lastenpyorat\\\/20-tuumaiset-lasten-pyora\\\/precaliber-20-7-vaihteinen-viper-red-20%e2%80%b3n-kiekko\\\/#breadcrumb\",\"itemListElement\":[{\"@type\":\"ListItem\",\"position\":1,\"name\":\"Etusivu\",\"item\":\"https:\\\/\\\/vmsport.fi\\\/\"},{\"@type\":\"ListItem\",\"position\":2,\"name\":\"Online Store\",\"item\":\"https:\\\/\\\/vmsport.fi\\\/en\\\/online-store\\\/\"},{\"@type\":\"ListItem\",\"position\":3,\"name\":\"Trek polkupy\u00f6r\u00e4t\",\"item\":\"https:\\\/\\\/vmsport.fi\\\/sv\\\/merkki\\\/trek\\\/\"},{\"@type\":\"ListItem\",\"position\":4,\"name\":\"Precaliber 20, 7-vaihteinen, Viper Red 20\u2033:n kiekko\"}]},{\"@type\":\"WebSite\",\"@id\":\"https:\\\/\\\/vmsport.fi\\\/#website\",\"url\":\"https:\\\/\\\/vmsport.fi\\\/\",\"name\":\"Vmsport\",\"description\":\"Kaikki py\u00f6r\u00e4ilyyn yhdest\u00e4 paikasta\",\"publisher\":{\"@id\":\"https:\\\/\\\/vmsport.fi\\\/#organization\"},\"potentialAction\":[{\"@type\":\"SearchAction\",\"target\":{\"@type\":\"EntryPoint\",\"urlTemplate\":\"https:\\\/\\\/vmsport.fi\\\/?s={search_term_string}\"},\"query-input\":{\"@type\":\"PropertyValueSpecification\",\"valueRequired\":true,\"valueName\":\"search_term_string\"}}],\"inLanguage\":\"sv-SE\"},{\"@type\":\"Organization\",\"@id\":\"https:\\\/\\\/vmsport.fi\\\/#organization\",\"name\":\"Vmsport\",\"url\":\"https:\\\/\\\/vmsport.fi\\\/\",\"logo\":{\"@type\":\"ImageObject\",\"inLanguage\":\"sv-SE\",\"@id\":\"https:\\\/\\\/vmsport.fi\\\/#\\\/schema\\\/logo\\\/image\\\/\",\"url\":\"https:\\\/\\\/vmsport.fi\\\/wp-content\\\/uploads\\\/2024\\\/12\\\/vm_sport_RGB_horisontal-e1734526017575.png\",\"contentUrl\":\"https:\\\/\\\/vmsport.fi\\\/wp-content\\\/uploads\\\/2024\\\/12\\\/vm_sport_RGB_horisontal-e1734526017575.png\",\"width\":668,\"height\":85,\"caption\":\"Vmsport\"},\"image\":{\"@id\":\"https:\\\/\\\/vmsport.fi\\\/#\\\/schema\\\/logo\\\/image\\\/\"},\"sameAs\":[\"https:\\\/\\\/www.facebook.com\\\/Vmsport.fi\\\/\",\"https:\\\/\\\/www.instagram.com\\\/vmsport\\\/\"]}]}<\/script>\n<!-- \/ Yoast SEO plugin. -->","yoast_head_json":{"title":"Precaliber 20, 7-v\u00e4xlad, Viper Red 20\u2033 skiva - VM Sport","robots":{"index":"index","follow":"follow","max-snippet":"max-snippet:-1","max-image-preview":"max-image-preview:large","max-video-preview":"max-video-preview:-1"},"canonical":"https:\/\/vmsport.fi\/sv\/webbutik\/cyklar\/barnomsorg\/20-tums-pyora-for-barn\/precaliber-20-7-speed-viper-red-20\u2033-rulle\/","og_locale":"sv_SE","og_type":"article","og_title":"Precaliber 20, 7-vaihteinen, Viper Red 20\u2033:n kiekko - VM Sport","og_description":"Kevyt alumiinirunko, helppok\u00e4ytt\u00f6inen 7-vaihteinen vaihteisto ja joustohaarukka tekev\u00e4t t\u00e4st\u00e4 py\u00f6r\u00e4st\u00e4 luotettavan valinnan 5\u20138-vuotiaille lapsille. [...]L\u00e4s mer \u2026 from Precaliber 20, 7-vaihteinen, Viper Red 20\u2033:n kiekko","og_url":"https:\/\/vmsport.fi\/sv\/webbutik\/cyklar\/barnomsorg\/20-tums-pyora-for-barn\/precaliber-20-7-speed-viper-red-20\u2033-rulle\/","og_site_name":"VM Sport","article_publisher":"https:\/\/www.facebook.com\/Vmsport.fi\/","article_modified_time":"2026-03-25T15:47:58+00:00","og_image":[{"width":1000,"height":750,"url":"https:\/\/vmsport.fi\/wp-content\/uploads\/2025\/03\/Precaliber207speed-23-36268-B-Primary-1.png","type":"image\/png"}],"twitter_card":"summary_large_image","schema":{"@context":"https:\/\/schema.org","@graph":[{"@type":["WebPage","ItemPage"],"@id":"https:\/\/vmsport.fi\/verkkokauppa\/polkupyorat\/lastenpyorat\/20-tuumaiset-lasten-pyora\/precaliber-20-7-vaihteinen-viper-red-20%e2%80%b3n-kiekko\/","url":"https:\/\/vmsport.fi\/verkkokauppa\/polkupyorat\/lastenpyorat\/20-tuumaiset-lasten-pyora\/precaliber-20-7-vaihteinen-viper-red-20%e2%80%b3n-kiekko\/","name":"Precaliber 20, 7-v\u00e4xlad, Viper Red 20\u2033 skiva - VM Sport","isPartOf":{"@id":"https:\/\/vmsport.fi\/#website"},"primaryImageOfPage":{"@id":"https:\/\/vmsport.fi\/verkkokauppa\/polkupyorat\/lastenpyorat\/20-tuumaiset-lasten-pyora\/precaliber-20-7-vaihteinen-viper-red-20%e2%80%b3n-kiekko\/#primaryimage"},"image":{"@id":"https:\/\/vmsport.fi\/verkkokauppa\/polkupyorat\/lastenpyorat\/20-tuumaiset-lasten-pyora\/precaliber-20-7-vaihteinen-viper-red-20%e2%80%b3n-kiekko\/#primaryimage"},"thumbnailUrl":"https:\/\/vmsport.fi\/wp-content\/uploads\/2025\/03\/Precaliber207speed-23-36268-B-Primary-1.png","datePublished":"2025-03-05T22:11:41+00:00","dateModified":"2026-03-25T15:47:58+00:00","breadcrumb":{"@id":"https:\/\/vmsport.fi\/verkkokauppa\/polkupyorat\/lastenpyorat\/20-tuumaiset-lasten-pyora\/precaliber-20-7-vaihteinen-viper-red-20%e2%80%b3n-kiekko\/#breadcrumb"},"inLanguage":"sv-SE","potentialAction":[{"@type":"ReadAction","target":["https:\/\/vmsport.fi\/verkkokauppa\/polkupyorat\/lastenpyorat\/20-tuumaiset-lasten-pyora\/precaliber-20-7-vaihteinen-viper-red-20%e2%80%b3n-kiekko\/"]}]},{"@type":"ImageObject","inLanguage":"sv-SE","@id":"https:\/\/vmsport.fi\/verkkokauppa\/polkupyorat\/lastenpyorat\/20-tuumaiset-lasten-pyora\/precaliber-20-7-vaihteinen-viper-red-20%e2%80%b3n-kiekko\/#primaryimage","url":"https:\/\/vmsport.fi\/wp-content\/uploads\/2025\/03\/Precaliber207speed-23-36268-B-Primary-1.png","contentUrl":"https:\/\/vmsport.fi\/wp-content\/uploads\/2025\/03\/Precaliber207speed-23-36268-B-Primary-1.png","width":1000,"height":750,"caption":"Precaliber207speed-23-36268-B-Primary"},{"@type":"BreadcrumbList","@id":"https:\/\/vmsport.fi\/verkkokauppa\/polkupyorat\/lastenpyorat\/20-tuumaiset-lasten-pyora\/precaliber-20-7-vaihteinen-viper-red-20%e2%80%b3n-kiekko\/#breadcrumb","itemListElement":[{"@type":"ListItem","position":1,"name":"Etusivu","item":"https:\/\/vmsport.fi\/"},{"@type":"ListItem","position":2,"name":"Online Store","item":"https:\/\/vmsport.fi\/en\/online-store\/"},{"@type":"ListItem","position":3,"name":"Trek polkupy\u00f6r\u00e4t","item":"https:\/\/vmsport.fi\/sv\/merkki\/trek\/"},{"@type":"ListItem","position":4,"name":"Precaliber 20, 7-vaihteinen, Viper Red 20\u2033:n kiekko"}]},{"@type":"WebSite","@id":"https:\/\/vmsport.fi\/#website","url":"https:\/\/vmsport.fi\/","name":"Vmsport","description":"Allt p\u00e5 ett st\u00e4lle f\u00f6r cykling","publisher":{"@id":"https:\/\/vmsport.fi\/#organization"},"potentialAction":[{"@type":"SearchAction","target":{"@type":"EntryPoint","urlTemplate":"https:\/\/vmsport.fi\/?s={search_term_string}"},"query-input":{"@type":"PropertyValueSpecification","valueRequired":true,"valueName":"search_term_string"}}],"inLanguage":"sv-SE"},{"@type":"Organization","@id":"https:\/\/vmsport.fi\/#organization","name":"Vmsport","url":"https:\/\/vmsport.fi\/","logo":{"@type":"ImageObject","inLanguage":"sv-SE","@id":"https:\/\/vmsport.fi\/#\/schema\/logo\/image\/","url":"https:\/\/vmsport.fi\/wp-content\/uploads\/2024\/12\/vm_sport_RGB_horisontal-e1734526017575.png","contentUrl":"https:\/\/vmsport.fi\/wp-content\/uploads\/2024\/12\/vm_sport_RGB_horisontal-e1734526017575.png","width":668,"height":85,"caption":"Vmsport"},"image":{"@id":"https:\/\/vmsport.fi\/#\/schema\/logo\/image\/"},"sameAs":["https:\/\/www.facebook.com\/Vmsport.fi\/","https:\/\/www.instagram.com\/vmsport\/"]}]}},"global_unique_id":"","_links":{"self":[{"href":"https:\/\/vmsport.fi\/sv\/wp-json\/wp\/v2\/product\/55763","targetHints":{"allow":["GET"]}}],"collection":[{"href":"https:\/\/vmsport.fi\/sv\/wp-json\/wp\/v2\/product"}],"about":[{"href":"https:\/\/vmsport.fi\/sv\/wp-json\/wp\/v2\/types\/product"}],"replies":[{"embeddable":true,"href":"https:\/\/vmsport.fi\/sv\/wp-json\/wp\/v2\/comments?post=55763"}],"wp:featuredmedia":[{"embeddable":true,"href":"https:\/\/vmsport.fi\/sv\/wp-json\/wp\/v2\/media\/55756"}],"wp:attachment":[{"href":"https:\/\/vmsport.fi\/sv\/wp-json\/wp\/v2\/media?parent=55763"}],"wp:term":[{"taxonomy":"product_brand","embeddable":true,"href":"https:\/\/vmsport.fi\/sv\/wp-json\/wp\/v2\/product_brand?post=55763"},{"taxonomy":"product_model","embeddable":true,"href":"https:\/\/vmsport.fi\/sv\/wp-json\/wp\/v2\/product_model?post=55763"},{"taxonomy":"product_cat","embeddable":true,"href":"https:\/\/vmsport.fi\/sv\/wp-json\/wp\/v2\/product_cat?post=55763"},{"taxonomy":"product_tag","embeddable":true,"href":"https:\/\/vmsport.fi\/sv\/wp-json\/wp\/v2\/product_tag?post=55763"},{"taxonomy":"industry_terminology","embeddable":true,"href":"https:\/\/vmsport.fi\/sv\/wp-json\/wp\/v2\/industry-terminology?post=55763"}],"curies":[{"name":"wp","href":"https:\/\/api.w.org\/{rel}","templated":true}]}}