{"id":55748,"date":"2025-03-06T00:11:30","date_gmt":"2025-03-05T22:11:30","guid":{"rendered":"https:\/\/vmsport.fi\/verkkokauppa\/Ei-luokiteltu\/sisarengas-10-12-continental-44-62-194-222-autonventtiili-34-45\/"},"modified":"2026-05-13T11:05:21","modified_gmt":"2026-05-13T08:05:21","slug":"systerring-10-12-kontinental-44-62-194-222-bilventil-34-45","status":"publish","type":"product","link":"https:\/\/vmsport.fi\/sv\/verkkokauppa\/renkaat\/sisarenkaat\/lasten\/sisarengas-10-12-continental-44-62-194-222-autonventtiili-34-45\/","title":{"rendered":"Innerd\u00e4ck 10-12\u2033 CONTINENTAL 44\/62-194\/222, bilventil 34 (45\u00b0)"},"content":{"rendered":"<p>Continentals innerslang \u00e4r avsedd f\u00f6r 10-12 tums kompaktd\u00e4ck och erbjuder den tillf\u00f6rlitlighet och h\u00e5llbarhet som alla anv\u00e4ndare uppskattar. Slangen har en 34 mm bilventil med 45 graders ventilvinkel, vilket g\u00f6r den enkel att montera och ger en utm\u00e4rkt luftbeh\u00e5llning. Continentals h\u00f6gkvalitativa tyska design g\u00f6r den h\u00e4r slangen till det perfekta valet f\u00f6r alla som beh\u00f6ver p\u00e5litlig prestanda under alla f\u00f6rh\u00e5llanden.<\/p>","protected":false},"excerpt":{"rendered":"<p>Continentalin sis\u00e4rengas, joka on suunniteltu 10-12 tuuman kompakteille renkaille, tarjoaa luotettavuutta ja kest\u00e4vyytt\u00e4, joita kaikki k\u00e4ytt\u00e4j\u00e4t arvostavat. T\u00e4m\u00e4 34 mm autonventtiilill\u00e4 varustettu sis\u00e4rengas, jonka venttiili on 45 asteen kulmassa, takaa helpon asennuksen ja varmistaa erinomaisen ilmanpidon. Continentalin korkealaatuinen saksalainen suunnittelu tekee t\u00e4st\u00e4 sis\u00e4renkaasta ihanteellisen valinnan jokaiselle, joka tarvitsee luotettavaa suorituskyky\u00e4 kaikenlaisissa olosuhteissa. [&#8230;]<\/p>\n<p><a class=\"btn btn-secondary understrap-read-more-link\" href=\"https:\/\/vmsport.fi\/sv\/verkkokauppa\/renkaat\/sisarenkaat\/lasten\/sisarengas-10-12-continental-44-62-194-222-autonventtiili-34-45\/\">L\u00e4s mer \u2026<span class=\"screen-reader-text\"> from Sis\u00e4rengas 10-12&#8243; CONTINENTAL 44\/62-194\/222, autonventtiili 34 (45\u00b0)<\/span><\/a><\/p>\n","protected":false},"featured_media":55747,"comment_status":"open","ping_status":"closed","template":"","meta":{"_acf_changed":false,"_improvement_type_select":"improve_an_existing","_thumb_yes_seoaic":false,"_frame_yes_seoaic":false,"seoaic_generate_description":"","seoaic_improve_instructions_prompt":"","seoaic_rollback_content_improvement":"","seoaic_idea_thumbnail_generator":"","thumbnail_generated":false,"thumbnail_generate_prompt":"","seoaic_article_description":"","_supplier_stock_quantity":0},"product_brand":[1585],"product_model":[],"product_cat":[9544],"product_tag":[],"industry-terminology":[],"class_list":{"0":"post-55748","1":"product","2":"type-product","3":"status-publish","4":"has-post-thumbnail","6":"product_brand-continental","7":"product_cat-lasten","9":"first","10":"instock","11":"taxable","12":"shipping-taxable","13":"purchasable","14":"product-type-simple"},"acf":{"bike_features":null,"overview":{"copy_overview":null,"key_features":null,"statement":"","youtube_url":""}},"yoast_head":"<!-- This site is optimized with the Yoast SEO plugin v27.6 - https:\/\/yoast.com\/product\/yoast-seo-wordpress\/ -->\n<title>Sis\u00e4rengas 10-12&quot; CONTINENTAL 44\/62-194\/222, autonventtiili 34 (45\u00b0) - VM Sport<\/title>\n<meta name=\"robots\" content=\"index, follow, max-snippet:-1, max-image-preview:large, max-video-preview:-1\" \/>\n<link rel=\"canonical\" href=\"https:\/\/vmsport.fi\/sv\/webbutik\/dack\/systerdack\/barn\/systerring-10-12-kontinental-44-62-194-222-bilventil-34-45\/\" \/>\n<meta property=\"og:locale\" content=\"sv_SE\" \/>\n<meta property=\"og:type\" content=\"article\" \/>\n<meta property=\"og:title\" content=\"Sis\u00e4rengas 10-12&quot; CONTINENTAL 44\/62-194\/222, autonventtiili 34 (45\u00b0) - VM Sport\" \/>\n<meta property=\"og:description\" content=\"Continentalin sis\u00e4rengas, joka on suunniteltu 10-12 tuuman kompakteille renkaille, tarjoaa luotettavuutta ja kest\u00e4vyytt\u00e4, joita kaikki k\u00e4ytt\u00e4j\u00e4t arvostavat. T\u00e4m\u00e4 34 mm autonventtiilill\u00e4 varustettu sis\u00e4rengas, jonka venttiili on 45 asteen kulmassa, takaa helpon asennuksen ja varmistaa erinomaisen ilmanpidon. Continentalin korkealaatuinen saksalainen suunnittelu tekee t\u00e4st\u00e4 sis\u00e4renkaasta ihanteellisen valinnan jokaiselle, joka tarvitsee luotettavaa suorituskyky\u00e4 kaikenlaisissa olosuhteissa. [...]L\u00e4s mer \u2026 from Sis\u00e4rengas 10-12&#8243; CONTINENTAL 44\/62-194\/222, autonventtiili 34 (45\u00b0)\" \/>\n<meta property=\"og:url\" content=\"https:\/\/vmsport.fi\/sv\/webbutik\/dack\/systerdack\/barn\/systerring-10-12-kontinental-44-62-194-222-bilventil-34-45\/\" \/>\n<meta property=\"og:site_name\" content=\"VM Sport\" \/>\n<meta property=\"article:publisher\" content=\"https:\/\/www.facebook.com\/Vmsport.fi\/\" \/>\n<meta property=\"article:modified_time\" content=\"2026-05-13T08:05:21+00:00\" \/>\n<meta property=\"og:image\" content=\"https:\/\/vmsport.fi\/wp-content\/uploads\/2025\/03\/0182211-1-1.jpg\" \/>\n\t<meta property=\"og:image:width\" content=\"1000\" \/>\n\t<meta property=\"og:image:height\" content=\"1000\" \/>\n\t<meta property=\"og:image:type\" content=\"image\/jpeg\" \/>\n<meta name=\"twitter:card\" content=\"summary_large_image\" \/>\n<script type=\"application\/ld+json\" class=\"yoast-schema-graph\">{\"@context\":\"https:\\\/\\\/schema.org\",\"@graph\":[{\"@type\":[\"WebPage\",\"ItemPage\"],\"@id\":\"https:\\\/\\\/vmsport.fi\\\/verkkokauppa\\\/renkaat\\\/sisarenkaat\\\/lasten\\\/sisarengas-10-12-continental-44-62-194-222-autonventtiili-34-45\\\/\",\"url\":\"https:\\\/\\\/vmsport.fi\\\/verkkokauppa\\\/renkaat\\\/sisarenkaat\\\/lasten\\\/sisarengas-10-12-continental-44-62-194-222-autonventtiili-34-45\\\/\",\"name\":\"Sis\u00e4rengas 10-12\\\" CONTINENTAL 44\\\/62-194\\\/222, autonventtiili 34 (45\u00b0) - VM Sport\",\"isPartOf\":{\"@id\":\"https:\\\/\\\/vmsport.fi\\\/#website\"},\"primaryImageOfPage\":{\"@id\":\"https:\\\/\\\/vmsport.fi\\\/verkkokauppa\\\/renkaat\\\/sisarenkaat\\\/lasten\\\/sisarengas-10-12-continental-44-62-194-222-autonventtiili-34-45\\\/#primaryimage\"},\"image\":{\"@id\":\"https:\\\/\\\/vmsport.fi\\\/verkkokauppa\\\/renkaat\\\/sisarenkaat\\\/lasten\\\/sisarengas-10-12-continental-44-62-194-222-autonventtiili-34-45\\\/#primaryimage\"},\"thumbnailUrl\":\"https:\\\/\\\/vmsport.fi\\\/wp-content\\\/uploads\\\/2025\\\/03\\\/0182211-1-1.jpg\",\"datePublished\":\"2025-03-05T22:11:30+00:00\",\"dateModified\":\"2026-05-13T08:05:21+00:00\",\"breadcrumb\":{\"@id\":\"https:\\\/\\\/vmsport.fi\\\/verkkokauppa\\\/renkaat\\\/sisarenkaat\\\/lasten\\\/sisarengas-10-12-continental-44-62-194-222-autonventtiili-34-45\\\/#breadcrumb\"},\"inLanguage\":\"sv-SE\",\"potentialAction\":[{\"@type\":\"ReadAction\",\"target\":[\"https:\\\/\\\/vmsport.fi\\\/verkkokauppa\\\/renkaat\\\/sisarenkaat\\\/lasten\\\/sisarengas-10-12-continental-44-62-194-222-autonventtiili-34-45\\\/\"]}]},{\"@type\":\"ImageObject\",\"inLanguage\":\"sv-SE\",\"@id\":\"https:\\\/\\\/vmsport.fi\\\/verkkokauppa\\\/renkaat\\\/sisarenkaat\\\/lasten\\\/sisarengas-10-12-continental-44-62-194-222-autonventtiili-34-45\\\/#primaryimage\",\"url\":\"https:\\\/\\\/vmsport.fi\\\/wp-content\\\/uploads\\\/2025\\\/03\\\/0182211-1-1.jpg\",\"contentUrl\":\"https:\\\/\\\/vmsport.fi\\\/wp-content\\\/uploads\\\/2025\\\/03\\\/0182211-1-1.jpg\",\"width\":1000,\"height\":1000,\"caption\":\"0182211-1\"},{\"@type\":\"BreadcrumbList\",\"@id\":\"https:\\\/\\\/vmsport.fi\\\/verkkokauppa\\\/renkaat\\\/sisarenkaat\\\/lasten\\\/sisarengas-10-12-continental-44-62-194-222-autonventtiili-34-45\\\/#breadcrumb\",\"itemListElement\":[{\"@type\":\"ListItem\",\"position\":1,\"name\":\"Etusivu\",\"item\":\"https:\\\/\\\/vmsport.fi\\\/\"},{\"@type\":\"ListItem\",\"position\":2,\"name\":\"Online Store\",\"item\":\"https:\\\/\\\/vmsport.fi\\\/en\\\/online-store\\\/\"},{\"@type\":\"ListItem\",\"position\":3,\"name\":\"Continental\",\"item\":\"https:\\\/\\\/vmsport.fi\\\/merkki\\\/continental\\\/\"},{\"@type\":\"ListItem\",\"position\":4,\"name\":\"Sis\u00e4rengas 10-12&#8243; CONTINENTAL 44\\\/62-194\\\/222, autonventtiili 34 (45\u00b0)\"}]},{\"@type\":\"WebSite\",\"@id\":\"https:\\\/\\\/vmsport.fi\\\/#website\",\"url\":\"https:\\\/\\\/vmsport.fi\\\/\",\"name\":\"Vmsport\",\"description\":\"Kaikki py\u00f6r\u00e4ilyyn yhdest\u00e4 paikasta\",\"publisher\":{\"@id\":\"https:\\\/\\\/vmsport.fi\\\/#organization\"},\"potentialAction\":[{\"@type\":\"SearchAction\",\"target\":{\"@type\":\"EntryPoint\",\"urlTemplate\":\"https:\\\/\\\/vmsport.fi\\\/?s={search_term_string}\"},\"query-input\":{\"@type\":\"PropertyValueSpecification\",\"valueRequired\":true,\"valueName\":\"search_term_string\"}}],\"inLanguage\":\"sv-SE\"},{\"@type\":\"Organization\",\"@id\":\"https:\\\/\\\/vmsport.fi\\\/#organization\",\"name\":\"Vmsport\",\"url\":\"https:\\\/\\\/vmsport.fi\\\/\",\"logo\":{\"@type\":\"ImageObject\",\"inLanguage\":\"sv-SE\",\"@id\":\"https:\\\/\\\/vmsport.fi\\\/#\\\/schema\\\/logo\\\/image\\\/\",\"url\":\"https:\\\/\\\/vmsport.fi\\\/wp-content\\\/uploads\\\/2024\\\/12\\\/vm_sport_RGB_horisontal-e1734526017575.png\",\"contentUrl\":\"https:\\\/\\\/vmsport.fi\\\/wp-content\\\/uploads\\\/2024\\\/12\\\/vm_sport_RGB_horisontal-e1734526017575.png\",\"width\":668,\"height\":85,\"caption\":\"Vmsport\"},\"image\":{\"@id\":\"https:\\\/\\\/vmsport.fi\\\/#\\\/schema\\\/logo\\\/image\\\/\"},\"sameAs\":[\"https:\\\/\\\/www.facebook.com\\\/Vmsport.fi\\\/\",\"https:\\\/\\\/www.instagram.com\\\/vmsport\\\/\"]}]}<\/script>\n<!-- \/ Yoast SEO plugin. -->","yoast_head_json":{"title":"Innerd\u00e4ck 10-12\" CONTINENTAL 44\/62-194\/222, bilventil 34 (45\u00b0) - VM Sport","robots":{"index":"index","follow":"follow","max-snippet":"max-snippet:-1","max-image-preview":"max-image-preview:large","max-video-preview":"max-video-preview:-1"},"canonical":"https:\/\/vmsport.fi\/sv\/webbutik\/dack\/systerdack\/barn\/systerring-10-12-kontinental-44-62-194-222-bilventil-34-45\/","og_locale":"sv_SE","og_type":"article","og_title":"Sis\u00e4rengas 10-12\" CONTINENTAL 44\/62-194\/222, autonventtiili 34 (45\u00b0) - VM Sport","og_description":"Continentalin sis\u00e4rengas, joka on suunniteltu 10-12 tuuman kompakteille renkaille, tarjoaa luotettavuutta ja kest\u00e4vyytt\u00e4, joita kaikki k\u00e4ytt\u00e4j\u00e4t arvostavat. T\u00e4m\u00e4 34 mm autonventtiilill\u00e4 varustettu sis\u00e4rengas, jonka venttiili on 45 asteen kulmassa, takaa helpon asennuksen ja varmistaa erinomaisen ilmanpidon. Continentalin korkealaatuinen saksalainen suunnittelu tekee t\u00e4st\u00e4 sis\u00e4renkaasta ihanteellisen valinnan jokaiselle, joka tarvitsee luotettavaa suorituskyky\u00e4 kaikenlaisissa olosuhteissa. [...]L\u00e4s mer \u2026 from Sis\u00e4rengas 10-12&#8243; CONTINENTAL 44\/62-194\/222, autonventtiili 34 (45\u00b0)","og_url":"https:\/\/vmsport.fi\/sv\/webbutik\/dack\/systerdack\/barn\/systerring-10-12-kontinental-44-62-194-222-bilventil-34-45\/","og_site_name":"VM Sport","article_publisher":"https:\/\/www.facebook.com\/Vmsport.fi\/","article_modified_time":"2026-05-13T08:05:21+00:00","og_image":[{"width":1000,"height":1000,"url":"https:\/\/vmsport.fi\/wp-content\/uploads\/2025\/03\/0182211-1-1.jpg","type":"image\/jpeg"}],"twitter_card":"summary_large_image","schema":{"@context":"https:\/\/schema.org","@graph":[{"@type":["WebPage","ItemPage"],"@id":"https:\/\/vmsport.fi\/verkkokauppa\/renkaat\/sisarenkaat\/lasten\/sisarengas-10-12-continental-44-62-194-222-autonventtiili-34-45\/","url":"https:\/\/vmsport.fi\/verkkokauppa\/renkaat\/sisarenkaat\/lasten\/sisarengas-10-12-continental-44-62-194-222-autonventtiili-34-45\/","name":"Innerd\u00e4ck 10-12\" CONTINENTAL 44\/62-194\/222, bilventil 34 (45\u00b0) - VM Sport","isPartOf":{"@id":"https:\/\/vmsport.fi\/#website"},"primaryImageOfPage":{"@id":"https:\/\/vmsport.fi\/verkkokauppa\/renkaat\/sisarenkaat\/lasten\/sisarengas-10-12-continental-44-62-194-222-autonventtiili-34-45\/#primaryimage"},"image":{"@id":"https:\/\/vmsport.fi\/verkkokauppa\/renkaat\/sisarenkaat\/lasten\/sisarengas-10-12-continental-44-62-194-222-autonventtiili-34-45\/#primaryimage"},"thumbnailUrl":"https:\/\/vmsport.fi\/wp-content\/uploads\/2025\/03\/0182211-1-1.jpg","datePublished":"2025-03-05T22:11:30+00:00","dateModified":"2026-05-13T08:05:21+00:00","breadcrumb":{"@id":"https:\/\/vmsport.fi\/verkkokauppa\/renkaat\/sisarenkaat\/lasten\/sisarengas-10-12-continental-44-62-194-222-autonventtiili-34-45\/#breadcrumb"},"inLanguage":"sv-SE","potentialAction":[{"@type":"ReadAction","target":["https:\/\/vmsport.fi\/verkkokauppa\/renkaat\/sisarenkaat\/lasten\/sisarengas-10-12-continental-44-62-194-222-autonventtiili-34-45\/"]}]},{"@type":"ImageObject","inLanguage":"sv-SE","@id":"https:\/\/vmsport.fi\/verkkokauppa\/renkaat\/sisarenkaat\/lasten\/sisarengas-10-12-continental-44-62-194-222-autonventtiili-34-45\/#primaryimage","url":"https:\/\/vmsport.fi\/wp-content\/uploads\/2025\/03\/0182211-1-1.jpg","contentUrl":"https:\/\/vmsport.fi\/wp-content\/uploads\/2025\/03\/0182211-1-1.jpg","width":1000,"height":1000,"caption":"0182211-1"},{"@type":"BreadcrumbList","@id":"https:\/\/vmsport.fi\/verkkokauppa\/renkaat\/sisarenkaat\/lasten\/sisarengas-10-12-continental-44-62-194-222-autonventtiili-34-45\/#breadcrumb","itemListElement":[{"@type":"ListItem","position":1,"name":"Etusivu","item":"https:\/\/vmsport.fi\/"},{"@type":"ListItem","position":2,"name":"Online Store","item":"https:\/\/vmsport.fi\/en\/online-store\/"},{"@type":"ListItem","position":3,"name":"Continental","item":"https:\/\/vmsport.fi\/merkki\/continental\/"},{"@type":"ListItem","position":4,"name":"Sis\u00e4rengas 10-12&#8243; CONTINENTAL 44\/62-194\/222, autonventtiili 34 (45\u00b0)"}]},{"@type":"WebSite","@id":"https:\/\/vmsport.fi\/#website","url":"https:\/\/vmsport.fi\/","name":"Vmsport","description":"Allt p\u00e5 ett st\u00e4lle f\u00f6r cykling","publisher":{"@id":"https:\/\/vmsport.fi\/#organization"},"potentialAction":[{"@type":"SearchAction","target":{"@type":"EntryPoint","urlTemplate":"https:\/\/vmsport.fi\/?s={search_term_string}"},"query-input":{"@type":"PropertyValueSpecification","valueRequired":true,"valueName":"search_term_string"}}],"inLanguage":"sv-SE"},{"@type":"Organization","@id":"https:\/\/vmsport.fi\/#organization","name":"Vmsport","url":"https:\/\/vmsport.fi\/","logo":{"@type":"ImageObject","inLanguage":"sv-SE","@id":"https:\/\/vmsport.fi\/#\/schema\/logo\/image\/","url":"https:\/\/vmsport.fi\/wp-content\/uploads\/2024\/12\/vm_sport_RGB_horisontal-e1734526017575.png","contentUrl":"https:\/\/vmsport.fi\/wp-content\/uploads\/2024\/12\/vm_sport_RGB_horisontal-e1734526017575.png","width":668,"height":85,"caption":"Vmsport"},"image":{"@id":"https:\/\/vmsport.fi\/#\/schema\/logo\/image\/"},"sameAs":["https:\/\/www.facebook.com\/Vmsport.fi\/","https:\/\/www.instagram.com\/vmsport\/"]}]}},"global_unique_id":"","_links":{"self":[{"href":"https:\/\/vmsport.fi\/sv\/wp-json\/wp\/v2\/product\/55748","targetHints":{"allow":["GET"]}}],"collection":[{"href":"https:\/\/vmsport.fi\/sv\/wp-json\/wp\/v2\/product"}],"about":[{"href":"https:\/\/vmsport.fi\/sv\/wp-json\/wp\/v2\/types\/product"}],"replies":[{"embeddable":true,"href":"https:\/\/vmsport.fi\/sv\/wp-json\/wp\/v2\/comments?post=55748"}],"wp:featuredmedia":[{"embeddable":true,"href":"https:\/\/vmsport.fi\/sv\/wp-json\/wp\/v2\/media\/55747"}],"wp:attachment":[{"href":"https:\/\/vmsport.fi\/sv\/wp-json\/wp\/v2\/media?parent=55748"}],"wp:term":[{"taxonomy":"product_brand","embeddable":true,"href":"https:\/\/vmsport.fi\/sv\/wp-json\/wp\/v2\/product_brand?post=55748"},{"taxonomy":"product_model","embeddable":true,"href":"https:\/\/vmsport.fi\/sv\/wp-json\/wp\/v2\/product_model?post=55748"},{"taxonomy":"product_cat","embeddable":true,"href":"https:\/\/vmsport.fi\/sv\/wp-json\/wp\/v2\/product_cat?post=55748"},{"taxonomy":"product_tag","embeddable":true,"href":"https:\/\/vmsport.fi\/sv\/wp-json\/wp\/v2\/product_tag?post=55748"},{"taxonomy":"industry_terminology","embeddable":true,"href":"https:\/\/vmsport.fi\/sv\/wp-json\/wp\/v2\/industry-terminology?post=55748"}],"curies":[{"name":"wp","href":"https:\/\/api.w.org\/{rel}","templated":true}]}}