{"id":55737,"date":"2025-03-06T00:11:10","date_gmt":"2025-03-05T22:11:10","guid":{"rendered":"https:\/\/vmsport.fi\/verkkokauppa\/Ei-luokiteltu\/xlc-gr-s04-black-grey-135-mm\/"},"modified":"2026-04-22T15:08:09","modified_gmt":"2026-04-22T12:08:09","slug":"xlc-gr-s04-svartgra-135-mm","status":"publish","type":"product","link":"https:\/\/vmsport.fi\/sv\/verkkokauppa\/varaosat\/ohjaamo\/gripit\/xlc-gr-s04-black-grey-135-mm\/","title":{"rendered":"XLC GR-S04 Svart\/Gr\u00e5 135 mm"},"content":{"rendered":"<p>XLC GR-S04 hjulhandtag ger ett bekv\u00e4mt och ergonomiskt grepp. De finns i svart och gr\u00e5tt och passar snyggt p\u00e5 din cykel. N\u00e4r du vill f\u00f6rhindra att dina h\u00e4nder glider under k\u00f6rning \u00e4r dessa 135 mm l\u00e5nga handtag ett utm\u00e4rkt val. Materialen har noggrant valts ut f\u00f6r att s\u00e4kerst\u00e4lla att greppet f\u00f6rblir utm\u00e4rkt under alla v\u00e4derf\u00f6rh\u00e5llanden, s\u00e5 att du kan koncentrera dig p\u00e5 att njuta av din cykeltur. Den omsorgsfullt utformade designen ger st\u00f6d \u00e5t h\u00e4nderna och minskar tr\u00f6ttheten, vilket g\u00f6r din k\u00f6rning bekv\u00e4mare och mer hanterbar.<\/p>","protected":false},"excerpt":{"rendered":"<p>XLC GR-S04 -py\u00f6r\u00e4nkahvat tarjoavat mukavan ja ergonomisen otteen. Mustassa ja harmaassa v\u00e4rityksess\u00e4 ne sopivat tyylikk\u00e4\u00e4sti py\u00f6r\u00e4\u00e4si. Kun haluat est\u00e4\u00e4 k\u00e4sien lipsumisen ajon aikana, n\u00e4m\u00e4 135 mm pitk\u00e4t kahvat ovat erinomainen valinta. Materiaalit on valittu huolellisesti varmistamaan, ett\u00e4 pito s\u00e4ilyy erinomaisena kaikissa s\u00e4\u00e4olosuhteissa, jotta voit keskitty\u00e4 nauttimaan ajomatkasta. Huolellisesti muotoiltu design tukee k\u00e4si\u00e4si ja v\u00e4hent\u00e4\u00e4 v\u00e4symyst\u00e4, [&#8230;]<\/p>\n<p><a class=\"btn btn-secondary understrap-read-more-link\" href=\"https:\/\/vmsport.fi\/sv\/verkkokauppa\/varaosat\/ohjaamo\/gripit\/xlc-gr-s04-black-grey-135-mm\/\">L\u00e4s mer \u2026<span class=\"screen-reader-text\"> from XLC GR-S04 Black\/Grey 135 mm<\/span><\/a><\/p>\n","protected":false},"featured_media":55736,"comment_status":"open","ping_status":"closed","template":"","meta":{"_acf_changed":false,"_improvement_type_select":"improve_an_existing","_thumb_yes_seoaic":false,"_frame_yes_seoaic":false,"seoaic_generate_description":"","seoaic_improve_instructions_prompt":"","seoaic_rollback_content_improvement":"","seoaic_idea_thumbnail_generator":"","thumbnail_generated":false,"thumbnail_generate_prompt":"","seoaic_article_description":"","_supplier_stock_quantity":0},"product_brand":[],"product_model":[],"product_cat":[9292],"product_tag":[],"industry-terminology":[],"class_list":{"0":"post-55737","1":"product","2":"type-product","3":"status-publish","4":"has-post-thumbnail","6":"product_cat-gripit","8":"first","9":"outofstock","10":"taxable","11":"shipping-taxable","12":"product-type-simple"},"acf":{"bike_features":null,"overview":{"copy_overview":null,"key_features":null,"statement":"","youtube_url":""}},"yoast_head":"<!-- This site is optimized with the Yoast SEO plugin v27.4 - https:\/\/yoast.com\/product\/yoast-seo-wordpress\/ -->\n<title>XLC GR-S04 Black\/Grey 135 mm - VM Sport<\/title>\n<meta name=\"robots\" content=\"index, follow, max-snippet:-1, max-image-preview:large, max-video-preview:-1\" \/>\n<link rel=\"canonical\" href=\"https:\/\/vmsport.fi\/sv\/webbutik\/reservdelar\/taxi\/grepp\/xlc-gr-s04-svartgra-135-mm\/\" \/>\n<meta property=\"og:locale\" content=\"sv_SE\" \/>\n<meta property=\"og:type\" content=\"article\" \/>\n<meta property=\"og:title\" content=\"XLC GR-S04 Black\/Grey 135 mm - VM Sport\" \/>\n<meta property=\"og:description\" content=\"XLC GR-S04 -py\u00f6r\u00e4nkahvat tarjoavat mukavan ja ergonomisen otteen. Mustassa ja harmaassa v\u00e4rityksess\u00e4 ne sopivat tyylikk\u00e4\u00e4sti py\u00f6r\u00e4\u00e4si. Kun haluat est\u00e4\u00e4 k\u00e4sien lipsumisen ajon aikana, n\u00e4m\u00e4 135 mm pitk\u00e4t kahvat ovat erinomainen valinta. Materiaalit on valittu huolellisesti varmistamaan, ett\u00e4 pito s\u00e4ilyy erinomaisena kaikissa s\u00e4\u00e4olosuhteissa, jotta voit keskitty\u00e4 nauttimaan ajomatkasta. Huolellisesti muotoiltu design tukee k\u00e4si\u00e4si ja v\u00e4hent\u00e4\u00e4 v\u00e4symyst\u00e4, [...]L\u00e4s mer \u2026 from XLC GR-S04 Black\/Grey 135 mm\" \/>\n<meta property=\"og:url\" content=\"https:\/\/vmsport.fi\/sv\/webbutik\/reservdelar\/taxi\/grepp\/xlc-gr-s04-svartgra-135-mm\/\" \/>\n<meta property=\"og:site_name\" content=\"VM Sport\" \/>\n<meta property=\"article:publisher\" content=\"https:\/\/www.facebook.com\/Vmsport.fi\/\" \/>\n<meta property=\"article:modified_time\" content=\"2026-04-22T12:08:09+00:00\" \/>\n<meta property=\"og:image\" content=\"https:\/\/vmsport.fi\/wp-content\/uploads\/2025\/03\/k4SldDcbsn1VTQKx7vTXgOBiLrymvhRBAJszUJAz6j5HbxZTDE-1.jpg\" \/>\n\t<meta property=\"og:image:width\" content=\"635\" \/>\n\t<meta property=\"og:image:height\" content=\"768\" \/>\n\t<meta property=\"og:image:type\" content=\"image\/jpeg\" \/>\n<meta name=\"twitter:card\" content=\"summary_large_image\" \/>\n<script type=\"application\/ld+json\" class=\"yoast-schema-graph\">{\"@context\":\"https:\\\/\\\/schema.org\",\"@graph\":[{\"@type\":[\"WebPage\",\"ItemPage\"],\"@id\":\"https:\\\/\\\/vmsport.fi\\\/verkkokauppa\\\/varaosat\\\/ohjaamo\\\/gripit\\\/xlc-gr-s04-black-grey-135-mm\\\/\",\"url\":\"https:\\\/\\\/vmsport.fi\\\/verkkokauppa\\\/varaosat\\\/ohjaamo\\\/gripit\\\/xlc-gr-s04-black-grey-135-mm\\\/\",\"name\":\"XLC GR-S04 Black\\\/Grey 135 mm - VM Sport\",\"isPartOf\":{\"@id\":\"https:\\\/\\\/vmsport.fi\\\/#website\"},\"primaryImageOfPage\":{\"@id\":\"https:\\\/\\\/vmsport.fi\\\/verkkokauppa\\\/varaosat\\\/ohjaamo\\\/gripit\\\/xlc-gr-s04-black-grey-135-mm\\\/#primaryimage\"},\"image\":{\"@id\":\"https:\\\/\\\/vmsport.fi\\\/verkkokauppa\\\/varaosat\\\/ohjaamo\\\/gripit\\\/xlc-gr-s04-black-grey-135-mm\\\/#primaryimage\"},\"thumbnailUrl\":\"https:\\\/\\\/vmsport.fi\\\/wp-content\\\/uploads\\\/2025\\\/03\\\/k4SldDcbsn1VTQKx7vTXgOBiLrymvhRBAJszUJAz6j5HbxZTDE-1.jpg\",\"datePublished\":\"2025-03-05T22:11:10+00:00\",\"dateModified\":\"2026-04-22T12:08:09+00:00\",\"breadcrumb\":{\"@id\":\"https:\\\/\\\/vmsport.fi\\\/verkkokauppa\\\/varaosat\\\/ohjaamo\\\/gripit\\\/xlc-gr-s04-black-grey-135-mm\\\/#breadcrumb\"},\"inLanguage\":\"sv-SE\",\"potentialAction\":[{\"@type\":\"ReadAction\",\"target\":[\"https:\\\/\\\/vmsport.fi\\\/verkkokauppa\\\/varaosat\\\/ohjaamo\\\/gripit\\\/xlc-gr-s04-black-grey-135-mm\\\/\"]}]},{\"@type\":\"ImageObject\",\"inLanguage\":\"sv-SE\",\"@id\":\"https:\\\/\\\/vmsport.fi\\\/verkkokauppa\\\/varaosat\\\/ohjaamo\\\/gripit\\\/xlc-gr-s04-black-grey-135-mm\\\/#primaryimage\",\"url\":\"https:\\\/\\\/vmsport.fi\\\/wp-content\\\/uploads\\\/2025\\\/03\\\/k4SldDcbsn1VTQKx7vTXgOBiLrymvhRBAJszUJAz6j5HbxZTDE-1.jpg\",\"contentUrl\":\"https:\\\/\\\/vmsport.fi\\\/wp-content\\\/uploads\\\/2025\\\/03\\\/k4SldDcbsn1VTQKx7vTXgOBiLrymvhRBAJszUJAz6j5HbxZTDE-1.jpg\",\"width\":635,\"height\":768,\"caption\":\"k4SldDcbsn1VTQKx7vTXgOBiLrymvhRBAJszUJAz6j5HbxZTDE\"},{\"@type\":\"BreadcrumbList\",\"@id\":\"https:\\\/\\\/vmsport.fi\\\/verkkokauppa\\\/varaosat\\\/ohjaamo\\\/gripit\\\/xlc-gr-s04-black-grey-135-mm\\\/#breadcrumb\",\"itemListElement\":[{\"@type\":\"ListItem\",\"position\":1,\"name\":\"Etusivu\",\"item\":\"https:\\\/\\\/vmsport.fi\\\/\"},{\"@type\":\"ListItem\",\"position\":2,\"name\":\"Online Store\",\"item\":\"https:\\\/\\\/vmsport.fi\\\/en\\\/online-store\\\/\"},{\"@type\":\"ListItem\",\"position\":3,\"name\":\"XLC GR-S04 Black\\\/Grey 135 mm\"}]},{\"@type\":\"WebSite\",\"@id\":\"https:\\\/\\\/vmsport.fi\\\/#website\",\"url\":\"https:\\\/\\\/vmsport.fi\\\/\",\"name\":\"Vmsport\",\"description\":\"Kaikki py\u00f6r\u00e4ilyyn yhdest\u00e4 paikasta\",\"publisher\":{\"@id\":\"https:\\\/\\\/vmsport.fi\\\/#organization\"},\"potentialAction\":[{\"@type\":\"SearchAction\",\"target\":{\"@type\":\"EntryPoint\",\"urlTemplate\":\"https:\\\/\\\/vmsport.fi\\\/?s={search_term_string}\"},\"query-input\":{\"@type\":\"PropertyValueSpecification\",\"valueRequired\":true,\"valueName\":\"search_term_string\"}}],\"inLanguage\":\"sv-SE\"},{\"@type\":\"Organization\",\"@id\":\"https:\\\/\\\/vmsport.fi\\\/#organization\",\"name\":\"Vmsport\",\"url\":\"https:\\\/\\\/vmsport.fi\\\/\",\"logo\":{\"@type\":\"ImageObject\",\"inLanguage\":\"sv-SE\",\"@id\":\"https:\\\/\\\/vmsport.fi\\\/#\\\/schema\\\/logo\\\/image\\\/\",\"url\":\"https:\\\/\\\/vmsport.fi\\\/wp-content\\\/uploads\\\/2024\\\/12\\\/vm_sport_RGB_horisontal-e1734526017575.png\",\"contentUrl\":\"https:\\\/\\\/vmsport.fi\\\/wp-content\\\/uploads\\\/2024\\\/12\\\/vm_sport_RGB_horisontal-e1734526017575.png\",\"width\":668,\"height\":85,\"caption\":\"Vmsport\"},\"image\":{\"@id\":\"https:\\\/\\\/vmsport.fi\\\/#\\\/schema\\\/logo\\\/image\\\/\"},\"sameAs\":[\"https:\\\/\\\/www.facebook.com\\\/Vmsport.fi\\\/\",\"https:\\\/\\\/www.instagram.com\\\/vmsport\\\/\"]}]}<\/script>\n<!-- \/ Yoast SEO plugin. -->","yoast_head_json":{"title":"XLC GR-S04 Svart\/Gr\u00e5 135 mm - VM Sport","robots":{"index":"index","follow":"follow","max-snippet":"max-snippet:-1","max-image-preview":"max-image-preview:large","max-video-preview":"max-video-preview:-1"},"canonical":"https:\/\/vmsport.fi\/sv\/webbutik\/reservdelar\/taxi\/grepp\/xlc-gr-s04-svartgra-135-mm\/","og_locale":"sv_SE","og_type":"article","og_title":"XLC GR-S04 Black\/Grey 135 mm - VM Sport","og_description":"XLC GR-S04 -py\u00f6r\u00e4nkahvat tarjoavat mukavan ja ergonomisen otteen. Mustassa ja harmaassa v\u00e4rityksess\u00e4 ne sopivat tyylikk\u00e4\u00e4sti py\u00f6r\u00e4\u00e4si. Kun haluat est\u00e4\u00e4 k\u00e4sien lipsumisen ajon aikana, n\u00e4m\u00e4 135 mm pitk\u00e4t kahvat ovat erinomainen valinta. Materiaalit on valittu huolellisesti varmistamaan, ett\u00e4 pito s\u00e4ilyy erinomaisena kaikissa s\u00e4\u00e4olosuhteissa, jotta voit keskitty\u00e4 nauttimaan ajomatkasta. Huolellisesti muotoiltu design tukee k\u00e4si\u00e4si ja v\u00e4hent\u00e4\u00e4 v\u00e4symyst\u00e4, [...]L\u00e4s mer \u2026 from XLC GR-S04 Black\/Grey 135 mm","og_url":"https:\/\/vmsport.fi\/sv\/webbutik\/reservdelar\/taxi\/grepp\/xlc-gr-s04-svartgra-135-mm\/","og_site_name":"VM Sport","article_publisher":"https:\/\/www.facebook.com\/Vmsport.fi\/","article_modified_time":"2026-04-22T12:08:09+00:00","og_image":[{"width":635,"height":768,"url":"https:\/\/vmsport.fi\/wp-content\/uploads\/2025\/03\/k4SldDcbsn1VTQKx7vTXgOBiLrymvhRBAJszUJAz6j5HbxZTDE-1.jpg","type":"image\/jpeg"}],"twitter_card":"summary_large_image","schema":{"@context":"https:\/\/schema.org","@graph":[{"@type":["WebPage","ItemPage"],"@id":"https:\/\/vmsport.fi\/verkkokauppa\/varaosat\/ohjaamo\/gripit\/xlc-gr-s04-black-grey-135-mm\/","url":"https:\/\/vmsport.fi\/verkkokauppa\/varaosat\/ohjaamo\/gripit\/xlc-gr-s04-black-grey-135-mm\/","name":"XLC GR-S04 Svart\/Gr\u00e5 135 mm - VM Sport","isPartOf":{"@id":"https:\/\/vmsport.fi\/#website"},"primaryImageOfPage":{"@id":"https:\/\/vmsport.fi\/verkkokauppa\/varaosat\/ohjaamo\/gripit\/xlc-gr-s04-black-grey-135-mm\/#primaryimage"},"image":{"@id":"https:\/\/vmsport.fi\/verkkokauppa\/varaosat\/ohjaamo\/gripit\/xlc-gr-s04-black-grey-135-mm\/#primaryimage"},"thumbnailUrl":"https:\/\/vmsport.fi\/wp-content\/uploads\/2025\/03\/k4SldDcbsn1VTQKx7vTXgOBiLrymvhRBAJszUJAz6j5HbxZTDE-1.jpg","datePublished":"2025-03-05T22:11:10+00:00","dateModified":"2026-04-22T12:08:09+00:00","breadcrumb":{"@id":"https:\/\/vmsport.fi\/verkkokauppa\/varaosat\/ohjaamo\/gripit\/xlc-gr-s04-black-grey-135-mm\/#breadcrumb"},"inLanguage":"sv-SE","potentialAction":[{"@type":"ReadAction","target":["https:\/\/vmsport.fi\/verkkokauppa\/varaosat\/ohjaamo\/gripit\/xlc-gr-s04-black-grey-135-mm\/"]}]},{"@type":"ImageObject","inLanguage":"sv-SE","@id":"https:\/\/vmsport.fi\/verkkokauppa\/varaosat\/ohjaamo\/gripit\/xlc-gr-s04-black-grey-135-mm\/#primaryimage","url":"https:\/\/vmsport.fi\/wp-content\/uploads\/2025\/03\/k4SldDcbsn1VTQKx7vTXgOBiLrymvhRBAJszUJAz6j5HbxZTDE-1.jpg","contentUrl":"https:\/\/vmsport.fi\/wp-content\/uploads\/2025\/03\/k4SldDcbsn1VTQKx7vTXgOBiLrymvhRBAJszUJAz6j5HbxZTDE-1.jpg","width":635,"height":768,"caption":"k4SldDcbsn1VTQKx7vTXgOBiLrymvhRBAJszUJAz6j5HbxZTDE"},{"@type":"BreadcrumbList","@id":"https:\/\/vmsport.fi\/verkkokauppa\/varaosat\/ohjaamo\/gripit\/xlc-gr-s04-black-grey-135-mm\/#breadcrumb","itemListElement":[{"@type":"ListItem","position":1,"name":"Etusivu","item":"https:\/\/vmsport.fi\/"},{"@type":"ListItem","position":2,"name":"Online Store","item":"https:\/\/vmsport.fi\/en\/online-store\/"},{"@type":"ListItem","position":3,"name":"XLC GR-S04 Black\/Grey 135 mm"}]},{"@type":"WebSite","@id":"https:\/\/vmsport.fi\/#website","url":"https:\/\/vmsport.fi\/","name":"Vmsport","description":"Allt p\u00e5 ett st\u00e4lle f\u00f6r cykling","publisher":{"@id":"https:\/\/vmsport.fi\/#organization"},"potentialAction":[{"@type":"SearchAction","target":{"@type":"EntryPoint","urlTemplate":"https:\/\/vmsport.fi\/?s={search_term_string}"},"query-input":{"@type":"PropertyValueSpecification","valueRequired":true,"valueName":"search_term_string"}}],"inLanguage":"sv-SE"},{"@type":"Organization","@id":"https:\/\/vmsport.fi\/#organization","name":"Vmsport","url":"https:\/\/vmsport.fi\/","logo":{"@type":"ImageObject","inLanguage":"sv-SE","@id":"https:\/\/vmsport.fi\/#\/schema\/logo\/image\/","url":"https:\/\/vmsport.fi\/wp-content\/uploads\/2024\/12\/vm_sport_RGB_horisontal-e1734526017575.png","contentUrl":"https:\/\/vmsport.fi\/wp-content\/uploads\/2024\/12\/vm_sport_RGB_horisontal-e1734526017575.png","width":668,"height":85,"caption":"Vmsport"},"image":{"@id":"https:\/\/vmsport.fi\/#\/schema\/logo\/image\/"},"sameAs":["https:\/\/www.facebook.com\/Vmsport.fi\/","https:\/\/www.instagram.com\/vmsport\/"]}]}},"global_unique_id":"","_links":{"self":[{"href":"https:\/\/vmsport.fi\/sv\/wp-json\/wp\/v2\/product\/55737","targetHints":{"allow":["GET"]}}],"collection":[{"href":"https:\/\/vmsport.fi\/sv\/wp-json\/wp\/v2\/product"}],"about":[{"href":"https:\/\/vmsport.fi\/sv\/wp-json\/wp\/v2\/types\/product"}],"replies":[{"embeddable":true,"href":"https:\/\/vmsport.fi\/sv\/wp-json\/wp\/v2\/comments?post=55737"}],"wp:featuredmedia":[{"embeddable":true,"href":"https:\/\/vmsport.fi\/sv\/wp-json\/wp\/v2\/media\/55736"}],"wp:attachment":[{"href":"https:\/\/vmsport.fi\/sv\/wp-json\/wp\/v2\/media?parent=55737"}],"wp:term":[{"taxonomy":"product_brand","embeddable":true,"href":"https:\/\/vmsport.fi\/sv\/wp-json\/wp\/v2\/product_brand?post=55737"},{"taxonomy":"product_model","embeddable":true,"href":"https:\/\/vmsport.fi\/sv\/wp-json\/wp\/v2\/product_model?post=55737"},{"taxonomy":"product_cat","embeddable":true,"href":"https:\/\/vmsport.fi\/sv\/wp-json\/wp\/v2\/product_cat?post=55737"},{"taxonomy":"product_tag","embeddable":true,"href":"https:\/\/vmsport.fi\/sv\/wp-json\/wp\/v2\/product_tag?post=55737"},{"taxonomy":"industry_terminology","embeddable":true,"href":"https:\/\/vmsport.fi\/sv\/wp-json\/wp\/v2\/industry-terminology?post=55737"}],"curies":[{"name":"wp","href":"https:\/\/api.w.org\/{rel}","templated":true}]}}