{"id":55735,"date":"2025-03-06T00:11:09","date_gmt":"2025-03-05T22:11:09","guid":{"rendered":"https:\/\/vmsport.fi\/verkkokauppa\/Ei-luokiteltu\/trek-vasen-sivuaukollinen-pulloteline-kieratetty-mattamusta\/"},"modified":"2026-04-22T15:09:41","modified_gmt":"2026-04-22T12:09:41","slug":"trek-vasen-sivuaukollinen-pulloteline-kieratetty-mattamusta","status":"publish","type":"product","link":"https:\/\/vmsport.fi\/sv\/verkkokauppa\/tarvikkeet\/telineet\/pullotelineet\/trek-vasen-sivuaukollinen-pulloteline-kieratetty-mattamusta\/","title":{"rendered":"Trek v\u00e4nster sido\u00f6ppnande flaskh\u00e5llare vriden matt svart"},"content":{"rendered":"<p>Trek vasen sivuaukollinen pulloteline on erinomainen valinta py\u00f6r\u00e4ilyn harrastajille, jotka arvostavat k\u00e4yt\u00e4nn\u00f6llisyytt\u00e4 ja ymp\u00e4rist\u00f6tietoisuutta. Sivuaukollinen muotoilu mahdollistaa juomapullon helpon saatavuuden, erityisesti silloin, kun py\u00f6r\u00e4n runko on ahdas. T\u00e4m\u00e4 pulloteline on valmistettu kierr\u00e4tysmateriaaleista, mik\u00e4 tukee kest\u00e4v\u00e4n kehityksen periaatteita. Sen mattamusta pinta tarjoaa tyylikk\u00e4\u00e4n ja hienostuneen ulkon\u00e4\u00f6n, joka sopii t\u00e4ydellisesti monenlaisiin py\u00f6r\u00e4malleihin.<\/p>","protected":false},"excerpt":{"rendered":"<p>Trek vasen sivuaukollinen pulloteline on erinomainen valinta py\u00f6r\u00e4ilyn harrastajille, jotka arvostavat k\u00e4yt\u00e4nn\u00f6llisyytt\u00e4 ja ymp\u00e4rist\u00f6tietoisuutta. Sivuaukollinen muotoilu mahdollistaa juomapullon helpon saatavuuden, erityisesti silloin, kun py\u00f6r\u00e4n runko on ahdas. T\u00e4m\u00e4 pulloteline on valmistettu kierr\u00e4tysmateriaaleista, mik\u00e4 tukee kest\u00e4v\u00e4n kehityksen periaatteita. Sen mattamusta pinta tarjoaa tyylikk\u00e4\u00e4n ja hienostuneen ulkon\u00e4\u00f6n, joka sopii t\u00e4ydellisesti monenlaisiin py\u00f6r\u00e4malleihin. [&#8230;]<\/p>\n<p><a class=\"btn btn-secondary understrap-read-more-link\" href=\"https:\/\/vmsport.fi\/sv\/verkkokauppa\/tarvikkeet\/telineet\/pullotelineet\/trek-vasen-sivuaukollinen-pulloteline-kieratetty-mattamusta\/\">L\u00e4s mer \u2026<span class=\"screen-reader-text\"> from Trek vasen sivuaukollinen pulloteline kier\u00e4tetty mattamusta<\/span><\/a><\/p>\n","protected":false},"featured_media":55734,"comment_status":"open","ping_status":"closed","template":"","meta":{"_acf_changed":false,"_improvement_type_select":"improve_an_existing","_thumb_yes_seoaic":false,"_frame_yes_seoaic":false,"seoaic_generate_description":"","seoaic_improve_instructions_prompt":"","seoaic_rollback_content_improvement":"","seoaic_idea_thumbnail_generator":"","thumbnail_generated":false,"thumbnail_generate_prompt":"","seoaic_article_description":"","_supplier_stock_quantity":0},"product_brand":[37],"product_model":[],"product_cat":[9344],"product_tag":[],"industry-terminology":[],"class_list":{"0":"post-55735","1":"product","2":"type-product","3":"status-publish","4":"has-post-thumbnail","6":"product_brand-trek","7":"product_cat-pullotelineet","9":"first","10":"instock","11":"taxable","12":"shipping-taxable","13":"purchasable","14":"product-type-simple"},"acf":{"bike_features":null,"overview":{"copy_overview":null,"key_features":null,"statement":"","youtube_url":""}},"yoast_head":"<!-- This site is optimized with the Yoast SEO plugin v27.4 - https:\/\/yoast.com\/product\/yoast-seo-wordpress\/ -->\n<title>Trek vasen sivuaukollinen pulloteline kier\u00e4tetty mattamusta - VM Sport<\/title>\n<meta name=\"robots\" content=\"index, follow, max-snippet:-1, max-image-preview:large, max-video-preview:-1\" \/>\n<link rel=\"canonical\" href=\"https:\/\/vmsport.fi\/sv\/webbutik\/tillbehor\/byggnadsstallningar\/flaskhallare\/trek-vasen-sivuaukollinen-pulloteline-kieratetty-mattamusta\/\" \/>\n<meta property=\"og:locale\" content=\"sv_SE\" \/>\n<meta property=\"og:type\" content=\"article\" \/>\n<meta property=\"og:title\" content=\"Trek vasen sivuaukollinen pulloteline kier\u00e4tetty mattamusta - VM Sport\" \/>\n<meta property=\"og:description\" content=\"Trek vasen sivuaukollinen pulloteline on erinomainen valinta py\u00f6r\u00e4ilyn harrastajille, jotka arvostavat k\u00e4yt\u00e4nn\u00f6llisyytt\u00e4 ja ymp\u00e4rist\u00f6tietoisuutta. Sivuaukollinen muotoilu mahdollistaa juomapullon helpon saatavuuden, erityisesti silloin, kun py\u00f6r\u00e4n runko on ahdas. T\u00e4m\u00e4 pulloteline on valmistettu kierr\u00e4tysmateriaaleista, mik\u00e4 tukee kest\u00e4v\u00e4n kehityksen periaatteita. Sen mattamusta pinta tarjoaa tyylikk\u00e4\u00e4n ja hienostuneen ulkon\u00e4\u00f6n, joka sopii t\u00e4ydellisesti monenlaisiin py\u00f6r\u00e4malleihin. [...]L\u00e4s mer \u2026 from Trek vasen sivuaukollinen pulloteline kier\u00e4tetty mattamusta\" \/>\n<meta property=\"og:url\" content=\"https:\/\/vmsport.fi\/sv\/webbutik\/tillbehor\/byggnadsstallningar\/flaskhallare\/trek-vasen-sivuaukollinen-pulloteline-kieratetty-mattamusta\/\" \/>\n<meta property=\"og:site_name\" content=\"VM Sport\" \/>\n<meta property=\"article:publisher\" content=\"https:\/\/www.facebook.com\/Vmsport.fi\/\" \/>\n<meta property=\"article:modified_time\" content=\"2026-04-22T12:09:41+00:00\" \/>\n<meta property=\"og:image\" content=\"https:\/\/vmsport.fi\/wp-content\/uploads\/2025\/03\/TrekLeftSideLoadWaterBottleCageRecycled-47144-H-Primary-1.jpg\" \/>\n\t<meta property=\"og:image:width\" content=\"1000\" \/>\n\t<meta property=\"og:image:height\" content=\"750\" \/>\n\t<meta property=\"og:image:type\" content=\"image\/jpeg\" \/>\n<meta name=\"twitter:card\" content=\"summary_large_image\" \/>\n<script type=\"application\/ld+json\" class=\"yoast-schema-graph\">{\"@context\":\"https:\\\/\\\/schema.org\",\"@graph\":[{\"@type\":[\"WebPage\",\"ItemPage\"],\"@id\":\"https:\\\/\\\/vmsport.fi\\\/verkkokauppa\\\/tarvikkeet\\\/telineet\\\/pullotelineet\\\/trek-vasen-sivuaukollinen-pulloteline-kieratetty-mattamusta\\\/\",\"url\":\"https:\\\/\\\/vmsport.fi\\\/verkkokauppa\\\/tarvikkeet\\\/telineet\\\/pullotelineet\\\/trek-vasen-sivuaukollinen-pulloteline-kieratetty-mattamusta\\\/\",\"name\":\"Trek vasen sivuaukollinen pulloteline kier\u00e4tetty mattamusta - VM Sport\",\"isPartOf\":{\"@id\":\"https:\\\/\\\/vmsport.fi\\\/#website\"},\"primaryImageOfPage\":{\"@id\":\"https:\\\/\\\/vmsport.fi\\\/verkkokauppa\\\/tarvikkeet\\\/telineet\\\/pullotelineet\\\/trek-vasen-sivuaukollinen-pulloteline-kieratetty-mattamusta\\\/#primaryimage\"},\"image\":{\"@id\":\"https:\\\/\\\/vmsport.fi\\\/verkkokauppa\\\/tarvikkeet\\\/telineet\\\/pullotelineet\\\/trek-vasen-sivuaukollinen-pulloteline-kieratetty-mattamusta\\\/#primaryimage\"},\"thumbnailUrl\":\"https:\\\/\\\/vmsport.fi\\\/wp-content\\\/uploads\\\/2025\\\/03\\\/TrekLeftSideLoadWaterBottleCageRecycled-47144-H-Primary-1.jpg\",\"datePublished\":\"2025-03-05T22:11:09+00:00\",\"dateModified\":\"2026-04-22T12:09:41+00:00\",\"breadcrumb\":{\"@id\":\"https:\\\/\\\/vmsport.fi\\\/verkkokauppa\\\/tarvikkeet\\\/telineet\\\/pullotelineet\\\/trek-vasen-sivuaukollinen-pulloteline-kieratetty-mattamusta\\\/#breadcrumb\"},\"inLanguage\":\"sv-SE\",\"potentialAction\":[{\"@type\":\"ReadAction\",\"target\":[\"https:\\\/\\\/vmsport.fi\\\/verkkokauppa\\\/tarvikkeet\\\/telineet\\\/pullotelineet\\\/trek-vasen-sivuaukollinen-pulloteline-kieratetty-mattamusta\\\/\"]}]},{\"@type\":\"ImageObject\",\"inLanguage\":\"sv-SE\",\"@id\":\"https:\\\/\\\/vmsport.fi\\\/verkkokauppa\\\/tarvikkeet\\\/telineet\\\/pullotelineet\\\/trek-vasen-sivuaukollinen-pulloteline-kieratetty-mattamusta\\\/#primaryimage\",\"url\":\"https:\\\/\\\/vmsport.fi\\\/wp-content\\\/uploads\\\/2025\\\/03\\\/TrekLeftSideLoadWaterBottleCageRecycled-47144-H-Primary-1.jpg\",\"contentUrl\":\"https:\\\/\\\/vmsport.fi\\\/wp-content\\\/uploads\\\/2025\\\/03\\\/TrekLeftSideLoadWaterBottleCageRecycled-47144-H-Primary-1.jpg\",\"width\":1000,\"height\":750,\"caption\":\"TrekLeftSideLoadWaterBottleCageRecycled-47144-H-Primary\"},{\"@type\":\"BreadcrumbList\",\"@id\":\"https:\\\/\\\/vmsport.fi\\\/verkkokauppa\\\/tarvikkeet\\\/telineet\\\/pullotelineet\\\/trek-vasen-sivuaukollinen-pulloteline-kieratetty-mattamusta\\\/#breadcrumb\",\"itemListElement\":[{\"@type\":\"ListItem\",\"position\":1,\"name\":\"Etusivu\",\"item\":\"https:\\\/\\\/vmsport.fi\\\/\"},{\"@type\":\"ListItem\",\"position\":2,\"name\":\"Online Store\",\"item\":\"https:\\\/\\\/vmsport.fi\\\/en\\\/online-store\\\/\"},{\"@type\":\"ListItem\",\"position\":3,\"name\":\"Trek polkupy\u00f6r\u00e4t\",\"item\":\"https:\\\/\\\/vmsport.fi\\\/sv\\\/merkki\\\/trek\\\/\"},{\"@type\":\"ListItem\",\"position\":4,\"name\":\"Trek vasen sivuaukollinen pulloteline kier\u00e4tetty mattamusta\"}]},{\"@type\":\"WebSite\",\"@id\":\"https:\\\/\\\/vmsport.fi\\\/#website\",\"url\":\"https:\\\/\\\/vmsport.fi\\\/\",\"name\":\"Vmsport\",\"description\":\"Kaikki py\u00f6r\u00e4ilyyn yhdest\u00e4 paikasta\",\"publisher\":{\"@id\":\"https:\\\/\\\/vmsport.fi\\\/#organization\"},\"potentialAction\":[{\"@type\":\"SearchAction\",\"target\":{\"@type\":\"EntryPoint\",\"urlTemplate\":\"https:\\\/\\\/vmsport.fi\\\/?s={search_term_string}\"},\"query-input\":{\"@type\":\"PropertyValueSpecification\",\"valueRequired\":true,\"valueName\":\"search_term_string\"}}],\"inLanguage\":\"sv-SE\"},{\"@type\":\"Organization\",\"@id\":\"https:\\\/\\\/vmsport.fi\\\/#organization\",\"name\":\"Vmsport\",\"url\":\"https:\\\/\\\/vmsport.fi\\\/\",\"logo\":{\"@type\":\"ImageObject\",\"inLanguage\":\"sv-SE\",\"@id\":\"https:\\\/\\\/vmsport.fi\\\/#\\\/schema\\\/logo\\\/image\\\/\",\"url\":\"https:\\\/\\\/vmsport.fi\\\/wp-content\\\/uploads\\\/2024\\\/12\\\/vm_sport_RGB_horisontal-e1734526017575.png\",\"contentUrl\":\"https:\\\/\\\/vmsport.fi\\\/wp-content\\\/uploads\\\/2024\\\/12\\\/vm_sport_RGB_horisontal-e1734526017575.png\",\"width\":668,\"height\":85,\"caption\":\"Vmsport\"},\"image\":{\"@id\":\"https:\\\/\\\/vmsport.fi\\\/#\\\/schema\\\/logo\\\/image\\\/\"},\"sameAs\":[\"https:\\\/\\\/www.facebook.com\\\/Vmsport.fi\\\/\",\"https:\\\/\\\/www.instagram.com\\\/vmsport\\\/\"]}]}<\/script>\n<!-- \/ Yoast SEO plugin. -->","yoast_head_json":{"title":"Trek vasen sivuaukollinen pulloteline kier\u00e4tetty mattamusta - VM Sport","robots":{"index":"index","follow":"follow","max-snippet":"max-snippet:-1","max-image-preview":"max-image-preview:large","max-video-preview":"max-video-preview:-1"},"canonical":"https:\/\/vmsport.fi\/sv\/webbutik\/tillbehor\/byggnadsstallningar\/flaskhallare\/trek-vasen-sivuaukollinen-pulloteline-kieratetty-mattamusta\/","og_locale":"sv_SE","og_type":"article","og_title":"Trek vasen sivuaukollinen pulloteline kier\u00e4tetty mattamusta - VM Sport","og_description":"Trek vasen sivuaukollinen pulloteline on erinomainen valinta py\u00f6r\u00e4ilyn harrastajille, jotka arvostavat k\u00e4yt\u00e4nn\u00f6llisyytt\u00e4 ja ymp\u00e4rist\u00f6tietoisuutta. Sivuaukollinen muotoilu mahdollistaa juomapullon helpon saatavuuden, erityisesti silloin, kun py\u00f6r\u00e4n runko on ahdas. T\u00e4m\u00e4 pulloteline on valmistettu kierr\u00e4tysmateriaaleista, mik\u00e4 tukee kest\u00e4v\u00e4n kehityksen periaatteita. Sen mattamusta pinta tarjoaa tyylikk\u00e4\u00e4n ja hienostuneen ulkon\u00e4\u00f6n, joka sopii t\u00e4ydellisesti monenlaisiin py\u00f6r\u00e4malleihin. [...]L\u00e4s mer \u2026 from Trek vasen sivuaukollinen pulloteline kier\u00e4tetty mattamusta","og_url":"https:\/\/vmsport.fi\/sv\/webbutik\/tillbehor\/byggnadsstallningar\/flaskhallare\/trek-vasen-sivuaukollinen-pulloteline-kieratetty-mattamusta\/","og_site_name":"VM Sport","article_publisher":"https:\/\/www.facebook.com\/Vmsport.fi\/","article_modified_time":"2026-04-22T12:09:41+00:00","og_image":[{"width":1000,"height":750,"url":"https:\/\/vmsport.fi\/wp-content\/uploads\/2025\/03\/TrekLeftSideLoadWaterBottleCageRecycled-47144-H-Primary-1.jpg","type":"image\/jpeg"}],"twitter_card":"summary_large_image","schema":{"@context":"https:\/\/schema.org","@graph":[{"@type":["WebPage","ItemPage"],"@id":"https:\/\/vmsport.fi\/verkkokauppa\/tarvikkeet\/telineet\/pullotelineet\/trek-vasen-sivuaukollinen-pulloteline-kieratetty-mattamusta\/","url":"https:\/\/vmsport.fi\/verkkokauppa\/tarvikkeet\/telineet\/pullotelineet\/trek-vasen-sivuaukollinen-pulloteline-kieratetty-mattamusta\/","name":"Trek vasen sivuaukollinen pulloteline kier\u00e4tetty mattamusta - VM Sport","isPartOf":{"@id":"https:\/\/vmsport.fi\/#website"},"primaryImageOfPage":{"@id":"https:\/\/vmsport.fi\/verkkokauppa\/tarvikkeet\/telineet\/pullotelineet\/trek-vasen-sivuaukollinen-pulloteline-kieratetty-mattamusta\/#primaryimage"},"image":{"@id":"https:\/\/vmsport.fi\/verkkokauppa\/tarvikkeet\/telineet\/pullotelineet\/trek-vasen-sivuaukollinen-pulloteline-kieratetty-mattamusta\/#primaryimage"},"thumbnailUrl":"https:\/\/vmsport.fi\/wp-content\/uploads\/2025\/03\/TrekLeftSideLoadWaterBottleCageRecycled-47144-H-Primary-1.jpg","datePublished":"2025-03-05T22:11:09+00:00","dateModified":"2026-04-22T12:09:41+00:00","breadcrumb":{"@id":"https:\/\/vmsport.fi\/verkkokauppa\/tarvikkeet\/telineet\/pullotelineet\/trek-vasen-sivuaukollinen-pulloteline-kieratetty-mattamusta\/#breadcrumb"},"inLanguage":"sv-SE","potentialAction":[{"@type":"ReadAction","target":["https:\/\/vmsport.fi\/verkkokauppa\/tarvikkeet\/telineet\/pullotelineet\/trek-vasen-sivuaukollinen-pulloteline-kieratetty-mattamusta\/"]}]},{"@type":"ImageObject","inLanguage":"sv-SE","@id":"https:\/\/vmsport.fi\/verkkokauppa\/tarvikkeet\/telineet\/pullotelineet\/trek-vasen-sivuaukollinen-pulloteline-kieratetty-mattamusta\/#primaryimage","url":"https:\/\/vmsport.fi\/wp-content\/uploads\/2025\/03\/TrekLeftSideLoadWaterBottleCageRecycled-47144-H-Primary-1.jpg","contentUrl":"https:\/\/vmsport.fi\/wp-content\/uploads\/2025\/03\/TrekLeftSideLoadWaterBottleCageRecycled-47144-H-Primary-1.jpg","width":1000,"height":750,"caption":"TrekLeftSideLoadWaterBottleCageRecycled-47144-H-Primary"},{"@type":"BreadcrumbList","@id":"https:\/\/vmsport.fi\/verkkokauppa\/tarvikkeet\/telineet\/pullotelineet\/trek-vasen-sivuaukollinen-pulloteline-kieratetty-mattamusta\/#breadcrumb","itemListElement":[{"@type":"ListItem","position":1,"name":"Etusivu","item":"https:\/\/vmsport.fi\/"},{"@type":"ListItem","position":2,"name":"Online Store","item":"https:\/\/vmsport.fi\/en\/online-store\/"},{"@type":"ListItem","position":3,"name":"Trek polkupy\u00f6r\u00e4t","item":"https:\/\/vmsport.fi\/sv\/merkki\/trek\/"},{"@type":"ListItem","position":4,"name":"Trek vasen sivuaukollinen pulloteline kier\u00e4tetty mattamusta"}]},{"@type":"WebSite","@id":"https:\/\/vmsport.fi\/#website","url":"https:\/\/vmsport.fi\/","name":"Vmsport","description":"Allt p\u00e5 ett st\u00e4lle f\u00f6r cykling","publisher":{"@id":"https:\/\/vmsport.fi\/#organization"},"potentialAction":[{"@type":"SearchAction","target":{"@type":"EntryPoint","urlTemplate":"https:\/\/vmsport.fi\/?s={search_term_string}"},"query-input":{"@type":"PropertyValueSpecification","valueRequired":true,"valueName":"search_term_string"}}],"inLanguage":"sv-SE"},{"@type":"Organization","@id":"https:\/\/vmsport.fi\/#organization","name":"Vmsport","url":"https:\/\/vmsport.fi\/","logo":{"@type":"ImageObject","inLanguage":"sv-SE","@id":"https:\/\/vmsport.fi\/#\/schema\/logo\/image\/","url":"https:\/\/vmsport.fi\/wp-content\/uploads\/2024\/12\/vm_sport_RGB_horisontal-e1734526017575.png","contentUrl":"https:\/\/vmsport.fi\/wp-content\/uploads\/2024\/12\/vm_sport_RGB_horisontal-e1734526017575.png","width":668,"height":85,"caption":"Vmsport"},"image":{"@id":"https:\/\/vmsport.fi\/#\/schema\/logo\/image\/"},"sameAs":["https:\/\/www.facebook.com\/Vmsport.fi\/","https:\/\/www.instagram.com\/vmsport\/"]}]}},"global_unique_id":"","_links":{"self":[{"href":"https:\/\/vmsport.fi\/sv\/wp-json\/wp\/v2\/product\/55735","targetHints":{"allow":["GET"]}}],"collection":[{"href":"https:\/\/vmsport.fi\/sv\/wp-json\/wp\/v2\/product"}],"about":[{"href":"https:\/\/vmsport.fi\/sv\/wp-json\/wp\/v2\/types\/product"}],"replies":[{"embeddable":true,"href":"https:\/\/vmsport.fi\/sv\/wp-json\/wp\/v2\/comments?post=55735"}],"wp:featuredmedia":[{"embeddable":true,"href":"https:\/\/vmsport.fi\/sv\/wp-json\/wp\/v2\/media\/55734"}],"wp:attachment":[{"href":"https:\/\/vmsport.fi\/sv\/wp-json\/wp\/v2\/media?parent=55735"}],"wp:term":[{"taxonomy":"product_brand","embeddable":true,"href":"https:\/\/vmsport.fi\/sv\/wp-json\/wp\/v2\/product_brand?post=55735"},{"taxonomy":"product_model","embeddable":true,"href":"https:\/\/vmsport.fi\/sv\/wp-json\/wp\/v2\/product_model?post=55735"},{"taxonomy":"product_cat","embeddable":true,"href":"https:\/\/vmsport.fi\/sv\/wp-json\/wp\/v2\/product_cat?post=55735"},{"taxonomy":"product_tag","embeddable":true,"href":"https:\/\/vmsport.fi\/sv\/wp-json\/wp\/v2\/product_tag?post=55735"},{"taxonomy":"industry_terminology","embeddable":true,"href":"https:\/\/vmsport.fi\/sv\/wp-json\/wp\/v2\/industry-terminology?post=55735"}],"curies":[{"name":"wp","href":"https:\/\/api.w.org\/{rel}","templated":true}]}}