{"id":55730,"date":"2025-03-06T00:11:06","date_gmt":"2025-03-05T22:11:06","guid":{"rendered":"https:\/\/vmsport.fi\/verkkokauppa\/Ei-luokiteltu\/scsn-6902-2rs-15x28x7-mm\/"},"modified":"2026-01-16T13:20:58","modified_gmt":"2026-01-16T11:20:58","slug":"scsn-6902-2rs-15x28x7-mm","status":"publish","type":"product","link":"https:\/\/vmsport.fi\/sv\/verkkokauppa\/varaosat\/kiekot-ja-navat\/laakerit\/scsn-6902-2rs-15x28x7-mm\/","title":{"rendered":"SCSN 6902-2RS 15x28x7 mm"},"content":{"rendered":"<p>SCSN 6902-2RS \u00e4r ett premiumkullager som utm\u00e4rker sig genom sin exceptionella h\u00e5llbarhet. Det \u00e4r konstruerat f\u00f6r att fungera i kr\u00e4vande milj\u00f6er och har t\u00e4tningar som skyddar det mot smuts och fukt. Lagret har en diameter p\u00e5 15 mm, en ytterdiameter p\u00e5 28 mm och en bredd p\u00e5 7 mm och \u00e4r tillverkat av mycket slitstark metall. Den rundade designen ger en j\u00e4mn r\u00f6relse, vilket minskar friktionen och f\u00f6rb\u00e4ttrar prestandan. Detta lager kombinerar effektivitet och h\u00f6g kvalitet, vilket g\u00f6r det till det perfekta valet f\u00f6r b\u00e5de kr\u00e4vande industriella applikationer och ett brett utbud av hobbyprojekt.<\/p>","protected":false},"excerpt":{"rendered":"<p>SCSN 6902-2RS on ensiluokkainen kuulalaakeri, joka erottuu erityisen kest\u00e4vyydell\u00e4\u00e4n. Se on suunniteltu toimimaan haastavissa ymp\u00e4rist\u00f6iss\u00e4 ja sis\u00e4lt\u00e4\u00e4 tiivisteet, jotka suojaavat sit\u00e4 lialta ja kosteudelta. Laakerin halkaisija on 15 mm, ulkohalkaisija 28 mm ja leveys 7 mm, ja se on valmistettu eritt\u00e4in kest\u00e4v\u00e4st\u00e4 metallista. Sen py\u00f6ristetty rakenne mahdollistaa tasaisen liikkeen, mik\u00e4 v\u00e4hent\u00e4\u00e4 kitkaa ja parantaa suorituskyky\u00e4. [&#8230;]<\/p>\n<p><a class=\"btn btn-secondary understrap-read-more-link\" href=\"https:\/\/vmsport.fi\/sv\/verkkokauppa\/varaosat\/kiekot-ja-navat\/laakerit\/scsn-6902-2rs-15x28x7-mm\/\">L\u00e4s mer \u2026<span class=\"screen-reader-text\"> from SCSN 6902-2RS 15x28x7 mm<\/span><\/a><\/p>\n","protected":false},"featured_media":55729,"comment_status":"open","ping_status":"closed","template":"","meta":{"_acf_changed":false,"_improvement_type_select":"improve_an_existing","_thumb_yes_seoaic":false,"_frame_yes_seoaic":false,"seoaic_generate_description":"","seoaic_improve_instructions_prompt":"","seoaic_rollback_content_improvement":"","seoaic_idea_thumbnail_generator":"","thumbnail_generated":false,"thumbnail_generate_prompt":"","seoaic_article_description":"","_supplier_stock_quantity":0},"product_brand":[],"product_model":[],"product_cat":[9464],"product_tag":[],"industry-terminology":[],"class_list":{"0":"post-55730","1":"product","2":"type-product","3":"status-publish","4":"has-post-thumbnail","6":"product_cat-laakerit","8":"first","9":"outofstock","10":"taxable","11":"shipping-taxable","12":"product-type-simple"},"acf":{"bike_features":null,"overview":{"copy_overview":null,"key_features":null,"statement":"","youtube_url":""}},"yoast_head":"<!-- This site is optimized with the Yoast SEO plugin v27.3 - https:\/\/yoast.com\/product\/yoast-seo-wordpress\/ -->\n<title>SCSN 6902-2RS 15x28x7 mm - VM Sport<\/title>\n<meta name=\"robots\" content=\"index, follow, max-snippet:-1, max-image-preview:large, max-video-preview:-1\" \/>\n<link rel=\"canonical\" href=\"https:\/\/vmsport.fi\/sv\/webbutik\/reservdelar\/skivor-och-nav\/lager\/scsn-6902-2rs-15x28x7-mm\/\" \/>\n<meta property=\"og:locale\" content=\"sv_SE\" \/>\n<meta property=\"og:type\" content=\"article\" \/>\n<meta property=\"og:title\" content=\"SCSN 6902-2RS 15x28x7 mm - VM Sport\" \/>\n<meta property=\"og:description\" content=\"SCSN 6902-2RS on ensiluokkainen kuulalaakeri, joka erottuu erityisen kest\u00e4vyydell\u00e4\u00e4n. Se on suunniteltu toimimaan haastavissa ymp\u00e4rist\u00f6iss\u00e4 ja sis\u00e4lt\u00e4\u00e4 tiivisteet, jotka suojaavat sit\u00e4 lialta ja kosteudelta. Laakerin halkaisija on 15 mm, ulkohalkaisija 28 mm ja leveys 7 mm, ja se on valmistettu eritt\u00e4in kest\u00e4v\u00e4st\u00e4 metallista. Sen py\u00f6ristetty rakenne mahdollistaa tasaisen liikkeen, mik\u00e4 v\u00e4hent\u00e4\u00e4 kitkaa ja parantaa suorituskyky\u00e4. [...]L\u00e4s mer \u2026 from SCSN 6902-2RS 15x28x7 mm\" \/>\n<meta property=\"og:url\" content=\"https:\/\/vmsport.fi\/sv\/webbutik\/reservdelar\/skivor-och-nav\/lager\/scsn-6902-2rs-15x28x7-mm\/\" \/>\n<meta property=\"og:site_name\" content=\"VM Sport\" \/>\n<meta property=\"article:publisher\" content=\"https:\/\/www.facebook.com\/Vmsport.fi\/\" \/>\n<meta property=\"article:modified_time\" content=\"2026-01-16T11:20:58+00:00\" \/>\n<meta property=\"og:image\" content=\"https:\/\/vmsport.fi\/wp-content\/uploads\/2025\/03\/a1Ji7m2nXWTAoDkVyZfFToYYpK6Hrz9K1nFRqwjzD9UNzbadvU-1.jpg\" \/>\n\t<meta property=\"og:image:width\" content=\"337\" \/>\n\t<meta property=\"og:image:height\" content=\"218\" \/>\n\t<meta property=\"og:image:type\" content=\"image\/jpeg\" \/>\n<meta name=\"twitter:card\" content=\"summary_large_image\" \/>\n<script type=\"application\/ld+json\" class=\"yoast-schema-graph\">{\"@context\":\"https:\\\/\\\/schema.org\",\"@graph\":[{\"@type\":[\"WebPage\",\"ItemPage\"],\"@id\":\"https:\\\/\\\/vmsport.fi\\\/verkkokauppa\\\/varaosat\\\/kiekot-ja-navat\\\/laakerit\\\/scsn-6902-2rs-15x28x7-mm\\\/\",\"url\":\"https:\\\/\\\/vmsport.fi\\\/verkkokauppa\\\/varaosat\\\/kiekot-ja-navat\\\/laakerit\\\/scsn-6902-2rs-15x28x7-mm\\\/\",\"name\":\"SCSN 6902-2RS 15x28x7 mm - VM Sport\",\"isPartOf\":{\"@id\":\"https:\\\/\\\/vmsport.fi\\\/#website\"},\"primaryImageOfPage\":{\"@id\":\"https:\\\/\\\/vmsport.fi\\\/verkkokauppa\\\/varaosat\\\/kiekot-ja-navat\\\/laakerit\\\/scsn-6902-2rs-15x28x7-mm\\\/#primaryimage\"},\"image\":{\"@id\":\"https:\\\/\\\/vmsport.fi\\\/verkkokauppa\\\/varaosat\\\/kiekot-ja-navat\\\/laakerit\\\/scsn-6902-2rs-15x28x7-mm\\\/#primaryimage\"},\"thumbnailUrl\":\"https:\\\/\\\/vmsport.fi\\\/wp-content\\\/uploads\\\/2025\\\/03\\\/a1Ji7m2nXWTAoDkVyZfFToYYpK6Hrz9K1nFRqwjzD9UNzbadvU-1.jpg\",\"datePublished\":\"2025-03-05T22:11:06+00:00\",\"dateModified\":\"2026-01-16T11:20:58+00:00\",\"breadcrumb\":{\"@id\":\"https:\\\/\\\/vmsport.fi\\\/verkkokauppa\\\/varaosat\\\/kiekot-ja-navat\\\/laakerit\\\/scsn-6902-2rs-15x28x7-mm\\\/#breadcrumb\"},\"inLanguage\":\"sv-SE\",\"potentialAction\":[{\"@type\":\"ReadAction\",\"target\":[\"https:\\\/\\\/vmsport.fi\\\/verkkokauppa\\\/varaosat\\\/kiekot-ja-navat\\\/laakerit\\\/scsn-6902-2rs-15x28x7-mm\\\/\"]}]},{\"@type\":\"ImageObject\",\"inLanguage\":\"sv-SE\",\"@id\":\"https:\\\/\\\/vmsport.fi\\\/verkkokauppa\\\/varaosat\\\/kiekot-ja-navat\\\/laakerit\\\/scsn-6902-2rs-15x28x7-mm\\\/#primaryimage\",\"url\":\"https:\\\/\\\/vmsport.fi\\\/wp-content\\\/uploads\\\/2025\\\/03\\\/a1Ji7m2nXWTAoDkVyZfFToYYpK6Hrz9K1nFRqwjzD9UNzbadvU-1.jpg\",\"contentUrl\":\"https:\\\/\\\/vmsport.fi\\\/wp-content\\\/uploads\\\/2025\\\/03\\\/a1Ji7m2nXWTAoDkVyZfFToYYpK6Hrz9K1nFRqwjzD9UNzbadvU-1.jpg\",\"width\":337,\"height\":218,\"caption\":\"a1Ji7m2nXWTAoDkVyZfFToYYpK6Hrz9K1nFRqwjzD9UNzbadvU\"},{\"@type\":\"BreadcrumbList\",\"@id\":\"https:\\\/\\\/vmsport.fi\\\/verkkokauppa\\\/varaosat\\\/kiekot-ja-navat\\\/laakerit\\\/scsn-6902-2rs-15x28x7-mm\\\/#breadcrumb\",\"itemListElement\":[{\"@type\":\"ListItem\",\"position\":1,\"name\":\"Etusivu\",\"item\":\"https:\\\/\\\/vmsport.fi\\\/\"},{\"@type\":\"ListItem\",\"position\":2,\"name\":\"Online Store\",\"item\":\"https:\\\/\\\/vmsport.fi\\\/en\\\/online-store\\\/\"},{\"@type\":\"ListItem\",\"position\":3,\"name\":\"SCSN 6902-2RS 15x28x7 mm\"}]},{\"@type\":\"WebSite\",\"@id\":\"https:\\\/\\\/vmsport.fi\\\/#website\",\"url\":\"https:\\\/\\\/vmsport.fi\\\/\",\"name\":\"Vmsport\",\"description\":\"Kaikki py\u00f6r\u00e4ilyyn yhdest\u00e4 paikasta\",\"publisher\":{\"@id\":\"https:\\\/\\\/vmsport.fi\\\/#organization\"},\"potentialAction\":[{\"@type\":\"SearchAction\",\"target\":{\"@type\":\"EntryPoint\",\"urlTemplate\":\"https:\\\/\\\/vmsport.fi\\\/?s={search_term_string}\"},\"query-input\":{\"@type\":\"PropertyValueSpecification\",\"valueRequired\":true,\"valueName\":\"search_term_string\"}}],\"inLanguage\":\"sv-SE\"},{\"@type\":\"Organization\",\"@id\":\"https:\\\/\\\/vmsport.fi\\\/#organization\",\"name\":\"Vmsport\",\"url\":\"https:\\\/\\\/vmsport.fi\\\/\",\"logo\":{\"@type\":\"ImageObject\",\"inLanguage\":\"sv-SE\",\"@id\":\"https:\\\/\\\/vmsport.fi\\\/#\\\/schema\\\/logo\\\/image\\\/\",\"url\":\"https:\\\/\\\/vmsport.fi\\\/wp-content\\\/uploads\\\/2024\\\/12\\\/vm_sport_RGB_horisontal-e1734526017575.png\",\"contentUrl\":\"https:\\\/\\\/vmsport.fi\\\/wp-content\\\/uploads\\\/2024\\\/12\\\/vm_sport_RGB_horisontal-e1734526017575.png\",\"width\":668,\"height\":85,\"caption\":\"Vmsport\"},\"image\":{\"@id\":\"https:\\\/\\\/vmsport.fi\\\/#\\\/schema\\\/logo\\\/image\\\/\"},\"sameAs\":[\"https:\\\/\\\/www.facebook.com\\\/Vmsport.fi\\\/\",\"https:\\\/\\\/www.instagram.com\\\/vmsport\\\/\"]}]}<\/script>\n<!-- \/ Yoast SEO plugin. -->","yoast_head_json":{"title":"SCSN 6902-2RS 15x28x7 mm - VM Sport","robots":{"index":"index","follow":"follow","max-snippet":"max-snippet:-1","max-image-preview":"max-image-preview:large","max-video-preview":"max-video-preview:-1"},"canonical":"https:\/\/vmsport.fi\/sv\/webbutik\/reservdelar\/skivor-och-nav\/lager\/scsn-6902-2rs-15x28x7-mm\/","og_locale":"sv_SE","og_type":"article","og_title":"SCSN 6902-2RS 15x28x7 mm - VM Sport","og_description":"SCSN 6902-2RS on ensiluokkainen kuulalaakeri, joka erottuu erityisen kest\u00e4vyydell\u00e4\u00e4n. Se on suunniteltu toimimaan haastavissa ymp\u00e4rist\u00f6iss\u00e4 ja sis\u00e4lt\u00e4\u00e4 tiivisteet, jotka suojaavat sit\u00e4 lialta ja kosteudelta. Laakerin halkaisija on 15 mm, ulkohalkaisija 28 mm ja leveys 7 mm, ja se on valmistettu eritt\u00e4in kest\u00e4v\u00e4st\u00e4 metallista. Sen py\u00f6ristetty rakenne mahdollistaa tasaisen liikkeen, mik\u00e4 v\u00e4hent\u00e4\u00e4 kitkaa ja parantaa suorituskyky\u00e4. [...]L\u00e4s mer \u2026 from SCSN 6902-2RS 15x28x7 mm","og_url":"https:\/\/vmsport.fi\/sv\/webbutik\/reservdelar\/skivor-och-nav\/lager\/scsn-6902-2rs-15x28x7-mm\/","og_site_name":"VM Sport","article_publisher":"https:\/\/www.facebook.com\/Vmsport.fi\/","article_modified_time":"2026-01-16T11:20:58+00:00","og_image":[{"width":337,"height":218,"url":"https:\/\/vmsport.fi\/wp-content\/uploads\/2025\/03\/a1Ji7m2nXWTAoDkVyZfFToYYpK6Hrz9K1nFRqwjzD9UNzbadvU-1.jpg","type":"image\/jpeg"}],"twitter_card":"summary_large_image","schema":{"@context":"https:\/\/schema.org","@graph":[{"@type":["WebPage","ItemPage"],"@id":"https:\/\/vmsport.fi\/verkkokauppa\/varaosat\/kiekot-ja-navat\/laakerit\/scsn-6902-2rs-15x28x7-mm\/","url":"https:\/\/vmsport.fi\/verkkokauppa\/varaosat\/kiekot-ja-navat\/laakerit\/scsn-6902-2rs-15x28x7-mm\/","name":"SCSN 6902-2RS 15x28x7 mm - VM Sport","isPartOf":{"@id":"https:\/\/vmsport.fi\/#website"},"primaryImageOfPage":{"@id":"https:\/\/vmsport.fi\/verkkokauppa\/varaosat\/kiekot-ja-navat\/laakerit\/scsn-6902-2rs-15x28x7-mm\/#primaryimage"},"image":{"@id":"https:\/\/vmsport.fi\/verkkokauppa\/varaosat\/kiekot-ja-navat\/laakerit\/scsn-6902-2rs-15x28x7-mm\/#primaryimage"},"thumbnailUrl":"https:\/\/vmsport.fi\/wp-content\/uploads\/2025\/03\/a1Ji7m2nXWTAoDkVyZfFToYYpK6Hrz9K1nFRqwjzD9UNzbadvU-1.jpg","datePublished":"2025-03-05T22:11:06+00:00","dateModified":"2026-01-16T11:20:58+00:00","breadcrumb":{"@id":"https:\/\/vmsport.fi\/verkkokauppa\/varaosat\/kiekot-ja-navat\/laakerit\/scsn-6902-2rs-15x28x7-mm\/#breadcrumb"},"inLanguage":"sv-SE","potentialAction":[{"@type":"ReadAction","target":["https:\/\/vmsport.fi\/verkkokauppa\/varaosat\/kiekot-ja-navat\/laakerit\/scsn-6902-2rs-15x28x7-mm\/"]}]},{"@type":"ImageObject","inLanguage":"sv-SE","@id":"https:\/\/vmsport.fi\/verkkokauppa\/varaosat\/kiekot-ja-navat\/laakerit\/scsn-6902-2rs-15x28x7-mm\/#primaryimage","url":"https:\/\/vmsport.fi\/wp-content\/uploads\/2025\/03\/a1Ji7m2nXWTAoDkVyZfFToYYpK6Hrz9K1nFRqwjzD9UNzbadvU-1.jpg","contentUrl":"https:\/\/vmsport.fi\/wp-content\/uploads\/2025\/03\/a1Ji7m2nXWTAoDkVyZfFToYYpK6Hrz9K1nFRqwjzD9UNzbadvU-1.jpg","width":337,"height":218,"caption":"a1Ji7m2nXWTAoDkVyZfFToYYpK6Hrz9K1nFRqwjzD9UNzbadvU"},{"@type":"BreadcrumbList","@id":"https:\/\/vmsport.fi\/verkkokauppa\/varaosat\/kiekot-ja-navat\/laakerit\/scsn-6902-2rs-15x28x7-mm\/#breadcrumb","itemListElement":[{"@type":"ListItem","position":1,"name":"Etusivu","item":"https:\/\/vmsport.fi\/"},{"@type":"ListItem","position":2,"name":"Online Store","item":"https:\/\/vmsport.fi\/en\/online-store\/"},{"@type":"ListItem","position":3,"name":"SCSN 6902-2RS 15x28x7 mm"}]},{"@type":"WebSite","@id":"https:\/\/vmsport.fi\/#website","url":"https:\/\/vmsport.fi\/","name":"Vmsport","description":"Allt p\u00e5 ett st\u00e4lle f\u00f6r cykling","publisher":{"@id":"https:\/\/vmsport.fi\/#organization"},"potentialAction":[{"@type":"SearchAction","target":{"@type":"EntryPoint","urlTemplate":"https:\/\/vmsport.fi\/?s={search_term_string}"},"query-input":{"@type":"PropertyValueSpecification","valueRequired":true,"valueName":"search_term_string"}}],"inLanguage":"sv-SE"},{"@type":"Organization","@id":"https:\/\/vmsport.fi\/#organization","name":"Vmsport","url":"https:\/\/vmsport.fi\/","logo":{"@type":"ImageObject","inLanguage":"sv-SE","@id":"https:\/\/vmsport.fi\/#\/schema\/logo\/image\/","url":"https:\/\/vmsport.fi\/wp-content\/uploads\/2024\/12\/vm_sport_RGB_horisontal-e1734526017575.png","contentUrl":"https:\/\/vmsport.fi\/wp-content\/uploads\/2024\/12\/vm_sport_RGB_horisontal-e1734526017575.png","width":668,"height":85,"caption":"Vmsport"},"image":{"@id":"https:\/\/vmsport.fi\/#\/schema\/logo\/image\/"},"sameAs":["https:\/\/www.facebook.com\/Vmsport.fi\/","https:\/\/www.instagram.com\/vmsport\/"]}]}},"global_unique_id":"","_links":{"self":[{"href":"https:\/\/vmsport.fi\/sv\/wp-json\/wp\/v2\/product\/55730","targetHints":{"allow":["GET"]}}],"collection":[{"href":"https:\/\/vmsport.fi\/sv\/wp-json\/wp\/v2\/product"}],"about":[{"href":"https:\/\/vmsport.fi\/sv\/wp-json\/wp\/v2\/types\/product"}],"replies":[{"embeddable":true,"href":"https:\/\/vmsport.fi\/sv\/wp-json\/wp\/v2\/comments?post=55730"}],"wp:featuredmedia":[{"embeddable":true,"href":"https:\/\/vmsport.fi\/sv\/wp-json\/wp\/v2\/media\/55729"}],"wp:attachment":[{"href":"https:\/\/vmsport.fi\/sv\/wp-json\/wp\/v2\/media?parent=55730"}],"wp:term":[{"taxonomy":"product_brand","embeddable":true,"href":"https:\/\/vmsport.fi\/sv\/wp-json\/wp\/v2\/product_brand?post=55730"},{"taxonomy":"product_model","embeddable":true,"href":"https:\/\/vmsport.fi\/sv\/wp-json\/wp\/v2\/product_model?post=55730"},{"taxonomy":"product_cat","embeddable":true,"href":"https:\/\/vmsport.fi\/sv\/wp-json\/wp\/v2\/product_cat?post=55730"},{"taxonomy":"product_tag","embeddable":true,"href":"https:\/\/vmsport.fi\/sv\/wp-json\/wp\/v2\/product_tag?post=55730"},{"taxonomy":"industry_terminology","embeddable":true,"href":"https:\/\/vmsport.fi\/sv\/wp-json\/wp\/v2\/industry-terminology?post=55730"}],"curies":[{"name":"wp","href":"https:\/\/api.w.org\/{rel}","templated":true}]}}