{"id":55726,"date":"2025-03-06T00:11:03","date_gmt":"2025-03-05T22:11:03","guid":{"rendered":"https:\/\/vmsport.fi\/verkkokauppa\/Ei-luokiteltu\/ohjainrulla-pari-rd-r8000\/"},"modified":"2026-04-22T15:09:06","modified_gmt":"2026-04-22T12:09:06","slug":"styrrullar-par-rd-r8000","status":"publish","type":"product","link":"https:\/\/vmsport.fi\/sv\/verkkokauppa\/varaosat\/vaihteistot\/vaihteiden-osat-ja-varaosat\/ohjainrulla-pari-rd-r8000\/","title":{"rendered":"Par styrrullar RD-R8000"},"content":{"rendered":"<p>Shimanos RD-R8000-styrpar \u00e4r s\u00e4rskilt utformade f\u00f6r Ultegra-v\u00e4xlar och \u00e4r en viktig del av cykelns mekanik. Denna upps\u00e4ttning av tv\u00e5 h\u00e5llbara rullar \u00e4r optimerad f\u00f6r modellerna RD-R8000 och R8050, vilket s\u00e4kerst\u00e4ller smidig och p\u00e5litlig cykling. Den h\u00e4r produkten \u00e4r tillverkad av h\u00f6gkvalitativa material och g\u00f6r det m\u00f6jligt att v\u00e4xla utan anstr\u00e4ngning, vilket \u00e4r avg\u00f6rande f\u00f6r b\u00e4sta m\u00f6jliga k\u00f6rupplevelse. Med de h\u00e4r rullarna f\u00f6rblir v\u00e4xell\u00e5dan i utm\u00e4rkt skick, vilket g\u00f6r k\u00f6rningen roligare och mer effektiv.<\/p>","protected":false},"excerpt":{"rendered":"<p>Shimano-ohjainrullapari RD-R8000 on suunniteltu erityisesti Ultegra-vaihteistolle, ja se on t\u00e4rke\u00e4 osa polkupy\u00f6r\u00e4n mekaniikkaa. T\u00e4m\u00e4 kahden kest\u00e4v\u00e4n rullan setti on optimoitu RD-R8000 ja R8050 -malleille, mik\u00e4 takaa sujuvan ja luotettavan py\u00f6r\u00e4ilyn. Laadukkaista materiaaleista valmistettu tuote mahdollistaa vaivattoman vaihteiden vaihdon, mik\u00e4 on olennaista parhaan ajokokemuksen saavuttamiseksi. N\u00e4iden rullien avulla vaihteisto pysyy erinomaisessa kunnossa, mik\u00e4 tekee ajamisesta nautinnollisempaa [&#8230;]<\/p>\n<p><a class=\"btn btn-secondary understrap-read-more-link\" href=\"https:\/\/vmsport.fi\/sv\/verkkokauppa\/varaosat\/vaihteistot\/vaihteiden-osat-ja-varaosat\/ohjainrulla-pari-rd-r8000\/\">L\u00e4s mer \u2026<span class=\"screen-reader-text\"> from Ohjainrulla pari RD-R8000<\/span><\/a><\/p>\n","protected":false},"featured_media":55725,"comment_status":"open","ping_status":"closed","template":"","meta":{"_acf_changed":false,"_improvement_type_select":"improve_an_existing","_thumb_yes_seoaic":false,"_frame_yes_seoaic":false,"seoaic_generate_description":"","seoaic_improve_instructions_prompt":"","seoaic_rollback_content_improvement":"","seoaic_idea_thumbnail_generator":"","thumbnail_generated":false,"thumbnail_generate_prompt":"","seoaic_article_description":"","_supplier_stock_quantity":0},"product_brand":[],"product_model":[],"product_cat":[9774],"product_tag":[],"industry-terminology":[],"class_list":{"0":"post-55726","1":"product","2":"type-product","3":"status-publish","4":"has-post-thumbnail","6":"product_cat-vaihteiden-osat-ja-varaosat","8":"first","9":"instock","10":"taxable","11":"shipping-taxable","12":"purchasable","13":"product-type-simple"},"acf":{"bike_features":null,"overview":{"copy_overview":null,"key_features":null,"statement":"","youtube_url":""}},"yoast_head":"<!-- This site is optimized with the Yoast SEO plugin v27.4 - https:\/\/yoast.com\/product\/yoast-seo-wordpress\/ -->\n<title>Ohjainrulla pari RD-R8000 - VM Sport<\/title>\n<meta name=\"robots\" content=\"index, follow, max-snippet:-1, max-image-preview:large, max-video-preview:-1\" \/>\n<link rel=\"canonical\" href=\"https:\/\/vmsport.fi\/sv\/webbutik\/cyklar\/styrrullar-par-rd-r8000\/\" \/>\n<meta property=\"og:locale\" content=\"sv_SE\" \/>\n<meta property=\"og:type\" content=\"article\" \/>\n<meta property=\"og:title\" content=\"Ohjainrulla pari RD-R8000 - VM Sport\" \/>\n<meta property=\"og:description\" content=\"Shimano-ohjainrullapari RD-R8000 on suunniteltu erityisesti Ultegra-vaihteistolle, ja se on t\u00e4rke\u00e4 osa polkupy\u00f6r\u00e4n mekaniikkaa. T\u00e4m\u00e4 kahden kest\u00e4v\u00e4n rullan setti on optimoitu RD-R8000 ja R8050 -malleille, mik\u00e4 takaa sujuvan ja luotettavan py\u00f6r\u00e4ilyn. Laadukkaista materiaaleista valmistettu tuote mahdollistaa vaivattoman vaihteiden vaihdon, mik\u00e4 on olennaista parhaan ajokokemuksen saavuttamiseksi. N\u00e4iden rullien avulla vaihteisto pysyy erinomaisessa kunnossa, mik\u00e4 tekee ajamisesta nautinnollisempaa [...]L\u00e4s mer \u2026 from Ohjainrulla pari RD-R8000\" \/>\n<meta property=\"og:url\" content=\"https:\/\/vmsport.fi\/sv\/webbutik\/cyklar\/styrrullar-par-rd-r8000\/\" \/>\n<meta property=\"og:site_name\" content=\"VM Sport\" \/>\n<meta property=\"article:publisher\" content=\"https:\/\/www.facebook.com\/Vmsport.fi\/\" \/>\n<meta property=\"article:modified_time\" content=\"2026-04-22T12:09:06+00:00\" \/>\n<meta property=\"og:image\" content=\"https:\/\/vmsport.fi\/wp-content\/uploads\/2025\/03\/3rU5ZrWLMSq0jNbMKc6Eb5bWfY0tQXvIcutMKeP7NRC2gbnDdN-1.jpg\" \/>\n\t<meta property=\"og:image:width\" content=\"600\" \/>\n\t<meta property=\"og:image:height\" content=\"600\" \/>\n\t<meta property=\"og:image:type\" content=\"image\/jpeg\" \/>\n<meta name=\"twitter:card\" content=\"summary_large_image\" \/>\n<script type=\"application\/ld+json\" class=\"yoast-schema-graph\">{\"@context\":\"https:\\\/\\\/schema.org\",\"@graph\":[{\"@type\":[\"WebPage\",\"ItemPage\"],\"@id\":\"https:\\\/\\\/vmsport.fi\\\/verkkokauppa\\\/polkupyorat\\\/ohjainrulla-pari-rd-r8000\\\/\",\"url\":\"https:\\\/\\\/vmsport.fi\\\/verkkokauppa\\\/polkupyorat\\\/ohjainrulla-pari-rd-r8000\\\/\",\"name\":\"Ohjainrulla pari RD-R8000 - VM Sport\",\"isPartOf\":{\"@id\":\"https:\\\/\\\/vmsport.fi\\\/#website\"},\"primaryImageOfPage\":{\"@id\":\"https:\\\/\\\/vmsport.fi\\\/verkkokauppa\\\/polkupyorat\\\/ohjainrulla-pari-rd-r8000\\\/#primaryimage\"},\"image\":{\"@id\":\"https:\\\/\\\/vmsport.fi\\\/verkkokauppa\\\/polkupyorat\\\/ohjainrulla-pari-rd-r8000\\\/#primaryimage\"},\"thumbnailUrl\":\"https:\\\/\\\/vmsport.fi\\\/wp-content\\\/uploads\\\/2025\\\/03\\\/3rU5ZrWLMSq0jNbMKc6Eb5bWfY0tQXvIcutMKeP7NRC2gbnDdN-1.jpg\",\"datePublished\":\"2025-03-05T22:11:03+00:00\",\"dateModified\":\"2026-04-22T12:09:06+00:00\",\"breadcrumb\":{\"@id\":\"https:\\\/\\\/vmsport.fi\\\/verkkokauppa\\\/polkupyorat\\\/ohjainrulla-pari-rd-r8000\\\/#breadcrumb\"},\"inLanguage\":\"sv-SE\",\"potentialAction\":[{\"@type\":\"ReadAction\",\"target\":[\"https:\\\/\\\/vmsport.fi\\\/verkkokauppa\\\/polkupyorat\\\/ohjainrulla-pari-rd-r8000\\\/\"]}]},{\"@type\":\"ImageObject\",\"inLanguage\":\"sv-SE\",\"@id\":\"https:\\\/\\\/vmsport.fi\\\/verkkokauppa\\\/polkupyorat\\\/ohjainrulla-pari-rd-r8000\\\/#primaryimage\",\"url\":\"https:\\\/\\\/vmsport.fi\\\/wp-content\\\/uploads\\\/2025\\\/03\\\/3rU5ZrWLMSq0jNbMKc6Eb5bWfY0tQXvIcutMKeP7NRC2gbnDdN-1.jpg\",\"contentUrl\":\"https:\\\/\\\/vmsport.fi\\\/wp-content\\\/uploads\\\/2025\\\/03\\\/3rU5ZrWLMSq0jNbMKc6Eb5bWfY0tQXvIcutMKeP7NRC2gbnDdN-1.jpg\",\"width\":600,\"height\":600,\"caption\":\"3rU5ZrWLMSq0jNbMKc6Eb5bWfY0tQXvIcutMKeP7NRC2gbnDdN\"},{\"@type\":\"BreadcrumbList\",\"@id\":\"https:\\\/\\\/vmsport.fi\\\/verkkokauppa\\\/polkupyorat\\\/ohjainrulla-pari-rd-r8000\\\/#breadcrumb\",\"itemListElement\":[{\"@type\":\"ListItem\",\"position\":1,\"name\":\"Etusivu\",\"item\":\"https:\\\/\\\/vmsport.fi\\\/\"},{\"@type\":\"ListItem\",\"position\":2,\"name\":\"Online Store\",\"item\":\"https:\\\/\\\/vmsport.fi\\\/en\\\/online-store\\\/\"},{\"@type\":\"ListItem\",\"position\":3,\"name\":\"Ohjainrulla pari RD-R8000\"}]},{\"@type\":\"WebSite\",\"@id\":\"https:\\\/\\\/vmsport.fi\\\/#website\",\"url\":\"https:\\\/\\\/vmsport.fi\\\/\",\"name\":\"Vmsport\",\"description\":\"Kaikki py\u00f6r\u00e4ilyyn yhdest\u00e4 paikasta\",\"publisher\":{\"@id\":\"https:\\\/\\\/vmsport.fi\\\/#organization\"},\"potentialAction\":[{\"@type\":\"SearchAction\",\"target\":{\"@type\":\"EntryPoint\",\"urlTemplate\":\"https:\\\/\\\/vmsport.fi\\\/?s={search_term_string}\"},\"query-input\":{\"@type\":\"PropertyValueSpecification\",\"valueRequired\":true,\"valueName\":\"search_term_string\"}}],\"inLanguage\":\"sv-SE\"},{\"@type\":\"Organization\",\"@id\":\"https:\\\/\\\/vmsport.fi\\\/#organization\",\"name\":\"Vmsport\",\"url\":\"https:\\\/\\\/vmsport.fi\\\/\",\"logo\":{\"@type\":\"ImageObject\",\"inLanguage\":\"sv-SE\",\"@id\":\"https:\\\/\\\/vmsport.fi\\\/#\\\/schema\\\/logo\\\/image\\\/\",\"url\":\"https:\\\/\\\/vmsport.fi\\\/wp-content\\\/uploads\\\/2024\\\/12\\\/vm_sport_RGB_horisontal-e1734526017575.png\",\"contentUrl\":\"https:\\\/\\\/vmsport.fi\\\/wp-content\\\/uploads\\\/2024\\\/12\\\/vm_sport_RGB_horisontal-e1734526017575.png\",\"width\":668,\"height\":85,\"caption\":\"Vmsport\"},\"image\":{\"@id\":\"https:\\\/\\\/vmsport.fi\\\/#\\\/schema\\\/logo\\\/image\\\/\"},\"sameAs\":[\"https:\\\/\\\/www.facebook.com\\\/Vmsport.fi\\\/\",\"https:\\\/\\\/www.instagram.com\\\/vmsport\\\/\"]}]}<\/script>\n<!-- \/ Yoast SEO plugin. -->","yoast_head_json":{"title":"Par styrrullar RD-R8000 - VM Sport","robots":{"index":"index","follow":"follow","max-snippet":"max-snippet:-1","max-image-preview":"max-image-preview:large","max-video-preview":"max-video-preview:-1"},"canonical":"https:\/\/vmsport.fi\/sv\/webbutik\/cyklar\/styrrullar-par-rd-r8000\/","og_locale":"sv_SE","og_type":"article","og_title":"Ohjainrulla pari RD-R8000 - VM Sport","og_description":"Shimano-ohjainrullapari RD-R8000 on suunniteltu erityisesti Ultegra-vaihteistolle, ja se on t\u00e4rke\u00e4 osa polkupy\u00f6r\u00e4n mekaniikkaa. T\u00e4m\u00e4 kahden kest\u00e4v\u00e4n rullan setti on optimoitu RD-R8000 ja R8050 -malleille, mik\u00e4 takaa sujuvan ja luotettavan py\u00f6r\u00e4ilyn. Laadukkaista materiaaleista valmistettu tuote mahdollistaa vaivattoman vaihteiden vaihdon, mik\u00e4 on olennaista parhaan ajokokemuksen saavuttamiseksi. N\u00e4iden rullien avulla vaihteisto pysyy erinomaisessa kunnossa, mik\u00e4 tekee ajamisesta nautinnollisempaa [...]L\u00e4s mer \u2026 from Ohjainrulla pari RD-R8000","og_url":"https:\/\/vmsport.fi\/sv\/webbutik\/cyklar\/styrrullar-par-rd-r8000\/","og_site_name":"VM Sport","article_publisher":"https:\/\/www.facebook.com\/Vmsport.fi\/","article_modified_time":"2026-04-22T12:09:06+00:00","og_image":[{"width":600,"height":600,"url":"https:\/\/vmsport.fi\/wp-content\/uploads\/2025\/03\/3rU5ZrWLMSq0jNbMKc6Eb5bWfY0tQXvIcutMKeP7NRC2gbnDdN-1.jpg","type":"image\/jpeg"}],"twitter_card":"summary_large_image","schema":{"@context":"https:\/\/schema.org","@graph":[{"@type":["WebPage","ItemPage"],"@id":"https:\/\/vmsport.fi\/verkkokauppa\/polkupyorat\/ohjainrulla-pari-rd-r8000\/","url":"https:\/\/vmsport.fi\/verkkokauppa\/polkupyorat\/ohjainrulla-pari-rd-r8000\/","name":"Par styrrullar RD-R8000 - VM Sport","isPartOf":{"@id":"https:\/\/vmsport.fi\/#website"},"primaryImageOfPage":{"@id":"https:\/\/vmsport.fi\/verkkokauppa\/polkupyorat\/ohjainrulla-pari-rd-r8000\/#primaryimage"},"image":{"@id":"https:\/\/vmsport.fi\/verkkokauppa\/polkupyorat\/ohjainrulla-pari-rd-r8000\/#primaryimage"},"thumbnailUrl":"https:\/\/vmsport.fi\/wp-content\/uploads\/2025\/03\/3rU5ZrWLMSq0jNbMKc6Eb5bWfY0tQXvIcutMKeP7NRC2gbnDdN-1.jpg","datePublished":"2025-03-05T22:11:03+00:00","dateModified":"2026-04-22T12:09:06+00:00","breadcrumb":{"@id":"https:\/\/vmsport.fi\/verkkokauppa\/polkupyorat\/ohjainrulla-pari-rd-r8000\/#breadcrumb"},"inLanguage":"sv-SE","potentialAction":[{"@type":"ReadAction","target":["https:\/\/vmsport.fi\/verkkokauppa\/polkupyorat\/ohjainrulla-pari-rd-r8000\/"]}]},{"@type":"ImageObject","inLanguage":"sv-SE","@id":"https:\/\/vmsport.fi\/verkkokauppa\/polkupyorat\/ohjainrulla-pari-rd-r8000\/#primaryimage","url":"https:\/\/vmsport.fi\/wp-content\/uploads\/2025\/03\/3rU5ZrWLMSq0jNbMKc6Eb5bWfY0tQXvIcutMKeP7NRC2gbnDdN-1.jpg","contentUrl":"https:\/\/vmsport.fi\/wp-content\/uploads\/2025\/03\/3rU5ZrWLMSq0jNbMKc6Eb5bWfY0tQXvIcutMKeP7NRC2gbnDdN-1.jpg","width":600,"height":600,"caption":"3rU5ZrWLMSq0jNbMKc6Eb5bWfY0tQXvIcutMKeP7NRC2gbnDdN"},{"@type":"BreadcrumbList","@id":"https:\/\/vmsport.fi\/verkkokauppa\/polkupyorat\/ohjainrulla-pari-rd-r8000\/#breadcrumb","itemListElement":[{"@type":"ListItem","position":1,"name":"Etusivu","item":"https:\/\/vmsport.fi\/"},{"@type":"ListItem","position":2,"name":"Online Store","item":"https:\/\/vmsport.fi\/en\/online-store\/"},{"@type":"ListItem","position":3,"name":"Ohjainrulla pari RD-R8000"}]},{"@type":"WebSite","@id":"https:\/\/vmsport.fi\/#website","url":"https:\/\/vmsport.fi\/","name":"Vmsport","description":"Allt p\u00e5 ett st\u00e4lle f\u00f6r cykling","publisher":{"@id":"https:\/\/vmsport.fi\/#organization"},"potentialAction":[{"@type":"SearchAction","target":{"@type":"EntryPoint","urlTemplate":"https:\/\/vmsport.fi\/?s={search_term_string}"},"query-input":{"@type":"PropertyValueSpecification","valueRequired":true,"valueName":"search_term_string"}}],"inLanguage":"sv-SE"},{"@type":"Organization","@id":"https:\/\/vmsport.fi\/#organization","name":"Vmsport","url":"https:\/\/vmsport.fi\/","logo":{"@type":"ImageObject","inLanguage":"sv-SE","@id":"https:\/\/vmsport.fi\/#\/schema\/logo\/image\/","url":"https:\/\/vmsport.fi\/wp-content\/uploads\/2024\/12\/vm_sport_RGB_horisontal-e1734526017575.png","contentUrl":"https:\/\/vmsport.fi\/wp-content\/uploads\/2024\/12\/vm_sport_RGB_horisontal-e1734526017575.png","width":668,"height":85,"caption":"Vmsport"},"image":{"@id":"https:\/\/vmsport.fi\/#\/schema\/logo\/image\/"},"sameAs":["https:\/\/www.facebook.com\/Vmsport.fi\/","https:\/\/www.instagram.com\/vmsport\/"]}]}},"global_unique_id":"","_links":{"self":[{"href":"https:\/\/vmsport.fi\/sv\/wp-json\/wp\/v2\/product\/55726","targetHints":{"allow":["GET"]}}],"collection":[{"href":"https:\/\/vmsport.fi\/sv\/wp-json\/wp\/v2\/product"}],"about":[{"href":"https:\/\/vmsport.fi\/sv\/wp-json\/wp\/v2\/types\/product"}],"replies":[{"embeddable":true,"href":"https:\/\/vmsport.fi\/sv\/wp-json\/wp\/v2\/comments?post=55726"}],"wp:featuredmedia":[{"embeddable":true,"href":"https:\/\/vmsport.fi\/sv\/wp-json\/wp\/v2\/media\/55725"}],"wp:attachment":[{"href":"https:\/\/vmsport.fi\/sv\/wp-json\/wp\/v2\/media?parent=55726"}],"wp:term":[{"taxonomy":"product_brand","embeddable":true,"href":"https:\/\/vmsport.fi\/sv\/wp-json\/wp\/v2\/product_brand?post=55726"},{"taxonomy":"product_model","embeddable":true,"href":"https:\/\/vmsport.fi\/sv\/wp-json\/wp\/v2\/product_model?post=55726"},{"taxonomy":"product_cat","embeddable":true,"href":"https:\/\/vmsport.fi\/sv\/wp-json\/wp\/v2\/product_cat?post=55726"},{"taxonomy":"product_tag","embeddable":true,"href":"https:\/\/vmsport.fi\/sv\/wp-json\/wp\/v2\/product_tag?post=55726"},{"taxonomy":"industry_terminology","embeddable":true,"href":"https:\/\/vmsport.fi\/sv\/wp-json\/wp\/v2\/industry-terminology?post=55726"}],"curies":[{"name":"wp","href":"https:\/\/api.w.org\/{rel}","templated":true}]}}