{"id":55712,"date":"2025-03-06T00:10:39","date_gmt":"2025-03-05T22:10:39","guid":{"rendered":"https:\/\/vmsport.fi\/verkkokauppa\/Ei-luokiteltu\/sram-eagle-gx-ohjainrullat-12-vaihteinen-x01-xx1\/"},"modified":"2026-04-22T15:10:07","modified_gmt":"2026-04-22T12:10:07","slug":"sram-eagle-gx-headset-12-vaxlar-x01-xx1","status":"publish","type":"product","link":"https:\/\/vmsport.fi\/sv\/verkkokauppa\/varaosat\/vaihteistot\/vaihteiden-osat-ja-varaosat\/sram-eagle-gx-ohjainrullat-12-vaihteinen-x01-xx1\/","title":{"rendered":"SRAM Eagle GX-styrst\u00e5ng 12 v\u00e4xlar (X01\/XX1)"},"content":{"rendered":"<p>SRAM Eagle GX 12-v\u00e4xlade (X01\/XX1) styren \u00e4r s\u00e4rskilt utformade f\u00f6r mountainbike och erbjuder utm\u00e4rkt kompatibilitet p\u00e5 en m\u00e4ngd olika k\u00f6rytor, inklusive off-road, touring, elektriska mountainbikes och stigar. Det nya 520 %-v\u00e4xelomr\u00e5det m\u00f6jligg\u00f6r m\u00e5ngsidig anv\u00e4ndning f\u00f6r l\u00e5nga str\u00e4ckor s\u00e5v\u00e4l som h\u00f6ghastighetsk\u00f6rning.<\/p>\n<p>CAGE LOCK-tekniken underl\u00e4ttar montering och demontering av d\u00e4cken, medan BOOST f\u00f6rb\u00e4ttrar ramgeometrin och styrk\u00e4nslan. DUB Eagle-systemet ger f\u00f6rb\u00e4ttrad h\u00e5llbarhet f\u00f6r centrum och f\u00f6renklar komponentkompatibiliteten. FLOWLINK minskar kedjefriktionen och f\u00f6rfinar v\u00e4xlingen, medan FULL PIN g\u00f6r komponenterna l\u00e4ttare, starkare och mer h\u00e5llbara.<\/p>\n<p>JAWS hindrar kedjan fr\u00e5n att falla av och ROLLER BEARING CLUTCH ger j\u00e4mn sp\u00e4nning p\u00e5 bakv\u00e4xeln, vilket \u00f6kar tillf\u00f6rlitligheten. X-ACTUATION ger mjuka och exakta v\u00e4xlingar och XD DRIVER BODY ger en s\u00e4ker fasts\u00e4ttning av kassetten. X-HORIZON minimerar v\u00e4xlingsproblem och minskar v\u00e4xlingsbelastningen, medan X-SYNC och X-SYNC 2 f\u00f6rb\u00e4ttrar kedjans stabilitet och pedaleffektiviteten.<\/p>\n<p>Ekosystemet GX Eagle \u00e4r utformat f\u00f6r att vara en p\u00e5litlig partner f\u00f6r alla typer av k\u00f6rning. Det betonar l\u00e5ngsiktig tillf\u00f6rlitlighet och erbjuder nya f\u00e4rgalternativ f\u00f6r stil. Den h\u00e4r styrrullen optimerar k\u00f6rupplevelsen och ger avancerad kontroll och effektivitet i varierande terr\u00e4ng och under l\u00e5ng tid.<\/p>","protected":false},"excerpt":{"rendered":"<p>SRAM Eagle GX -ohjainrullat 12-vaihteinen (X01\/XX1) on erityisesti suunniteltu maastopy\u00f6r\u00e4ilyyn, tarjoten erinomaista yhteensopivuutta erilaisilla ajoalustoilla, kuten maastossa, kiertoradoilla, s\u00e4hk\u00f6maastopy\u00f6riss\u00e4 ja poluilla. Uusi 520 %:n vaihdealue mahdollistaa monipuolisen k\u00e4yt\u00f6n niin pitkille matkoille kuin nopeisiin pyr\u00e4hdyksiin. CAGE LOCK -tekniikka helpottaa renkaiden asennusta ja irrotusta, kun taas BOOST parantaa py\u00f6r\u00e4n rungon geometrian ja ohjaustuntuman. DUB Eagle -j\u00e4rjestelm\u00e4 tarjoaa [&#8230;]<\/p>\n<p><a class=\"btn btn-secondary understrap-read-more-link\" href=\"https:\/\/vmsport.fi\/sv\/verkkokauppa\/varaosat\/vaihteistot\/vaihteiden-osat-ja-varaosat\/sram-eagle-gx-ohjainrullat-12-vaihteinen-x01-xx1\/\">L\u00e4s mer \u2026<span class=\"screen-reader-text\"> from SRAM Eagle GX Ohjainrullat 12-vaihteinen (X01\/XX1)<\/span><\/a><\/p>\n","protected":false},"featured_media":55711,"comment_status":"open","ping_status":"closed","template":"","meta":{"_acf_changed":false,"_improvement_type_select":"improve_an_existing","_thumb_yes_seoaic":false,"_frame_yes_seoaic":false,"seoaic_generate_description":"","seoaic_improve_instructions_prompt":"","seoaic_rollback_content_improvement":"","seoaic_idea_thumbnail_generator":"","thumbnail_generated":false,"thumbnail_generate_prompt":"","seoaic_article_description":"","_supplier_stock_quantity":0},"product_brand":[1588],"product_model":[],"product_cat":[9774],"product_tag":[],"industry-terminology":[],"class_list":{"0":"post-55712","1":"product","2":"type-product","3":"status-publish","4":"has-post-thumbnail","6":"product_brand-sram","7":"product_cat-vaihteiden-osat-ja-varaosat","9":"first","10":"instock","11":"taxable","12":"shipping-taxable","13":"purchasable","14":"product-type-simple"},"acf":{"bike_features":null,"overview":{"copy_overview":null,"key_features":null,"statement":"","youtube_url":""}},"yoast_head":"<!-- This site is optimized with the Yoast SEO plugin v27.4 - https:\/\/yoast.com\/product\/yoast-seo-wordpress\/ -->\n<title>SRAM Eagle GX Ohjainrullat 12-vaihteinen (X01\/XX1) - VM Sport<\/title>\n<meta name=\"robots\" content=\"index, follow, max-snippet:-1, max-image-preview:large, max-video-preview:-1\" \/>\n<link rel=\"canonical\" href=\"https:\/\/vmsport.fi\/sv\/webbutik\/reservdelar\/vaxellador\/vaxelladsdelar-och-reservdelar\/sram-eagle-gx-headset-12-vaxlar-x01-xx1\/\" \/>\n<meta property=\"og:locale\" content=\"sv_SE\" \/>\n<meta property=\"og:type\" content=\"article\" \/>\n<meta property=\"og:title\" content=\"SRAM Eagle GX Ohjainrullat 12-vaihteinen (X01\/XX1) - VM Sport\" \/>\n<meta property=\"og:description\" content=\"SRAM Eagle GX -ohjainrullat 12-vaihteinen (X01\/XX1) on erityisesti suunniteltu maastopy\u00f6r\u00e4ilyyn, tarjoten erinomaista yhteensopivuutta erilaisilla ajoalustoilla, kuten maastossa, kiertoradoilla, s\u00e4hk\u00f6maastopy\u00f6riss\u00e4 ja poluilla. Uusi 520 %:n vaihdealue mahdollistaa monipuolisen k\u00e4yt\u00f6n niin pitkille matkoille kuin nopeisiin pyr\u00e4hdyksiin. CAGE LOCK -tekniikka helpottaa renkaiden asennusta ja irrotusta, kun taas BOOST parantaa py\u00f6r\u00e4n rungon geometrian ja ohjaustuntuman. DUB Eagle -j\u00e4rjestelm\u00e4 tarjoaa [...]L\u00e4s mer \u2026 from SRAM Eagle GX Ohjainrullat 12-vaihteinen (X01\/XX1)\" \/>\n<meta property=\"og:url\" content=\"https:\/\/vmsport.fi\/sv\/webbutik\/reservdelar\/vaxellador\/vaxelladsdelar-och-reservdelar\/sram-eagle-gx-headset-12-vaxlar-x01-xx1\/\" \/>\n<meta property=\"og:site_name\" content=\"VM Sport\" \/>\n<meta property=\"article:publisher\" content=\"https:\/\/www.facebook.com\/Vmsport.fi\/\" \/>\n<meta property=\"article:modified_time\" content=\"2026-04-22T12:10:07+00:00\" \/>\n<meta property=\"og:image\" content=\"https:\/\/vmsport.fi\/wp-content\/uploads\/2025\/03\/08AmhaWbVktQ9kHUIG4ApBMONZc9iZlt8uCfwbTDGUaaW8QTQY-1.jpg\" \/>\n\t<meta property=\"og:image:width\" content=\"800\" \/>\n\t<meta property=\"og:image:height\" content=\"800\" \/>\n\t<meta property=\"og:image:type\" content=\"image\/jpeg\" \/>\n<meta name=\"twitter:card\" content=\"summary_large_image\" \/>\n<meta name=\"twitter:label1\" content=\"Ber\u00e4knad l\u00e4stid\" \/>\n\t<meta name=\"twitter:data1\" content=\"2 minuter\" \/>\n<script type=\"application\/ld+json\" class=\"yoast-schema-graph\">{\"@context\":\"https:\\\/\\\/schema.org\",\"@graph\":[{\"@type\":[\"WebPage\",\"ItemPage\"],\"@id\":\"https:\\\/\\\/vmsport.fi\\\/verkkokauppa\\\/varaosat\\\/vaihteistot\\\/vaihteiden-osat-ja-varaosat\\\/sram-eagle-gx-ohjainrullat-12-vaihteinen-x01-xx1\\\/\",\"url\":\"https:\\\/\\\/vmsport.fi\\\/verkkokauppa\\\/varaosat\\\/vaihteistot\\\/vaihteiden-osat-ja-varaosat\\\/sram-eagle-gx-ohjainrullat-12-vaihteinen-x01-xx1\\\/\",\"name\":\"SRAM Eagle GX Ohjainrullat 12-vaihteinen (X01\\\/XX1) - VM Sport\",\"isPartOf\":{\"@id\":\"https:\\\/\\\/vmsport.fi\\\/#website\"},\"primaryImageOfPage\":{\"@id\":\"https:\\\/\\\/vmsport.fi\\\/verkkokauppa\\\/varaosat\\\/vaihteistot\\\/vaihteiden-osat-ja-varaosat\\\/sram-eagle-gx-ohjainrullat-12-vaihteinen-x01-xx1\\\/#primaryimage\"},\"image\":{\"@id\":\"https:\\\/\\\/vmsport.fi\\\/verkkokauppa\\\/varaosat\\\/vaihteistot\\\/vaihteiden-osat-ja-varaosat\\\/sram-eagle-gx-ohjainrullat-12-vaihteinen-x01-xx1\\\/#primaryimage\"},\"thumbnailUrl\":\"https:\\\/\\\/vmsport.fi\\\/wp-content\\\/uploads\\\/2025\\\/03\\\/08AmhaWbVktQ9kHUIG4ApBMONZc9iZlt8uCfwbTDGUaaW8QTQY-1.jpg\",\"datePublished\":\"2025-03-05T22:10:39+00:00\",\"dateModified\":\"2026-04-22T12:10:07+00:00\",\"breadcrumb\":{\"@id\":\"https:\\\/\\\/vmsport.fi\\\/verkkokauppa\\\/varaosat\\\/vaihteistot\\\/vaihteiden-osat-ja-varaosat\\\/sram-eagle-gx-ohjainrullat-12-vaihteinen-x01-xx1\\\/#breadcrumb\"},\"inLanguage\":\"sv-SE\",\"potentialAction\":[{\"@type\":\"ReadAction\",\"target\":[\"https:\\\/\\\/vmsport.fi\\\/verkkokauppa\\\/varaosat\\\/vaihteistot\\\/vaihteiden-osat-ja-varaosat\\\/sram-eagle-gx-ohjainrullat-12-vaihteinen-x01-xx1\\\/\"]}]},{\"@type\":\"ImageObject\",\"inLanguage\":\"sv-SE\",\"@id\":\"https:\\\/\\\/vmsport.fi\\\/verkkokauppa\\\/varaosat\\\/vaihteistot\\\/vaihteiden-osat-ja-varaosat\\\/sram-eagle-gx-ohjainrullat-12-vaihteinen-x01-xx1\\\/#primaryimage\",\"url\":\"https:\\\/\\\/vmsport.fi\\\/wp-content\\\/uploads\\\/2025\\\/03\\\/08AmhaWbVktQ9kHUIG4ApBMONZc9iZlt8uCfwbTDGUaaW8QTQY-1.jpg\",\"contentUrl\":\"https:\\\/\\\/vmsport.fi\\\/wp-content\\\/uploads\\\/2025\\\/03\\\/08AmhaWbVktQ9kHUIG4ApBMONZc9iZlt8uCfwbTDGUaaW8QTQY-1.jpg\",\"width\":800,\"height\":800,\"caption\":\"08AmhaWbVktQ9kHUIG4ApBMONZc9iZlt8uCfwbTDGUaaW8QTQY\"},{\"@type\":\"BreadcrumbList\",\"@id\":\"https:\\\/\\\/vmsport.fi\\\/verkkokauppa\\\/varaosat\\\/vaihteistot\\\/vaihteiden-osat-ja-varaosat\\\/sram-eagle-gx-ohjainrullat-12-vaihteinen-x01-xx1\\\/#breadcrumb\",\"itemListElement\":[{\"@type\":\"ListItem\",\"position\":1,\"name\":\"Etusivu\",\"item\":\"https:\\\/\\\/vmsport.fi\\\/\"},{\"@type\":\"ListItem\",\"position\":2,\"name\":\"Online Store\",\"item\":\"https:\\\/\\\/vmsport.fi\\\/en\\\/online-store\\\/\"},{\"@type\":\"ListItem\",\"position\":3,\"name\":\"Sram\",\"item\":\"https:\\\/\\\/vmsport.fi\\\/merkki\\\/sram\\\/\"},{\"@type\":\"ListItem\",\"position\":4,\"name\":\"SRAM Eagle GX Ohjainrullat 12-vaihteinen (X01\\\/XX1)\"}]},{\"@type\":\"WebSite\",\"@id\":\"https:\\\/\\\/vmsport.fi\\\/#website\",\"url\":\"https:\\\/\\\/vmsport.fi\\\/\",\"name\":\"Vmsport\",\"description\":\"Kaikki py\u00f6r\u00e4ilyyn yhdest\u00e4 paikasta\",\"publisher\":{\"@id\":\"https:\\\/\\\/vmsport.fi\\\/#organization\"},\"potentialAction\":[{\"@type\":\"SearchAction\",\"target\":{\"@type\":\"EntryPoint\",\"urlTemplate\":\"https:\\\/\\\/vmsport.fi\\\/?s={search_term_string}\"},\"query-input\":{\"@type\":\"PropertyValueSpecification\",\"valueRequired\":true,\"valueName\":\"search_term_string\"}}],\"inLanguage\":\"sv-SE\"},{\"@type\":\"Organization\",\"@id\":\"https:\\\/\\\/vmsport.fi\\\/#organization\",\"name\":\"Vmsport\",\"url\":\"https:\\\/\\\/vmsport.fi\\\/\",\"logo\":{\"@type\":\"ImageObject\",\"inLanguage\":\"sv-SE\",\"@id\":\"https:\\\/\\\/vmsport.fi\\\/#\\\/schema\\\/logo\\\/image\\\/\",\"url\":\"https:\\\/\\\/vmsport.fi\\\/wp-content\\\/uploads\\\/2024\\\/12\\\/vm_sport_RGB_horisontal-e1734526017575.png\",\"contentUrl\":\"https:\\\/\\\/vmsport.fi\\\/wp-content\\\/uploads\\\/2024\\\/12\\\/vm_sport_RGB_horisontal-e1734526017575.png\",\"width\":668,\"height\":85,\"caption\":\"Vmsport\"},\"image\":{\"@id\":\"https:\\\/\\\/vmsport.fi\\\/#\\\/schema\\\/logo\\\/image\\\/\"},\"sameAs\":[\"https:\\\/\\\/www.facebook.com\\\/Vmsport.fi\\\/\",\"https:\\\/\\\/www.instagram.com\\\/vmsport\\\/\"]}]}<\/script>\n<!-- \/ Yoast SEO plugin. -->","yoast_head_json":{"title":"SRAM Eagle GX 12-v\u00e4xlad (X01\/XX1) - VM Sport","robots":{"index":"index","follow":"follow","max-snippet":"max-snippet:-1","max-image-preview":"max-image-preview:large","max-video-preview":"max-video-preview:-1"},"canonical":"https:\/\/vmsport.fi\/sv\/webbutik\/reservdelar\/vaxellador\/vaxelladsdelar-och-reservdelar\/sram-eagle-gx-headset-12-vaxlar-x01-xx1\/","og_locale":"sv_SE","og_type":"article","og_title":"SRAM Eagle GX Ohjainrullat 12-vaihteinen (X01\/XX1) - VM Sport","og_description":"SRAM Eagle GX -ohjainrullat 12-vaihteinen (X01\/XX1) on erityisesti suunniteltu maastopy\u00f6r\u00e4ilyyn, tarjoten erinomaista yhteensopivuutta erilaisilla ajoalustoilla, kuten maastossa, kiertoradoilla, s\u00e4hk\u00f6maastopy\u00f6riss\u00e4 ja poluilla. Uusi 520 %:n vaihdealue mahdollistaa monipuolisen k\u00e4yt\u00f6n niin pitkille matkoille kuin nopeisiin pyr\u00e4hdyksiin. CAGE LOCK -tekniikka helpottaa renkaiden asennusta ja irrotusta, kun taas BOOST parantaa py\u00f6r\u00e4n rungon geometrian ja ohjaustuntuman. DUB Eagle -j\u00e4rjestelm\u00e4 tarjoaa [...]L\u00e4s mer \u2026 from SRAM Eagle GX Ohjainrullat 12-vaihteinen (X01\/XX1)","og_url":"https:\/\/vmsport.fi\/sv\/webbutik\/reservdelar\/vaxellador\/vaxelladsdelar-och-reservdelar\/sram-eagle-gx-headset-12-vaxlar-x01-xx1\/","og_site_name":"VM Sport","article_publisher":"https:\/\/www.facebook.com\/Vmsport.fi\/","article_modified_time":"2026-04-22T12:10:07+00:00","og_image":[{"width":800,"height":800,"url":"https:\/\/vmsport.fi\/wp-content\/uploads\/2025\/03\/08AmhaWbVktQ9kHUIG4ApBMONZc9iZlt8uCfwbTDGUaaW8QTQY-1.jpg","type":"image\/jpeg"}],"twitter_card":"summary_large_image","twitter_misc":{"Ber\u00e4knad l\u00e4stid":"2 minuter"},"schema":{"@context":"https:\/\/schema.org","@graph":[{"@type":["WebPage","ItemPage"],"@id":"https:\/\/vmsport.fi\/verkkokauppa\/varaosat\/vaihteistot\/vaihteiden-osat-ja-varaosat\/sram-eagle-gx-ohjainrullat-12-vaihteinen-x01-xx1\/","url":"https:\/\/vmsport.fi\/verkkokauppa\/varaosat\/vaihteistot\/vaihteiden-osat-ja-varaosat\/sram-eagle-gx-ohjainrullat-12-vaihteinen-x01-xx1\/","name":"SRAM Eagle GX 12-v\u00e4xlad (X01\/XX1) - VM Sport","isPartOf":{"@id":"https:\/\/vmsport.fi\/#website"},"primaryImageOfPage":{"@id":"https:\/\/vmsport.fi\/verkkokauppa\/varaosat\/vaihteistot\/vaihteiden-osat-ja-varaosat\/sram-eagle-gx-ohjainrullat-12-vaihteinen-x01-xx1\/#primaryimage"},"image":{"@id":"https:\/\/vmsport.fi\/verkkokauppa\/varaosat\/vaihteistot\/vaihteiden-osat-ja-varaosat\/sram-eagle-gx-ohjainrullat-12-vaihteinen-x01-xx1\/#primaryimage"},"thumbnailUrl":"https:\/\/vmsport.fi\/wp-content\/uploads\/2025\/03\/08AmhaWbVktQ9kHUIG4ApBMONZc9iZlt8uCfwbTDGUaaW8QTQY-1.jpg","datePublished":"2025-03-05T22:10:39+00:00","dateModified":"2026-04-22T12:10:07+00:00","breadcrumb":{"@id":"https:\/\/vmsport.fi\/verkkokauppa\/varaosat\/vaihteistot\/vaihteiden-osat-ja-varaosat\/sram-eagle-gx-ohjainrullat-12-vaihteinen-x01-xx1\/#breadcrumb"},"inLanguage":"sv-SE","potentialAction":[{"@type":"ReadAction","target":["https:\/\/vmsport.fi\/verkkokauppa\/varaosat\/vaihteistot\/vaihteiden-osat-ja-varaosat\/sram-eagle-gx-ohjainrullat-12-vaihteinen-x01-xx1\/"]}]},{"@type":"ImageObject","inLanguage":"sv-SE","@id":"https:\/\/vmsport.fi\/verkkokauppa\/varaosat\/vaihteistot\/vaihteiden-osat-ja-varaosat\/sram-eagle-gx-ohjainrullat-12-vaihteinen-x01-xx1\/#primaryimage","url":"https:\/\/vmsport.fi\/wp-content\/uploads\/2025\/03\/08AmhaWbVktQ9kHUIG4ApBMONZc9iZlt8uCfwbTDGUaaW8QTQY-1.jpg","contentUrl":"https:\/\/vmsport.fi\/wp-content\/uploads\/2025\/03\/08AmhaWbVktQ9kHUIG4ApBMONZc9iZlt8uCfwbTDGUaaW8QTQY-1.jpg","width":800,"height":800,"caption":"08AmhaWbVktQ9kHUIG4ApBMONZc9iZlt8uCfwbTDGUaaW8QTQY"},{"@type":"BreadcrumbList","@id":"https:\/\/vmsport.fi\/verkkokauppa\/varaosat\/vaihteistot\/vaihteiden-osat-ja-varaosat\/sram-eagle-gx-ohjainrullat-12-vaihteinen-x01-xx1\/#breadcrumb","itemListElement":[{"@type":"ListItem","position":1,"name":"Etusivu","item":"https:\/\/vmsport.fi\/"},{"@type":"ListItem","position":2,"name":"Online Store","item":"https:\/\/vmsport.fi\/en\/online-store\/"},{"@type":"ListItem","position":3,"name":"Sram","item":"https:\/\/vmsport.fi\/merkki\/sram\/"},{"@type":"ListItem","position":4,"name":"SRAM Eagle GX Ohjainrullat 12-vaihteinen (X01\/XX1)"}]},{"@type":"WebSite","@id":"https:\/\/vmsport.fi\/#website","url":"https:\/\/vmsport.fi\/","name":"Vmsport","description":"Allt p\u00e5 ett st\u00e4lle f\u00f6r cykling","publisher":{"@id":"https:\/\/vmsport.fi\/#organization"},"potentialAction":[{"@type":"SearchAction","target":{"@type":"EntryPoint","urlTemplate":"https:\/\/vmsport.fi\/?s={search_term_string}"},"query-input":{"@type":"PropertyValueSpecification","valueRequired":true,"valueName":"search_term_string"}}],"inLanguage":"sv-SE"},{"@type":"Organization","@id":"https:\/\/vmsport.fi\/#organization","name":"Vmsport","url":"https:\/\/vmsport.fi\/","logo":{"@type":"ImageObject","inLanguage":"sv-SE","@id":"https:\/\/vmsport.fi\/#\/schema\/logo\/image\/","url":"https:\/\/vmsport.fi\/wp-content\/uploads\/2024\/12\/vm_sport_RGB_horisontal-e1734526017575.png","contentUrl":"https:\/\/vmsport.fi\/wp-content\/uploads\/2024\/12\/vm_sport_RGB_horisontal-e1734526017575.png","width":668,"height":85,"caption":"Vmsport"},"image":{"@id":"https:\/\/vmsport.fi\/#\/schema\/logo\/image\/"},"sameAs":["https:\/\/www.facebook.com\/Vmsport.fi\/","https:\/\/www.instagram.com\/vmsport\/"]}]}},"global_unique_id":"","_links":{"self":[{"href":"https:\/\/vmsport.fi\/sv\/wp-json\/wp\/v2\/product\/55712","targetHints":{"allow":["GET"]}}],"collection":[{"href":"https:\/\/vmsport.fi\/sv\/wp-json\/wp\/v2\/product"}],"about":[{"href":"https:\/\/vmsport.fi\/sv\/wp-json\/wp\/v2\/types\/product"}],"replies":[{"embeddable":true,"href":"https:\/\/vmsport.fi\/sv\/wp-json\/wp\/v2\/comments?post=55712"}],"wp:featuredmedia":[{"embeddable":true,"href":"https:\/\/vmsport.fi\/sv\/wp-json\/wp\/v2\/media\/55711"}],"wp:attachment":[{"href":"https:\/\/vmsport.fi\/sv\/wp-json\/wp\/v2\/media?parent=55712"}],"wp:term":[{"taxonomy":"product_brand","embeddable":true,"href":"https:\/\/vmsport.fi\/sv\/wp-json\/wp\/v2\/product_brand?post=55712"},{"taxonomy":"product_model","embeddable":true,"href":"https:\/\/vmsport.fi\/sv\/wp-json\/wp\/v2\/product_model?post=55712"},{"taxonomy":"product_cat","embeddable":true,"href":"https:\/\/vmsport.fi\/sv\/wp-json\/wp\/v2\/product_cat?post=55712"},{"taxonomy":"product_tag","embeddable":true,"href":"https:\/\/vmsport.fi\/sv\/wp-json\/wp\/v2\/product_tag?post=55712"},{"taxonomy":"industry_terminology","embeddable":true,"href":"https:\/\/vmsport.fi\/sv\/wp-json\/wp\/v2\/industry-terminology?post=55712"}],"curies":[{"name":"wp","href":"https:\/\/api.w.org\/{rel}","templated":true}]}}