{"id":55708,"date":"2025-03-06T00:10:37","date_gmt":"2025-03-05T22:10:37","guid":{"rendered":"https:\/\/vmsport.fi\/verkkokauppa\/Ei-luokiteltu\/kammen-ulosvetaja-cwp-7\/"},"modified":"2026-01-16T13:23:35","modified_gmt":"2026-01-16T11:23:35","slug":"kammare-utdragare-cwp-7","status":"publish","type":"product","link":"https:\/\/vmsport.fi\/sv\/verkkokauppa\/tarvikkeet\/tyokalut\/voimansiirtotyokalut\/kammen-ulosvetaja-cwp-7\/","title":{"rendered":"Skorstenssug CWP-7"},"content":{"rendered":"<p>CWP-7 kamutdragare \u00e4r speciellt utvecklad f\u00f6r service av cyklar. Detta handverktyg underl\u00e4ttar en effektiv borttagning av f\u00e4lgen. Den \u00e4r tillverkad av slitstark metall, vilket g\u00f6r den till ett l\u00e5ngvarigt och p\u00e5litligt val. Den exakta utformningen av utdragaren s\u00e4kerst\u00e4ller en smidig och enkel anv\u00e4ndning. CWP-7 \u00e4r l\u00e4mplig f\u00f6r ett brett spektrum av cykelunderh\u00e5llsuppgifter.<\/p>","protected":false},"excerpt":{"rendered":"<p>Kammen ulosvet\u00e4j\u00e4 CWP-7 on kehitetty erityisesti polkupy\u00f6rien huoltamiseen. T\u00e4m\u00e4 k\u00e4sik\u00e4ytt\u00f6inen ty\u00f6kalu helpottaa kammen irrottamista tehokkaasti. Se on valmistettu kest\u00e4v\u00e4st\u00e4 metallista, mik\u00e4 tekee siit\u00e4 pitk\u00e4ik\u00e4isen ja luotettavan valinnan. Ulosvet\u00e4j\u00e4n tarkka muotoilu takaa sujuvan ja vaivattoman k\u00e4yt\u00f6n. CWP-7 sopii monenlaisiin polkupy\u00f6r\u00e4n huoltot\u00f6ihin. [&#8230;]<\/p>\n<p><a class=\"btn btn-secondary understrap-read-more-link\" href=\"https:\/\/vmsport.fi\/sv\/verkkokauppa\/tarvikkeet\/tyokalut\/voimansiirtotyokalut\/kammen-ulosvetaja-cwp-7\/\">L\u00e4s mer \u2026<span class=\"screen-reader-text\"> from Kammen ulosvet\u00e4j\u00e4 CWP-7<\/span><\/a><\/p>\n","protected":false},"featured_media":55707,"comment_status":"open","ping_status":"closed","template":"","meta":{"_acf_changed":false,"_improvement_type_select":"improve_an_existing","_thumb_yes_seoaic":false,"_frame_yes_seoaic":false,"seoaic_generate_description":"","seoaic_improve_instructions_prompt":"","seoaic_rollback_content_improvement":"","seoaic_idea_thumbnail_generator":"","thumbnail_generated":false,"thumbnail_generate_prompt":"","seoaic_article_description":"","_supplier_stock_quantity":0},"product_brand":[],"product_model":[],"product_cat":[9342],"product_tag":[],"industry-terminology":[],"class_list":{"0":"post-55708","1":"product","2":"type-product","3":"status-publish","4":"has-post-thumbnail","6":"product_cat-voimansiirtotyokalut","8":"first","9":"outofstock","10":"taxable","11":"shipping-taxable","12":"product-type-simple"},"acf":{"bike_features":null,"overview":{"copy_overview":null,"key_features":null,"statement":"","youtube_url":""}},"yoast_head":"<!-- This site is optimized with the Yoast SEO plugin v27.3 - https:\/\/yoast.com\/product\/yoast-seo-wordpress\/ -->\n<title>Kammen ulosvet\u00e4j\u00e4 CWP-7 - VM Sport<\/title>\n<meta name=\"robots\" content=\"index, follow, max-snippet:-1, max-image-preview:large, max-video-preview:-1\" \/>\n<link rel=\"canonical\" href=\"https:\/\/vmsport.fi\/sv\/webbutik\/tillbehor\/tyokalut\/transmissionsfasten\/kammare-utdragare-cwp-7\/\" \/>\n<meta property=\"og:locale\" content=\"sv_SE\" \/>\n<meta property=\"og:type\" content=\"article\" \/>\n<meta property=\"og:title\" content=\"Kammen ulosvet\u00e4j\u00e4 CWP-7 - VM Sport\" \/>\n<meta property=\"og:description\" content=\"Kammen ulosvet\u00e4j\u00e4 CWP-7 on kehitetty erityisesti polkupy\u00f6rien huoltamiseen. T\u00e4m\u00e4 k\u00e4sik\u00e4ytt\u00f6inen ty\u00f6kalu helpottaa kammen irrottamista tehokkaasti. Se on valmistettu kest\u00e4v\u00e4st\u00e4 metallista, mik\u00e4 tekee siit\u00e4 pitk\u00e4ik\u00e4isen ja luotettavan valinnan. Ulosvet\u00e4j\u00e4n tarkka muotoilu takaa sujuvan ja vaivattoman k\u00e4yt\u00f6n. CWP-7 sopii monenlaisiin polkupy\u00f6r\u00e4n huoltot\u00f6ihin. [...]L\u00e4s mer \u2026 from Kammen ulosvet\u00e4j\u00e4 CWP-7\" \/>\n<meta property=\"og:url\" content=\"https:\/\/vmsport.fi\/sv\/webbutik\/tillbehor\/tyokalut\/transmissionsfasten\/kammare-utdragare-cwp-7\/\" \/>\n<meta property=\"og:site_name\" content=\"VM Sport\" \/>\n<meta property=\"article:publisher\" content=\"https:\/\/www.facebook.com\/Vmsport.fi\/\" \/>\n<meta property=\"article:modified_time\" content=\"2026-01-16T11:23:35+00:00\" \/>\n<meta property=\"og:image\" content=\"https:\/\/vmsport.fi\/wp-content\/uploads\/2025\/03\/pZO4p4l76iX50z2aaH3OV7q8FnnCoEODVIwwYdzwE8XKtn9u8J-1.jpg\" \/>\n\t<meta property=\"og:image:width\" content=\"600\" \/>\n\t<meta property=\"og:image:height\" content=\"600\" \/>\n\t<meta property=\"og:image:type\" content=\"image\/jpeg\" \/>\n<meta name=\"twitter:card\" content=\"summary_large_image\" \/>\n<script type=\"application\/ld+json\" class=\"yoast-schema-graph\">{\"@context\":\"https:\\\/\\\/schema.org\",\"@graph\":[{\"@type\":[\"WebPage\",\"ItemPage\"],\"@id\":\"https:\\\/\\\/vmsport.fi\\\/verkkokauppa\\\/tarvikkeet\\\/tyokalut\\\/voimansiirtotyokalut\\\/kammen-ulosvetaja-cwp-7\\\/\",\"url\":\"https:\\\/\\\/vmsport.fi\\\/verkkokauppa\\\/tarvikkeet\\\/tyokalut\\\/voimansiirtotyokalut\\\/kammen-ulosvetaja-cwp-7\\\/\",\"name\":\"Kammen ulosvet\u00e4j\u00e4 CWP-7 - VM Sport\",\"isPartOf\":{\"@id\":\"https:\\\/\\\/vmsport.fi\\\/#website\"},\"primaryImageOfPage\":{\"@id\":\"https:\\\/\\\/vmsport.fi\\\/verkkokauppa\\\/tarvikkeet\\\/tyokalut\\\/voimansiirtotyokalut\\\/kammen-ulosvetaja-cwp-7\\\/#primaryimage\"},\"image\":{\"@id\":\"https:\\\/\\\/vmsport.fi\\\/verkkokauppa\\\/tarvikkeet\\\/tyokalut\\\/voimansiirtotyokalut\\\/kammen-ulosvetaja-cwp-7\\\/#primaryimage\"},\"thumbnailUrl\":\"https:\\\/\\\/vmsport.fi\\\/wp-content\\\/uploads\\\/2025\\\/03\\\/pZO4p4l76iX50z2aaH3OV7q8FnnCoEODVIwwYdzwE8XKtn9u8J-1.jpg\",\"datePublished\":\"2025-03-05T22:10:37+00:00\",\"dateModified\":\"2026-01-16T11:23:35+00:00\",\"breadcrumb\":{\"@id\":\"https:\\\/\\\/vmsport.fi\\\/verkkokauppa\\\/tarvikkeet\\\/tyokalut\\\/voimansiirtotyokalut\\\/kammen-ulosvetaja-cwp-7\\\/#breadcrumb\"},\"inLanguage\":\"sv-SE\",\"potentialAction\":[{\"@type\":\"ReadAction\",\"target\":[\"https:\\\/\\\/vmsport.fi\\\/verkkokauppa\\\/tarvikkeet\\\/tyokalut\\\/voimansiirtotyokalut\\\/kammen-ulosvetaja-cwp-7\\\/\"]}]},{\"@type\":\"ImageObject\",\"inLanguage\":\"sv-SE\",\"@id\":\"https:\\\/\\\/vmsport.fi\\\/verkkokauppa\\\/tarvikkeet\\\/tyokalut\\\/voimansiirtotyokalut\\\/kammen-ulosvetaja-cwp-7\\\/#primaryimage\",\"url\":\"https:\\\/\\\/vmsport.fi\\\/wp-content\\\/uploads\\\/2025\\\/03\\\/pZO4p4l76iX50z2aaH3OV7q8FnnCoEODVIwwYdzwE8XKtn9u8J-1.jpg\",\"contentUrl\":\"https:\\\/\\\/vmsport.fi\\\/wp-content\\\/uploads\\\/2025\\\/03\\\/pZO4p4l76iX50z2aaH3OV7q8FnnCoEODVIwwYdzwE8XKtn9u8J-1.jpg\",\"width\":600,\"height\":600,\"caption\":\"pZO4p4l76iX50z2aaH3OV7q8FnnCoEODVIwwYdzwE8XKtn9u8J\"},{\"@type\":\"BreadcrumbList\",\"@id\":\"https:\\\/\\\/vmsport.fi\\\/verkkokauppa\\\/tarvikkeet\\\/tyokalut\\\/voimansiirtotyokalut\\\/kammen-ulosvetaja-cwp-7\\\/#breadcrumb\",\"itemListElement\":[{\"@type\":\"ListItem\",\"position\":1,\"name\":\"Etusivu\",\"item\":\"https:\\\/\\\/vmsport.fi\\\/\"},{\"@type\":\"ListItem\",\"position\":2,\"name\":\"Online Store\",\"item\":\"https:\\\/\\\/vmsport.fi\\\/en\\\/online-store\\\/\"},{\"@type\":\"ListItem\",\"position\":3,\"name\":\"Kammen ulosvet\u00e4j\u00e4 CWP-7\"}]},{\"@type\":\"WebSite\",\"@id\":\"https:\\\/\\\/vmsport.fi\\\/#website\",\"url\":\"https:\\\/\\\/vmsport.fi\\\/\",\"name\":\"Vmsport\",\"description\":\"Kaikki py\u00f6r\u00e4ilyyn yhdest\u00e4 paikasta\",\"publisher\":{\"@id\":\"https:\\\/\\\/vmsport.fi\\\/#organization\"},\"potentialAction\":[{\"@type\":\"SearchAction\",\"target\":{\"@type\":\"EntryPoint\",\"urlTemplate\":\"https:\\\/\\\/vmsport.fi\\\/?s={search_term_string}\"},\"query-input\":{\"@type\":\"PropertyValueSpecification\",\"valueRequired\":true,\"valueName\":\"search_term_string\"}}],\"inLanguage\":\"sv-SE\"},{\"@type\":\"Organization\",\"@id\":\"https:\\\/\\\/vmsport.fi\\\/#organization\",\"name\":\"Vmsport\",\"url\":\"https:\\\/\\\/vmsport.fi\\\/\",\"logo\":{\"@type\":\"ImageObject\",\"inLanguage\":\"sv-SE\",\"@id\":\"https:\\\/\\\/vmsport.fi\\\/#\\\/schema\\\/logo\\\/image\\\/\",\"url\":\"https:\\\/\\\/vmsport.fi\\\/wp-content\\\/uploads\\\/2024\\\/12\\\/vm_sport_RGB_horisontal-e1734526017575.png\",\"contentUrl\":\"https:\\\/\\\/vmsport.fi\\\/wp-content\\\/uploads\\\/2024\\\/12\\\/vm_sport_RGB_horisontal-e1734526017575.png\",\"width\":668,\"height\":85,\"caption\":\"Vmsport\"},\"image\":{\"@id\":\"https:\\\/\\\/vmsport.fi\\\/#\\\/schema\\\/logo\\\/image\\\/\"},\"sameAs\":[\"https:\\\/\\\/www.facebook.com\\\/Vmsport.fi\\\/\",\"https:\\\/\\\/www.instagram.com\\\/vmsport\\\/\"]}]}<\/script>\n<!-- \/ Yoast SEO plugin. -->","yoast_head_json":{"title":"Kamutdragare CWP-7 - VM Sport","robots":{"index":"index","follow":"follow","max-snippet":"max-snippet:-1","max-image-preview":"max-image-preview:large","max-video-preview":"max-video-preview:-1"},"canonical":"https:\/\/vmsport.fi\/sv\/webbutik\/tillbehor\/tyokalut\/transmissionsfasten\/kammare-utdragare-cwp-7\/","og_locale":"sv_SE","og_type":"article","og_title":"Kammen ulosvet\u00e4j\u00e4 CWP-7 - VM Sport","og_description":"Kammen ulosvet\u00e4j\u00e4 CWP-7 on kehitetty erityisesti polkupy\u00f6rien huoltamiseen. T\u00e4m\u00e4 k\u00e4sik\u00e4ytt\u00f6inen ty\u00f6kalu helpottaa kammen irrottamista tehokkaasti. Se on valmistettu kest\u00e4v\u00e4st\u00e4 metallista, mik\u00e4 tekee siit\u00e4 pitk\u00e4ik\u00e4isen ja luotettavan valinnan. Ulosvet\u00e4j\u00e4n tarkka muotoilu takaa sujuvan ja vaivattoman k\u00e4yt\u00f6n. CWP-7 sopii monenlaisiin polkupy\u00f6r\u00e4n huoltot\u00f6ihin. [...]L\u00e4s mer \u2026 from Kammen ulosvet\u00e4j\u00e4 CWP-7","og_url":"https:\/\/vmsport.fi\/sv\/webbutik\/tillbehor\/tyokalut\/transmissionsfasten\/kammare-utdragare-cwp-7\/","og_site_name":"VM Sport","article_publisher":"https:\/\/www.facebook.com\/Vmsport.fi\/","article_modified_time":"2026-01-16T11:23:35+00:00","og_image":[{"width":600,"height":600,"url":"https:\/\/vmsport.fi\/wp-content\/uploads\/2025\/03\/pZO4p4l76iX50z2aaH3OV7q8FnnCoEODVIwwYdzwE8XKtn9u8J-1.jpg","type":"image\/jpeg"}],"twitter_card":"summary_large_image","schema":{"@context":"https:\/\/schema.org","@graph":[{"@type":["WebPage","ItemPage"],"@id":"https:\/\/vmsport.fi\/verkkokauppa\/tarvikkeet\/tyokalut\/voimansiirtotyokalut\/kammen-ulosvetaja-cwp-7\/","url":"https:\/\/vmsport.fi\/verkkokauppa\/tarvikkeet\/tyokalut\/voimansiirtotyokalut\/kammen-ulosvetaja-cwp-7\/","name":"Kamutdragare CWP-7 - VM Sport","isPartOf":{"@id":"https:\/\/vmsport.fi\/#website"},"primaryImageOfPage":{"@id":"https:\/\/vmsport.fi\/verkkokauppa\/tarvikkeet\/tyokalut\/voimansiirtotyokalut\/kammen-ulosvetaja-cwp-7\/#primaryimage"},"image":{"@id":"https:\/\/vmsport.fi\/verkkokauppa\/tarvikkeet\/tyokalut\/voimansiirtotyokalut\/kammen-ulosvetaja-cwp-7\/#primaryimage"},"thumbnailUrl":"https:\/\/vmsport.fi\/wp-content\/uploads\/2025\/03\/pZO4p4l76iX50z2aaH3OV7q8FnnCoEODVIwwYdzwE8XKtn9u8J-1.jpg","datePublished":"2025-03-05T22:10:37+00:00","dateModified":"2026-01-16T11:23:35+00:00","breadcrumb":{"@id":"https:\/\/vmsport.fi\/verkkokauppa\/tarvikkeet\/tyokalut\/voimansiirtotyokalut\/kammen-ulosvetaja-cwp-7\/#breadcrumb"},"inLanguage":"sv-SE","potentialAction":[{"@type":"ReadAction","target":["https:\/\/vmsport.fi\/verkkokauppa\/tarvikkeet\/tyokalut\/voimansiirtotyokalut\/kammen-ulosvetaja-cwp-7\/"]}]},{"@type":"ImageObject","inLanguage":"sv-SE","@id":"https:\/\/vmsport.fi\/verkkokauppa\/tarvikkeet\/tyokalut\/voimansiirtotyokalut\/kammen-ulosvetaja-cwp-7\/#primaryimage","url":"https:\/\/vmsport.fi\/wp-content\/uploads\/2025\/03\/pZO4p4l76iX50z2aaH3OV7q8FnnCoEODVIwwYdzwE8XKtn9u8J-1.jpg","contentUrl":"https:\/\/vmsport.fi\/wp-content\/uploads\/2025\/03\/pZO4p4l76iX50z2aaH3OV7q8FnnCoEODVIwwYdzwE8XKtn9u8J-1.jpg","width":600,"height":600,"caption":"pZO4p4l76iX50z2aaH3OV7q8FnnCoEODVIwwYdzwE8XKtn9u8J"},{"@type":"BreadcrumbList","@id":"https:\/\/vmsport.fi\/verkkokauppa\/tarvikkeet\/tyokalut\/voimansiirtotyokalut\/kammen-ulosvetaja-cwp-7\/#breadcrumb","itemListElement":[{"@type":"ListItem","position":1,"name":"Etusivu","item":"https:\/\/vmsport.fi\/"},{"@type":"ListItem","position":2,"name":"Online Store","item":"https:\/\/vmsport.fi\/en\/online-store\/"},{"@type":"ListItem","position":3,"name":"Kammen ulosvet\u00e4j\u00e4 CWP-7"}]},{"@type":"WebSite","@id":"https:\/\/vmsport.fi\/#website","url":"https:\/\/vmsport.fi\/","name":"Vmsport","description":"Allt p\u00e5 ett st\u00e4lle f\u00f6r cykling","publisher":{"@id":"https:\/\/vmsport.fi\/#organization"},"potentialAction":[{"@type":"SearchAction","target":{"@type":"EntryPoint","urlTemplate":"https:\/\/vmsport.fi\/?s={search_term_string}"},"query-input":{"@type":"PropertyValueSpecification","valueRequired":true,"valueName":"search_term_string"}}],"inLanguage":"sv-SE"},{"@type":"Organization","@id":"https:\/\/vmsport.fi\/#organization","name":"Vmsport","url":"https:\/\/vmsport.fi\/","logo":{"@type":"ImageObject","inLanguage":"sv-SE","@id":"https:\/\/vmsport.fi\/#\/schema\/logo\/image\/","url":"https:\/\/vmsport.fi\/wp-content\/uploads\/2024\/12\/vm_sport_RGB_horisontal-e1734526017575.png","contentUrl":"https:\/\/vmsport.fi\/wp-content\/uploads\/2024\/12\/vm_sport_RGB_horisontal-e1734526017575.png","width":668,"height":85,"caption":"Vmsport"},"image":{"@id":"https:\/\/vmsport.fi\/#\/schema\/logo\/image\/"},"sameAs":["https:\/\/www.facebook.com\/Vmsport.fi\/","https:\/\/www.instagram.com\/vmsport\/"]}]}},"global_unique_id":"","_links":{"self":[{"href":"https:\/\/vmsport.fi\/sv\/wp-json\/wp\/v2\/product\/55708","targetHints":{"allow":["GET"]}}],"collection":[{"href":"https:\/\/vmsport.fi\/sv\/wp-json\/wp\/v2\/product"}],"about":[{"href":"https:\/\/vmsport.fi\/sv\/wp-json\/wp\/v2\/types\/product"}],"replies":[{"embeddable":true,"href":"https:\/\/vmsport.fi\/sv\/wp-json\/wp\/v2\/comments?post=55708"}],"wp:featuredmedia":[{"embeddable":true,"href":"https:\/\/vmsport.fi\/sv\/wp-json\/wp\/v2\/media\/55707"}],"wp:attachment":[{"href":"https:\/\/vmsport.fi\/sv\/wp-json\/wp\/v2\/media?parent=55708"}],"wp:term":[{"taxonomy":"product_brand","embeddable":true,"href":"https:\/\/vmsport.fi\/sv\/wp-json\/wp\/v2\/product_brand?post=55708"},{"taxonomy":"product_model","embeddable":true,"href":"https:\/\/vmsport.fi\/sv\/wp-json\/wp\/v2\/product_model?post=55708"},{"taxonomy":"product_cat","embeddable":true,"href":"https:\/\/vmsport.fi\/sv\/wp-json\/wp\/v2\/product_cat?post=55708"},{"taxonomy":"product_tag","embeddable":true,"href":"https:\/\/vmsport.fi\/sv\/wp-json\/wp\/v2\/product_tag?post=55708"},{"taxonomy":"industry_terminology","embeddable":true,"href":"https:\/\/vmsport.fi\/sv\/wp-json\/wp\/v2\/industry-terminology?post=55708"}],"curies":[{"name":"wp","href":"https:\/\/api.w.org\/{rel}","templated":true}]}}