{"id":55680,"date":"2025-03-06T00:10:12","date_gmt":"2025-03-05T22:10:12","guid":{"rendered":"https:\/\/vmsport.fi\/verkkokauppa\/Ei-luokiteltu\/selle-royal-satula-freeway-fit-athletic\/"},"modified":"2026-04-22T15:05:05","modified_gmt":"2026-04-22T12:05:05","slug":"selle-royal-satula-freeway-fit-athletic","status":"publish","type":"product","link":"https:\/\/vmsport.fi\/sv\/verkkokauppa\/varaosat\/satulat-ja-satulatolpat\/satulat\/selle-royal-satula-freeway-fit-athletic\/","title":{"rendered":"Selle Royal Satula Freeway Fit Friidrott"},"content":{"rendered":"<p>Selle Royals Freeway Fit Athletic-sadel \u00e4r s\u00e4rskilt utformad f\u00f6r stadscyklister som v\u00e4rdes\u00e4tter komfort och praktiska egenskaper. Sadeln anv\u00e4nder ett l\u00e5ngsamt formande skummaterial som anpassar sig till cyklistens kroppsform f\u00f6r en omedelbart bekv\u00e4m och mjuk k\u00f6rupplevelse. Patenterad t\u00e4tningsteknik s\u00e4kerst\u00e4ller att sadeln \u00e4r vattent\u00e4t, s\u00e5 att den h\u00e5ller sig torr \u00e4ven i kraftigt regn. Ett integrerat f\u00e4stsystem p\u00e5 sadelns baksida g\u00f6r det m\u00f6jligt att snabbt f\u00e4sta Selle Royal-tillbeh\u00f6r som t.ex. sadelv\u00e4skor, vilket \u00f6kar sadelns m\u00e5ngsidighet. Den h\u00e4r sadeln \u00e4r ett utm\u00e4rkt val f\u00f6r dig som beh\u00f6ver en praktisk l\u00f6sning som \u00e4r anpassad till v\u00e4derf\u00f6rh\u00e5llanden och stadsmilj\u00f6er.<\/p>","protected":false},"excerpt":{"rendered":"<p>Selle Royalin Freeway Fit Athletic -satula on suunniteltu erityisesti kaupunkipy\u00f6r\u00e4ilij\u00f6ille, jotka arvostavat mukavuutta ja k\u00e4yt\u00e4nn\u00f6llisyytt\u00e4. Satula hy\u00f6dynt\u00e4\u00e4 hidasta muotoutumista tarjoavaa vaahtomateriaalia, joka mukautuu ajajan kehon muotoihin ja takaa n\u00e4in heti mukavan ja pehme\u00e4n ajokokemuksen. Patentoitu tiivisrakenteinen tekniikka varmistaa satulan vedenpit\u00e4vyyden, joten se pysyy kuivana jopa rankkasateella. Satulan takana oleva integroitu kiinnitysj\u00e4rjestelm\u00e4 mahdollistaa Selle Royal -lis\u00e4varusteiden, [&#8230;]<\/p>\n<p><a class=\"btn btn-secondary understrap-read-more-link\" href=\"https:\/\/vmsport.fi\/sv\/verkkokauppa\/varaosat\/satulat-ja-satulatolpat\/satulat\/selle-royal-satula-freeway-fit-athletic\/\">L\u00e4s mer \u2026<span class=\"screen-reader-text\"> from Selle Royal Satula Freeway Fit Athletic<\/span><\/a><\/p>\n","protected":false},"featured_media":55678,"comment_status":"open","ping_status":"closed","template":"","meta":{"_acf_changed":false,"_improvement_type_select":"improve_an_existing","_thumb_yes_seoaic":false,"_frame_yes_seoaic":false,"seoaic_generate_description":"","seoaic_improve_instructions_prompt":"","seoaic_rollback_content_improvement":"","seoaic_idea_thumbnail_generator":"","thumbnail_generated":false,"thumbnail_generate_prompt":"","seoaic_article_description":"","_supplier_stock_quantity":0},"product_brand":[],"product_model":[],"product_cat":[9380],"product_tag":[],"industry-terminology":[],"class_list":{"0":"post-55680","1":"product","2":"type-product","3":"status-publish","4":"has-post-thumbnail","6":"product_cat-satulat","8":"first","9":"instock","10":"taxable","11":"shipping-taxable","12":"purchasable","13":"product-type-simple"},"acf":{"bike_features":null,"overview":{"copy_overview":null,"key_features":null,"statement":"","youtube_url":""}},"yoast_head":"<!-- This site is optimized with the Yoast SEO plugin v27.4 - https:\/\/yoast.com\/product\/yoast-seo-wordpress\/ -->\n<title>Selle Royal Satula Freeway Fit Athletic - VM Sport<\/title>\n<meta name=\"robots\" content=\"index, follow, max-snippet:-1, max-image-preview:large, max-video-preview:-1\" \/>\n<link rel=\"canonical\" href=\"https:\/\/vmsport.fi\/sv\/webbutik\/reservdelar\/sadlar-och-sadelstolpar\/sadlar\/selle-royal-satula-freeway-fit-athletic\/\" \/>\n<meta property=\"og:locale\" content=\"sv_SE\" \/>\n<meta property=\"og:type\" content=\"article\" \/>\n<meta property=\"og:title\" content=\"Selle Royal Satula Freeway Fit Athletic - VM Sport\" \/>\n<meta property=\"og:description\" content=\"Selle Royalin Freeway Fit Athletic -satula on suunniteltu erityisesti kaupunkipy\u00f6r\u00e4ilij\u00f6ille, jotka arvostavat mukavuutta ja k\u00e4yt\u00e4nn\u00f6llisyytt\u00e4. Satula hy\u00f6dynt\u00e4\u00e4 hidasta muotoutumista tarjoavaa vaahtomateriaalia, joka mukautuu ajajan kehon muotoihin ja takaa n\u00e4in heti mukavan ja pehme\u00e4n ajokokemuksen. Patentoitu tiivisrakenteinen tekniikka varmistaa satulan vedenpit\u00e4vyyden, joten se pysyy kuivana jopa rankkasateella. Satulan takana oleva integroitu kiinnitysj\u00e4rjestelm\u00e4 mahdollistaa Selle Royal -lis\u00e4varusteiden, [...]L\u00e4s mer \u2026 from Selle Royal Satula Freeway Fit Athletic\" \/>\n<meta property=\"og:url\" content=\"https:\/\/vmsport.fi\/sv\/webbutik\/reservdelar\/sadlar-och-sadelstolpar\/sadlar\/selle-royal-satula-freeway-fit-athletic\/\" \/>\n<meta property=\"og:site_name\" content=\"VM Sport\" \/>\n<meta property=\"article:publisher\" content=\"https:\/\/www.facebook.com\/Vmsport.fi\/\" \/>\n<meta property=\"article:modified_time\" content=\"2026-04-22T12:05:05+00:00\" \/>\n<meta property=\"og:image\" content=\"https:\/\/vmsport.fi\/wp-content\/uploads\/2025\/03\/8V99UR0A18069-01-jpg-thumb-572-572-1.png\" \/>\n\t<meta property=\"og:image:width\" content=\"572\" \/>\n\t<meta property=\"og:image:height\" content=\"572\" \/>\n\t<meta property=\"og:image:type\" content=\"image\/png\" \/>\n<meta name=\"twitter:card\" content=\"summary_large_image\" \/>\n<script type=\"application\/ld+json\" class=\"yoast-schema-graph\">{\"@context\":\"https:\\\/\\\/schema.org\",\"@graph\":[{\"@type\":[\"WebPage\",\"ItemPage\"],\"@id\":\"https:\\\/\\\/vmsport.fi\\\/verkkokauppa\\\/varaosat\\\/satulat-ja-satulatolpat\\\/satulat\\\/selle-royal-satula-freeway-fit-athletic\\\/\",\"url\":\"https:\\\/\\\/vmsport.fi\\\/verkkokauppa\\\/varaosat\\\/satulat-ja-satulatolpat\\\/satulat\\\/selle-royal-satula-freeway-fit-athletic\\\/\",\"name\":\"Selle Royal Satula Freeway Fit Athletic - VM Sport\",\"isPartOf\":{\"@id\":\"https:\\\/\\\/vmsport.fi\\\/#website\"},\"primaryImageOfPage\":{\"@id\":\"https:\\\/\\\/vmsport.fi\\\/verkkokauppa\\\/varaosat\\\/satulat-ja-satulatolpat\\\/satulat\\\/selle-royal-satula-freeway-fit-athletic\\\/#primaryimage\"},\"image\":{\"@id\":\"https:\\\/\\\/vmsport.fi\\\/verkkokauppa\\\/varaosat\\\/satulat-ja-satulatolpat\\\/satulat\\\/selle-royal-satula-freeway-fit-athletic\\\/#primaryimage\"},\"thumbnailUrl\":\"https:\\\/\\\/vmsport.fi\\\/wp-content\\\/uploads\\\/2025\\\/03\\\/8V99UR0A18069-01-jpg-thumb-572-572-1.png\",\"datePublished\":\"2025-03-05T22:10:12+00:00\",\"dateModified\":\"2026-04-22T12:05:05+00:00\",\"breadcrumb\":{\"@id\":\"https:\\\/\\\/vmsport.fi\\\/verkkokauppa\\\/varaosat\\\/satulat-ja-satulatolpat\\\/satulat\\\/selle-royal-satula-freeway-fit-athletic\\\/#breadcrumb\"},\"inLanguage\":\"sv-SE\",\"potentialAction\":[{\"@type\":\"ReadAction\",\"target\":[\"https:\\\/\\\/vmsport.fi\\\/verkkokauppa\\\/varaosat\\\/satulat-ja-satulatolpat\\\/satulat\\\/selle-royal-satula-freeway-fit-athletic\\\/\"]}]},{\"@type\":\"ImageObject\",\"inLanguage\":\"sv-SE\",\"@id\":\"https:\\\/\\\/vmsport.fi\\\/verkkokauppa\\\/varaosat\\\/satulat-ja-satulatolpat\\\/satulat\\\/selle-royal-satula-freeway-fit-athletic\\\/#primaryimage\",\"url\":\"https:\\\/\\\/vmsport.fi\\\/wp-content\\\/uploads\\\/2025\\\/03\\\/8V99UR0A18069-01-jpg-thumb-572-572-1.png\",\"contentUrl\":\"https:\\\/\\\/vmsport.fi\\\/wp-content\\\/uploads\\\/2025\\\/03\\\/8V99UR0A18069-01-jpg-thumb-572-572-1.png\",\"width\":572,\"height\":572,\"caption\":\"8V99UR0A18069-01-jpg-thumb-572-572\"},{\"@type\":\"BreadcrumbList\",\"@id\":\"https:\\\/\\\/vmsport.fi\\\/verkkokauppa\\\/varaosat\\\/satulat-ja-satulatolpat\\\/satulat\\\/selle-royal-satula-freeway-fit-athletic\\\/#breadcrumb\",\"itemListElement\":[{\"@type\":\"ListItem\",\"position\":1,\"name\":\"Etusivu\",\"item\":\"https:\\\/\\\/vmsport.fi\\\/\"},{\"@type\":\"ListItem\",\"position\":2,\"name\":\"Online Store\",\"item\":\"https:\\\/\\\/vmsport.fi\\\/en\\\/online-store\\\/\"},{\"@type\":\"ListItem\",\"position\":3,\"name\":\"Selle Royal Satula Freeway Fit Athletic\"}]},{\"@type\":\"WebSite\",\"@id\":\"https:\\\/\\\/vmsport.fi\\\/#website\",\"url\":\"https:\\\/\\\/vmsport.fi\\\/\",\"name\":\"Vmsport\",\"description\":\"Kaikki py\u00f6r\u00e4ilyyn yhdest\u00e4 paikasta\",\"publisher\":{\"@id\":\"https:\\\/\\\/vmsport.fi\\\/#organization\"},\"potentialAction\":[{\"@type\":\"SearchAction\",\"target\":{\"@type\":\"EntryPoint\",\"urlTemplate\":\"https:\\\/\\\/vmsport.fi\\\/?s={search_term_string}\"},\"query-input\":{\"@type\":\"PropertyValueSpecification\",\"valueRequired\":true,\"valueName\":\"search_term_string\"}}],\"inLanguage\":\"sv-SE\"},{\"@type\":\"Organization\",\"@id\":\"https:\\\/\\\/vmsport.fi\\\/#organization\",\"name\":\"Vmsport\",\"url\":\"https:\\\/\\\/vmsport.fi\\\/\",\"logo\":{\"@type\":\"ImageObject\",\"inLanguage\":\"sv-SE\",\"@id\":\"https:\\\/\\\/vmsport.fi\\\/#\\\/schema\\\/logo\\\/image\\\/\",\"url\":\"https:\\\/\\\/vmsport.fi\\\/wp-content\\\/uploads\\\/2024\\\/12\\\/vm_sport_RGB_horisontal-e1734526017575.png\",\"contentUrl\":\"https:\\\/\\\/vmsport.fi\\\/wp-content\\\/uploads\\\/2024\\\/12\\\/vm_sport_RGB_horisontal-e1734526017575.png\",\"width\":668,\"height\":85,\"caption\":\"Vmsport\"},\"image\":{\"@id\":\"https:\\\/\\\/vmsport.fi\\\/#\\\/schema\\\/logo\\\/image\\\/\"},\"sameAs\":[\"https:\\\/\\\/www.facebook.com\\\/Vmsport.fi\\\/\",\"https:\\\/\\\/www.instagram.com\\\/vmsport\\\/\"]}]}<\/script>\n<!-- \/ Yoast SEO plugin. -->","yoast_head_json":{"title":"Selle Royal Satula Freeway Fit Athletic - VM Sport","robots":{"index":"index","follow":"follow","max-snippet":"max-snippet:-1","max-image-preview":"max-image-preview:large","max-video-preview":"max-video-preview:-1"},"canonical":"https:\/\/vmsport.fi\/sv\/webbutik\/reservdelar\/sadlar-och-sadelstolpar\/sadlar\/selle-royal-satula-freeway-fit-athletic\/","og_locale":"sv_SE","og_type":"article","og_title":"Selle Royal Satula Freeway Fit Athletic - VM Sport","og_description":"Selle Royalin Freeway Fit Athletic -satula on suunniteltu erityisesti kaupunkipy\u00f6r\u00e4ilij\u00f6ille, jotka arvostavat mukavuutta ja k\u00e4yt\u00e4nn\u00f6llisyytt\u00e4. Satula hy\u00f6dynt\u00e4\u00e4 hidasta muotoutumista tarjoavaa vaahtomateriaalia, joka mukautuu ajajan kehon muotoihin ja takaa n\u00e4in heti mukavan ja pehme\u00e4n ajokokemuksen. Patentoitu tiivisrakenteinen tekniikka varmistaa satulan vedenpit\u00e4vyyden, joten se pysyy kuivana jopa rankkasateella. Satulan takana oleva integroitu kiinnitysj\u00e4rjestelm\u00e4 mahdollistaa Selle Royal -lis\u00e4varusteiden, [...]L\u00e4s mer \u2026 from Selle Royal Satula Freeway Fit Athletic","og_url":"https:\/\/vmsport.fi\/sv\/webbutik\/reservdelar\/sadlar-och-sadelstolpar\/sadlar\/selle-royal-satula-freeway-fit-athletic\/","og_site_name":"VM Sport","article_publisher":"https:\/\/www.facebook.com\/Vmsport.fi\/","article_modified_time":"2026-04-22T12:05:05+00:00","og_image":[{"width":572,"height":572,"url":"https:\/\/vmsport.fi\/wp-content\/uploads\/2025\/03\/8V99UR0A18069-01-jpg-thumb-572-572-1.png","type":"image\/png"}],"twitter_card":"summary_large_image","schema":{"@context":"https:\/\/schema.org","@graph":[{"@type":["WebPage","ItemPage"],"@id":"https:\/\/vmsport.fi\/verkkokauppa\/varaosat\/satulat-ja-satulatolpat\/satulat\/selle-royal-satula-freeway-fit-athletic\/","url":"https:\/\/vmsport.fi\/verkkokauppa\/varaosat\/satulat-ja-satulatolpat\/satulat\/selle-royal-satula-freeway-fit-athletic\/","name":"Selle Royal Satula Freeway Fit Athletic - VM Sport","isPartOf":{"@id":"https:\/\/vmsport.fi\/#website"},"primaryImageOfPage":{"@id":"https:\/\/vmsport.fi\/verkkokauppa\/varaosat\/satulat-ja-satulatolpat\/satulat\/selle-royal-satula-freeway-fit-athletic\/#primaryimage"},"image":{"@id":"https:\/\/vmsport.fi\/verkkokauppa\/varaosat\/satulat-ja-satulatolpat\/satulat\/selle-royal-satula-freeway-fit-athletic\/#primaryimage"},"thumbnailUrl":"https:\/\/vmsport.fi\/wp-content\/uploads\/2025\/03\/8V99UR0A18069-01-jpg-thumb-572-572-1.png","datePublished":"2025-03-05T22:10:12+00:00","dateModified":"2026-04-22T12:05:05+00:00","breadcrumb":{"@id":"https:\/\/vmsport.fi\/verkkokauppa\/varaosat\/satulat-ja-satulatolpat\/satulat\/selle-royal-satula-freeway-fit-athletic\/#breadcrumb"},"inLanguage":"sv-SE","potentialAction":[{"@type":"ReadAction","target":["https:\/\/vmsport.fi\/verkkokauppa\/varaosat\/satulat-ja-satulatolpat\/satulat\/selle-royal-satula-freeway-fit-athletic\/"]}]},{"@type":"ImageObject","inLanguage":"sv-SE","@id":"https:\/\/vmsport.fi\/verkkokauppa\/varaosat\/satulat-ja-satulatolpat\/satulat\/selle-royal-satula-freeway-fit-athletic\/#primaryimage","url":"https:\/\/vmsport.fi\/wp-content\/uploads\/2025\/03\/8V99UR0A18069-01-jpg-thumb-572-572-1.png","contentUrl":"https:\/\/vmsport.fi\/wp-content\/uploads\/2025\/03\/8V99UR0A18069-01-jpg-thumb-572-572-1.png","width":572,"height":572,"caption":"8V99UR0A18069-01-jpg-thumb-572-572"},{"@type":"BreadcrumbList","@id":"https:\/\/vmsport.fi\/verkkokauppa\/varaosat\/satulat-ja-satulatolpat\/satulat\/selle-royal-satula-freeway-fit-athletic\/#breadcrumb","itemListElement":[{"@type":"ListItem","position":1,"name":"Etusivu","item":"https:\/\/vmsport.fi\/"},{"@type":"ListItem","position":2,"name":"Online Store","item":"https:\/\/vmsport.fi\/en\/online-store\/"},{"@type":"ListItem","position":3,"name":"Selle Royal Satula Freeway Fit Athletic"}]},{"@type":"WebSite","@id":"https:\/\/vmsport.fi\/#website","url":"https:\/\/vmsport.fi\/","name":"Vmsport","description":"Allt p\u00e5 ett st\u00e4lle f\u00f6r cykling","publisher":{"@id":"https:\/\/vmsport.fi\/#organization"},"potentialAction":[{"@type":"SearchAction","target":{"@type":"EntryPoint","urlTemplate":"https:\/\/vmsport.fi\/?s={search_term_string}"},"query-input":{"@type":"PropertyValueSpecification","valueRequired":true,"valueName":"search_term_string"}}],"inLanguage":"sv-SE"},{"@type":"Organization","@id":"https:\/\/vmsport.fi\/#organization","name":"Vmsport","url":"https:\/\/vmsport.fi\/","logo":{"@type":"ImageObject","inLanguage":"sv-SE","@id":"https:\/\/vmsport.fi\/#\/schema\/logo\/image\/","url":"https:\/\/vmsport.fi\/wp-content\/uploads\/2024\/12\/vm_sport_RGB_horisontal-e1734526017575.png","contentUrl":"https:\/\/vmsport.fi\/wp-content\/uploads\/2024\/12\/vm_sport_RGB_horisontal-e1734526017575.png","width":668,"height":85,"caption":"Vmsport"},"image":{"@id":"https:\/\/vmsport.fi\/#\/schema\/logo\/image\/"},"sameAs":["https:\/\/www.facebook.com\/Vmsport.fi\/","https:\/\/www.instagram.com\/vmsport\/"]}]}},"global_unique_id":"","_links":{"self":[{"href":"https:\/\/vmsport.fi\/sv\/wp-json\/wp\/v2\/product\/55680","targetHints":{"allow":["GET"]}}],"collection":[{"href":"https:\/\/vmsport.fi\/sv\/wp-json\/wp\/v2\/product"}],"about":[{"href":"https:\/\/vmsport.fi\/sv\/wp-json\/wp\/v2\/types\/product"}],"replies":[{"embeddable":true,"href":"https:\/\/vmsport.fi\/sv\/wp-json\/wp\/v2\/comments?post=55680"}],"wp:featuredmedia":[{"embeddable":true,"href":"https:\/\/vmsport.fi\/sv\/wp-json\/wp\/v2\/media\/55678"}],"wp:attachment":[{"href":"https:\/\/vmsport.fi\/sv\/wp-json\/wp\/v2\/media?parent=55680"}],"wp:term":[{"taxonomy":"product_brand","embeddable":true,"href":"https:\/\/vmsport.fi\/sv\/wp-json\/wp\/v2\/product_brand?post=55680"},{"taxonomy":"product_model","embeddable":true,"href":"https:\/\/vmsport.fi\/sv\/wp-json\/wp\/v2\/product_model?post=55680"},{"taxonomy":"product_cat","embeddable":true,"href":"https:\/\/vmsport.fi\/sv\/wp-json\/wp\/v2\/product_cat?post=55680"},{"taxonomy":"product_tag","embeddable":true,"href":"https:\/\/vmsport.fi\/sv\/wp-json\/wp\/v2\/product_tag?post=55680"},{"taxonomy":"industry_terminology","embeddable":true,"href":"https:\/\/vmsport.fi\/sv\/wp-json\/wp\/v2\/industry-terminology?post=55680"}],"curies":[{"name":"wp","href":"https:\/\/api.w.org\/{rel}","templated":true}]}}