{"id":55674,"date":"2025-03-06T00:10:09","date_gmt":"2025-03-05T22:10:09","guid":{"rendered":"https:\/\/vmsport.fi\/verkkokauppa\/Ei-luokiteltu\/schwalbe-av13f-tr4-freeride-26-x-21-30-54-75x559-schrader-40-mm\/"},"modified":"2026-01-16T13:21:11","modified_gmt":"2026-01-16T11:21:11","slug":"schwalbe-av13f-tr4-freeride-26-x-21-30-54-75x559-schrader-40-mm","status":"publish","type":"product","link":"https:\/\/vmsport.fi\/sv\/verkkokauppa\/renkaat\/sisarenkaat\/maasto\/schwalbe-av13f-tr4-freeride-26-x-21-30-54-75x559-schrader-40-mm\/","title":{"rendered":"SCHWALBE AV13F TR4 FREERIDE 26 x 2,1 - 3,0 (54-75\u00d7559) Schrader 40 mm"},"content":{"rendered":"<p>Schwalbe AV13F Freeride-d\u00e4cket erbjuder f\u00f6rstklassig prestanda f\u00f6r 26-tums mountainbikes. Det \u00e4r s\u00e4rskilt utformat f\u00f6r cyklister som beh\u00f6ver en p\u00e5litlig och h\u00e5llbar l\u00f6sning f\u00f6r utmanande terr\u00e4ng. 40 mm Schrader-ventilen g\u00f6r det enkelt att fylla p\u00e5 luft, medan det h\u00f6gkvalitativa gummimaterialet garanterar l\u00e5ng livsl\u00e4ngd p\u00e5 slitbanan. Storlek 26 x 2,1 - 3,0 (54-75\u00d7559) m\u00f6jligg\u00f6r bred kompatibilitet med olika d\u00e4ckbredder, vilket \u00f6kar anv\u00e4ndningsomr\u00e5det. Schwalbe har skapat en produkt som perfekt uppfyller behoven hos aktiva cyklister.<\/p>","protected":false},"excerpt":{"rendered":"<p>Schwalbe AV13F Freeride -sis\u00e4kumi tarjoaa ensiluokkaista suorituskyky\u00e4 26-tuumaisille maastopy\u00f6rille. Se on suunniteltu erityisesti ajajille, jotka tarvitsevat luotettavan ja kest\u00e4v\u00e4n ratkaisun haastaviin maastoihin. 40 mm:n Schrader-venttiili tekee rengaspainelijan lis\u00e4\u00e4misest\u00e4 vaivatonta, ja korkealaatuinen kumimateriaali takaa pitk\u00e4n k\u00e4ytt\u00f6i\u00e4n. Koko 26 x 2,1 \u2013 3,0 (54-75&#215;559) mahdollistaa laajan yhteensopivuuden eri rengasleveyksien kanssa, mik\u00e4 lis\u00e4\u00e4 k\u00e4ytt\u00f6mahdollisuuksia. Schwalbe on luonut tuotteen, [&#8230;]<\/p>\n<p><a class=\"btn btn-secondary understrap-read-more-link\" href=\"https:\/\/vmsport.fi\/sv\/verkkokauppa\/renkaat\/sisarenkaat\/maasto\/schwalbe-av13f-tr4-freeride-26-x-21-30-54-75x559-schrader-40-mm\/\">L\u00e4s mer \u2026<span class=\"screen-reader-text\"> from SCHWALBE AV13F TR4 FREERIDE 26 x 2,1 &#8211; 3,0 (54-75&#215;559) Schrader 40 mm<\/span><\/a><\/p>\n","protected":false},"featured_media":55673,"comment_status":"open","ping_status":"closed","template":"","meta":{"_acf_changed":false,"_improvement_type_select":"improve_an_existing","_thumb_yes_seoaic":false,"_frame_yes_seoaic":false,"seoaic_generate_description":"","seoaic_improve_instructions_prompt":"","seoaic_rollback_content_improvement":"","seoaic_idea_thumbnail_generator":"","thumbnail_generated":false,"thumbnail_generate_prompt":"","seoaic_article_description":"","_supplier_stock_quantity":0},"product_brand":[],"product_model":[],"product_cat":[9538],"product_tag":[],"industry-terminology":[],"class_list":{"0":"post-55674","1":"product","2":"type-product","3":"status-publish","4":"has-post-thumbnail","6":"product_cat-maasto","8":"first","9":"instock","10":"taxable","11":"shipping-taxable","12":"purchasable","13":"product-type-simple"},"acf":{"bike_features":null,"overview":{"copy_overview":null,"key_features":null,"statement":"","youtube_url":""}},"yoast_head":"<!-- This site is optimized with the Yoast SEO plugin v27.3 - https:\/\/yoast.com\/product\/yoast-seo-wordpress\/ -->\n<title>SCHWALBE AV13F TR4 FREERIDE 26 x 2,1 - 3,0 (54-75x559) Schrader 40 mm - VM Sport<\/title>\n<meta name=\"robots\" content=\"index, follow, max-snippet:-1, max-image-preview:large, max-video-preview:-1\" \/>\n<link rel=\"canonical\" href=\"https:\/\/vmsport.fi\/sv\/webbutik\/dack\/systerdack\/terrang\/schwalbe-av13f-tr4-freeride-26-x-21-30-54-75x559-schrader-40-mm\/\" \/>\n<meta property=\"og:locale\" content=\"sv_SE\" \/>\n<meta property=\"og:type\" content=\"article\" \/>\n<meta property=\"og:title\" content=\"SCHWALBE AV13F TR4 FREERIDE 26 x 2,1 - 3,0 (54-75x559) Schrader 40 mm - VM Sport\" \/>\n<meta property=\"og:description\" content=\"Schwalbe AV13F Freeride -sis\u00e4kumi tarjoaa ensiluokkaista suorituskyky\u00e4 26-tuumaisille maastopy\u00f6rille. Se on suunniteltu erityisesti ajajille, jotka tarvitsevat luotettavan ja kest\u00e4v\u00e4n ratkaisun haastaviin maastoihin. 40 mm:n Schrader-venttiili tekee rengaspainelijan lis\u00e4\u00e4misest\u00e4 vaivatonta, ja korkealaatuinen kumimateriaali takaa pitk\u00e4n k\u00e4ytt\u00f6i\u00e4n. Koko 26 x 2,1 \u2013 3,0 (54-75&#215;559) mahdollistaa laajan yhteensopivuuden eri rengasleveyksien kanssa, mik\u00e4 lis\u00e4\u00e4 k\u00e4ytt\u00f6mahdollisuuksia. Schwalbe on luonut tuotteen, [...]L\u00e4s mer \u2026 from SCHWALBE AV13F TR4 FREERIDE 26 x 2,1 &#8211; 3,0 (54-75&#215;559) Schrader 40 mm\" \/>\n<meta property=\"og:url\" content=\"https:\/\/vmsport.fi\/sv\/webbutik\/dack\/systerdack\/terrang\/schwalbe-av13f-tr4-freeride-26-x-21-30-54-75x559-schrader-40-mm\/\" \/>\n<meta property=\"og:site_name\" content=\"VM Sport\" \/>\n<meta property=\"article:publisher\" content=\"https:\/\/www.facebook.com\/Vmsport.fi\/\" \/>\n<meta property=\"article:modified_time\" content=\"2026-01-16T11:21:11+00:00\" \/>\n<meta property=\"og:image\" content=\"https:\/\/vmsport.fi\/wp-content\/uploads\/2025\/03\/bO39PHLhwJOC2khVQ0jN74It4VfUbJgLb1EHJpLt766ExZmxuf-1.jpg\" \/>\n\t<meta property=\"og:image:width\" content=\"800\" \/>\n\t<meta property=\"og:image:height\" content=\"800\" \/>\n\t<meta property=\"og:image:type\" content=\"image\/jpeg\" \/>\n<meta name=\"twitter:card\" content=\"summary_large_image\" \/>\n<script type=\"application\/ld+json\" class=\"yoast-schema-graph\">{\"@context\":\"https:\\\/\\\/schema.org\",\"@graph\":[{\"@type\":[\"WebPage\",\"ItemPage\"],\"@id\":\"https:\\\/\\\/vmsport.fi\\\/verkkokauppa\\\/renkaat\\\/sisarenkaat\\\/maasto\\\/schwalbe-av13f-tr4-freeride-26-x-21-30-54-75x559-schrader-40-mm\\\/\",\"url\":\"https:\\\/\\\/vmsport.fi\\\/verkkokauppa\\\/renkaat\\\/sisarenkaat\\\/maasto\\\/schwalbe-av13f-tr4-freeride-26-x-21-30-54-75x559-schrader-40-mm\\\/\",\"name\":\"SCHWALBE AV13F TR4 FREERIDE 26 x 2,1 - 3,0 (54-75x559) Schrader 40 mm - VM Sport\",\"isPartOf\":{\"@id\":\"https:\\\/\\\/vmsport.fi\\\/#website\"},\"primaryImageOfPage\":{\"@id\":\"https:\\\/\\\/vmsport.fi\\\/verkkokauppa\\\/renkaat\\\/sisarenkaat\\\/maasto\\\/schwalbe-av13f-tr4-freeride-26-x-21-30-54-75x559-schrader-40-mm\\\/#primaryimage\"},\"image\":{\"@id\":\"https:\\\/\\\/vmsport.fi\\\/verkkokauppa\\\/renkaat\\\/sisarenkaat\\\/maasto\\\/schwalbe-av13f-tr4-freeride-26-x-21-30-54-75x559-schrader-40-mm\\\/#primaryimage\"},\"thumbnailUrl\":\"https:\\\/\\\/vmsport.fi\\\/wp-content\\\/uploads\\\/2025\\\/03\\\/bO39PHLhwJOC2khVQ0jN74It4VfUbJgLb1EHJpLt766ExZmxuf-1.jpg\",\"datePublished\":\"2025-03-05T22:10:09+00:00\",\"dateModified\":\"2026-01-16T11:21:11+00:00\",\"breadcrumb\":{\"@id\":\"https:\\\/\\\/vmsport.fi\\\/verkkokauppa\\\/renkaat\\\/sisarenkaat\\\/maasto\\\/schwalbe-av13f-tr4-freeride-26-x-21-30-54-75x559-schrader-40-mm\\\/#breadcrumb\"},\"inLanguage\":\"sv-SE\",\"potentialAction\":[{\"@type\":\"ReadAction\",\"target\":[\"https:\\\/\\\/vmsport.fi\\\/verkkokauppa\\\/renkaat\\\/sisarenkaat\\\/maasto\\\/schwalbe-av13f-tr4-freeride-26-x-21-30-54-75x559-schrader-40-mm\\\/\"]}]},{\"@type\":\"ImageObject\",\"inLanguage\":\"sv-SE\",\"@id\":\"https:\\\/\\\/vmsport.fi\\\/verkkokauppa\\\/renkaat\\\/sisarenkaat\\\/maasto\\\/schwalbe-av13f-tr4-freeride-26-x-21-30-54-75x559-schrader-40-mm\\\/#primaryimage\",\"url\":\"https:\\\/\\\/vmsport.fi\\\/wp-content\\\/uploads\\\/2025\\\/03\\\/bO39PHLhwJOC2khVQ0jN74It4VfUbJgLb1EHJpLt766ExZmxuf-1.jpg\",\"contentUrl\":\"https:\\\/\\\/vmsport.fi\\\/wp-content\\\/uploads\\\/2025\\\/03\\\/bO39PHLhwJOC2khVQ0jN74It4VfUbJgLb1EHJpLt766ExZmxuf-1.jpg\",\"width\":800,\"height\":800,\"caption\":\"bO39PHLhwJOC2khVQ0jN74It4VfUbJgLb1EHJpLt766ExZmxuf\"},{\"@type\":\"BreadcrumbList\",\"@id\":\"https:\\\/\\\/vmsport.fi\\\/verkkokauppa\\\/renkaat\\\/sisarenkaat\\\/maasto\\\/schwalbe-av13f-tr4-freeride-26-x-21-30-54-75x559-schrader-40-mm\\\/#breadcrumb\",\"itemListElement\":[{\"@type\":\"ListItem\",\"position\":1,\"name\":\"Etusivu\",\"item\":\"https:\\\/\\\/vmsport.fi\\\/\"},{\"@type\":\"ListItem\",\"position\":2,\"name\":\"Online Store\",\"item\":\"https:\\\/\\\/vmsport.fi\\\/en\\\/online-store\\\/\"},{\"@type\":\"ListItem\",\"position\":3,\"name\":\"SCHWALBE AV13F TR4 FREERIDE 26 x 2,1 &#8211; 3,0 (54-75&#215;559) Schrader 40 mm\"}]},{\"@type\":\"WebSite\",\"@id\":\"https:\\\/\\\/vmsport.fi\\\/#website\",\"url\":\"https:\\\/\\\/vmsport.fi\\\/\",\"name\":\"Vmsport\",\"description\":\"Kaikki py\u00f6r\u00e4ilyyn yhdest\u00e4 paikasta\",\"publisher\":{\"@id\":\"https:\\\/\\\/vmsport.fi\\\/#organization\"},\"potentialAction\":[{\"@type\":\"SearchAction\",\"target\":{\"@type\":\"EntryPoint\",\"urlTemplate\":\"https:\\\/\\\/vmsport.fi\\\/?s={search_term_string}\"},\"query-input\":{\"@type\":\"PropertyValueSpecification\",\"valueRequired\":true,\"valueName\":\"search_term_string\"}}],\"inLanguage\":\"sv-SE\"},{\"@type\":\"Organization\",\"@id\":\"https:\\\/\\\/vmsport.fi\\\/#organization\",\"name\":\"Vmsport\",\"url\":\"https:\\\/\\\/vmsport.fi\\\/\",\"logo\":{\"@type\":\"ImageObject\",\"inLanguage\":\"sv-SE\",\"@id\":\"https:\\\/\\\/vmsport.fi\\\/#\\\/schema\\\/logo\\\/image\\\/\",\"url\":\"https:\\\/\\\/vmsport.fi\\\/wp-content\\\/uploads\\\/2024\\\/12\\\/vm_sport_RGB_horisontal-e1734526017575.png\",\"contentUrl\":\"https:\\\/\\\/vmsport.fi\\\/wp-content\\\/uploads\\\/2024\\\/12\\\/vm_sport_RGB_horisontal-e1734526017575.png\",\"width\":668,\"height\":85,\"caption\":\"Vmsport\"},\"image\":{\"@id\":\"https:\\\/\\\/vmsport.fi\\\/#\\\/schema\\\/logo\\\/image\\\/\"},\"sameAs\":[\"https:\\\/\\\/www.facebook.com\\\/Vmsport.fi\\\/\",\"https:\\\/\\\/www.instagram.com\\\/vmsport\\\/\"]}]}<\/script>\n<!-- \/ Yoast SEO plugin. -->","yoast_head_json":{"title":"SCHWALBE AV13F TR4 FREERIDE 26 x 2,1 - 3,0 (54-75x559) Schrader 40 mm - VM Sport","robots":{"index":"index","follow":"follow","max-snippet":"max-snippet:-1","max-image-preview":"max-image-preview:large","max-video-preview":"max-video-preview:-1"},"canonical":"https:\/\/vmsport.fi\/sv\/webbutik\/dack\/systerdack\/terrang\/schwalbe-av13f-tr4-freeride-26-x-21-30-54-75x559-schrader-40-mm\/","og_locale":"sv_SE","og_type":"article","og_title":"SCHWALBE AV13F TR4 FREERIDE 26 x 2,1 - 3,0 (54-75x559) Schrader 40 mm - VM Sport","og_description":"Schwalbe AV13F Freeride -sis\u00e4kumi tarjoaa ensiluokkaista suorituskyky\u00e4 26-tuumaisille maastopy\u00f6rille. Se on suunniteltu erityisesti ajajille, jotka tarvitsevat luotettavan ja kest\u00e4v\u00e4n ratkaisun haastaviin maastoihin. 40 mm:n Schrader-venttiili tekee rengaspainelijan lis\u00e4\u00e4misest\u00e4 vaivatonta, ja korkealaatuinen kumimateriaali takaa pitk\u00e4n k\u00e4ytt\u00f6i\u00e4n. Koko 26 x 2,1 \u2013 3,0 (54-75&#215;559) mahdollistaa laajan yhteensopivuuden eri rengasleveyksien kanssa, mik\u00e4 lis\u00e4\u00e4 k\u00e4ytt\u00f6mahdollisuuksia. Schwalbe on luonut tuotteen, [...]L\u00e4s mer \u2026 from SCHWALBE AV13F TR4 FREERIDE 26 x 2,1 &#8211; 3,0 (54-75&#215;559) Schrader 40 mm","og_url":"https:\/\/vmsport.fi\/sv\/webbutik\/dack\/systerdack\/terrang\/schwalbe-av13f-tr4-freeride-26-x-21-30-54-75x559-schrader-40-mm\/","og_site_name":"VM Sport","article_publisher":"https:\/\/www.facebook.com\/Vmsport.fi\/","article_modified_time":"2026-01-16T11:21:11+00:00","og_image":[{"width":800,"height":800,"url":"https:\/\/vmsport.fi\/wp-content\/uploads\/2025\/03\/bO39PHLhwJOC2khVQ0jN74It4VfUbJgLb1EHJpLt766ExZmxuf-1.jpg","type":"image\/jpeg"}],"twitter_card":"summary_large_image","schema":{"@context":"https:\/\/schema.org","@graph":[{"@type":["WebPage","ItemPage"],"@id":"https:\/\/vmsport.fi\/verkkokauppa\/renkaat\/sisarenkaat\/maasto\/schwalbe-av13f-tr4-freeride-26-x-21-30-54-75x559-schrader-40-mm\/","url":"https:\/\/vmsport.fi\/verkkokauppa\/renkaat\/sisarenkaat\/maasto\/schwalbe-av13f-tr4-freeride-26-x-21-30-54-75x559-schrader-40-mm\/","name":"SCHWALBE AV13F TR4 FREERIDE 26 x 2,1 - 3,0 (54-75x559) Schrader 40 mm - VM Sport","isPartOf":{"@id":"https:\/\/vmsport.fi\/#website"},"primaryImageOfPage":{"@id":"https:\/\/vmsport.fi\/verkkokauppa\/renkaat\/sisarenkaat\/maasto\/schwalbe-av13f-tr4-freeride-26-x-21-30-54-75x559-schrader-40-mm\/#primaryimage"},"image":{"@id":"https:\/\/vmsport.fi\/verkkokauppa\/renkaat\/sisarenkaat\/maasto\/schwalbe-av13f-tr4-freeride-26-x-21-30-54-75x559-schrader-40-mm\/#primaryimage"},"thumbnailUrl":"https:\/\/vmsport.fi\/wp-content\/uploads\/2025\/03\/bO39PHLhwJOC2khVQ0jN74It4VfUbJgLb1EHJpLt766ExZmxuf-1.jpg","datePublished":"2025-03-05T22:10:09+00:00","dateModified":"2026-01-16T11:21:11+00:00","breadcrumb":{"@id":"https:\/\/vmsport.fi\/verkkokauppa\/renkaat\/sisarenkaat\/maasto\/schwalbe-av13f-tr4-freeride-26-x-21-30-54-75x559-schrader-40-mm\/#breadcrumb"},"inLanguage":"sv-SE","potentialAction":[{"@type":"ReadAction","target":["https:\/\/vmsport.fi\/verkkokauppa\/renkaat\/sisarenkaat\/maasto\/schwalbe-av13f-tr4-freeride-26-x-21-30-54-75x559-schrader-40-mm\/"]}]},{"@type":"ImageObject","inLanguage":"sv-SE","@id":"https:\/\/vmsport.fi\/verkkokauppa\/renkaat\/sisarenkaat\/maasto\/schwalbe-av13f-tr4-freeride-26-x-21-30-54-75x559-schrader-40-mm\/#primaryimage","url":"https:\/\/vmsport.fi\/wp-content\/uploads\/2025\/03\/bO39PHLhwJOC2khVQ0jN74It4VfUbJgLb1EHJpLt766ExZmxuf-1.jpg","contentUrl":"https:\/\/vmsport.fi\/wp-content\/uploads\/2025\/03\/bO39PHLhwJOC2khVQ0jN74It4VfUbJgLb1EHJpLt766ExZmxuf-1.jpg","width":800,"height":800,"caption":"bO39PHLhwJOC2khVQ0jN74It4VfUbJgLb1EHJpLt766ExZmxuf"},{"@type":"BreadcrumbList","@id":"https:\/\/vmsport.fi\/verkkokauppa\/renkaat\/sisarenkaat\/maasto\/schwalbe-av13f-tr4-freeride-26-x-21-30-54-75x559-schrader-40-mm\/#breadcrumb","itemListElement":[{"@type":"ListItem","position":1,"name":"Etusivu","item":"https:\/\/vmsport.fi\/"},{"@type":"ListItem","position":2,"name":"Online Store","item":"https:\/\/vmsport.fi\/en\/online-store\/"},{"@type":"ListItem","position":3,"name":"SCHWALBE AV13F TR4 FREERIDE 26 x 2,1 &#8211; 3,0 (54-75&#215;559) Schrader 40 mm"}]},{"@type":"WebSite","@id":"https:\/\/vmsport.fi\/#website","url":"https:\/\/vmsport.fi\/","name":"Vmsport","description":"Allt p\u00e5 ett st\u00e4lle f\u00f6r cykling","publisher":{"@id":"https:\/\/vmsport.fi\/#organization"},"potentialAction":[{"@type":"SearchAction","target":{"@type":"EntryPoint","urlTemplate":"https:\/\/vmsport.fi\/?s={search_term_string}"},"query-input":{"@type":"PropertyValueSpecification","valueRequired":true,"valueName":"search_term_string"}}],"inLanguage":"sv-SE"},{"@type":"Organization","@id":"https:\/\/vmsport.fi\/#organization","name":"Vmsport","url":"https:\/\/vmsport.fi\/","logo":{"@type":"ImageObject","inLanguage":"sv-SE","@id":"https:\/\/vmsport.fi\/#\/schema\/logo\/image\/","url":"https:\/\/vmsport.fi\/wp-content\/uploads\/2024\/12\/vm_sport_RGB_horisontal-e1734526017575.png","contentUrl":"https:\/\/vmsport.fi\/wp-content\/uploads\/2024\/12\/vm_sport_RGB_horisontal-e1734526017575.png","width":668,"height":85,"caption":"Vmsport"},"image":{"@id":"https:\/\/vmsport.fi\/#\/schema\/logo\/image\/"},"sameAs":["https:\/\/www.facebook.com\/Vmsport.fi\/","https:\/\/www.instagram.com\/vmsport\/"]}]}},"global_unique_id":"","_links":{"self":[{"href":"https:\/\/vmsport.fi\/sv\/wp-json\/wp\/v2\/product\/55674","targetHints":{"allow":["GET"]}}],"collection":[{"href":"https:\/\/vmsport.fi\/sv\/wp-json\/wp\/v2\/product"}],"about":[{"href":"https:\/\/vmsport.fi\/sv\/wp-json\/wp\/v2\/types\/product"}],"replies":[{"embeddable":true,"href":"https:\/\/vmsport.fi\/sv\/wp-json\/wp\/v2\/comments?post=55674"}],"wp:featuredmedia":[{"embeddable":true,"href":"https:\/\/vmsport.fi\/sv\/wp-json\/wp\/v2\/media\/55673"}],"wp:attachment":[{"href":"https:\/\/vmsport.fi\/sv\/wp-json\/wp\/v2\/media?parent=55674"}],"wp:term":[{"taxonomy":"product_brand","embeddable":true,"href":"https:\/\/vmsport.fi\/sv\/wp-json\/wp\/v2\/product_brand?post=55674"},{"taxonomy":"product_model","embeddable":true,"href":"https:\/\/vmsport.fi\/sv\/wp-json\/wp\/v2\/product_model?post=55674"},{"taxonomy":"product_cat","embeddable":true,"href":"https:\/\/vmsport.fi\/sv\/wp-json\/wp\/v2\/product_cat?post=55674"},{"taxonomy":"product_tag","embeddable":true,"href":"https:\/\/vmsport.fi\/sv\/wp-json\/wp\/v2\/product_tag?post=55674"},{"taxonomy":"industry_terminology","embeddable":true,"href":"https:\/\/vmsport.fi\/sv\/wp-json\/wp\/v2\/industry-terminology?post=55674"}],"curies":[{"name":"wp","href":"https:\/\/api.w.org\/{rel}","templated":true}]}}