{"id":55670,"date":"2025-03-06T00:10:07","date_gmt":"2025-03-05T22:10:07","guid":{"rendered":"https:\/\/vmsport.fi\/verkkokauppa\/Ei-luokiteltu\/sram-crank-gx-1400-fat-bike-gxp-1x11-100mm-spindle-170w-30t-x-sync-chainring-gxp-cups-not-included\/"},"modified":"2026-04-22T15:01:58","modified_gmt":"2026-04-22T12:01:58","slug":"sram-crank-gx-1400-fat-bike-gxp-1x11-100mm-spindle-170w-30t-x-sync-chainring-gxp-cups-not-included","status":"publish","type":"product","link":"https:\/\/vmsport.fi\/sv\/verkkokauppa\/varaosat\/voimansiirto\/kampisarjat\/sram-crank-gx-1400-fat-bike-gxp-1x11-100mm-spindle-170w-30t-x-sync-chainring-gxp-cups-not-included\/","title":{"rendered":"Sram CRANK GX 1400 FAT BIKE GXP 1X11 100MM SPINDEL 170W 30T X-SYNC KEDJERING (GXP-kopplingar INTE INKLUDERADE)"},"content":{"rendered":"<p>SRAM GX 1400 Fat Bike -kampisarja tarjoaa upean suorituskyvyn ja luotettavuuden kaikille py\u00f6r\u00e4ilyst\u00e4 innostuneille. Voimansiirto on optimoitu erityisesti maastoajoa varten, ja 1&#215;11-vaihteisto takaa tehokkuuden ja helppok\u00e4ytt\u00f6isyyden. Kampisarjaan kuuluva 30T X-SYNC -ratas on valmistettu kest\u00e4v\u00e4st\u00e4 alumiinista, mik\u00e4 tekee siit\u00e4 ihanteellisen vaativiin olosuhteisiin. Se varmistaa ketjun pysymisen paikallaan parhaan mahdollisen hallinnan saavuttamiseksi.<\/p>\n<p>170 mm kampivarret yhdistettyin\u00e4 100 mm GXP-akseliin takaavat vakaan ja luotettavan rakenteen. Vaikka GXP-kupit eiv\u00e4t sis\u00e4lly pakkaukseen, kampisarja sopii monenlaisiin keski\u00f6ratkaisuihin, kuten GXP 100 mm ja PF GXP 121 mm -j\u00e4rjestelmiin. Saat py\u00f6r\u00e4llesi optimaalisen suorituskyvyn kiinnitt\u00e4m\u00e4ll\u00e4 sen 49,0 mm, 52,0 mm tai 66,5 mm ketjulinjoihin. T\u00e4m\u00e4 kampisarja on erityisesti suunniteltu fatbike-k\u00e4ytt\u00f6\u00f6n, ja sen avulla polkemisen joustavuus ja tehokkuus nostavat ajomukavuuden aivan uudelle tasolle erilaisissa maastoissa.<\/p>","protected":false},"excerpt":{"rendered":"<p>SRAM GX 1400 Fat Bike -kampisarja tarjoaa upean suorituskyvyn ja luotettavuuden kaikille py\u00f6r\u00e4ilyst\u00e4 innostuneille. Voimansiirto on optimoitu erityisesti maastoajoa varten, ja 1&#215;11-vaihteisto takaa tehokkuuden ja helppok\u00e4ytt\u00f6isyyden. Kampisarjaan kuuluva 30T X-SYNC -ratas on valmistettu kest\u00e4v\u00e4st\u00e4 alumiinista, mik\u00e4 tekee siit\u00e4 ihanteellisen vaativiin olosuhteisiin. Se varmistaa ketjun pysymisen paikallaan parhaan mahdollisen hallinnan saavuttamiseksi. 170 mm kampivarret yhdistettyin\u00e4 100 [&#8230;]<\/p>\n<p><a class=\"btn btn-secondary understrap-read-more-link\" href=\"https:\/\/vmsport.fi\/sv\/verkkokauppa\/varaosat\/voimansiirto\/kampisarjat\/sram-crank-gx-1400-fat-bike-gxp-1x11-100mm-spindle-170w-30t-x-sync-chainring-gxp-cups-not-included\/\">L\u00e4s mer \u2026<span class=\"screen-reader-text\"> from Sram CRANK GX 1400 FAT BIKE GXP 1X11 100MM SPINDLE 170W 30T X-SYNC CHAINRING (GXP CUPS NOT INCLUDED)<\/span><\/a><\/p>\n","protected":false},"featured_media":55669,"comment_status":"open","ping_status":"closed","template":"","meta":{"_acf_changed":false,"_improvement_type_select":"improve_an_existing","_thumb_yes_seoaic":false,"_frame_yes_seoaic":false,"seoaic_generate_description":"","seoaic_improve_instructions_prompt":"","seoaic_rollback_content_improvement":"","seoaic_idea_thumbnail_generator":"","thumbnail_generated":false,"thumbnail_generate_prompt":"","seoaic_article_description":"","_supplier_stock_quantity":0},"product_brand":[1588],"product_model":[],"product_cat":[9346],"product_tag":[],"industry-terminology":[],"class_list":{"0":"post-55670","1":"product","2":"type-product","3":"status-publish","4":"has-post-thumbnail","6":"product_brand-sram","7":"product_cat-kampisarjat","9":"first","10":"outofstock","11":"taxable","12":"shipping-taxable","13":"product-type-simple"},"acf":{"bike_features":null,"overview":{"copy_overview":null,"key_features":null,"statement":"","youtube_url":""}},"yoast_head":"<!-- This site is optimized with the Yoast SEO plugin v27.4 - https:\/\/yoast.com\/product\/yoast-seo-wordpress\/ -->\n<title>Sram CRANK GX 1400 FAT BIKE GXP 1X11 100MM SPINDLE 170W 30T X-SYNC CHAINRING (GXP CUPS NOT INCLUDED) - VM Sport<\/title>\n<meta name=\"robots\" content=\"index, follow, max-snippet:-1, max-image-preview:large, max-video-preview:-1\" \/>\n<link rel=\"canonical\" href=\"https:\/\/vmsport.fi\/sv\/webbutik\/reservdelar\/transmission\/kamningssats\/sram-crank-gx-1400-fat-bike-gxp-1x11-100mm-spindle-170w-30t-x-sync-chainring-gxp-cups-not-included\/\" \/>\n<meta property=\"og:locale\" content=\"sv_SE\" \/>\n<meta property=\"og:type\" content=\"article\" \/>\n<meta property=\"og:title\" content=\"Sram CRANK GX 1400 FAT BIKE GXP 1X11 100MM SPINDLE 170W 30T X-SYNC CHAINRING (GXP CUPS NOT INCLUDED) - VM Sport\" \/>\n<meta property=\"og:description\" content=\"SRAM GX 1400 Fat Bike -kampisarja tarjoaa upean suorituskyvyn ja luotettavuuden kaikille py\u00f6r\u00e4ilyst\u00e4 innostuneille. Voimansiirto on optimoitu erityisesti maastoajoa varten, ja 1&#215;11-vaihteisto takaa tehokkuuden ja helppok\u00e4ytt\u00f6isyyden. Kampisarjaan kuuluva 30T X-SYNC -ratas on valmistettu kest\u00e4v\u00e4st\u00e4 alumiinista, mik\u00e4 tekee siit\u00e4 ihanteellisen vaativiin olosuhteisiin. Se varmistaa ketjun pysymisen paikallaan parhaan mahdollisen hallinnan saavuttamiseksi. 170 mm kampivarret yhdistettyin\u00e4 100 [...]L\u00e4s mer \u2026 from Sram CRANK GX 1400 FAT BIKE GXP 1X11 100MM SPINDLE 170W 30T X-SYNC CHAINRING (GXP CUPS NOT INCLUDED)\" \/>\n<meta property=\"og:url\" content=\"https:\/\/vmsport.fi\/sv\/webbutik\/reservdelar\/transmission\/kamningssats\/sram-crank-gx-1400-fat-bike-gxp-1x11-100mm-spindle-170w-30t-x-sync-chainring-gxp-cups-not-included\/\" \/>\n<meta property=\"og:site_name\" content=\"VM Sport\" \/>\n<meta property=\"article:publisher\" content=\"https:\/\/www.facebook.com\/Vmsport.fi\/\" \/>\n<meta property=\"article:modified_time\" content=\"2026-04-22T12:01:58+00:00\" \/>\n<meta property=\"og:image\" content=\"https:\/\/vmsport.fi\/wp-content\/uploads\/2025\/03\/sram-sram-crank-gx-1400-fat-bike-gxp-1x11-100mm-spindle-170w-30t-x-sync-chainring-gxp-cups-not-included-9750441-1.jpg\" \/>\n\t<meta property=\"og:image:width\" content=\"999\" \/>\n\t<meta property=\"og:image:height\" content=\"345\" \/>\n\t<meta property=\"og:image:type\" content=\"image\/jpeg\" \/>\n<meta name=\"twitter:card\" content=\"summary_large_image\" \/>\n<meta name=\"twitter:label1\" content=\"Ber\u00e4knad l\u00e4stid\" \/>\n\t<meta name=\"twitter:data1\" content=\"1 minut\" \/>\n<script type=\"application\/ld+json\" class=\"yoast-schema-graph\">{\"@context\":\"https:\\\/\\\/schema.org\",\"@graph\":[{\"@type\":[\"WebPage\",\"ItemPage\"],\"@id\":\"https:\\\/\\\/vmsport.fi\\\/verkkokauppa\\\/varaosat\\\/voimansiirto\\\/kampisarjat\\\/sram-crank-gx-1400-fat-bike-gxp-1x11-100mm-spindle-170w-30t-x-sync-chainring-gxp-cups-not-included\\\/\",\"url\":\"https:\\\/\\\/vmsport.fi\\\/verkkokauppa\\\/varaosat\\\/voimansiirto\\\/kampisarjat\\\/sram-crank-gx-1400-fat-bike-gxp-1x11-100mm-spindle-170w-30t-x-sync-chainring-gxp-cups-not-included\\\/\",\"name\":\"Sram CRANK GX 1400 FAT BIKE GXP 1X11 100MM SPINDLE 170W 30T X-SYNC CHAINRING (GXP CUPS NOT INCLUDED) - VM Sport\",\"isPartOf\":{\"@id\":\"https:\\\/\\\/vmsport.fi\\\/#website\"},\"primaryImageOfPage\":{\"@id\":\"https:\\\/\\\/vmsport.fi\\\/verkkokauppa\\\/varaosat\\\/voimansiirto\\\/kampisarjat\\\/sram-crank-gx-1400-fat-bike-gxp-1x11-100mm-spindle-170w-30t-x-sync-chainring-gxp-cups-not-included\\\/#primaryimage\"},\"image\":{\"@id\":\"https:\\\/\\\/vmsport.fi\\\/verkkokauppa\\\/varaosat\\\/voimansiirto\\\/kampisarjat\\\/sram-crank-gx-1400-fat-bike-gxp-1x11-100mm-spindle-170w-30t-x-sync-chainring-gxp-cups-not-included\\\/#primaryimage\"},\"thumbnailUrl\":\"https:\\\/\\\/vmsport.fi\\\/wp-content\\\/uploads\\\/2025\\\/03\\\/sram-sram-crank-gx-1400-fat-bike-gxp-1x11-100mm-spindle-170w-30t-x-sync-chainring-gxp-cups-not-included-9750441-1.jpg\",\"datePublished\":\"2025-03-05T22:10:07+00:00\",\"dateModified\":\"2026-04-22T12:01:58+00:00\",\"breadcrumb\":{\"@id\":\"https:\\\/\\\/vmsport.fi\\\/verkkokauppa\\\/varaosat\\\/voimansiirto\\\/kampisarjat\\\/sram-crank-gx-1400-fat-bike-gxp-1x11-100mm-spindle-170w-30t-x-sync-chainring-gxp-cups-not-included\\\/#breadcrumb\"},\"inLanguage\":\"sv-SE\",\"potentialAction\":[{\"@type\":\"ReadAction\",\"target\":[\"https:\\\/\\\/vmsport.fi\\\/verkkokauppa\\\/varaosat\\\/voimansiirto\\\/kampisarjat\\\/sram-crank-gx-1400-fat-bike-gxp-1x11-100mm-spindle-170w-30t-x-sync-chainring-gxp-cups-not-included\\\/\"]}]},{\"@type\":\"ImageObject\",\"inLanguage\":\"sv-SE\",\"@id\":\"https:\\\/\\\/vmsport.fi\\\/verkkokauppa\\\/varaosat\\\/voimansiirto\\\/kampisarjat\\\/sram-crank-gx-1400-fat-bike-gxp-1x11-100mm-spindle-170w-30t-x-sync-chainring-gxp-cups-not-included\\\/#primaryimage\",\"url\":\"https:\\\/\\\/vmsport.fi\\\/wp-content\\\/uploads\\\/2025\\\/03\\\/sram-sram-crank-gx-1400-fat-bike-gxp-1x11-100mm-spindle-170w-30t-x-sync-chainring-gxp-cups-not-included-9750441-1.jpg\",\"contentUrl\":\"https:\\\/\\\/vmsport.fi\\\/wp-content\\\/uploads\\\/2025\\\/03\\\/sram-sram-crank-gx-1400-fat-bike-gxp-1x11-100mm-spindle-170w-30t-x-sync-chainring-gxp-cups-not-included-9750441-1.jpg\",\"width\":999,\"height\":345,\"caption\":\"sram-sram-crank-gx-1400-fat-bike-gxp-1x11-100mm-spindle-170w-30t-x-sync-chainring-gxp-cups-not-included-9750441\"},{\"@type\":\"BreadcrumbList\",\"@id\":\"https:\\\/\\\/vmsport.fi\\\/verkkokauppa\\\/varaosat\\\/voimansiirto\\\/kampisarjat\\\/sram-crank-gx-1400-fat-bike-gxp-1x11-100mm-spindle-170w-30t-x-sync-chainring-gxp-cups-not-included\\\/#breadcrumb\",\"itemListElement\":[{\"@type\":\"ListItem\",\"position\":1,\"name\":\"Etusivu\",\"item\":\"https:\\\/\\\/vmsport.fi\\\/\"},{\"@type\":\"ListItem\",\"position\":2,\"name\":\"Online Store\",\"item\":\"https:\\\/\\\/vmsport.fi\\\/en\\\/online-store\\\/\"},{\"@type\":\"ListItem\",\"position\":3,\"name\":\"Sram CRANK GX 1400 FAT BIKE GXP 1X11 100MM SPINDLE 170W 30T X-SYNC CHAINRING (GXP CUPS NOT INCLUDED)\"}]},{\"@type\":\"WebSite\",\"@id\":\"https:\\\/\\\/vmsport.fi\\\/#website\",\"url\":\"https:\\\/\\\/vmsport.fi\\\/\",\"name\":\"Vmsport\",\"description\":\"Kaikki py\u00f6r\u00e4ilyyn yhdest\u00e4 paikasta\",\"publisher\":{\"@id\":\"https:\\\/\\\/vmsport.fi\\\/#organization\"},\"potentialAction\":[{\"@type\":\"SearchAction\",\"target\":{\"@type\":\"EntryPoint\",\"urlTemplate\":\"https:\\\/\\\/vmsport.fi\\\/?s={search_term_string}\"},\"query-input\":{\"@type\":\"PropertyValueSpecification\",\"valueRequired\":true,\"valueName\":\"search_term_string\"}}],\"inLanguage\":\"sv-SE\"},{\"@type\":\"Organization\",\"@id\":\"https:\\\/\\\/vmsport.fi\\\/#organization\",\"name\":\"Vmsport\",\"url\":\"https:\\\/\\\/vmsport.fi\\\/\",\"logo\":{\"@type\":\"ImageObject\",\"inLanguage\":\"sv-SE\",\"@id\":\"https:\\\/\\\/vmsport.fi\\\/#\\\/schema\\\/logo\\\/image\\\/\",\"url\":\"https:\\\/\\\/vmsport.fi\\\/wp-content\\\/uploads\\\/2024\\\/12\\\/vm_sport_RGB_horisontal-e1734526017575.png\",\"contentUrl\":\"https:\\\/\\\/vmsport.fi\\\/wp-content\\\/uploads\\\/2024\\\/12\\\/vm_sport_RGB_horisontal-e1734526017575.png\",\"width\":668,\"height\":85,\"caption\":\"Vmsport\"},\"image\":{\"@id\":\"https:\\\/\\\/vmsport.fi\\\/#\\\/schema\\\/logo\\\/image\\\/\"},\"sameAs\":[\"https:\\\/\\\/www.facebook.com\\\/Vmsport.fi\\\/\",\"https:\\\/\\\/www.instagram.com\\\/vmsport\\\/\"]}]}<\/script>\n<!-- \/ Yoast SEO plugin. -->","yoast_head_json":{"title":"Sram CRANK GX 1400 FAT BIKE GXP 1X11 100MM SPINDLE 170W 30T X-SYNC CHAINRING (GXP CUPS NOT INCLUDED) - VM Sport","robots":{"index":"index","follow":"follow","max-snippet":"max-snippet:-1","max-image-preview":"max-image-preview:large","max-video-preview":"max-video-preview:-1"},"canonical":"https:\/\/vmsport.fi\/sv\/webbutik\/reservdelar\/transmission\/kamningssats\/sram-crank-gx-1400-fat-bike-gxp-1x11-100mm-spindle-170w-30t-x-sync-chainring-gxp-cups-not-included\/","og_locale":"sv_SE","og_type":"article","og_title":"Sram CRANK GX 1400 FAT BIKE GXP 1X11 100MM SPINDLE 170W 30T X-SYNC CHAINRING (GXP CUPS NOT INCLUDED) - VM Sport","og_description":"SRAM GX 1400 Fat Bike -kampisarja tarjoaa upean suorituskyvyn ja luotettavuuden kaikille py\u00f6r\u00e4ilyst\u00e4 innostuneille. Voimansiirto on optimoitu erityisesti maastoajoa varten, ja 1&#215;11-vaihteisto takaa tehokkuuden ja helppok\u00e4ytt\u00f6isyyden. Kampisarjaan kuuluva 30T X-SYNC -ratas on valmistettu kest\u00e4v\u00e4st\u00e4 alumiinista, mik\u00e4 tekee siit\u00e4 ihanteellisen vaativiin olosuhteisiin. Se varmistaa ketjun pysymisen paikallaan parhaan mahdollisen hallinnan saavuttamiseksi. 170 mm kampivarret yhdistettyin\u00e4 100 [...]L\u00e4s mer \u2026 from Sram CRANK GX 1400 FAT BIKE GXP 1X11 100MM SPINDLE 170W 30T X-SYNC CHAINRING (GXP CUPS NOT INCLUDED)","og_url":"https:\/\/vmsport.fi\/sv\/webbutik\/reservdelar\/transmission\/kamningssats\/sram-crank-gx-1400-fat-bike-gxp-1x11-100mm-spindle-170w-30t-x-sync-chainring-gxp-cups-not-included\/","og_site_name":"VM Sport","article_publisher":"https:\/\/www.facebook.com\/Vmsport.fi\/","article_modified_time":"2026-04-22T12:01:58+00:00","og_image":[{"width":999,"height":345,"url":"https:\/\/vmsport.fi\/wp-content\/uploads\/2025\/03\/sram-sram-crank-gx-1400-fat-bike-gxp-1x11-100mm-spindle-170w-30t-x-sync-chainring-gxp-cups-not-included-9750441-1.jpg","type":"image\/jpeg"}],"twitter_card":"summary_large_image","twitter_misc":{"Ber\u00e4knad l\u00e4stid":"1 minut"},"schema":{"@context":"https:\/\/schema.org","@graph":[{"@type":["WebPage","ItemPage"],"@id":"https:\/\/vmsport.fi\/verkkokauppa\/varaosat\/voimansiirto\/kampisarjat\/sram-crank-gx-1400-fat-bike-gxp-1x11-100mm-spindle-170w-30t-x-sync-chainring-gxp-cups-not-included\/","url":"https:\/\/vmsport.fi\/verkkokauppa\/varaosat\/voimansiirto\/kampisarjat\/sram-crank-gx-1400-fat-bike-gxp-1x11-100mm-spindle-170w-30t-x-sync-chainring-gxp-cups-not-included\/","name":"Sram CRANK GX 1400 FAT BIKE GXP 1X11 100MM SPINDLE 170W 30T X-SYNC CHAINRING (GXP CUPS NOT INCLUDED) - VM Sport","isPartOf":{"@id":"https:\/\/vmsport.fi\/#website"},"primaryImageOfPage":{"@id":"https:\/\/vmsport.fi\/verkkokauppa\/varaosat\/voimansiirto\/kampisarjat\/sram-crank-gx-1400-fat-bike-gxp-1x11-100mm-spindle-170w-30t-x-sync-chainring-gxp-cups-not-included\/#primaryimage"},"image":{"@id":"https:\/\/vmsport.fi\/verkkokauppa\/varaosat\/voimansiirto\/kampisarjat\/sram-crank-gx-1400-fat-bike-gxp-1x11-100mm-spindle-170w-30t-x-sync-chainring-gxp-cups-not-included\/#primaryimage"},"thumbnailUrl":"https:\/\/vmsport.fi\/wp-content\/uploads\/2025\/03\/sram-sram-crank-gx-1400-fat-bike-gxp-1x11-100mm-spindle-170w-30t-x-sync-chainring-gxp-cups-not-included-9750441-1.jpg","datePublished":"2025-03-05T22:10:07+00:00","dateModified":"2026-04-22T12:01:58+00:00","breadcrumb":{"@id":"https:\/\/vmsport.fi\/verkkokauppa\/varaosat\/voimansiirto\/kampisarjat\/sram-crank-gx-1400-fat-bike-gxp-1x11-100mm-spindle-170w-30t-x-sync-chainring-gxp-cups-not-included\/#breadcrumb"},"inLanguage":"sv-SE","potentialAction":[{"@type":"ReadAction","target":["https:\/\/vmsport.fi\/verkkokauppa\/varaosat\/voimansiirto\/kampisarjat\/sram-crank-gx-1400-fat-bike-gxp-1x11-100mm-spindle-170w-30t-x-sync-chainring-gxp-cups-not-included\/"]}]},{"@type":"ImageObject","inLanguage":"sv-SE","@id":"https:\/\/vmsport.fi\/verkkokauppa\/varaosat\/voimansiirto\/kampisarjat\/sram-crank-gx-1400-fat-bike-gxp-1x11-100mm-spindle-170w-30t-x-sync-chainring-gxp-cups-not-included\/#primaryimage","url":"https:\/\/vmsport.fi\/wp-content\/uploads\/2025\/03\/sram-sram-crank-gx-1400-fat-bike-gxp-1x11-100mm-spindle-170w-30t-x-sync-chainring-gxp-cups-not-included-9750441-1.jpg","contentUrl":"https:\/\/vmsport.fi\/wp-content\/uploads\/2025\/03\/sram-sram-crank-gx-1400-fat-bike-gxp-1x11-100mm-spindle-170w-30t-x-sync-chainring-gxp-cups-not-included-9750441-1.jpg","width":999,"height":345,"caption":"sram-sram-crank-gx-1400-fat-bike-gxp-1x11-100mm-spindle-170w-30t-x-sync-chainring-gxp-cups-not-included-9750441"},{"@type":"BreadcrumbList","@id":"https:\/\/vmsport.fi\/verkkokauppa\/varaosat\/voimansiirto\/kampisarjat\/sram-crank-gx-1400-fat-bike-gxp-1x11-100mm-spindle-170w-30t-x-sync-chainring-gxp-cups-not-included\/#breadcrumb","itemListElement":[{"@type":"ListItem","position":1,"name":"Etusivu","item":"https:\/\/vmsport.fi\/"},{"@type":"ListItem","position":2,"name":"Online Store","item":"https:\/\/vmsport.fi\/en\/online-store\/"},{"@type":"ListItem","position":3,"name":"Sram CRANK GX 1400 FAT BIKE GXP 1X11 100MM SPINDLE 170W 30T X-SYNC CHAINRING (GXP CUPS NOT INCLUDED)"}]},{"@type":"WebSite","@id":"https:\/\/vmsport.fi\/#website","url":"https:\/\/vmsport.fi\/","name":"Vmsport","description":"Allt p\u00e5 ett st\u00e4lle f\u00f6r cykling","publisher":{"@id":"https:\/\/vmsport.fi\/#organization"},"potentialAction":[{"@type":"SearchAction","target":{"@type":"EntryPoint","urlTemplate":"https:\/\/vmsport.fi\/?s={search_term_string}"},"query-input":{"@type":"PropertyValueSpecification","valueRequired":true,"valueName":"search_term_string"}}],"inLanguage":"sv-SE"},{"@type":"Organization","@id":"https:\/\/vmsport.fi\/#organization","name":"Vmsport","url":"https:\/\/vmsport.fi\/","logo":{"@type":"ImageObject","inLanguage":"sv-SE","@id":"https:\/\/vmsport.fi\/#\/schema\/logo\/image\/","url":"https:\/\/vmsport.fi\/wp-content\/uploads\/2024\/12\/vm_sport_RGB_horisontal-e1734526017575.png","contentUrl":"https:\/\/vmsport.fi\/wp-content\/uploads\/2024\/12\/vm_sport_RGB_horisontal-e1734526017575.png","width":668,"height":85,"caption":"Vmsport"},"image":{"@id":"https:\/\/vmsport.fi\/#\/schema\/logo\/image\/"},"sameAs":["https:\/\/www.facebook.com\/Vmsport.fi\/","https:\/\/www.instagram.com\/vmsport\/"]}]}},"global_unique_id":"","_links":{"self":[{"href":"https:\/\/vmsport.fi\/sv\/wp-json\/wp\/v2\/product\/55670","targetHints":{"allow":["GET"]}}],"collection":[{"href":"https:\/\/vmsport.fi\/sv\/wp-json\/wp\/v2\/product"}],"about":[{"href":"https:\/\/vmsport.fi\/sv\/wp-json\/wp\/v2\/types\/product"}],"replies":[{"embeddable":true,"href":"https:\/\/vmsport.fi\/sv\/wp-json\/wp\/v2\/comments?post=55670"}],"wp:featuredmedia":[{"embeddable":true,"href":"https:\/\/vmsport.fi\/sv\/wp-json\/wp\/v2\/media\/55669"}],"wp:attachment":[{"href":"https:\/\/vmsport.fi\/sv\/wp-json\/wp\/v2\/media?parent=55670"}],"wp:term":[{"taxonomy":"product_brand","embeddable":true,"href":"https:\/\/vmsport.fi\/sv\/wp-json\/wp\/v2\/product_brand?post=55670"},{"taxonomy":"product_model","embeddable":true,"href":"https:\/\/vmsport.fi\/sv\/wp-json\/wp\/v2\/product_model?post=55670"},{"taxonomy":"product_cat","embeddable":true,"href":"https:\/\/vmsport.fi\/sv\/wp-json\/wp\/v2\/product_cat?post=55670"},{"taxonomy":"product_tag","embeddable":true,"href":"https:\/\/vmsport.fi\/sv\/wp-json\/wp\/v2\/product_tag?post=55670"},{"taxonomy":"industry_terminology","embeddable":true,"href":"https:\/\/vmsport.fi\/sv\/wp-json\/wp\/v2\/industry-terminology?post=55670"}],"curies":[{"name":"wp","href":"https:\/\/api.w.org\/{rel}","templated":true}]}}