{"id":55643,"date":"2025-03-06T00:09:37","date_gmt":"2025-03-05T22:09:37","guid":{"rendered":"https:\/\/vmsport.fi\/verkkokauppa\/Ei-luokiteltu\/orbea-occam-sl-h20-slate-blue-orange-cloud-matt\/"},"modified":"2026-04-02T13:56:22","modified_gmt":"2026-04-02T10:56:22","slug":"orbea-occam-sl-h20-skifferbla-orange-moln-matt","status":"publish","type":"product","link":"https:\/\/vmsport.fi\/sv\/verkkokauppa\/polkupyorat\/maastopyorat\/taysjoustot\/orbea-occam-sl-h20-slate-blue-orange-cloud-matt\/","title":{"rendered":"Orbea Occam Sl H20 - Skifferbl\u00e5 - Orange moln (Matt)"},"content":{"rendered":"<p>OCCAM SL H20 har en l\u00e4ttviktsram och en m\u00e5ngsidig geometrisk design som ger en balans mellan effektivitet och hanterbarhet. Den h\u00e4r modellen passar b\u00e5de f\u00f6r terr\u00e4ngcykling och l\u00e5nga dagsutflykter. Optimal f\u00f6r cyklister som s\u00f6ker smidighet och komfort under varierande f\u00f6rh\u00e5llanden.<\/p>","protected":false},"excerpt":{"rendered":"<p>OCCAM SL H20 yhdist\u00e4\u00e4 kevyen rungon ja ketter\u00e4n ajotuntuman vaihteleville poluille ja maastoihin. [&#8230;]<\/p>\n<p><a class=\"btn btn-secondary understrap-read-more-link\" href=\"https:\/\/vmsport.fi\/sv\/verkkokauppa\/polkupyorat\/maastopyorat\/taysjoustot\/orbea-occam-sl-h20-slate-blue-orange-cloud-matt\/\">L\u00e4s mer \u2026<span class=\"screen-reader-text\"> from Orbea Occam Sl H20 &#8211; Slate Blue &#8211; Orange Cloud (Matt)<\/span><\/a><\/p>\n","protected":false},"featured_media":55640,"comment_status":"open","ping_status":"closed","template":"","meta":{"_acf_changed":false,"_improvement_type_select":"improve_an_existing","_thumb_yes_seoaic":false,"_frame_yes_seoaic":false,"seoaic_generate_description":"","seoaic_improve_instructions_prompt":"","seoaic_rollback_content_improvement":"","seoaic_idea_thumbnail_generator":"","thumbnail_generated":false,"thumbnail_generate_prompt":"","seoaic_article_description":"","_supplier_stock_quantity":0},"product_brand":[1579],"product_model":[1576],"product_cat":[9412],"product_tag":[],"industry-terminology":[],"class_list":{"0":"post-55643","1":"product","2":"type-product","3":"status-publish","4":"has-post-thumbnail","6":"product_brand-orbea","7":"product_model-occam","8":"product_cat-taysjoustot","10":"first","11":"instock","12":"sale","13":"taxable","14":"shipping-taxable","15":"purchasable","16":"product-type-variable"},"acf":{"bike_features":[{"image":"https:\/\/www.orbea.com\/img\/technologies\/02a_lock-on-the-go.jpg","header":"Lock On The Go","description":"Koe kaukos\u00e4\u00e4timell\u00e4 lukituksen mahdollistama jousituksen nopea mukautus ajon aikana."},{"image":"https:\/\/www.orbea.com\/img\/technologies\/02b_easy-cable-routing.jpg","header":"Huomaamaton ja suojattu","description":"Sis\u00e4inen kaapelireititys pit\u00e4\u00e4 py\u00f6r\u00e4n ulkoasun siistin\u00e4 ja suojassa ulkoisilta vaikutuksilta."},{"image":"https:\/\/www.orbea.com\/img\/technologies\/02c_second-skin.jpg","header":"Toinen iho","description":"Vaihdettava vinylirunkosuoja pit\u00e4\u00e4 py\u00f6r\u00e4n ulkon\u00e4\u00f6n yht\u00e4 tuoreena kuin ostop\u00e4iv\u00e4n\u00e4."},{"image":"https:\/\/www.orbea.com\/img\/technologies\/02d_carbon-shock-extender.jpg","header":"Karbon-iskunkuoletin","description":"Hy\u00f6dynt\u00e4\u00e4 tarkkuustekniikkaa tasapainottaakseen voimaa, painoa ja suorituskykytarpeita."},{"image":"https:\/\/www.orbea.com\/img\/technologies\/02e_lockr.jpg","header":"LOCKR-tallis\u00e4ilytysj\u00e4rjestelm\u00e4","description":"Pakolliset tavarat voidaan k\u00e4tev\u00e4sti s\u00e4ilytt\u00e4\u00e4 integroidussa tilassa juomapullotelineen takana."}],"overview":{"copy_overview":[{"overview":"Orbea Occam SL H20 on suunniteltu polkuajoille, tarjoten t\u00e4ydellist\u00e4 suorituskyky\u00e4 ja monipuolisuutta."},{"overview":"Sen tasapainoinen geometria tehostaa kiipeilyj\u00e4 ja luo varmuutta laskuissa."},{"overview":"Jokainen komponentti, tehokkaista Fox-iskunvaimentimista Race Face -vanteisiin, on suunniteltu huipputason py\u00f6r\u00e4ilyyn."}],"key_features":[{"feature":"Kevytrakenteinen mutta kest\u00e4v\u00e4 hydro-muotoiltu alumiinirunko Concentric Boost -takap\u00e4\u00e4n kanssa."},{"feature":"Fox Float Performance -ripustusj\u00e4rjestelm\u00e4 maksimaaliseen hallintaan."},{"feature":"Sis\u00e4inen kaapelij\u00e4rjestely suojaa johdot tiell\u00e4."},{"feature":"Karbon Iskunkuoletinja optimoi j\u00e4ykkyyden ja painon."},{"feature":"T\u00e4ysin integroitava OC Multitool -yhteensopivuus."}],"statement":"Orbea Occam SL H20 tuo tehokkuuden uudelle tasolle polkuajoihin.","youtube_url":""}},"yoast_head":"<!-- This site is optimized with the Yoast SEO plugin v27.3 - https:\/\/yoast.com\/product\/yoast-seo-wordpress\/ -->\n<title>Orbea Occam Sl H20 - Slate Blue - Orange Cloud (Matt) - VM Sport<\/title>\n<meta name=\"robots\" content=\"index, follow, max-snippet:-1, max-image-preview:large, max-video-preview:-1\" \/>\n<link rel=\"canonical\" href=\"https:\/\/vmsport.fi\/sv\/webbutik\/cyklar\/landskap-cikoria\/taysjoustot\/orbea-occam-sl-h20-skifferbla-orange-moln-matt\/\" \/>\n<meta property=\"og:locale\" content=\"sv_SE\" \/>\n<meta property=\"og:type\" content=\"article\" \/>\n<meta property=\"og:title\" content=\"Orbea Occam Sl H20 - Slate Blue - Orange Cloud (Matt) - VM Sport\" \/>\n<meta property=\"og:description\" content=\"OCCAM SL H20 yhdist\u00e4\u00e4 kevyen rungon ja ketter\u00e4n ajotuntuman vaihteleville poluille ja maastoihin. [...]L\u00e4s mer \u2026 from Orbea Occam Sl H20 &#8211; Slate Blue &#8211; Orange Cloud (Matt)\" \/>\n<meta property=\"og:url\" content=\"https:\/\/vmsport.fi\/sv\/webbutik\/cyklar\/landskap-cikoria\/taysjoustot\/orbea-occam-sl-h20-skifferbla-orange-moln-matt\/\" \/>\n<meta property=\"og:site_name\" content=\"VM Sport\" \/>\n<meta property=\"article:publisher\" content=\"https:\/\/www.facebook.com\/Vmsport.fi\/\" \/>\n<meta property=\"article:modified_time\" content=\"2026-04-02T10:56:22+00:00\" \/>\n<meta property=\"og:image\" content=\"https:\/\/vmsport.fi\/wp-content\/uploads\/2025\/03\/xrHbmtA5NcceF7Tna4C3B4k8cKJ0zXmNzpHzEJV5IuVWlBbivE-1.jpg\" \/>\n\t<meta property=\"og:image:width\" content=\"1000\" \/>\n\t<meta property=\"og:image:height\" content=\"864\" \/>\n\t<meta property=\"og:image:type\" content=\"image\/jpeg\" \/>\n<meta name=\"twitter:card\" content=\"summary_large_image\" \/>\n<script type=\"application\/ld+json\" class=\"yoast-schema-graph\">{\"@context\":\"https:\\\/\\\/schema.org\",\"@graph\":[{\"@type\":[\"WebPage\",\"ItemPage\"],\"@id\":\"https:\\\/\\\/vmsport.fi\\\/verkkokauppa\\\/polkupyorat\\\/maastopyorat\\\/taysjoustot\\\/orbea-occam-sl-h20-slate-blue-orange-cloud-matt\\\/\",\"url\":\"https:\\\/\\\/vmsport.fi\\\/verkkokauppa\\\/polkupyorat\\\/maastopyorat\\\/taysjoustot\\\/orbea-occam-sl-h20-slate-blue-orange-cloud-matt\\\/\",\"name\":\"Orbea Occam Sl H20 - Slate Blue - Orange Cloud (Matt) - VM Sport\",\"isPartOf\":{\"@id\":\"https:\\\/\\\/vmsport.fi\\\/#website\"},\"primaryImageOfPage\":{\"@id\":\"https:\\\/\\\/vmsport.fi\\\/verkkokauppa\\\/polkupyorat\\\/maastopyorat\\\/taysjoustot\\\/orbea-occam-sl-h20-slate-blue-orange-cloud-matt\\\/#primaryimage\"},\"image\":{\"@id\":\"https:\\\/\\\/vmsport.fi\\\/verkkokauppa\\\/polkupyorat\\\/maastopyorat\\\/taysjoustot\\\/orbea-occam-sl-h20-slate-blue-orange-cloud-matt\\\/#primaryimage\"},\"thumbnailUrl\":\"https:\\\/\\\/vmsport.fi\\\/wp-content\\\/uploads\\\/2025\\\/03\\\/xrHbmtA5NcceF7Tna4C3B4k8cKJ0zXmNzpHzEJV5IuVWlBbivE-1.jpg\",\"datePublished\":\"2025-03-05T22:09:37+00:00\",\"dateModified\":\"2026-04-02T10:56:22+00:00\",\"breadcrumb\":{\"@id\":\"https:\\\/\\\/vmsport.fi\\\/verkkokauppa\\\/polkupyorat\\\/maastopyorat\\\/taysjoustot\\\/orbea-occam-sl-h20-slate-blue-orange-cloud-matt\\\/#breadcrumb\"},\"inLanguage\":\"sv-SE\",\"potentialAction\":[{\"@type\":\"ReadAction\",\"target\":[\"https:\\\/\\\/vmsport.fi\\\/verkkokauppa\\\/polkupyorat\\\/maastopyorat\\\/taysjoustot\\\/orbea-occam-sl-h20-slate-blue-orange-cloud-matt\\\/\"]}]},{\"@type\":\"ImageObject\",\"inLanguage\":\"sv-SE\",\"@id\":\"https:\\\/\\\/vmsport.fi\\\/verkkokauppa\\\/polkupyorat\\\/maastopyorat\\\/taysjoustot\\\/orbea-occam-sl-h20-slate-blue-orange-cloud-matt\\\/#primaryimage\",\"url\":\"https:\\\/\\\/vmsport.fi\\\/wp-content\\\/uploads\\\/2025\\\/03\\\/xrHbmtA5NcceF7Tna4C3B4k8cKJ0zXmNzpHzEJV5IuVWlBbivE-1.jpg\",\"contentUrl\":\"https:\\\/\\\/vmsport.fi\\\/wp-content\\\/uploads\\\/2025\\\/03\\\/xrHbmtA5NcceF7Tna4C3B4k8cKJ0zXmNzpHzEJV5IuVWlBbivE-1.jpg\",\"width\":1000,\"height\":864,\"caption\":\"xrHbmtA5NcceF7Tna4C3B4k8cKJ0zXmNzpHzEJV5IuVWlBbivE\"},{\"@type\":\"BreadcrumbList\",\"@id\":\"https:\\\/\\\/vmsport.fi\\\/verkkokauppa\\\/polkupyorat\\\/maastopyorat\\\/taysjoustot\\\/orbea-occam-sl-h20-slate-blue-orange-cloud-matt\\\/#breadcrumb\",\"itemListElement\":[{\"@type\":\"ListItem\",\"position\":1,\"name\":\"Etusivu\",\"item\":\"https:\\\/\\\/vmsport.fi\\\/\"},{\"@type\":\"ListItem\",\"position\":2,\"name\":\"Online Store\",\"item\":\"https:\\\/\\\/vmsport.fi\\\/en\\\/online-store\\\/\"},{\"@type\":\"ListItem\",\"position\":3,\"name\":\"Orbea polkupy\u00f6r\u00e4t\",\"item\":\"https:\\\/\\\/vmsport.fi\\\/sv\\\/merkki\\\/orbea\\\/\"},{\"@type\":\"ListItem\",\"position\":4,\"name\":\"Orbea Occam Sl H20 &#8211; Slate Blue &#8211; Orange Cloud (Matt)\"}]},{\"@type\":\"WebSite\",\"@id\":\"https:\\\/\\\/vmsport.fi\\\/#website\",\"url\":\"https:\\\/\\\/vmsport.fi\\\/\",\"name\":\"Vmsport\",\"description\":\"Kaikki py\u00f6r\u00e4ilyyn yhdest\u00e4 paikasta\",\"publisher\":{\"@id\":\"https:\\\/\\\/vmsport.fi\\\/#organization\"},\"potentialAction\":[{\"@type\":\"SearchAction\",\"target\":{\"@type\":\"EntryPoint\",\"urlTemplate\":\"https:\\\/\\\/vmsport.fi\\\/?s={search_term_string}\"},\"query-input\":{\"@type\":\"PropertyValueSpecification\",\"valueRequired\":true,\"valueName\":\"search_term_string\"}}],\"inLanguage\":\"sv-SE\"},{\"@type\":\"Organization\",\"@id\":\"https:\\\/\\\/vmsport.fi\\\/#organization\",\"name\":\"Vmsport\",\"url\":\"https:\\\/\\\/vmsport.fi\\\/\",\"logo\":{\"@type\":\"ImageObject\",\"inLanguage\":\"sv-SE\",\"@id\":\"https:\\\/\\\/vmsport.fi\\\/#\\\/schema\\\/logo\\\/image\\\/\",\"url\":\"https:\\\/\\\/vmsport.fi\\\/wp-content\\\/uploads\\\/2024\\\/12\\\/vm_sport_RGB_horisontal-e1734526017575.png\",\"contentUrl\":\"https:\\\/\\\/vmsport.fi\\\/wp-content\\\/uploads\\\/2024\\\/12\\\/vm_sport_RGB_horisontal-e1734526017575.png\",\"width\":668,\"height\":85,\"caption\":\"Vmsport\"},\"image\":{\"@id\":\"https:\\\/\\\/vmsport.fi\\\/#\\\/schema\\\/logo\\\/image\\\/\"},\"sameAs\":[\"https:\\\/\\\/www.facebook.com\\\/Vmsport.fi\\\/\",\"https:\\\/\\\/www.instagram.com\\\/vmsport\\\/\"]}]}<\/script>\n<!-- \/ Yoast SEO plugin. -->","yoast_head_json":{"title":"Orbea Occam Sl H20 - Skifferbl\u00e5 - Orange moln (matt) - VM Sport","robots":{"index":"index","follow":"follow","max-snippet":"max-snippet:-1","max-image-preview":"max-image-preview:large","max-video-preview":"max-video-preview:-1"},"canonical":"https:\/\/vmsport.fi\/sv\/webbutik\/cyklar\/landskap-cikoria\/taysjoustot\/orbea-occam-sl-h20-skifferbla-orange-moln-matt\/","og_locale":"sv_SE","og_type":"article","og_title":"Orbea Occam Sl H20 - Slate Blue - Orange Cloud (Matt) - VM Sport","og_description":"OCCAM SL H20 yhdist\u00e4\u00e4 kevyen rungon ja ketter\u00e4n ajotuntuman vaihteleville poluille ja maastoihin. [...]L\u00e4s mer \u2026 from Orbea Occam Sl H20 &#8211; Slate Blue &#8211; Orange Cloud (Matt)","og_url":"https:\/\/vmsport.fi\/sv\/webbutik\/cyklar\/landskap-cikoria\/taysjoustot\/orbea-occam-sl-h20-skifferbla-orange-moln-matt\/","og_site_name":"VM Sport","article_publisher":"https:\/\/www.facebook.com\/Vmsport.fi\/","article_modified_time":"2026-04-02T10:56:22+00:00","og_image":[{"width":1000,"height":864,"url":"https:\/\/vmsport.fi\/wp-content\/uploads\/2025\/03\/xrHbmtA5NcceF7Tna4C3B4k8cKJ0zXmNzpHzEJV5IuVWlBbivE-1.jpg","type":"image\/jpeg"}],"twitter_card":"summary_large_image","schema":{"@context":"https:\/\/schema.org","@graph":[{"@type":["WebPage","ItemPage"],"@id":"https:\/\/vmsport.fi\/verkkokauppa\/polkupyorat\/maastopyorat\/taysjoustot\/orbea-occam-sl-h20-slate-blue-orange-cloud-matt\/","url":"https:\/\/vmsport.fi\/verkkokauppa\/polkupyorat\/maastopyorat\/taysjoustot\/orbea-occam-sl-h20-slate-blue-orange-cloud-matt\/","name":"Orbea Occam Sl H20 - Skifferbl\u00e5 - Orange moln (matt) - VM Sport","isPartOf":{"@id":"https:\/\/vmsport.fi\/#website"},"primaryImageOfPage":{"@id":"https:\/\/vmsport.fi\/verkkokauppa\/polkupyorat\/maastopyorat\/taysjoustot\/orbea-occam-sl-h20-slate-blue-orange-cloud-matt\/#primaryimage"},"image":{"@id":"https:\/\/vmsport.fi\/verkkokauppa\/polkupyorat\/maastopyorat\/taysjoustot\/orbea-occam-sl-h20-slate-blue-orange-cloud-matt\/#primaryimage"},"thumbnailUrl":"https:\/\/vmsport.fi\/wp-content\/uploads\/2025\/03\/xrHbmtA5NcceF7Tna4C3B4k8cKJ0zXmNzpHzEJV5IuVWlBbivE-1.jpg","datePublished":"2025-03-05T22:09:37+00:00","dateModified":"2026-04-02T10:56:22+00:00","breadcrumb":{"@id":"https:\/\/vmsport.fi\/verkkokauppa\/polkupyorat\/maastopyorat\/taysjoustot\/orbea-occam-sl-h20-slate-blue-orange-cloud-matt\/#breadcrumb"},"inLanguage":"sv-SE","potentialAction":[{"@type":"ReadAction","target":["https:\/\/vmsport.fi\/verkkokauppa\/polkupyorat\/maastopyorat\/taysjoustot\/orbea-occam-sl-h20-slate-blue-orange-cloud-matt\/"]}]},{"@type":"ImageObject","inLanguage":"sv-SE","@id":"https:\/\/vmsport.fi\/verkkokauppa\/polkupyorat\/maastopyorat\/taysjoustot\/orbea-occam-sl-h20-slate-blue-orange-cloud-matt\/#primaryimage","url":"https:\/\/vmsport.fi\/wp-content\/uploads\/2025\/03\/xrHbmtA5NcceF7Tna4C3B4k8cKJ0zXmNzpHzEJV5IuVWlBbivE-1.jpg","contentUrl":"https:\/\/vmsport.fi\/wp-content\/uploads\/2025\/03\/xrHbmtA5NcceF7Tna4C3B4k8cKJ0zXmNzpHzEJV5IuVWlBbivE-1.jpg","width":1000,"height":864,"caption":"xrHbmtA5NcceF7Tna4C3B4k8cKJ0zXmNzpHzEJV5IuVWlBbivE"},{"@type":"BreadcrumbList","@id":"https:\/\/vmsport.fi\/verkkokauppa\/polkupyorat\/maastopyorat\/taysjoustot\/orbea-occam-sl-h20-slate-blue-orange-cloud-matt\/#breadcrumb","itemListElement":[{"@type":"ListItem","position":1,"name":"Etusivu","item":"https:\/\/vmsport.fi\/"},{"@type":"ListItem","position":2,"name":"Online Store","item":"https:\/\/vmsport.fi\/en\/online-store\/"},{"@type":"ListItem","position":3,"name":"Orbea polkupy\u00f6r\u00e4t","item":"https:\/\/vmsport.fi\/sv\/merkki\/orbea\/"},{"@type":"ListItem","position":4,"name":"Orbea Occam Sl H20 &#8211; Slate Blue &#8211; Orange Cloud (Matt)"}]},{"@type":"WebSite","@id":"https:\/\/vmsport.fi\/#website","url":"https:\/\/vmsport.fi\/","name":"Vmsport","description":"Allt p\u00e5 ett st\u00e4lle f\u00f6r cykling","publisher":{"@id":"https:\/\/vmsport.fi\/#organization"},"potentialAction":[{"@type":"SearchAction","target":{"@type":"EntryPoint","urlTemplate":"https:\/\/vmsport.fi\/?s={search_term_string}"},"query-input":{"@type":"PropertyValueSpecification","valueRequired":true,"valueName":"search_term_string"}}],"inLanguage":"sv-SE"},{"@type":"Organization","@id":"https:\/\/vmsport.fi\/#organization","name":"Vmsport","url":"https:\/\/vmsport.fi\/","logo":{"@type":"ImageObject","inLanguage":"sv-SE","@id":"https:\/\/vmsport.fi\/#\/schema\/logo\/image\/","url":"https:\/\/vmsport.fi\/wp-content\/uploads\/2024\/12\/vm_sport_RGB_horisontal-e1734526017575.png","contentUrl":"https:\/\/vmsport.fi\/wp-content\/uploads\/2024\/12\/vm_sport_RGB_horisontal-e1734526017575.png","width":668,"height":85,"caption":"Vmsport"},"image":{"@id":"https:\/\/vmsport.fi\/#\/schema\/logo\/image\/"},"sameAs":["https:\/\/www.facebook.com\/Vmsport.fi\/","https:\/\/www.instagram.com\/vmsport\/"]}]}},"global_unique_id":"","_links":{"self":[{"href":"https:\/\/vmsport.fi\/sv\/wp-json\/wp\/v2\/product\/55643","targetHints":{"allow":["GET"]}}],"collection":[{"href":"https:\/\/vmsport.fi\/sv\/wp-json\/wp\/v2\/product"}],"about":[{"href":"https:\/\/vmsport.fi\/sv\/wp-json\/wp\/v2\/types\/product"}],"replies":[{"embeddable":true,"href":"https:\/\/vmsport.fi\/sv\/wp-json\/wp\/v2\/comments?post=55643"}],"wp:featuredmedia":[{"embeddable":true,"href":"https:\/\/vmsport.fi\/sv\/wp-json\/wp\/v2\/media\/55640"}],"wp:attachment":[{"href":"https:\/\/vmsport.fi\/sv\/wp-json\/wp\/v2\/media?parent=55643"}],"wp:term":[{"taxonomy":"product_brand","embeddable":true,"href":"https:\/\/vmsport.fi\/sv\/wp-json\/wp\/v2\/product_brand?post=55643"},{"taxonomy":"product_model","embeddable":true,"href":"https:\/\/vmsport.fi\/sv\/wp-json\/wp\/v2\/product_model?post=55643"},{"taxonomy":"product_cat","embeddable":true,"href":"https:\/\/vmsport.fi\/sv\/wp-json\/wp\/v2\/product_cat?post=55643"},{"taxonomy":"product_tag","embeddable":true,"href":"https:\/\/vmsport.fi\/sv\/wp-json\/wp\/v2\/product_tag?post=55643"},{"taxonomy":"industry_terminology","embeddable":true,"href":"https:\/\/vmsport.fi\/sv\/wp-json\/wp\/v2\/industry-terminology?post=55643"}],"curies":[{"name":"wp","href":"https:\/\/api.w.org\/{rel}","templated":true}]}}