{"id":55639,"date":"2025-03-06T00:09:34","date_gmt":"2025-03-05T22:09:34","guid":{"rendered":"https:\/\/vmsport.fi\/verkkokauppa\/Ei-luokiteltu\/orbea-kemen-adv-30-mid-diamond-black-matt-gloss\/"},"modified":"2026-04-05T03:00:30","modified_gmt":"2026-04-05T00:00:30","slug":"orbea-kemen-adv-30-mid-diamond-svart-matt-glans","status":"publish","type":"product","link":"https:\/\/vmsport.fi\/sv\/verkkokauppa\/polkupyorat\/sahkopyorat\/sahkokaupunkipyorat\/orbea-kemen-adv-30-mid-diamond-black-matt-gloss\/","title":{"rendered":"Orbea Kemen Adv 30 Mid - Diamantsvart (Matt-Gloss)"},"content":{"rendered":"<p>Orbea KEMEN ADV 30 MID \u00e4r utformad f\u00f6r b\u00e5de stadstrafik och enstaka grusv\u00e4gar eller cykelturer. Shimano EP600-motorn (85 Nm) och 540 Wh-batteriet ger tillr\u00e4ckligt med kraft och r\u00e4ckvidd. Det robusta paketh\u00e5llaren p\u00e5 30 kg och de m\u00e5ngsidiga monteringssystemen \u00e4r l\u00e4mpliga f\u00f6r en m\u00e4ngd olika utrustningar. SR Suntour XCR34 fj\u00e4dringsgaffel j\u00e4mnar ut oj\u00e4mna ytor. Standardutrustningen omfattar fram- och baklyktor, st\u00e4nksk\u00e4rmar och stativst\u00f6d.<\/p>","protected":false},"excerpt":{"rendered":"<p>KEMEN ADV 30 MID on vankkarakenteinen s\u00e4hk\u00f6py\u00f6r\u00e4, jossa on tehokas moottori, pitk\u00e4 kantama, k\u00e4yt\u00e4nn\u00f6llinen takateline ja t\u00e4ysi valaistus. [&#8230;]<\/p>\n<p><a class=\"btn btn-secondary understrap-read-more-link\" href=\"https:\/\/vmsport.fi\/sv\/verkkokauppa\/polkupyorat\/sahkopyorat\/sahkokaupunkipyorat\/orbea-kemen-adv-30-mid-diamond-black-matt-gloss\/\">L\u00e4s mer \u2026<span class=\"screen-reader-text\"> from Orbea Kemen Adv 30 Mid &#8211; Diamond Black (Matt-Gloss)<\/span><\/a><\/p>\n","protected":false},"featured_media":55636,"comment_status":"open","ping_status":"closed","template":"","meta":{"_acf_changed":false,"_improvement_type_select":"improve_an_existing","_thumb_yes_seoaic":false,"_frame_yes_seoaic":false,"seoaic_generate_description":"","seoaic_improve_instructions_prompt":"","seoaic_rollback_content_improvement":"","seoaic_idea_thumbnail_generator":"","thumbnail_generated":false,"thumbnail_generate_prompt":"","seoaic_article_description":"","_supplier_stock_quantity":0},"product_brand":[1579],"product_model":[1575],"product_cat":[9396],"product_tag":[],"industry-terminology":[],"class_list":{"0":"post-55639","1":"product","2":"type-product","3":"status-publish","4":"has-post-thumbnail","6":"product_brand-orbea","7":"product_model-kemen-tour","8":"product_cat-sahkokaupunkipyorat","10":"first","11":"instock","12":"sale","13":"taxable","14":"shipping-taxable","15":"purchasable","16":"product-type-variable"},"acf":{"bike_features":[{"image":"https This Is FalseBoosterImage.jpeg","header":"ei detectimos-Py\u00f6rakusori","description":"descriptva STRING capable no! Invalid graceful controllers with multiline-growing"}],"overview":{"copy_overview":null,"key_features":null,"statement":"Tee p\u00e4ivitt\u00e4isist\u00e4 matkoista nautinto Orbea Kemen Adv 30 Mid -s\u00e4hk\u00f6py\u00f6r\u00e4ll\u00e4.","youtube_url":""}},"yoast_head":"<!-- This site is optimized with the Yoast SEO plugin v27.3 - https:\/\/yoast.com\/product\/yoast-seo-wordpress\/ -->\n<title>Orbea Kemen Adv 30 Mid - Diamond Black (Matt-Gloss) - VM Sport<\/title>\n<meta name=\"robots\" content=\"index, follow, max-snippet:-1, max-image-preview:large, max-video-preview:-1\" \/>\n<link rel=\"canonical\" href=\"https:\/\/vmsport.fi\/sv\/webbutik\/cyklar\/sahkopyorat\/sagtand-pyorat\/orbea-kemen-adv-30-mid-diamond-svart-matt-glans\/\" \/>\n<meta property=\"og:locale\" content=\"sv_SE\" \/>\n<meta property=\"og:type\" content=\"article\" \/>\n<meta property=\"og:title\" content=\"Orbea Kemen Adv 30 Mid - Diamond Black (Matt-Gloss) - VM Sport\" \/>\n<meta property=\"og:description\" content=\"KEMEN ADV 30 MID on vankkarakenteinen s\u00e4hk\u00f6py\u00f6r\u00e4, jossa on tehokas moottori, pitk\u00e4 kantama, k\u00e4yt\u00e4nn\u00f6llinen takateline ja t\u00e4ysi valaistus. [...]L\u00e4s mer \u2026 from Orbea Kemen Adv 30 Mid &#8211; Diamond Black (Matt-Gloss)\" \/>\n<meta property=\"og:url\" content=\"https:\/\/vmsport.fi\/sv\/webbutik\/cyklar\/sahkopyorat\/sagtand-pyorat\/orbea-kemen-adv-30-mid-diamond-svart-matt-glans\/\" \/>\n<meta property=\"og:site_name\" content=\"VM Sport\" \/>\n<meta property=\"article:publisher\" content=\"https:\/\/www.facebook.com\/Vmsport.fi\/\" \/>\n<meta property=\"article:modified_time\" content=\"2026-04-05T00:00:30+00:00\" \/>\n<meta property=\"og:image\" content=\"https:\/\/vmsport.fi\/wp-content\/uploads\/2025\/03\/3duExixV4yEFBTajmtwGmvgNrjQTkv9UWt536GZde3hUYmhMV7-1.jpg\" \/>\n\t<meta property=\"og:image:width\" content=\"1000\" \/>\n\t<meta property=\"og:image:height\" content=\"864\" \/>\n\t<meta property=\"og:image:type\" content=\"image\/jpeg\" \/>\n<meta name=\"twitter:card\" content=\"summary_large_image\" \/>\n<script type=\"application\/ld+json\" class=\"yoast-schema-graph\">{\"@context\":\"https:\\\/\\\/schema.org\",\"@graph\":[{\"@type\":[\"WebPage\",\"ItemPage\"],\"@id\":\"https:\\\/\\\/vmsport.fi\\\/verkkokauppa\\\/polkupyorat\\\/sahkopyorat\\\/sahkokaupunkipyorat\\\/orbea-kemen-adv-30-mid-diamond-black-matt-gloss\\\/\",\"url\":\"https:\\\/\\\/vmsport.fi\\\/verkkokauppa\\\/polkupyorat\\\/sahkopyorat\\\/sahkokaupunkipyorat\\\/orbea-kemen-adv-30-mid-diamond-black-matt-gloss\\\/\",\"name\":\"Orbea Kemen Adv 30 Mid - Diamond Black (Matt-Gloss) - VM Sport\",\"isPartOf\":{\"@id\":\"https:\\\/\\\/vmsport.fi\\\/#website\"},\"primaryImageOfPage\":{\"@id\":\"https:\\\/\\\/vmsport.fi\\\/verkkokauppa\\\/polkupyorat\\\/sahkopyorat\\\/sahkokaupunkipyorat\\\/orbea-kemen-adv-30-mid-diamond-black-matt-gloss\\\/#primaryimage\"},\"image\":{\"@id\":\"https:\\\/\\\/vmsport.fi\\\/verkkokauppa\\\/polkupyorat\\\/sahkopyorat\\\/sahkokaupunkipyorat\\\/orbea-kemen-adv-30-mid-diamond-black-matt-gloss\\\/#primaryimage\"},\"thumbnailUrl\":\"https:\\\/\\\/vmsport.fi\\\/wp-content\\\/uploads\\\/2025\\\/03\\\/3duExixV4yEFBTajmtwGmvgNrjQTkv9UWt536GZde3hUYmhMV7-1.jpg\",\"datePublished\":\"2025-03-05T22:09:34+00:00\",\"dateModified\":\"2026-04-05T00:00:30+00:00\",\"breadcrumb\":{\"@id\":\"https:\\\/\\\/vmsport.fi\\\/verkkokauppa\\\/polkupyorat\\\/sahkopyorat\\\/sahkokaupunkipyorat\\\/orbea-kemen-adv-30-mid-diamond-black-matt-gloss\\\/#breadcrumb\"},\"inLanguage\":\"sv-SE\",\"potentialAction\":[{\"@type\":\"ReadAction\",\"target\":[\"https:\\\/\\\/vmsport.fi\\\/verkkokauppa\\\/polkupyorat\\\/sahkopyorat\\\/sahkokaupunkipyorat\\\/orbea-kemen-adv-30-mid-diamond-black-matt-gloss\\\/\"]}]},{\"@type\":\"ImageObject\",\"inLanguage\":\"sv-SE\",\"@id\":\"https:\\\/\\\/vmsport.fi\\\/verkkokauppa\\\/polkupyorat\\\/sahkopyorat\\\/sahkokaupunkipyorat\\\/orbea-kemen-adv-30-mid-diamond-black-matt-gloss\\\/#primaryimage\",\"url\":\"https:\\\/\\\/vmsport.fi\\\/wp-content\\\/uploads\\\/2025\\\/03\\\/3duExixV4yEFBTajmtwGmvgNrjQTkv9UWt536GZde3hUYmhMV7-1.jpg\",\"contentUrl\":\"https:\\\/\\\/vmsport.fi\\\/wp-content\\\/uploads\\\/2025\\\/03\\\/3duExixV4yEFBTajmtwGmvgNrjQTkv9UWt536GZde3hUYmhMV7-1.jpg\",\"width\":1000,\"height\":864,\"caption\":\"3duExixV4yEFBTajmtwGmvgNrjQTkv9UWt536GZde3hUYmhMV7\"},{\"@type\":\"BreadcrumbList\",\"@id\":\"https:\\\/\\\/vmsport.fi\\\/verkkokauppa\\\/polkupyorat\\\/sahkopyorat\\\/sahkokaupunkipyorat\\\/orbea-kemen-adv-30-mid-diamond-black-matt-gloss\\\/#breadcrumb\",\"itemListElement\":[{\"@type\":\"ListItem\",\"position\":1,\"name\":\"Etusivu\",\"item\":\"https:\\\/\\\/vmsport.fi\\\/\"},{\"@type\":\"ListItem\",\"position\":2,\"name\":\"Online Store\",\"item\":\"https:\\\/\\\/vmsport.fi\\\/en\\\/online-store\\\/\"},{\"@type\":\"ListItem\",\"position\":3,\"name\":\"Orbea polkupy\u00f6r\u00e4t\",\"item\":\"https:\\\/\\\/vmsport.fi\\\/sv\\\/merkki\\\/orbea\\\/\"},{\"@type\":\"ListItem\",\"position\":4,\"name\":\"Orbea Kemen Adv 30 Mid &#8211; Diamond Black (Matt-Gloss)\"}]},{\"@type\":\"WebSite\",\"@id\":\"https:\\\/\\\/vmsport.fi\\\/#website\",\"url\":\"https:\\\/\\\/vmsport.fi\\\/\",\"name\":\"Vmsport\",\"description\":\"Kaikki py\u00f6r\u00e4ilyyn yhdest\u00e4 paikasta\",\"publisher\":{\"@id\":\"https:\\\/\\\/vmsport.fi\\\/#organization\"},\"potentialAction\":[{\"@type\":\"SearchAction\",\"target\":{\"@type\":\"EntryPoint\",\"urlTemplate\":\"https:\\\/\\\/vmsport.fi\\\/?s={search_term_string}\"},\"query-input\":{\"@type\":\"PropertyValueSpecification\",\"valueRequired\":true,\"valueName\":\"search_term_string\"}}],\"inLanguage\":\"sv-SE\"},{\"@type\":\"Organization\",\"@id\":\"https:\\\/\\\/vmsport.fi\\\/#organization\",\"name\":\"Vmsport\",\"url\":\"https:\\\/\\\/vmsport.fi\\\/\",\"logo\":{\"@type\":\"ImageObject\",\"inLanguage\":\"sv-SE\",\"@id\":\"https:\\\/\\\/vmsport.fi\\\/#\\\/schema\\\/logo\\\/image\\\/\",\"url\":\"https:\\\/\\\/vmsport.fi\\\/wp-content\\\/uploads\\\/2024\\\/12\\\/vm_sport_RGB_horisontal-e1734526017575.png\",\"contentUrl\":\"https:\\\/\\\/vmsport.fi\\\/wp-content\\\/uploads\\\/2024\\\/12\\\/vm_sport_RGB_horisontal-e1734526017575.png\",\"width\":668,\"height\":85,\"caption\":\"Vmsport\"},\"image\":{\"@id\":\"https:\\\/\\\/vmsport.fi\\\/#\\\/schema\\\/logo\\\/image\\\/\"},\"sameAs\":[\"https:\\\/\\\/www.facebook.com\\\/Vmsport.fi\\\/\",\"https:\\\/\\\/www.instagram.com\\\/vmsport\\\/\"]}]}<\/script>\n<!-- \/ Yoast SEO plugin. -->","yoast_head_json":{"title":"Orbea Kemen Adv 30 Mid - Diamond Black (Matt-Gloss) - VM Sport","robots":{"index":"index","follow":"follow","max-snippet":"max-snippet:-1","max-image-preview":"max-image-preview:large","max-video-preview":"max-video-preview:-1"},"canonical":"https:\/\/vmsport.fi\/sv\/webbutik\/cyklar\/sahkopyorat\/sagtand-pyorat\/orbea-kemen-adv-30-mid-diamond-svart-matt-glans\/","og_locale":"sv_SE","og_type":"article","og_title":"Orbea Kemen Adv 30 Mid - Diamond Black (Matt-Gloss) - VM Sport","og_description":"KEMEN ADV 30 MID on vankkarakenteinen s\u00e4hk\u00f6py\u00f6r\u00e4, jossa on tehokas moottori, pitk\u00e4 kantama, k\u00e4yt\u00e4nn\u00f6llinen takateline ja t\u00e4ysi valaistus. [...]L\u00e4s mer \u2026 from Orbea Kemen Adv 30 Mid &#8211; Diamond Black (Matt-Gloss)","og_url":"https:\/\/vmsport.fi\/sv\/webbutik\/cyklar\/sahkopyorat\/sagtand-pyorat\/orbea-kemen-adv-30-mid-diamond-svart-matt-glans\/","og_site_name":"VM Sport","article_publisher":"https:\/\/www.facebook.com\/Vmsport.fi\/","article_modified_time":"2026-04-05T00:00:30+00:00","og_image":[{"width":1000,"height":864,"url":"https:\/\/vmsport.fi\/wp-content\/uploads\/2025\/03\/3duExixV4yEFBTajmtwGmvgNrjQTkv9UWt536GZde3hUYmhMV7-1.jpg","type":"image\/jpeg"}],"twitter_card":"summary_large_image","schema":{"@context":"https:\/\/schema.org","@graph":[{"@type":["WebPage","ItemPage"],"@id":"https:\/\/vmsport.fi\/verkkokauppa\/polkupyorat\/sahkopyorat\/sahkokaupunkipyorat\/orbea-kemen-adv-30-mid-diamond-black-matt-gloss\/","url":"https:\/\/vmsport.fi\/verkkokauppa\/polkupyorat\/sahkopyorat\/sahkokaupunkipyorat\/orbea-kemen-adv-30-mid-diamond-black-matt-gloss\/","name":"Orbea Kemen Adv 30 Mid - Diamond Black (Matt-Gloss) - VM Sport","isPartOf":{"@id":"https:\/\/vmsport.fi\/#website"},"primaryImageOfPage":{"@id":"https:\/\/vmsport.fi\/verkkokauppa\/polkupyorat\/sahkopyorat\/sahkokaupunkipyorat\/orbea-kemen-adv-30-mid-diamond-black-matt-gloss\/#primaryimage"},"image":{"@id":"https:\/\/vmsport.fi\/verkkokauppa\/polkupyorat\/sahkopyorat\/sahkokaupunkipyorat\/orbea-kemen-adv-30-mid-diamond-black-matt-gloss\/#primaryimage"},"thumbnailUrl":"https:\/\/vmsport.fi\/wp-content\/uploads\/2025\/03\/3duExixV4yEFBTajmtwGmvgNrjQTkv9UWt536GZde3hUYmhMV7-1.jpg","datePublished":"2025-03-05T22:09:34+00:00","dateModified":"2026-04-05T00:00:30+00:00","breadcrumb":{"@id":"https:\/\/vmsport.fi\/verkkokauppa\/polkupyorat\/sahkopyorat\/sahkokaupunkipyorat\/orbea-kemen-adv-30-mid-diamond-black-matt-gloss\/#breadcrumb"},"inLanguage":"sv-SE","potentialAction":[{"@type":"ReadAction","target":["https:\/\/vmsport.fi\/verkkokauppa\/polkupyorat\/sahkopyorat\/sahkokaupunkipyorat\/orbea-kemen-adv-30-mid-diamond-black-matt-gloss\/"]}]},{"@type":"ImageObject","inLanguage":"sv-SE","@id":"https:\/\/vmsport.fi\/verkkokauppa\/polkupyorat\/sahkopyorat\/sahkokaupunkipyorat\/orbea-kemen-adv-30-mid-diamond-black-matt-gloss\/#primaryimage","url":"https:\/\/vmsport.fi\/wp-content\/uploads\/2025\/03\/3duExixV4yEFBTajmtwGmvgNrjQTkv9UWt536GZde3hUYmhMV7-1.jpg","contentUrl":"https:\/\/vmsport.fi\/wp-content\/uploads\/2025\/03\/3duExixV4yEFBTajmtwGmvgNrjQTkv9UWt536GZde3hUYmhMV7-1.jpg","width":1000,"height":864,"caption":"3duExixV4yEFBTajmtwGmvgNrjQTkv9UWt536GZde3hUYmhMV7"},{"@type":"BreadcrumbList","@id":"https:\/\/vmsport.fi\/verkkokauppa\/polkupyorat\/sahkopyorat\/sahkokaupunkipyorat\/orbea-kemen-adv-30-mid-diamond-black-matt-gloss\/#breadcrumb","itemListElement":[{"@type":"ListItem","position":1,"name":"Etusivu","item":"https:\/\/vmsport.fi\/"},{"@type":"ListItem","position":2,"name":"Online Store","item":"https:\/\/vmsport.fi\/en\/online-store\/"},{"@type":"ListItem","position":3,"name":"Orbea polkupy\u00f6r\u00e4t","item":"https:\/\/vmsport.fi\/sv\/merkki\/orbea\/"},{"@type":"ListItem","position":4,"name":"Orbea Kemen Adv 30 Mid &#8211; Diamond Black (Matt-Gloss)"}]},{"@type":"WebSite","@id":"https:\/\/vmsport.fi\/#website","url":"https:\/\/vmsport.fi\/","name":"Vmsport","description":"Allt p\u00e5 ett st\u00e4lle f\u00f6r cykling","publisher":{"@id":"https:\/\/vmsport.fi\/#organization"},"potentialAction":[{"@type":"SearchAction","target":{"@type":"EntryPoint","urlTemplate":"https:\/\/vmsport.fi\/?s={search_term_string}"},"query-input":{"@type":"PropertyValueSpecification","valueRequired":true,"valueName":"search_term_string"}}],"inLanguage":"sv-SE"},{"@type":"Organization","@id":"https:\/\/vmsport.fi\/#organization","name":"Vmsport","url":"https:\/\/vmsport.fi\/","logo":{"@type":"ImageObject","inLanguage":"sv-SE","@id":"https:\/\/vmsport.fi\/#\/schema\/logo\/image\/","url":"https:\/\/vmsport.fi\/wp-content\/uploads\/2024\/12\/vm_sport_RGB_horisontal-e1734526017575.png","contentUrl":"https:\/\/vmsport.fi\/wp-content\/uploads\/2024\/12\/vm_sport_RGB_horisontal-e1734526017575.png","width":668,"height":85,"caption":"Vmsport"},"image":{"@id":"https:\/\/vmsport.fi\/#\/schema\/logo\/image\/"},"sameAs":["https:\/\/www.facebook.com\/Vmsport.fi\/","https:\/\/www.instagram.com\/vmsport\/"]}]}},"global_unique_id":"","_links":{"self":[{"href":"https:\/\/vmsport.fi\/sv\/wp-json\/wp\/v2\/product\/55639","targetHints":{"allow":["GET"]}}],"collection":[{"href":"https:\/\/vmsport.fi\/sv\/wp-json\/wp\/v2\/product"}],"about":[{"href":"https:\/\/vmsport.fi\/sv\/wp-json\/wp\/v2\/types\/product"}],"replies":[{"embeddable":true,"href":"https:\/\/vmsport.fi\/sv\/wp-json\/wp\/v2\/comments?post=55639"}],"wp:featuredmedia":[{"embeddable":true,"href":"https:\/\/vmsport.fi\/sv\/wp-json\/wp\/v2\/media\/55636"}],"wp:attachment":[{"href":"https:\/\/vmsport.fi\/sv\/wp-json\/wp\/v2\/media?parent=55639"}],"wp:term":[{"taxonomy":"product_brand","embeddable":true,"href":"https:\/\/vmsport.fi\/sv\/wp-json\/wp\/v2\/product_brand?post=55639"},{"taxonomy":"product_model","embeddable":true,"href":"https:\/\/vmsport.fi\/sv\/wp-json\/wp\/v2\/product_model?post=55639"},{"taxonomy":"product_cat","embeddable":true,"href":"https:\/\/vmsport.fi\/sv\/wp-json\/wp\/v2\/product_cat?post=55639"},{"taxonomy":"product_tag","embeddable":true,"href":"https:\/\/vmsport.fi\/sv\/wp-json\/wp\/v2\/product_tag?post=55639"},{"taxonomy":"industry_terminology","embeddable":true,"href":"https:\/\/vmsport.fi\/sv\/wp-json\/wp\/v2\/industry-terminology?post=55639"}],"curies":[{"name":"wp","href":"https:\/\/api.w.org\/{rel}","templated":true}]}}