{"id":55635,"date":"2025-03-06T00:09:31","date_gmt":"2025-03-05T22:09:31","guid":{"rendered":"https:\/\/vmsport.fi\/verkkokauppa\/Ei-luokiteltu\/sram-chainring-o104-mm-singlespeed-36t-4-holes-black-aluminium-round-1x12-speed\/"},"modified":"2026-04-22T15:05:06","modified_gmt":"2026-04-22T12:05:06","slug":"sram-chainring-o104-mm-singlespeed-36t-4-holes-black-aluminium-round-1x12-speed","status":"publish","type":"product","link":"https:\/\/vmsport.fi\/sv\/verkkokauppa\/varaosat\/voimansiirto\/eturattaat\/sram-chainring-o104-mm-singlespeed-36t-4-holes-black-aluminium-round-1x12-speed\/","title":{"rendered":"SRAM-kedjehjul \u00d8104 mm Singlespeed 36T 4 h\u00e5l Svart, Aluminium, Rund, 1\u00d712 v\u00e4xlar"},"content":{"rendered":"<p>SRAMin yksivaihteiseen 36-hampaiseen ketjupy\u00f6r\u00e4\u00e4n, jonka jako on 104 mm ja jossa on nelj\u00e4 kiinnityskohtaa, on valmistettu kest\u00e4v\u00e4st\u00e4 alumiinista, mik\u00e4 tekee siit\u00e4 kevyen mutta hyvin kest\u00e4v\u00e4n. Py\u00f6r\u00e4n py\u00f6re\u00e4 muotoilu ja musta v\u00e4ri tekev\u00e4t siit\u00e4 tyylikk\u00e4\u00e4n lis\u00e4n maastopy\u00f6riin, erityisesti yhteensopivana Eagle-kampisarjojen kanssa. Sen 1&#215;12-vaihteinen j\u00e4rjestelm\u00e4 parantaa ajonautintoa, ja X-SYNC-teknologia lis\u00e4\u00e4 ketjun pysyvyytt\u00e4, mik\u00e4 on t\u00e4rke\u00e4\u00e4 tehokkaalle polkemiselle ep\u00e4tasaisessa maastossa. T\u00e4m\u00e4 ketjupy\u00f6r\u00e4 ei ole yhteensopiva boost-j\u00e4rjestelmien kanssa, mutta se sopii erinomaisesti yksivaihteisiin kokoonpanoihin, mik\u00e4 tekee siit\u00e4 ihanteellisen valinnan monipuoliseen maastoajoon.<\/p>","protected":false},"excerpt":{"rendered":"<p>SRAMin yksivaihteiseen 36-hampaiseen ketjupy\u00f6r\u00e4\u00e4n, jonka jako on 104 mm ja jossa on nelj\u00e4 kiinnityskohtaa, on valmistettu kest\u00e4v\u00e4st\u00e4 alumiinista, mik\u00e4 tekee siit\u00e4 kevyen mutta hyvin kest\u00e4v\u00e4n. Py\u00f6r\u00e4n py\u00f6re\u00e4 muotoilu ja musta v\u00e4ri tekev\u00e4t siit\u00e4 tyylikk\u00e4\u00e4n lis\u00e4n maastopy\u00f6riin, erityisesti yhteensopivana Eagle-kampisarjojen kanssa. Sen 1&#215;12-vaihteinen j\u00e4rjestelm\u00e4 parantaa ajonautintoa, ja X-SYNC-teknologia lis\u00e4\u00e4 ketjun pysyvyytt\u00e4, mik\u00e4 on t\u00e4rke\u00e4\u00e4 tehokkaalle polkemiselle [&#8230;]<\/p>\n<p><a class=\"btn btn-secondary understrap-read-more-link\" href=\"https:\/\/vmsport.fi\/sv\/verkkokauppa\/varaosat\/voimansiirto\/eturattaat\/sram-chainring-o104-mm-singlespeed-36t-4-holes-black-aluminium-round-1x12-speed\/\">L\u00e4s mer \u2026<span class=\"screen-reader-text\"> from SRAM Chainring \u00d8104 mm Singlespeed 36T 4 holes Black, Aluminium, Round, 1&#215;12 speed<\/span><\/a><\/p>\n","protected":false},"featured_media":55634,"comment_status":"open","ping_status":"closed","template":"","meta":{"_acf_changed":false,"_improvement_type_select":"improve_an_existing","_thumb_yes_seoaic":false,"_frame_yes_seoaic":false,"seoaic_generate_description":"","seoaic_improve_instructions_prompt":"","seoaic_rollback_content_improvement":"","seoaic_idea_thumbnail_generator":"","thumbnail_generated":false,"thumbnail_generate_prompt":"","seoaic_article_description":"","_supplier_stock_quantity":0},"product_brand":[1588],"product_model":[],"product_cat":[9252],"product_tag":[],"industry-terminology":[],"class_list":{"0":"post-55635","1":"product","2":"type-product","3":"status-publish","4":"has-post-thumbnail","6":"product_brand-sram","7":"product_cat-eturattaat","9":"first","10":"instock","11":"taxable","12":"shipping-taxable","13":"purchasable","14":"product-type-simple"},"acf":{"bike_features":null,"overview":{"copy_overview":null,"key_features":null,"statement":"","youtube_url":""}},"yoast_head":"<!-- This site is optimized with the Yoast SEO plugin v27.4 - https:\/\/yoast.com\/product\/yoast-seo-wordpress\/ -->\n<title>SRAM Chainring \u00d8104 mm Singlespeed 36T 4 holes Black, Aluminium, Round, 1x12 speed - VM Sport<\/title>\n<meta name=\"robots\" content=\"index, follow, max-snippet:-1, max-image-preview:large, max-video-preview:-1\" \/>\n<link rel=\"canonical\" href=\"https:\/\/vmsport.fi\/sv\/webbutik\/reservdelar\/transmission\/framhjulsdrift\/sram-chainring-o104-mm-singlespeed-36t-4-holes-black-aluminium-round-1x12-speed\/\" \/>\n<meta property=\"og:locale\" content=\"sv_SE\" \/>\n<meta property=\"og:type\" content=\"article\" \/>\n<meta property=\"og:title\" content=\"SRAM Chainring \u00d8104 mm Singlespeed 36T 4 holes Black, Aluminium, Round, 1x12 speed - VM Sport\" \/>\n<meta property=\"og:description\" content=\"SRAMin yksivaihteiseen 36-hampaiseen ketjupy\u00f6r\u00e4\u00e4n, jonka jako on 104 mm ja jossa on nelj\u00e4 kiinnityskohtaa, on valmistettu kest\u00e4v\u00e4st\u00e4 alumiinista, mik\u00e4 tekee siit\u00e4 kevyen mutta hyvin kest\u00e4v\u00e4n. Py\u00f6r\u00e4n py\u00f6re\u00e4 muotoilu ja musta v\u00e4ri tekev\u00e4t siit\u00e4 tyylikk\u00e4\u00e4n lis\u00e4n maastopy\u00f6riin, erityisesti yhteensopivana Eagle-kampisarjojen kanssa. Sen 1&#215;12-vaihteinen j\u00e4rjestelm\u00e4 parantaa ajonautintoa, ja X-SYNC-teknologia lis\u00e4\u00e4 ketjun pysyvyytt\u00e4, mik\u00e4 on t\u00e4rke\u00e4\u00e4 tehokkaalle polkemiselle [...]L\u00e4s mer \u2026 from SRAM Chainring \u00d8104 mm Singlespeed 36T 4 holes Black, Aluminium, Round, 1&#215;12 speed\" \/>\n<meta property=\"og:url\" content=\"https:\/\/vmsport.fi\/sv\/webbutik\/reservdelar\/transmission\/framhjulsdrift\/sram-chainring-o104-mm-singlespeed-36t-4-holes-black-aluminium-round-1x12-speed\/\" \/>\n<meta property=\"og:site_name\" content=\"VM Sport\" \/>\n<meta property=\"article:publisher\" content=\"https:\/\/www.facebook.com\/Vmsport.fi\/\" \/>\n<meta property=\"article:modified_time\" content=\"2026-04-22T12:05:06+00:00\" \/>\n<meta property=\"og:image\" content=\"https:\/\/vmsport.fi\/wp-content\/uploads\/2025\/03\/rpr7ri1r095spW4rOcmOCAXAnMyZENcO4wsnufZ3tUpAoFf5UP-1.jpg\" \/>\n\t<meta property=\"og:image:width\" content=\"800\" \/>\n\t<meta property=\"og:image:height\" content=\"800\" \/>\n\t<meta property=\"og:image:type\" content=\"image\/jpeg\" \/>\n<meta name=\"twitter:card\" content=\"summary_large_image\" \/>\n<script type=\"application\/ld+json\" class=\"yoast-schema-graph\">{\"@context\":\"https:\\\/\\\/schema.org\",\"@graph\":[{\"@type\":[\"WebPage\",\"ItemPage\"],\"@id\":\"https:\\\/\\\/vmsport.fi\\\/verkkokauppa\\\/varaosat\\\/voimansiirto\\\/eturattaat\\\/sram-chainring-o104-mm-singlespeed-36t-4-holes-black-aluminium-round-1x12-speed\\\/\",\"url\":\"https:\\\/\\\/vmsport.fi\\\/verkkokauppa\\\/varaosat\\\/voimansiirto\\\/eturattaat\\\/sram-chainring-o104-mm-singlespeed-36t-4-holes-black-aluminium-round-1x12-speed\\\/\",\"name\":\"SRAM Chainring \u00d8104 mm Singlespeed 36T 4 holes Black, Aluminium, Round, 1x12 speed - VM Sport\",\"isPartOf\":{\"@id\":\"https:\\\/\\\/vmsport.fi\\\/#website\"},\"primaryImageOfPage\":{\"@id\":\"https:\\\/\\\/vmsport.fi\\\/verkkokauppa\\\/varaosat\\\/voimansiirto\\\/eturattaat\\\/sram-chainring-o104-mm-singlespeed-36t-4-holes-black-aluminium-round-1x12-speed\\\/#primaryimage\"},\"image\":{\"@id\":\"https:\\\/\\\/vmsport.fi\\\/verkkokauppa\\\/varaosat\\\/voimansiirto\\\/eturattaat\\\/sram-chainring-o104-mm-singlespeed-36t-4-holes-black-aluminium-round-1x12-speed\\\/#primaryimage\"},\"thumbnailUrl\":\"https:\\\/\\\/vmsport.fi\\\/wp-content\\\/uploads\\\/2025\\\/03\\\/rpr7ri1r095spW4rOcmOCAXAnMyZENcO4wsnufZ3tUpAoFf5UP-1.jpg\",\"datePublished\":\"2025-03-05T22:09:31+00:00\",\"dateModified\":\"2026-04-22T12:05:06+00:00\",\"breadcrumb\":{\"@id\":\"https:\\\/\\\/vmsport.fi\\\/verkkokauppa\\\/varaosat\\\/voimansiirto\\\/eturattaat\\\/sram-chainring-o104-mm-singlespeed-36t-4-holes-black-aluminium-round-1x12-speed\\\/#breadcrumb\"},\"inLanguage\":\"sv-SE\",\"potentialAction\":[{\"@type\":\"ReadAction\",\"target\":[\"https:\\\/\\\/vmsport.fi\\\/verkkokauppa\\\/varaosat\\\/voimansiirto\\\/eturattaat\\\/sram-chainring-o104-mm-singlespeed-36t-4-holes-black-aluminium-round-1x12-speed\\\/\"]}]},{\"@type\":\"ImageObject\",\"inLanguage\":\"sv-SE\",\"@id\":\"https:\\\/\\\/vmsport.fi\\\/verkkokauppa\\\/varaosat\\\/voimansiirto\\\/eturattaat\\\/sram-chainring-o104-mm-singlespeed-36t-4-holes-black-aluminium-round-1x12-speed\\\/#primaryimage\",\"url\":\"https:\\\/\\\/vmsport.fi\\\/wp-content\\\/uploads\\\/2025\\\/03\\\/rpr7ri1r095spW4rOcmOCAXAnMyZENcO4wsnufZ3tUpAoFf5UP-1.jpg\",\"contentUrl\":\"https:\\\/\\\/vmsport.fi\\\/wp-content\\\/uploads\\\/2025\\\/03\\\/rpr7ri1r095spW4rOcmOCAXAnMyZENcO4wsnufZ3tUpAoFf5UP-1.jpg\",\"width\":800,\"height\":800,\"caption\":\"rpr7ri1r095spW4rOcmOCAXAnMyZENcO4wsnufZ3tUpAoFf5UP\"},{\"@type\":\"BreadcrumbList\",\"@id\":\"https:\\\/\\\/vmsport.fi\\\/verkkokauppa\\\/varaosat\\\/voimansiirto\\\/eturattaat\\\/sram-chainring-o104-mm-singlespeed-36t-4-holes-black-aluminium-round-1x12-speed\\\/#breadcrumb\",\"itemListElement\":[{\"@type\":\"ListItem\",\"position\":1,\"name\":\"Etusivu\",\"item\":\"https:\\\/\\\/vmsport.fi\\\/\"},{\"@type\":\"ListItem\",\"position\":2,\"name\":\"Online Store\",\"item\":\"https:\\\/\\\/vmsport.fi\\\/en\\\/online-store\\\/\"},{\"@type\":\"ListItem\",\"position\":3,\"name\":\"SRAM Chainring \u00d8104 mm Singlespeed 36T 4 holes Black, Aluminium, Round, 1&#215;12 speed\"}]},{\"@type\":\"WebSite\",\"@id\":\"https:\\\/\\\/vmsport.fi\\\/#website\",\"url\":\"https:\\\/\\\/vmsport.fi\\\/\",\"name\":\"Vmsport\",\"description\":\"Kaikki py\u00f6r\u00e4ilyyn yhdest\u00e4 paikasta\",\"publisher\":{\"@id\":\"https:\\\/\\\/vmsport.fi\\\/#organization\"},\"potentialAction\":[{\"@type\":\"SearchAction\",\"target\":{\"@type\":\"EntryPoint\",\"urlTemplate\":\"https:\\\/\\\/vmsport.fi\\\/?s={search_term_string}\"},\"query-input\":{\"@type\":\"PropertyValueSpecification\",\"valueRequired\":true,\"valueName\":\"search_term_string\"}}],\"inLanguage\":\"sv-SE\"},{\"@type\":\"Organization\",\"@id\":\"https:\\\/\\\/vmsport.fi\\\/#organization\",\"name\":\"Vmsport\",\"url\":\"https:\\\/\\\/vmsport.fi\\\/\",\"logo\":{\"@type\":\"ImageObject\",\"inLanguage\":\"sv-SE\",\"@id\":\"https:\\\/\\\/vmsport.fi\\\/#\\\/schema\\\/logo\\\/image\\\/\",\"url\":\"https:\\\/\\\/vmsport.fi\\\/wp-content\\\/uploads\\\/2024\\\/12\\\/vm_sport_RGB_horisontal-e1734526017575.png\",\"contentUrl\":\"https:\\\/\\\/vmsport.fi\\\/wp-content\\\/uploads\\\/2024\\\/12\\\/vm_sport_RGB_horisontal-e1734526017575.png\",\"width\":668,\"height\":85,\"caption\":\"Vmsport\"},\"image\":{\"@id\":\"https:\\\/\\\/vmsport.fi\\\/#\\\/schema\\\/logo\\\/image\\\/\"},\"sameAs\":[\"https:\\\/\\\/www.facebook.com\\\/Vmsport.fi\\\/\",\"https:\\\/\\\/www.instagram.com\\\/vmsport\\\/\"]}]}<\/script>\n<!-- \/ Yoast SEO plugin. -->","yoast_head_json":{"title":"SRAM Chainring \u00d8104 mm Singlespeed 36T 4 holes Black, Aluminium, Round, 1x12 speed - VM Sport","robots":{"index":"index","follow":"follow","max-snippet":"max-snippet:-1","max-image-preview":"max-image-preview:large","max-video-preview":"max-video-preview:-1"},"canonical":"https:\/\/vmsport.fi\/sv\/webbutik\/reservdelar\/transmission\/framhjulsdrift\/sram-chainring-o104-mm-singlespeed-36t-4-holes-black-aluminium-round-1x12-speed\/","og_locale":"sv_SE","og_type":"article","og_title":"SRAM Chainring \u00d8104 mm Singlespeed 36T 4 holes Black, Aluminium, Round, 1x12 speed - VM Sport","og_description":"SRAMin yksivaihteiseen 36-hampaiseen ketjupy\u00f6r\u00e4\u00e4n, jonka jako on 104 mm ja jossa on nelj\u00e4 kiinnityskohtaa, on valmistettu kest\u00e4v\u00e4st\u00e4 alumiinista, mik\u00e4 tekee siit\u00e4 kevyen mutta hyvin kest\u00e4v\u00e4n. Py\u00f6r\u00e4n py\u00f6re\u00e4 muotoilu ja musta v\u00e4ri tekev\u00e4t siit\u00e4 tyylikk\u00e4\u00e4n lis\u00e4n maastopy\u00f6riin, erityisesti yhteensopivana Eagle-kampisarjojen kanssa. Sen 1&#215;12-vaihteinen j\u00e4rjestelm\u00e4 parantaa ajonautintoa, ja X-SYNC-teknologia lis\u00e4\u00e4 ketjun pysyvyytt\u00e4, mik\u00e4 on t\u00e4rke\u00e4\u00e4 tehokkaalle polkemiselle [...]L\u00e4s mer \u2026 from SRAM Chainring \u00d8104 mm Singlespeed 36T 4 holes Black, Aluminium, Round, 1&#215;12 speed","og_url":"https:\/\/vmsport.fi\/sv\/webbutik\/reservdelar\/transmission\/framhjulsdrift\/sram-chainring-o104-mm-singlespeed-36t-4-holes-black-aluminium-round-1x12-speed\/","og_site_name":"VM Sport","article_publisher":"https:\/\/www.facebook.com\/Vmsport.fi\/","article_modified_time":"2026-04-22T12:05:06+00:00","og_image":[{"width":800,"height":800,"url":"https:\/\/vmsport.fi\/wp-content\/uploads\/2025\/03\/rpr7ri1r095spW4rOcmOCAXAnMyZENcO4wsnufZ3tUpAoFf5UP-1.jpg","type":"image\/jpeg"}],"twitter_card":"summary_large_image","schema":{"@context":"https:\/\/schema.org","@graph":[{"@type":["WebPage","ItemPage"],"@id":"https:\/\/vmsport.fi\/verkkokauppa\/varaosat\/voimansiirto\/eturattaat\/sram-chainring-o104-mm-singlespeed-36t-4-holes-black-aluminium-round-1x12-speed\/","url":"https:\/\/vmsport.fi\/verkkokauppa\/varaosat\/voimansiirto\/eturattaat\/sram-chainring-o104-mm-singlespeed-36t-4-holes-black-aluminium-round-1x12-speed\/","name":"SRAM Chainring \u00d8104 mm Singlespeed 36T 4 holes Black, Aluminium, Round, 1x12 speed - VM Sport","isPartOf":{"@id":"https:\/\/vmsport.fi\/#website"},"primaryImageOfPage":{"@id":"https:\/\/vmsport.fi\/verkkokauppa\/varaosat\/voimansiirto\/eturattaat\/sram-chainring-o104-mm-singlespeed-36t-4-holes-black-aluminium-round-1x12-speed\/#primaryimage"},"image":{"@id":"https:\/\/vmsport.fi\/verkkokauppa\/varaosat\/voimansiirto\/eturattaat\/sram-chainring-o104-mm-singlespeed-36t-4-holes-black-aluminium-round-1x12-speed\/#primaryimage"},"thumbnailUrl":"https:\/\/vmsport.fi\/wp-content\/uploads\/2025\/03\/rpr7ri1r095spW4rOcmOCAXAnMyZENcO4wsnufZ3tUpAoFf5UP-1.jpg","datePublished":"2025-03-05T22:09:31+00:00","dateModified":"2026-04-22T12:05:06+00:00","breadcrumb":{"@id":"https:\/\/vmsport.fi\/verkkokauppa\/varaosat\/voimansiirto\/eturattaat\/sram-chainring-o104-mm-singlespeed-36t-4-holes-black-aluminium-round-1x12-speed\/#breadcrumb"},"inLanguage":"sv-SE","potentialAction":[{"@type":"ReadAction","target":["https:\/\/vmsport.fi\/verkkokauppa\/varaosat\/voimansiirto\/eturattaat\/sram-chainring-o104-mm-singlespeed-36t-4-holes-black-aluminium-round-1x12-speed\/"]}]},{"@type":"ImageObject","inLanguage":"sv-SE","@id":"https:\/\/vmsport.fi\/verkkokauppa\/varaosat\/voimansiirto\/eturattaat\/sram-chainring-o104-mm-singlespeed-36t-4-holes-black-aluminium-round-1x12-speed\/#primaryimage","url":"https:\/\/vmsport.fi\/wp-content\/uploads\/2025\/03\/rpr7ri1r095spW4rOcmOCAXAnMyZENcO4wsnufZ3tUpAoFf5UP-1.jpg","contentUrl":"https:\/\/vmsport.fi\/wp-content\/uploads\/2025\/03\/rpr7ri1r095spW4rOcmOCAXAnMyZENcO4wsnufZ3tUpAoFf5UP-1.jpg","width":800,"height":800,"caption":"rpr7ri1r095spW4rOcmOCAXAnMyZENcO4wsnufZ3tUpAoFf5UP"},{"@type":"BreadcrumbList","@id":"https:\/\/vmsport.fi\/verkkokauppa\/varaosat\/voimansiirto\/eturattaat\/sram-chainring-o104-mm-singlespeed-36t-4-holes-black-aluminium-round-1x12-speed\/#breadcrumb","itemListElement":[{"@type":"ListItem","position":1,"name":"Etusivu","item":"https:\/\/vmsport.fi\/"},{"@type":"ListItem","position":2,"name":"Online Store","item":"https:\/\/vmsport.fi\/en\/online-store\/"},{"@type":"ListItem","position":3,"name":"SRAM Chainring \u00d8104 mm Singlespeed 36T 4 holes Black, Aluminium, Round, 1&#215;12 speed"}]},{"@type":"WebSite","@id":"https:\/\/vmsport.fi\/#website","url":"https:\/\/vmsport.fi\/","name":"Vmsport","description":"Allt p\u00e5 ett st\u00e4lle f\u00f6r cykling","publisher":{"@id":"https:\/\/vmsport.fi\/#organization"},"potentialAction":[{"@type":"SearchAction","target":{"@type":"EntryPoint","urlTemplate":"https:\/\/vmsport.fi\/?s={search_term_string}"},"query-input":{"@type":"PropertyValueSpecification","valueRequired":true,"valueName":"search_term_string"}}],"inLanguage":"sv-SE"},{"@type":"Organization","@id":"https:\/\/vmsport.fi\/#organization","name":"Vmsport","url":"https:\/\/vmsport.fi\/","logo":{"@type":"ImageObject","inLanguage":"sv-SE","@id":"https:\/\/vmsport.fi\/#\/schema\/logo\/image\/","url":"https:\/\/vmsport.fi\/wp-content\/uploads\/2024\/12\/vm_sport_RGB_horisontal-e1734526017575.png","contentUrl":"https:\/\/vmsport.fi\/wp-content\/uploads\/2024\/12\/vm_sport_RGB_horisontal-e1734526017575.png","width":668,"height":85,"caption":"Vmsport"},"image":{"@id":"https:\/\/vmsport.fi\/#\/schema\/logo\/image\/"},"sameAs":["https:\/\/www.facebook.com\/Vmsport.fi\/","https:\/\/www.instagram.com\/vmsport\/"]}]}},"global_unique_id":"","_links":{"self":[{"href":"https:\/\/vmsport.fi\/sv\/wp-json\/wp\/v2\/product\/55635","targetHints":{"allow":["GET"]}}],"collection":[{"href":"https:\/\/vmsport.fi\/sv\/wp-json\/wp\/v2\/product"}],"about":[{"href":"https:\/\/vmsport.fi\/sv\/wp-json\/wp\/v2\/types\/product"}],"replies":[{"embeddable":true,"href":"https:\/\/vmsport.fi\/sv\/wp-json\/wp\/v2\/comments?post=55635"}],"wp:featuredmedia":[{"embeddable":true,"href":"https:\/\/vmsport.fi\/sv\/wp-json\/wp\/v2\/media\/55634"}],"wp:attachment":[{"href":"https:\/\/vmsport.fi\/sv\/wp-json\/wp\/v2\/media?parent=55635"}],"wp:term":[{"taxonomy":"product_brand","embeddable":true,"href":"https:\/\/vmsport.fi\/sv\/wp-json\/wp\/v2\/product_brand?post=55635"},{"taxonomy":"product_model","embeddable":true,"href":"https:\/\/vmsport.fi\/sv\/wp-json\/wp\/v2\/product_model?post=55635"},{"taxonomy":"product_cat","embeddable":true,"href":"https:\/\/vmsport.fi\/sv\/wp-json\/wp\/v2\/product_cat?post=55635"},{"taxonomy":"product_tag","embeddable":true,"href":"https:\/\/vmsport.fi\/sv\/wp-json\/wp\/v2\/product_tag?post=55635"},{"taxonomy":"industry_terminology","embeddable":true,"href":"https:\/\/vmsport.fi\/sv\/wp-json\/wp\/v2\/industry-terminology?post=55635"}],"curies":[{"name":"wp","href":"https:\/\/api.w.org\/{rel}","templated":true}]}}