{"id":55616,"date":"2025-03-06T00:09:00","date_gmt":"2025-03-05T22:09:00","guid":{"rendered":"https:\/\/vmsport.fi\/verkkokauppa\/Ei-luokiteltu\/takavaihtajan-korvake-union-gh-139-trek\/"},"modified":"2026-01-16T13:25:53","modified_gmt":"2026-01-16T11:25:53","slug":"byte-av-bakvaxel-union-gh-139-trek","status":"publish","type":"product","link":"https:\/\/vmsport.fi\/sv\/verkkokauppa\/varaosat\/vaihteistot\/takavaihtajan-korvake\/takavaihtajan-korvake-union-gh-139-trek\/","title":{"rendered":"Byte av bakv\u00e4xel UNION, GH-139, Trek"},"content":{"rendered":"<p>UNION GH-139 bakv\u00e4xelers\u00e4ttning \u00e4r ett viktigt tillbeh\u00f6r f\u00f6r cyklar, s\u00e4rskilt utformat f\u00f6r Trek-cyklar. Den kompakta designen g\u00f6r den diskret, men ger tillf\u00f6rlitligt st\u00f6d f\u00f6r v\u00e4xeln. Den h\u00e5llbara konstruktionen g\u00f6r att den t\u00e5l kraftiga st\u00f6tar, vilket f\u00f6rb\u00e4ttrar k\u00f6rkomforten. H\u00f6rsn\u00e4ckan \u00e4r precisionsbearbetad f\u00f6r att passa perfekt in i cykelramen. Den enkla installationen minskar behovet av underh\u00e5ll och s\u00e4kerst\u00e4ller att v\u00e4xell\u00e5dan fungerar smidigt.<\/p>","protected":false},"excerpt":{"rendered":"<p>UNION GH-139 takavaihtajan korvake on olennainen lis\u00e4varuste polkupy\u00f6r\u00e4\u00e4n, joka on suunniteltu erityisesti Trek-py\u00f6riin. Sen kompakti muotoilu tekee siit\u00e4 huomaamattoman, mutta se tarjoaa luotettavaa tukea vaihtajalle. Kest\u00e4v\u00e4 rakenne takaa, ett\u00e4 se kest\u00e4\u00e4 voimakkaat iskut, parantaen n\u00e4in ajomukavuutta. T\u00e4m\u00e4 korvake on tarkasti valmistettu, jotta se istuu tiiviisti py\u00f6r\u00e4n runkoon. Sen helppo asennus v\u00e4hent\u00e4\u00e4 huollon tarvetta ja varmistaa [&#8230;]<\/p>\n<p><a class=\"btn btn-secondary understrap-read-more-link\" href=\"https:\/\/vmsport.fi\/sv\/verkkokauppa\/varaosat\/vaihteistot\/takavaihtajan-korvake\/takavaihtajan-korvake-union-gh-139-trek\/\">L\u00e4s mer \u2026<span class=\"screen-reader-text\"> from Takavaihtajan korvake UNION, GH-139, Trek<\/span><\/a><\/p>\n","protected":false},"featured_media":55615,"comment_status":"open","ping_status":"closed","template":"","meta":{"_acf_changed":false,"_improvement_type_select":"improve_an_existing","_thumb_yes_seoaic":false,"_frame_yes_seoaic":false,"seoaic_generate_description":"","seoaic_improve_instructions_prompt":"","seoaic_rollback_content_improvement":"","seoaic_idea_thumbnail_generator":"","thumbnail_generated":false,"thumbnail_generate_prompt":"","seoaic_article_description":"","_supplier_stock_quantity":0},"product_brand":[37],"product_model":[],"product_cat":[9480],"product_tag":[],"industry-terminology":[],"class_list":{"0":"post-55616","1":"product","2":"type-product","3":"status-publish","4":"has-post-thumbnail","6":"product_brand-trek","7":"product_cat-takavaihtajan-korvake","9":"first","10":"instock","11":"taxable","12":"shipping-taxable","13":"purchasable","14":"product-type-simple"},"acf":{"bike_features":null,"overview":{"copy_overview":null,"key_features":null,"statement":"","youtube_url":""}},"yoast_head":"<!-- This site is optimized with the Yoast SEO plugin v27.3 - https:\/\/yoast.com\/product\/yoast-seo-wordpress\/ -->\n<title>Takavaihtajan korvake UNION, GH-139, Trek - VM Sport<\/title>\n<meta name=\"robots\" content=\"index, follow, max-snippet:-1, max-image-preview:large, max-video-preview:-1\" \/>\n<link rel=\"canonical\" href=\"https:\/\/vmsport.fi\/sv\/webbutik\/reservdelar\/vaxellador\/byte-av-bakvaxel\/byte-av-bakvaxel-union-gh-139-trek\/\" \/>\n<meta property=\"og:locale\" content=\"sv_SE\" \/>\n<meta property=\"og:type\" content=\"article\" \/>\n<meta property=\"og:title\" content=\"Takavaihtajan korvake UNION, GH-139, Trek - VM Sport\" \/>\n<meta property=\"og:description\" content=\"UNION GH-139 takavaihtajan korvake on olennainen lis\u00e4varuste polkupy\u00f6r\u00e4\u00e4n, joka on suunniteltu erityisesti Trek-py\u00f6riin. Sen kompakti muotoilu tekee siit\u00e4 huomaamattoman, mutta se tarjoaa luotettavaa tukea vaihtajalle. Kest\u00e4v\u00e4 rakenne takaa, ett\u00e4 se kest\u00e4\u00e4 voimakkaat iskut, parantaen n\u00e4in ajomukavuutta. T\u00e4m\u00e4 korvake on tarkasti valmistettu, jotta se istuu tiiviisti py\u00f6r\u00e4n runkoon. Sen helppo asennus v\u00e4hent\u00e4\u00e4 huollon tarvetta ja varmistaa [...]L\u00e4s mer \u2026 from Takavaihtajan korvake UNION, GH-139, Trek\" \/>\n<meta property=\"og:url\" content=\"https:\/\/vmsport.fi\/sv\/webbutik\/reservdelar\/vaxellador\/byte-av-bakvaxel\/byte-av-bakvaxel-union-gh-139-trek\/\" \/>\n<meta property=\"og:site_name\" content=\"VM Sport\" \/>\n<meta property=\"article:publisher\" content=\"https:\/\/www.facebook.com\/Vmsport.fi\/\" \/>\n<meta property=\"article:modified_time\" content=\"2026-01-16T11:25:53+00:00\" \/>\n<meta property=\"og:image\" content=\"https:\/\/vmsport.fi\/wp-content\/uploads\/2025\/03\/gh-139-1.jpg\" \/>\n\t<meta property=\"og:image:width\" content=\"800\" \/>\n\t<meta property=\"og:image:height\" content=\"800\" \/>\n\t<meta property=\"og:image:type\" content=\"image\/jpeg\" \/>\n<meta name=\"twitter:card\" content=\"summary_large_image\" \/>\n<script type=\"application\/ld+json\" class=\"yoast-schema-graph\">{\"@context\":\"https:\\\/\\\/schema.org\",\"@graph\":[{\"@type\":[\"WebPage\",\"ItemPage\"],\"@id\":\"https:\\\/\\\/vmsport.fi\\\/verkkokauppa\\\/varaosat\\\/vaihteistot\\\/takavaihtajan-korvake\\\/takavaihtajan-korvake-union-gh-139-trek\\\/\",\"url\":\"https:\\\/\\\/vmsport.fi\\\/verkkokauppa\\\/varaosat\\\/vaihteistot\\\/takavaihtajan-korvake\\\/takavaihtajan-korvake-union-gh-139-trek\\\/\",\"name\":\"Takavaihtajan korvake UNION, GH-139, Trek - VM Sport\",\"isPartOf\":{\"@id\":\"https:\\\/\\\/vmsport.fi\\\/#website\"},\"primaryImageOfPage\":{\"@id\":\"https:\\\/\\\/vmsport.fi\\\/verkkokauppa\\\/varaosat\\\/vaihteistot\\\/takavaihtajan-korvake\\\/takavaihtajan-korvake-union-gh-139-trek\\\/#primaryimage\"},\"image\":{\"@id\":\"https:\\\/\\\/vmsport.fi\\\/verkkokauppa\\\/varaosat\\\/vaihteistot\\\/takavaihtajan-korvake\\\/takavaihtajan-korvake-union-gh-139-trek\\\/#primaryimage\"},\"thumbnailUrl\":\"https:\\\/\\\/vmsport.fi\\\/wp-content\\\/uploads\\\/2025\\\/03\\\/gh-139-1.jpg\",\"datePublished\":\"2025-03-05T22:09:00+00:00\",\"dateModified\":\"2026-01-16T11:25:53+00:00\",\"breadcrumb\":{\"@id\":\"https:\\\/\\\/vmsport.fi\\\/verkkokauppa\\\/varaosat\\\/vaihteistot\\\/takavaihtajan-korvake\\\/takavaihtajan-korvake-union-gh-139-trek\\\/#breadcrumb\"},\"inLanguage\":\"sv-SE\",\"potentialAction\":[{\"@type\":\"ReadAction\",\"target\":[\"https:\\\/\\\/vmsport.fi\\\/verkkokauppa\\\/varaosat\\\/vaihteistot\\\/takavaihtajan-korvake\\\/takavaihtajan-korvake-union-gh-139-trek\\\/\"]}]},{\"@type\":\"ImageObject\",\"inLanguage\":\"sv-SE\",\"@id\":\"https:\\\/\\\/vmsport.fi\\\/verkkokauppa\\\/varaosat\\\/vaihteistot\\\/takavaihtajan-korvake\\\/takavaihtajan-korvake-union-gh-139-trek\\\/#primaryimage\",\"url\":\"https:\\\/\\\/vmsport.fi\\\/wp-content\\\/uploads\\\/2025\\\/03\\\/gh-139-1.jpg\",\"contentUrl\":\"https:\\\/\\\/vmsport.fi\\\/wp-content\\\/uploads\\\/2025\\\/03\\\/gh-139-1.jpg\",\"width\":800,\"height\":800,\"caption\":\"gh-139\"},{\"@type\":\"BreadcrumbList\",\"@id\":\"https:\\\/\\\/vmsport.fi\\\/verkkokauppa\\\/varaosat\\\/vaihteistot\\\/takavaihtajan-korvake\\\/takavaihtajan-korvake-union-gh-139-trek\\\/#breadcrumb\",\"itemListElement\":[{\"@type\":\"ListItem\",\"position\":1,\"name\":\"Etusivu\",\"item\":\"https:\\\/\\\/vmsport.fi\\\/\"},{\"@type\":\"ListItem\",\"position\":2,\"name\":\"Online Store\",\"item\":\"https:\\\/\\\/vmsport.fi\\\/en\\\/online-store\\\/\"},{\"@type\":\"ListItem\",\"position\":3,\"name\":\"Trek polkupy\u00f6r\u00e4t\",\"item\":\"https:\\\/\\\/vmsport.fi\\\/sv\\\/merkki\\\/trek\\\/\"},{\"@type\":\"ListItem\",\"position\":4,\"name\":\"Takavaihtajan korvake UNION, GH-139, Trek\"}]},{\"@type\":\"WebSite\",\"@id\":\"https:\\\/\\\/vmsport.fi\\\/#website\",\"url\":\"https:\\\/\\\/vmsport.fi\\\/\",\"name\":\"Vmsport\",\"description\":\"Kaikki py\u00f6r\u00e4ilyyn yhdest\u00e4 paikasta\",\"publisher\":{\"@id\":\"https:\\\/\\\/vmsport.fi\\\/#organization\"},\"potentialAction\":[{\"@type\":\"SearchAction\",\"target\":{\"@type\":\"EntryPoint\",\"urlTemplate\":\"https:\\\/\\\/vmsport.fi\\\/?s={search_term_string}\"},\"query-input\":{\"@type\":\"PropertyValueSpecification\",\"valueRequired\":true,\"valueName\":\"search_term_string\"}}],\"inLanguage\":\"sv-SE\"},{\"@type\":\"Organization\",\"@id\":\"https:\\\/\\\/vmsport.fi\\\/#organization\",\"name\":\"Vmsport\",\"url\":\"https:\\\/\\\/vmsport.fi\\\/\",\"logo\":{\"@type\":\"ImageObject\",\"inLanguage\":\"sv-SE\",\"@id\":\"https:\\\/\\\/vmsport.fi\\\/#\\\/schema\\\/logo\\\/image\\\/\",\"url\":\"https:\\\/\\\/vmsport.fi\\\/wp-content\\\/uploads\\\/2024\\\/12\\\/vm_sport_RGB_horisontal-e1734526017575.png\",\"contentUrl\":\"https:\\\/\\\/vmsport.fi\\\/wp-content\\\/uploads\\\/2024\\\/12\\\/vm_sport_RGB_horisontal-e1734526017575.png\",\"width\":668,\"height\":85,\"caption\":\"Vmsport\"},\"image\":{\"@id\":\"https:\\\/\\\/vmsport.fi\\\/#\\\/schema\\\/logo\\\/image\\\/\"},\"sameAs\":[\"https:\\\/\\\/www.facebook.com\\\/Vmsport.fi\\\/\",\"https:\\\/\\\/www.instagram.com\\\/vmsport\\\/\"]}]}<\/script>\n<!-- \/ Yoast SEO plugin. -->","yoast_head_json":{"title":"Byte av bakv\u00e4xel UNION, GH-139, Trek - VM Sport","robots":{"index":"index","follow":"follow","max-snippet":"max-snippet:-1","max-image-preview":"max-image-preview:large","max-video-preview":"max-video-preview:-1"},"canonical":"https:\/\/vmsport.fi\/sv\/webbutik\/reservdelar\/vaxellador\/byte-av-bakvaxel\/byte-av-bakvaxel-union-gh-139-trek\/","og_locale":"sv_SE","og_type":"article","og_title":"Takavaihtajan korvake UNION, GH-139, Trek - VM Sport","og_description":"UNION GH-139 takavaihtajan korvake on olennainen lis\u00e4varuste polkupy\u00f6r\u00e4\u00e4n, joka on suunniteltu erityisesti Trek-py\u00f6riin. Sen kompakti muotoilu tekee siit\u00e4 huomaamattoman, mutta se tarjoaa luotettavaa tukea vaihtajalle. Kest\u00e4v\u00e4 rakenne takaa, ett\u00e4 se kest\u00e4\u00e4 voimakkaat iskut, parantaen n\u00e4in ajomukavuutta. T\u00e4m\u00e4 korvake on tarkasti valmistettu, jotta se istuu tiiviisti py\u00f6r\u00e4n runkoon. Sen helppo asennus v\u00e4hent\u00e4\u00e4 huollon tarvetta ja varmistaa [...]L\u00e4s mer \u2026 from Takavaihtajan korvake UNION, GH-139, Trek","og_url":"https:\/\/vmsport.fi\/sv\/webbutik\/reservdelar\/vaxellador\/byte-av-bakvaxel\/byte-av-bakvaxel-union-gh-139-trek\/","og_site_name":"VM Sport","article_publisher":"https:\/\/www.facebook.com\/Vmsport.fi\/","article_modified_time":"2026-01-16T11:25:53+00:00","og_image":[{"width":800,"height":800,"url":"https:\/\/vmsport.fi\/wp-content\/uploads\/2025\/03\/gh-139-1.jpg","type":"image\/jpeg"}],"twitter_card":"summary_large_image","schema":{"@context":"https:\/\/schema.org","@graph":[{"@type":["WebPage","ItemPage"],"@id":"https:\/\/vmsport.fi\/verkkokauppa\/varaosat\/vaihteistot\/takavaihtajan-korvake\/takavaihtajan-korvake-union-gh-139-trek\/","url":"https:\/\/vmsport.fi\/verkkokauppa\/varaosat\/vaihteistot\/takavaihtajan-korvake\/takavaihtajan-korvake-union-gh-139-trek\/","name":"Byte av bakv\u00e4xel UNION, GH-139, Trek - VM Sport","isPartOf":{"@id":"https:\/\/vmsport.fi\/#website"},"primaryImageOfPage":{"@id":"https:\/\/vmsport.fi\/verkkokauppa\/varaosat\/vaihteistot\/takavaihtajan-korvake\/takavaihtajan-korvake-union-gh-139-trek\/#primaryimage"},"image":{"@id":"https:\/\/vmsport.fi\/verkkokauppa\/varaosat\/vaihteistot\/takavaihtajan-korvake\/takavaihtajan-korvake-union-gh-139-trek\/#primaryimage"},"thumbnailUrl":"https:\/\/vmsport.fi\/wp-content\/uploads\/2025\/03\/gh-139-1.jpg","datePublished":"2025-03-05T22:09:00+00:00","dateModified":"2026-01-16T11:25:53+00:00","breadcrumb":{"@id":"https:\/\/vmsport.fi\/verkkokauppa\/varaosat\/vaihteistot\/takavaihtajan-korvake\/takavaihtajan-korvake-union-gh-139-trek\/#breadcrumb"},"inLanguage":"sv-SE","potentialAction":[{"@type":"ReadAction","target":["https:\/\/vmsport.fi\/verkkokauppa\/varaosat\/vaihteistot\/takavaihtajan-korvake\/takavaihtajan-korvake-union-gh-139-trek\/"]}]},{"@type":"ImageObject","inLanguage":"sv-SE","@id":"https:\/\/vmsport.fi\/verkkokauppa\/varaosat\/vaihteistot\/takavaihtajan-korvake\/takavaihtajan-korvake-union-gh-139-trek\/#primaryimage","url":"https:\/\/vmsport.fi\/wp-content\/uploads\/2025\/03\/gh-139-1.jpg","contentUrl":"https:\/\/vmsport.fi\/wp-content\/uploads\/2025\/03\/gh-139-1.jpg","width":800,"height":800,"caption":"gh-139"},{"@type":"BreadcrumbList","@id":"https:\/\/vmsport.fi\/verkkokauppa\/varaosat\/vaihteistot\/takavaihtajan-korvake\/takavaihtajan-korvake-union-gh-139-trek\/#breadcrumb","itemListElement":[{"@type":"ListItem","position":1,"name":"Etusivu","item":"https:\/\/vmsport.fi\/"},{"@type":"ListItem","position":2,"name":"Online Store","item":"https:\/\/vmsport.fi\/en\/online-store\/"},{"@type":"ListItem","position":3,"name":"Trek polkupy\u00f6r\u00e4t","item":"https:\/\/vmsport.fi\/sv\/merkki\/trek\/"},{"@type":"ListItem","position":4,"name":"Takavaihtajan korvake UNION, GH-139, Trek"}]},{"@type":"WebSite","@id":"https:\/\/vmsport.fi\/#website","url":"https:\/\/vmsport.fi\/","name":"Vmsport","description":"Allt p\u00e5 ett st\u00e4lle f\u00f6r cykling","publisher":{"@id":"https:\/\/vmsport.fi\/#organization"},"potentialAction":[{"@type":"SearchAction","target":{"@type":"EntryPoint","urlTemplate":"https:\/\/vmsport.fi\/?s={search_term_string}"},"query-input":{"@type":"PropertyValueSpecification","valueRequired":true,"valueName":"search_term_string"}}],"inLanguage":"sv-SE"},{"@type":"Organization","@id":"https:\/\/vmsport.fi\/#organization","name":"Vmsport","url":"https:\/\/vmsport.fi\/","logo":{"@type":"ImageObject","inLanguage":"sv-SE","@id":"https:\/\/vmsport.fi\/#\/schema\/logo\/image\/","url":"https:\/\/vmsport.fi\/wp-content\/uploads\/2024\/12\/vm_sport_RGB_horisontal-e1734526017575.png","contentUrl":"https:\/\/vmsport.fi\/wp-content\/uploads\/2024\/12\/vm_sport_RGB_horisontal-e1734526017575.png","width":668,"height":85,"caption":"Vmsport"},"image":{"@id":"https:\/\/vmsport.fi\/#\/schema\/logo\/image\/"},"sameAs":["https:\/\/www.facebook.com\/Vmsport.fi\/","https:\/\/www.instagram.com\/vmsport\/"]}]}},"global_unique_id":"","_links":{"self":[{"href":"https:\/\/vmsport.fi\/sv\/wp-json\/wp\/v2\/product\/55616","targetHints":{"allow":["GET"]}}],"collection":[{"href":"https:\/\/vmsport.fi\/sv\/wp-json\/wp\/v2\/product"}],"about":[{"href":"https:\/\/vmsport.fi\/sv\/wp-json\/wp\/v2\/types\/product"}],"replies":[{"embeddable":true,"href":"https:\/\/vmsport.fi\/sv\/wp-json\/wp\/v2\/comments?post=55616"}],"wp:featuredmedia":[{"embeddable":true,"href":"https:\/\/vmsport.fi\/sv\/wp-json\/wp\/v2\/media\/55615"}],"wp:attachment":[{"href":"https:\/\/vmsport.fi\/sv\/wp-json\/wp\/v2\/media?parent=55616"}],"wp:term":[{"taxonomy":"product_brand","embeddable":true,"href":"https:\/\/vmsport.fi\/sv\/wp-json\/wp\/v2\/product_brand?post=55616"},{"taxonomy":"product_model","embeddable":true,"href":"https:\/\/vmsport.fi\/sv\/wp-json\/wp\/v2\/product_model?post=55616"},{"taxonomy":"product_cat","embeddable":true,"href":"https:\/\/vmsport.fi\/sv\/wp-json\/wp\/v2\/product_cat?post=55616"},{"taxonomy":"product_tag","embeddable":true,"href":"https:\/\/vmsport.fi\/sv\/wp-json\/wp\/v2\/product_tag?post=55616"},{"taxonomy":"industry_terminology","embeddable":true,"href":"https:\/\/vmsport.fi\/sv\/wp-json\/wp\/v2\/industry-terminology?post=55616"}],"curies":[{"name":"wp","href":"https:\/\/api.w.org\/{rel}","templated":true}]}}