{"id":55614,"date":"2025-03-06T00:08:59","date_gmt":"2025-03-05T22:08:59","guid":{"rendered":"https:\/\/vmsport.fi\/verkkokauppa\/Ei-luokiteltu\/sks-takalokasuoja-mudrocker-275-29-musta\/"},"modified":"2026-03-27T02:00:26","modified_gmt":"2026-03-27T00:00:26","slug":"sks-bakre-stankskydd-mudrocker-275-29-svart","status":"publish","type":"product","link":"https:\/\/vmsport.fi\/sv\/verkkokauppa\/tarvikkeet\/lokasuojat\/takalokasuojat\/sks-takalokasuoja-mudrocker-275-29-musta\/","title":{"rendered":"SKS Bakre st\u00e4nksk\u00e4rm Mudrocker 27,5\u2033 - 29\u2033 Svart"},"content":{"rendered":"<p>SKS bakre st\u00e4nksk\u00e4rm Mudrocker \u00e4r utformad f\u00f6r 27,5-29\" hjul och ger ett effektivt skydd mot st\u00e4nk. Det \u00e4r byggt f\u00f6r att t\u00e5la storlek och \u00e4r perfekt f\u00f6r mountainbikecykling. Den aerodynamiska designen minskar luftmotst\u00e5ndet f\u00f6r att bibeh\u00e5lla en bekv\u00e4m k\u00f6rupplevelse. Den enkla monteringen g\u00f6r detta st\u00e4nkskydd till ett praktiskt val f\u00f6r alla cyklister. Den svarta f\u00e4rgen ger en sofistikerad look utan att vara alltf\u00f6r p\u00e5tr\u00e4ngande. Detta tillbeh\u00f6r f\u00f6rb\u00e4ttrar anv\u00e4ndbarheten av cykeln och ger skydd oavsett v\u00e4derf\u00f6rh\u00e5llanden.<\/p>","protected":false},"excerpt":{"rendered":"<p>SKS Takalokasuoja Mudrocker on suunniteltu 27,5\u201329 tuuman py\u00f6rille, ja se tarjoaa tehokkaan suojan roiskeilta. Kokoa kest\u00e4v\u00e4\u00e4n k\u00e4ytt\u00f6\u00f6n rakennetun rakenteen ansiosta se sopii erinomaisesti maastopy\u00f6r\u00e4ilyyn. Aerodynaaminen muotoilu v\u00e4hent\u00e4\u00e4 ilmanvastusta, jotta ajokokemus s\u00e4ilyy miellytt\u00e4v\u00e4n\u00e4. Asennuksen helppous tekee t\u00e4st\u00e4 lokasuojasta k\u00e4yt\u00e4nn\u00f6llisen valinnan kaikille py\u00f6r\u00e4ilij\u00f6ille. Musta v\u00e4ri tuo hienostuneisuutta olematta kuitenkaan liian huomiota her\u00e4tt\u00e4v\u00e4. T\u00e4m\u00e4 lis\u00e4varuste parantaa py\u00f6r\u00e4n k\u00e4ytett\u00e4vyytt\u00e4, [&#8230;]<\/p>\n<p><a class=\"btn btn-secondary understrap-read-more-link\" href=\"https:\/\/vmsport.fi\/sv\/verkkokauppa\/tarvikkeet\/lokasuojat\/takalokasuojat\/sks-takalokasuoja-mudrocker-275-29-musta\/\">L\u00e4s mer \u2026<span class=\"screen-reader-text\"> from SKS Takalokasuoja Mudrocker  27,5&#8243; &#8211; 29&#8243; Musta<\/span><\/a><\/p>\n","protected":false},"featured_media":55613,"comment_status":"open","ping_status":"closed","template":"","meta":{"_acf_changed":false,"_improvement_type_select":"improve_an_existing","_thumb_yes_seoaic":false,"_frame_yes_seoaic":false,"seoaic_generate_description":"","seoaic_improve_instructions_prompt":"","seoaic_rollback_content_improvement":"","seoaic_idea_thumbnail_generator":"","thumbnail_generated":false,"thumbnail_generate_prompt":"","seoaic_article_description":"","_supplier_stock_quantity":0},"product_brand":[1583],"product_model":[],"product_cat":[9572],"product_tag":[],"industry-terminology":[],"class_list":{"0":"post-55614","1":"product","2":"type-product","3":"status-publish","4":"has-post-thumbnail","6":"product_brand-sks-germany","7":"product_cat-takalokasuojat","9":"first","10":"instock","11":"taxable","12":"shipping-taxable","13":"purchasable","14":"product-type-simple"},"acf":{"bike_features":null,"overview":{"copy_overview":null,"key_features":null,"statement":"","youtube_url":""}},"yoast_head":"<!-- This site is optimized with the Yoast SEO plugin v27.4 - https:\/\/yoast.com\/product\/yoast-seo-wordpress\/ -->\n<title>SKS Takalokasuoja Mudrocker 27,5&quot; - 29&quot; Musta - VM Sport<\/title>\n<meta name=\"robots\" content=\"index, follow, max-snippet:-1, max-image-preview:large, max-video-preview:-1\" \/>\n<link rel=\"canonical\" href=\"https:\/\/vmsport.fi\/sv\/webbutik\/tillbehor\/stankskarmar\/bakre-stankskarmar\/sks-bakre-stankskydd-mudrocker-275-29-svart\/\" \/>\n<meta property=\"og:locale\" content=\"sv_SE\" \/>\n<meta property=\"og:type\" content=\"article\" \/>\n<meta property=\"og:title\" content=\"SKS Takalokasuoja Mudrocker 27,5&quot; - 29&quot; Musta - VM Sport\" \/>\n<meta property=\"og:description\" content=\"SKS Takalokasuoja Mudrocker on suunniteltu 27,5\u201329 tuuman py\u00f6rille, ja se tarjoaa tehokkaan suojan roiskeilta. Kokoa kest\u00e4v\u00e4\u00e4n k\u00e4ytt\u00f6\u00f6n rakennetun rakenteen ansiosta se sopii erinomaisesti maastopy\u00f6r\u00e4ilyyn. Aerodynaaminen muotoilu v\u00e4hent\u00e4\u00e4 ilmanvastusta, jotta ajokokemus s\u00e4ilyy miellytt\u00e4v\u00e4n\u00e4. Asennuksen helppous tekee t\u00e4st\u00e4 lokasuojasta k\u00e4yt\u00e4nn\u00f6llisen valinnan kaikille py\u00f6r\u00e4ilij\u00f6ille. Musta v\u00e4ri tuo hienostuneisuutta olematta kuitenkaan liian huomiota her\u00e4tt\u00e4v\u00e4. T\u00e4m\u00e4 lis\u00e4varuste parantaa py\u00f6r\u00e4n k\u00e4ytett\u00e4vyytt\u00e4, [...]L\u00e4s mer \u2026 from SKS Takalokasuoja Mudrocker 27,5&#8243; &#8211; 29&#8243; Musta\" \/>\n<meta property=\"og:url\" content=\"https:\/\/vmsport.fi\/sv\/webbutik\/tillbehor\/stankskarmar\/bakre-stankskarmar\/sks-bakre-stankskydd-mudrocker-275-29-svart\/\" \/>\n<meta property=\"og:site_name\" content=\"VM Sport\" \/>\n<meta property=\"article:publisher\" content=\"https:\/\/www.facebook.com\/Vmsport.fi\/\" \/>\n<meta property=\"article:modified_time\" content=\"2026-03-27T00:00:26+00:00\" \/>\n<meta property=\"og:image\" content=\"https:\/\/vmsport.fi\/wp-content\/uploads\/2025\/03\/SKS-Mudguard-Mudrocker-Rear-Rear-27-5-29-black-1.jpg\" \/>\n\t<meta property=\"og:image:width\" content=\"1000\" \/>\n\t<meta property=\"og:image:height\" content=\"750\" \/>\n\t<meta property=\"og:image:type\" content=\"image\/jpeg\" \/>\n<meta name=\"twitter:card\" content=\"summary_large_image\" \/>\n<script type=\"application\/ld+json\" class=\"yoast-schema-graph\">{\"@context\":\"https:\\\/\\\/schema.org\",\"@graph\":[{\"@type\":[\"WebPage\",\"ItemPage\"],\"@id\":\"https:\\\/\\\/vmsport.fi\\\/verkkokauppa\\\/tarvikkeet\\\/lokasuojat\\\/takalokasuojat\\\/sks-takalokasuoja-mudrocker-275-29-musta\\\/\",\"url\":\"https:\\\/\\\/vmsport.fi\\\/verkkokauppa\\\/tarvikkeet\\\/lokasuojat\\\/takalokasuojat\\\/sks-takalokasuoja-mudrocker-275-29-musta\\\/\",\"name\":\"SKS Takalokasuoja Mudrocker 27,5\\\" - 29\\\" Musta - VM Sport\",\"isPartOf\":{\"@id\":\"https:\\\/\\\/vmsport.fi\\\/#website\"},\"primaryImageOfPage\":{\"@id\":\"https:\\\/\\\/vmsport.fi\\\/verkkokauppa\\\/tarvikkeet\\\/lokasuojat\\\/takalokasuojat\\\/sks-takalokasuoja-mudrocker-275-29-musta\\\/#primaryimage\"},\"image\":{\"@id\":\"https:\\\/\\\/vmsport.fi\\\/verkkokauppa\\\/tarvikkeet\\\/lokasuojat\\\/takalokasuojat\\\/sks-takalokasuoja-mudrocker-275-29-musta\\\/#primaryimage\"},\"thumbnailUrl\":\"https:\\\/\\\/vmsport.fi\\\/wp-content\\\/uploads\\\/2025\\\/03\\\/SKS-Mudguard-Mudrocker-Rear-Rear-27-5-29-black-1.jpg\",\"datePublished\":\"2025-03-05T22:08:59+00:00\",\"dateModified\":\"2026-03-27T00:00:26+00:00\",\"breadcrumb\":{\"@id\":\"https:\\\/\\\/vmsport.fi\\\/verkkokauppa\\\/tarvikkeet\\\/lokasuojat\\\/takalokasuojat\\\/sks-takalokasuoja-mudrocker-275-29-musta\\\/#breadcrumb\"},\"inLanguage\":\"sv-SE\",\"potentialAction\":[{\"@type\":\"ReadAction\",\"target\":[\"https:\\\/\\\/vmsport.fi\\\/verkkokauppa\\\/tarvikkeet\\\/lokasuojat\\\/takalokasuojat\\\/sks-takalokasuoja-mudrocker-275-29-musta\\\/\"]}]},{\"@type\":\"ImageObject\",\"inLanguage\":\"sv-SE\",\"@id\":\"https:\\\/\\\/vmsport.fi\\\/verkkokauppa\\\/tarvikkeet\\\/lokasuojat\\\/takalokasuojat\\\/sks-takalokasuoja-mudrocker-275-29-musta\\\/#primaryimage\",\"url\":\"https:\\\/\\\/vmsport.fi\\\/wp-content\\\/uploads\\\/2025\\\/03\\\/SKS-Mudguard-Mudrocker-Rear-Rear-27-5-29-black-1.jpg\",\"contentUrl\":\"https:\\\/\\\/vmsport.fi\\\/wp-content\\\/uploads\\\/2025\\\/03\\\/SKS-Mudguard-Mudrocker-Rear-Rear-27-5-29-black-1.jpg\",\"width\":1000,\"height\":750,\"caption\":\"SKS-Mudguard-Mudrocker-Rear-Rear-27-5-29-black\"},{\"@type\":\"BreadcrumbList\",\"@id\":\"https:\\\/\\\/vmsport.fi\\\/verkkokauppa\\\/tarvikkeet\\\/lokasuojat\\\/takalokasuojat\\\/sks-takalokasuoja-mudrocker-275-29-musta\\\/#breadcrumb\",\"itemListElement\":[{\"@type\":\"ListItem\",\"position\":1,\"name\":\"Etusivu\",\"item\":\"https:\\\/\\\/vmsport.fi\\\/\"},{\"@type\":\"ListItem\",\"position\":2,\"name\":\"Online Store\",\"item\":\"https:\\\/\\\/vmsport.fi\\\/en\\\/online-store\\\/\"},{\"@type\":\"ListItem\",\"position\":3,\"name\":\"SKS Germany\",\"item\":\"https:\\\/\\\/vmsport.fi\\\/merkki\\\/sks-germany\\\/\"},{\"@type\":\"ListItem\",\"position\":4,\"name\":\"SKS Takalokasuoja Mudrocker 27,5&#8243; &#8211; 29&#8243; Musta\"}]},{\"@type\":\"WebSite\",\"@id\":\"https:\\\/\\\/vmsport.fi\\\/#website\",\"url\":\"https:\\\/\\\/vmsport.fi\\\/\",\"name\":\"Vmsport\",\"description\":\"Kaikki py\u00f6r\u00e4ilyyn yhdest\u00e4 paikasta\",\"publisher\":{\"@id\":\"https:\\\/\\\/vmsport.fi\\\/#organization\"},\"potentialAction\":[{\"@type\":\"SearchAction\",\"target\":{\"@type\":\"EntryPoint\",\"urlTemplate\":\"https:\\\/\\\/vmsport.fi\\\/?s={search_term_string}\"},\"query-input\":{\"@type\":\"PropertyValueSpecification\",\"valueRequired\":true,\"valueName\":\"search_term_string\"}}],\"inLanguage\":\"sv-SE\"},{\"@type\":\"Organization\",\"@id\":\"https:\\\/\\\/vmsport.fi\\\/#organization\",\"name\":\"Vmsport\",\"url\":\"https:\\\/\\\/vmsport.fi\\\/\",\"logo\":{\"@type\":\"ImageObject\",\"inLanguage\":\"sv-SE\",\"@id\":\"https:\\\/\\\/vmsport.fi\\\/#\\\/schema\\\/logo\\\/image\\\/\",\"url\":\"https:\\\/\\\/vmsport.fi\\\/wp-content\\\/uploads\\\/2024\\\/12\\\/vm_sport_RGB_horisontal-e1734526017575.png\",\"contentUrl\":\"https:\\\/\\\/vmsport.fi\\\/wp-content\\\/uploads\\\/2024\\\/12\\\/vm_sport_RGB_horisontal-e1734526017575.png\",\"width\":668,\"height\":85,\"caption\":\"Vmsport\"},\"image\":{\"@id\":\"https:\\\/\\\/vmsport.fi\\\/#\\\/schema\\\/logo\\\/image\\\/\"},\"sameAs\":[\"https:\\\/\\\/www.facebook.com\\\/Vmsport.fi\\\/\",\"https:\\\/\\\/www.instagram.com\\\/vmsport\\\/\"]}]}<\/script>\n<!-- \/ Yoast SEO plugin. -->","yoast_head_json":{"title":"SKS Bakre st\u00e4nksk\u00e4rm Mudrocker 27,5\" - 29\" Svart - VM Sport","robots":{"index":"index","follow":"follow","max-snippet":"max-snippet:-1","max-image-preview":"max-image-preview:large","max-video-preview":"max-video-preview:-1"},"canonical":"https:\/\/vmsport.fi\/sv\/webbutik\/tillbehor\/stankskarmar\/bakre-stankskarmar\/sks-bakre-stankskydd-mudrocker-275-29-svart\/","og_locale":"sv_SE","og_type":"article","og_title":"SKS Takalokasuoja Mudrocker 27,5\" - 29\" Musta - VM Sport","og_description":"SKS Takalokasuoja Mudrocker on suunniteltu 27,5\u201329 tuuman py\u00f6rille, ja se tarjoaa tehokkaan suojan roiskeilta. Kokoa kest\u00e4v\u00e4\u00e4n k\u00e4ytt\u00f6\u00f6n rakennetun rakenteen ansiosta se sopii erinomaisesti maastopy\u00f6r\u00e4ilyyn. Aerodynaaminen muotoilu v\u00e4hent\u00e4\u00e4 ilmanvastusta, jotta ajokokemus s\u00e4ilyy miellytt\u00e4v\u00e4n\u00e4. Asennuksen helppous tekee t\u00e4st\u00e4 lokasuojasta k\u00e4yt\u00e4nn\u00f6llisen valinnan kaikille py\u00f6r\u00e4ilij\u00f6ille. Musta v\u00e4ri tuo hienostuneisuutta olematta kuitenkaan liian huomiota her\u00e4tt\u00e4v\u00e4. T\u00e4m\u00e4 lis\u00e4varuste parantaa py\u00f6r\u00e4n k\u00e4ytett\u00e4vyytt\u00e4, [...]L\u00e4s mer \u2026 from SKS Takalokasuoja Mudrocker 27,5&#8243; &#8211; 29&#8243; Musta","og_url":"https:\/\/vmsport.fi\/sv\/webbutik\/tillbehor\/stankskarmar\/bakre-stankskarmar\/sks-bakre-stankskydd-mudrocker-275-29-svart\/","og_site_name":"VM Sport","article_publisher":"https:\/\/www.facebook.com\/Vmsport.fi\/","article_modified_time":"2026-03-27T00:00:26+00:00","og_image":[{"width":1000,"height":750,"url":"https:\/\/vmsport.fi\/wp-content\/uploads\/2025\/03\/SKS-Mudguard-Mudrocker-Rear-Rear-27-5-29-black-1.jpg","type":"image\/jpeg"}],"twitter_card":"summary_large_image","schema":{"@context":"https:\/\/schema.org","@graph":[{"@type":["WebPage","ItemPage"],"@id":"https:\/\/vmsport.fi\/verkkokauppa\/tarvikkeet\/lokasuojat\/takalokasuojat\/sks-takalokasuoja-mudrocker-275-29-musta\/","url":"https:\/\/vmsport.fi\/verkkokauppa\/tarvikkeet\/lokasuojat\/takalokasuojat\/sks-takalokasuoja-mudrocker-275-29-musta\/","name":"SKS Bakre st\u00e4nksk\u00e4rm Mudrocker 27,5\" - 29\" Svart - VM Sport","isPartOf":{"@id":"https:\/\/vmsport.fi\/#website"},"primaryImageOfPage":{"@id":"https:\/\/vmsport.fi\/verkkokauppa\/tarvikkeet\/lokasuojat\/takalokasuojat\/sks-takalokasuoja-mudrocker-275-29-musta\/#primaryimage"},"image":{"@id":"https:\/\/vmsport.fi\/verkkokauppa\/tarvikkeet\/lokasuojat\/takalokasuojat\/sks-takalokasuoja-mudrocker-275-29-musta\/#primaryimage"},"thumbnailUrl":"https:\/\/vmsport.fi\/wp-content\/uploads\/2025\/03\/SKS-Mudguard-Mudrocker-Rear-Rear-27-5-29-black-1.jpg","datePublished":"2025-03-05T22:08:59+00:00","dateModified":"2026-03-27T00:00:26+00:00","breadcrumb":{"@id":"https:\/\/vmsport.fi\/verkkokauppa\/tarvikkeet\/lokasuojat\/takalokasuojat\/sks-takalokasuoja-mudrocker-275-29-musta\/#breadcrumb"},"inLanguage":"sv-SE","potentialAction":[{"@type":"ReadAction","target":["https:\/\/vmsport.fi\/verkkokauppa\/tarvikkeet\/lokasuojat\/takalokasuojat\/sks-takalokasuoja-mudrocker-275-29-musta\/"]}]},{"@type":"ImageObject","inLanguage":"sv-SE","@id":"https:\/\/vmsport.fi\/verkkokauppa\/tarvikkeet\/lokasuojat\/takalokasuojat\/sks-takalokasuoja-mudrocker-275-29-musta\/#primaryimage","url":"https:\/\/vmsport.fi\/wp-content\/uploads\/2025\/03\/SKS-Mudguard-Mudrocker-Rear-Rear-27-5-29-black-1.jpg","contentUrl":"https:\/\/vmsport.fi\/wp-content\/uploads\/2025\/03\/SKS-Mudguard-Mudrocker-Rear-Rear-27-5-29-black-1.jpg","width":1000,"height":750,"caption":"SKS-Mudguard-Mudrocker-Rear-Rear-27-5-29-black"},{"@type":"BreadcrumbList","@id":"https:\/\/vmsport.fi\/verkkokauppa\/tarvikkeet\/lokasuojat\/takalokasuojat\/sks-takalokasuoja-mudrocker-275-29-musta\/#breadcrumb","itemListElement":[{"@type":"ListItem","position":1,"name":"Etusivu","item":"https:\/\/vmsport.fi\/"},{"@type":"ListItem","position":2,"name":"Online Store","item":"https:\/\/vmsport.fi\/en\/online-store\/"},{"@type":"ListItem","position":3,"name":"SKS Germany","item":"https:\/\/vmsport.fi\/merkki\/sks-germany\/"},{"@type":"ListItem","position":4,"name":"SKS Takalokasuoja Mudrocker 27,5&#8243; &#8211; 29&#8243; Musta"}]},{"@type":"WebSite","@id":"https:\/\/vmsport.fi\/#website","url":"https:\/\/vmsport.fi\/","name":"Vmsport","description":"Allt p\u00e5 ett st\u00e4lle f\u00f6r cykling","publisher":{"@id":"https:\/\/vmsport.fi\/#organization"},"potentialAction":[{"@type":"SearchAction","target":{"@type":"EntryPoint","urlTemplate":"https:\/\/vmsport.fi\/?s={search_term_string}"},"query-input":{"@type":"PropertyValueSpecification","valueRequired":true,"valueName":"search_term_string"}}],"inLanguage":"sv-SE"},{"@type":"Organization","@id":"https:\/\/vmsport.fi\/#organization","name":"Vmsport","url":"https:\/\/vmsport.fi\/","logo":{"@type":"ImageObject","inLanguage":"sv-SE","@id":"https:\/\/vmsport.fi\/#\/schema\/logo\/image\/","url":"https:\/\/vmsport.fi\/wp-content\/uploads\/2024\/12\/vm_sport_RGB_horisontal-e1734526017575.png","contentUrl":"https:\/\/vmsport.fi\/wp-content\/uploads\/2024\/12\/vm_sport_RGB_horisontal-e1734526017575.png","width":668,"height":85,"caption":"Vmsport"},"image":{"@id":"https:\/\/vmsport.fi\/#\/schema\/logo\/image\/"},"sameAs":["https:\/\/www.facebook.com\/Vmsport.fi\/","https:\/\/www.instagram.com\/vmsport\/"]}]}},"global_unique_id":"","_links":{"self":[{"href":"https:\/\/vmsport.fi\/sv\/wp-json\/wp\/v2\/product\/55614","targetHints":{"allow":["GET"]}}],"collection":[{"href":"https:\/\/vmsport.fi\/sv\/wp-json\/wp\/v2\/product"}],"about":[{"href":"https:\/\/vmsport.fi\/sv\/wp-json\/wp\/v2\/types\/product"}],"replies":[{"embeddable":true,"href":"https:\/\/vmsport.fi\/sv\/wp-json\/wp\/v2\/comments?post=55614"}],"wp:featuredmedia":[{"embeddable":true,"href":"https:\/\/vmsport.fi\/sv\/wp-json\/wp\/v2\/media\/55613"}],"wp:attachment":[{"href":"https:\/\/vmsport.fi\/sv\/wp-json\/wp\/v2\/media?parent=55614"}],"wp:term":[{"taxonomy":"product_brand","embeddable":true,"href":"https:\/\/vmsport.fi\/sv\/wp-json\/wp\/v2\/product_brand?post=55614"},{"taxonomy":"product_model","embeddable":true,"href":"https:\/\/vmsport.fi\/sv\/wp-json\/wp\/v2\/product_model?post=55614"},{"taxonomy":"product_cat","embeddable":true,"href":"https:\/\/vmsport.fi\/sv\/wp-json\/wp\/v2\/product_cat?post=55614"},{"taxonomy":"product_tag","embeddable":true,"href":"https:\/\/vmsport.fi\/sv\/wp-json\/wp\/v2\/product_tag?post=55614"},{"taxonomy":"industry_terminology","embeddable":true,"href":"https:\/\/vmsport.fi\/sv\/wp-json\/wp\/v2\/industry-terminology?post=55614"}],"curies":[{"name":"wp","href":"https:\/\/api.w.org\/{rel}","templated":true}]}}