{"id":55594,"date":"2025-03-06T00:08:46","date_gmt":"2025-03-05T22:08:46","guid":{"rendered":"https:\/\/vmsport.fi\/verkkokauppa\/Ei-luokiteltu\/sks-mudrocker-set-front-and-rear-275-29-black\/"},"modified":"2026-04-02T18:00:38","modified_gmt":"2026-04-02T15:00:38","slug":"sks-mudrocker-set-fram-och-bak-275-29-svart","status":"publish","type":"product","link":"https:\/\/vmsport.fi\/sv\/verkkokauppa\/tarvikkeet\/lokasuojat\/lokasuojasetit\/sks-mudrocker-set-front-and-rear-275-29-black\/","title":{"rendered":"SKS Mudrocker Set fram och bak 27,5\u2033 - 29\u2033 svart"},"content":{"rendered":"<p>F\u00f6r att skydda din cykel fr\u00e5n lera och vatten kan du montera SKS Mudrocker st\u00e4nksk\u00e4rmar fram och bak. Denna upps\u00e4ttning passar 27,5\" och 29\" d\u00e4ck och ger utm\u00e4rkt skydd f\u00f6r att h\u00e5lla din cykling bekv\u00e4m i alla v\u00e4der. Den snygga svarta f\u00e4rgen sm\u00e4lter s\u00f6ml\u00f6st in i din cykels \u00f6vergripande utseende. V\u00e4lj det h\u00e4r slitstarka och l\u00e4tta st\u00e4nksk\u00e4rmsetet n\u00e4r du vill njuta av nya \u00e4ventyr, oavsett v\u00e4derf\u00f6rh\u00e5llanden.<\/p>","protected":false},"excerpt":{"rendered":"<p>Asenna SKS Mudrocker -lokasuojasetti eteen ja taakse suojataksesi py\u00f6r\u00e4si mudalta ja vedelt\u00e4. T\u00e4m\u00e4 setti sopii 27,5 ja 29 tuuman renkaisiin ja tarjoaa erinomaisen suojan, jotta py\u00f6r\u00e4ily pysyy mukavana s\u00e4\u00e4ss\u00e4 kuin s\u00e4\u00e4ss\u00e4. Tyylikk\u00e4\u00e4n musta v\u00e4ritys sulautuu huomaamattomasti py\u00f6r\u00e4si kokonaisuuteen. Valitse t\u00e4m\u00e4 kest\u00e4v\u00e4 ja kevyt lokasuojasetti, kun haluat nauttia uusista seikkailuista s\u00e4\u00e4olosuhteista riippumatta. [&#8230;]<\/p>\n<p><a class=\"btn btn-secondary understrap-read-more-link\" href=\"https:\/\/vmsport.fi\/sv\/verkkokauppa\/tarvikkeet\/lokasuojat\/lokasuojasetit\/sks-mudrocker-set-front-and-rear-275-29-black\/\">L\u00e4s mer \u2026<span class=\"screen-reader-text\"> from SKS Mudrocker Setti etu ja taka 27,5&#8243; &#8211; 29&#8243; musta<\/span><\/a><\/p>\n","protected":false},"featured_media":55593,"comment_status":"open","ping_status":"closed","template":"","meta":{"_acf_changed":false,"_improvement_type_select":"improve_an_existing","_thumb_yes_seoaic":false,"_frame_yes_seoaic":false,"seoaic_generate_description":"","seoaic_improve_instructions_prompt":"","seoaic_rollback_content_improvement":"","seoaic_idea_thumbnail_generator":"","thumbnail_generated":false,"thumbnail_generate_prompt":"","seoaic_article_description":"","_supplier_stock_quantity":0},"product_brand":[1583],"product_model":[],"product_cat":[9574],"product_tag":[],"industry-terminology":[],"class_list":{"0":"post-55594","1":"product","2":"type-product","3":"status-publish","4":"has-post-thumbnail","6":"product_brand-sks-germany","7":"product_cat-lokasuojasetit","9":"first","10":"instock","11":"sale","12":"taxable","13":"shipping-taxable","14":"purchasable","15":"product-type-simple"},"acf":{"bike_features":null,"overview":{"copy_overview":null,"key_features":null,"statement":"","youtube_url":""}},"yoast_head":"<!-- This site is optimized with the Yoast SEO plugin v27.3 - https:\/\/yoast.com\/product\/yoast-seo-wordpress\/ -->\n<title>SKS Mudrocker Setti etu ja taka 27,5&quot; - 29&quot; musta - VM Sport<\/title>\n<meta name=\"robots\" content=\"index, follow, max-snippet:-1, max-image-preview:large, max-video-preview:-1\" \/>\n<link rel=\"canonical\" href=\"https:\/\/vmsport.fi\/sv\/webbutik\/tillbehor\/stankskarmar\/stankskarmsuppsattningar\/sks-mudrocker-set-fram-och-bak-275-29-svart\/\" \/>\n<meta property=\"og:locale\" content=\"sv_SE\" \/>\n<meta property=\"og:type\" content=\"article\" \/>\n<meta property=\"og:title\" content=\"SKS Mudrocker Setti etu ja taka 27,5&quot; - 29&quot; musta - VM Sport\" \/>\n<meta property=\"og:description\" content=\"Asenna SKS Mudrocker -lokasuojasetti eteen ja taakse suojataksesi py\u00f6r\u00e4si mudalta ja vedelt\u00e4. T\u00e4m\u00e4 setti sopii 27,5 ja 29 tuuman renkaisiin ja tarjoaa erinomaisen suojan, jotta py\u00f6r\u00e4ily pysyy mukavana s\u00e4\u00e4ss\u00e4 kuin s\u00e4\u00e4ss\u00e4. Tyylikk\u00e4\u00e4n musta v\u00e4ritys sulautuu huomaamattomasti py\u00f6r\u00e4si kokonaisuuteen. Valitse t\u00e4m\u00e4 kest\u00e4v\u00e4 ja kevyt lokasuojasetti, kun haluat nauttia uusista seikkailuista s\u00e4\u00e4olosuhteista riippumatta. [...]L\u00e4s mer \u2026 from SKS Mudrocker Setti etu ja taka 27,5&#8243; &#8211; 29&#8243; musta\" \/>\n<meta property=\"og:url\" content=\"https:\/\/vmsport.fi\/sv\/webbutik\/tillbehor\/stankskarmar\/stankskarmsuppsattningar\/sks-mudrocker-set-fram-och-bak-275-29-svart\/\" \/>\n<meta property=\"og:site_name\" content=\"VM Sport\" \/>\n<meta property=\"article:publisher\" content=\"https:\/\/www.facebook.com\/Vmsport.fi\/\" \/>\n<meta property=\"article:modified_time\" content=\"2026-04-02T15:00:38+00:00\" \/>\n<meta property=\"og:image\" content=\"https:\/\/vmsport.fi\/wp-content\/uploads\/2025\/03\/12017-large-1.jpg\" \/>\n\t<meta property=\"og:image:width\" content=\"1000\" \/>\n\t<meta property=\"og:image:height\" content=\"750\" \/>\n\t<meta property=\"og:image:type\" content=\"image\/jpeg\" \/>\n<meta name=\"twitter:card\" content=\"summary_large_image\" \/>\n<script type=\"application\/ld+json\" class=\"yoast-schema-graph\">{\"@context\":\"https:\\\/\\\/schema.org\",\"@graph\":[{\"@type\":[\"WebPage\",\"ItemPage\"],\"@id\":\"https:\\\/\\\/vmsport.fi\\\/verkkokauppa\\\/tarvikkeet\\\/lokasuojat\\\/lokasuojasetit\\\/sks-mudrocker-set-front-and-rear-275-29-black\\\/\",\"url\":\"https:\\\/\\\/vmsport.fi\\\/verkkokauppa\\\/tarvikkeet\\\/lokasuojat\\\/lokasuojasetit\\\/sks-mudrocker-set-front-and-rear-275-29-black\\\/\",\"name\":\"SKS Mudrocker Setti etu ja taka 27,5\\\" - 29\\\" musta - VM Sport\",\"isPartOf\":{\"@id\":\"https:\\\/\\\/vmsport.fi\\\/#website\"},\"primaryImageOfPage\":{\"@id\":\"https:\\\/\\\/vmsport.fi\\\/verkkokauppa\\\/tarvikkeet\\\/lokasuojat\\\/lokasuojasetit\\\/sks-mudrocker-set-front-and-rear-275-29-black\\\/#primaryimage\"},\"image\":{\"@id\":\"https:\\\/\\\/vmsport.fi\\\/verkkokauppa\\\/tarvikkeet\\\/lokasuojat\\\/lokasuojasetit\\\/sks-mudrocker-set-front-and-rear-275-29-black\\\/#primaryimage\"},\"thumbnailUrl\":\"https:\\\/\\\/vmsport.fi\\\/wp-content\\\/uploads\\\/2025\\\/03\\\/12017-large-1.jpg\",\"datePublished\":\"2025-03-05T22:08:46+00:00\",\"dateModified\":\"2026-04-02T15:00:38+00:00\",\"breadcrumb\":{\"@id\":\"https:\\\/\\\/vmsport.fi\\\/verkkokauppa\\\/tarvikkeet\\\/lokasuojat\\\/lokasuojasetit\\\/sks-mudrocker-set-front-and-rear-275-29-black\\\/#breadcrumb\"},\"inLanguage\":\"sv-SE\",\"potentialAction\":[{\"@type\":\"ReadAction\",\"target\":[\"https:\\\/\\\/vmsport.fi\\\/verkkokauppa\\\/tarvikkeet\\\/lokasuojat\\\/lokasuojasetit\\\/sks-mudrocker-set-front-and-rear-275-29-black\\\/\"]}]},{\"@type\":\"ImageObject\",\"inLanguage\":\"sv-SE\",\"@id\":\"https:\\\/\\\/vmsport.fi\\\/verkkokauppa\\\/tarvikkeet\\\/lokasuojat\\\/lokasuojasetit\\\/sks-mudrocker-set-front-and-rear-275-29-black\\\/#primaryimage\",\"url\":\"https:\\\/\\\/vmsport.fi\\\/wp-content\\\/uploads\\\/2025\\\/03\\\/12017-large-1.jpg\",\"contentUrl\":\"https:\\\/\\\/vmsport.fi\\\/wp-content\\\/uploads\\\/2025\\\/03\\\/12017-large-1.jpg\",\"width\":1000,\"height\":750,\"caption\":\"12017-large\"},{\"@type\":\"BreadcrumbList\",\"@id\":\"https:\\\/\\\/vmsport.fi\\\/verkkokauppa\\\/tarvikkeet\\\/lokasuojat\\\/lokasuojasetit\\\/sks-mudrocker-set-front-and-rear-275-29-black\\\/#breadcrumb\",\"itemListElement\":[{\"@type\":\"ListItem\",\"position\":1,\"name\":\"Etusivu\",\"item\":\"https:\\\/\\\/vmsport.fi\\\/\"},{\"@type\":\"ListItem\",\"position\":2,\"name\":\"Online Store\",\"item\":\"https:\\\/\\\/vmsport.fi\\\/en\\\/online-store\\\/\"},{\"@type\":\"ListItem\",\"position\":3,\"name\":\"SKS Germany\",\"item\":\"https:\\\/\\\/vmsport.fi\\\/merkki\\\/sks-germany\\\/\"},{\"@type\":\"ListItem\",\"position\":4,\"name\":\"SKS Mudrocker Setti etu ja taka 27,5&#8243; &#8211; 29&#8243; musta\"}]},{\"@type\":\"WebSite\",\"@id\":\"https:\\\/\\\/vmsport.fi\\\/#website\",\"url\":\"https:\\\/\\\/vmsport.fi\\\/\",\"name\":\"Vmsport\",\"description\":\"Kaikki py\u00f6r\u00e4ilyyn yhdest\u00e4 paikasta\",\"publisher\":{\"@id\":\"https:\\\/\\\/vmsport.fi\\\/#organization\"},\"potentialAction\":[{\"@type\":\"SearchAction\",\"target\":{\"@type\":\"EntryPoint\",\"urlTemplate\":\"https:\\\/\\\/vmsport.fi\\\/?s={search_term_string}\"},\"query-input\":{\"@type\":\"PropertyValueSpecification\",\"valueRequired\":true,\"valueName\":\"search_term_string\"}}],\"inLanguage\":\"sv-SE\"},{\"@type\":\"Organization\",\"@id\":\"https:\\\/\\\/vmsport.fi\\\/#organization\",\"name\":\"Vmsport\",\"url\":\"https:\\\/\\\/vmsport.fi\\\/\",\"logo\":{\"@type\":\"ImageObject\",\"inLanguage\":\"sv-SE\",\"@id\":\"https:\\\/\\\/vmsport.fi\\\/#\\\/schema\\\/logo\\\/image\\\/\",\"url\":\"https:\\\/\\\/vmsport.fi\\\/wp-content\\\/uploads\\\/2024\\\/12\\\/vm_sport_RGB_horisontal-e1734526017575.png\",\"contentUrl\":\"https:\\\/\\\/vmsport.fi\\\/wp-content\\\/uploads\\\/2024\\\/12\\\/vm_sport_RGB_horisontal-e1734526017575.png\",\"width\":668,\"height\":85,\"caption\":\"Vmsport\"},\"image\":{\"@id\":\"https:\\\/\\\/vmsport.fi\\\/#\\\/schema\\\/logo\\\/image\\\/\"},\"sameAs\":[\"https:\\\/\\\/www.facebook.com\\\/Vmsport.fi\\\/\",\"https:\\\/\\\/www.instagram.com\\\/vmsport\\\/\"]}]}<\/script>\n<!-- \/ Yoast SEO plugin. -->","yoast_head_json":{"title":"SKS Mudrocker Set fram och bak 27,5\" - 29\" svart - VM Sport","robots":{"index":"index","follow":"follow","max-snippet":"max-snippet:-1","max-image-preview":"max-image-preview:large","max-video-preview":"max-video-preview:-1"},"canonical":"https:\/\/vmsport.fi\/sv\/webbutik\/tillbehor\/stankskarmar\/stankskarmsuppsattningar\/sks-mudrocker-set-fram-och-bak-275-29-svart\/","og_locale":"sv_SE","og_type":"article","og_title":"SKS Mudrocker Setti etu ja taka 27,5\" - 29\" musta - VM Sport","og_description":"Asenna SKS Mudrocker -lokasuojasetti eteen ja taakse suojataksesi py\u00f6r\u00e4si mudalta ja vedelt\u00e4. T\u00e4m\u00e4 setti sopii 27,5 ja 29 tuuman renkaisiin ja tarjoaa erinomaisen suojan, jotta py\u00f6r\u00e4ily pysyy mukavana s\u00e4\u00e4ss\u00e4 kuin s\u00e4\u00e4ss\u00e4. Tyylikk\u00e4\u00e4n musta v\u00e4ritys sulautuu huomaamattomasti py\u00f6r\u00e4si kokonaisuuteen. Valitse t\u00e4m\u00e4 kest\u00e4v\u00e4 ja kevyt lokasuojasetti, kun haluat nauttia uusista seikkailuista s\u00e4\u00e4olosuhteista riippumatta. [...]L\u00e4s mer \u2026 from SKS Mudrocker Setti etu ja taka 27,5&#8243; &#8211; 29&#8243; musta","og_url":"https:\/\/vmsport.fi\/sv\/webbutik\/tillbehor\/stankskarmar\/stankskarmsuppsattningar\/sks-mudrocker-set-fram-och-bak-275-29-svart\/","og_site_name":"VM Sport","article_publisher":"https:\/\/www.facebook.com\/Vmsport.fi\/","article_modified_time":"2026-04-02T15:00:38+00:00","og_image":[{"width":1000,"height":750,"url":"https:\/\/vmsport.fi\/wp-content\/uploads\/2025\/03\/12017-large-1.jpg","type":"image\/jpeg"}],"twitter_card":"summary_large_image","schema":{"@context":"https:\/\/schema.org","@graph":[{"@type":["WebPage","ItemPage"],"@id":"https:\/\/vmsport.fi\/verkkokauppa\/tarvikkeet\/lokasuojat\/lokasuojasetit\/sks-mudrocker-set-front-and-rear-275-29-black\/","url":"https:\/\/vmsport.fi\/verkkokauppa\/tarvikkeet\/lokasuojat\/lokasuojasetit\/sks-mudrocker-set-front-and-rear-275-29-black\/","name":"SKS Mudrocker Set fram och bak 27,5\" - 29\" svart - VM Sport","isPartOf":{"@id":"https:\/\/vmsport.fi\/#website"},"primaryImageOfPage":{"@id":"https:\/\/vmsport.fi\/verkkokauppa\/tarvikkeet\/lokasuojat\/lokasuojasetit\/sks-mudrocker-set-front-and-rear-275-29-black\/#primaryimage"},"image":{"@id":"https:\/\/vmsport.fi\/verkkokauppa\/tarvikkeet\/lokasuojat\/lokasuojasetit\/sks-mudrocker-set-front-and-rear-275-29-black\/#primaryimage"},"thumbnailUrl":"https:\/\/vmsport.fi\/wp-content\/uploads\/2025\/03\/12017-large-1.jpg","datePublished":"2025-03-05T22:08:46+00:00","dateModified":"2026-04-02T15:00:38+00:00","breadcrumb":{"@id":"https:\/\/vmsport.fi\/verkkokauppa\/tarvikkeet\/lokasuojat\/lokasuojasetit\/sks-mudrocker-set-front-and-rear-275-29-black\/#breadcrumb"},"inLanguage":"sv-SE","potentialAction":[{"@type":"ReadAction","target":["https:\/\/vmsport.fi\/verkkokauppa\/tarvikkeet\/lokasuojat\/lokasuojasetit\/sks-mudrocker-set-front-and-rear-275-29-black\/"]}]},{"@type":"ImageObject","inLanguage":"sv-SE","@id":"https:\/\/vmsport.fi\/verkkokauppa\/tarvikkeet\/lokasuojat\/lokasuojasetit\/sks-mudrocker-set-front-and-rear-275-29-black\/#primaryimage","url":"https:\/\/vmsport.fi\/wp-content\/uploads\/2025\/03\/12017-large-1.jpg","contentUrl":"https:\/\/vmsport.fi\/wp-content\/uploads\/2025\/03\/12017-large-1.jpg","width":1000,"height":750,"caption":"12017-large"},{"@type":"BreadcrumbList","@id":"https:\/\/vmsport.fi\/verkkokauppa\/tarvikkeet\/lokasuojat\/lokasuojasetit\/sks-mudrocker-set-front-and-rear-275-29-black\/#breadcrumb","itemListElement":[{"@type":"ListItem","position":1,"name":"Etusivu","item":"https:\/\/vmsport.fi\/"},{"@type":"ListItem","position":2,"name":"Online Store","item":"https:\/\/vmsport.fi\/en\/online-store\/"},{"@type":"ListItem","position":3,"name":"SKS Germany","item":"https:\/\/vmsport.fi\/merkki\/sks-germany\/"},{"@type":"ListItem","position":4,"name":"SKS Mudrocker Setti etu ja taka 27,5&#8243; &#8211; 29&#8243; musta"}]},{"@type":"WebSite","@id":"https:\/\/vmsport.fi\/#website","url":"https:\/\/vmsport.fi\/","name":"Vmsport","description":"Allt p\u00e5 ett st\u00e4lle f\u00f6r cykling","publisher":{"@id":"https:\/\/vmsport.fi\/#organization"},"potentialAction":[{"@type":"SearchAction","target":{"@type":"EntryPoint","urlTemplate":"https:\/\/vmsport.fi\/?s={search_term_string}"},"query-input":{"@type":"PropertyValueSpecification","valueRequired":true,"valueName":"search_term_string"}}],"inLanguage":"sv-SE"},{"@type":"Organization","@id":"https:\/\/vmsport.fi\/#organization","name":"Vmsport","url":"https:\/\/vmsport.fi\/","logo":{"@type":"ImageObject","inLanguage":"sv-SE","@id":"https:\/\/vmsport.fi\/#\/schema\/logo\/image\/","url":"https:\/\/vmsport.fi\/wp-content\/uploads\/2024\/12\/vm_sport_RGB_horisontal-e1734526017575.png","contentUrl":"https:\/\/vmsport.fi\/wp-content\/uploads\/2024\/12\/vm_sport_RGB_horisontal-e1734526017575.png","width":668,"height":85,"caption":"Vmsport"},"image":{"@id":"https:\/\/vmsport.fi\/#\/schema\/logo\/image\/"},"sameAs":["https:\/\/www.facebook.com\/Vmsport.fi\/","https:\/\/www.instagram.com\/vmsport\/"]}]}},"global_unique_id":"","_links":{"self":[{"href":"https:\/\/vmsport.fi\/sv\/wp-json\/wp\/v2\/product\/55594","targetHints":{"allow":["GET"]}}],"collection":[{"href":"https:\/\/vmsport.fi\/sv\/wp-json\/wp\/v2\/product"}],"about":[{"href":"https:\/\/vmsport.fi\/sv\/wp-json\/wp\/v2\/types\/product"}],"replies":[{"embeddable":true,"href":"https:\/\/vmsport.fi\/sv\/wp-json\/wp\/v2\/comments?post=55594"}],"wp:featuredmedia":[{"embeddable":true,"href":"https:\/\/vmsport.fi\/sv\/wp-json\/wp\/v2\/media\/55593"}],"wp:attachment":[{"href":"https:\/\/vmsport.fi\/sv\/wp-json\/wp\/v2\/media?parent=55594"}],"wp:term":[{"taxonomy":"product_brand","embeddable":true,"href":"https:\/\/vmsport.fi\/sv\/wp-json\/wp\/v2\/product_brand?post=55594"},{"taxonomy":"product_model","embeddable":true,"href":"https:\/\/vmsport.fi\/sv\/wp-json\/wp\/v2\/product_model?post=55594"},{"taxonomy":"product_cat","embeddable":true,"href":"https:\/\/vmsport.fi\/sv\/wp-json\/wp\/v2\/product_cat?post=55594"},{"taxonomy":"product_tag","embeddable":true,"href":"https:\/\/vmsport.fi\/sv\/wp-json\/wp\/v2\/product_tag?post=55594"},{"taxonomy":"industry_terminology","embeddable":true,"href":"https:\/\/vmsport.fi\/sv\/wp-json\/wp\/v2\/industry-terminology?post=55594"}],"curies":[{"name":"wp","href":"https:\/\/api.w.org\/{rel}","templated":true}]}}