{"id":55586,"date":"2025-03-06T00:08:43","date_gmt":"2025-03-05T22:08:43","guid":{"rendered":"https:\/\/vmsport.fi\/verkkokauppa\/Ei-luokiteltu\/shimano-cues-takavaihtaja-rd-u4020-9v\/"},"modified":"2026-01-16T13:22:33","modified_gmt":"2026-01-16T11:22:33","slug":"shimano-cues-bakvaxel-rd-u4020-9v","status":"publish","type":"product","link":"https:\/\/vmsport.fi\/sv\/verkkokauppa\/varaosat\/vaihteistot\/takavaihtajat\/shimano-cues-takavaihtaja-rd-u4020-9v\/","title":{"rendered":"SHIMANO CUES Bakv\u00e4xel RD-U4020 9v"},"content":{"rendered":"<p>Shimano CUES bakv\u00e4xel RD-U4020 9-v \u00e4r idealisk f\u00f6r stads-, touring- och mountainbikes och \u00e4r utformad f\u00f6r att passa b\u00e5de konventionella och elektriska cyklar. Denna 2\u00d79-v\u00e4xlade modell med Linkglide-v\u00e4xell\u00e5da ing\u00e5r i CUES U4000-serien. Den \u00e4r kompatibel med Shimanos 9-v\u00e4xlade MTB- och HG 11-v\u00e4xlade kedjor. Shadow RD-designen minskar riskerna med hinder, vilket g\u00f6r den till ett utm\u00e4rkt val f\u00f6r kr\u00e4vande cykling. V\u00e4xlingen \u00e4r mjuk och stabil, vilket ger en bekv\u00e4m k\u00f6rupplevelse.<\/p>\n<p>E-bike-klassad bakv\u00e4xel som klarar kraven fr\u00e5n elcyklar och ger l\u00e5ngvarig prestanda. Fluorbelagda sv\u00e4ngbussningar ger h\u00e5llbarhet och tillf\u00f6rlitlig drift. Konstruktionen av bakv\u00e4xeln, som anv\u00e4nds med standardv\u00e4xlar, ger en total kapacitet p\u00e5 41 t\u00e4nder och \u00e4r kompatibel med v\u00e4xlar med upp till 36 och ner till 11 t\u00e4nder. Det rekommenderade maximala mellanrummet mellan framt\u00e4nderna \u00e4r 16. V\u00e4xeln \u00e4r tillverkad av en h\u00e5llbar kombination av st\u00e5l och polyamid-glasfiberkomposit, vilket skapar en balans mellan h\u00e5llbarhet och l\u00e4tthet.<\/p>","protected":false},"excerpt":{"rendered":"<p>Shimano CUES-takavaihtaja RD-U4020 9-v sopii mainiosti kaupunki-, retki- ja maastopy\u00f6riin, ja se on suunniteltu sopimaan sek\u00e4 tavallisiin ett\u00e4 s\u00e4hk\u00f6py\u00f6riin. T\u00e4m\u00e4 2&#215;9-vaihteinen Linkglide-vaihteistolla varustettu malli kuuluu CUES U4000 -sarjaan. Se on yhteensopiva Shimanon 9-vaihteisten MTB- ja HG 11-vaihteisten ketjujen kanssa. Shadow RD -muotoilu v\u00e4hent\u00e4\u00e4 vaaratilanteita esteiden kanssa, tehden siit\u00e4 loistavan valinnan vaativaan ajoon. Vaihteenvaihto on sujuvaa [&#8230;]<\/p>\n<p><a class=\"btn btn-secondary understrap-read-more-link\" href=\"https:\/\/vmsport.fi\/sv\/verkkokauppa\/varaosat\/vaihteistot\/takavaihtajat\/shimano-cues-takavaihtaja-rd-u4020-9v\/\">L\u00e4s mer \u2026<span class=\"screen-reader-text\"> from SHIMANO CUES Takavaihtaja RD-U4020 9v<\/span><\/a><\/p>\n","protected":false},"featured_media":55585,"comment_status":"open","ping_status":"closed","template":"","meta":{"_acf_changed":false,"_improvement_type_select":"improve_an_existing","_thumb_yes_seoaic":false,"_frame_yes_seoaic":false,"seoaic_generate_description":"","seoaic_improve_instructions_prompt":"","seoaic_rollback_content_improvement":"","seoaic_idea_thumbnail_generator":"","thumbnail_generated":false,"thumbnail_generate_prompt":"","seoaic_article_description":"","_supplier_stock_quantity":0},"product_brand":[],"product_model":[],"product_cat":[9390],"product_tag":[],"industry-terminology":[],"class_list":{"0":"post-55586","1":"product","2":"type-product","3":"status-publish","4":"has-post-thumbnail","6":"product_cat-takavaihtajat","8":"first","9":"instock","10":"taxable","11":"shipping-taxable","12":"purchasable","13":"product-type-simple"},"acf":{"bike_features":null,"overview":{"copy_overview":null,"key_features":null,"statement":"","youtube_url":""}},"yoast_head":"<!-- This site is optimized with the Yoast SEO plugin v27.3 - https:\/\/yoast.com\/product\/yoast-seo-wordpress\/ -->\n<title>SHIMANO CUES Takavaihtaja RD-U4020 9v - VM Sport<\/title>\n<meta name=\"robots\" content=\"index, follow, max-snippet:-1, max-image-preview:large, max-video-preview:-1\" \/>\n<link rel=\"canonical\" href=\"https:\/\/vmsport.fi\/sv\/webbutik\/reservdelar\/vaxellador\/bakre-vaxlar\/shimano-cues-bakvaxel-rd-u4020-9v\/\" \/>\n<meta property=\"og:locale\" content=\"sv_SE\" \/>\n<meta property=\"og:type\" content=\"article\" \/>\n<meta property=\"og:title\" content=\"SHIMANO CUES Takavaihtaja RD-U4020 9v - VM Sport\" \/>\n<meta property=\"og:description\" content=\"Shimano CUES-takavaihtaja RD-U4020 9-v sopii mainiosti kaupunki-, retki- ja maastopy\u00f6riin, ja se on suunniteltu sopimaan sek\u00e4 tavallisiin ett\u00e4 s\u00e4hk\u00f6py\u00f6riin. T\u00e4m\u00e4 2&#215;9-vaihteinen Linkglide-vaihteistolla varustettu malli kuuluu CUES U4000 -sarjaan. Se on yhteensopiva Shimanon 9-vaihteisten MTB- ja HG 11-vaihteisten ketjujen kanssa. Shadow RD -muotoilu v\u00e4hent\u00e4\u00e4 vaaratilanteita esteiden kanssa, tehden siit\u00e4 loistavan valinnan vaativaan ajoon. Vaihteenvaihto on sujuvaa [...]L\u00e4s mer \u2026 from SHIMANO CUES Takavaihtaja RD-U4020 9v\" \/>\n<meta property=\"og:url\" content=\"https:\/\/vmsport.fi\/sv\/webbutik\/reservdelar\/vaxellador\/bakre-vaxlar\/shimano-cues-bakvaxel-rd-u4020-9v\/\" \/>\n<meta property=\"og:site_name\" content=\"VM Sport\" \/>\n<meta property=\"article:publisher\" content=\"https:\/\/www.facebook.com\/Vmsport.fi\/\" \/>\n<meta property=\"article:modified_time\" content=\"2026-01-16T11:22:33+00:00\" \/>\n<meta property=\"og:image\" content=\"https:\/\/vmsport.fi\/wp-content\/uploads\/2025\/03\/RD-U4020-shic219-primary-1-jpg-thumb-572-572-1.png\" \/>\n\t<meta property=\"og:image:width\" content=\"572\" \/>\n\t<meta property=\"og:image:height\" content=\"572\" \/>\n\t<meta property=\"og:image:type\" content=\"image\/png\" \/>\n<meta name=\"twitter:card\" content=\"summary_large_image\" \/>\n<meta name=\"twitter:label1\" content=\"Ber\u00e4knad l\u00e4stid\" \/>\n\t<meta name=\"twitter:data1\" content=\"1 minut\" \/>\n<script type=\"application\/ld+json\" class=\"yoast-schema-graph\">{\"@context\":\"https:\\\/\\\/schema.org\",\"@graph\":[{\"@type\":[\"WebPage\",\"ItemPage\"],\"@id\":\"https:\\\/\\\/vmsport.fi\\\/verkkokauppa\\\/varaosat\\\/vaihteistot\\\/takavaihtajat\\\/shimano-cues-takavaihtaja-rd-u4020-9v\\\/\",\"url\":\"https:\\\/\\\/vmsport.fi\\\/verkkokauppa\\\/varaosat\\\/vaihteistot\\\/takavaihtajat\\\/shimano-cues-takavaihtaja-rd-u4020-9v\\\/\",\"name\":\"SHIMANO CUES Takavaihtaja RD-U4020 9v - VM Sport\",\"isPartOf\":{\"@id\":\"https:\\\/\\\/vmsport.fi\\\/#website\"},\"primaryImageOfPage\":{\"@id\":\"https:\\\/\\\/vmsport.fi\\\/verkkokauppa\\\/varaosat\\\/vaihteistot\\\/takavaihtajat\\\/shimano-cues-takavaihtaja-rd-u4020-9v\\\/#primaryimage\"},\"image\":{\"@id\":\"https:\\\/\\\/vmsport.fi\\\/verkkokauppa\\\/varaosat\\\/vaihteistot\\\/takavaihtajat\\\/shimano-cues-takavaihtaja-rd-u4020-9v\\\/#primaryimage\"},\"thumbnailUrl\":\"https:\\\/\\\/vmsport.fi\\\/wp-content\\\/uploads\\\/2025\\\/03\\\/RD-U4020-shic219-primary-1-jpg-thumb-572-572-1.png\",\"datePublished\":\"2025-03-05T22:08:43+00:00\",\"dateModified\":\"2026-01-16T11:22:33+00:00\",\"breadcrumb\":{\"@id\":\"https:\\\/\\\/vmsport.fi\\\/verkkokauppa\\\/varaosat\\\/vaihteistot\\\/takavaihtajat\\\/shimano-cues-takavaihtaja-rd-u4020-9v\\\/#breadcrumb\"},\"inLanguage\":\"sv-SE\",\"potentialAction\":[{\"@type\":\"ReadAction\",\"target\":[\"https:\\\/\\\/vmsport.fi\\\/verkkokauppa\\\/varaosat\\\/vaihteistot\\\/takavaihtajat\\\/shimano-cues-takavaihtaja-rd-u4020-9v\\\/\"]}]},{\"@type\":\"ImageObject\",\"inLanguage\":\"sv-SE\",\"@id\":\"https:\\\/\\\/vmsport.fi\\\/verkkokauppa\\\/varaosat\\\/vaihteistot\\\/takavaihtajat\\\/shimano-cues-takavaihtaja-rd-u4020-9v\\\/#primaryimage\",\"url\":\"https:\\\/\\\/vmsport.fi\\\/wp-content\\\/uploads\\\/2025\\\/03\\\/RD-U4020-shic219-primary-1-jpg-thumb-572-572-1.png\",\"contentUrl\":\"https:\\\/\\\/vmsport.fi\\\/wp-content\\\/uploads\\\/2025\\\/03\\\/RD-U4020-shic219-primary-1-jpg-thumb-572-572-1.png\",\"width\":572,\"height\":572,\"caption\":\"RD-U4020-shic219-primary-1-jpg-thumb-572-572\"},{\"@type\":\"BreadcrumbList\",\"@id\":\"https:\\\/\\\/vmsport.fi\\\/verkkokauppa\\\/varaosat\\\/vaihteistot\\\/takavaihtajat\\\/shimano-cues-takavaihtaja-rd-u4020-9v\\\/#breadcrumb\",\"itemListElement\":[{\"@type\":\"ListItem\",\"position\":1,\"name\":\"Etusivu\",\"item\":\"https:\\\/\\\/vmsport.fi\\\/\"},{\"@type\":\"ListItem\",\"position\":2,\"name\":\"Online Store\",\"item\":\"https:\\\/\\\/vmsport.fi\\\/en\\\/online-store\\\/\"},{\"@type\":\"ListItem\",\"position\":3,\"name\":\"SHIMANO CUES Takavaihtaja RD-U4020 9v\"}]},{\"@type\":\"WebSite\",\"@id\":\"https:\\\/\\\/vmsport.fi\\\/#website\",\"url\":\"https:\\\/\\\/vmsport.fi\\\/\",\"name\":\"Vmsport\",\"description\":\"Kaikki py\u00f6r\u00e4ilyyn yhdest\u00e4 paikasta\",\"publisher\":{\"@id\":\"https:\\\/\\\/vmsport.fi\\\/#organization\"},\"potentialAction\":[{\"@type\":\"SearchAction\",\"target\":{\"@type\":\"EntryPoint\",\"urlTemplate\":\"https:\\\/\\\/vmsport.fi\\\/?s={search_term_string}\"},\"query-input\":{\"@type\":\"PropertyValueSpecification\",\"valueRequired\":true,\"valueName\":\"search_term_string\"}}],\"inLanguage\":\"sv-SE\"},{\"@type\":\"Organization\",\"@id\":\"https:\\\/\\\/vmsport.fi\\\/#organization\",\"name\":\"Vmsport\",\"url\":\"https:\\\/\\\/vmsport.fi\\\/\",\"logo\":{\"@type\":\"ImageObject\",\"inLanguage\":\"sv-SE\",\"@id\":\"https:\\\/\\\/vmsport.fi\\\/#\\\/schema\\\/logo\\\/image\\\/\",\"url\":\"https:\\\/\\\/vmsport.fi\\\/wp-content\\\/uploads\\\/2024\\\/12\\\/vm_sport_RGB_horisontal-e1734526017575.png\",\"contentUrl\":\"https:\\\/\\\/vmsport.fi\\\/wp-content\\\/uploads\\\/2024\\\/12\\\/vm_sport_RGB_horisontal-e1734526017575.png\",\"width\":668,\"height\":85,\"caption\":\"Vmsport\"},\"image\":{\"@id\":\"https:\\\/\\\/vmsport.fi\\\/#\\\/schema\\\/logo\\\/image\\\/\"},\"sameAs\":[\"https:\\\/\\\/www.facebook.com\\\/Vmsport.fi\\\/\",\"https:\\\/\\\/www.instagram.com\\\/vmsport\\\/\"]}]}<\/script>\n<!-- \/ Yoast SEO plugin. -->","yoast_head_json":{"title":"SHIMANO CUES Bakv\u00e4xel RD-U4020 9v - VM Sport","robots":{"index":"index","follow":"follow","max-snippet":"max-snippet:-1","max-image-preview":"max-image-preview:large","max-video-preview":"max-video-preview:-1"},"canonical":"https:\/\/vmsport.fi\/sv\/webbutik\/reservdelar\/vaxellador\/bakre-vaxlar\/shimano-cues-bakvaxel-rd-u4020-9v\/","og_locale":"sv_SE","og_type":"article","og_title":"SHIMANO CUES Takavaihtaja RD-U4020 9v - VM Sport","og_description":"Shimano CUES-takavaihtaja RD-U4020 9-v sopii mainiosti kaupunki-, retki- ja maastopy\u00f6riin, ja se on suunniteltu sopimaan sek\u00e4 tavallisiin ett\u00e4 s\u00e4hk\u00f6py\u00f6riin. T\u00e4m\u00e4 2&#215;9-vaihteinen Linkglide-vaihteistolla varustettu malli kuuluu CUES U4000 -sarjaan. Se on yhteensopiva Shimanon 9-vaihteisten MTB- ja HG 11-vaihteisten ketjujen kanssa. Shadow RD -muotoilu v\u00e4hent\u00e4\u00e4 vaaratilanteita esteiden kanssa, tehden siit\u00e4 loistavan valinnan vaativaan ajoon. Vaihteenvaihto on sujuvaa [...]L\u00e4s mer \u2026 from SHIMANO CUES Takavaihtaja RD-U4020 9v","og_url":"https:\/\/vmsport.fi\/sv\/webbutik\/reservdelar\/vaxellador\/bakre-vaxlar\/shimano-cues-bakvaxel-rd-u4020-9v\/","og_site_name":"VM Sport","article_publisher":"https:\/\/www.facebook.com\/Vmsport.fi\/","article_modified_time":"2026-01-16T11:22:33+00:00","og_image":[{"width":572,"height":572,"url":"https:\/\/vmsport.fi\/wp-content\/uploads\/2025\/03\/RD-U4020-shic219-primary-1-jpg-thumb-572-572-1.png","type":"image\/png"}],"twitter_card":"summary_large_image","twitter_misc":{"Ber\u00e4knad l\u00e4stid":"1 minut"},"schema":{"@context":"https:\/\/schema.org","@graph":[{"@type":["WebPage","ItemPage"],"@id":"https:\/\/vmsport.fi\/verkkokauppa\/varaosat\/vaihteistot\/takavaihtajat\/shimano-cues-takavaihtaja-rd-u4020-9v\/","url":"https:\/\/vmsport.fi\/verkkokauppa\/varaosat\/vaihteistot\/takavaihtajat\/shimano-cues-takavaihtaja-rd-u4020-9v\/","name":"SHIMANO CUES Bakv\u00e4xel RD-U4020 9v - VM Sport","isPartOf":{"@id":"https:\/\/vmsport.fi\/#website"},"primaryImageOfPage":{"@id":"https:\/\/vmsport.fi\/verkkokauppa\/varaosat\/vaihteistot\/takavaihtajat\/shimano-cues-takavaihtaja-rd-u4020-9v\/#primaryimage"},"image":{"@id":"https:\/\/vmsport.fi\/verkkokauppa\/varaosat\/vaihteistot\/takavaihtajat\/shimano-cues-takavaihtaja-rd-u4020-9v\/#primaryimage"},"thumbnailUrl":"https:\/\/vmsport.fi\/wp-content\/uploads\/2025\/03\/RD-U4020-shic219-primary-1-jpg-thumb-572-572-1.png","datePublished":"2025-03-05T22:08:43+00:00","dateModified":"2026-01-16T11:22:33+00:00","breadcrumb":{"@id":"https:\/\/vmsport.fi\/verkkokauppa\/varaosat\/vaihteistot\/takavaihtajat\/shimano-cues-takavaihtaja-rd-u4020-9v\/#breadcrumb"},"inLanguage":"sv-SE","potentialAction":[{"@type":"ReadAction","target":["https:\/\/vmsport.fi\/verkkokauppa\/varaosat\/vaihteistot\/takavaihtajat\/shimano-cues-takavaihtaja-rd-u4020-9v\/"]}]},{"@type":"ImageObject","inLanguage":"sv-SE","@id":"https:\/\/vmsport.fi\/verkkokauppa\/varaosat\/vaihteistot\/takavaihtajat\/shimano-cues-takavaihtaja-rd-u4020-9v\/#primaryimage","url":"https:\/\/vmsport.fi\/wp-content\/uploads\/2025\/03\/RD-U4020-shic219-primary-1-jpg-thumb-572-572-1.png","contentUrl":"https:\/\/vmsport.fi\/wp-content\/uploads\/2025\/03\/RD-U4020-shic219-primary-1-jpg-thumb-572-572-1.png","width":572,"height":572,"caption":"RD-U4020-shic219-primary-1-jpg-thumb-572-572"},{"@type":"BreadcrumbList","@id":"https:\/\/vmsport.fi\/verkkokauppa\/varaosat\/vaihteistot\/takavaihtajat\/shimano-cues-takavaihtaja-rd-u4020-9v\/#breadcrumb","itemListElement":[{"@type":"ListItem","position":1,"name":"Etusivu","item":"https:\/\/vmsport.fi\/"},{"@type":"ListItem","position":2,"name":"Online Store","item":"https:\/\/vmsport.fi\/en\/online-store\/"},{"@type":"ListItem","position":3,"name":"SHIMANO CUES Takavaihtaja RD-U4020 9v"}]},{"@type":"WebSite","@id":"https:\/\/vmsport.fi\/#website","url":"https:\/\/vmsport.fi\/","name":"Vmsport","description":"Allt p\u00e5 ett st\u00e4lle f\u00f6r cykling","publisher":{"@id":"https:\/\/vmsport.fi\/#organization"},"potentialAction":[{"@type":"SearchAction","target":{"@type":"EntryPoint","urlTemplate":"https:\/\/vmsport.fi\/?s={search_term_string}"},"query-input":{"@type":"PropertyValueSpecification","valueRequired":true,"valueName":"search_term_string"}}],"inLanguage":"sv-SE"},{"@type":"Organization","@id":"https:\/\/vmsport.fi\/#organization","name":"Vmsport","url":"https:\/\/vmsport.fi\/","logo":{"@type":"ImageObject","inLanguage":"sv-SE","@id":"https:\/\/vmsport.fi\/#\/schema\/logo\/image\/","url":"https:\/\/vmsport.fi\/wp-content\/uploads\/2024\/12\/vm_sport_RGB_horisontal-e1734526017575.png","contentUrl":"https:\/\/vmsport.fi\/wp-content\/uploads\/2024\/12\/vm_sport_RGB_horisontal-e1734526017575.png","width":668,"height":85,"caption":"Vmsport"},"image":{"@id":"https:\/\/vmsport.fi\/#\/schema\/logo\/image\/"},"sameAs":["https:\/\/www.facebook.com\/Vmsport.fi\/","https:\/\/www.instagram.com\/vmsport\/"]}]}},"global_unique_id":"","_links":{"self":[{"href":"https:\/\/vmsport.fi\/sv\/wp-json\/wp\/v2\/product\/55586","targetHints":{"allow":["GET"]}}],"collection":[{"href":"https:\/\/vmsport.fi\/sv\/wp-json\/wp\/v2\/product"}],"about":[{"href":"https:\/\/vmsport.fi\/sv\/wp-json\/wp\/v2\/types\/product"}],"replies":[{"embeddable":true,"href":"https:\/\/vmsport.fi\/sv\/wp-json\/wp\/v2\/comments?post=55586"}],"wp:featuredmedia":[{"embeddable":true,"href":"https:\/\/vmsport.fi\/sv\/wp-json\/wp\/v2\/media\/55585"}],"wp:attachment":[{"href":"https:\/\/vmsport.fi\/sv\/wp-json\/wp\/v2\/media?parent=55586"}],"wp:term":[{"taxonomy":"product_brand","embeddable":true,"href":"https:\/\/vmsport.fi\/sv\/wp-json\/wp\/v2\/product_brand?post=55586"},{"taxonomy":"product_model","embeddable":true,"href":"https:\/\/vmsport.fi\/sv\/wp-json\/wp\/v2\/product_model?post=55586"},{"taxonomy":"product_cat","embeddable":true,"href":"https:\/\/vmsport.fi\/sv\/wp-json\/wp\/v2\/product_cat?post=55586"},{"taxonomy":"product_tag","embeddable":true,"href":"https:\/\/vmsport.fi\/sv\/wp-json\/wp\/v2\/product_tag?post=55586"},{"taxonomy":"industry_terminology","embeddable":true,"href":"https:\/\/vmsport.fi\/sv\/wp-json\/wp\/v2\/industry-terminology?post=55586"}],"curies":[{"name":"wp","href":"https:\/\/api.w.org\/{rel}","templated":true}]}}