{"id":55584,"date":"2025-03-06T00:08:42","date_gmt":"2025-03-05T22:08:42","guid":{"rendered":"https:\/\/vmsport.fi\/verkkokauppa\/Ei-luokiteltu\/bontrager-perf-line-handlebar-tape-set-black\/"},"modified":"2026-01-16T13:23:14","modified_gmt":"2026-01-16T11:23:14","slug":"bontrager-perf-line-styrtejpssats-svart","status":"publish","type":"product","link":"https:\/\/vmsport.fi\/sv\/verkkokauppa\/varaosat\/ohjaamo\/gripit\/bontrager-perf-line-handlebar-tape-set-black\/","title":{"rendered":"Bontrager Perf Line styrtejpssats, svart"},"content":{"rendered":"<p>Bontrager Perf Line styrtejpsset i svart erbjuder en bra kombination av stil och funktionalitet. Tejpdesignen \u00f6kar greppet och komforten, vilket ger ett fast grepp n\u00e4r du cyklar. Med l\u00e5ng livsl\u00e4ngd \u00e4r det ett utm\u00e4rkt val f\u00f6r cyklister som v\u00e4rdes\u00e4tter prestanda och l\u00e5ng livsl\u00e4ngd. L\u00e4tt att montera, s\u00e5 att du snabbt och enkelt kan anpassa din cykel efter dina behov. Den snygga svarta f\u00e4rgen ger cykeln ett klassiskt och elegant utseende och passar ett brett utbud av cykelstilar och modeller. Det perfekta tillbeh\u00f6ret f\u00f6r cyklister som vill f\u00f6rb\u00e4ttra styrets funktionalitet och utseende.<\/p>","protected":false},"excerpt":{"rendered":"<p>Bontrager Perf Line -ohjaustangon teippisetti mustassa v\u00e4riss\u00e4 tarjoaa erinomaisen yhdistelm\u00e4n tyyli\u00e4 ja k\u00e4yt\u00e4nn\u00f6llisyytt\u00e4. Teipin suunnittelu lis\u00e4\u00e4 otteen pit\u00e4vyytt\u00e4 ja mukavuutta, mik\u00e4 varmistaa tukevan otteen py\u00f6r\u00e4illess\u00e4. Kest\u00e4\u00e4 pitk\u00e4\u00e4n, joten se on loistava valinta py\u00f6r\u00e4ilij\u00f6ille, jotka arvostavat suorituskyky\u00e4 ja pitk\u00e4ik\u00e4isyytt\u00e4. Helppo asentaa, mik\u00e4 mahdollistaa nopean ja vaivattoman polkupy\u00f6r\u00e4n muokkaamisen omien tarpeiden mukaan. Tyylik\u00e4s musta s\u00e4vy antaa py\u00f6r\u00e4lle [&#8230;]<\/p>\n<p><a class=\"btn btn-secondary understrap-read-more-link\" href=\"https:\/\/vmsport.fi\/sv\/verkkokauppa\/varaosat\/ohjaamo\/gripit\/bontrager-perf-line-handlebar-tape-set-black\/\">L\u00e4s mer \u2026<span class=\"screen-reader-text\"> from Bontrager Perf Line Handlebar Tape Set, Black<\/span><\/a><\/p>\n","protected":false},"featured_media":55583,"comment_status":"open","ping_status":"closed","template":"","meta":{"_acf_changed":false,"_improvement_type_select":"improve_an_existing","_thumb_yes_seoaic":false,"_frame_yes_seoaic":false,"seoaic_generate_description":"","seoaic_improve_instructions_prompt":"","seoaic_rollback_content_improvement":"","seoaic_idea_thumbnail_generator":"","thumbnail_generated":false,"thumbnail_generate_prompt":"","seoaic_article_description":"","_supplier_stock_quantity":0},"product_brand":[],"product_model":[],"product_cat":[9292],"product_tag":[],"industry-terminology":[],"class_list":{"0":"post-55584","1":"product","2":"type-product","3":"status-publish","4":"has-post-thumbnail","6":"product_cat-gripit","8":"first","9":"outofstock","10":"taxable","11":"shipping-taxable","12":"product-type-simple"},"acf":{"bike_features":null,"overview":{"copy_overview":null,"key_features":null,"statement":"","youtube_url":""}},"yoast_head":"<!-- This site is optimized with the Yoast SEO plugin v27.3 - https:\/\/yoast.com\/product\/yoast-seo-wordpress\/ -->\n<title>Bontrager Perf Line Handlebar Tape Set, Black - VM Sport<\/title>\n<meta name=\"robots\" content=\"index, follow, max-snippet:-1, max-image-preview:large, max-video-preview:-1\" \/>\n<link rel=\"canonical\" href=\"https:\/\/vmsport.fi\/sv\/webbutik\/reservdelar\/taxi\/grepp\/bontrager-perf-line-styrtejpssats-svart\/\" \/>\n<meta property=\"og:locale\" content=\"sv_SE\" \/>\n<meta property=\"og:type\" content=\"article\" \/>\n<meta property=\"og:title\" content=\"Bontrager Perf Line Handlebar Tape Set, Black - VM Sport\" \/>\n<meta property=\"og:description\" content=\"Bontrager Perf Line -ohjaustangon teippisetti mustassa v\u00e4riss\u00e4 tarjoaa erinomaisen yhdistelm\u00e4n tyyli\u00e4 ja k\u00e4yt\u00e4nn\u00f6llisyytt\u00e4. Teipin suunnittelu lis\u00e4\u00e4 otteen pit\u00e4vyytt\u00e4 ja mukavuutta, mik\u00e4 varmistaa tukevan otteen py\u00f6r\u00e4illess\u00e4. Kest\u00e4\u00e4 pitk\u00e4\u00e4n, joten se on loistava valinta py\u00f6r\u00e4ilij\u00f6ille, jotka arvostavat suorituskyky\u00e4 ja pitk\u00e4ik\u00e4isyytt\u00e4. Helppo asentaa, mik\u00e4 mahdollistaa nopean ja vaivattoman polkupy\u00f6r\u00e4n muokkaamisen omien tarpeiden mukaan. Tyylik\u00e4s musta s\u00e4vy antaa py\u00f6r\u00e4lle [...]L\u00e4s mer \u2026 from Bontrager Perf Line Handlebar Tape Set, Black\" \/>\n<meta property=\"og:url\" content=\"https:\/\/vmsport.fi\/sv\/webbutik\/reservdelar\/taxi\/grepp\/bontrager-perf-line-styrtejpssats-svart\/\" \/>\n<meta property=\"og:site_name\" content=\"VM Sport\" \/>\n<meta property=\"article:publisher\" content=\"https:\/\/www.facebook.com\/Vmsport.fi\/\" \/>\n<meta property=\"article:modified_time\" content=\"2026-01-16T11:23:14+00:00\" \/>\n<meta property=\"og:image\" content=\"https:\/\/vmsport.fi\/wp-content\/uploads\/2025\/03\/601842803424-1-1.jpg\" \/>\n\t<meta property=\"og:image:width\" content=\"520\" \/>\n\t<meta property=\"og:image:height\" content=\"340\" \/>\n\t<meta property=\"og:image:type\" content=\"image\/jpeg\" \/>\n<meta name=\"twitter:card\" content=\"summary_large_image\" \/>\n<meta name=\"twitter:label1\" content=\"Ber\u00e4knad l\u00e4stid\" \/>\n\t<meta name=\"twitter:data1\" content=\"1 minut\" \/>\n<script type=\"application\/ld+json\" class=\"yoast-schema-graph\">{\"@context\":\"https:\\\/\\\/schema.org\",\"@graph\":[{\"@type\":[\"WebPage\",\"ItemPage\"],\"@id\":\"https:\\\/\\\/vmsport.fi\\\/verkkokauppa\\\/varaosat\\\/ohjaamo\\\/gripit\\\/bontrager-perf-line-handlebar-tape-set-black\\\/\",\"url\":\"https:\\\/\\\/vmsport.fi\\\/verkkokauppa\\\/varaosat\\\/ohjaamo\\\/gripit\\\/bontrager-perf-line-handlebar-tape-set-black\\\/\",\"name\":\"Bontrager Perf Line Handlebar Tape Set, Black - VM Sport\",\"isPartOf\":{\"@id\":\"https:\\\/\\\/vmsport.fi\\\/#website\"},\"primaryImageOfPage\":{\"@id\":\"https:\\\/\\\/vmsport.fi\\\/verkkokauppa\\\/varaosat\\\/ohjaamo\\\/gripit\\\/bontrager-perf-line-handlebar-tape-set-black\\\/#primaryimage\"},\"image\":{\"@id\":\"https:\\\/\\\/vmsport.fi\\\/verkkokauppa\\\/varaosat\\\/ohjaamo\\\/gripit\\\/bontrager-perf-line-handlebar-tape-set-black\\\/#primaryimage\"},\"thumbnailUrl\":\"https:\\\/\\\/vmsport.fi\\\/wp-content\\\/uploads\\\/2025\\\/03\\\/601842803424-1-1.jpg\",\"datePublished\":\"2025-03-05T22:08:42+00:00\",\"dateModified\":\"2026-01-16T11:23:14+00:00\",\"breadcrumb\":{\"@id\":\"https:\\\/\\\/vmsport.fi\\\/verkkokauppa\\\/varaosat\\\/ohjaamo\\\/gripit\\\/bontrager-perf-line-handlebar-tape-set-black\\\/#breadcrumb\"},\"inLanguage\":\"sv-SE\",\"potentialAction\":[{\"@type\":\"ReadAction\",\"target\":[\"https:\\\/\\\/vmsport.fi\\\/verkkokauppa\\\/varaosat\\\/ohjaamo\\\/gripit\\\/bontrager-perf-line-handlebar-tape-set-black\\\/\"]}]},{\"@type\":\"ImageObject\",\"inLanguage\":\"sv-SE\",\"@id\":\"https:\\\/\\\/vmsport.fi\\\/verkkokauppa\\\/varaosat\\\/ohjaamo\\\/gripit\\\/bontrager-perf-line-handlebar-tape-set-black\\\/#primaryimage\",\"url\":\"https:\\\/\\\/vmsport.fi\\\/wp-content\\\/uploads\\\/2025\\\/03\\\/601842803424-1-1.jpg\",\"contentUrl\":\"https:\\\/\\\/vmsport.fi\\\/wp-content\\\/uploads\\\/2025\\\/03\\\/601842803424-1-1.jpg\",\"width\":520,\"height\":340,\"caption\":\"601842803424-1\"},{\"@type\":\"BreadcrumbList\",\"@id\":\"https:\\\/\\\/vmsport.fi\\\/verkkokauppa\\\/varaosat\\\/ohjaamo\\\/gripit\\\/bontrager-perf-line-handlebar-tape-set-black\\\/#breadcrumb\",\"itemListElement\":[{\"@type\":\"ListItem\",\"position\":1,\"name\":\"Etusivu\",\"item\":\"https:\\\/\\\/vmsport.fi\\\/\"},{\"@type\":\"ListItem\",\"position\":2,\"name\":\"Online Store\",\"item\":\"https:\\\/\\\/vmsport.fi\\\/en\\\/online-store\\\/\"},{\"@type\":\"ListItem\",\"position\":3,\"name\":\"Bontrager Perf Line Handlebar Tape Set, Black\"}]},{\"@type\":\"WebSite\",\"@id\":\"https:\\\/\\\/vmsport.fi\\\/#website\",\"url\":\"https:\\\/\\\/vmsport.fi\\\/\",\"name\":\"Vmsport\",\"description\":\"Kaikki py\u00f6r\u00e4ilyyn yhdest\u00e4 paikasta\",\"publisher\":{\"@id\":\"https:\\\/\\\/vmsport.fi\\\/#organization\"},\"potentialAction\":[{\"@type\":\"SearchAction\",\"target\":{\"@type\":\"EntryPoint\",\"urlTemplate\":\"https:\\\/\\\/vmsport.fi\\\/?s={search_term_string}\"},\"query-input\":{\"@type\":\"PropertyValueSpecification\",\"valueRequired\":true,\"valueName\":\"search_term_string\"}}],\"inLanguage\":\"sv-SE\"},{\"@type\":\"Organization\",\"@id\":\"https:\\\/\\\/vmsport.fi\\\/#organization\",\"name\":\"Vmsport\",\"url\":\"https:\\\/\\\/vmsport.fi\\\/\",\"logo\":{\"@type\":\"ImageObject\",\"inLanguage\":\"sv-SE\",\"@id\":\"https:\\\/\\\/vmsport.fi\\\/#\\\/schema\\\/logo\\\/image\\\/\",\"url\":\"https:\\\/\\\/vmsport.fi\\\/wp-content\\\/uploads\\\/2024\\\/12\\\/vm_sport_RGB_horisontal-e1734526017575.png\",\"contentUrl\":\"https:\\\/\\\/vmsport.fi\\\/wp-content\\\/uploads\\\/2024\\\/12\\\/vm_sport_RGB_horisontal-e1734526017575.png\",\"width\":668,\"height\":85,\"caption\":\"Vmsport\"},\"image\":{\"@id\":\"https:\\\/\\\/vmsport.fi\\\/#\\\/schema\\\/logo\\\/image\\\/\"},\"sameAs\":[\"https:\\\/\\\/www.facebook.com\\\/Vmsport.fi\\\/\",\"https:\\\/\\\/www.instagram.com\\\/vmsport\\\/\"]}]}<\/script>\n<!-- \/ Yoast SEO plugin. -->","yoast_head_json":{"title":"Bontrager Perf Line styrbandssats, svart - VM Sport","robots":{"index":"index","follow":"follow","max-snippet":"max-snippet:-1","max-image-preview":"max-image-preview:large","max-video-preview":"max-video-preview:-1"},"canonical":"https:\/\/vmsport.fi\/sv\/webbutik\/reservdelar\/taxi\/grepp\/bontrager-perf-line-styrtejpssats-svart\/","og_locale":"sv_SE","og_type":"article","og_title":"Bontrager Perf Line Handlebar Tape Set, Black - VM Sport","og_description":"Bontrager Perf Line -ohjaustangon teippisetti mustassa v\u00e4riss\u00e4 tarjoaa erinomaisen yhdistelm\u00e4n tyyli\u00e4 ja k\u00e4yt\u00e4nn\u00f6llisyytt\u00e4. Teipin suunnittelu lis\u00e4\u00e4 otteen pit\u00e4vyytt\u00e4 ja mukavuutta, mik\u00e4 varmistaa tukevan otteen py\u00f6r\u00e4illess\u00e4. Kest\u00e4\u00e4 pitk\u00e4\u00e4n, joten se on loistava valinta py\u00f6r\u00e4ilij\u00f6ille, jotka arvostavat suorituskyky\u00e4 ja pitk\u00e4ik\u00e4isyytt\u00e4. Helppo asentaa, mik\u00e4 mahdollistaa nopean ja vaivattoman polkupy\u00f6r\u00e4n muokkaamisen omien tarpeiden mukaan. Tyylik\u00e4s musta s\u00e4vy antaa py\u00f6r\u00e4lle [...]L\u00e4s mer \u2026 from Bontrager Perf Line Handlebar Tape Set, Black","og_url":"https:\/\/vmsport.fi\/sv\/webbutik\/reservdelar\/taxi\/grepp\/bontrager-perf-line-styrtejpssats-svart\/","og_site_name":"VM Sport","article_publisher":"https:\/\/www.facebook.com\/Vmsport.fi\/","article_modified_time":"2026-01-16T11:23:14+00:00","og_image":[{"width":520,"height":340,"url":"https:\/\/vmsport.fi\/wp-content\/uploads\/2025\/03\/601842803424-1-1.jpg","type":"image\/jpeg"}],"twitter_card":"summary_large_image","twitter_misc":{"Ber\u00e4knad l\u00e4stid":"1 minut"},"schema":{"@context":"https:\/\/schema.org","@graph":[{"@type":["WebPage","ItemPage"],"@id":"https:\/\/vmsport.fi\/verkkokauppa\/varaosat\/ohjaamo\/gripit\/bontrager-perf-line-handlebar-tape-set-black\/","url":"https:\/\/vmsport.fi\/verkkokauppa\/varaosat\/ohjaamo\/gripit\/bontrager-perf-line-handlebar-tape-set-black\/","name":"Bontrager Perf Line styrbandssats, svart - VM Sport","isPartOf":{"@id":"https:\/\/vmsport.fi\/#website"},"primaryImageOfPage":{"@id":"https:\/\/vmsport.fi\/verkkokauppa\/varaosat\/ohjaamo\/gripit\/bontrager-perf-line-handlebar-tape-set-black\/#primaryimage"},"image":{"@id":"https:\/\/vmsport.fi\/verkkokauppa\/varaosat\/ohjaamo\/gripit\/bontrager-perf-line-handlebar-tape-set-black\/#primaryimage"},"thumbnailUrl":"https:\/\/vmsport.fi\/wp-content\/uploads\/2025\/03\/601842803424-1-1.jpg","datePublished":"2025-03-05T22:08:42+00:00","dateModified":"2026-01-16T11:23:14+00:00","breadcrumb":{"@id":"https:\/\/vmsport.fi\/verkkokauppa\/varaosat\/ohjaamo\/gripit\/bontrager-perf-line-handlebar-tape-set-black\/#breadcrumb"},"inLanguage":"sv-SE","potentialAction":[{"@type":"ReadAction","target":["https:\/\/vmsport.fi\/verkkokauppa\/varaosat\/ohjaamo\/gripit\/bontrager-perf-line-handlebar-tape-set-black\/"]}]},{"@type":"ImageObject","inLanguage":"sv-SE","@id":"https:\/\/vmsport.fi\/verkkokauppa\/varaosat\/ohjaamo\/gripit\/bontrager-perf-line-handlebar-tape-set-black\/#primaryimage","url":"https:\/\/vmsport.fi\/wp-content\/uploads\/2025\/03\/601842803424-1-1.jpg","contentUrl":"https:\/\/vmsport.fi\/wp-content\/uploads\/2025\/03\/601842803424-1-1.jpg","width":520,"height":340,"caption":"601842803424-1"},{"@type":"BreadcrumbList","@id":"https:\/\/vmsport.fi\/verkkokauppa\/varaosat\/ohjaamo\/gripit\/bontrager-perf-line-handlebar-tape-set-black\/#breadcrumb","itemListElement":[{"@type":"ListItem","position":1,"name":"Etusivu","item":"https:\/\/vmsport.fi\/"},{"@type":"ListItem","position":2,"name":"Online Store","item":"https:\/\/vmsport.fi\/en\/online-store\/"},{"@type":"ListItem","position":3,"name":"Bontrager Perf Line Handlebar Tape Set, Black"}]},{"@type":"WebSite","@id":"https:\/\/vmsport.fi\/#website","url":"https:\/\/vmsport.fi\/","name":"Vmsport","description":"Allt p\u00e5 ett st\u00e4lle f\u00f6r cykling","publisher":{"@id":"https:\/\/vmsport.fi\/#organization"},"potentialAction":[{"@type":"SearchAction","target":{"@type":"EntryPoint","urlTemplate":"https:\/\/vmsport.fi\/?s={search_term_string}"},"query-input":{"@type":"PropertyValueSpecification","valueRequired":true,"valueName":"search_term_string"}}],"inLanguage":"sv-SE"},{"@type":"Organization","@id":"https:\/\/vmsport.fi\/#organization","name":"Vmsport","url":"https:\/\/vmsport.fi\/","logo":{"@type":"ImageObject","inLanguage":"sv-SE","@id":"https:\/\/vmsport.fi\/#\/schema\/logo\/image\/","url":"https:\/\/vmsport.fi\/wp-content\/uploads\/2024\/12\/vm_sport_RGB_horisontal-e1734526017575.png","contentUrl":"https:\/\/vmsport.fi\/wp-content\/uploads\/2024\/12\/vm_sport_RGB_horisontal-e1734526017575.png","width":668,"height":85,"caption":"Vmsport"},"image":{"@id":"https:\/\/vmsport.fi\/#\/schema\/logo\/image\/"},"sameAs":["https:\/\/www.facebook.com\/Vmsport.fi\/","https:\/\/www.instagram.com\/vmsport\/"]}]}},"global_unique_id":"","_links":{"self":[{"href":"https:\/\/vmsport.fi\/sv\/wp-json\/wp\/v2\/product\/55584","targetHints":{"allow":["GET"]}}],"collection":[{"href":"https:\/\/vmsport.fi\/sv\/wp-json\/wp\/v2\/product"}],"about":[{"href":"https:\/\/vmsport.fi\/sv\/wp-json\/wp\/v2\/types\/product"}],"replies":[{"embeddable":true,"href":"https:\/\/vmsport.fi\/sv\/wp-json\/wp\/v2\/comments?post=55584"}],"wp:featuredmedia":[{"embeddable":true,"href":"https:\/\/vmsport.fi\/sv\/wp-json\/wp\/v2\/media\/55583"}],"wp:attachment":[{"href":"https:\/\/vmsport.fi\/sv\/wp-json\/wp\/v2\/media?parent=55584"}],"wp:term":[{"taxonomy":"product_brand","embeddable":true,"href":"https:\/\/vmsport.fi\/sv\/wp-json\/wp\/v2\/product_brand?post=55584"},{"taxonomy":"product_model","embeddable":true,"href":"https:\/\/vmsport.fi\/sv\/wp-json\/wp\/v2\/product_model?post=55584"},{"taxonomy":"product_cat","embeddable":true,"href":"https:\/\/vmsport.fi\/sv\/wp-json\/wp\/v2\/product_cat?post=55584"},{"taxonomy":"product_tag","embeddable":true,"href":"https:\/\/vmsport.fi\/sv\/wp-json\/wp\/v2\/product_tag?post=55584"},{"taxonomy":"industry_terminology","embeddable":true,"href":"https:\/\/vmsport.fi\/sv\/wp-json\/wp\/v2\/industry-terminology?post=55584"}],"curies":[{"name":"wp","href":"https:\/\/api.w.org\/{rel}","templated":true}]}}