{"id":55582,"date":"2025-03-06T00:08:41","date_gmt":"2025-03-05T22:08:41","guid":{"rendered":"https:\/\/vmsport.fi\/verkkokauppa\/Ei-luokiteltu\/paikkarasia-tiptop-tt01\/"},"modified":"2026-01-16T13:25:08","modified_gmt":"2026-01-16T11:25:08","slug":"paikkarasia-tiptop-tt01","status":"publish","type":"product","link":"https:\/\/vmsport.fi\/sv\/verkkokauppa\/renkaat\/sisarenkaat\/paikkarasia-tiptop-tt01\/","title":{"rendered":"Fastighetsbox TIPTOP, TT01"},"content":{"rendered":"<p>Paikkarasia TIPTOP, TT01 on monipuolinen ja luotettava paikkaussarja, joka on suunniteltu vastaamaan erilaisia paikkaustarpeita. Tuotteen valmistuksessa on noudatettu korkeita laatustandardeja, mik\u00e4 varmistaa sen pitk\u00e4ik\u00e4isen suorituskyvyn ja luotettavan k\u00e4yt\u00f6n. K\u00e4ytt\u00e4j\u00e4yst\u00e4v\u00e4llinen muotoilu tekee siit\u00e4 helppok\u00e4ytt\u00f6isen ja tehokkaan. T\u00e4m\u00e4 paikkaussarja soveltuu erinomaisesti muun muassa renkaiden ja sis\u00e4kumien korjaukseen.<\/p>","protected":false},"excerpt":{"rendered":"<p>Paikkarasia TIPTOP, TT01 on monipuolinen ja luotettava paikkaussarja, joka on suunniteltu vastaamaan erilaisia paikkaustarpeita. Tuotteen valmistuksessa on noudatettu korkeita laatustandardeja, mik\u00e4 varmistaa sen pitk\u00e4ik\u00e4isen suorituskyvyn ja luotettavan k\u00e4yt\u00f6n. K\u00e4ytt\u00e4j\u00e4yst\u00e4v\u00e4llinen muotoilu tekee siit\u00e4 helppok\u00e4ytt\u00f6isen ja tehokkaan. T\u00e4m\u00e4 paikkaussarja soveltuu erinomaisesti muun muassa renkaiden ja sis\u00e4kumien korjaukseen. [&#8230;]<\/p>\n<p><a class=\"btn btn-secondary understrap-read-more-link\" href=\"https:\/\/vmsport.fi\/sv\/verkkokauppa\/renkaat\/sisarenkaat\/paikkarasia-tiptop-tt01\/\">L\u00e4s mer \u2026<span class=\"screen-reader-text\"> from Paikkarasia TIPTOP, TT01<\/span><\/a><\/p>\n","protected":false},"featured_media":55581,"comment_status":"open","ping_status":"closed","template":"","meta":{"_acf_changed":false,"_improvement_type_select":"improve_an_existing","_thumb_yes_seoaic":false,"_frame_yes_seoaic":false,"seoaic_generate_description":"","seoaic_improve_instructions_prompt":"","seoaic_rollback_content_improvement":"","seoaic_idea_thumbnail_generator":"","thumbnail_generated":false,"thumbnail_generate_prompt":"","seoaic_article_description":"","_supplier_stock_quantity":0},"product_brand":[],"product_model":[],"product_cat":[9312],"product_tag":[],"industry-terminology":[],"class_list":{"0":"post-55582","1":"product","2":"type-product","3":"status-publish","4":"has-post-thumbnail","6":"product_cat-sisarenkaat","8":"first","9":"outofstock","10":"taxable","11":"shipping-taxable","12":"product-type-simple"},"acf":{"bike_features":null,"overview":{"copy_overview":null,"key_features":null,"statement":"","youtube_url":""}},"yoast_head":"<!-- This site is optimized with the Yoast SEO plugin v27.3 - https:\/\/yoast.com\/product\/yoast-seo-wordpress\/ -->\n<title>Paikkarasia TIPTOP, TT01 - VM Sport<\/title>\n<meta name=\"robots\" content=\"index, follow, max-snippet:-1, max-image-preview:large, max-video-preview:-1\" \/>\n<link rel=\"canonical\" href=\"https:\/\/vmsport.fi\/sv\/webbutik\/dack\/systerdack\/paikkarasia-tiptop-tt01\/\" \/>\n<meta property=\"og:locale\" content=\"sv_SE\" \/>\n<meta property=\"og:type\" content=\"article\" \/>\n<meta property=\"og:title\" content=\"Paikkarasia TIPTOP, TT01 - VM Sport\" \/>\n<meta property=\"og:description\" content=\"Paikkarasia TIPTOP, TT01 on monipuolinen ja luotettava paikkaussarja, joka on suunniteltu vastaamaan erilaisia paikkaustarpeita. Tuotteen valmistuksessa on noudatettu korkeita laatustandardeja, mik\u00e4 varmistaa sen pitk\u00e4ik\u00e4isen suorituskyvyn ja luotettavan k\u00e4yt\u00f6n. K\u00e4ytt\u00e4j\u00e4yst\u00e4v\u00e4llinen muotoilu tekee siit\u00e4 helppok\u00e4ytt\u00f6isen ja tehokkaan. T\u00e4m\u00e4 paikkaussarja soveltuu erinomaisesti muun muassa renkaiden ja sis\u00e4kumien korjaukseen. [...]L\u00e4s mer \u2026 from Paikkarasia TIPTOP, TT01\" \/>\n<meta property=\"og:url\" content=\"https:\/\/vmsport.fi\/sv\/webbutik\/dack\/systerdack\/paikkarasia-tiptop-tt01\/\" \/>\n<meta property=\"og:site_name\" content=\"VM Sport\" \/>\n<meta property=\"article:publisher\" content=\"https:\/\/www.facebook.com\/Vmsport.fi\/\" \/>\n<meta property=\"article:modified_time\" content=\"2026-01-16T11:25:08+00:00\" \/>\n<meta property=\"og:image\" content=\"https:\/\/vmsport.fi\/wp-content\/uploads\/2025\/03\/60780-1.jpg\" \/>\n\t<meta property=\"og:image:width\" content=\"800\" \/>\n\t<meta property=\"og:image:height\" content=\"800\" \/>\n\t<meta property=\"og:image:type\" content=\"image\/jpeg\" \/>\n<meta name=\"twitter:card\" content=\"summary_large_image\" \/>\n<script type=\"application\/ld+json\" class=\"yoast-schema-graph\">{\"@context\":\"https:\\\/\\\/schema.org\",\"@graph\":[{\"@type\":[\"WebPage\",\"ItemPage\"],\"@id\":\"https:\\\/\\\/vmsport.fi\\\/verkkokauppa\\\/renkaat\\\/sisarenkaat\\\/paikkarasia-tiptop-tt01\\\/\",\"url\":\"https:\\\/\\\/vmsport.fi\\\/verkkokauppa\\\/renkaat\\\/sisarenkaat\\\/paikkarasia-tiptop-tt01\\\/\",\"name\":\"Paikkarasia TIPTOP, TT01 - VM Sport\",\"isPartOf\":{\"@id\":\"https:\\\/\\\/vmsport.fi\\\/#website\"},\"primaryImageOfPage\":{\"@id\":\"https:\\\/\\\/vmsport.fi\\\/verkkokauppa\\\/renkaat\\\/sisarenkaat\\\/paikkarasia-tiptop-tt01\\\/#primaryimage\"},\"image\":{\"@id\":\"https:\\\/\\\/vmsport.fi\\\/verkkokauppa\\\/renkaat\\\/sisarenkaat\\\/paikkarasia-tiptop-tt01\\\/#primaryimage\"},\"thumbnailUrl\":\"https:\\\/\\\/vmsport.fi\\\/wp-content\\\/uploads\\\/2025\\\/03\\\/60780-1.jpg\",\"datePublished\":\"2025-03-05T22:08:41+00:00\",\"dateModified\":\"2026-01-16T11:25:08+00:00\",\"breadcrumb\":{\"@id\":\"https:\\\/\\\/vmsport.fi\\\/verkkokauppa\\\/renkaat\\\/sisarenkaat\\\/paikkarasia-tiptop-tt01\\\/#breadcrumb\"},\"inLanguage\":\"sv-SE\",\"potentialAction\":[{\"@type\":\"ReadAction\",\"target\":[\"https:\\\/\\\/vmsport.fi\\\/verkkokauppa\\\/renkaat\\\/sisarenkaat\\\/paikkarasia-tiptop-tt01\\\/\"]}]},{\"@type\":\"ImageObject\",\"inLanguage\":\"sv-SE\",\"@id\":\"https:\\\/\\\/vmsport.fi\\\/verkkokauppa\\\/renkaat\\\/sisarenkaat\\\/paikkarasia-tiptop-tt01\\\/#primaryimage\",\"url\":\"https:\\\/\\\/vmsport.fi\\\/wp-content\\\/uploads\\\/2025\\\/03\\\/60780-1.jpg\",\"contentUrl\":\"https:\\\/\\\/vmsport.fi\\\/wp-content\\\/uploads\\\/2025\\\/03\\\/60780-1.jpg\",\"width\":800,\"height\":800,\"caption\":\"60780\"},{\"@type\":\"BreadcrumbList\",\"@id\":\"https:\\\/\\\/vmsport.fi\\\/verkkokauppa\\\/renkaat\\\/sisarenkaat\\\/paikkarasia-tiptop-tt01\\\/#breadcrumb\",\"itemListElement\":[{\"@type\":\"ListItem\",\"position\":1,\"name\":\"Etusivu\",\"item\":\"https:\\\/\\\/vmsport.fi\\\/\"},{\"@type\":\"ListItem\",\"position\":2,\"name\":\"Online Store\",\"item\":\"https:\\\/\\\/vmsport.fi\\\/en\\\/online-store\\\/\"},{\"@type\":\"ListItem\",\"position\":3,\"name\":\"Paikkarasia TIPTOP, TT01\"}]},{\"@type\":\"WebSite\",\"@id\":\"https:\\\/\\\/vmsport.fi\\\/#website\",\"url\":\"https:\\\/\\\/vmsport.fi\\\/\",\"name\":\"Vmsport\",\"description\":\"Kaikki py\u00f6r\u00e4ilyyn yhdest\u00e4 paikasta\",\"publisher\":{\"@id\":\"https:\\\/\\\/vmsport.fi\\\/#organization\"},\"potentialAction\":[{\"@type\":\"SearchAction\",\"target\":{\"@type\":\"EntryPoint\",\"urlTemplate\":\"https:\\\/\\\/vmsport.fi\\\/?s={search_term_string}\"},\"query-input\":{\"@type\":\"PropertyValueSpecification\",\"valueRequired\":true,\"valueName\":\"search_term_string\"}}],\"inLanguage\":\"sv-SE\"},{\"@type\":\"Organization\",\"@id\":\"https:\\\/\\\/vmsport.fi\\\/#organization\",\"name\":\"Vmsport\",\"url\":\"https:\\\/\\\/vmsport.fi\\\/\",\"logo\":{\"@type\":\"ImageObject\",\"inLanguage\":\"sv-SE\",\"@id\":\"https:\\\/\\\/vmsport.fi\\\/#\\\/schema\\\/logo\\\/image\\\/\",\"url\":\"https:\\\/\\\/vmsport.fi\\\/wp-content\\\/uploads\\\/2024\\\/12\\\/vm_sport_RGB_horisontal-e1734526017575.png\",\"contentUrl\":\"https:\\\/\\\/vmsport.fi\\\/wp-content\\\/uploads\\\/2024\\\/12\\\/vm_sport_RGB_horisontal-e1734526017575.png\",\"width\":668,\"height\":85,\"caption\":\"Vmsport\"},\"image\":{\"@id\":\"https:\\\/\\\/vmsport.fi\\\/#\\\/schema\\\/logo\\\/image\\\/\"},\"sameAs\":[\"https:\\\/\\\/www.facebook.com\\\/Vmsport.fi\\\/\",\"https:\\\/\\\/www.instagram.com\\\/vmsport\\\/\"]}]}<\/script>\n<!-- \/ Yoast SEO plugin. -->","yoast_head_json":{"title":"Paikkarasia TIPTOP, TT01 - VM Sport","robots":{"index":"index","follow":"follow","max-snippet":"max-snippet:-1","max-image-preview":"max-image-preview:large","max-video-preview":"max-video-preview:-1"},"canonical":"https:\/\/vmsport.fi\/sv\/webbutik\/dack\/systerdack\/paikkarasia-tiptop-tt01\/","og_locale":"sv_SE","og_type":"article","og_title":"Paikkarasia TIPTOP, TT01 - VM Sport","og_description":"Paikkarasia TIPTOP, TT01 on monipuolinen ja luotettava paikkaussarja, joka on suunniteltu vastaamaan erilaisia paikkaustarpeita. Tuotteen valmistuksessa on noudatettu korkeita laatustandardeja, mik\u00e4 varmistaa sen pitk\u00e4ik\u00e4isen suorituskyvyn ja luotettavan k\u00e4yt\u00f6n. K\u00e4ytt\u00e4j\u00e4yst\u00e4v\u00e4llinen muotoilu tekee siit\u00e4 helppok\u00e4ytt\u00f6isen ja tehokkaan. T\u00e4m\u00e4 paikkaussarja soveltuu erinomaisesti muun muassa renkaiden ja sis\u00e4kumien korjaukseen. [...]L\u00e4s mer \u2026 from Paikkarasia TIPTOP, TT01","og_url":"https:\/\/vmsport.fi\/sv\/webbutik\/dack\/systerdack\/paikkarasia-tiptop-tt01\/","og_site_name":"VM Sport","article_publisher":"https:\/\/www.facebook.com\/Vmsport.fi\/","article_modified_time":"2026-01-16T11:25:08+00:00","og_image":[{"width":800,"height":800,"url":"https:\/\/vmsport.fi\/wp-content\/uploads\/2025\/03\/60780-1.jpg","type":"image\/jpeg"}],"twitter_card":"summary_large_image","schema":{"@context":"https:\/\/schema.org","@graph":[{"@type":["WebPage","ItemPage"],"@id":"https:\/\/vmsport.fi\/verkkokauppa\/renkaat\/sisarenkaat\/paikkarasia-tiptop-tt01\/","url":"https:\/\/vmsport.fi\/verkkokauppa\/renkaat\/sisarenkaat\/paikkarasia-tiptop-tt01\/","name":"Paikkarasia TIPTOP, TT01 - VM Sport","isPartOf":{"@id":"https:\/\/vmsport.fi\/#website"},"primaryImageOfPage":{"@id":"https:\/\/vmsport.fi\/verkkokauppa\/renkaat\/sisarenkaat\/paikkarasia-tiptop-tt01\/#primaryimage"},"image":{"@id":"https:\/\/vmsport.fi\/verkkokauppa\/renkaat\/sisarenkaat\/paikkarasia-tiptop-tt01\/#primaryimage"},"thumbnailUrl":"https:\/\/vmsport.fi\/wp-content\/uploads\/2025\/03\/60780-1.jpg","datePublished":"2025-03-05T22:08:41+00:00","dateModified":"2026-01-16T11:25:08+00:00","breadcrumb":{"@id":"https:\/\/vmsport.fi\/verkkokauppa\/renkaat\/sisarenkaat\/paikkarasia-tiptop-tt01\/#breadcrumb"},"inLanguage":"sv-SE","potentialAction":[{"@type":"ReadAction","target":["https:\/\/vmsport.fi\/verkkokauppa\/renkaat\/sisarenkaat\/paikkarasia-tiptop-tt01\/"]}]},{"@type":"ImageObject","inLanguage":"sv-SE","@id":"https:\/\/vmsport.fi\/verkkokauppa\/renkaat\/sisarenkaat\/paikkarasia-tiptop-tt01\/#primaryimage","url":"https:\/\/vmsport.fi\/wp-content\/uploads\/2025\/03\/60780-1.jpg","contentUrl":"https:\/\/vmsport.fi\/wp-content\/uploads\/2025\/03\/60780-1.jpg","width":800,"height":800,"caption":"60780"},{"@type":"BreadcrumbList","@id":"https:\/\/vmsport.fi\/verkkokauppa\/renkaat\/sisarenkaat\/paikkarasia-tiptop-tt01\/#breadcrumb","itemListElement":[{"@type":"ListItem","position":1,"name":"Etusivu","item":"https:\/\/vmsport.fi\/"},{"@type":"ListItem","position":2,"name":"Online Store","item":"https:\/\/vmsport.fi\/en\/online-store\/"},{"@type":"ListItem","position":3,"name":"Paikkarasia TIPTOP, TT01"}]},{"@type":"WebSite","@id":"https:\/\/vmsport.fi\/#website","url":"https:\/\/vmsport.fi\/","name":"Vmsport","description":"Allt p\u00e5 ett st\u00e4lle f\u00f6r cykling","publisher":{"@id":"https:\/\/vmsport.fi\/#organization"},"potentialAction":[{"@type":"SearchAction","target":{"@type":"EntryPoint","urlTemplate":"https:\/\/vmsport.fi\/?s={search_term_string}"},"query-input":{"@type":"PropertyValueSpecification","valueRequired":true,"valueName":"search_term_string"}}],"inLanguage":"sv-SE"},{"@type":"Organization","@id":"https:\/\/vmsport.fi\/#organization","name":"Vmsport","url":"https:\/\/vmsport.fi\/","logo":{"@type":"ImageObject","inLanguage":"sv-SE","@id":"https:\/\/vmsport.fi\/#\/schema\/logo\/image\/","url":"https:\/\/vmsport.fi\/wp-content\/uploads\/2024\/12\/vm_sport_RGB_horisontal-e1734526017575.png","contentUrl":"https:\/\/vmsport.fi\/wp-content\/uploads\/2024\/12\/vm_sport_RGB_horisontal-e1734526017575.png","width":668,"height":85,"caption":"Vmsport"},"image":{"@id":"https:\/\/vmsport.fi\/#\/schema\/logo\/image\/"},"sameAs":["https:\/\/www.facebook.com\/Vmsport.fi\/","https:\/\/www.instagram.com\/vmsport\/"]}]}},"global_unique_id":"","_links":{"self":[{"href":"https:\/\/vmsport.fi\/sv\/wp-json\/wp\/v2\/product\/55582","targetHints":{"allow":["GET"]}}],"collection":[{"href":"https:\/\/vmsport.fi\/sv\/wp-json\/wp\/v2\/product"}],"about":[{"href":"https:\/\/vmsport.fi\/sv\/wp-json\/wp\/v2\/types\/product"}],"replies":[{"embeddable":true,"href":"https:\/\/vmsport.fi\/sv\/wp-json\/wp\/v2\/comments?post=55582"}],"wp:featuredmedia":[{"embeddable":true,"href":"https:\/\/vmsport.fi\/sv\/wp-json\/wp\/v2\/media\/55581"}],"wp:attachment":[{"href":"https:\/\/vmsport.fi\/sv\/wp-json\/wp\/v2\/media?parent=55582"}],"wp:term":[{"taxonomy":"product_brand","embeddable":true,"href":"https:\/\/vmsport.fi\/sv\/wp-json\/wp\/v2\/product_brand?post=55582"},{"taxonomy":"product_model","embeddable":true,"href":"https:\/\/vmsport.fi\/sv\/wp-json\/wp\/v2\/product_model?post=55582"},{"taxonomy":"product_cat","embeddable":true,"href":"https:\/\/vmsport.fi\/sv\/wp-json\/wp\/v2\/product_cat?post=55582"},{"taxonomy":"product_tag","embeddable":true,"href":"https:\/\/vmsport.fi\/sv\/wp-json\/wp\/v2\/product_tag?post=55582"},{"taxonomy":"industry_terminology","embeddable":true,"href":"https:\/\/vmsport.fi\/sv\/wp-json\/wp\/v2\/industry-terminology?post=55582"}],"curies":[{"name":"wp","href":"https:\/\/api.w.org\/{rel}","templated":true}]}}