{"id":55568,"date":"2025-03-06T00:08:32","date_gmt":"2025-03-05T22:08:32","guid":{"rendered":"https:\/\/vmsport.fi\/verkkokauppa\/Ei-luokiteltu\/vaihde-jarrukahva-oikea-7v-st-ef500-2-sormi-musta\/"},"modified":"2026-04-22T15:06:16","modified_gmt":"2026-04-22T12:06:16","slug":"vaihde-jarrukahva-oikea-7v-st-ef500-2-sormi-musta","status":"publish","type":"product","link":"https:\/\/vmsport.fi\/sv\/verkkokauppa\/varaosat\/vaihteistot\/vaihdevivut\/vaihde-jarrukahva-oikea-7v-st-ef500-2-sormi-musta\/","title":{"rendered":"V\u00e4xel-\/bromsspak h\u00f6ger 7v ST-EF500 2-finger svart"},"content":{"rendered":"<p>Shimano ST-EF500 -vaihde\/jarrukahva oikealle puolelle tarjoaa luotettavan seitsem\u00e4nvaihteisen vaihdon. Musta kahva on muotoiltu kahden sormen otteeseen sopivaksi, mik\u00e4 lis\u00e4\u00e4 jarrutustarkkuutta nopeissa tilanteissa. Ergonominen muotoilu varmistaa mukavuuden pitkill\u00e4kin matkoilla, ja kest\u00e4v\u00e4 rakenne pident\u00e4\u00e4 tuotteen k\u00e4ytt\u00f6ik\u00e4\u00e4.<\/p>\n<p>Shimano ST-EF500 yhdist\u00e4\u00e4 vaihteen ja jarrun yhdeksi yksik\u00f6ksi, mahdollistaen helpon ja sujuvan hallinnan py\u00f6r\u00e4ilykokemuksen aikana. T\u00e4m\u00e4 yksikk\u00f6 on erinomainen vaihtoehto, kun haluat parantaa sek\u00e4 py\u00f6r\u00e4n vaihteiden ett\u00e4 jarrujen hallintaa.<\/p>","protected":false},"excerpt":{"rendered":"<p>Shimano ST-EF500 -vaihde\/jarrukahva oikealle puolelle tarjoaa luotettavan seitsem\u00e4nvaihteisen vaihdon. Musta kahva on muotoiltu kahden sormen otteeseen sopivaksi, mik\u00e4 lis\u00e4\u00e4 jarrutustarkkuutta nopeissa tilanteissa. Ergonominen muotoilu varmistaa mukavuuden pitkill\u00e4kin matkoilla, ja kest\u00e4v\u00e4 rakenne pident\u00e4\u00e4 tuotteen k\u00e4ytt\u00f6ik\u00e4\u00e4. Shimano ST-EF500 yhdist\u00e4\u00e4 vaihteen ja jarrun yhdeksi yksik\u00f6ksi, mahdollistaen helpon ja sujuvan hallinnan py\u00f6r\u00e4ilykokemuksen aikana. T\u00e4m\u00e4 yksikk\u00f6 on erinomainen vaihtoehto, kun [&#8230;]<\/p>\n<p><a class=\"btn btn-secondary understrap-read-more-link\" href=\"https:\/\/vmsport.fi\/sv\/verkkokauppa\/varaosat\/vaihteistot\/vaihdevivut\/vaihde-jarrukahva-oikea-7v-st-ef500-2-sormi-musta\/\">L\u00e4s mer \u2026<span class=\"screen-reader-text\"> from Vaihde\/jarrukahva oikea 7v ST-EF500 2-sormi musta<\/span><\/a><\/p>\n","protected":false},"featured_media":55567,"comment_status":"open","ping_status":"closed","template":"","meta":{"_acf_changed":false,"_improvement_type_select":"improve_an_existing","_thumb_yes_seoaic":false,"_frame_yes_seoaic":false,"seoaic_generate_description":"","seoaic_improve_instructions_prompt":"","seoaic_rollback_content_improvement":"","seoaic_idea_thumbnail_generator":"","thumbnail_generated":false,"thumbnail_generate_prompt":"","seoaic_article_description":"","_supplier_stock_quantity":0},"product_brand":[],"product_model":[],"product_cat":[9388],"product_tag":[],"industry-terminology":[],"class_list":{"0":"post-55568","1":"product","2":"type-product","3":"status-publish","4":"has-post-thumbnail","6":"product_cat-vaihdevivut","8":"first","9":"instock","10":"taxable","11":"shipping-taxable","12":"purchasable","13":"product-type-simple"},"acf":{"bike_features":null,"overview":{"copy_overview":null,"key_features":null,"statement":"","youtube_url":""}},"yoast_head":"<!-- This site is optimized with the Yoast SEO plugin v27.4 - https:\/\/yoast.com\/product\/yoast-seo-wordpress\/ -->\n<title>Vaihde\/jarrukahva oikea 7v ST-EF500 2-sormi musta - VM Sport<\/title>\n<meta name=\"robots\" content=\"index, follow, max-snippet:-1, max-image-preview:large, max-video-preview:-1\" \/>\n<link rel=\"canonical\" href=\"https:\/\/vmsport.fi\/sv\/webbutik\/reservdelar\/vaxellador\/sidor-om-vaxellador\/vaihde-jarrukahva-oikea-7v-st-ef500-2-sormi-musta\/\" \/>\n<meta property=\"og:locale\" content=\"sv_SE\" \/>\n<meta property=\"og:type\" content=\"article\" \/>\n<meta property=\"og:title\" content=\"Vaihde\/jarrukahva oikea 7v ST-EF500 2-sormi musta - VM Sport\" \/>\n<meta property=\"og:description\" content=\"Shimano ST-EF500 -vaihde\/jarrukahva oikealle puolelle tarjoaa luotettavan seitsem\u00e4nvaihteisen vaihdon. Musta kahva on muotoiltu kahden sormen otteeseen sopivaksi, mik\u00e4 lis\u00e4\u00e4 jarrutustarkkuutta nopeissa tilanteissa. Ergonominen muotoilu varmistaa mukavuuden pitkill\u00e4kin matkoilla, ja kest\u00e4v\u00e4 rakenne pident\u00e4\u00e4 tuotteen k\u00e4ytt\u00f6ik\u00e4\u00e4. Shimano ST-EF500 yhdist\u00e4\u00e4 vaihteen ja jarrun yhdeksi yksik\u00f6ksi, mahdollistaen helpon ja sujuvan hallinnan py\u00f6r\u00e4ilykokemuksen aikana. T\u00e4m\u00e4 yksikk\u00f6 on erinomainen vaihtoehto, kun [...]L\u00e4s mer \u2026 from Vaihde\/jarrukahva oikea 7v ST-EF500 2-sormi musta\" \/>\n<meta property=\"og:url\" content=\"https:\/\/vmsport.fi\/sv\/webbutik\/reservdelar\/vaxellador\/sidor-om-vaxellador\/vaihde-jarrukahva-oikea-7v-st-ef500-2-sormi-musta\/\" \/>\n<meta property=\"og:site_name\" content=\"VM Sport\" \/>\n<meta property=\"article:publisher\" content=\"https:\/\/www.facebook.com\/Vmsport.fi\/\" \/>\n<meta property=\"article:modified_time\" content=\"2026-04-22T12:06:16+00:00\" \/>\n<meta property=\"og:image\" content=\"https:\/\/vmsport.fi\/wp-content\/uploads\/2025\/03\/L9D7uPQrocYmGPCtN1aqm8qSkVqpAjrZ7WvHFpAna1C6MCRZcZ-1.jpg\" \/>\n\t<meta property=\"og:image:width\" content=\"600\" \/>\n\t<meta property=\"og:image:height\" content=\"600\" \/>\n\t<meta property=\"og:image:type\" content=\"image\/jpeg\" \/>\n<meta name=\"twitter:card\" content=\"summary_large_image\" \/>\n<script type=\"application\/ld+json\" class=\"yoast-schema-graph\">{\"@context\":\"https:\\\/\\\/schema.org\",\"@graph\":[{\"@type\":[\"WebPage\",\"ItemPage\"],\"@id\":\"https:\\\/\\\/vmsport.fi\\\/verkkokauppa\\\/varaosat\\\/vaihteistot\\\/vaihdevivut\\\/vaihde-jarrukahva-oikea-7v-st-ef500-2-sormi-musta\\\/\",\"url\":\"https:\\\/\\\/vmsport.fi\\\/verkkokauppa\\\/varaosat\\\/vaihteistot\\\/vaihdevivut\\\/vaihde-jarrukahva-oikea-7v-st-ef500-2-sormi-musta\\\/\",\"name\":\"Vaihde\\\/jarrukahva oikea 7v ST-EF500 2-sormi musta - VM Sport\",\"isPartOf\":{\"@id\":\"https:\\\/\\\/vmsport.fi\\\/#website\"},\"primaryImageOfPage\":{\"@id\":\"https:\\\/\\\/vmsport.fi\\\/verkkokauppa\\\/varaosat\\\/vaihteistot\\\/vaihdevivut\\\/vaihde-jarrukahva-oikea-7v-st-ef500-2-sormi-musta\\\/#primaryimage\"},\"image\":{\"@id\":\"https:\\\/\\\/vmsport.fi\\\/verkkokauppa\\\/varaosat\\\/vaihteistot\\\/vaihdevivut\\\/vaihde-jarrukahva-oikea-7v-st-ef500-2-sormi-musta\\\/#primaryimage\"},\"thumbnailUrl\":\"https:\\\/\\\/vmsport.fi\\\/wp-content\\\/uploads\\\/2025\\\/03\\\/L9D7uPQrocYmGPCtN1aqm8qSkVqpAjrZ7WvHFpAna1C6MCRZcZ-1.jpg\",\"datePublished\":\"2025-03-05T22:08:32+00:00\",\"dateModified\":\"2026-04-22T12:06:16+00:00\",\"breadcrumb\":{\"@id\":\"https:\\\/\\\/vmsport.fi\\\/verkkokauppa\\\/varaosat\\\/vaihteistot\\\/vaihdevivut\\\/vaihde-jarrukahva-oikea-7v-st-ef500-2-sormi-musta\\\/#breadcrumb\"},\"inLanguage\":\"sv-SE\",\"potentialAction\":[{\"@type\":\"ReadAction\",\"target\":[\"https:\\\/\\\/vmsport.fi\\\/verkkokauppa\\\/varaosat\\\/vaihteistot\\\/vaihdevivut\\\/vaihde-jarrukahva-oikea-7v-st-ef500-2-sormi-musta\\\/\"]}]},{\"@type\":\"ImageObject\",\"inLanguage\":\"sv-SE\",\"@id\":\"https:\\\/\\\/vmsport.fi\\\/verkkokauppa\\\/varaosat\\\/vaihteistot\\\/vaihdevivut\\\/vaihde-jarrukahva-oikea-7v-st-ef500-2-sormi-musta\\\/#primaryimage\",\"url\":\"https:\\\/\\\/vmsport.fi\\\/wp-content\\\/uploads\\\/2025\\\/03\\\/L9D7uPQrocYmGPCtN1aqm8qSkVqpAjrZ7WvHFpAna1C6MCRZcZ-1.jpg\",\"contentUrl\":\"https:\\\/\\\/vmsport.fi\\\/wp-content\\\/uploads\\\/2025\\\/03\\\/L9D7uPQrocYmGPCtN1aqm8qSkVqpAjrZ7WvHFpAna1C6MCRZcZ-1.jpg\",\"width\":600,\"height\":600,\"caption\":\"L9D7uPQrocYmGPCtN1aqm8qSkVqpAjrZ7WvHFpAna1C6MCRZcZ\"},{\"@type\":\"BreadcrumbList\",\"@id\":\"https:\\\/\\\/vmsport.fi\\\/verkkokauppa\\\/varaosat\\\/vaihteistot\\\/vaihdevivut\\\/vaihde-jarrukahva-oikea-7v-st-ef500-2-sormi-musta\\\/#breadcrumb\",\"itemListElement\":[{\"@type\":\"ListItem\",\"position\":1,\"name\":\"Etusivu\",\"item\":\"https:\\\/\\\/vmsport.fi\\\/\"},{\"@type\":\"ListItem\",\"position\":2,\"name\":\"Online Store\",\"item\":\"https:\\\/\\\/vmsport.fi\\\/en\\\/online-store\\\/\"},{\"@type\":\"ListItem\",\"position\":3,\"name\":\"Vaihde\\\/jarrukahva oikea 7v ST-EF500 2-sormi musta\"}]},{\"@type\":\"WebSite\",\"@id\":\"https:\\\/\\\/vmsport.fi\\\/#website\",\"url\":\"https:\\\/\\\/vmsport.fi\\\/\",\"name\":\"Vmsport\",\"description\":\"Kaikki py\u00f6r\u00e4ilyyn yhdest\u00e4 paikasta\",\"publisher\":{\"@id\":\"https:\\\/\\\/vmsport.fi\\\/#organization\"},\"potentialAction\":[{\"@type\":\"SearchAction\",\"target\":{\"@type\":\"EntryPoint\",\"urlTemplate\":\"https:\\\/\\\/vmsport.fi\\\/?s={search_term_string}\"},\"query-input\":{\"@type\":\"PropertyValueSpecification\",\"valueRequired\":true,\"valueName\":\"search_term_string\"}}],\"inLanguage\":\"sv-SE\"},{\"@type\":\"Organization\",\"@id\":\"https:\\\/\\\/vmsport.fi\\\/#organization\",\"name\":\"Vmsport\",\"url\":\"https:\\\/\\\/vmsport.fi\\\/\",\"logo\":{\"@type\":\"ImageObject\",\"inLanguage\":\"sv-SE\",\"@id\":\"https:\\\/\\\/vmsport.fi\\\/#\\\/schema\\\/logo\\\/image\\\/\",\"url\":\"https:\\\/\\\/vmsport.fi\\\/wp-content\\\/uploads\\\/2024\\\/12\\\/vm_sport_RGB_horisontal-e1734526017575.png\",\"contentUrl\":\"https:\\\/\\\/vmsport.fi\\\/wp-content\\\/uploads\\\/2024\\\/12\\\/vm_sport_RGB_horisontal-e1734526017575.png\",\"width\":668,\"height\":85,\"caption\":\"Vmsport\"},\"image\":{\"@id\":\"https:\\\/\\\/vmsport.fi\\\/#\\\/schema\\\/logo\\\/image\\\/\"},\"sameAs\":[\"https:\\\/\\\/www.facebook.com\\\/Vmsport.fi\\\/\",\"https:\\\/\\\/www.instagram.com\\\/vmsport\\\/\"]}]}<\/script>\n<!-- \/ Yoast SEO plugin. -->","yoast_head_json":{"title":"Vaihde\/jarrukahva oikea 7v ST-EF500 2-sormi musta - VM Sport","robots":{"index":"index","follow":"follow","max-snippet":"max-snippet:-1","max-image-preview":"max-image-preview:large","max-video-preview":"max-video-preview:-1"},"canonical":"https:\/\/vmsport.fi\/sv\/webbutik\/reservdelar\/vaxellador\/sidor-om-vaxellador\/vaihde-jarrukahva-oikea-7v-st-ef500-2-sormi-musta\/","og_locale":"sv_SE","og_type":"article","og_title":"Vaihde\/jarrukahva oikea 7v ST-EF500 2-sormi musta - VM Sport","og_description":"Shimano ST-EF500 -vaihde\/jarrukahva oikealle puolelle tarjoaa luotettavan seitsem\u00e4nvaihteisen vaihdon. Musta kahva on muotoiltu kahden sormen otteeseen sopivaksi, mik\u00e4 lis\u00e4\u00e4 jarrutustarkkuutta nopeissa tilanteissa. Ergonominen muotoilu varmistaa mukavuuden pitkill\u00e4kin matkoilla, ja kest\u00e4v\u00e4 rakenne pident\u00e4\u00e4 tuotteen k\u00e4ytt\u00f6ik\u00e4\u00e4. Shimano ST-EF500 yhdist\u00e4\u00e4 vaihteen ja jarrun yhdeksi yksik\u00f6ksi, mahdollistaen helpon ja sujuvan hallinnan py\u00f6r\u00e4ilykokemuksen aikana. T\u00e4m\u00e4 yksikk\u00f6 on erinomainen vaihtoehto, kun [...]L\u00e4s mer \u2026 from Vaihde\/jarrukahva oikea 7v ST-EF500 2-sormi musta","og_url":"https:\/\/vmsport.fi\/sv\/webbutik\/reservdelar\/vaxellador\/sidor-om-vaxellador\/vaihde-jarrukahva-oikea-7v-st-ef500-2-sormi-musta\/","og_site_name":"VM Sport","article_publisher":"https:\/\/www.facebook.com\/Vmsport.fi\/","article_modified_time":"2026-04-22T12:06:16+00:00","og_image":[{"width":600,"height":600,"url":"https:\/\/vmsport.fi\/wp-content\/uploads\/2025\/03\/L9D7uPQrocYmGPCtN1aqm8qSkVqpAjrZ7WvHFpAna1C6MCRZcZ-1.jpg","type":"image\/jpeg"}],"twitter_card":"summary_large_image","schema":{"@context":"https:\/\/schema.org","@graph":[{"@type":["WebPage","ItemPage"],"@id":"https:\/\/vmsport.fi\/verkkokauppa\/varaosat\/vaihteistot\/vaihdevivut\/vaihde-jarrukahva-oikea-7v-st-ef500-2-sormi-musta\/","url":"https:\/\/vmsport.fi\/verkkokauppa\/varaosat\/vaihteistot\/vaihdevivut\/vaihde-jarrukahva-oikea-7v-st-ef500-2-sormi-musta\/","name":"Vaihde\/jarrukahva oikea 7v ST-EF500 2-sormi musta - VM Sport","isPartOf":{"@id":"https:\/\/vmsport.fi\/#website"},"primaryImageOfPage":{"@id":"https:\/\/vmsport.fi\/verkkokauppa\/varaosat\/vaihteistot\/vaihdevivut\/vaihde-jarrukahva-oikea-7v-st-ef500-2-sormi-musta\/#primaryimage"},"image":{"@id":"https:\/\/vmsport.fi\/verkkokauppa\/varaosat\/vaihteistot\/vaihdevivut\/vaihde-jarrukahva-oikea-7v-st-ef500-2-sormi-musta\/#primaryimage"},"thumbnailUrl":"https:\/\/vmsport.fi\/wp-content\/uploads\/2025\/03\/L9D7uPQrocYmGPCtN1aqm8qSkVqpAjrZ7WvHFpAna1C6MCRZcZ-1.jpg","datePublished":"2025-03-05T22:08:32+00:00","dateModified":"2026-04-22T12:06:16+00:00","breadcrumb":{"@id":"https:\/\/vmsport.fi\/verkkokauppa\/varaosat\/vaihteistot\/vaihdevivut\/vaihde-jarrukahva-oikea-7v-st-ef500-2-sormi-musta\/#breadcrumb"},"inLanguage":"sv-SE","potentialAction":[{"@type":"ReadAction","target":["https:\/\/vmsport.fi\/verkkokauppa\/varaosat\/vaihteistot\/vaihdevivut\/vaihde-jarrukahva-oikea-7v-st-ef500-2-sormi-musta\/"]}]},{"@type":"ImageObject","inLanguage":"sv-SE","@id":"https:\/\/vmsport.fi\/verkkokauppa\/varaosat\/vaihteistot\/vaihdevivut\/vaihde-jarrukahva-oikea-7v-st-ef500-2-sormi-musta\/#primaryimage","url":"https:\/\/vmsport.fi\/wp-content\/uploads\/2025\/03\/L9D7uPQrocYmGPCtN1aqm8qSkVqpAjrZ7WvHFpAna1C6MCRZcZ-1.jpg","contentUrl":"https:\/\/vmsport.fi\/wp-content\/uploads\/2025\/03\/L9D7uPQrocYmGPCtN1aqm8qSkVqpAjrZ7WvHFpAna1C6MCRZcZ-1.jpg","width":600,"height":600,"caption":"L9D7uPQrocYmGPCtN1aqm8qSkVqpAjrZ7WvHFpAna1C6MCRZcZ"},{"@type":"BreadcrumbList","@id":"https:\/\/vmsport.fi\/verkkokauppa\/varaosat\/vaihteistot\/vaihdevivut\/vaihde-jarrukahva-oikea-7v-st-ef500-2-sormi-musta\/#breadcrumb","itemListElement":[{"@type":"ListItem","position":1,"name":"Etusivu","item":"https:\/\/vmsport.fi\/"},{"@type":"ListItem","position":2,"name":"Online Store","item":"https:\/\/vmsport.fi\/en\/online-store\/"},{"@type":"ListItem","position":3,"name":"Vaihde\/jarrukahva oikea 7v ST-EF500 2-sormi musta"}]},{"@type":"WebSite","@id":"https:\/\/vmsport.fi\/#website","url":"https:\/\/vmsport.fi\/","name":"Vmsport","description":"Allt p\u00e5 ett st\u00e4lle f\u00f6r cykling","publisher":{"@id":"https:\/\/vmsport.fi\/#organization"},"potentialAction":[{"@type":"SearchAction","target":{"@type":"EntryPoint","urlTemplate":"https:\/\/vmsport.fi\/?s={search_term_string}"},"query-input":{"@type":"PropertyValueSpecification","valueRequired":true,"valueName":"search_term_string"}}],"inLanguage":"sv-SE"},{"@type":"Organization","@id":"https:\/\/vmsport.fi\/#organization","name":"Vmsport","url":"https:\/\/vmsport.fi\/","logo":{"@type":"ImageObject","inLanguage":"sv-SE","@id":"https:\/\/vmsport.fi\/#\/schema\/logo\/image\/","url":"https:\/\/vmsport.fi\/wp-content\/uploads\/2024\/12\/vm_sport_RGB_horisontal-e1734526017575.png","contentUrl":"https:\/\/vmsport.fi\/wp-content\/uploads\/2024\/12\/vm_sport_RGB_horisontal-e1734526017575.png","width":668,"height":85,"caption":"Vmsport"},"image":{"@id":"https:\/\/vmsport.fi\/#\/schema\/logo\/image\/"},"sameAs":["https:\/\/www.facebook.com\/Vmsport.fi\/","https:\/\/www.instagram.com\/vmsport\/"]}]}},"global_unique_id":"","_links":{"self":[{"href":"https:\/\/vmsport.fi\/sv\/wp-json\/wp\/v2\/product\/55568","targetHints":{"allow":["GET"]}}],"collection":[{"href":"https:\/\/vmsport.fi\/sv\/wp-json\/wp\/v2\/product"}],"about":[{"href":"https:\/\/vmsport.fi\/sv\/wp-json\/wp\/v2\/types\/product"}],"replies":[{"embeddable":true,"href":"https:\/\/vmsport.fi\/sv\/wp-json\/wp\/v2\/comments?post=55568"}],"wp:featuredmedia":[{"embeddable":true,"href":"https:\/\/vmsport.fi\/sv\/wp-json\/wp\/v2\/media\/55567"}],"wp:attachment":[{"href":"https:\/\/vmsport.fi\/sv\/wp-json\/wp\/v2\/media?parent=55568"}],"wp:term":[{"taxonomy":"product_brand","embeddable":true,"href":"https:\/\/vmsport.fi\/sv\/wp-json\/wp\/v2\/product_brand?post=55568"},{"taxonomy":"product_model","embeddable":true,"href":"https:\/\/vmsport.fi\/sv\/wp-json\/wp\/v2\/product_model?post=55568"},{"taxonomy":"product_cat","embeddable":true,"href":"https:\/\/vmsport.fi\/sv\/wp-json\/wp\/v2\/product_cat?post=55568"},{"taxonomy":"product_tag","embeddable":true,"href":"https:\/\/vmsport.fi\/sv\/wp-json\/wp\/v2\/product_tag?post=55568"},{"taxonomy":"industry_terminology","embeddable":true,"href":"https:\/\/vmsport.fi\/sv\/wp-json\/wp\/v2\/industry-terminology?post=55568"}],"curies":[{"name":"wp","href":"https:\/\/api.w.org\/{rel}","templated":true}]}}