{"id":55551,"date":"2025-03-06T00:08:19","date_gmt":"2025-03-05T22:08:19","guid":{"rendered":"https:\/\/vmsport.fi\/verkkokauppa\/Ei-luokiteltu\/schwalbe-dv2-14-16\/"},"modified":"2026-01-16T13:26:12","modified_gmt":"2026-01-16T11:26:12","slug":"svalja-dv2-14-16","status":"publish","type":"product","link":"https:\/\/vmsport.fi\/sv\/verkkokauppa\/renkaat\/sisarenkaat\/lasten\/schwalbe-dv2-14-16\/","title":{"rendered":"SCHWALBE DV2 14-16\u2033"},"content":{"rendered":"<p>Schwalbe DV2 14-16\u2033 innerslang \u00e4r utformad f\u00f6r att ge tillf\u00f6rlitlighet och utm\u00e4rkt prestanda f\u00f6r cykling. Detta innerd\u00e4ck beh\u00e5ller lufttrycket mycket l\u00e4ngre \u00e4n sina konkurrenter tack vare en exakt tillverkningsprocess. Ventilens l\u00e4ngd \u00e4r 40 mm, vilket g\u00f6r den kompatibel med m\u00e5nga cykelf\u00e4lgar. Med en vikt p\u00e5 endast 85 gram erbjuder den h\u00e4r innerslangen l\u00e4ttviktskomfort utan att kompromissa med h\u00e5llbarheten. Den s\u00e4kerst\u00e4ller att cyklisten kan njuta av en smidig och effektiv k\u00f6rning utan att beh\u00f6va oroa sig f\u00f6r att f\u00f6rlora lufttrycket.<\/p>","protected":false},"excerpt":{"rendered":"<p>Schwalbe DV2 14-16&#8243; sis\u00e4rengas on suunniteltu tarjoamaan luotettavuutta ja erinomaista suorituskyky\u00e4 py\u00f6r\u00e4ilyyn. T\u00e4m\u00e4 sis\u00e4rengas s\u00e4ilytt\u00e4\u00e4 ilmanpaineen selv\u00e4sti pidemp\u00e4\u00e4n kuin kilpailijansa, mik\u00e4 johtuu tarkasta valmistusprosessista. Venttiilin pituus on 40 mm, mik\u00e4 tekee siit\u00e4 yhteensopivan monien py\u00f6r\u00e4n vanteiden kanssa. Painoltaan vain 85 grammaa, t\u00e4m\u00e4 sis\u00e4rengas tarjoaa kevytt\u00e4 ajomukavuutta ilman, ett\u00e4 sen kest\u00e4vyydest\u00e4 tarvitsee tinki\u00e4. Se varmistaa, ett\u00e4 [&#8230;]<\/p>\n<p><a class=\"btn btn-secondary understrap-read-more-link\" href=\"https:\/\/vmsport.fi\/sv\/verkkokauppa\/renkaat\/sisarenkaat\/lasten\/schwalbe-dv2-14-16\/\">L\u00e4s mer \u2026<span class=\"screen-reader-text\"> from SCHWALBE DV2 14-16&#8243;<\/span><\/a><\/p>\n","protected":false},"featured_media":55550,"comment_status":"open","ping_status":"closed","template":"","meta":{"_acf_changed":false,"_improvement_type_select":"improve_an_existing","_thumb_yes_seoaic":false,"_frame_yes_seoaic":false,"seoaic_generate_description":"","seoaic_improve_instructions_prompt":"","seoaic_rollback_content_improvement":"","seoaic_idea_thumbnail_generator":"","thumbnail_generated":false,"thumbnail_generate_prompt":"","seoaic_article_description":"","_supplier_stock_quantity":0},"product_brand":[],"product_model":[],"product_cat":[9544],"product_tag":[],"industry-terminology":[],"class_list":{"0":"post-55551","1":"product","2":"type-product","3":"status-publish","4":"has-post-thumbnail","6":"product_cat-lasten","8":"first","9":"outofstock","10":"taxable","11":"shipping-taxable","12":"product-type-simple"},"acf":{"bike_features":null,"overview":{"copy_overview":null,"key_features":null,"statement":"","youtube_url":""}},"yoast_head":"<!-- This site is optimized with the Yoast SEO plugin v27.3 - https:\/\/yoast.com\/product\/yoast-seo-wordpress\/ -->\n<title>SCHWALBE DV2 14-16&quot; - VM Sport<\/title>\n<meta name=\"robots\" content=\"index, follow, max-snippet:-1, max-image-preview:large, max-video-preview:-1\" \/>\n<link rel=\"canonical\" href=\"https:\/\/vmsport.fi\/sv\/webbutik\/dack\/systerdack\/barn\/svalja-dv2-14-16\/\" \/>\n<meta property=\"og:locale\" content=\"sv_SE\" \/>\n<meta property=\"og:type\" content=\"article\" \/>\n<meta property=\"og:title\" content=\"SCHWALBE DV2 14-16&quot; - VM Sport\" \/>\n<meta property=\"og:description\" content=\"Schwalbe DV2 14-16&#8243; sis\u00e4rengas on suunniteltu tarjoamaan luotettavuutta ja erinomaista suorituskyky\u00e4 py\u00f6r\u00e4ilyyn. T\u00e4m\u00e4 sis\u00e4rengas s\u00e4ilytt\u00e4\u00e4 ilmanpaineen selv\u00e4sti pidemp\u00e4\u00e4n kuin kilpailijansa, mik\u00e4 johtuu tarkasta valmistusprosessista. Venttiilin pituus on 40 mm, mik\u00e4 tekee siit\u00e4 yhteensopivan monien py\u00f6r\u00e4n vanteiden kanssa. Painoltaan vain 85 grammaa, t\u00e4m\u00e4 sis\u00e4rengas tarjoaa kevytt\u00e4 ajomukavuutta ilman, ett\u00e4 sen kest\u00e4vyydest\u00e4 tarvitsee tinki\u00e4. Se varmistaa, ett\u00e4 [...]L\u00e4s mer \u2026 from SCHWALBE DV2 14-16&#8243;\" \/>\n<meta property=\"og:url\" content=\"https:\/\/vmsport.fi\/sv\/webbutik\/dack\/systerdack\/barn\/svalja-dv2-14-16\/\" \/>\n<meta property=\"og:site_name\" content=\"VM Sport\" \/>\n<meta property=\"article:publisher\" content=\"https:\/\/www.facebook.com\/Vmsport.fi\/\" \/>\n<meta property=\"article:modified_time\" content=\"2026-01-16T11:26:12+00:00\" \/>\n<meta property=\"og:image\" content=\"https:\/\/vmsport.fi\/wp-content\/uploads\/2025\/03\/XMrlVbjUmQFvvmhpaqyJN1qjnboWAniER5xTi5z94mpoyxuU86-1.jpg\" \/>\n\t<meta property=\"og:image:width\" content=\"800\" \/>\n\t<meta property=\"og:image:height\" content=\"800\" \/>\n\t<meta property=\"og:image:type\" content=\"image\/jpeg\" \/>\n<meta name=\"twitter:card\" content=\"summary_large_image\" \/>\n<script type=\"application\/ld+json\" class=\"yoast-schema-graph\">{\"@context\":\"https:\\\/\\\/schema.org\",\"@graph\":[{\"@type\":[\"WebPage\",\"ItemPage\"],\"@id\":\"https:\\\/\\\/vmsport.fi\\\/verkkokauppa\\\/renkaat\\\/sisarenkaat\\\/lasten\\\/schwalbe-dv2-14-16\\\/\",\"url\":\"https:\\\/\\\/vmsport.fi\\\/verkkokauppa\\\/renkaat\\\/sisarenkaat\\\/lasten\\\/schwalbe-dv2-14-16\\\/\",\"name\":\"SCHWALBE DV2 14-16\\\" - VM Sport\",\"isPartOf\":{\"@id\":\"https:\\\/\\\/vmsport.fi\\\/#website\"},\"primaryImageOfPage\":{\"@id\":\"https:\\\/\\\/vmsport.fi\\\/verkkokauppa\\\/renkaat\\\/sisarenkaat\\\/lasten\\\/schwalbe-dv2-14-16\\\/#primaryimage\"},\"image\":{\"@id\":\"https:\\\/\\\/vmsport.fi\\\/verkkokauppa\\\/renkaat\\\/sisarenkaat\\\/lasten\\\/schwalbe-dv2-14-16\\\/#primaryimage\"},\"thumbnailUrl\":\"https:\\\/\\\/vmsport.fi\\\/wp-content\\\/uploads\\\/2025\\\/03\\\/XMrlVbjUmQFvvmhpaqyJN1qjnboWAniER5xTi5z94mpoyxuU86-1.jpg\",\"datePublished\":\"2025-03-05T22:08:19+00:00\",\"dateModified\":\"2026-01-16T11:26:12+00:00\",\"breadcrumb\":{\"@id\":\"https:\\\/\\\/vmsport.fi\\\/verkkokauppa\\\/renkaat\\\/sisarenkaat\\\/lasten\\\/schwalbe-dv2-14-16\\\/#breadcrumb\"},\"inLanguage\":\"sv-SE\",\"potentialAction\":[{\"@type\":\"ReadAction\",\"target\":[\"https:\\\/\\\/vmsport.fi\\\/verkkokauppa\\\/renkaat\\\/sisarenkaat\\\/lasten\\\/schwalbe-dv2-14-16\\\/\"]}]},{\"@type\":\"ImageObject\",\"inLanguage\":\"sv-SE\",\"@id\":\"https:\\\/\\\/vmsport.fi\\\/verkkokauppa\\\/renkaat\\\/sisarenkaat\\\/lasten\\\/schwalbe-dv2-14-16\\\/#primaryimage\",\"url\":\"https:\\\/\\\/vmsport.fi\\\/wp-content\\\/uploads\\\/2025\\\/03\\\/XMrlVbjUmQFvvmhpaqyJN1qjnboWAniER5xTi5z94mpoyxuU86-1.jpg\",\"contentUrl\":\"https:\\\/\\\/vmsport.fi\\\/wp-content\\\/uploads\\\/2025\\\/03\\\/XMrlVbjUmQFvvmhpaqyJN1qjnboWAniER5xTi5z94mpoyxuU86-1.jpg\",\"width\":800,\"height\":800,\"caption\":\"XMrlVbjUmQFvvmhpaqyJN1qjnboWAniER5xTi5z94mpoyxuU86\"},{\"@type\":\"BreadcrumbList\",\"@id\":\"https:\\\/\\\/vmsport.fi\\\/verkkokauppa\\\/renkaat\\\/sisarenkaat\\\/lasten\\\/schwalbe-dv2-14-16\\\/#breadcrumb\",\"itemListElement\":[{\"@type\":\"ListItem\",\"position\":1,\"name\":\"Etusivu\",\"item\":\"https:\\\/\\\/vmsport.fi\\\/\"},{\"@type\":\"ListItem\",\"position\":2,\"name\":\"Online Store\",\"item\":\"https:\\\/\\\/vmsport.fi\\\/en\\\/online-store\\\/\"},{\"@type\":\"ListItem\",\"position\":3,\"name\":\"SCHWALBE DV2 14-16&#8243;\"}]},{\"@type\":\"WebSite\",\"@id\":\"https:\\\/\\\/vmsport.fi\\\/#website\",\"url\":\"https:\\\/\\\/vmsport.fi\\\/\",\"name\":\"Vmsport\",\"description\":\"Kaikki py\u00f6r\u00e4ilyyn yhdest\u00e4 paikasta\",\"publisher\":{\"@id\":\"https:\\\/\\\/vmsport.fi\\\/#organization\"},\"potentialAction\":[{\"@type\":\"SearchAction\",\"target\":{\"@type\":\"EntryPoint\",\"urlTemplate\":\"https:\\\/\\\/vmsport.fi\\\/?s={search_term_string}\"},\"query-input\":{\"@type\":\"PropertyValueSpecification\",\"valueRequired\":true,\"valueName\":\"search_term_string\"}}],\"inLanguage\":\"sv-SE\"},{\"@type\":\"Organization\",\"@id\":\"https:\\\/\\\/vmsport.fi\\\/#organization\",\"name\":\"Vmsport\",\"url\":\"https:\\\/\\\/vmsport.fi\\\/\",\"logo\":{\"@type\":\"ImageObject\",\"inLanguage\":\"sv-SE\",\"@id\":\"https:\\\/\\\/vmsport.fi\\\/#\\\/schema\\\/logo\\\/image\\\/\",\"url\":\"https:\\\/\\\/vmsport.fi\\\/wp-content\\\/uploads\\\/2024\\\/12\\\/vm_sport_RGB_horisontal-e1734526017575.png\",\"contentUrl\":\"https:\\\/\\\/vmsport.fi\\\/wp-content\\\/uploads\\\/2024\\\/12\\\/vm_sport_RGB_horisontal-e1734526017575.png\",\"width\":668,\"height\":85,\"caption\":\"Vmsport\"},\"image\":{\"@id\":\"https:\\\/\\\/vmsport.fi\\\/#\\\/schema\\\/logo\\\/image\\\/\"},\"sameAs\":[\"https:\\\/\\\/www.facebook.com\\\/Vmsport.fi\\\/\",\"https:\\\/\\\/www.instagram.com\\\/vmsport\\\/\"]}]}<\/script>\n<!-- \/ Yoast SEO plugin. -->","yoast_head_json":{"title":"SCHWALBE DV2 14-16\" - VM Sport","robots":{"index":"index","follow":"follow","max-snippet":"max-snippet:-1","max-image-preview":"max-image-preview:large","max-video-preview":"max-video-preview:-1"},"canonical":"https:\/\/vmsport.fi\/sv\/webbutik\/dack\/systerdack\/barn\/svalja-dv2-14-16\/","og_locale":"sv_SE","og_type":"article","og_title":"SCHWALBE DV2 14-16\" - VM Sport","og_description":"Schwalbe DV2 14-16&#8243; sis\u00e4rengas on suunniteltu tarjoamaan luotettavuutta ja erinomaista suorituskyky\u00e4 py\u00f6r\u00e4ilyyn. T\u00e4m\u00e4 sis\u00e4rengas s\u00e4ilytt\u00e4\u00e4 ilmanpaineen selv\u00e4sti pidemp\u00e4\u00e4n kuin kilpailijansa, mik\u00e4 johtuu tarkasta valmistusprosessista. Venttiilin pituus on 40 mm, mik\u00e4 tekee siit\u00e4 yhteensopivan monien py\u00f6r\u00e4n vanteiden kanssa. Painoltaan vain 85 grammaa, t\u00e4m\u00e4 sis\u00e4rengas tarjoaa kevytt\u00e4 ajomukavuutta ilman, ett\u00e4 sen kest\u00e4vyydest\u00e4 tarvitsee tinki\u00e4. Se varmistaa, ett\u00e4 [...]L\u00e4s mer \u2026 from SCHWALBE DV2 14-16&#8243;","og_url":"https:\/\/vmsport.fi\/sv\/webbutik\/dack\/systerdack\/barn\/svalja-dv2-14-16\/","og_site_name":"VM Sport","article_publisher":"https:\/\/www.facebook.com\/Vmsport.fi\/","article_modified_time":"2026-01-16T11:26:12+00:00","og_image":[{"width":800,"height":800,"url":"https:\/\/vmsport.fi\/wp-content\/uploads\/2025\/03\/XMrlVbjUmQFvvmhpaqyJN1qjnboWAniER5xTi5z94mpoyxuU86-1.jpg","type":"image\/jpeg"}],"twitter_card":"summary_large_image","schema":{"@context":"https:\/\/schema.org","@graph":[{"@type":["WebPage","ItemPage"],"@id":"https:\/\/vmsport.fi\/verkkokauppa\/renkaat\/sisarenkaat\/lasten\/schwalbe-dv2-14-16\/","url":"https:\/\/vmsport.fi\/verkkokauppa\/renkaat\/sisarenkaat\/lasten\/schwalbe-dv2-14-16\/","name":"SCHWALBE DV2 14-16\" - VM Sport","isPartOf":{"@id":"https:\/\/vmsport.fi\/#website"},"primaryImageOfPage":{"@id":"https:\/\/vmsport.fi\/verkkokauppa\/renkaat\/sisarenkaat\/lasten\/schwalbe-dv2-14-16\/#primaryimage"},"image":{"@id":"https:\/\/vmsport.fi\/verkkokauppa\/renkaat\/sisarenkaat\/lasten\/schwalbe-dv2-14-16\/#primaryimage"},"thumbnailUrl":"https:\/\/vmsport.fi\/wp-content\/uploads\/2025\/03\/XMrlVbjUmQFvvmhpaqyJN1qjnboWAniER5xTi5z94mpoyxuU86-1.jpg","datePublished":"2025-03-05T22:08:19+00:00","dateModified":"2026-01-16T11:26:12+00:00","breadcrumb":{"@id":"https:\/\/vmsport.fi\/verkkokauppa\/renkaat\/sisarenkaat\/lasten\/schwalbe-dv2-14-16\/#breadcrumb"},"inLanguage":"sv-SE","potentialAction":[{"@type":"ReadAction","target":["https:\/\/vmsport.fi\/verkkokauppa\/renkaat\/sisarenkaat\/lasten\/schwalbe-dv2-14-16\/"]}]},{"@type":"ImageObject","inLanguage":"sv-SE","@id":"https:\/\/vmsport.fi\/verkkokauppa\/renkaat\/sisarenkaat\/lasten\/schwalbe-dv2-14-16\/#primaryimage","url":"https:\/\/vmsport.fi\/wp-content\/uploads\/2025\/03\/XMrlVbjUmQFvvmhpaqyJN1qjnboWAniER5xTi5z94mpoyxuU86-1.jpg","contentUrl":"https:\/\/vmsport.fi\/wp-content\/uploads\/2025\/03\/XMrlVbjUmQFvvmhpaqyJN1qjnboWAniER5xTi5z94mpoyxuU86-1.jpg","width":800,"height":800,"caption":"XMrlVbjUmQFvvmhpaqyJN1qjnboWAniER5xTi5z94mpoyxuU86"},{"@type":"BreadcrumbList","@id":"https:\/\/vmsport.fi\/verkkokauppa\/renkaat\/sisarenkaat\/lasten\/schwalbe-dv2-14-16\/#breadcrumb","itemListElement":[{"@type":"ListItem","position":1,"name":"Etusivu","item":"https:\/\/vmsport.fi\/"},{"@type":"ListItem","position":2,"name":"Online Store","item":"https:\/\/vmsport.fi\/en\/online-store\/"},{"@type":"ListItem","position":3,"name":"SCHWALBE DV2 14-16&#8243;"}]},{"@type":"WebSite","@id":"https:\/\/vmsport.fi\/#website","url":"https:\/\/vmsport.fi\/","name":"Vmsport","description":"Allt p\u00e5 ett st\u00e4lle f\u00f6r cykling","publisher":{"@id":"https:\/\/vmsport.fi\/#organization"},"potentialAction":[{"@type":"SearchAction","target":{"@type":"EntryPoint","urlTemplate":"https:\/\/vmsport.fi\/?s={search_term_string}"},"query-input":{"@type":"PropertyValueSpecification","valueRequired":true,"valueName":"search_term_string"}}],"inLanguage":"sv-SE"},{"@type":"Organization","@id":"https:\/\/vmsport.fi\/#organization","name":"Vmsport","url":"https:\/\/vmsport.fi\/","logo":{"@type":"ImageObject","inLanguage":"sv-SE","@id":"https:\/\/vmsport.fi\/#\/schema\/logo\/image\/","url":"https:\/\/vmsport.fi\/wp-content\/uploads\/2024\/12\/vm_sport_RGB_horisontal-e1734526017575.png","contentUrl":"https:\/\/vmsport.fi\/wp-content\/uploads\/2024\/12\/vm_sport_RGB_horisontal-e1734526017575.png","width":668,"height":85,"caption":"Vmsport"},"image":{"@id":"https:\/\/vmsport.fi\/#\/schema\/logo\/image\/"},"sameAs":["https:\/\/www.facebook.com\/Vmsport.fi\/","https:\/\/www.instagram.com\/vmsport\/"]}]}},"global_unique_id":"","_links":{"self":[{"href":"https:\/\/vmsport.fi\/sv\/wp-json\/wp\/v2\/product\/55551","targetHints":{"allow":["GET"]}}],"collection":[{"href":"https:\/\/vmsport.fi\/sv\/wp-json\/wp\/v2\/product"}],"about":[{"href":"https:\/\/vmsport.fi\/sv\/wp-json\/wp\/v2\/types\/product"}],"replies":[{"embeddable":true,"href":"https:\/\/vmsport.fi\/sv\/wp-json\/wp\/v2\/comments?post=55551"}],"wp:featuredmedia":[{"embeddable":true,"href":"https:\/\/vmsport.fi\/sv\/wp-json\/wp\/v2\/media\/55550"}],"wp:attachment":[{"href":"https:\/\/vmsport.fi\/sv\/wp-json\/wp\/v2\/media?parent=55551"}],"wp:term":[{"taxonomy":"product_brand","embeddable":true,"href":"https:\/\/vmsport.fi\/sv\/wp-json\/wp\/v2\/product_brand?post=55551"},{"taxonomy":"product_model","embeddable":true,"href":"https:\/\/vmsport.fi\/sv\/wp-json\/wp\/v2\/product_model?post=55551"},{"taxonomy":"product_cat","embeddable":true,"href":"https:\/\/vmsport.fi\/sv\/wp-json\/wp\/v2\/product_cat?post=55551"},{"taxonomy":"product_tag","embeddable":true,"href":"https:\/\/vmsport.fi\/sv\/wp-json\/wp\/v2\/product_tag?post=55551"},{"taxonomy":"industry_terminology","embeddable":true,"href":"https:\/\/vmsport.fi\/sv\/wp-json\/wp\/v2\/industry-terminology?post=55551"}],"curies":[{"name":"wp","href":"https:\/\/api.w.org\/{rel}","templated":true}]}}