{"id":55549,"date":"2025-03-06T00:08:18","date_gmt":"2025-03-05T22:08:18","guid":{"rendered":"https:\/\/vmsport.fi\/verkkokauppa\/Ei-luokiteltu\/bontrager-bontrager-rapid-drive-micro-spline-v2-12-gears-frikranshus\/"},"modified":"2026-01-16T13:25:09","modified_gmt":"2026-01-16T11:25:09","slug":"bontrager-bontrager-rapid-drive-micro-spline-v2-12-vaxlar-frikranshus","status":"publish","type":"product","link":"https:\/\/vmsport.fi\/sv\/verkkokauppa\/varaosat\/kiekot-ja-navat\/navat-ja-osat\/bontrager-bontrager-rapid-drive-micro-spline-v2-12-gears-frikranshus\/","title":{"rendered":"Bontrager Bontrager Rapid Drive Micro Spline v2 12-v\u00e4xlar frikranshus"},"content":{"rendered":"<p>Bontrager Rapid Drive Micro Spline v2 12-v\u00e4xlad frihjulsram \u00e4r s\u00e4rskilt utformad f\u00f6r anv\u00e4ndning med Bontrager Rapid Drive 108-knappar, som kr\u00e4ver ett Micro Spline-kompatibelt \u00e4ndlock. Denna svarta hjulkomponent passar 148 mm OLD-kassettsystem och ger en effektiv l\u00f6sning f\u00f6r uppgradering eller service av hjul. Anv\u00e4ndningen av det fria \u00e4ndlocket f\u00f6rb\u00e4ttrar hjulets prestanda och fungerar som en utm\u00e4rkt del av din hjuloptimering. De sp\u00e4rrkulor och fj\u00e4drar som kr\u00e4vs f\u00f6r installationen s\u00e4ljs separat och b\u00f6r k\u00f6pas vid installationstillf\u00e4llet. Detta s\u00e4kerst\u00e4ller kompatibilitet med de senaste Micro Spline-drivlinjesystemen.<\/p>","protected":false},"excerpt":{"rendered":"<p>Bontrager Rapid Drive Micro Spline v2 12-vaihteinen vapaaratasrunko on suunniteltu erityisesti Bontrager Rapid Drive 108 -napojen kanssa k\u00e4ytett\u00e4v\u00e4ksi, jolloin se vaatii Micro Spline -yhteensopivan p\u00e4\u00e4tykannen. T\u00e4m\u00e4 musta py\u00f6r\u00e4komponentti sopii 148 mm OLD -kasettij\u00e4rjestelmiin ja tarjoaa tehokkaan ratkaisun py\u00f6rien p\u00e4ivitt\u00e4miseen tai huoltamiseen. Vapaakappaleen k\u00e4ytt\u00f6 parantaa py\u00f6r\u00e4n suorituskyky\u00e4, toimien erinomaisena osana py\u00f6r\u00e4si optimointia. Asennuksessa tarvittavat r\u00e4ikk\u00e4pallot ja [&#8230;]<\/p>\n<p><a class=\"btn btn-secondary understrap-read-more-link\" href=\"https:\/\/vmsport.fi\/sv\/verkkokauppa\/varaosat\/kiekot-ja-navat\/navat-ja-osat\/bontrager-bontrager-rapid-drive-micro-spline-v2-12-gears-frikranshus\/\">L\u00e4s mer \u2026<span class=\"screen-reader-text\"> from Bontrager Bontrager Rapid Drive Micro Spline v2 12-gears frikranshus<\/span><\/a><\/p>\n","protected":false},"featured_media":55548,"comment_status":"open","ping_status":"closed","template":"","meta":{"_acf_changed":false,"_improvement_type_select":"improve_an_existing","_thumb_yes_seoaic":false,"_frame_yes_seoaic":false,"seoaic_generate_description":"","seoaic_improve_instructions_prompt":"","seoaic_rollback_content_improvement":"","seoaic_idea_thumbnail_generator":"","thumbnail_generated":false,"thumbnail_generate_prompt":"","seoaic_article_description":"","_supplier_stock_quantity":0},"product_brand":[],"product_model":[],"product_cat":[9248],"product_tag":[],"industry-terminology":[],"class_list":{"0":"post-55549","1":"product","2":"type-product","3":"status-publish","4":"has-post-thumbnail","6":"product_cat-navat-ja-osat","8":"first","9":"instock","10":"taxable","11":"shipping-taxable","12":"purchasable","13":"product-type-simple"},"acf":{"bike_features":null,"overview":{"copy_overview":null,"key_features":null,"statement":"","youtube_url":""}},"yoast_head":"<!-- This site is optimized with the Yoast SEO plugin v27.3 - https:\/\/yoast.com\/product\/yoast-seo-wordpress\/ -->\n<title>Bontrager Bontrager Rapid Drive Micro Spline v2 12-gears frikranshus - VM Sport<\/title>\n<meta name=\"robots\" content=\"index, follow, max-snippet:-1, max-image-preview:large, max-video-preview:-1\" \/>\n<link rel=\"canonical\" href=\"https:\/\/vmsport.fi\/sv\/webbutik\/reservdelar\/skivor-och-nav\/stolpar-och-delar\/bontrager-bontrager-rapid-drive-micro-spline-v2-12-vaxlar-frikranshus\/\" \/>\n<meta property=\"og:locale\" content=\"sv_SE\" \/>\n<meta property=\"og:type\" content=\"article\" \/>\n<meta property=\"og:title\" content=\"Bontrager Bontrager Rapid Drive Micro Spline v2 12-gears frikranshus - VM Sport\" \/>\n<meta property=\"og:description\" content=\"Bontrager Rapid Drive Micro Spline v2 12-vaihteinen vapaaratasrunko on suunniteltu erityisesti Bontrager Rapid Drive 108 -napojen kanssa k\u00e4ytett\u00e4v\u00e4ksi, jolloin se vaatii Micro Spline -yhteensopivan p\u00e4\u00e4tykannen. T\u00e4m\u00e4 musta py\u00f6r\u00e4komponentti sopii 148 mm OLD -kasettij\u00e4rjestelmiin ja tarjoaa tehokkaan ratkaisun py\u00f6rien p\u00e4ivitt\u00e4miseen tai huoltamiseen. Vapaakappaleen k\u00e4ytt\u00f6 parantaa py\u00f6r\u00e4n suorituskyky\u00e4, toimien erinomaisena osana py\u00f6r\u00e4si optimointia. Asennuksessa tarvittavat r\u00e4ikk\u00e4pallot ja [...]L\u00e4s mer \u2026 from Bontrager Bontrager Rapid Drive Micro Spline v2 12-gears frikranshus\" \/>\n<meta property=\"og:url\" content=\"https:\/\/vmsport.fi\/sv\/webbutik\/reservdelar\/skivor-och-nav\/stolpar-och-delar\/bontrager-bontrager-rapid-drive-micro-spline-v2-12-vaxlar-frikranshus\/\" \/>\n<meta property=\"og:site_name\" content=\"VM Sport\" \/>\n<meta property=\"article:publisher\" content=\"https:\/\/www.facebook.com\/Vmsport.fi\/\" \/>\n<meta property=\"article:modified_time\" content=\"2026-01-16T11:25:09+00:00\" \/>\n<meta property=\"og:image\" content=\"https:\/\/vmsport.fi\/wp-content\/uploads\/2025\/03\/n2kIN07mgGYt7OmhjoqfLHg94ggWHw7VYrvmlGJYoHy83EcsC6-1.jpg\" \/>\n\t<meta property=\"og:image:width\" content=\"400\" \/>\n\t<meta property=\"og:image:height\" content=\"300\" \/>\n\t<meta property=\"og:image:type\" content=\"image\/jpeg\" \/>\n<meta name=\"twitter:card\" content=\"summary_large_image\" \/>\n<script type=\"application\/ld+json\" class=\"yoast-schema-graph\">{\"@context\":\"https:\\\/\\\/schema.org\",\"@graph\":[{\"@type\":[\"WebPage\",\"ItemPage\"],\"@id\":\"https:\\\/\\\/vmsport.fi\\\/verkkokauppa\\\/varaosat\\\/kiekot-ja-navat\\\/navat-ja-osat\\\/bontrager-bontrager-rapid-drive-micro-spline-v2-12-gears-frikranshus\\\/\",\"url\":\"https:\\\/\\\/vmsport.fi\\\/verkkokauppa\\\/varaosat\\\/kiekot-ja-navat\\\/navat-ja-osat\\\/bontrager-bontrager-rapid-drive-micro-spline-v2-12-gears-frikranshus\\\/\",\"name\":\"Bontrager Bontrager Rapid Drive Micro Spline v2 12-gears frikranshus - VM Sport\",\"isPartOf\":{\"@id\":\"https:\\\/\\\/vmsport.fi\\\/#website\"},\"primaryImageOfPage\":{\"@id\":\"https:\\\/\\\/vmsport.fi\\\/verkkokauppa\\\/varaosat\\\/kiekot-ja-navat\\\/navat-ja-osat\\\/bontrager-bontrager-rapid-drive-micro-spline-v2-12-gears-frikranshus\\\/#primaryimage\"},\"image\":{\"@id\":\"https:\\\/\\\/vmsport.fi\\\/verkkokauppa\\\/varaosat\\\/kiekot-ja-navat\\\/navat-ja-osat\\\/bontrager-bontrager-rapid-drive-micro-spline-v2-12-gears-frikranshus\\\/#primaryimage\"},\"thumbnailUrl\":\"https:\\\/\\\/vmsport.fi\\\/wp-content\\\/uploads\\\/2025\\\/03\\\/n2kIN07mgGYt7OmhjoqfLHg94ggWHw7VYrvmlGJYoHy83EcsC6-1.jpg\",\"datePublished\":\"2025-03-05T22:08:18+00:00\",\"dateModified\":\"2026-01-16T11:25:09+00:00\",\"breadcrumb\":{\"@id\":\"https:\\\/\\\/vmsport.fi\\\/verkkokauppa\\\/varaosat\\\/kiekot-ja-navat\\\/navat-ja-osat\\\/bontrager-bontrager-rapid-drive-micro-spline-v2-12-gears-frikranshus\\\/#breadcrumb\"},\"inLanguage\":\"sv-SE\",\"potentialAction\":[{\"@type\":\"ReadAction\",\"target\":[\"https:\\\/\\\/vmsport.fi\\\/verkkokauppa\\\/varaosat\\\/kiekot-ja-navat\\\/navat-ja-osat\\\/bontrager-bontrager-rapid-drive-micro-spline-v2-12-gears-frikranshus\\\/\"]}]},{\"@type\":\"ImageObject\",\"inLanguage\":\"sv-SE\",\"@id\":\"https:\\\/\\\/vmsport.fi\\\/verkkokauppa\\\/varaosat\\\/kiekot-ja-navat\\\/navat-ja-osat\\\/bontrager-bontrager-rapid-drive-micro-spline-v2-12-gears-frikranshus\\\/#primaryimage\",\"url\":\"https:\\\/\\\/vmsport.fi\\\/wp-content\\\/uploads\\\/2025\\\/03\\\/n2kIN07mgGYt7OmhjoqfLHg94ggWHw7VYrvmlGJYoHy83EcsC6-1.jpg\",\"contentUrl\":\"https:\\\/\\\/vmsport.fi\\\/wp-content\\\/uploads\\\/2025\\\/03\\\/n2kIN07mgGYt7OmhjoqfLHg94ggWHw7VYrvmlGJYoHy83EcsC6-1.jpg\",\"width\":400,\"height\":300,\"caption\":\"n2kIN07mgGYt7OmhjoqfLHg94ggWHw7VYrvmlGJYoHy83EcsC6\"},{\"@type\":\"BreadcrumbList\",\"@id\":\"https:\\\/\\\/vmsport.fi\\\/verkkokauppa\\\/varaosat\\\/kiekot-ja-navat\\\/navat-ja-osat\\\/bontrager-bontrager-rapid-drive-micro-spline-v2-12-gears-frikranshus\\\/#breadcrumb\",\"itemListElement\":[{\"@type\":\"ListItem\",\"position\":1,\"name\":\"Etusivu\",\"item\":\"https:\\\/\\\/vmsport.fi\\\/\"},{\"@type\":\"ListItem\",\"position\":2,\"name\":\"Online Store\",\"item\":\"https:\\\/\\\/vmsport.fi\\\/en\\\/online-store\\\/\"},{\"@type\":\"ListItem\",\"position\":3,\"name\":\"Bontrager Bontrager Rapid Drive Micro Spline v2 12-gears frikranshus\"}]},{\"@type\":\"WebSite\",\"@id\":\"https:\\\/\\\/vmsport.fi\\\/#website\",\"url\":\"https:\\\/\\\/vmsport.fi\\\/\",\"name\":\"Vmsport\",\"description\":\"Kaikki py\u00f6r\u00e4ilyyn yhdest\u00e4 paikasta\",\"publisher\":{\"@id\":\"https:\\\/\\\/vmsport.fi\\\/#organization\"},\"potentialAction\":[{\"@type\":\"SearchAction\",\"target\":{\"@type\":\"EntryPoint\",\"urlTemplate\":\"https:\\\/\\\/vmsport.fi\\\/?s={search_term_string}\"},\"query-input\":{\"@type\":\"PropertyValueSpecification\",\"valueRequired\":true,\"valueName\":\"search_term_string\"}}],\"inLanguage\":\"sv-SE\"},{\"@type\":\"Organization\",\"@id\":\"https:\\\/\\\/vmsport.fi\\\/#organization\",\"name\":\"Vmsport\",\"url\":\"https:\\\/\\\/vmsport.fi\\\/\",\"logo\":{\"@type\":\"ImageObject\",\"inLanguage\":\"sv-SE\",\"@id\":\"https:\\\/\\\/vmsport.fi\\\/#\\\/schema\\\/logo\\\/image\\\/\",\"url\":\"https:\\\/\\\/vmsport.fi\\\/wp-content\\\/uploads\\\/2024\\\/12\\\/vm_sport_RGB_horisontal-e1734526017575.png\",\"contentUrl\":\"https:\\\/\\\/vmsport.fi\\\/wp-content\\\/uploads\\\/2024\\\/12\\\/vm_sport_RGB_horisontal-e1734526017575.png\",\"width\":668,\"height\":85,\"caption\":\"Vmsport\"},\"image\":{\"@id\":\"https:\\\/\\\/vmsport.fi\\\/#\\\/schema\\\/logo\\\/image\\\/\"},\"sameAs\":[\"https:\\\/\\\/www.facebook.com\\\/Vmsport.fi\\\/\",\"https:\\\/\\\/www.instagram.com\\\/vmsport\\\/\"]}]}<\/script>\n<!-- \/ Yoast SEO plugin. -->","yoast_head_json":{"title":"Bontrager Bontrager Rapid Drive Micro Spline v2 12-v\u00e4xlar frikranshus - VM Sport","robots":{"index":"index","follow":"follow","max-snippet":"max-snippet:-1","max-image-preview":"max-image-preview:large","max-video-preview":"max-video-preview:-1"},"canonical":"https:\/\/vmsport.fi\/sv\/webbutik\/reservdelar\/skivor-och-nav\/stolpar-och-delar\/bontrager-bontrager-rapid-drive-micro-spline-v2-12-vaxlar-frikranshus\/","og_locale":"sv_SE","og_type":"article","og_title":"Bontrager Bontrager Rapid Drive Micro Spline v2 12-gears frikranshus - VM Sport","og_description":"Bontrager Rapid Drive Micro Spline v2 12-vaihteinen vapaaratasrunko on suunniteltu erityisesti Bontrager Rapid Drive 108 -napojen kanssa k\u00e4ytett\u00e4v\u00e4ksi, jolloin se vaatii Micro Spline -yhteensopivan p\u00e4\u00e4tykannen. T\u00e4m\u00e4 musta py\u00f6r\u00e4komponentti sopii 148 mm OLD -kasettij\u00e4rjestelmiin ja tarjoaa tehokkaan ratkaisun py\u00f6rien p\u00e4ivitt\u00e4miseen tai huoltamiseen. Vapaakappaleen k\u00e4ytt\u00f6 parantaa py\u00f6r\u00e4n suorituskyky\u00e4, toimien erinomaisena osana py\u00f6r\u00e4si optimointia. Asennuksessa tarvittavat r\u00e4ikk\u00e4pallot ja [...]L\u00e4s mer \u2026 from Bontrager Bontrager Rapid Drive Micro Spline v2 12-gears frikranshus","og_url":"https:\/\/vmsport.fi\/sv\/webbutik\/reservdelar\/skivor-och-nav\/stolpar-och-delar\/bontrager-bontrager-rapid-drive-micro-spline-v2-12-vaxlar-frikranshus\/","og_site_name":"VM Sport","article_publisher":"https:\/\/www.facebook.com\/Vmsport.fi\/","article_modified_time":"2026-01-16T11:25:09+00:00","og_image":[{"width":400,"height":300,"url":"https:\/\/vmsport.fi\/wp-content\/uploads\/2025\/03\/n2kIN07mgGYt7OmhjoqfLHg94ggWHw7VYrvmlGJYoHy83EcsC6-1.jpg","type":"image\/jpeg"}],"twitter_card":"summary_large_image","schema":{"@context":"https:\/\/schema.org","@graph":[{"@type":["WebPage","ItemPage"],"@id":"https:\/\/vmsport.fi\/verkkokauppa\/varaosat\/kiekot-ja-navat\/navat-ja-osat\/bontrager-bontrager-rapid-drive-micro-spline-v2-12-gears-frikranshus\/","url":"https:\/\/vmsport.fi\/verkkokauppa\/varaosat\/kiekot-ja-navat\/navat-ja-osat\/bontrager-bontrager-rapid-drive-micro-spline-v2-12-gears-frikranshus\/","name":"Bontrager Bontrager Rapid Drive Micro Spline v2 12-v\u00e4xlar frikranshus - VM Sport","isPartOf":{"@id":"https:\/\/vmsport.fi\/#website"},"primaryImageOfPage":{"@id":"https:\/\/vmsport.fi\/verkkokauppa\/varaosat\/kiekot-ja-navat\/navat-ja-osat\/bontrager-bontrager-rapid-drive-micro-spline-v2-12-gears-frikranshus\/#primaryimage"},"image":{"@id":"https:\/\/vmsport.fi\/verkkokauppa\/varaosat\/kiekot-ja-navat\/navat-ja-osat\/bontrager-bontrager-rapid-drive-micro-spline-v2-12-gears-frikranshus\/#primaryimage"},"thumbnailUrl":"https:\/\/vmsport.fi\/wp-content\/uploads\/2025\/03\/n2kIN07mgGYt7OmhjoqfLHg94ggWHw7VYrvmlGJYoHy83EcsC6-1.jpg","datePublished":"2025-03-05T22:08:18+00:00","dateModified":"2026-01-16T11:25:09+00:00","breadcrumb":{"@id":"https:\/\/vmsport.fi\/verkkokauppa\/varaosat\/kiekot-ja-navat\/navat-ja-osat\/bontrager-bontrager-rapid-drive-micro-spline-v2-12-gears-frikranshus\/#breadcrumb"},"inLanguage":"sv-SE","potentialAction":[{"@type":"ReadAction","target":["https:\/\/vmsport.fi\/verkkokauppa\/varaosat\/kiekot-ja-navat\/navat-ja-osat\/bontrager-bontrager-rapid-drive-micro-spline-v2-12-gears-frikranshus\/"]}]},{"@type":"ImageObject","inLanguage":"sv-SE","@id":"https:\/\/vmsport.fi\/verkkokauppa\/varaosat\/kiekot-ja-navat\/navat-ja-osat\/bontrager-bontrager-rapid-drive-micro-spline-v2-12-gears-frikranshus\/#primaryimage","url":"https:\/\/vmsport.fi\/wp-content\/uploads\/2025\/03\/n2kIN07mgGYt7OmhjoqfLHg94ggWHw7VYrvmlGJYoHy83EcsC6-1.jpg","contentUrl":"https:\/\/vmsport.fi\/wp-content\/uploads\/2025\/03\/n2kIN07mgGYt7OmhjoqfLHg94ggWHw7VYrvmlGJYoHy83EcsC6-1.jpg","width":400,"height":300,"caption":"n2kIN07mgGYt7OmhjoqfLHg94ggWHw7VYrvmlGJYoHy83EcsC6"},{"@type":"BreadcrumbList","@id":"https:\/\/vmsport.fi\/verkkokauppa\/varaosat\/kiekot-ja-navat\/navat-ja-osat\/bontrager-bontrager-rapid-drive-micro-spline-v2-12-gears-frikranshus\/#breadcrumb","itemListElement":[{"@type":"ListItem","position":1,"name":"Etusivu","item":"https:\/\/vmsport.fi\/"},{"@type":"ListItem","position":2,"name":"Online Store","item":"https:\/\/vmsport.fi\/en\/online-store\/"},{"@type":"ListItem","position":3,"name":"Bontrager Bontrager Rapid Drive Micro Spline v2 12-gears frikranshus"}]},{"@type":"WebSite","@id":"https:\/\/vmsport.fi\/#website","url":"https:\/\/vmsport.fi\/","name":"Vmsport","description":"Allt p\u00e5 ett st\u00e4lle f\u00f6r cykling","publisher":{"@id":"https:\/\/vmsport.fi\/#organization"},"potentialAction":[{"@type":"SearchAction","target":{"@type":"EntryPoint","urlTemplate":"https:\/\/vmsport.fi\/?s={search_term_string}"},"query-input":{"@type":"PropertyValueSpecification","valueRequired":true,"valueName":"search_term_string"}}],"inLanguage":"sv-SE"},{"@type":"Organization","@id":"https:\/\/vmsport.fi\/#organization","name":"Vmsport","url":"https:\/\/vmsport.fi\/","logo":{"@type":"ImageObject","inLanguage":"sv-SE","@id":"https:\/\/vmsport.fi\/#\/schema\/logo\/image\/","url":"https:\/\/vmsport.fi\/wp-content\/uploads\/2024\/12\/vm_sport_RGB_horisontal-e1734526017575.png","contentUrl":"https:\/\/vmsport.fi\/wp-content\/uploads\/2024\/12\/vm_sport_RGB_horisontal-e1734526017575.png","width":668,"height":85,"caption":"Vmsport"},"image":{"@id":"https:\/\/vmsport.fi\/#\/schema\/logo\/image\/"},"sameAs":["https:\/\/www.facebook.com\/Vmsport.fi\/","https:\/\/www.instagram.com\/vmsport\/"]}]}},"global_unique_id":"","_links":{"self":[{"href":"https:\/\/vmsport.fi\/sv\/wp-json\/wp\/v2\/product\/55549","targetHints":{"allow":["GET"]}}],"collection":[{"href":"https:\/\/vmsport.fi\/sv\/wp-json\/wp\/v2\/product"}],"about":[{"href":"https:\/\/vmsport.fi\/sv\/wp-json\/wp\/v2\/types\/product"}],"replies":[{"embeddable":true,"href":"https:\/\/vmsport.fi\/sv\/wp-json\/wp\/v2\/comments?post=55549"}],"wp:featuredmedia":[{"embeddable":true,"href":"https:\/\/vmsport.fi\/sv\/wp-json\/wp\/v2\/media\/55548"}],"wp:attachment":[{"href":"https:\/\/vmsport.fi\/sv\/wp-json\/wp\/v2\/media?parent=55549"}],"wp:term":[{"taxonomy":"product_brand","embeddable":true,"href":"https:\/\/vmsport.fi\/sv\/wp-json\/wp\/v2\/product_brand?post=55549"},{"taxonomy":"product_model","embeddable":true,"href":"https:\/\/vmsport.fi\/sv\/wp-json\/wp\/v2\/product_model?post=55549"},{"taxonomy":"product_cat","embeddable":true,"href":"https:\/\/vmsport.fi\/sv\/wp-json\/wp\/v2\/product_cat?post=55549"},{"taxonomy":"product_tag","embeddable":true,"href":"https:\/\/vmsport.fi\/sv\/wp-json\/wp\/v2\/product_tag?post=55549"},{"taxonomy":"industry_terminology","embeddable":true,"href":"https:\/\/vmsport.fi\/sv\/wp-json\/wp\/v2\/industry-terminology?post=55549"}],"curies":[{"name":"wp","href":"https:\/\/api.w.org\/{rel}","templated":true}]}}