{"id":55545,"date":"2025-03-06T00:08:16","date_gmt":"2025-03-05T22:08:16","guid":{"rendered":"https:\/\/vmsport.fi\/verkkokauppa\/Ei-luokiteltu\/stronglight-crank-arm-magan-4-isis-170-mm-matt-black-bosch-gen-2-4-2\/"},"modified":"2026-04-22T15:07:22","modified_gmt":"2026-04-22T12:07:22","slug":"stronglight-vevarm-magan-4-isis-170-mm-matt-svart-bosch-gen-2-4-2","status":"publish","type":"product","link":"https:\/\/vmsport.fi\/sv\/verkkokauppa\/varaosat\/sahkopyorien-osat\/sahkopyorien-osat-sahkopyorien-osat\/stronglight-crank-arm-magan-4-isis-170-mm-matt-black-bosch-gen-2-4-2\/","title":{"rendered":"STRONGLIGHT Vevarm MAGAN 4 ISIS 170 mm Matt svart Bosch Gen 2 &amp; 4"},"content":{"rendered":"<p>STRONGLIGHT Vevarm MAGAN 4 ISIS 170 mm Matt Black \u00e4r en h\u00f6gkvalitativ reservdel som passar m\u00e5nga elcyklar. Den \u00e4r kompatibel med Bosch 2:a och 4:e generationens motorer, vilket avsev\u00e4rt ut\u00f6kar dess anv\u00e4ndningsomr\u00e5den. ISIS-monteringssystemet s\u00e4kerst\u00e4ller en exakt och s\u00e4ker installation, vilket f\u00f6rb\u00e4ttrar cykelns prestanda. Veven \u00e4r tillverkad av t\u00e5ligt 6061-T6-aluminium och har en snygg, slitstark mattsvart anodiserad yta. Vevarmsl\u00e4ngden \u00e4r 170 mm och satsen inneh\u00e5ller b\u00e5de v\u00e4nster och h\u00f6ger vevarm, vilket g\u00f6r installationen enkel och ger b\u00e4sta m\u00f6jliga motorprestanda.<\/p>","protected":false},"excerpt":{"rendered":"<p>STRONGLIGHT Crank Arm MAGAN 4 ISIS 170 mm Matt Black on korkealaatuinen varaosa, joka sopii moniin s\u00e4hk\u00f6py\u00f6riin. Se on yhteensopiva Boschin 2. ja 4. sukupolven moottorien kanssa, mik\u00e4 laajentaa sen k\u00e4ytt\u00f6kohteita merkitt\u00e4v\u00e4sti. ISIS-kiinnitysj\u00e4rjestelm\u00e4 takaa tarkan ja varman asennuksen, joka parantaa py\u00f6r\u00e4n suorituskyky\u00e4. Kampi on valmistettu kest\u00e4v\u00e4st\u00e4 6061-T6-alumiinista ja sen pinnassa on tyylik\u00e4s, kulutusta kest\u00e4v\u00e4 mattamusta [&#8230;]<\/p>\n<p><a class=\"btn btn-secondary understrap-read-more-link\" href=\"https:\/\/vmsport.fi\/sv\/verkkokauppa\/varaosat\/sahkopyorien-osat\/sahkopyorien-osat-sahkopyorien-osat\/stronglight-crank-arm-magan-4-isis-170-mm-matt-black-bosch-gen-2-4-2\/\">L\u00e4s mer \u2026<span class=\"screen-reader-text\"> from STRONGLIGHT Crank arm MAGAN 4 ISIS 170 mm Matt black Bosch Gen 2 &amp; 4<\/span><\/a><\/p>\n","protected":false},"featured_media":55544,"comment_status":"open","ping_status":"closed","template":"","meta":{"_acf_changed":false,"_improvement_type_select":"improve_an_existing","_thumb_yes_seoaic":false,"_frame_yes_seoaic":false,"seoaic_generate_description":"","seoaic_improve_instructions_prompt":"","seoaic_rollback_content_improvement":"","seoaic_idea_thumbnail_generator":"","thumbnail_generated":false,"thumbnail_generate_prompt":"","seoaic_article_description":"","_supplier_stock_quantity":0},"product_brand":[],"product_model":[],"product_cat":[9482],"product_tag":[],"industry-terminology":[],"class_list":{"0":"post-55545","1":"product","2":"type-product","3":"status-publish","4":"has-post-thumbnail","6":"product_cat-sahkopyorien-osat-sahkopyorien-osat","8":"first","9":"outofstock","10":"taxable","11":"shipping-taxable","12":"product-type-simple"},"acf":{"bike_features":null,"overview":{"copy_overview":null,"key_features":null,"statement":"","youtube_url":""}},"yoast_head":"<!-- This site is optimized with the Yoast SEO plugin v27.4 - https:\/\/yoast.com\/product\/yoast-seo-wordpress\/ -->\n<title>STRONGLIGHT Crank arm MAGAN 4 ISIS 170 mm Matt black Bosch Gen 2 &amp; 4 - VM Sport<\/title>\n<meta name=\"robots\" content=\"index, follow, max-snippet:-1, max-image-preview:large, max-video-preview:-1\" \/>\n<link rel=\"canonical\" href=\"https:\/\/vmsport.fi\/sv\/webbutik\/reservdelar\/delar-av-sagbockar\/delar-av-sagbock-delar-av-sagbock\/stronglight-vevarm-magan-4-isis-170-mm-matt-svart-bosch-gen-2-4-2\/\" \/>\n<meta property=\"og:locale\" content=\"sv_SE\" \/>\n<meta property=\"og:type\" content=\"article\" \/>\n<meta property=\"og:title\" content=\"STRONGLIGHT Crank arm MAGAN 4 ISIS 170 mm Matt black Bosch Gen 2 &amp; 4 - VM Sport\" \/>\n<meta property=\"og:description\" content=\"STRONGLIGHT Crank Arm MAGAN 4 ISIS 170 mm Matt Black on korkealaatuinen varaosa, joka sopii moniin s\u00e4hk\u00f6py\u00f6riin. Se on yhteensopiva Boschin 2. ja 4. sukupolven moottorien kanssa, mik\u00e4 laajentaa sen k\u00e4ytt\u00f6kohteita merkitt\u00e4v\u00e4sti. ISIS-kiinnitysj\u00e4rjestelm\u00e4 takaa tarkan ja varman asennuksen, joka parantaa py\u00f6r\u00e4n suorituskyky\u00e4. Kampi on valmistettu kest\u00e4v\u00e4st\u00e4 6061-T6-alumiinista ja sen pinnassa on tyylik\u00e4s, kulutusta kest\u00e4v\u00e4 mattamusta [...]L\u00e4s mer \u2026 from STRONGLIGHT Crank arm MAGAN 4 ISIS 170 mm Matt black Bosch Gen 2 &amp; 4\" \/>\n<meta property=\"og:url\" content=\"https:\/\/vmsport.fi\/sv\/webbutik\/reservdelar\/delar-av-sagbockar\/delar-av-sagbock-delar-av-sagbock\/stronglight-vevarm-magan-4-isis-170-mm-matt-svart-bosch-gen-2-4-2\/\" \/>\n<meta property=\"og:site_name\" content=\"VM Sport\" \/>\n<meta property=\"article:publisher\" content=\"https:\/\/www.facebook.com\/Vmsport.fi\/\" \/>\n<meta property=\"article:modified_time\" content=\"2026-04-22T12:07:22+00:00\" \/>\n<meta property=\"og:image\" content=\"https:\/\/vmsport.fi\/wp-content\/uploads\/2025\/03\/110027-large-1.jpg\" \/>\n\t<meta property=\"og:image:width\" content=\"1000\" \/>\n\t<meta property=\"og:image:height\" content=\"750\" \/>\n\t<meta property=\"og:image:type\" content=\"image\/jpeg\" \/>\n<meta name=\"twitter:card\" content=\"summary_large_image\" \/>\n<script type=\"application\/ld+json\" class=\"yoast-schema-graph\">{\"@context\":\"https:\\\/\\\/schema.org\",\"@graph\":[{\"@type\":[\"WebPage\",\"ItemPage\"],\"@id\":\"https:\\\/\\\/vmsport.fi\\\/verkkokauppa\\\/varaosat\\\/sahkopyorien-osat\\\/sahkopyorien-osat-sahkopyorien-osat\\\/stronglight-crank-arm-magan-4-isis-170-mm-matt-black-bosch-gen-2-4-2\\\/\",\"url\":\"https:\\\/\\\/vmsport.fi\\\/verkkokauppa\\\/varaosat\\\/sahkopyorien-osat\\\/sahkopyorien-osat-sahkopyorien-osat\\\/stronglight-crank-arm-magan-4-isis-170-mm-matt-black-bosch-gen-2-4-2\\\/\",\"name\":\"STRONGLIGHT Crank arm MAGAN 4 ISIS 170 mm Matt black Bosch Gen 2 &amp; 4 - VM Sport\",\"isPartOf\":{\"@id\":\"https:\\\/\\\/vmsport.fi\\\/#website\"},\"primaryImageOfPage\":{\"@id\":\"https:\\\/\\\/vmsport.fi\\\/verkkokauppa\\\/varaosat\\\/sahkopyorien-osat\\\/sahkopyorien-osat-sahkopyorien-osat\\\/stronglight-crank-arm-magan-4-isis-170-mm-matt-black-bosch-gen-2-4-2\\\/#primaryimage\"},\"image\":{\"@id\":\"https:\\\/\\\/vmsport.fi\\\/verkkokauppa\\\/varaosat\\\/sahkopyorien-osat\\\/sahkopyorien-osat-sahkopyorien-osat\\\/stronglight-crank-arm-magan-4-isis-170-mm-matt-black-bosch-gen-2-4-2\\\/#primaryimage\"},\"thumbnailUrl\":\"https:\\\/\\\/vmsport.fi\\\/wp-content\\\/uploads\\\/2025\\\/03\\\/110027-large-1.jpg\",\"datePublished\":\"2025-03-05T22:08:16+00:00\",\"dateModified\":\"2026-04-22T12:07:22+00:00\",\"breadcrumb\":{\"@id\":\"https:\\\/\\\/vmsport.fi\\\/verkkokauppa\\\/varaosat\\\/sahkopyorien-osat\\\/sahkopyorien-osat-sahkopyorien-osat\\\/stronglight-crank-arm-magan-4-isis-170-mm-matt-black-bosch-gen-2-4-2\\\/#breadcrumb\"},\"inLanguage\":\"sv-SE\",\"potentialAction\":[{\"@type\":\"ReadAction\",\"target\":[\"https:\\\/\\\/vmsport.fi\\\/verkkokauppa\\\/varaosat\\\/sahkopyorien-osat\\\/sahkopyorien-osat-sahkopyorien-osat\\\/stronglight-crank-arm-magan-4-isis-170-mm-matt-black-bosch-gen-2-4-2\\\/\"]}]},{\"@type\":\"ImageObject\",\"inLanguage\":\"sv-SE\",\"@id\":\"https:\\\/\\\/vmsport.fi\\\/verkkokauppa\\\/varaosat\\\/sahkopyorien-osat\\\/sahkopyorien-osat-sahkopyorien-osat\\\/stronglight-crank-arm-magan-4-isis-170-mm-matt-black-bosch-gen-2-4-2\\\/#primaryimage\",\"url\":\"https:\\\/\\\/vmsport.fi\\\/wp-content\\\/uploads\\\/2025\\\/03\\\/110027-large-1.jpg\",\"contentUrl\":\"https:\\\/\\\/vmsport.fi\\\/wp-content\\\/uploads\\\/2025\\\/03\\\/110027-large-1.jpg\",\"width\":1000,\"height\":750,\"caption\":\"110027-large\"},{\"@type\":\"BreadcrumbList\",\"@id\":\"https:\\\/\\\/vmsport.fi\\\/verkkokauppa\\\/varaosat\\\/sahkopyorien-osat\\\/sahkopyorien-osat-sahkopyorien-osat\\\/stronglight-crank-arm-magan-4-isis-170-mm-matt-black-bosch-gen-2-4-2\\\/#breadcrumb\",\"itemListElement\":[{\"@type\":\"ListItem\",\"position\":1,\"name\":\"Etusivu\",\"item\":\"https:\\\/\\\/vmsport.fi\\\/\"},{\"@type\":\"ListItem\",\"position\":2,\"name\":\"Online Store\",\"item\":\"https:\\\/\\\/vmsport.fi\\\/en\\\/online-store\\\/\"},{\"@type\":\"ListItem\",\"position\":3,\"name\":\"STRONGLIGHT Crank arm MAGAN 4 ISIS 170 mm Matt black Bosch Gen 2 &amp; 4\"}]},{\"@type\":\"WebSite\",\"@id\":\"https:\\\/\\\/vmsport.fi\\\/#website\",\"url\":\"https:\\\/\\\/vmsport.fi\\\/\",\"name\":\"Vmsport\",\"description\":\"Kaikki py\u00f6r\u00e4ilyyn yhdest\u00e4 paikasta\",\"publisher\":{\"@id\":\"https:\\\/\\\/vmsport.fi\\\/#organization\"},\"potentialAction\":[{\"@type\":\"SearchAction\",\"target\":{\"@type\":\"EntryPoint\",\"urlTemplate\":\"https:\\\/\\\/vmsport.fi\\\/?s={search_term_string}\"},\"query-input\":{\"@type\":\"PropertyValueSpecification\",\"valueRequired\":true,\"valueName\":\"search_term_string\"}}],\"inLanguage\":\"sv-SE\"},{\"@type\":\"Organization\",\"@id\":\"https:\\\/\\\/vmsport.fi\\\/#organization\",\"name\":\"Vmsport\",\"url\":\"https:\\\/\\\/vmsport.fi\\\/\",\"logo\":{\"@type\":\"ImageObject\",\"inLanguage\":\"sv-SE\",\"@id\":\"https:\\\/\\\/vmsport.fi\\\/#\\\/schema\\\/logo\\\/image\\\/\",\"url\":\"https:\\\/\\\/vmsport.fi\\\/wp-content\\\/uploads\\\/2024\\\/12\\\/vm_sport_RGB_horisontal-e1734526017575.png\",\"contentUrl\":\"https:\\\/\\\/vmsport.fi\\\/wp-content\\\/uploads\\\/2024\\\/12\\\/vm_sport_RGB_horisontal-e1734526017575.png\",\"width\":668,\"height\":85,\"caption\":\"Vmsport\"},\"image\":{\"@id\":\"https:\\\/\\\/vmsport.fi\\\/#\\\/schema\\\/logo\\\/image\\\/\"},\"sameAs\":[\"https:\\\/\\\/www.facebook.com\\\/Vmsport.fi\\\/\",\"https:\\\/\\\/www.instagram.com\\\/vmsport\\\/\"]}]}<\/script>\n<!-- \/ Yoast SEO plugin. -->","yoast_head_json":{"title":"STRONGLIGHT Vevarm MAGAN 4 ISIS 170 mm matt svart Bosch Gen 2 &amp; 4 - VM Sport","robots":{"index":"index","follow":"follow","max-snippet":"max-snippet:-1","max-image-preview":"max-image-preview:large","max-video-preview":"max-video-preview:-1"},"canonical":"https:\/\/vmsport.fi\/sv\/webbutik\/reservdelar\/delar-av-sagbockar\/delar-av-sagbock-delar-av-sagbock\/stronglight-vevarm-magan-4-isis-170-mm-matt-svart-bosch-gen-2-4-2\/","og_locale":"sv_SE","og_type":"article","og_title":"STRONGLIGHT Crank arm MAGAN 4 ISIS 170 mm Matt black Bosch Gen 2 &amp; 4 - VM Sport","og_description":"STRONGLIGHT Crank Arm MAGAN 4 ISIS 170 mm Matt Black on korkealaatuinen varaosa, joka sopii moniin s\u00e4hk\u00f6py\u00f6riin. Se on yhteensopiva Boschin 2. ja 4. sukupolven moottorien kanssa, mik\u00e4 laajentaa sen k\u00e4ytt\u00f6kohteita merkitt\u00e4v\u00e4sti. ISIS-kiinnitysj\u00e4rjestelm\u00e4 takaa tarkan ja varman asennuksen, joka parantaa py\u00f6r\u00e4n suorituskyky\u00e4. Kampi on valmistettu kest\u00e4v\u00e4st\u00e4 6061-T6-alumiinista ja sen pinnassa on tyylik\u00e4s, kulutusta kest\u00e4v\u00e4 mattamusta [...]L\u00e4s mer \u2026 from STRONGLIGHT Crank arm MAGAN 4 ISIS 170 mm Matt black Bosch Gen 2 &amp; 4","og_url":"https:\/\/vmsport.fi\/sv\/webbutik\/reservdelar\/delar-av-sagbockar\/delar-av-sagbock-delar-av-sagbock\/stronglight-vevarm-magan-4-isis-170-mm-matt-svart-bosch-gen-2-4-2\/","og_site_name":"VM Sport","article_publisher":"https:\/\/www.facebook.com\/Vmsport.fi\/","article_modified_time":"2026-04-22T12:07:22+00:00","og_image":[{"width":1000,"height":750,"url":"https:\/\/vmsport.fi\/wp-content\/uploads\/2025\/03\/110027-large-1.jpg","type":"image\/jpeg"}],"twitter_card":"summary_large_image","schema":{"@context":"https:\/\/schema.org","@graph":[{"@type":["WebPage","ItemPage"],"@id":"https:\/\/vmsport.fi\/verkkokauppa\/varaosat\/sahkopyorien-osat\/sahkopyorien-osat-sahkopyorien-osat\/stronglight-crank-arm-magan-4-isis-170-mm-matt-black-bosch-gen-2-4-2\/","url":"https:\/\/vmsport.fi\/verkkokauppa\/varaosat\/sahkopyorien-osat\/sahkopyorien-osat-sahkopyorien-osat\/stronglight-crank-arm-magan-4-isis-170-mm-matt-black-bosch-gen-2-4-2\/","name":"STRONGLIGHT Vevarm MAGAN 4 ISIS 170 mm matt svart Bosch Gen 2 &amp; 4 - VM Sport","isPartOf":{"@id":"https:\/\/vmsport.fi\/#website"},"primaryImageOfPage":{"@id":"https:\/\/vmsport.fi\/verkkokauppa\/varaosat\/sahkopyorien-osat\/sahkopyorien-osat-sahkopyorien-osat\/stronglight-crank-arm-magan-4-isis-170-mm-matt-black-bosch-gen-2-4-2\/#primaryimage"},"image":{"@id":"https:\/\/vmsport.fi\/verkkokauppa\/varaosat\/sahkopyorien-osat\/sahkopyorien-osat-sahkopyorien-osat\/stronglight-crank-arm-magan-4-isis-170-mm-matt-black-bosch-gen-2-4-2\/#primaryimage"},"thumbnailUrl":"https:\/\/vmsport.fi\/wp-content\/uploads\/2025\/03\/110027-large-1.jpg","datePublished":"2025-03-05T22:08:16+00:00","dateModified":"2026-04-22T12:07:22+00:00","breadcrumb":{"@id":"https:\/\/vmsport.fi\/verkkokauppa\/varaosat\/sahkopyorien-osat\/sahkopyorien-osat-sahkopyorien-osat\/stronglight-crank-arm-magan-4-isis-170-mm-matt-black-bosch-gen-2-4-2\/#breadcrumb"},"inLanguage":"sv-SE","potentialAction":[{"@type":"ReadAction","target":["https:\/\/vmsport.fi\/verkkokauppa\/varaosat\/sahkopyorien-osat\/sahkopyorien-osat-sahkopyorien-osat\/stronglight-crank-arm-magan-4-isis-170-mm-matt-black-bosch-gen-2-4-2\/"]}]},{"@type":"ImageObject","inLanguage":"sv-SE","@id":"https:\/\/vmsport.fi\/verkkokauppa\/varaosat\/sahkopyorien-osat\/sahkopyorien-osat-sahkopyorien-osat\/stronglight-crank-arm-magan-4-isis-170-mm-matt-black-bosch-gen-2-4-2\/#primaryimage","url":"https:\/\/vmsport.fi\/wp-content\/uploads\/2025\/03\/110027-large-1.jpg","contentUrl":"https:\/\/vmsport.fi\/wp-content\/uploads\/2025\/03\/110027-large-1.jpg","width":1000,"height":750,"caption":"110027-large"},{"@type":"BreadcrumbList","@id":"https:\/\/vmsport.fi\/verkkokauppa\/varaosat\/sahkopyorien-osat\/sahkopyorien-osat-sahkopyorien-osat\/stronglight-crank-arm-magan-4-isis-170-mm-matt-black-bosch-gen-2-4-2\/#breadcrumb","itemListElement":[{"@type":"ListItem","position":1,"name":"Etusivu","item":"https:\/\/vmsport.fi\/"},{"@type":"ListItem","position":2,"name":"Online Store","item":"https:\/\/vmsport.fi\/en\/online-store\/"},{"@type":"ListItem","position":3,"name":"STRONGLIGHT Crank arm MAGAN 4 ISIS 170 mm Matt black Bosch Gen 2 &amp; 4"}]},{"@type":"WebSite","@id":"https:\/\/vmsport.fi\/#website","url":"https:\/\/vmsport.fi\/","name":"Vmsport","description":"Allt p\u00e5 ett st\u00e4lle f\u00f6r cykling","publisher":{"@id":"https:\/\/vmsport.fi\/#organization"},"potentialAction":[{"@type":"SearchAction","target":{"@type":"EntryPoint","urlTemplate":"https:\/\/vmsport.fi\/?s={search_term_string}"},"query-input":{"@type":"PropertyValueSpecification","valueRequired":true,"valueName":"search_term_string"}}],"inLanguage":"sv-SE"},{"@type":"Organization","@id":"https:\/\/vmsport.fi\/#organization","name":"Vmsport","url":"https:\/\/vmsport.fi\/","logo":{"@type":"ImageObject","inLanguage":"sv-SE","@id":"https:\/\/vmsport.fi\/#\/schema\/logo\/image\/","url":"https:\/\/vmsport.fi\/wp-content\/uploads\/2024\/12\/vm_sport_RGB_horisontal-e1734526017575.png","contentUrl":"https:\/\/vmsport.fi\/wp-content\/uploads\/2024\/12\/vm_sport_RGB_horisontal-e1734526017575.png","width":668,"height":85,"caption":"Vmsport"},"image":{"@id":"https:\/\/vmsport.fi\/#\/schema\/logo\/image\/"},"sameAs":["https:\/\/www.facebook.com\/Vmsport.fi\/","https:\/\/www.instagram.com\/vmsport\/"]}]}},"global_unique_id":"","_links":{"self":[{"href":"https:\/\/vmsport.fi\/sv\/wp-json\/wp\/v2\/product\/55545","targetHints":{"allow":["GET"]}}],"collection":[{"href":"https:\/\/vmsport.fi\/sv\/wp-json\/wp\/v2\/product"}],"about":[{"href":"https:\/\/vmsport.fi\/sv\/wp-json\/wp\/v2\/types\/product"}],"replies":[{"embeddable":true,"href":"https:\/\/vmsport.fi\/sv\/wp-json\/wp\/v2\/comments?post=55545"}],"wp:featuredmedia":[{"embeddable":true,"href":"https:\/\/vmsport.fi\/sv\/wp-json\/wp\/v2\/media\/55544"}],"wp:attachment":[{"href":"https:\/\/vmsport.fi\/sv\/wp-json\/wp\/v2\/media?parent=55545"}],"wp:term":[{"taxonomy":"product_brand","embeddable":true,"href":"https:\/\/vmsport.fi\/sv\/wp-json\/wp\/v2\/product_brand?post=55545"},{"taxonomy":"product_model","embeddable":true,"href":"https:\/\/vmsport.fi\/sv\/wp-json\/wp\/v2\/product_model?post=55545"},{"taxonomy":"product_cat","embeddable":true,"href":"https:\/\/vmsport.fi\/sv\/wp-json\/wp\/v2\/product_cat?post=55545"},{"taxonomy":"product_tag","embeddable":true,"href":"https:\/\/vmsport.fi\/sv\/wp-json\/wp\/v2\/product_tag?post=55545"},{"taxonomy":"industry_terminology","embeddable":true,"href":"https:\/\/vmsport.fi\/sv\/wp-json\/wp\/v2\/industry-terminology?post=55545"}],"curies":[{"name":"wp","href":"https:\/\/api.w.org\/{rel}","templated":true}]}}