{"id":55543,"date":"2025-03-06T00:08:15","date_gmt":"2025-03-05T22:08:15","guid":{"rendered":"https:\/\/vmsport.fi\/verkkokauppa\/Ei-luokiteltu\/keskiotyokalu-shimano-kasettilaakereille\/"},"modified":"2026-01-16T13:23:11","modified_gmt":"2026-01-16T11:23:11","slug":"centrumvaxel-for-shimano-kassettlager","status":"publish","type":"product","link":"https:\/\/vmsport.fi\/sv\/verkkokauppa\/tarvikkeet\/tyokalut\/voimansiirtotyokalut\/keskiotyokalu-shimano-kasettilaakereille\/","title":{"rendered":"Centralt verktyg f\u00f6r Shimano-kassettlager"},"content":{"rendered":"<p>Shimanos centralnavverktyg, som \u00e4r speciellt utformat f\u00f6r service av kassettlager, \u00e4r ett oumb\u00e4rligt verktyg f\u00f6r alla som \u00e4r intresserade av cykelunderh\u00e5ll. Det ergonomiska handtaget g\u00f6r arbetet bekv\u00e4mt och g\u00f6r det enklare att anv\u00e4nda. Den slitstarka svarta konstruktionen garanterar l\u00e5ng livsl\u00e4ngd f\u00f6r hjulunderh\u00e5ll. Det h\u00e4r verktyget \u00e4r ett utm\u00e4rkt val f\u00f6r alla som beh\u00f6ver ett p\u00e5litligt och h\u00e5llbart verktyg f\u00f6r att montera och demontera kassettlager.<\/p>","protected":false},"excerpt":{"rendered":"<p>Shimano-keski\u00f6ty\u00f6kalu, joka on erityisesti suunniteltu kasettilaakereiden huoltoon, on korvaamaton apuv\u00e4line kaikille py\u00f6r\u00e4nhuollosta kiinnostuneille. Sen ergonominen kahva tekee ty\u00f6skentelyst\u00e4 miellytt\u00e4v\u00e4\u00e4 ja parantaa k\u00e4ytt\u00f6mukavuutta. Kest\u00e4v\u00e4 musta rakenne takaa ty\u00f6kalun pitk\u00e4ik\u00e4isen k\u00e4yt\u00f6n py\u00f6r\u00e4n kunnossapidossa. T\u00e4m\u00e4 ty\u00f6kalu on erinomainen valinta kaikille, jotka tarvitsevat luotettavan ja kest\u00e4v\u00e4n v\u00e4lineen kasettilaakerien asennukseen ja irrotukseen. [&#8230;]<\/p>\n<p><a class=\"btn btn-secondary understrap-read-more-link\" href=\"https:\/\/vmsport.fi\/sv\/verkkokauppa\/tarvikkeet\/tyokalut\/voimansiirtotyokalut\/keskiotyokalu-shimano-kasettilaakereille\/\">L\u00e4s mer \u2026<span class=\"screen-reader-text\"> from Keski\u00f6ty\u00f6kalu Shimano kasettilaakereille<\/span><\/a><\/p>\n","protected":false},"featured_media":55542,"comment_status":"open","ping_status":"closed","template":"","meta":{"_acf_changed":false,"_improvement_type_select":"improve_an_existing","_thumb_yes_seoaic":false,"_frame_yes_seoaic":false,"seoaic_generate_description":"","seoaic_improve_instructions_prompt":"","seoaic_rollback_content_improvement":"","seoaic_idea_thumbnail_generator":"","thumbnail_generated":false,"thumbnail_generate_prompt":"","seoaic_article_description":"","_supplier_stock_quantity":0},"product_brand":[],"product_model":[],"product_cat":[9342],"product_tag":[],"industry-terminology":[],"class_list":{"0":"post-55543","1":"product","2":"type-product","3":"status-publish","4":"has-post-thumbnail","6":"product_cat-voimansiirtotyokalut","8":"first","9":"outofstock","10":"taxable","11":"shipping-taxable","12":"product-type-simple"},"acf":{"bike_features":null,"overview":{"copy_overview":null,"key_features":null,"statement":"","youtube_url":""}},"yoast_head":"<!-- This site is optimized with the Yoast SEO plugin v27.3 - https:\/\/yoast.com\/product\/yoast-seo-wordpress\/ -->\n<title>Keski\u00f6ty\u00f6kalu Shimano kasettilaakereille - VM Sport<\/title>\n<meta name=\"robots\" content=\"index, follow, max-snippet:-1, max-image-preview:large, max-video-preview:-1\" \/>\n<link rel=\"canonical\" href=\"https:\/\/vmsport.fi\/sv\/webbutik\/tillbehor\/tyokalut\/transmissionsfasten\/centrumvaxel-for-shimano-kassettlager\/\" \/>\n<meta property=\"og:locale\" content=\"sv_SE\" \/>\n<meta property=\"og:type\" content=\"article\" \/>\n<meta property=\"og:title\" content=\"Keski\u00f6ty\u00f6kalu Shimano kasettilaakereille - VM Sport\" \/>\n<meta property=\"og:description\" content=\"Shimano-keski\u00f6ty\u00f6kalu, joka on erityisesti suunniteltu kasettilaakereiden huoltoon, on korvaamaton apuv\u00e4line kaikille py\u00f6r\u00e4nhuollosta kiinnostuneille. Sen ergonominen kahva tekee ty\u00f6skentelyst\u00e4 miellytt\u00e4v\u00e4\u00e4 ja parantaa k\u00e4ytt\u00f6mukavuutta. Kest\u00e4v\u00e4 musta rakenne takaa ty\u00f6kalun pitk\u00e4ik\u00e4isen k\u00e4yt\u00f6n py\u00f6r\u00e4n kunnossapidossa. T\u00e4m\u00e4 ty\u00f6kalu on erinomainen valinta kaikille, jotka tarvitsevat luotettavan ja kest\u00e4v\u00e4n v\u00e4lineen kasettilaakerien asennukseen ja irrotukseen. [...]L\u00e4s mer \u2026 from Keski\u00f6ty\u00f6kalu Shimano kasettilaakereille\" \/>\n<meta property=\"og:url\" content=\"https:\/\/vmsport.fi\/sv\/webbutik\/tillbehor\/tyokalut\/transmissionsfasten\/centrumvaxel-for-shimano-kassettlager\/\" \/>\n<meta property=\"og:site_name\" content=\"VM Sport\" \/>\n<meta property=\"article:publisher\" content=\"https:\/\/www.facebook.com\/Vmsport.fi\/\" \/>\n<meta property=\"article:modified_time\" content=\"2026-01-16T11:23:11+00:00\" \/>\n<meta property=\"og:image\" content=\"https:\/\/vmsport.fi\/wp-content\/uploads\/2025\/03\/C16amsrLvdeudcAR3g4aLK7ev1S0jYc1yJPhHYhPLXlKszecq7-1.jpg\" \/>\n\t<meta property=\"og:image:width\" content=\"600\" \/>\n\t<meta property=\"og:image:height\" content=\"600\" \/>\n\t<meta property=\"og:image:type\" content=\"image\/jpeg\" \/>\n<meta name=\"twitter:card\" content=\"summary_large_image\" \/>\n<script type=\"application\/ld+json\" class=\"yoast-schema-graph\">{\"@context\":\"https:\\\/\\\/schema.org\",\"@graph\":[{\"@type\":[\"WebPage\",\"ItemPage\"],\"@id\":\"https:\\\/\\\/vmsport.fi\\\/verkkokauppa\\\/tarvikkeet\\\/tyokalut\\\/voimansiirtotyokalut\\\/keskiotyokalu-shimano-kasettilaakereille\\\/\",\"url\":\"https:\\\/\\\/vmsport.fi\\\/verkkokauppa\\\/tarvikkeet\\\/tyokalut\\\/voimansiirtotyokalut\\\/keskiotyokalu-shimano-kasettilaakereille\\\/\",\"name\":\"Keski\u00f6ty\u00f6kalu Shimano kasettilaakereille - VM Sport\",\"isPartOf\":{\"@id\":\"https:\\\/\\\/vmsport.fi\\\/#website\"},\"primaryImageOfPage\":{\"@id\":\"https:\\\/\\\/vmsport.fi\\\/verkkokauppa\\\/tarvikkeet\\\/tyokalut\\\/voimansiirtotyokalut\\\/keskiotyokalu-shimano-kasettilaakereille\\\/#primaryimage\"},\"image\":{\"@id\":\"https:\\\/\\\/vmsport.fi\\\/verkkokauppa\\\/tarvikkeet\\\/tyokalut\\\/voimansiirtotyokalut\\\/keskiotyokalu-shimano-kasettilaakereille\\\/#primaryimage\"},\"thumbnailUrl\":\"https:\\\/\\\/vmsport.fi\\\/wp-content\\\/uploads\\\/2025\\\/03\\\/C16amsrLvdeudcAR3g4aLK7ev1S0jYc1yJPhHYhPLXlKszecq7-1.jpg\",\"datePublished\":\"2025-03-05T22:08:15+00:00\",\"dateModified\":\"2026-01-16T11:23:11+00:00\",\"breadcrumb\":{\"@id\":\"https:\\\/\\\/vmsport.fi\\\/verkkokauppa\\\/tarvikkeet\\\/tyokalut\\\/voimansiirtotyokalut\\\/keskiotyokalu-shimano-kasettilaakereille\\\/#breadcrumb\"},\"inLanguage\":\"sv-SE\",\"potentialAction\":[{\"@type\":\"ReadAction\",\"target\":[\"https:\\\/\\\/vmsport.fi\\\/verkkokauppa\\\/tarvikkeet\\\/tyokalut\\\/voimansiirtotyokalut\\\/keskiotyokalu-shimano-kasettilaakereille\\\/\"]}]},{\"@type\":\"ImageObject\",\"inLanguage\":\"sv-SE\",\"@id\":\"https:\\\/\\\/vmsport.fi\\\/verkkokauppa\\\/tarvikkeet\\\/tyokalut\\\/voimansiirtotyokalut\\\/keskiotyokalu-shimano-kasettilaakereille\\\/#primaryimage\",\"url\":\"https:\\\/\\\/vmsport.fi\\\/wp-content\\\/uploads\\\/2025\\\/03\\\/C16amsrLvdeudcAR3g4aLK7ev1S0jYc1yJPhHYhPLXlKszecq7-1.jpg\",\"contentUrl\":\"https:\\\/\\\/vmsport.fi\\\/wp-content\\\/uploads\\\/2025\\\/03\\\/C16amsrLvdeudcAR3g4aLK7ev1S0jYc1yJPhHYhPLXlKszecq7-1.jpg\",\"width\":600,\"height\":600,\"caption\":\"C16amsrLvdeudcAR3g4aLK7ev1S0jYc1yJPhHYhPLXlKszecq7\"},{\"@type\":\"BreadcrumbList\",\"@id\":\"https:\\\/\\\/vmsport.fi\\\/verkkokauppa\\\/tarvikkeet\\\/tyokalut\\\/voimansiirtotyokalut\\\/keskiotyokalu-shimano-kasettilaakereille\\\/#breadcrumb\",\"itemListElement\":[{\"@type\":\"ListItem\",\"position\":1,\"name\":\"Etusivu\",\"item\":\"https:\\\/\\\/vmsport.fi\\\/\"},{\"@type\":\"ListItem\",\"position\":2,\"name\":\"Online Store\",\"item\":\"https:\\\/\\\/vmsport.fi\\\/en\\\/online-store\\\/\"},{\"@type\":\"ListItem\",\"position\":3,\"name\":\"Keski\u00f6ty\u00f6kalu Shimano kasettilaakereille\"}]},{\"@type\":\"WebSite\",\"@id\":\"https:\\\/\\\/vmsport.fi\\\/#website\",\"url\":\"https:\\\/\\\/vmsport.fi\\\/\",\"name\":\"Vmsport\",\"description\":\"Kaikki py\u00f6r\u00e4ilyyn yhdest\u00e4 paikasta\",\"publisher\":{\"@id\":\"https:\\\/\\\/vmsport.fi\\\/#organization\"},\"potentialAction\":[{\"@type\":\"SearchAction\",\"target\":{\"@type\":\"EntryPoint\",\"urlTemplate\":\"https:\\\/\\\/vmsport.fi\\\/?s={search_term_string}\"},\"query-input\":{\"@type\":\"PropertyValueSpecification\",\"valueRequired\":true,\"valueName\":\"search_term_string\"}}],\"inLanguage\":\"sv-SE\"},{\"@type\":\"Organization\",\"@id\":\"https:\\\/\\\/vmsport.fi\\\/#organization\",\"name\":\"Vmsport\",\"url\":\"https:\\\/\\\/vmsport.fi\\\/\",\"logo\":{\"@type\":\"ImageObject\",\"inLanguage\":\"sv-SE\",\"@id\":\"https:\\\/\\\/vmsport.fi\\\/#\\\/schema\\\/logo\\\/image\\\/\",\"url\":\"https:\\\/\\\/vmsport.fi\\\/wp-content\\\/uploads\\\/2024\\\/12\\\/vm_sport_RGB_horisontal-e1734526017575.png\",\"contentUrl\":\"https:\\\/\\\/vmsport.fi\\\/wp-content\\\/uploads\\\/2024\\\/12\\\/vm_sport_RGB_horisontal-e1734526017575.png\",\"width\":668,\"height\":85,\"caption\":\"Vmsport\"},\"image\":{\"@id\":\"https:\\\/\\\/vmsport.fi\\\/#\\\/schema\\\/logo\\\/image\\\/\"},\"sameAs\":[\"https:\\\/\\\/www.facebook.com\\\/Vmsport.fi\\\/\",\"https:\\\/\\\/www.instagram.com\\\/vmsport\\\/\"]}]}<\/script>\n<!-- \/ Yoast SEO plugin. -->","yoast_head_json":{"title":"Centralt verktyg f\u00f6r Shimano-kassettlager - VM Sport","robots":{"index":"index","follow":"follow","max-snippet":"max-snippet:-1","max-image-preview":"max-image-preview:large","max-video-preview":"max-video-preview:-1"},"canonical":"https:\/\/vmsport.fi\/sv\/webbutik\/tillbehor\/tyokalut\/transmissionsfasten\/centrumvaxel-for-shimano-kassettlager\/","og_locale":"sv_SE","og_type":"article","og_title":"Keski\u00f6ty\u00f6kalu Shimano kasettilaakereille - VM Sport","og_description":"Shimano-keski\u00f6ty\u00f6kalu, joka on erityisesti suunniteltu kasettilaakereiden huoltoon, on korvaamaton apuv\u00e4line kaikille py\u00f6r\u00e4nhuollosta kiinnostuneille. Sen ergonominen kahva tekee ty\u00f6skentelyst\u00e4 miellytt\u00e4v\u00e4\u00e4 ja parantaa k\u00e4ytt\u00f6mukavuutta. Kest\u00e4v\u00e4 musta rakenne takaa ty\u00f6kalun pitk\u00e4ik\u00e4isen k\u00e4yt\u00f6n py\u00f6r\u00e4n kunnossapidossa. T\u00e4m\u00e4 ty\u00f6kalu on erinomainen valinta kaikille, jotka tarvitsevat luotettavan ja kest\u00e4v\u00e4n v\u00e4lineen kasettilaakerien asennukseen ja irrotukseen. [...]L\u00e4s mer \u2026 from Keski\u00f6ty\u00f6kalu Shimano kasettilaakereille","og_url":"https:\/\/vmsport.fi\/sv\/webbutik\/tillbehor\/tyokalut\/transmissionsfasten\/centrumvaxel-for-shimano-kassettlager\/","og_site_name":"VM Sport","article_publisher":"https:\/\/www.facebook.com\/Vmsport.fi\/","article_modified_time":"2026-01-16T11:23:11+00:00","og_image":[{"width":600,"height":600,"url":"https:\/\/vmsport.fi\/wp-content\/uploads\/2025\/03\/C16amsrLvdeudcAR3g4aLK7ev1S0jYc1yJPhHYhPLXlKszecq7-1.jpg","type":"image\/jpeg"}],"twitter_card":"summary_large_image","schema":{"@context":"https:\/\/schema.org","@graph":[{"@type":["WebPage","ItemPage"],"@id":"https:\/\/vmsport.fi\/verkkokauppa\/tarvikkeet\/tyokalut\/voimansiirtotyokalut\/keskiotyokalu-shimano-kasettilaakereille\/","url":"https:\/\/vmsport.fi\/verkkokauppa\/tarvikkeet\/tyokalut\/voimansiirtotyokalut\/keskiotyokalu-shimano-kasettilaakereille\/","name":"Centralt verktyg f\u00f6r Shimano-kassettlager - VM Sport","isPartOf":{"@id":"https:\/\/vmsport.fi\/#website"},"primaryImageOfPage":{"@id":"https:\/\/vmsport.fi\/verkkokauppa\/tarvikkeet\/tyokalut\/voimansiirtotyokalut\/keskiotyokalu-shimano-kasettilaakereille\/#primaryimage"},"image":{"@id":"https:\/\/vmsport.fi\/verkkokauppa\/tarvikkeet\/tyokalut\/voimansiirtotyokalut\/keskiotyokalu-shimano-kasettilaakereille\/#primaryimage"},"thumbnailUrl":"https:\/\/vmsport.fi\/wp-content\/uploads\/2025\/03\/C16amsrLvdeudcAR3g4aLK7ev1S0jYc1yJPhHYhPLXlKszecq7-1.jpg","datePublished":"2025-03-05T22:08:15+00:00","dateModified":"2026-01-16T11:23:11+00:00","breadcrumb":{"@id":"https:\/\/vmsport.fi\/verkkokauppa\/tarvikkeet\/tyokalut\/voimansiirtotyokalut\/keskiotyokalu-shimano-kasettilaakereille\/#breadcrumb"},"inLanguage":"sv-SE","potentialAction":[{"@type":"ReadAction","target":["https:\/\/vmsport.fi\/verkkokauppa\/tarvikkeet\/tyokalut\/voimansiirtotyokalut\/keskiotyokalu-shimano-kasettilaakereille\/"]}]},{"@type":"ImageObject","inLanguage":"sv-SE","@id":"https:\/\/vmsport.fi\/verkkokauppa\/tarvikkeet\/tyokalut\/voimansiirtotyokalut\/keskiotyokalu-shimano-kasettilaakereille\/#primaryimage","url":"https:\/\/vmsport.fi\/wp-content\/uploads\/2025\/03\/C16amsrLvdeudcAR3g4aLK7ev1S0jYc1yJPhHYhPLXlKszecq7-1.jpg","contentUrl":"https:\/\/vmsport.fi\/wp-content\/uploads\/2025\/03\/C16amsrLvdeudcAR3g4aLK7ev1S0jYc1yJPhHYhPLXlKszecq7-1.jpg","width":600,"height":600,"caption":"C16amsrLvdeudcAR3g4aLK7ev1S0jYc1yJPhHYhPLXlKszecq7"},{"@type":"BreadcrumbList","@id":"https:\/\/vmsport.fi\/verkkokauppa\/tarvikkeet\/tyokalut\/voimansiirtotyokalut\/keskiotyokalu-shimano-kasettilaakereille\/#breadcrumb","itemListElement":[{"@type":"ListItem","position":1,"name":"Etusivu","item":"https:\/\/vmsport.fi\/"},{"@type":"ListItem","position":2,"name":"Online Store","item":"https:\/\/vmsport.fi\/en\/online-store\/"},{"@type":"ListItem","position":3,"name":"Keski\u00f6ty\u00f6kalu Shimano kasettilaakereille"}]},{"@type":"WebSite","@id":"https:\/\/vmsport.fi\/#website","url":"https:\/\/vmsport.fi\/","name":"Vmsport","description":"Allt p\u00e5 ett st\u00e4lle f\u00f6r cykling","publisher":{"@id":"https:\/\/vmsport.fi\/#organization"},"potentialAction":[{"@type":"SearchAction","target":{"@type":"EntryPoint","urlTemplate":"https:\/\/vmsport.fi\/?s={search_term_string}"},"query-input":{"@type":"PropertyValueSpecification","valueRequired":true,"valueName":"search_term_string"}}],"inLanguage":"sv-SE"},{"@type":"Organization","@id":"https:\/\/vmsport.fi\/#organization","name":"Vmsport","url":"https:\/\/vmsport.fi\/","logo":{"@type":"ImageObject","inLanguage":"sv-SE","@id":"https:\/\/vmsport.fi\/#\/schema\/logo\/image\/","url":"https:\/\/vmsport.fi\/wp-content\/uploads\/2024\/12\/vm_sport_RGB_horisontal-e1734526017575.png","contentUrl":"https:\/\/vmsport.fi\/wp-content\/uploads\/2024\/12\/vm_sport_RGB_horisontal-e1734526017575.png","width":668,"height":85,"caption":"Vmsport"},"image":{"@id":"https:\/\/vmsport.fi\/#\/schema\/logo\/image\/"},"sameAs":["https:\/\/www.facebook.com\/Vmsport.fi\/","https:\/\/www.instagram.com\/vmsport\/"]}]}},"global_unique_id":"","_links":{"self":[{"href":"https:\/\/vmsport.fi\/sv\/wp-json\/wp\/v2\/product\/55543","targetHints":{"allow":["GET"]}}],"collection":[{"href":"https:\/\/vmsport.fi\/sv\/wp-json\/wp\/v2\/product"}],"about":[{"href":"https:\/\/vmsport.fi\/sv\/wp-json\/wp\/v2\/types\/product"}],"replies":[{"embeddable":true,"href":"https:\/\/vmsport.fi\/sv\/wp-json\/wp\/v2\/comments?post=55543"}],"wp:featuredmedia":[{"embeddable":true,"href":"https:\/\/vmsport.fi\/sv\/wp-json\/wp\/v2\/media\/55542"}],"wp:attachment":[{"href":"https:\/\/vmsport.fi\/sv\/wp-json\/wp\/v2\/media?parent=55543"}],"wp:term":[{"taxonomy":"product_brand","embeddable":true,"href":"https:\/\/vmsport.fi\/sv\/wp-json\/wp\/v2\/product_brand?post=55543"},{"taxonomy":"product_model","embeddable":true,"href":"https:\/\/vmsport.fi\/sv\/wp-json\/wp\/v2\/product_model?post=55543"},{"taxonomy":"product_cat","embeddable":true,"href":"https:\/\/vmsport.fi\/sv\/wp-json\/wp\/v2\/product_cat?post=55543"},{"taxonomy":"product_tag","embeddable":true,"href":"https:\/\/vmsport.fi\/sv\/wp-json\/wp\/v2\/product_tag?post=55543"},{"taxonomy":"industry_terminology","embeddable":true,"href":"https:\/\/vmsport.fi\/sv\/wp-json\/wp\/v2\/industry-terminology?post=55543"}],"curies":[{"name":"wp","href":"https:\/\/api.w.org\/{rel}","templated":true}]}}