{"id":55537,"date":"2025-03-06T00:08:12","date_gmt":"2025-03-05T22:08:12","guid":{"rendered":"https:\/\/vmsport.fi\/verkkokauppa\/Ei-luokiteltu\/avid-set-for-all-juicy-bb7\/"},"modified":"2026-01-16T13:25:51","modified_gmt":"2026-01-16T11:25:51","slug":"avid-set-for-alla-saftiga-bb7","status":"publish","type":"product","link":"https:\/\/vmsport.fi\/sv\/verkkokauppa\/varaosat\/jarrut\/jarrupalat\/avid-set-for-all-juicy-bb7\/","title":{"rendered":"AVID Set f\u00f6r alla Juicy &amp; BB7"},"content":{"rendered":"<p>AVID Set f\u00f6r alla Juicy &amp; BB7-bromsbel\u00e4gg \u00e4r s\u00e4rskilt utformade f\u00f6r Avid Juicy 3, 5, 7 och BB7-bromsar. De kombinerar h\u00e5llbarhet och tillf\u00f6rlitlighet och ger utm\u00e4rkt bromsprestanda under alla v\u00e4derf\u00f6rh\u00e5llanden. Den sintrade metallegeringen garanterar l\u00e5ng livsl\u00e4ngd och konsekvent prestanda under alla f\u00f6rh\u00e5llanden. Installationen \u00e4r problemfri tack vare det verktygsfria systemet och den halkfria dragl\u00e4nken, vilket g\u00f6r dessa bromsblock till ett praktiskt val f\u00f6r alla mountainbikecyklister. Blockens rektangul\u00e4ra form \u00e4r perfekt f\u00f6r Avid-bromssystem. 24 grams vikt med fj\u00e4der g\u00f6r blocken l\u00e4tta och p\u00e5litliga. F\u00f6r den som vill ha en annan k\u00e4nsla finns det \u00e4ven ett organiskt alternativ med aluminiumk\u00e4rna.<\/p>","protected":false},"excerpt":{"rendered":"<p>AVID Set for all Juicy &#038; BB7 -jarrupalasarja on suunniteltu erityisesti Avid Juicy 3, 5, 7 ja BB7-jarruille. Se yhdist\u00e4\u00e4 kest\u00e4vyyden ja luotettavuuden, tarjoten erinomaiset jarrutusominaisuudet kaikissa s\u00e4\u00e4olosuhteissa. Sinter\u00f6ity metalliseos takaa jarrupalojen pitk\u00e4ik\u00e4isyyden ja tasaisen suorituskyvyn kaikissa olosuhteissa. Asennus on vaivaton ty\u00f6kaluttoman j\u00e4rjestelm\u00e4n ja liukumattoman vetolenkin ansiosta, mik\u00e4 tekee n\u00e4ist\u00e4 paloista k\u00e4yt\u00e4nn\u00f6llisen valinnan jokaiselle maastopy\u00f6r\u00e4ilij\u00e4lle. [&#8230;]<\/p>\n<p><a class=\"btn btn-secondary understrap-read-more-link\" href=\"https:\/\/vmsport.fi\/sv\/verkkokauppa\/varaosat\/jarrut\/jarrupalat\/avid-set-for-all-juicy-bb7\/\">L\u00e4s mer \u2026<span class=\"screen-reader-text\"> from AVID Set for all Juicy &amp; BB7<\/span><\/a><\/p>\n","protected":false},"featured_media":55536,"comment_status":"open","ping_status":"closed","template":"","meta":{"_acf_changed":false,"_improvement_type_select":"improve_an_existing","_thumb_yes_seoaic":false,"_frame_yes_seoaic":false,"seoaic_generate_description":"","seoaic_improve_instructions_prompt":"","seoaic_rollback_content_improvement":"","seoaic_idea_thumbnail_generator":"","thumbnail_generated":false,"thumbnail_generate_prompt":"","seoaic_article_description":"","_supplier_stock_quantity":0},"product_brand":[],"product_model":[],"product_cat":[9288],"product_tag":[],"industry-terminology":[],"class_list":{"0":"post-55537","1":"product","2":"type-product","3":"status-publish","4":"has-post-thumbnail","6":"product_cat-jarrupalat","8":"first","9":"instock","10":"taxable","11":"shipping-taxable","12":"purchasable","13":"product-type-simple"},"acf":{"bike_features":null,"overview":{"copy_overview":null,"key_features":null,"statement":"","youtube_url":""}},"yoast_head":"<!-- This site is optimized with the Yoast SEO plugin v27.3 - https:\/\/yoast.com\/product\/yoast-seo-wordpress\/ -->\n<title>AVID Set for all Juicy &amp; BB7 - VM Sport<\/title>\n<meta name=\"robots\" content=\"index, follow, max-snippet:-1, max-image-preview:large, max-video-preview:-1\" \/>\n<link rel=\"canonical\" href=\"https:\/\/vmsport.fi\/sv\/webbutik\/reservdelar\/bromsar\/bromsbelagg\/avid-set-for-alla-saftiga-bb7\/\" \/>\n<meta property=\"og:locale\" content=\"sv_SE\" \/>\n<meta property=\"og:type\" content=\"article\" \/>\n<meta property=\"og:title\" content=\"AVID Set for all Juicy &amp; BB7 - VM Sport\" \/>\n<meta property=\"og:description\" content=\"AVID Set for all Juicy &#038; BB7 -jarrupalasarja on suunniteltu erityisesti Avid Juicy 3, 5, 7 ja BB7-jarruille. Se yhdist\u00e4\u00e4 kest\u00e4vyyden ja luotettavuuden, tarjoten erinomaiset jarrutusominaisuudet kaikissa s\u00e4\u00e4olosuhteissa. Sinter\u00f6ity metalliseos takaa jarrupalojen pitk\u00e4ik\u00e4isyyden ja tasaisen suorituskyvyn kaikissa olosuhteissa. Asennus on vaivaton ty\u00f6kaluttoman j\u00e4rjestelm\u00e4n ja liukumattoman vetolenkin ansiosta, mik\u00e4 tekee n\u00e4ist\u00e4 paloista k\u00e4yt\u00e4nn\u00f6llisen valinnan jokaiselle maastopy\u00f6r\u00e4ilij\u00e4lle. [...]L\u00e4s mer \u2026 from AVID Set for all Juicy &amp; BB7\" \/>\n<meta property=\"og:url\" content=\"https:\/\/vmsport.fi\/sv\/webbutik\/reservdelar\/bromsar\/bromsbelagg\/avid-set-for-alla-saftiga-bb7\/\" \/>\n<meta property=\"og:site_name\" content=\"VM Sport\" \/>\n<meta property=\"article:publisher\" content=\"https:\/\/www.facebook.com\/Vmsport.fi\/\" \/>\n<meta property=\"article:modified_time\" content=\"2026-01-16T11:25:51+00:00\" \/>\n<meta property=\"og:image\" content=\"https:\/\/vmsport.fi\/wp-content\/uploads\/2025\/03\/ZCbsw6iYXp5PU43wmjqtnL76yRIpee18UtoeOqtfuSamMbfTUj-1.jpg\" \/>\n\t<meta property=\"og:image:width\" content=\"600\" \/>\n\t<meta property=\"og:image:height\" content=\"450\" \/>\n\t<meta property=\"og:image:type\" content=\"image\/jpeg\" \/>\n<meta name=\"twitter:card\" content=\"summary_large_image\" \/>\n<script type=\"application\/ld+json\" class=\"yoast-schema-graph\">{\"@context\":\"https:\\\/\\\/schema.org\",\"@graph\":[{\"@type\":[\"WebPage\",\"ItemPage\"],\"@id\":\"https:\\\/\\\/vmsport.fi\\\/verkkokauppa\\\/varaosat\\\/jarrut\\\/jarrupalat\\\/avid-set-for-all-juicy-bb7\\\/\",\"url\":\"https:\\\/\\\/vmsport.fi\\\/verkkokauppa\\\/varaosat\\\/jarrut\\\/jarrupalat\\\/avid-set-for-all-juicy-bb7\\\/\",\"name\":\"AVID Set for all Juicy &amp; BB7 - VM Sport\",\"isPartOf\":{\"@id\":\"https:\\\/\\\/vmsport.fi\\\/#website\"},\"primaryImageOfPage\":{\"@id\":\"https:\\\/\\\/vmsport.fi\\\/verkkokauppa\\\/varaosat\\\/jarrut\\\/jarrupalat\\\/avid-set-for-all-juicy-bb7\\\/#primaryimage\"},\"image\":{\"@id\":\"https:\\\/\\\/vmsport.fi\\\/verkkokauppa\\\/varaosat\\\/jarrut\\\/jarrupalat\\\/avid-set-for-all-juicy-bb7\\\/#primaryimage\"},\"thumbnailUrl\":\"https:\\\/\\\/vmsport.fi\\\/wp-content\\\/uploads\\\/2025\\\/03\\\/ZCbsw6iYXp5PU43wmjqtnL76yRIpee18UtoeOqtfuSamMbfTUj-1.jpg\",\"datePublished\":\"2025-03-05T22:08:12+00:00\",\"dateModified\":\"2026-01-16T11:25:51+00:00\",\"breadcrumb\":{\"@id\":\"https:\\\/\\\/vmsport.fi\\\/verkkokauppa\\\/varaosat\\\/jarrut\\\/jarrupalat\\\/avid-set-for-all-juicy-bb7\\\/#breadcrumb\"},\"inLanguage\":\"sv-SE\",\"potentialAction\":[{\"@type\":\"ReadAction\",\"target\":[\"https:\\\/\\\/vmsport.fi\\\/verkkokauppa\\\/varaosat\\\/jarrut\\\/jarrupalat\\\/avid-set-for-all-juicy-bb7\\\/\"]}]},{\"@type\":\"ImageObject\",\"inLanguage\":\"sv-SE\",\"@id\":\"https:\\\/\\\/vmsport.fi\\\/verkkokauppa\\\/varaosat\\\/jarrut\\\/jarrupalat\\\/avid-set-for-all-juicy-bb7\\\/#primaryimage\",\"url\":\"https:\\\/\\\/vmsport.fi\\\/wp-content\\\/uploads\\\/2025\\\/03\\\/ZCbsw6iYXp5PU43wmjqtnL76yRIpee18UtoeOqtfuSamMbfTUj-1.jpg\",\"contentUrl\":\"https:\\\/\\\/vmsport.fi\\\/wp-content\\\/uploads\\\/2025\\\/03\\\/ZCbsw6iYXp5PU43wmjqtnL76yRIpee18UtoeOqtfuSamMbfTUj-1.jpg\",\"width\":600,\"height\":450,\"caption\":\"ZCbsw6iYXp5PU43wmjqtnL76yRIpee18UtoeOqtfuSamMbfTUj\"},{\"@type\":\"BreadcrumbList\",\"@id\":\"https:\\\/\\\/vmsport.fi\\\/verkkokauppa\\\/varaosat\\\/jarrut\\\/jarrupalat\\\/avid-set-for-all-juicy-bb7\\\/#breadcrumb\",\"itemListElement\":[{\"@type\":\"ListItem\",\"position\":1,\"name\":\"Etusivu\",\"item\":\"https:\\\/\\\/vmsport.fi\\\/\"},{\"@type\":\"ListItem\",\"position\":2,\"name\":\"Online Store\",\"item\":\"https:\\\/\\\/vmsport.fi\\\/en\\\/online-store\\\/\"},{\"@type\":\"ListItem\",\"position\":3,\"name\":\"AVID Set for all Juicy &amp; BB7\"}]},{\"@type\":\"WebSite\",\"@id\":\"https:\\\/\\\/vmsport.fi\\\/#website\",\"url\":\"https:\\\/\\\/vmsport.fi\\\/\",\"name\":\"Vmsport\",\"description\":\"Kaikki py\u00f6r\u00e4ilyyn yhdest\u00e4 paikasta\",\"publisher\":{\"@id\":\"https:\\\/\\\/vmsport.fi\\\/#organization\"},\"potentialAction\":[{\"@type\":\"SearchAction\",\"target\":{\"@type\":\"EntryPoint\",\"urlTemplate\":\"https:\\\/\\\/vmsport.fi\\\/?s={search_term_string}\"},\"query-input\":{\"@type\":\"PropertyValueSpecification\",\"valueRequired\":true,\"valueName\":\"search_term_string\"}}],\"inLanguage\":\"sv-SE\"},{\"@type\":\"Organization\",\"@id\":\"https:\\\/\\\/vmsport.fi\\\/#organization\",\"name\":\"Vmsport\",\"url\":\"https:\\\/\\\/vmsport.fi\\\/\",\"logo\":{\"@type\":\"ImageObject\",\"inLanguage\":\"sv-SE\",\"@id\":\"https:\\\/\\\/vmsport.fi\\\/#\\\/schema\\\/logo\\\/image\\\/\",\"url\":\"https:\\\/\\\/vmsport.fi\\\/wp-content\\\/uploads\\\/2024\\\/12\\\/vm_sport_RGB_horisontal-e1734526017575.png\",\"contentUrl\":\"https:\\\/\\\/vmsport.fi\\\/wp-content\\\/uploads\\\/2024\\\/12\\\/vm_sport_RGB_horisontal-e1734526017575.png\",\"width\":668,\"height\":85,\"caption\":\"Vmsport\"},\"image\":{\"@id\":\"https:\\\/\\\/vmsport.fi\\\/#\\\/schema\\\/logo\\\/image\\\/\"},\"sameAs\":[\"https:\\\/\\\/www.facebook.com\\\/Vmsport.fi\\\/\",\"https:\\\/\\\/www.instagram.com\\\/vmsport\\\/\"]}]}<\/script>\n<!-- \/ Yoast SEO plugin. -->","yoast_head_json":{"title":"AVID-sats f\u00f6r alla Juicy &amp; BB7 - VM Sport","robots":{"index":"index","follow":"follow","max-snippet":"max-snippet:-1","max-image-preview":"max-image-preview:large","max-video-preview":"max-video-preview:-1"},"canonical":"https:\/\/vmsport.fi\/sv\/webbutik\/reservdelar\/bromsar\/bromsbelagg\/avid-set-for-alla-saftiga-bb7\/","og_locale":"sv_SE","og_type":"article","og_title":"AVID Set for all Juicy &amp; BB7 - VM Sport","og_description":"AVID Set for all Juicy &#038; BB7 -jarrupalasarja on suunniteltu erityisesti Avid Juicy 3, 5, 7 ja BB7-jarruille. Se yhdist\u00e4\u00e4 kest\u00e4vyyden ja luotettavuuden, tarjoten erinomaiset jarrutusominaisuudet kaikissa s\u00e4\u00e4olosuhteissa. Sinter\u00f6ity metalliseos takaa jarrupalojen pitk\u00e4ik\u00e4isyyden ja tasaisen suorituskyvyn kaikissa olosuhteissa. Asennus on vaivaton ty\u00f6kaluttoman j\u00e4rjestelm\u00e4n ja liukumattoman vetolenkin ansiosta, mik\u00e4 tekee n\u00e4ist\u00e4 paloista k\u00e4yt\u00e4nn\u00f6llisen valinnan jokaiselle maastopy\u00f6r\u00e4ilij\u00e4lle. [...]L\u00e4s mer \u2026 from AVID Set for all Juicy &amp; BB7","og_url":"https:\/\/vmsport.fi\/sv\/webbutik\/reservdelar\/bromsar\/bromsbelagg\/avid-set-for-alla-saftiga-bb7\/","og_site_name":"VM Sport","article_publisher":"https:\/\/www.facebook.com\/Vmsport.fi\/","article_modified_time":"2026-01-16T11:25:51+00:00","og_image":[{"width":600,"height":450,"url":"https:\/\/vmsport.fi\/wp-content\/uploads\/2025\/03\/ZCbsw6iYXp5PU43wmjqtnL76yRIpee18UtoeOqtfuSamMbfTUj-1.jpg","type":"image\/jpeg"}],"twitter_card":"summary_large_image","schema":{"@context":"https:\/\/schema.org","@graph":[{"@type":["WebPage","ItemPage"],"@id":"https:\/\/vmsport.fi\/verkkokauppa\/varaosat\/jarrut\/jarrupalat\/avid-set-for-all-juicy-bb7\/","url":"https:\/\/vmsport.fi\/verkkokauppa\/varaosat\/jarrut\/jarrupalat\/avid-set-for-all-juicy-bb7\/","name":"AVID-sats f\u00f6r alla Juicy &amp; BB7 - VM Sport","isPartOf":{"@id":"https:\/\/vmsport.fi\/#website"},"primaryImageOfPage":{"@id":"https:\/\/vmsport.fi\/verkkokauppa\/varaosat\/jarrut\/jarrupalat\/avid-set-for-all-juicy-bb7\/#primaryimage"},"image":{"@id":"https:\/\/vmsport.fi\/verkkokauppa\/varaosat\/jarrut\/jarrupalat\/avid-set-for-all-juicy-bb7\/#primaryimage"},"thumbnailUrl":"https:\/\/vmsport.fi\/wp-content\/uploads\/2025\/03\/ZCbsw6iYXp5PU43wmjqtnL76yRIpee18UtoeOqtfuSamMbfTUj-1.jpg","datePublished":"2025-03-05T22:08:12+00:00","dateModified":"2026-01-16T11:25:51+00:00","breadcrumb":{"@id":"https:\/\/vmsport.fi\/verkkokauppa\/varaosat\/jarrut\/jarrupalat\/avid-set-for-all-juicy-bb7\/#breadcrumb"},"inLanguage":"sv-SE","potentialAction":[{"@type":"ReadAction","target":["https:\/\/vmsport.fi\/verkkokauppa\/varaosat\/jarrut\/jarrupalat\/avid-set-for-all-juicy-bb7\/"]}]},{"@type":"ImageObject","inLanguage":"sv-SE","@id":"https:\/\/vmsport.fi\/verkkokauppa\/varaosat\/jarrut\/jarrupalat\/avid-set-for-all-juicy-bb7\/#primaryimage","url":"https:\/\/vmsport.fi\/wp-content\/uploads\/2025\/03\/ZCbsw6iYXp5PU43wmjqtnL76yRIpee18UtoeOqtfuSamMbfTUj-1.jpg","contentUrl":"https:\/\/vmsport.fi\/wp-content\/uploads\/2025\/03\/ZCbsw6iYXp5PU43wmjqtnL76yRIpee18UtoeOqtfuSamMbfTUj-1.jpg","width":600,"height":450,"caption":"ZCbsw6iYXp5PU43wmjqtnL76yRIpee18UtoeOqtfuSamMbfTUj"},{"@type":"BreadcrumbList","@id":"https:\/\/vmsport.fi\/verkkokauppa\/varaosat\/jarrut\/jarrupalat\/avid-set-for-all-juicy-bb7\/#breadcrumb","itemListElement":[{"@type":"ListItem","position":1,"name":"Etusivu","item":"https:\/\/vmsport.fi\/"},{"@type":"ListItem","position":2,"name":"Online Store","item":"https:\/\/vmsport.fi\/en\/online-store\/"},{"@type":"ListItem","position":3,"name":"AVID Set for all Juicy &amp; BB7"}]},{"@type":"WebSite","@id":"https:\/\/vmsport.fi\/#website","url":"https:\/\/vmsport.fi\/","name":"Vmsport","description":"Allt p\u00e5 ett st\u00e4lle f\u00f6r cykling","publisher":{"@id":"https:\/\/vmsport.fi\/#organization"},"potentialAction":[{"@type":"SearchAction","target":{"@type":"EntryPoint","urlTemplate":"https:\/\/vmsport.fi\/?s={search_term_string}"},"query-input":{"@type":"PropertyValueSpecification","valueRequired":true,"valueName":"search_term_string"}}],"inLanguage":"sv-SE"},{"@type":"Organization","@id":"https:\/\/vmsport.fi\/#organization","name":"Vmsport","url":"https:\/\/vmsport.fi\/","logo":{"@type":"ImageObject","inLanguage":"sv-SE","@id":"https:\/\/vmsport.fi\/#\/schema\/logo\/image\/","url":"https:\/\/vmsport.fi\/wp-content\/uploads\/2024\/12\/vm_sport_RGB_horisontal-e1734526017575.png","contentUrl":"https:\/\/vmsport.fi\/wp-content\/uploads\/2024\/12\/vm_sport_RGB_horisontal-e1734526017575.png","width":668,"height":85,"caption":"Vmsport"},"image":{"@id":"https:\/\/vmsport.fi\/#\/schema\/logo\/image\/"},"sameAs":["https:\/\/www.facebook.com\/Vmsport.fi\/","https:\/\/www.instagram.com\/vmsport\/"]}]}},"global_unique_id":"","_links":{"self":[{"href":"https:\/\/vmsport.fi\/sv\/wp-json\/wp\/v2\/product\/55537","targetHints":{"allow":["GET"]}}],"collection":[{"href":"https:\/\/vmsport.fi\/sv\/wp-json\/wp\/v2\/product"}],"about":[{"href":"https:\/\/vmsport.fi\/sv\/wp-json\/wp\/v2\/types\/product"}],"replies":[{"embeddable":true,"href":"https:\/\/vmsport.fi\/sv\/wp-json\/wp\/v2\/comments?post=55537"}],"wp:featuredmedia":[{"embeddable":true,"href":"https:\/\/vmsport.fi\/sv\/wp-json\/wp\/v2\/media\/55536"}],"wp:attachment":[{"href":"https:\/\/vmsport.fi\/sv\/wp-json\/wp\/v2\/media?parent=55537"}],"wp:term":[{"taxonomy":"product_brand","embeddable":true,"href":"https:\/\/vmsport.fi\/sv\/wp-json\/wp\/v2\/product_brand?post=55537"},{"taxonomy":"product_model","embeddable":true,"href":"https:\/\/vmsport.fi\/sv\/wp-json\/wp\/v2\/product_model?post=55537"},{"taxonomy":"product_cat","embeddable":true,"href":"https:\/\/vmsport.fi\/sv\/wp-json\/wp\/v2\/product_cat?post=55537"},{"taxonomy":"product_tag","embeddable":true,"href":"https:\/\/vmsport.fi\/sv\/wp-json\/wp\/v2\/product_tag?post=55537"},{"taxonomy":"industry_terminology","embeddable":true,"href":"https:\/\/vmsport.fi\/sv\/wp-json\/wp\/v2\/industry-terminology?post=55537"}],"curies":[{"name":"wp","href":"https:\/\/api.w.org\/{rel}","templated":true}]}}