{"id":55519,"date":"2025-03-06T00:07:49","date_gmt":"2025-03-05T22:07:49","guid":{"rendered":"https:\/\/vmsport.fi\/verkkokauppa\/Ei-luokiteltu\/crankbrothers-shoe-shield\/"},"modified":"2026-01-16T13:22:16","modified_gmt":"2026-01-16T11:22:16","slug":"crankbrothers-skoskydd","status":"publish","type":"product","link":"https:\/\/vmsport.fi\/sv\/verkkokauppa\/varaosat\/polkimet\/klossit-ja-varaosat\/crankbrothers-shoe-shield\/","title":{"rendered":"CRANKBROTHERS Skoskydd"},"content":{"rendered":"<p>Crankbrothers Shoe Shield ger ett utm\u00e4rkt skydd f\u00f6r kolfiberbaserade cykelskor, s\u00e4rskilt f\u00f6r mountainbikecykling. Detta tillbeh\u00f6r \u00e4r kompatibelt med alla Crankbrothers skoskal f\u00f6r mountainbike och \u00e4r enkelt att installera och anv\u00e4nda. Tillverkad av h\u00f6gkvalitativt rostfritt st\u00e5l f\u00f6r h\u00e5llbarhet och slitstyrka i en m\u00e4ngd olika v\u00e4derf\u00f6rh\u00e5llanden. Med en l\u00e4ttvikt p\u00e5 8 gram f\u00f6r ett par f\u00f6rblir komfort och skoprestanda i toppklass. Levereras med tv\u00e5 skoskydd f\u00f6r att ge dina skor fullt skydd, f\u00f6rl\u00e4nga livsl\u00e4ngden p\u00e5 b\u00e5de skor och klossar och skydda mot slitage. Detta g\u00f6r Crankbrothers Shoe Shield till ett n\u00f6dv\u00e4ndigt k\u00f6p f\u00f6r alla cykelentusiaster som vill h\u00e5lla sin utrustning i gott skick.<\/p>","protected":false},"excerpt":{"rendered":"<p>Crankbrothers Shoe Shield tarjoaa erinomaisen suojan hiilikuitupohjaisille py\u00f6r\u00e4ilykengille, erityisesti maastopy\u00f6r\u00e4ilyyn. Yhteensopiva kaikkien Crankbrothers-maastopy\u00f6r\u00e4ilyklossien kanssa, t\u00e4m\u00e4 lis\u00e4tarvike on helppo asentaa ja k\u00e4ytt\u00e4\u00e4. Valmistettu korkealaatuisesta ruostumattomasta ter\u00e4ksest\u00e4, joka takaa kest\u00e4vyyden ja kulutuskest\u00e4vyyden eri s\u00e4\u00e4olosuhteissa. Yhden parin kevyell\u00e4 8 gramman painolla k\u00e4ytt\u00f6mukavuus ja jalkineiden suorituskyky s\u00e4ilyv\u00e4t huippuluokassa. Mukana kaksi keng\u00e4nsuojaa tarjoten t\u00e4yden suojan kengillesi, pident\u00e4en sek\u00e4 kenkien ett\u00e4 [&#8230;]<\/p>\n<p><a class=\"btn btn-secondary understrap-read-more-link\" href=\"https:\/\/vmsport.fi\/sv\/verkkokauppa\/varaosat\/polkimet\/klossit-ja-varaosat\/crankbrothers-shoe-shield\/\">L\u00e4s mer \u2026<span class=\"screen-reader-text\"> from CRANKBROTHERS Shoe shield<\/span><\/a><\/p>\n","protected":false},"featured_media":55518,"comment_status":"open","ping_status":"closed","template":"","meta":{"_acf_changed":false,"_improvement_type_select":"improve_an_existing","_thumb_yes_seoaic":false,"_frame_yes_seoaic":false,"seoaic_generate_description":"","seoaic_improve_instructions_prompt":"","seoaic_rollback_content_improvement":"","seoaic_idea_thumbnail_generator":"","thumbnail_generated":false,"thumbnail_generate_prompt":"","seoaic_article_description":"","_supplier_stock_quantity":0},"product_brand":[1586],"product_model":[],"product_cat":[9322],"product_tag":[],"industry-terminology":[],"class_list":{"0":"post-55519","1":"product","2":"type-product","3":"status-publish","4":"has-post-thumbnail","6":"product_brand-crankbrothers","7":"product_cat-klossit-ja-varaosat","9":"first","10":"outofstock","11":"taxable","12":"shipping-taxable","13":"product-type-simple"},"acf":{"bike_features":null,"overview":{"copy_overview":null,"key_features":null,"statement":"","youtube_url":""}},"yoast_head":"<!-- This site is optimized with the Yoast SEO plugin v27.3 - https:\/\/yoast.com\/product\/yoast-seo-wordpress\/ -->\n<title>CRANKBROTHERS Shoe shield - VM Sport<\/title>\n<meta name=\"robots\" content=\"index, follow, max-snippet:-1, max-image-preview:large, max-video-preview:-1\" \/>\n<link rel=\"canonical\" href=\"https:\/\/vmsport.fi\/sv\/webbutik\/reservdelar\/pedaler\/klossit-och-reservdelar\/crankbrothers-skoskydd\/\" \/>\n<meta property=\"og:locale\" content=\"sv_SE\" \/>\n<meta property=\"og:type\" content=\"article\" \/>\n<meta property=\"og:title\" content=\"CRANKBROTHERS Shoe shield - VM Sport\" \/>\n<meta property=\"og:description\" content=\"Crankbrothers Shoe Shield tarjoaa erinomaisen suojan hiilikuitupohjaisille py\u00f6r\u00e4ilykengille, erityisesti maastopy\u00f6r\u00e4ilyyn. Yhteensopiva kaikkien Crankbrothers-maastopy\u00f6r\u00e4ilyklossien kanssa, t\u00e4m\u00e4 lis\u00e4tarvike on helppo asentaa ja k\u00e4ytt\u00e4\u00e4. Valmistettu korkealaatuisesta ruostumattomasta ter\u00e4ksest\u00e4, joka takaa kest\u00e4vyyden ja kulutuskest\u00e4vyyden eri s\u00e4\u00e4olosuhteissa. Yhden parin kevyell\u00e4 8 gramman painolla k\u00e4ytt\u00f6mukavuus ja jalkineiden suorituskyky s\u00e4ilyv\u00e4t huippuluokassa. Mukana kaksi keng\u00e4nsuojaa tarjoten t\u00e4yden suojan kengillesi, pident\u00e4en sek\u00e4 kenkien ett\u00e4 [...]L\u00e4s mer \u2026 from CRANKBROTHERS Shoe shield\" \/>\n<meta property=\"og:url\" content=\"https:\/\/vmsport.fi\/sv\/webbutik\/reservdelar\/pedaler\/klossit-och-reservdelar\/crankbrothers-skoskydd\/\" \/>\n<meta property=\"og:site_name\" content=\"VM Sport\" \/>\n<meta property=\"article:publisher\" content=\"https:\/\/www.facebook.com\/Vmsport.fi\/\" \/>\n<meta property=\"article:modified_time\" content=\"2026-01-16T11:22:16+00:00\" \/>\n<meta property=\"og:image\" content=\"https:\/\/vmsport.fi\/wp-content\/uploads\/2025\/03\/0CGUBHJriy1tiLv89Mm7R6YU3MQP8hHRUhl29Uria8EhvV3bHF-1.jpg\" \/>\n\t<meta property=\"og:image:width\" content=\"800\" \/>\n\t<meta property=\"og:image:height\" content=\"447\" \/>\n\t<meta property=\"og:image:type\" content=\"image\/jpeg\" \/>\n<meta name=\"twitter:card\" content=\"summary_large_image\" \/>\n<meta name=\"twitter:label1\" content=\"Ber\u00e4knad l\u00e4stid\" \/>\n\t<meta name=\"twitter:data1\" content=\"1 minut\" \/>\n<script type=\"application\/ld+json\" class=\"yoast-schema-graph\">{\"@context\":\"https:\\\/\\\/schema.org\",\"@graph\":[{\"@type\":[\"WebPage\",\"ItemPage\"],\"@id\":\"https:\\\/\\\/vmsport.fi\\\/verkkokauppa\\\/varaosat\\\/polkimet\\\/klossit-ja-varaosat\\\/crankbrothers-shoe-shield\\\/\",\"url\":\"https:\\\/\\\/vmsport.fi\\\/verkkokauppa\\\/varaosat\\\/polkimet\\\/klossit-ja-varaosat\\\/crankbrothers-shoe-shield\\\/\",\"name\":\"CRANKBROTHERS Shoe shield - VM Sport\",\"isPartOf\":{\"@id\":\"https:\\\/\\\/vmsport.fi\\\/#website\"},\"primaryImageOfPage\":{\"@id\":\"https:\\\/\\\/vmsport.fi\\\/verkkokauppa\\\/varaosat\\\/polkimet\\\/klossit-ja-varaosat\\\/crankbrothers-shoe-shield\\\/#primaryimage\"},\"image\":{\"@id\":\"https:\\\/\\\/vmsport.fi\\\/verkkokauppa\\\/varaosat\\\/polkimet\\\/klossit-ja-varaosat\\\/crankbrothers-shoe-shield\\\/#primaryimage\"},\"thumbnailUrl\":\"https:\\\/\\\/vmsport.fi\\\/wp-content\\\/uploads\\\/2025\\\/03\\\/0CGUBHJriy1tiLv89Mm7R6YU3MQP8hHRUhl29Uria8EhvV3bHF-1.jpg\",\"datePublished\":\"2025-03-05T22:07:49+00:00\",\"dateModified\":\"2026-01-16T11:22:16+00:00\",\"breadcrumb\":{\"@id\":\"https:\\\/\\\/vmsport.fi\\\/verkkokauppa\\\/varaosat\\\/polkimet\\\/klossit-ja-varaosat\\\/crankbrothers-shoe-shield\\\/#breadcrumb\"},\"inLanguage\":\"sv-SE\",\"potentialAction\":[{\"@type\":\"ReadAction\",\"target\":[\"https:\\\/\\\/vmsport.fi\\\/verkkokauppa\\\/varaosat\\\/polkimet\\\/klossit-ja-varaosat\\\/crankbrothers-shoe-shield\\\/\"]}]},{\"@type\":\"ImageObject\",\"inLanguage\":\"sv-SE\",\"@id\":\"https:\\\/\\\/vmsport.fi\\\/verkkokauppa\\\/varaosat\\\/polkimet\\\/klossit-ja-varaosat\\\/crankbrothers-shoe-shield\\\/#primaryimage\",\"url\":\"https:\\\/\\\/vmsport.fi\\\/wp-content\\\/uploads\\\/2025\\\/03\\\/0CGUBHJriy1tiLv89Mm7R6YU3MQP8hHRUhl29Uria8EhvV3bHF-1.jpg\",\"contentUrl\":\"https:\\\/\\\/vmsport.fi\\\/wp-content\\\/uploads\\\/2025\\\/03\\\/0CGUBHJriy1tiLv89Mm7R6YU3MQP8hHRUhl29Uria8EhvV3bHF-1.jpg\",\"width\":800,\"height\":447,\"caption\":\"0CGUBHJriy1tiLv89Mm7R6YU3MQP8hHRUhl29Uria8EhvV3bHF\"},{\"@type\":\"BreadcrumbList\",\"@id\":\"https:\\\/\\\/vmsport.fi\\\/verkkokauppa\\\/varaosat\\\/polkimet\\\/klossit-ja-varaosat\\\/crankbrothers-shoe-shield\\\/#breadcrumb\",\"itemListElement\":[{\"@type\":\"ListItem\",\"position\":1,\"name\":\"Etusivu\",\"item\":\"https:\\\/\\\/vmsport.fi\\\/\"},{\"@type\":\"ListItem\",\"position\":2,\"name\":\"Online Store\",\"item\":\"https:\\\/\\\/vmsport.fi\\\/en\\\/online-store\\\/\"},{\"@type\":\"ListItem\",\"position\":3,\"name\":\"Crankbrothers\",\"item\":\"https:\\\/\\\/vmsport.fi\\\/merkki\\\/crankbrothers\\\/\"},{\"@type\":\"ListItem\",\"position\":4,\"name\":\"CRANKBROTHERS Shoe shield\"}]},{\"@type\":\"WebSite\",\"@id\":\"https:\\\/\\\/vmsport.fi\\\/#website\",\"url\":\"https:\\\/\\\/vmsport.fi\\\/\",\"name\":\"Vmsport\",\"description\":\"Kaikki py\u00f6r\u00e4ilyyn yhdest\u00e4 paikasta\",\"publisher\":{\"@id\":\"https:\\\/\\\/vmsport.fi\\\/#organization\"},\"potentialAction\":[{\"@type\":\"SearchAction\",\"target\":{\"@type\":\"EntryPoint\",\"urlTemplate\":\"https:\\\/\\\/vmsport.fi\\\/?s={search_term_string}\"},\"query-input\":{\"@type\":\"PropertyValueSpecification\",\"valueRequired\":true,\"valueName\":\"search_term_string\"}}],\"inLanguage\":\"sv-SE\"},{\"@type\":\"Organization\",\"@id\":\"https:\\\/\\\/vmsport.fi\\\/#organization\",\"name\":\"Vmsport\",\"url\":\"https:\\\/\\\/vmsport.fi\\\/\",\"logo\":{\"@type\":\"ImageObject\",\"inLanguage\":\"sv-SE\",\"@id\":\"https:\\\/\\\/vmsport.fi\\\/#\\\/schema\\\/logo\\\/image\\\/\",\"url\":\"https:\\\/\\\/vmsport.fi\\\/wp-content\\\/uploads\\\/2024\\\/12\\\/vm_sport_RGB_horisontal-e1734526017575.png\",\"contentUrl\":\"https:\\\/\\\/vmsport.fi\\\/wp-content\\\/uploads\\\/2024\\\/12\\\/vm_sport_RGB_horisontal-e1734526017575.png\",\"width\":668,\"height\":85,\"caption\":\"Vmsport\"},\"image\":{\"@id\":\"https:\\\/\\\/vmsport.fi\\\/#\\\/schema\\\/logo\\\/image\\\/\"},\"sameAs\":[\"https:\\\/\\\/www.facebook.com\\\/Vmsport.fi\\\/\",\"https:\\\/\\\/www.instagram.com\\\/vmsport\\\/\"]}]}<\/script>\n<!-- \/ Yoast SEO plugin. -->","yoast_head_json":{"title":"CRANKBROTHERS sk\u00f6ld f\u00f6r skor - VM Sport","robots":{"index":"index","follow":"follow","max-snippet":"max-snippet:-1","max-image-preview":"max-image-preview:large","max-video-preview":"max-video-preview:-1"},"canonical":"https:\/\/vmsport.fi\/sv\/webbutik\/reservdelar\/pedaler\/klossit-och-reservdelar\/crankbrothers-skoskydd\/","og_locale":"sv_SE","og_type":"article","og_title":"CRANKBROTHERS Shoe shield - VM Sport","og_description":"Crankbrothers Shoe Shield tarjoaa erinomaisen suojan hiilikuitupohjaisille py\u00f6r\u00e4ilykengille, erityisesti maastopy\u00f6r\u00e4ilyyn. Yhteensopiva kaikkien Crankbrothers-maastopy\u00f6r\u00e4ilyklossien kanssa, t\u00e4m\u00e4 lis\u00e4tarvike on helppo asentaa ja k\u00e4ytt\u00e4\u00e4. Valmistettu korkealaatuisesta ruostumattomasta ter\u00e4ksest\u00e4, joka takaa kest\u00e4vyyden ja kulutuskest\u00e4vyyden eri s\u00e4\u00e4olosuhteissa. Yhden parin kevyell\u00e4 8 gramman painolla k\u00e4ytt\u00f6mukavuus ja jalkineiden suorituskyky s\u00e4ilyv\u00e4t huippuluokassa. Mukana kaksi keng\u00e4nsuojaa tarjoten t\u00e4yden suojan kengillesi, pident\u00e4en sek\u00e4 kenkien ett\u00e4 [...]L\u00e4s mer \u2026 from CRANKBROTHERS Shoe shield","og_url":"https:\/\/vmsport.fi\/sv\/webbutik\/reservdelar\/pedaler\/klossit-och-reservdelar\/crankbrothers-skoskydd\/","og_site_name":"VM Sport","article_publisher":"https:\/\/www.facebook.com\/Vmsport.fi\/","article_modified_time":"2026-01-16T11:22:16+00:00","og_image":[{"width":800,"height":447,"url":"https:\/\/vmsport.fi\/wp-content\/uploads\/2025\/03\/0CGUBHJriy1tiLv89Mm7R6YU3MQP8hHRUhl29Uria8EhvV3bHF-1.jpg","type":"image\/jpeg"}],"twitter_card":"summary_large_image","twitter_misc":{"Ber\u00e4knad l\u00e4stid":"1 minut"},"schema":{"@context":"https:\/\/schema.org","@graph":[{"@type":["WebPage","ItemPage"],"@id":"https:\/\/vmsport.fi\/verkkokauppa\/varaosat\/polkimet\/klossit-ja-varaosat\/crankbrothers-shoe-shield\/","url":"https:\/\/vmsport.fi\/verkkokauppa\/varaosat\/polkimet\/klossit-ja-varaosat\/crankbrothers-shoe-shield\/","name":"CRANKBROTHERS sk\u00f6ld f\u00f6r skor - VM Sport","isPartOf":{"@id":"https:\/\/vmsport.fi\/#website"},"primaryImageOfPage":{"@id":"https:\/\/vmsport.fi\/verkkokauppa\/varaosat\/polkimet\/klossit-ja-varaosat\/crankbrothers-shoe-shield\/#primaryimage"},"image":{"@id":"https:\/\/vmsport.fi\/verkkokauppa\/varaosat\/polkimet\/klossit-ja-varaosat\/crankbrothers-shoe-shield\/#primaryimage"},"thumbnailUrl":"https:\/\/vmsport.fi\/wp-content\/uploads\/2025\/03\/0CGUBHJriy1tiLv89Mm7R6YU3MQP8hHRUhl29Uria8EhvV3bHF-1.jpg","datePublished":"2025-03-05T22:07:49+00:00","dateModified":"2026-01-16T11:22:16+00:00","breadcrumb":{"@id":"https:\/\/vmsport.fi\/verkkokauppa\/varaosat\/polkimet\/klossit-ja-varaosat\/crankbrothers-shoe-shield\/#breadcrumb"},"inLanguage":"sv-SE","potentialAction":[{"@type":"ReadAction","target":["https:\/\/vmsport.fi\/verkkokauppa\/varaosat\/polkimet\/klossit-ja-varaosat\/crankbrothers-shoe-shield\/"]}]},{"@type":"ImageObject","inLanguage":"sv-SE","@id":"https:\/\/vmsport.fi\/verkkokauppa\/varaosat\/polkimet\/klossit-ja-varaosat\/crankbrothers-shoe-shield\/#primaryimage","url":"https:\/\/vmsport.fi\/wp-content\/uploads\/2025\/03\/0CGUBHJriy1tiLv89Mm7R6YU3MQP8hHRUhl29Uria8EhvV3bHF-1.jpg","contentUrl":"https:\/\/vmsport.fi\/wp-content\/uploads\/2025\/03\/0CGUBHJriy1tiLv89Mm7R6YU3MQP8hHRUhl29Uria8EhvV3bHF-1.jpg","width":800,"height":447,"caption":"0CGUBHJriy1tiLv89Mm7R6YU3MQP8hHRUhl29Uria8EhvV3bHF"},{"@type":"BreadcrumbList","@id":"https:\/\/vmsport.fi\/verkkokauppa\/varaosat\/polkimet\/klossit-ja-varaosat\/crankbrothers-shoe-shield\/#breadcrumb","itemListElement":[{"@type":"ListItem","position":1,"name":"Etusivu","item":"https:\/\/vmsport.fi\/"},{"@type":"ListItem","position":2,"name":"Online Store","item":"https:\/\/vmsport.fi\/en\/online-store\/"},{"@type":"ListItem","position":3,"name":"Crankbrothers","item":"https:\/\/vmsport.fi\/merkki\/crankbrothers\/"},{"@type":"ListItem","position":4,"name":"CRANKBROTHERS Shoe shield"}]},{"@type":"WebSite","@id":"https:\/\/vmsport.fi\/#website","url":"https:\/\/vmsport.fi\/","name":"Vmsport","description":"Allt p\u00e5 ett st\u00e4lle f\u00f6r cykling","publisher":{"@id":"https:\/\/vmsport.fi\/#organization"},"potentialAction":[{"@type":"SearchAction","target":{"@type":"EntryPoint","urlTemplate":"https:\/\/vmsport.fi\/?s={search_term_string}"},"query-input":{"@type":"PropertyValueSpecification","valueRequired":true,"valueName":"search_term_string"}}],"inLanguage":"sv-SE"},{"@type":"Organization","@id":"https:\/\/vmsport.fi\/#organization","name":"Vmsport","url":"https:\/\/vmsport.fi\/","logo":{"@type":"ImageObject","inLanguage":"sv-SE","@id":"https:\/\/vmsport.fi\/#\/schema\/logo\/image\/","url":"https:\/\/vmsport.fi\/wp-content\/uploads\/2024\/12\/vm_sport_RGB_horisontal-e1734526017575.png","contentUrl":"https:\/\/vmsport.fi\/wp-content\/uploads\/2024\/12\/vm_sport_RGB_horisontal-e1734526017575.png","width":668,"height":85,"caption":"Vmsport"},"image":{"@id":"https:\/\/vmsport.fi\/#\/schema\/logo\/image\/"},"sameAs":["https:\/\/www.facebook.com\/Vmsport.fi\/","https:\/\/www.instagram.com\/vmsport\/"]}]}},"global_unique_id":"","_links":{"self":[{"href":"https:\/\/vmsport.fi\/sv\/wp-json\/wp\/v2\/product\/55519","targetHints":{"allow":["GET"]}}],"collection":[{"href":"https:\/\/vmsport.fi\/sv\/wp-json\/wp\/v2\/product"}],"about":[{"href":"https:\/\/vmsport.fi\/sv\/wp-json\/wp\/v2\/types\/product"}],"replies":[{"embeddable":true,"href":"https:\/\/vmsport.fi\/sv\/wp-json\/wp\/v2\/comments?post=55519"}],"wp:featuredmedia":[{"embeddable":true,"href":"https:\/\/vmsport.fi\/sv\/wp-json\/wp\/v2\/media\/55518"}],"wp:attachment":[{"href":"https:\/\/vmsport.fi\/sv\/wp-json\/wp\/v2\/media?parent=55519"}],"wp:term":[{"taxonomy":"product_brand","embeddable":true,"href":"https:\/\/vmsport.fi\/sv\/wp-json\/wp\/v2\/product_brand?post=55519"},{"taxonomy":"product_model","embeddable":true,"href":"https:\/\/vmsport.fi\/sv\/wp-json\/wp\/v2\/product_model?post=55519"},{"taxonomy":"product_cat","embeddable":true,"href":"https:\/\/vmsport.fi\/sv\/wp-json\/wp\/v2\/product_cat?post=55519"},{"taxonomy":"product_tag","embeddable":true,"href":"https:\/\/vmsport.fi\/sv\/wp-json\/wp\/v2\/product_tag?post=55519"},{"taxonomy":"industry_terminology","embeddable":true,"href":"https:\/\/vmsport.fi\/sv\/wp-json\/wp\/v2\/industry-terminology?post=55519"}],"curies":[{"name":"wp","href":"https:\/\/api.w.org\/{rel}","templated":true}]}}