{"id":55506,"date":"2025-03-06T00:07:43","date_gmt":"2025-03-05T22:07:43","guid":{"rendered":"https:\/\/vmsport.fi\/verkkokauppa\/Ei-luokiteltu\/takakiekko-29-23-622-xc-shimano-center-lock-kasetti-8-9-10v-alex-dp23-lev\/"},"modified":"2026-01-16T13:22:05","modified_gmt":"2026-01-16T11:22:05","slug":"bakhjul-29-23-622-xc-shimano-center-lock-kassett-8-9-10v-alex-dp23-lev","status":"publish","type":"product","link":"https:\/\/vmsport.fi\/sv\/verkkokauppa\/varaosat\/kiekot-ja-navat\/takakiekot\/takakiekko-29-23-622-xc-shimano-center-lock-kasetti-8-9-10v-alex-dp23-lev\/","title":{"rendered":"Bakhjul 29\u2033 23-622 XC Shimano Center Lock, kassett 8\/9\/10v, Alex DP23, bred"},"content":{"rendered":"<p>29\u2033-bakhjulet \u00e4r s\u00e4rskilt utformat f\u00f6r mountainbikecyklister som v\u00e4rdes\u00e4tter tillf\u00f6rlitlighet och prestanda. De slangl\u00f6sa Alex DP23-f\u00e4lgarna har en dubbelskiktskonstruktion f\u00f6r effektiv k\u00f6rning i den mest kr\u00e4vande terr\u00e4ngen. Shimano M3050 Center Lock-monteringssystemet ger snabb och s\u00e4ker montering av skivbromsar och \u00e4r l\u00e4mpligt f\u00f6r 8-, 9- och 10-v\u00e4xlade kedjor.<\/p>\n<p>RST Sapim Leader-sidor, 2 mm i diameter och 32 till antalet, ger h\u00e5llbarhet och stabilitet. Svarta bobbins och 2 x 14 mm nipplar ger den perfekta kombinationen av showmanship och h\u00e5llbarhet. En f\u00e4lgbredd p\u00e5 23 mm p\u00e5 insidan och 28,2 mm p\u00e5 utsidan och en h\u00f6jd p\u00e5 17 mm s\u00e4kerst\u00e4ller optimal d\u00e4ckmontering och k\u00f6rkomfort. Den mattsvarta f\u00e4rgen f\u00f6rst\u00e4rker det eleganta utseendet, som sm\u00e4lter s\u00f6ml\u00f6st in i hjulets \u00f6vergripande utseende.<\/p>","protected":false},"excerpt":{"rendered":"<p>Takapy\u00f6r\u00e4 29&#8243; on suunniteltu erityisesti maastopy\u00f6r\u00e4ilij\u00f6ille, jotka arvostavat luotettavuutta ja suorituskyky\u00e4. Tubeless ready Alex DP23 -vanteen kaksikerroksinen rakenne mahdollistaa tehokkaan ajon vaativimmissakin maastoissa. Shimano M3050 Center Lock -kiinnitysj\u00e4rjestelm\u00e4 takaa nopean ja varman jarrulevyn kiinnityksen, ja se sopii 8-, 9- ja 10-vaihteisille ketjuille. RST Sapim Leader -puolat, joiden halkaisija on 2 mm ja lukum\u00e4\u00e4r\u00e4 32, lis\u00e4\u00e4v\u00e4t [&#8230;]<\/p>\n<p><a class=\"btn btn-secondary understrap-read-more-link\" href=\"https:\/\/vmsport.fi\/sv\/verkkokauppa\/varaosat\/kiekot-ja-navat\/takakiekot\/takakiekko-29-23-622-xc-shimano-center-lock-kasetti-8-9-10v-alex-dp23-lev\/\">L\u00e4s mer \u2026<span class=\"screen-reader-text\"> from Takakiekko 29&#8243; 23-622 XC Shimano Center Lock, kasetti 8\/9\/10v, Alex DP23, lev<\/span><\/a><\/p>\n","protected":false},"featured_media":55505,"comment_status":"open","ping_status":"closed","template":"","meta":{"_acf_changed":false,"_improvement_type_select":"improve_an_existing","_thumb_yes_seoaic":false,"_frame_yes_seoaic":false,"seoaic_generate_description":"","seoaic_improve_instructions_prompt":"","seoaic_rollback_content_improvement":"","seoaic_idea_thumbnail_generator":"","thumbnail_generated":false,"thumbnail_generate_prompt":"","seoaic_article_description":"","_supplier_stock_quantity":0},"product_brand":[],"product_model":[],"product_cat":[9486],"product_tag":[],"industry-terminology":[],"class_list":{"0":"post-55506","1":"product","2":"type-product","3":"status-publish","4":"has-post-thumbnail","6":"product_cat-takakiekot","8":"first","9":"outofstock","10":"taxable","11":"shipping-taxable","12":"product-type-simple"},"acf":{"bike_features":null,"overview":{"copy_overview":null,"key_features":null,"statement":"","youtube_url":""}},"yoast_head":"<!-- This site is optimized with the Yoast SEO plugin v27.3 - https:\/\/yoast.com\/product\/yoast-seo-wordpress\/ -->\n<title>Takakiekko 29&quot; 23-622 XC Shimano Center Lock, kasetti 8\/9\/10v, Alex DP23, lev - VM Sport<\/title>\n<meta name=\"robots\" content=\"index, follow, max-snippet:-1, max-image-preview:large, max-video-preview:-1\" \/>\n<link rel=\"canonical\" href=\"https:\/\/vmsport.fi\/sv\/webbutik\/reservdelar\/skivor-och-nav\/bakgrund\/bakhjul-29-23-622-xc-shimano-center-lock-kassett-8-9-10v-alex-dp23-lev\/\" \/>\n<meta property=\"og:locale\" content=\"sv_SE\" \/>\n<meta property=\"og:type\" content=\"article\" \/>\n<meta property=\"og:title\" content=\"Takakiekko 29&quot; 23-622 XC Shimano Center Lock, kasetti 8\/9\/10v, Alex DP23, lev - VM Sport\" \/>\n<meta property=\"og:description\" content=\"Takapy\u00f6r\u00e4 29&#8243; on suunniteltu erityisesti maastopy\u00f6r\u00e4ilij\u00f6ille, jotka arvostavat luotettavuutta ja suorituskyky\u00e4. Tubeless ready Alex DP23 -vanteen kaksikerroksinen rakenne mahdollistaa tehokkaan ajon vaativimmissakin maastoissa. Shimano M3050 Center Lock -kiinnitysj\u00e4rjestelm\u00e4 takaa nopean ja varman jarrulevyn kiinnityksen, ja se sopii 8-, 9- ja 10-vaihteisille ketjuille. RST Sapim Leader -puolat, joiden halkaisija on 2 mm ja lukum\u00e4\u00e4r\u00e4 32, lis\u00e4\u00e4v\u00e4t [...]L\u00e4s mer \u2026 from Takakiekko 29&#8243; 23-622 XC Shimano Center Lock, kasetti 8\/9\/10v, Alex DP23, lev\" \/>\n<meta property=\"og:url\" content=\"https:\/\/vmsport.fi\/sv\/webbutik\/reservdelar\/skivor-och-nav\/bakgrund\/bakhjul-29-23-622-xc-shimano-center-lock-kassett-8-9-10v-alex-dp23-lev\/\" \/>\n<meta property=\"og:site_name\" content=\"VM Sport\" \/>\n<meta property=\"article:publisher\" content=\"https:\/\/www.facebook.com\/Vmsport.fi\/\" \/>\n<meta property=\"article:modified_time\" content=\"2026-01-16T11:22:05+00:00\" \/>\n<meta property=\"og:image\" content=\"https:\/\/vmsport.fi\/wp-content\/uploads\/2025\/03\/59047-15-1.jpg\" \/>\n\t<meta property=\"og:image:width\" content=\"889\" \/>\n\t<meta property=\"og:image:height\" content=\"999\" \/>\n\t<meta property=\"og:image:type\" content=\"image\/jpeg\" \/>\n<meta name=\"twitter:card\" content=\"summary_large_image\" \/>\n<meta name=\"twitter:label1\" content=\"Ber\u00e4knad l\u00e4stid\" \/>\n\t<meta name=\"twitter:data1\" content=\"1 minut\" \/>\n<script type=\"application\/ld+json\" class=\"yoast-schema-graph\">{\"@context\":\"https:\\\/\\\/schema.org\",\"@graph\":[{\"@type\":[\"WebPage\",\"ItemPage\"],\"@id\":\"https:\\\/\\\/vmsport.fi\\\/verkkokauppa\\\/varaosat\\\/kiekot-ja-navat\\\/takakiekot\\\/takakiekko-29-23-622-xc-shimano-center-lock-kasetti-8-9-10v-alex-dp23-lev\\\/\",\"url\":\"https:\\\/\\\/vmsport.fi\\\/verkkokauppa\\\/varaosat\\\/kiekot-ja-navat\\\/takakiekot\\\/takakiekko-29-23-622-xc-shimano-center-lock-kasetti-8-9-10v-alex-dp23-lev\\\/\",\"name\":\"Takakiekko 29\\\" 23-622 XC Shimano Center Lock, kasetti 8\\\/9\\\/10v, Alex DP23, lev - VM Sport\",\"isPartOf\":{\"@id\":\"https:\\\/\\\/vmsport.fi\\\/#website\"},\"primaryImageOfPage\":{\"@id\":\"https:\\\/\\\/vmsport.fi\\\/verkkokauppa\\\/varaosat\\\/kiekot-ja-navat\\\/takakiekot\\\/takakiekko-29-23-622-xc-shimano-center-lock-kasetti-8-9-10v-alex-dp23-lev\\\/#primaryimage\"},\"image\":{\"@id\":\"https:\\\/\\\/vmsport.fi\\\/verkkokauppa\\\/varaosat\\\/kiekot-ja-navat\\\/takakiekot\\\/takakiekko-29-23-622-xc-shimano-center-lock-kasetti-8-9-10v-alex-dp23-lev\\\/#primaryimage\"},\"thumbnailUrl\":\"https:\\\/\\\/vmsport.fi\\\/wp-content\\\/uploads\\\/2025\\\/03\\\/59047-15-1.jpg\",\"datePublished\":\"2025-03-05T22:07:43+00:00\",\"dateModified\":\"2026-01-16T11:22:05+00:00\",\"breadcrumb\":{\"@id\":\"https:\\\/\\\/vmsport.fi\\\/verkkokauppa\\\/varaosat\\\/kiekot-ja-navat\\\/takakiekot\\\/takakiekko-29-23-622-xc-shimano-center-lock-kasetti-8-9-10v-alex-dp23-lev\\\/#breadcrumb\"},\"inLanguage\":\"sv-SE\",\"potentialAction\":[{\"@type\":\"ReadAction\",\"target\":[\"https:\\\/\\\/vmsport.fi\\\/verkkokauppa\\\/varaosat\\\/kiekot-ja-navat\\\/takakiekot\\\/takakiekko-29-23-622-xc-shimano-center-lock-kasetti-8-9-10v-alex-dp23-lev\\\/\"]}]},{\"@type\":\"ImageObject\",\"inLanguage\":\"sv-SE\",\"@id\":\"https:\\\/\\\/vmsport.fi\\\/verkkokauppa\\\/varaosat\\\/kiekot-ja-navat\\\/takakiekot\\\/takakiekko-29-23-622-xc-shimano-center-lock-kasetti-8-9-10v-alex-dp23-lev\\\/#primaryimage\",\"url\":\"https:\\\/\\\/vmsport.fi\\\/wp-content\\\/uploads\\\/2025\\\/03\\\/59047-15-1.jpg\",\"contentUrl\":\"https:\\\/\\\/vmsport.fi\\\/wp-content\\\/uploads\\\/2025\\\/03\\\/59047-15-1.jpg\",\"width\":889,\"height\":999,\"caption\":\"59047-15\"},{\"@type\":\"BreadcrumbList\",\"@id\":\"https:\\\/\\\/vmsport.fi\\\/verkkokauppa\\\/varaosat\\\/kiekot-ja-navat\\\/takakiekot\\\/takakiekko-29-23-622-xc-shimano-center-lock-kasetti-8-9-10v-alex-dp23-lev\\\/#breadcrumb\",\"itemListElement\":[{\"@type\":\"ListItem\",\"position\":1,\"name\":\"Etusivu\",\"item\":\"https:\\\/\\\/vmsport.fi\\\/\"},{\"@type\":\"ListItem\",\"position\":2,\"name\":\"Online Store\",\"item\":\"https:\\\/\\\/vmsport.fi\\\/en\\\/online-store\\\/\"},{\"@type\":\"ListItem\",\"position\":3,\"name\":\"Takakiekko 29&#8243; 23-622 XC Shimano Center Lock, kasetti 8\\\/9\\\/10v, Alex DP23, lev\"}]},{\"@type\":\"WebSite\",\"@id\":\"https:\\\/\\\/vmsport.fi\\\/#website\",\"url\":\"https:\\\/\\\/vmsport.fi\\\/\",\"name\":\"Vmsport\",\"description\":\"Kaikki py\u00f6r\u00e4ilyyn yhdest\u00e4 paikasta\",\"publisher\":{\"@id\":\"https:\\\/\\\/vmsport.fi\\\/#organization\"},\"potentialAction\":[{\"@type\":\"SearchAction\",\"target\":{\"@type\":\"EntryPoint\",\"urlTemplate\":\"https:\\\/\\\/vmsport.fi\\\/?s={search_term_string}\"},\"query-input\":{\"@type\":\"PropertyValueSpecification\",\"valueRequired\":true,\"valueName\":\"search_term_string\"}}],\"inLanguage\":\"sv-SE\"},{\"@type\":\"Organization\",\"@id\":\"https:\\\/\\\/vmsport.fi\\\/#organization\",\"name\":\"Vmsport\",\"url\":\"https:\\\/\\\/vmsport.fi\\\/\",\"logo\":{\"@type\":\"ImageObject\",\"inLanguage\":\"sv-SE\",\"@id\":\"https:\\\/\\\/vmsport.fi\\\/#\\\/schema\\\/logo\\\/image\\\/\",\"url\":\"https:\\\/\\\/vmsport.fi\\\/wp-content\\\/uploads\\\/2024\\\/12\\\/vm_sport_RGB_horisontal-e1734526017575.png\",\"contentUrl\":\"https:\\\/\\\/vmsport.fi\\\/wp-content\\\/uploads\\\/2024\\\/12\\\/vm_sport_RGB_horisontal-e1734526017575.png\",\"width\":668,\"height\":85,\"caption\":\"Vmsport\"},\"image\":{\"@id\":\"https:\\\/\\\/vmsport.fi\\\/#\\\/schema\\\/logo\\\/image\\\/\"},\"sameAs\":[\"https:\\\/\\\/www.facebook.com\\\/Vmsport.fi\\\/\",\"https:\\\/\\\/www.instagram.com\\\/vmsport\\\/\"]}]}<\/script>\n<!-- \/ Yoast SEO plugin. -->","yoast_head_json":{"title":"Bakhjul 29\" 23-622 XC Shimano Center Lock, kassett 8\/9\/10v, Alex DP23, bred - VM Sport","robots":{"index":"index","follow":"follow","max-snippet":"max-snippet:-1","max-image-preview":"max-image-preview:large","max-video-preview":"max-video-preview:-1"},"canonical":"https:\/\/vmsport.fi\/sv\/webbutik\/reservdelar\/skivor-och-nav\/bakgrund\/bakhjul-29-23-622-xc-shimano-center-lock-kassett-8-9-10v-alex-dp23-lev\/","og_locale":"sv_SE","og_type":"article","og_title":"Takakiekko 29\" 23-622 XC Shimano Center Lock, kasetti 8\/9\/10v, Alex DP23, lev - VM Sport","og_description":"Takapy\u00f6r\u00e4 29&#8243; on suunniteltu erityisesti maastopy\u00f6r\u00e4ilij\u00f6ille, jotka arvostavat luotettavuutta ja suorituskyky\u00e4. Tubeless ready Alex DP23 -vanteen kaksikerroksinen rakenne mahdollistaa tehokkaan ajon vaativimmissakin maastoissa. Shimano M3050 Center Lock -kiinnitysj\u00e4rjestelm\u00e4 takaa nopean ja varman jarrulevyn kiinnityksen, ja se sopii 8-, 9- ja 10-vaihteisille ketjuille. RST Sapim Leader -puolat, joiden halkaisija on 2 mm ja lukum\u00e4\u00e4r\u00e4 32, lis\u00e4\u00e4v\u00e4t [...]L\u00e4s mer \u2026 from Takakiekko 29&#8243; 23-622 XC Shimano Center Lock, kasetti 8\/9\/10v, Alex DP23, lev","og_url":"https:\/\/vmsport.fi\/sv\/webbutik\/reservdelar\/skivor-och-nav\/bakgrund\/bakhjul-29-23-622-xc-shimano-center-lock-kassett-8-9-10v-alex-dp23-lev\/","og_site_name":"VM Sport","article_publisher":"https:\/\/www.facebook.com\/Vmsport.fi\/","article_modified_time":"2026-01-16T11:22:05+00:00","og_image":[{"width":889,"height":999,"url":"https:\/\/vmsport.fi\/wp-content\/uploads\/2025\/03\/59047-15-1.jpg","type":"image\/jpeg"}],"twitter_card":"summary_large_image","twitter_misc":{"Ber\u00e4knad l\u00e4stid":"1 minut"},"schema":{"@context":"https:\/\/schema.org","@graph":[{"@type":["WebPage","ItemPage"],"@id":"https:\/\/vmsport.fi\/verkkokauppa\/varaosat\/kiekot-ja-navat\/takakiekot\/takakiekko-29-23-622-xc-shimano-center-lock-kasetti-8-9-10v-alex-dp23-lev\/","url":"https:\/\/vmsport.fi\/verkkokauppa\/varaosat\/kiekot-ja-navat\/takakiekot\/takakiekko-29-23-622-xc-shimano-center-lock-kasetti-8-9-10v-alex-dp23-lev\/","name":"Bakhjul 29\" 23-622 XC Shimano Center Lock, kassett 8\/9\/10v, Alex DP23, bred - VM Sport","isPartOf":{"@id":"https:\/\/vmsport.fi\/#website"},"primaryImageOfPage":{"@id":"https:\/\/vmsport.fi\/verkkokauppa\/varaosat\/kiekot-ja-navat\/takakiekot\/takakiekko-29-23-622-xc-shimano-center-lock-kasetti-8-9-10v-alex-dp23-lev\/#primaryimage"},"image":{"@id":"https:\/\/vmsport.fi\/verkkokauppa\/varaosat\/kiekot-ja-navat\/takakiekot\/takakiekko-29-23-622-xc-shimano-center-lock-kasetti-8-9-10v-alex-dp23-lev\/#primaryimage"},"thumbnailUrl":"https:\/\/vmsport.fi\/wp-content\/uploads\/2025\/03\/59047-15-1.jpg","datePublished":"2025-03-05T22:07:43+00:00","dateModified":"2026-01-16T11:22:05+00:00","breadcrumb":{"@id":"https:\/\/vmsport.fi\/verkkokauppa\/varaosat\/kiekot-ja-navat\/takakiekot\/takakiekko-29-23-622-xc-shimano-center-lock-kasetti-8-9-10v-alex-dp23-lev\/#breadcrumb"},"inLanguage":"sv-SE","potentialAction":[{"@type":"ReadAction","target":["https:\/\/vmsport.fi\/verkkokauppa\/varaosat\/kiekot-ja-navat\/takakiekot\/takakiekko-29-23-622-xc-shimano-center-lock-kasetti-8-9-10v-alex-dp23-lev\/"]}]},{"@type":"ImageObject","inLanguage":"sv-SE","@id":"https:\/\/vmsport.fi\/verkkokauppa\/varaosat\/kiekot-ja-navat\/takakiekot\/takakiekko-29-23-622-xc-shimano-center-lock-kasetti-8-9-10v-alex-dp23-lev\/#primaryimage","url":"https:\/\/vmsport.fi\/wp-content\/uploads\/2025\/03\/59047-15-1.jpg","contentUrl":"https:\/\/vmsport.fi\/wp-content\/uploads\/2025\/03\/59047-15-1.jpg","width":889,"height":999,"caption":"59047-15"},{"@type":"BreadcrumbList","@id":"https:\/\/vmsport.fi\/verkkokauppa\/varaosat\/kiekot-ja-navat\/takakiekot\/takakiekko-29-23-622-xc-shimano-center-lock-kasetti-8-9-10v-alex-dp23-lev\/#breadcrumb","itemListElement":[{"@type":"ListItem","position":1,"name":"Etusivu","item":"https:\/\/vmsport.fi\/"},{"@type":"ListItem","position":2,"name":"Online Store","item":"https:\/\/vmsport.fi\/en\/online-store\/"},{"@type":"ListItem","position":3,"name":"Takakiekko 29&#8243; 23-622 XC Shimano Center Lock, kasetti 8\/9\/10v, Alex DP23, lev"}]},{"@type":"WebSite","@id":"https:\/\/vmsport.fi\/#website","url":"https:\/\/vmsport.fi\/","name":"Vmsport","description":"Allt p\u00e5 ett st\u00e4lle f\u00f6r cykling","publisher":{"@id":"https:\/\/vmsport.fi\/#organization"},"potentialAction":[{"@type":"SearchAction","target":{"@type":"EntryPoint","urlTemplate":"https:\/\/vmsport.fi\/?s={search_term_string}"},"query-input":{"@type":"PropertyValueSpecification","valueRequired":true,"valueName":"search_term_string"}}],"inLanguage":"sv-SE"},{"@type":"Organization","@id":"https:\/\/vmsport.fi\/#organization","name":"Vmsport","url":"https:\/\/vmsport.fi\/","logo":{"@type":"ImageObject","inLanguage":"sv-SE","@id":"https:\/\/vmsport.fi\/#\/schema\/logo\/image\/","url":"https:\/\/vmsport.fi\/wp-content\/uploads\/2024\/12\/vm_sport_RGB_horisontal-e1734526017575.png","contentUrl":"https:\/\/vmsport.fi\/wp-content\/uploads\/2024\/12\/vm_sport_RGB_horisontal-e1734526017575.png","width":668,"height":85,"caption":"Vmsport"},"image":{"@id":"https:\/\/vmsport.fi\/#\/schema\/logo\/image\/"},"sameAs":["https:\/\/www.facebook.com\/Vmsport.fi\/","https:\/\/www.instagram.com\/vmsport\/"]}]}},"global_unique_id":"","_links":{"self":[{"href":"https:\/\/vmsport.fi\/sv\/wp-json\/wp\/v2\/product\/55506","targetHints":{"allow":["GET"]}}],"collection":[{"href":"https:\/\/vmsport.fi\/sv\/wp-json\/wp\/v2\/product"}],"about":[{"href":"https:\/\/vmsport.fi\/sv\/wp-json\/wp\/v2\/types\/product"}],"replies":[{"embeddable":true,"href":"https:\/\/vmsport.fi\/sv\/wp-json\/wp\/v2\/comments?post=55506"}],"wp:featuredmedia":[{"embeddable":true,"href":"https:\/\/vmsport.fi\/sv\/wp-json\/wp\/v2\/media\/55505"}],"wp:attachment":[{"href":"https:\/\/vmsport.fi\/sv\/wp-json\/wp\/v2\/media?parent=55506"}],"wp:term":[{"taxonomy":"product_brand","embeddable":true,"href":"https:\/\/vmsport.fi\/sv\/wp-json\/wp\/v2\/product_brand?post=55506"},{"taxonomy":"product_model","embeddable":true,"href":"https:\/\/vmsport.fi\/sv\/wp-json\/wp\/v2\/product_model?post=55506"},{"taxonomy":"product_cat","embeddable":true,"href":"https:\/\/vmsport.fi\/sv\/wp-json\/wp\/v2\/product_cat?post=55506"},{"taxonomy":"product_tag","embeddable":true,"href":"https:\/\/vmsport.fi\/sv\/wp-json\/wp\/v2\/product_tag?post=55506"},{"taxonomy":"industry_terminology","embeddable":true,"href":"https:\/\/vmsport.fi\/sv\/wp-json\/wp\/v2\/industry-terminology?post=55506"}],"curies":[{"name":"wp","href":"https:\/\/api.w.org\/{rel}","templated":true}]}}