{"id":55484,"date":"2025-03-06T00:07:21","date_gmt":"2025-03-05T22:07:21","guid":{"rendered":"https:\/\/vmsport.fi\/verkkokauppa\/Ei-luokiteltu\/lapivienti-di2-johdolle-4kpl-6mm-reialle\/"},"modified":"2026-04-22T15:10:14","modified_gmt":"2026-04-22T12:10:14","slug":"lapivienti-di2-johdolle-4kpl-6mm-reialle","status":"publish","type":"product","link":"https:\/\/vmsport.fi\/sv\/verkkokauppa\/varaosat\/vaihteistot\/vaihteiden-osat-ja-varaosat\/lapivienti-di2-johdolle-4kpl-6mm-reialle\/","title":{"rendered":"Genomf\u00f6ring f\u00f6r Di2-kabel 4 st f\u00f6r 6 mm h\u00e5l"},"content":{"rendered":"<p>Di2-johdon l\u00e4pivienti on suunniteltu varmistamaan kaapelin siisti ja ammattimainen asennus, kun se sovitetaan 6 mm:n reik\u00e4\u00e4n. Pakkauksessa on nelj\u00e4 mustaa kaapelil\u00e4pivienti\u00e4, mik\u00e4 mahdollistaa monipuolisen k\u00e4yt\u00f6n eri tilanteissa. Erityinen muotoilu suojaa kaapelia tehokkaasti, pit\u00e4en sen tukevasti paikallaan. T\u00e4m\u00e4 ei vain paranna ulkon\u00e4k\u00f6\u00e4 vaan my\u00f6s edist\u00e4\u00e4 j\u00e4rjestelm\u00e4n sujuvaa ja luotettavaa toimintaa.<\/p>","protected":false},"excerpt":{"rendered":"<p>Di2-johdon l\u00e4pivienti on suunniteltu varmistamaan kaapelin siisti ja ammattimainen asennus, kun se sovitetaan 6 mm:n reik\u00e4\u00e4n. Pakkauksessa on nelj\u00e4 mustaa kaapelil\u00e4pivienti\u00e4, mik\u00e4 mahdollistaa monipuolisen k\u00e4yt\u00f6n eri tilanteissa. Erityinen muotoilu suojaa kaapelia tehokkaasti, pit\u00e4en sen tukevasti paikallaan. T\u00e4m\u00e4 ei vain paranna ulkon\u00e4k\u00f6\u00e4 vaan my\u00f6s edist\u00e4\u00e4 j\u00e4rjestelm\u00e4n sujuvaa ja luotettavaa toimintaa. [&#8230;]<\/p>\n<p><a class=\"btn btn-secondary understrap-read-more-link\" href=\"https:\/\/vmsport.fi\/sv\/verkkokauppa\/varaosat\/vaihteistot\/vaihteiden-osat-ja-varaosat\/lapivienti-di2-johdolle-4kpl-6mm-reialle\/\">L\u00e4s mer \u2026<span class=\"screen-reader-text\"> from L\u00e4pivienti Di2-johdolle 4kpl 6mm rei\u00e4lle<\/span><\/a><\/p>\n","protected":false},"featured_media":55483,"comment_status":"open","ping_status":"closed","template":"","meta":{"_acf_changed":false,"_improvement_type_select":"improve_an_existing","_thumb_yes_seoaic":false,"_frame_yes_seoaic":false,"seoaic_generate_description":"","seoaic_improve_instructions_prompt":"","seoaic_rollback_content_improvement":"","seoaic_idea_thumbnail_generator":"","thumbnail_generated":false,"thumbnail_generate_prompt":"","seoaic_article_description":"","_supplier_stock_quantity":0},"product_brand":[],"product_model":[],"product_cat":[9774],"product_tag":[],"industry-terminology":[],"class_list":{"0":"post-55484","1":"product","2":"type-product","3":"status-publish","4":"has-post-thumbnail","6":"product_cat-vaihteiden-osat-ja-varaosat","8":"first","9":"outofstock","10":"taxable","11":"shipping-taxable","12":"product-type-simple"},"acf":{"bike_features":null,"overview":{"copy_overview":null,"key_features":null,"statement":"","youtube_url":""}},"yoast_head":"<!-- This site is optimized with the Yoast SEO plugin v27.4 - https:\/\/yoast.com\/product\/yoast-seo-wordpress\/ -->\n<title>L\u00e4pivienti Di2-johdolle 4kpl 6mm rei\u00e4lle - VM Sport<\/title>\n<meta name=\"robots\" content=\"index, follow, max-snippet:-1, max-image-preview:large, max-video-preview:-1\" \/>\n<link rel=\"canonical\" href=\"https:\/\/vmsport.fi\/sv\/webbutik\/cyklar\/lapivienti-di2-johdolle-4kpl-6mm-reialle\/\" \/>\n<meta property=\"og:locale\" content=\"sv_SE\" \/>\n<meta property=\"og:type\" content=\"article\" \/>\n<meta property=\"og:title\" content=\"L\u00e4pivienti Di2-johdolle 4kpl 6mm rei\u00e4lle - VM Sport\" \/>\n<meta property=\"og:description\" content=\"Di2-johdon l\u00e4pivienti on suunniteltu varmistamaan kaapelin siisti ja ammattimainen asennus, kun se sovitetaan 6 mm:n reik\u00e4\u00e4n. Pakkauksessa on nelj\u00e4 mustaa kaapelil\u00e4pivienti\u00e4, mik\u00e4 mahdollistaa monipuolisen k\u00e4yt\u00f6n eri tilanteissa. Erityinen muotoilu suojaa kaapelia tehokkaasti, pit\u00e4en sen tukevasti paikallaan. T\u00e4m\u00e4 ei vain paranna ulkon\u00e4k\u00f6\u00e4 vaan my\u00f6s edist\u00e4\u00e4 j\u00e4rjestelm\u00e4n sujuvaa ja luotettavaa toimintaa. [...]L\u00e4s mer \u2026 from L\u00e4pivienti Di2-johdolle 4kpl 6mm rei\u00e4lle\" \/>\n<meta property=\"og:url\" content=\"https:\/\/vmsport.fi\/sv\/webbutik\/cyklar\/lapivienti-di2-johdolle-4kpl-6mm-reialle\/\" \/>\n<meta property=\"og:site_name\" content=\"VM Sport\" \/>\n<meta property=\"article:publisher\" content=\"https:\/\/www.facebook.com\/Vmsport.fi\/\" \/>\n<meta property=\"article:modified_time\" content=\"2026-04-22T12:10:14+00:00\" \/>\n<meta property=\"og:image\" content=\"https:\/\/vmsport.fi\/wp-content\/uploads\/2025\/03\/GTlIYpemH1lLf3TettqS9ggnHUiZ9Dt4R2SCU3XDLcxBG57hr8-1.jpg\" \/>\n\t<meta property=\"og:image:width\" content=\"600\" \/>\n\t<meta property=\"og:image:height\" content=\"600\" \/>\n\t<meta property=\"og:image:type\" content=\"image\/jpeg\" \/>\n<meta name=\"twitter:card\" content=\"summary_large_image\" \/>\n<script type=\"application\/ld+json\" class=\"yoast-schema-graph\">{\"@context\":\"https:\\\/\\\/schema.org\",\"@graph\":[{\"@type\":[\"WebPage\",\"ItemPage\"],\"@id\":\"https:\\\/\\\/vmsport.fi\\\/verkkokauppa\\\/polkupyorat\\\/lapivienti-di2-johdolle-4kpl-6mm-reialle\\\/\",\"url\":\"https:\\\/\\\/vmsport.fi\\\/verkkokauppa\\\/polkupyorat\\\/lapivienti-di2-johdolle-4kpl-6mm-reialle\\\/\",\"name\":\"L\u00e4pivienti Di2-johdolle 4kpl 6mm rei\u00e4lle - VM Sport\",\"isPartOf\":{\"@id\":\"https:\\\/\\\/vmsport.fi\\\/#website\"},\"primaryImageOfPage\":{\"@id\":\"https:\\\/\\\/vmsport.fi\\\/verkkokauppa\\\/polkupyorat\\\/lapivienti-di2-johdolle-4kpl-6mm-reialle\\\/#primaryimage\"},\"image\":{\"@id\":\"https:\\\/\\\/vmsport.fi\\\/verkkokauppa\\\/polkupyorat\\\/lapivienti-di2-johdolle-4kpl-6mm-reialle\\\/#primaryimage\"},\"thumbnailUrl\":\"https:\\\/\\\/vmsport.fi\\\/wp-content\\\/uploads\\\/2025\\\/03\\\/GTlIYpemH1lLf3TettqS9ggnHUiZ9Dt4R2SCU3XDLcxBG57hr8-1.jpg\",\"datePublished\":\"2025-03-05T22:07:21+00:00\",\"dateModified\":\"2026-04-22T12:10:14+00:00\",\"breadcrumb\":{\"@id\":\"https:\\\/\\\/vmsport.fi\\\/verkkokauppa\\\/polkupyorat\\\/lapivienti-di2-johdolle-4kpl-6mm-reialle\\\/#breadcrumb\"},\"inLanguage\":\"sv-SE\",\"potentialAction\":[{\"@type\":\"ReadAction\",\"target\":[\"https:\\\/\\\/vmsport.fi\\\/verkkokauppa\\\/polkupyorat\\\/lapivienti-di2-johdolle-4kpl-6mm-reialle\\\/\"]}]},{\"@type\":\"ImageObject\",\"inLanguage\":\"sv-SE\",\"@id\":\"https:\\\/\\\/vmsport.fi\\\/verkkokauppa\\\/polkupyorat\\\/lapivienti-di2-johdolle-4kpl-6mm-reialle\\\/#primaryimage\",\"url\":\"https:\\\/\\\/vmsport.fi\\\/wp-content\\\/uploads\\\/2025\\\/03\\\/GTlIYpemH1lLf3TettqS9ggnHUiZ9Dt4R2SCU3XDLcxBG57hr8-1.jpg\",\"contentUrl\":\"https:\\\/\\\/vmsport.fi\\\/wp-content\\\/uploads\\\/2025\\\/03\\\/GTlIYpemH1lLf3TettqS9ggnHUiZ9Dt4R2SCU3XDLcxBG57hr8-1.jpg\",\"width\":600,\"height\":600,\"caption\":\"GTlIYpemH1lLf3TettqS9ggnHUiZ9Dt4R2SCU3XDLcxBG57hr8\"},{\"@type\":\"BreadcrumbList\",\"@id\":\"https:\\\/\\\/vmsport.fi\\\/verkkokauppa\\\/polkupyorat\\\/lapivienti-di2-johdolle-4kpl-6mm-reialle\\\/#breadcrumb\",\"itemListElement\":[{\"@type\":\"ListItem\",\"position\":1,\"name\":\"Etusivu\",\"item\":\"https:\\\/\\\/vmsport.fi\\\/\"},{\"@type\":\"ListItem\",\"position\":2,\"name\":\"Online Store\",\"item\":\"https:\\\/\\\/vmsport.fi\\\/en\\\/online-store\\\/\"},{\"@type\":\"ListItem\",\"position\":3,\"name\":\"L\u00e4pivienti Di2-johdolle 4kpl 6mm rei\u00e4lle\"}]},{\"@type\":\"WebSite\",\"@id\":\"https:\\\/\\\/vmsport.fi\\\/#website\",\"url\":\"https:\\\/\\\/vmsport.fi\\\/\",\"name\":\"Vmsport\",\"description\":\"Kaikki py\u00f6r\u00e4ilyyn yhdest\u00e4 paikasta\",\"publisher\":{\"@id\":\"https:\\\/\\\/vmsport.fi\\\/#organization\"},\"potentialAction\":[{\"@type\":\"SearchAction\",\"target\":{\"@type\":\"EntryPoint\",\"urlTemplate\":\"https:\\\/\\\/vmsport.fi\\\/?s={search_term_string}\"},\"query-input\":{\"@type\":\"PropertyValueSpecification\",\"valueRequired\":true,\"valueName\":\"search_term_string\"}}],\"inLanguage\":\"sv-SE\"},{\"@type\":\"Organization\",\"@id\":\"https:\\\/\\\/vmsport.fi\\\/#organization\",\"name\":\"Vmsport\",\"url\":\"https:\\\/\\\/vmsport.fi\\\/\",\"logo\":{\"@type\":\"ImageObject\",\"inLanguage\":\"sv-SE\",\"@id\":\"https:\\\/\\\/vmsport.fi\\\/#\\\/schema\\\/logo\\\/image\\\/\",\"url\":\"https:\\\/\\\/vmsport.fi\\\/wp-content\\\/uploads\\\/2024\\\/12\\\/vm_sport_RGB_horisontal-e1734526017575.png\",\"contentUrl\":\"https:\\\/\\\/vmsport.fi\\\/wp-content\\\/uploads\\\/2024\\\/12\\\/vm_sport_RGB_horisontal-e1734526017575.png\",\"width\":668,\"height\":85,\"caption\":\"Vmsport\"},\"image\":{\"@id\":\"https:\\\/\\\/vmsport.fi\\\/#\\\/schema\\\/logo\\\/image\\\/\"},\"sameAs\":[\"https:\\\/\\\/www.facebook.com\\\/Vmsport.fi\\\/\",\"https:\\\/\\\/www.instagram.com\\\/vmsport\\\/\"]}]}<\/script>\n<!-- \/ Yoast SEO plugin. -->","yoast_head_json":{"title":"L\u00e4pivienti Di2-johdolle 4kpl 6mm rei\u00e4lle - VM Sport","robots":{"index":"index","follow":"follow","max-snippet":"max-snippet:-1","max-image-preview":"max-image-preview:large","max-video-preview":"max-video-preview:-1"},"canonical":"https:\/\/vmsport.fi\/sv\/webbutik\/cyklar\/lapivienti-di2-johdolle-4kpl-6mm-reialle\/","og_locale":"sv_SE","og_type":"article","og_title":"L\u00e4pivienti Di2-johdolle 4kpl 6mm rei\u00e4lle - VM Sport","og_description":"Di2-johdon l\u00e4pivienti on suunniteltu varmistamaan kaapelin siisti ja ammattimainen asennus, kun se sovitetaan 6 mm:n reik\u00e4\u00e4n. Pakkauksessa on nelj\u00e4 mustaa kaapelil\u00e4pivienti\u00e4, mik\u00e4 mahdollistaa monipuolisen k\u00e4yt\u00f6n eri tilanteissa. Erityinen muotoilu suojaa kaapelia tehokkaasti, pit\u00e4en sen tukevasti paikallaan. T\u00e4m\u00e4 ei vain paranna ulkon\u00e4k\u00f6\u00e4 vaan my\u00f6s edist\u00e4\u00e4 j\u00e4rjestelm\u00e4n sujuvaa ja luotettavaa toimintaa. [...]L\u00e4s mer \u2026 from L\u00e4pivienti Di2-johdolle 4kpl 6mm rei\u00e4lle","og_url":"https:\/\/vmsport.fi\/sv\/webbutik\/cyklar\/lapivienti-di2-johdolle-4kpl-6mm-reialle\/","og_site_name":"VM Sport","article_publisher":"https:\/\/www.facebook.com\/Vmsport.fi\/","article_modified_time":"2026-04-22T12:10:14+00:00","og_image":[{"width":600,"height":600,"url":"https:\/\/vmsport.fi\/wp-content\/uploads\/2025\/03\/GTlIYpemH1lLf3TettqS9ggnHUiZ9Dt4R2SCU3XDLcxBG57hr8-1.jpg","type":"image\/jpeg"}],"twitter_card":"summary_large_image","schema":{"@context":"https:\/\/schema.org","@graph":[{"@type":["WebPage","ItemPage"],"@id":"https:\/\/vmsport.fi\/verkkokauppa\/polkupyorat\/lapivienti-di2-johdolle-4kpl-6mm-reialle\/","url":"https:\/\/vmsport.fi\/verkkokauppa\/polkupyorat\/lapivienti-di2-johdolle-4kpl-6mm-reialle\/","name":"L\u00e4pivienti Di2-johdolle 4kpl 6mm rei\u00e4lle - VM Sport","isPartOf":{"@id":"https:\/\/vmsport.fi\/#website"},"primaryImageOfPage":{"@id":"https:\/\/vmsport.fi\/verkkokauppa\/polkupyorat\/lapivienti-di2-johdolle-4kpl-6mm-reialle\/#primaryimage"},"image":{"@id":"https:\/\/vmsport.fi\/verkkokauppa\/polkupyorat\/lapivienti-di2-johdolle-4kpl-6mm-reialle\/#primaryimage"},"thumbnailUrl":"https:\/\/vmsport.fi\/wp-content\/uploads\/2025\/03\/GTlIYpemH1lLf3TettqS9ggnHUiZ9Dt4R2SCU3XDLcxBG57hr8-1.jpg","datePublished":"2025-03-05T22:07:21+00:00","dateModified":"2026-04-22T12:10:14+00:00","breadcrumb":{"@id":"https:\/\/vmsport.fi\/verkkokauppa\/polkupyorat\/lapivienti-di2-johdolle-4kpl-6mm-reialle\/#breadcrumb"},"inLanguage":"sv-SE","potentialAction":[{"@type":"ReadAction","target":["https:\/\/vmsport.fi\/verkkokauppa\/polkupyorat\/lapivienti-di2-johdolle-4kpl-6mm-reialle\/"]}]},{"@type":"ImageObject","inLanguage":"sv-SE","@id":"https:\/\/vmsport.fi\/verkkokauppa\/polkupyorat\/lapivienti-di2-johdolle-4kpl-6mm-reialle\/#primaryimage","url":"https:\/\/vmsport.fi\/wp-content\/uploads\/2025\/03\/GTlIYpemH1lLf3TettqS9ggnHUiZ9Dt4R2SCU3XDLcxBG57hr8-1.jpg","contentUrl":"https:\/\/vmsport.fi\/wp-content\/uploads\/2025\/03\/GTlIYpemH1lLf3TettqS9ggnHUiZ9Dt4R2SCU3XDLcxBG57hr8-1.jpg","width":600,"height":600,"caption":"GTlIYpemH1lLf3TettqS9ggnHUiZ9Dt4R2SCU3XDLcxBG57hr8"},{"@type":"BreadcrumbList","@id":"https:\/\/vmsport.fi\/verkkokauppa\/polkupyorat\/lapivienti-di2-johdolle-4kpl-6mm-reialle\/#breadcrumb","itemListElement":[{"@type":"ListItem","position":1,"name":"Etusivu","item":"https:\/\/vmsport.fi\/"},{"@type":"ListItem","position":2,"name":"Online Store","item":"https:\/\/vmsport.fi\/en\/online-store\/"},{"@type":"ListItem","position":3,"name":"L\u00e4pivienti Di2-johdolle 4kpl 6mm rei\u00e4lle"}]},{"@type":"WebSite","@id":"https:\/\/vmsport.fi\/#website","url":"https:\/\/vmsport.fi\/","name":"Vmsport","description":"Allt p\u00e5 ett st\u00e4lle f\u00f6r cykling","publisher":{"@id":"https:\/\/vmsport.fi\/#organization"},"potentialAction":[{"@type":"SearchAction","target":{"@type":"EntryPoint","urlTemplate":"https:\/\/vmsport.fi\/?s={search_term_string}"},"query-input":{"@type":"PropertyValueSpecification","valueRequired":true,"valueName":"search_term_string"}}],"inLanguage":"sv-SE"},{"@type":"Organization","@id":"https:\/\/vmsport.fi\/#organization","name":"Vmsport","url":"https:\/\/vmsport.fi\/","logo":{"@type":"ImageObject","inLanguage":"sv-SE","@id":"https:\/\/vmsport.fi\/#\/schema\/logo\/image\/","url":"https:\/\/vmsport.fi\/wp-content\/uploads\/2024\/12\/vm_sport_RGB_horisontal-e1734526017575.png","contentUrl":"https:\/\/vmsport.fi\/wp-content\/uploads\/2024\/12\/vm_sport_RGB_horisontal-e1734526017575.png","width":668,"height":85,"caption":"Vmsport"},"image":{"@id":"https:\/\/vmsport.fi\/#\/schema\/logo\/image\/"},"sameAs":["https:\/\/www.facebook.com\/Vmsport.fi\/","https:\/\/www.instagram.com\/vmsport\/"]}]}},"global_unique_id":"","_links":{"self":[{"href":"https:\/\/vmsport.fi\/sv\/wp-json\/wp\/v2\/product\/55484","targetHints":{"allow":["GET"]}}],"collection":[{"href":"https:\/\/vmsport.fi\/sv\/wp-json\/wp\/v2\/product"}],"about":[{"href":"https:\/\/vmsport.fi\/sv\/wp-json\/wp\/v2\/types\/product"}],"replies":[{"embeddable":true,"href":"https:\/\/vmsport.fi\/sv\/wp-json\/wp\/v2\/comments?post=55484"}],"wp:featuredmedia":[{"embeddable":true,"href":"https:\/\/vmsport.fi\/sv\/wp-json\/wp\/v2\/media\/55483"}],"wp:attachment":[{"href":"https:\/\/vmsport.fi\/sv\/wp-json\/wp\/v2\/media?parent=55484"}],"wp:term":[{"taxonomy":"product_brand","embeddable":true,"href":"https:\/\/vmsport.fi\/sv\/wp-json\/wp\/v2\/product_brand?post=55484"},{"taxonomy":"product_model","embeddable":true,"href":"https:\/\/vmsport.fi\/sv\/wp-json\/wp\/v2\/product_model?post=55484"},{"taxonomy":"product_cat","embeddable":true,"href":"https:\/\/vmsport.fi\/sv\/wp-json\/wp\/v2\/product_cat?post=55484"},{"taxonomy":"product_tag","embeddable":true,"href":"https:\/\/vmsport.fi\/sv\/wp-json\/wp\/v2\/product_tag?post=55484"},{"taxonomy":"industry_terminology","embeddable":true,"href":"https:\/\/vmsport.fi\/sv\/wp-json\/wp\/v2\/industry-terminology?post=55484"}],"curies":[{"name":"wp","href":"https:\/\/api.w.org\/{rel}","templated":true}]}}