{"id":55480,"date":"2025-03-06T00:07:19","date_gmt":"2025-03-05T22:07:19","guid":{"rendered":"https:\/\/vmsport.fi\/verkkokauppa\/Ei-luokiteltu\/xlc-bb-c02-699-o9x20x6-mm\/"},"modified":"2026-01-16T13:22:15","modified_gmt":"2026-01-16T11:22:15","slug":"xlc-bb-c02-699-o9x20x6-mm","status":"publish","type":"product","link":"https:\/\/vmsport.fi\/sv\/verkkokauppa\/varaosat\/kiekot-ja-navat\/laakerit\/xlc-bb-c02-699-o9x20x6-mm\/","title":{"rendered":"XLC BB-C02 699 O9x20x6 mm"},"content":{"rendered":"<p>XLC BB-C02-lagret, som \u00e4r k\u00e4nt f\u00f6r sin precision och h\u00e5llbarhet, \u00e4r idealiskt f\u00f6r ett brett spektrum av tekniska applikationer. Dess storlek, 9x20x6 mm, m\u00f6jligg\u00f6r effektiv prestanda. Lagret, med identifikationsnummer 699, s\u00e4kerst\u00e4ller en j\u00e4mn och tillf\u00f6rlitlig rotationsr\u00f6relse. De som s\u00f6ker en h\u00f6gkvalitativ lagerl\u00f6sning kommer att finna denna produkt som en p\u00e5litlig partner som uppfyller de h\u00f6gsta f\u00f6rv\u00e4ntningarna, oavsett applikation.<\/p>","protected":false},"excerpt":{"rendered":"<p>XLC BB-C02 -laakeri, tunnettu tarkkuudestaan ja kest\u00e4vyydest\u00e4\u00e4n, sopii erinomaisesti monenlaisiin teknisiin sovelluksiin. Sen koko, 9x20x6 mm, mahdollistaa tehokkaan suorituskyvyn. Laakeri, tunnusnumerolla 699, varmistaa sujuvan ja luotettavan py\u00f6rimisliikkeen. Laadukasta laakerointiratkaisua etsiv\u00e4t l\u00f6yt\u00e4v\u00e4t t\u00e4st\u00e4 tuotteesta luotettavan kumppanin, joka t\u00e4ytt\u00e4\u00e4 korkeimmat odotukset riippumatta siit\u00e4, mihin sovellukseen sit\u00e4 k\u00e4ytet\u00e4\u00e4n. [&#8230;]<\/p>\n<p><a class=\"btn btn-secondary understrap-read-more-link\" href=\"https:\/\/vmsport.fi\/sv\/verkkokauppa\/varaosat\/kiekot-ja-navat\/laakerit\/xlc-bb-c02-699-o9x20x6-mm\/\">L\u00e4s mer \u2026<span class=\"screen-reader-text\"> from XLC BB-C02 699 O9x20x6 mm<\/span><\/a><\/p>\n","protected":false},"featured_media":55479,"comment_status":"open","ping_status":"closed","template":"","meta":{"_acf_changed":false,"_improvement_type_select":"improve_an_existing","_thumb_yes_seoaic":false,"_frame_yes_seoaic":false,"seoaic_generate_description":"","seoaic_improve_instructions_prompt":"","seoaic_rollback_content_improvement":"","seoaic_idea_thumbnail_generator":"","thumbnail_generated":false,"thumbnail_generate_prompt":"","seoaic_article_description":"","_supplier_stock_quantity":0},"product_brand":[],"product_model":[],"product_cat":[9464],"product_tag":[],"industry-terminology":[],"class_list":{"0":"post-55480","1":"product","2":"type-product","3":"status-publish","4":"has-post-thumbnail","6":"product_cat-laakerit","8":"first","9":"outofstock","10":"taxable","11":"shipping-taxable","12":"product-type-simple"},"acf":{"bike_features":null,"overview":{"copy_overview":null,"key_features":null,"statement":"","youtube_url":""}},"yoast_head":"<!-- This site is optimized with the Yoast SEO plugin v27.3 - https:\/\/yoast.com\/product\/yoast-seo-wordpress\/ -->\n<title>XLC BB-C02 699 O9x20x6 mm - VM Sport<\/title>\n<meta name=\"robots\" content=\"index, follow, max-snippet:-1, max-image-preview:large, max-video-preview:-1\" \/>\n<link rel=\"canonical\" href=\"https:\/\/vmsport.fi\/sv\/webbutik\/reservdelar\/skivor-och-nav\/lager\/xlc-bb-c02-699-o9x20x6-mm\/\" \/>\n<meta property=\"og:locale\" content=\"sv_SE\" \/>\n<meta property=\"og:type\" content=\"article\" \/>\n<meta property=\"og:title\" content=\"XLC BB-C02 699 O9x20x6 mm - VM Sport\" \/>\n<meta property=\"og:description\" content=\"XLC BB-C02 -laakeri, tunnettu tarkkuudestaan ja kest\u00e4vyydest\u00e4\u00e4n, sopii erinomaisesti monenlaisiin teknisiin sovelluksiin. Sen koko, 9x20x6 mm, mahdollistaa tehokkaan suorituskyvyn. Laakeri, tunnusnumerolla 699, varmistaa sujuvan ja luotettavan py\u00f6rimisliikkeen. Laadukasta laakerointiratkaisua etsiv\u00e4t l\u00f6yt\u00e4v\u00e4t t\u00e4st\u00e4 tuotteesta luotettavan kumppanin, joka t\u00e4ytt\u00e4\u00e4 korkeimmat odotukset riippumatta siit\u00e4, mihin sovellukseen sit\u00e4 k\u00e4ytet\u00e4\u00e4n. [...]L\u00e4s mer \u2026 from XLC BB-C02 699 O9x20x6 mm\" \/>\n<meta property=\"og:url\" content=\"https:\/\/vmsport.fi\/sv\/webbutik\/reservdelar\/skivor-och-nav\/lager\/xlc-bb-c02-699-o9x20x6-mm\/\" \/>\n<meta property=\"og:site_name\" content=\"VM Sport\" \/>\n<meta property=\"article:publisher\" content=\"https:\/\/www.facebook.com\/Vmsport.fi\/\" \/>\n<meta property=\"article:modified_time\" content=\"2026-01-16T11:22:15+00:00\" \/>\n<meta property=\"og:image\" content=\"https:\/\/vmsport.fi\/wp-content\/uploads\/2025\/03\/C5oIjAo0KDUIYzjTrbpe0ExJPOx385RdXr1Mj3WzMzgcjmNtsl-1.jpg\" \/>\n\t<meta property=\"og:image:width\" content=\"457\" \/>\n\t<meta property=\"og:image:height\" content=\"457\" \/>\n\t<meta property=\"og:image:type\" content=\"image\/jpeg\" \/>\n<meta name=\"twitter:card\" content=\"summary_large_image\" \/>\n<script type=\"application\/ld+json\" class=\"yoast-schema-graph\">{\"@context\":\"https:\\\/\\\/schema.org\",\"@graph\":[{\"@type\":[\"WebPage\",\"ItemPage\"],\"@id\":\"https:\\\/\\\/vmsport.fi\\\/verkkokauppa\\\/varaosat\\\/kiekot-ja-navat\\\/laakerit\\\/xlc-bb-c02-699-o9x20x6-mm\\\/\",\"url\":\"https:\\\/\\\/vmsport.fi\\\/verkkokauppa\\\/varaosat\\\/kiekot-ja-navat\\\/laakerit\\\/xlc-bb-c02-699-o9x20x6-mm\\\/\",\"name\":\"XLC BB-C02 699 O9x20x6 mm - VM Sport\",\"isPartOf\":{\"@id\":\"https:\\\/\\\/vmsport.fi\\\/#website\"},\"primaryImageOfPage\":{\"@id\":\"https:\\\/\\\/vmsport.fi\\\/verkkokauppa\\\/varaosat\\\/kiekot-ja-navat\\\/laakerit\\\/xlc-bb-c02-699-o9x20x6-mm\\\/#primaryimage\"},\"image\":{\"@id\":\"https:\\\/\\\/vmsport.fi\\\/verkkokauppa\\\/varaosat\\\/kiekot-ja-navat\\\/laakerit\\\/xlc-bb-c02-699-o9x20x6-mm\\\/#primaryimage\"},\"thumbnailUrl\":\"https:\\\/\\\/vmsport.fi\\\/wp-content\\\/uploads\\\/2025\\\/03\\\/C5oIjAo0KDUIYzjTrbpe0ExJPOx385RdXr1Mj3WzMzgcjmNtsl-1.jpg\",\"datePublished\":\"2025-03-05T22:07:19+00:00\",\"dateModified\":\"2026-01-16T11:22:15+00:00\",\"breadcrumb\":{\"@id\":\"https:\\\/\\\/vmsport.fi\\\/verkkokauppa\\\/varaosat\\\/kiekot-ja-navat\\\/laakerit\\\/xlc-bb-c02-699-o9x20x6-mm\\\/#breadcrumb\"},\"inLanguage\":\"sv-SE\",\"potentialAction\":[{\"@type\":\"ReadAction\",\"target\":[\"https:\\\/\\\/vmsport.fi\\\/verkkokauppa\\\/varaosat\\\/kiekot-ja-navat\\\/laakerit\\\/xlc-bb-c02-699-o9x20x6-mm\\\/\"]}]},{\"@type\":\"ImageObject\",\"inLanguage\":\"sv-SE\",\"@id\":\"https:\\\/\\\/vmsport.fi\\\/verkkokauppa\\\/varaosat\\\/kiekot-ja-navat\\\/laakerit\\\/xlc-bb-c02-699-o9x20x6-mm\\\/#primaryimage\",\"url\":\"https:\\\/\\\/vmsport.fi\\\/wp-content\\\/uploads\\\/2025\\\/03\\\/C5oIjAo0KDUIYzjTrbpe0ExJPOx385RdXr1Mj3WzMzgcjmNtsl-1.jpg\",\"contentUrl\":\"https:\\\/\\\/vmsport.fi\\\/wp-content\\\/uploads\\\/2025\\\/03\\\/C5oIjAo0KDUIYzjTrbpe0ExJPOx385RdXr1Mj3WzMzgcjmNtsl-1.jpg\",\"width\":457,\"height\":457,\"caption\":\"C5oIjAo0KDUIYzjTrbpe0ExJPOx385RdXr1Mj3WzMzgcjmNtsl\"},{\"@type\":\"BreadcrumbList\",\"@id\":\"https:\\\/\\\/vmsport.fi\\\/verkkokauppa\\\/varaosat\\\/kiekot-ja-navat\\\/laakerit\\\/xlc-bb-c02-699-o9x20x6-mm\\\/#breadcrumb\",\"itemListElement\":[{\"@type\":\"ListItem\",\"position\":1,\"name\":\"Etusivu\",\"item\":\"https:\\\/\\\/vmsport.fi\\\/\"},{\"@type\":\"ListItem\",\"position\":2,\"name\":\"Online Store\",\"item\":\"https:\\\/\\\/vmsport.fi\\\/en\\\/online-store\\\/\"},{\"@type\":\"ListItem\",\"position\":3,\"name\":\"XLC BB-C02 699 O9x20x6 mm\"}]},{\"@type\":\"WebSite\",\"@id\":\"https:\\\/\\\/vmsport.fi\\\/#website\",\"url\":\"https:\\\/\\\/vmsport.fi\\\/\",\"name\":\"Vmsport\",\"description\":\"Kaikki py\u00f6r\u00e4ilyyn yhdest\u00e4 paikasta\",\"publisher\":{\"@id\":\"https:\\\/\\\/vmsport.fi\\\/#organization\"},\"potentialAction\":[{\"@type\":\"SearchAction\",\"target\":{\"@type\":\"EntryPoint\",\"urlTemplate\":\"https:\\\/\\\/vmsport.fi\\\/?s={search_term_string}\"},\"query-input\":{\"@type\":\"PropertyValueSpecification\",\"valueRequired\":true,\"valueName\":\"search_term_string\"}}],\"inLanguage\":\"sv-SE\"},{\"@type\":\"Organization\",\"@id\":\"https:\\\/\\\/vmsport.fi\\\/#organization\",\"name\":\"Vmsport\",\"url\":\"https:\\\/\\\/vmsport.fi\\\/\",\"logo\":{\"@type\":\"ImageObject\",\"inLanguage\":\"sv-SE\",\"@id\":\"https:\\\/\\\/vmsport.fi\\\/#\\\/schema\\\/logo\\\/image\\\/\",\"url\":\"https:\\\/\\\/vmsport.fi\\\/wp-content\\\/uploads\\\/2024\\\/12\\\/vm_sport_RGB_horisontal-e1734526017575.png\",\"contentUrl\":\"https:\\\/\\\/vmsport.fi\\\/wp-content\\\/uploads\\\/2024\\\/12\\\/vm_sport_RGB_horisontal-e1734526017575.png\",\"width\":668,\"height\":85,\"caption\":\"Vmsport\"},\"image\":{\"@id\":\"https:\\\/\\\/vmsport.fi\\\/#\\\/schema\\\/logo\\\/image\\\/\"},\"sameAs\":[\"https:\\\/\\\/www.facebook.com\\\/Vmsport.fi\\\/\",\"https:\\\/\\\/www.instagram.com\\\/vmsport\\\/\"]}]}<\/script>\n<!-- \/ Yoast SEO plugin. -->","yoast_head_json":{"title":"XLC BB-C02 699 O9x20x6 mm - VM Sport","robots":{"index":"index","follow":"follow","max-snippet":"max-snippet:-1","max-image-preview":"max-image-preview:large","max-video-preview":"max-video-preview:-1"},"canonical":"https:\/\/vmsport.fi\/sv\/webbutik\/reservdelar\/skivor-och-nav\/lager\/xlc-bb-c02-699-o9x20x6-mm\/","og_locale":"sv_SE","og_type":"article","og_title":"XLC BB-C02 699 O9x20x6 mm - VM Sport","og_description":"XLC BB-C02 -laakeri, tunnettu tarkkuudestaan ja kest\u00e4vyydest\u00e4\u00e4n, sopii erinomaisesti monenlaisiin teknisiin sovelluksiin. Sen koko, 9x20x6 mm, mahdollistaa tehokkaan suorituskyvyn. Laakeri, tunnusnumerolla 699, varmistaa sujuvan ja luotettavan py\u00f6rimisliikkeen. Laadukasta laakerointiratkaisua etsiv\u00e4t l\u00f6yt\u00e4v\u00e4t t\u00e4st\u00e4 tuotteesta luotettavan kumppanin, joka t\u00e4ytt\u00e4\u00e4 korkeimmat odotukset riippumatta siit\u00e4, mihin sovellukseen sit\u00e4 k\u00e4ytet\u00e4\u00e4n. [...]L\u00e4s mer \u2026 from XLC BB-C02 699 O9x20x6 mm","og_url":"https:\/\/vmsport.fi\/sv\/webbutik\/reservdelar\/skivor-och-nav\/lager\/xlc-bb-c02-699-o9x20x6-mm\/","og_site_name":"VM Sport","article_publisher":"https:\/\/www.facebook.com\/Vmsport.fi\/","article_modified_time":"2026-01-16T11:22:15+00:00","og_image":[{"width":457,"height":457,"url":"https:\/\/vmsport.fi\/wp-content\/uploads\/2025\/03\/C5oIjAo0KDUIYzjTrbpe0ExJPOx385RdXr1Mj3WzMzgcjmNtsl-1.jpg","type":"image\/jpeg"}],"twitter_card":"summary_large_image","schema":{"@context":"https:\/\/schema.org","@graph":[{"@type":["WebPage","ItemPage"],"@id":"https:\/\/vmsport.fi\/verkkokauppa\/varaosat\/kiekot-ja-navat\/laakerit\/xlc-bb-c02-699-o9x20x6-mm\/","url":"https:\/\/vmsport.fi\/verkkokauppa\/varaosat\/kiekot-ja-navat\/laakerit\/xlc-bb-c02-699-o9x20x6-mm\/","name":"XLC BB-C02 699 O9x20x6 mm - VM Sport","isPartOf":{"@id":"https:\/\/vmsport.fi\/#website"},"primaryImageOfPage":{"@id":"https:\/\/vmsport.fi\/verkkokauppa\/varaosat\/kiekot-ja-navat\/laakerit\/xlc-bb-c02-699-o9x20x6-mm\/#primaryimage"},"image":{"@id":"https:\/\/vmsport.fi\/verkkokauppa\/varaosat\/kiekot-ja-navat\/laakerit\/xlc-bb-c02-699-o9x20x6-mm\/#primaryimage"},"thumbnailUrl":"https:\/\/vmsport.fi\/wp-content\/uploads\/2025\/03\/C5oIjAo0KDUIYzjTrbpe0ExJPOx385RdXr1Mj3WzMzgcjmNtsl-1.jpg","datePublished":"2025-03-05T22:07:19+00:00","dateModified":"2026-01-16T11:22:15+00:00","breadcrumb":{"@id":"https:\/\/vmsport.fi\/verkkokauppa\/varaosat\/kiekot-ja-navat\/laakerit\/xlc-bb-c02-699-o9x20x6-mm\/#breadcrumb"},"inLanguage":"sv-SE","potentialAction":[{"@type":"ReadAction","target":["https:\/\/vmsport.fi\/verkkokauppa\/varaosat\/kiekot-ja-navat\/laakerit\/xlc-bb-c02-699-o9x20x6-mm\/"]}]},{"@type":"ImageObject","inLanguage":"sv-SE","@id":"https:\/\/vmsport.fi\/verkkokauppa\/varaosat\/kiekot-ja-navat\/laakerit\/xlc-bb-c02-699-o9x20x6-mm\/#primaryimage","url":"https:\/\/vmsport.fi\/wp-content\/uploads\/2025\/03\/C5oIjAo0KDUIYzjTrbpe0ExJPOx385RdXr1Mj3WzMzgcjmNtsl-1.jpg","contentUrl":"https:\/\/vmsport.fi\/wp-content\/uploads\/2025\/03\/C5oIjAo0KDUIYzjTrbpe0ExJPOx385RdXr1Mj3WzMzgcjmNtsl-1.jpg","width":457,"height":457,"caption":"C5oIjAo0KDUIYzjTrbpe0ExJPOx385RdXr1Mj3WzMzgcjmNtsl"},{"@type":"BreadcrumbList","@id":"https:\/\/vmsport.fi\/verkkokauppa\/varaosat\/kiekot-ja-navat\/laakerit\/xlc-bb-c02-699-o9x20x6-mm\/#breadcrumb","itemListElement":[{"@type":"ListItem","position":1,"name":"Etusivu","item":"https:\/\/vmsport.fi\/"},{"@type":"ListItem","position":2,"name":"Online Store","item":"https:\/\/vmsport.fi\/en\/online-store\/"},{"@type":"ListItem","position":3,"name":"XLC BB-C02 699 O9x20x6 mm"}]},{"@type":"WebSite","@id":"https:\/\/vmsport.fi\/#website","url":"https:\/\/vmsport.fi\/","name":"Vmsport","description":"Allt p\u00e5 ett st\u00e4lle f\u00f6r cykling","publisher":{"@id":"https:\/\/vmsport.fi\/#organization"},"potentialAction":[{"@type":"SearchAction","target":{"@type":"EntryPoint","urlTemplate":"https:\/\/vmsport.fi\/?s={search_term_string}"},"query-input":{"@type":"PropertyValueSpecification","valueRequired":true,"valueName":"search_term_string"}}],"inLanguage":"sv-SE"},{"@type":"Organization","@id":"https:\/\/vmsport.fi\/#organization","name":"Vmsport","url":"https:\/\/vmsport.fi\/","logo":{"@type":"ImageObject","inLanguage":"sv-SE","@id":"https:\/\/vmsport.fi\/#\/schema\/logo\/image\/","url":"https:\/\/vmsport.fi\/wp-content\/uploads\/2024\/12\/vm_sport_RGB_horisontal-e1734526017575.png","contentUrl":"https:\/\/vmsport.fi\/wp-content\/uploads\/2024\/12\/vm_sport_RGB_horisontal-e1734526017575.png","width":668,"height":85,"caption":"Vmsport"},"image":{"@id":"https:\/\/vmsport.fi\/#\/schema\/logo\/image\/"},"sameAs":["https:\/\/www.facebook.com\/Vmsport.fi\/","https:\/\/www.instagram.com\/vmsport\/"]}]}},"global_unique_id":"","_links":{"self":[{"href":"https:\/\/vmsport.fi\/sv\/wp-json\/wp\/v2\/product\/55480","targetHints":{"allow":["GET"]}}],"collection":[{"href":"https:\/\/vmsport.fi\/sv\/wp-json\/wp\/v2\/product"}],"about":[{"href":"https:\/\/vmsport.fi\/sv\/wp-json\/wp\/v2\/types\/product"}],"replies":[{"embeddable":true,"href":"https:\/\/vmsport.fi\/sv\/wp-json\/wp\/v2\/comments?post=55480"}],"wp:featuredmedia":[{"embeddable":true,"href":"https:\/\/vmsport.fi\/sv\/wp-json\/wp\/v2\/media\/55479"}],"wp:attachment":[{"href":"https:\/\/vmsport.fi\/sv\/wp-json\/wp\/v2\/media?parent=55480"}],"wp:term":[{"taxonomy":"product_brand","embeddable":true,"href":"https:\/\/vmsport.fi\/sv\/wp-json\/wp\/v2\/product_brand?post=55480"},{"taxonomy":"product_model","embeddable":true,"href":"https:\/\/vmsport.fi\/sv\/wp-json\/wp\/v2\/product_model?post=55480"},{"taxonomy":"product_cat","embeddable":true,"href":"https:\/\/vmsport.fi\/sv\/wp-json\/wp\/v2\/product_cat?post=55480"},{"taxonomy":"product_tag","embeddable":true,"href":"https:\/\/vmsport.fi\/sv\/wp-json\/wp\/v2\/product_tag?post=55480"},{"taxonomy":"industry_terminology","embeddable":true,"href":"https:\/\/vmsport.fi\/sv\/wp-json\/wp\/v2\/industry-terminology?post=55480"}],"curies":[{"name":"wp","href":"https:\/\/api.w.org\/{rel}","templated":true}]}}