{"id":55476,"date":"2025-03-06T00:07:17","date_gmt":"2025-03-05T22:07:17","guid":{"rendered":"https:\/\/vmsport.fi\/verkkokauppa\/Ei-luokiteltu\/paikkarasia-tiptop-tt02\/"},"modified":"2026-01-16T13:22:16","modified_gmt":"2026-01-16T11:22:16","slug":"platslada-tiptop-tt02","status":"publish","type":"product","link":"https:\/\/vmsport.fi\/sv\/verkkokauppa\/renkaat\/sisarenkaat\/paikkarasia-tiptop-tt02\/","title":{"rendered":"Fastighetsbox TIPTOP, TT02"},"content":{"rendered":"<p>TIPTOP TT02 \u00e4r ett utm\u00e4rkt val f\u00f6r cyklister som beh\u00f6ver ett s\u00e4kert s\u00e4tt att reparera punkterade d\u00e4ck. Denna reparationssats inneh\u00e5ller en m\u00e4ngd olika gummilappar och lim, vilket g\u00f6r den s\u00e4rskilt l\u00e4mplig f\u00f6r turcykling. De praktiskt f\u00f6rpackade gummilapparna g\u00f6r det enkelt att serva och underh\u00e5lla ditt innerd\u00e4ck. Detta m\u00e5ngsidiga kit kombinerar anv\u00e4ndarv\u00e4nlighet och effektivitet, s\u00e5 att du kan forts\u00e4tta din resa snabbt och enkelt.<\/p>","protected":false},"excerpt":{"rendered":"<p>Paikkarasia TIPTOP TT02 on erinomainen valinta py\u00f6r\u00e4ilij\u00f6ille, jotka tarvitsevat varman tavan korjata puhjenneita renkaita. T\u00e4m\u00e4 korjaussarja sis\u00e4lt\u00e4\u00e4 erilaisia kumipaikkoja ja liimaa, mik\u00e4 tekee siit\u00e4 erityisen sopivan retkipy\u00f6r\u00e4ilyn tarpeisiin. K\u00e4tev\u00e4ss\u00e4 pakkauksessa olevat kumipaikat helpottavat sis\u00e4renkaan huoltoa ja yll\u00e4pitoa. T\u00e4m\u00e4 monipuolinen tuotesetti yhdist\u00e4\u00e4 helppok\u00e4ytt\u00f6isyyden ja tehokkuuden, joten voit jatkaa matkaasi nopeasti ja vaivattomasti. [&#8230;]<\/p>\n<p><a class=\"btn btn-secondary understrap-read-more-link\" href=\"https:\/\/vmsport.fi\/sv\/verkkokauppa\/renkaat\/sisarenkaat\/paikkarasia-tiptop-tt02\/\">L\u00e4s mer \u2026<span class=\"screen-reader-text\"> from Paikkarasia TIPTOP, TT02<\/span><\/a><\/p>\n","protected":false},"featured_media":55475,"comment_status":"open","ping_status":"closed","template":"","meta":{"_acf_changed":false,"_improvement_type_select":"improve_an_existing","_thumb_yes_seoaic":false,"_frame_yes_seoaic":false,"seoaic_generate_description":"","seoaic_improve_instructions_prompt":"","seoaic_rollback_content_improvement":"","seoaic_idea_thumbnail_generator":"","thumbnail_generated":false,"thumbnail_generate_prompt":"","seoaic_article_description":"","_supplier_stock_quantity":0},"product_brand":[],"product_model":[],"product_cat":[9312],"product_tag":[],"industry-terminology":[],"class_list":{"0":"post-55476","1":"product","2":"type-product","3":"status-publish","4":"has-post-thumbnail","6":"product_cat-sisarenkaat","8":"first","9":"outofstock","10":"taxable","11":"shipping-taxable","12":"product-type-simple"},"acf":{"bike_features":null,"overview":{"copy_overview":null,"key_features":null,"statement":"","youtube_url":""}},"yoast_head":"<!-- This site is optimized with the Yoast SEO plugin v27.3 - https:\/\/yoast.com\/product\/yoast-seo-wordpress\/ -->\n<title>Paikkarasia TIPTOP, TT02 - VM Sport<\/title>\n<meta name=\"robots\" content=\"index, follow, max-snippet:-1, max-image-preview:large, max-video-preview:-1\" \/>\n<link rel=\"canonical\" href=\"https:\/\/vmsport.fi\/sv\/webbutik\/dack\/systerdack\/platslada-tiptop-tt02\/\" \/>\n<meta property=\"og:locale\" content=\"sv_SE\" \/>\n<meta property=\"og:type\" content=\"article\" \/>\n<meta property=\"og:title\" content=\"Paikkarasia TIPTOP, TT02 - VM Sport\" \/>\n<meta property=\"og:description\" content=\"Paikkarasia TIPTOP TT02 on erinomainen valinta py\u00f6r\u00e4ilij\u00f6ille, jotka tarvitsevat varman tavan korjata puhjenneita renkaita. T\u00e4m\u00e4 korjaussarja sis\u00e4lt\u00e4\u00e4 erilaisia kumipaikkoja ja liimaa, mik\u00e4 tekee siit\u00e4 erityisen sopivan retkipy\u00f6r\u00e4ilyn tarpeisiin. K\u00e4tev\u00e4ss\u00e4 pakkauksessa olevat kumipaikat helpottavat sis\u00e4renkaan huoltoa ja yll\u00e4pitoa. T\u00e4m\u00e4 monipuolinen tuotesetti yhdist\u00e4\u00e4 helppok\u00e4ytt\u00f6isyyden ja tehokkuuden, joten voit jatkaa matkaasi nopeasti ja vaivattomasti. [...]L\u00e4s mer \u2026 from Paikkarasia TIPTOP, TT02\" \/>\n<meta property=\"og:url\" content=\"https:\/\/vmsport.fi\/sv\/webbutik\/dack\/systerdack\/platslada-tiptop-tt02\/\" \/>\n<meta property=\"og:site_name\" content=\"VM Sport\" \/>\n<meta property=\"article:publisher\" content=\"https:\/\/www.facebook.com\/Vmsport.fi\/\" \/>\n<meta property=\"article:modified_time\" content=\"2026-01-16T11:22:16+00:00\" \/>\n<meta property=\"og:image\" content=\"https:\/\/vmsport.fi\/wp-content\/uploads\/2025\/03\/60781-1.jpg\" \/>\n\t<meta property=\"og:image:width\" content=\"800\" \/>\n\t<meta property=\"og:image:height\" content=\"800\" \/>\n\t<meta property=\"og:image:type\" content=\"image\/jpeg\" \/>\n<meta name=\"twitter:card\" content=\"summary_large_image\" \/>\n<script type=\"application\/ld+json\" class=\"yoast-schema-graph\">{\"@context\":\"https:\\\/\\\/schema.org\",\"@graph\":[{\"@type\":[\"WebPage\",\"ItemPage\"],\"@id\":\"https:\\\/\\\/vmsport.fi\\\/verkkokauppa\\\/renkaat\\\/sisarenkaat\\\/paikkarasia-tiptop-tt02\\\/\",\"url\":\"https:\\\/\\\/vmsport.fi\\\/verkkokauppa\\\/renkaat\\\/sisarenkaat\\\/paikkarasia-tiptop-tt02\\\/\",\"name\":\"Paikkarasia TIPTOP, TT02 - VM Sport\",\"isPartOf\":{\"@id\":\"https:\\\/\\\/vmsport.fi\\\/#website\"},\"primaryImageOfPage\":{\"@id\":\"https:\\\/\\\/vmsport.fi\\\/verkkokauppa\\\/renkaat\\\/sisarenkaat\\\/paikkarasia-tiptop-tt02\\\/#primaryimage\"},\"image\":{\"@id\":\"https:\\\/\\\/vmsport.fi\\\/verkkokauppa\\\/renkaat\\\/sisarenkaat\\\/paikkarasia-tiptop-tt02\\\/#primaryimage\"},\"thumbnailUrl\":\"https:\\\/\\\/vmsport.fi\\\/wp-content\\\/uploads\\\/2025\\\/03\\\/60781-1.jpg\",\"datePublished\":\"2025-03-05T22:07:17+00:00\",\"dateModified\":\"2026-01-16T11:22:16+00:00\",\"breadcrumb\":{\"@id\":\"https:\\\/\\\/vmsport.fi\\\/verkkokauppa\\\/renkaat\\\/sisarenkaat\\\/paikkarasia-tiptop-tt02\\\/#breadcrumb\"},\"inLanguage\":\"sv-SE\",\"potentialAction\":[{\"@type\":\"ReadAction\",\"target\":[\"https:\\\/\\\/vmsport.fi\\\/verkkokauppa\\\/renkaat\\\/sisarenkaat\\\/paikkarasia-tiptop-tt02\\\/\"]}]},{\"@type\":\"ImageObject\",\"inLanguage\":\"sv-SE\",\"@id\":\"https:\\\/\\\/vmsport.fi\\\/verkkokauppa\\\/renkaat\\\/sisarenkaat\\\/paikkarasia-tiptop-tt02\\\/#primaryimage\",\"url\":\"https:\\\/\\\/vmsport.fi\\\/wp-content\\\/uploads\\\/2025\\\/03\\\/60781-1.jpg\",\"contentUrl\":\"https:\\\/\\\/vmsport.fi\\\/wp-content\\\/uploads\\\/2025\\\/03\\\/60781-1.jpg\",\"width\":800,\"height\":800,\"caption\":\"60781\"},{\"@type\":\"BreadcrumbList\",\"@id\":\"https:\\\/\\\/vmsport.fi\\\/verkkokauppa\\\/renkaat\\\/sisarenkaat\\\/paikkarasia-tiptop-tt02\\\/#breadcrumb\",\"itemListElement\":[{\"@type\":\"ListItem\",\"position\":1,\"name\":\"Etusivu\",\"item\":\"https:\\\/\\\/vmsport.fi\\\/\"},{\"@type\":\"ListItem\",\"position\":2,\"name\":\"Online Store\",\"item\":\"https:\\\/\\\/vmsport.fi\\\/en\\\/online-store\\\/\"},{\"@type\":\"ListItem\",\"position\":3,\"name\":\"Paikkarasia TIPTOP, TT02\"}]},{\"@type\":\"WebSite\",\"@id\":\"https:\\\/\\\/vmsport.fi\\\/#website\",\"url\":\"https:\\\/\\\/vmsport.fi\\\/\",\"name\":\"Vmsport\",\"description\":\"Kaikki py\u00f6r\u00e4ilyyn yhdest\u00e4 paikasta\",\"publisher\":{\"@id\":\"https:\\\/\\\/vmsport.fi\\\/#organization\"},\"potentialAction\":[{\"@type\":\"SearchAction\",\"target\":{\"@type\":\"EntryPoint\",\"urlTemplate\":\"https:\\\/\\\/vmsport.fi\\\/?s={search_term_string}\"},\"query-input\":{\"@type\":\"PropertyValueSpecification\",\"valueRequired\":true,\"valueName\":\"search_term_string\"}}],\"inLanguage\":\"sv-SE\"},{\"@type\":\"Organization\",\"@id\":\"https:\\\/\\\/vmsport.fi\\\/#organization\",\"name\":\"Vmsport\",\"url\":\"https:\\\/\\\/vmsport.fi\\\/\",\"logo\":{\"@type\":\"ImageObject\",\"inLanguage\":\"sv-SE\",\"@id\":\"https:\\\/\\\/vmsport.fi\\\/#\\\/schema\\\/logo\\\/image\\\/\",\"url\":\"https:\\\/\\\/vmsport.fi\\\/wp-content\\\/uploads\\\/2024\\\/12\\\/vm_sport_RGB_horisontal-e1734526017575.png\",\"contentUrl\":\"https:\\\/\\\/vmsport.fi\\\/wp-content\\\/uploads\\\/2024\\\/12\\\/vm_sport_RGB_horisontal-e1734526017575.png\",\"width\":668,\"height\":85,\"caption\":\"Vmsport\"},\"image\":{\"@id\":\"https:\\\/\\\/vmsport.fi\\\/#\\\/schema\\\/logo\\\/image\\\/\"},\"sameAs\":[\"https:\\\/\\\/www.facebook.com\\\/Vmsport.fi\\\/\",\"https:\\\/\\\/www.instagram.com\\\/vmsport\\\/\"]}]}<\/script>\n<!-- \/ Yoast SEO plugin. -->","yoast_head_json":{"title":"L\u00e5da TIPTOP, TT02 - VM Sport","robots":{"index":"index","follow":"follow","max-snippet":"max-snippet:-1","max-image-preview":"max-image-preview:large","max-video-preview":"max-video-preview:-1"},"canonical":"https:\/\/vmsport.fi\/sv\/webbutik\/dack\/systerdack\/platslada-tiptop-tt02\/","og_locale":"sv_SE","og_type":"article","og_title":"Paikkarasia TIPTOP, TT02 - VM Sport","og_description":"Paikkarasia TIPTOP TT02 on erinomainen valinta py\u00f6r\u00e4ilij\u00f6ille, jotka tarvitsevat varman tavan korjata puhjenneita renkaita. T\u00e4m\u00e4 korjaussarja sis\u00e4lt\u00e4\u00e4 erilaisia kumipaikkoja ja liimaa, mik\u00e4 tekee siit\u00e4 erityisen sopivan retkipy\u00f6r\u00e4ilyn tarpeisiin. K\u00e4tev\u00e4ss\u00e4 pakkauksessa olevat kumipaikat helpottavat sis\u00e4renkaan huoltoa ja yll\u00e4pitoa. T\u00e4m\u00e4 monipuolinen tuotesetti yhdist\u00e4\u00e4 helppok\u00e4ytt\u00f6isyyden ja tehokkuuden, joten voit jatkaa matkaasi nopeasti ja vaivattomasti. [...]L\u00e4s mer \u2026 from Paikkarasia TIPTOP, TT02","og_url":"https:\/\/vmsport.fi\/sv\/webbutik\/dack\/systerdack\/platslada-tiptop-tt02\/","og_site_name":"VM Sport","article_publisher":"https:\/\/www.facebook.com\/Vmsport.fi\/","article_modified_time":"2026-01-16T11:22:16+00:00","og_image":[{"width":800,"height":800,"url":"https:\/\/vmsport.fi\/wp-content\/uploads\/2025\/03\/60781-1.jpg","type":"image\/jpeg"}],"twitter_card":"summary_large_image","schema":{"@context":"https:\/\/schema.org","@graph":[{"@type":["WebPage","ItemPage"],"@id":"https:\/\/vmsport.fi\/verkkokauppa\/renkaat\/sisarenkaat\/paikkarasia-tiptop-tt02\/","url":"https:\/\/vmsport.fi\/verkkokauppa\/renkaat\/sisarenkaat\/paikkarasia-tiptop-tt02\/","name":"L\u00e5da TIPTOP, TT02 - VM Sport","isPartOf":{"@id":"https:\/\/vmsport.fi\/#website"},"primaryImageOfPage":{"@id":"https:\/\/vmsport.fi\/verkkokauppa\/renkaat\/sisarenkaat\/paikkarasia-tiptop-tt02\/#primaryimage"},"image":{"@id":"https:\/\/vmsport.fi\/verkkokauppa\/renkaat\/sisarenkaat\/paikkarasia-tiptop-tt02\/#primaryimage"},"thumbnailUrl":"https:\/\/vmsport.fi\/wp-content\/uploads\/2025\/03\/60781-1.jpg","datePublished":"2025-03-05T22:07:17+00:00","dateModified":"2026-01-16T11:22:16+00:00","breadcrumb":{"@id":"https:\/\/vmsport.fi\/verkkokauppa\/renkaat\/sisarenkaat\/paikkarasia-tiptop-tt02\/#breadcrumb"},"inLanguage":"sv-SE","potentialAction":[{"@type":"ReadAction","target":["https:\/\/vmsport.fi\/verkkokauppa\/renkaat\/sisarenkaat\/paikkarasia-tiptop-tt02\/"]}]},{"@type":"ImageObject","inLanguage":"sv-SE","@id":"https:\/\/vmsport.fi\/verkkokauppa\/renkaat\/sisarenkaat\/paikkarasia-tiptop-tt02\/#primaryimage","url":"https:\/\/vmsport.fi\/wp-content\/uploads\/2025\/03\/60781-1.jpg","contentUrl":"https:\/\/vmsport.fi\/wp-content\/uploads\/2025\/03\/60781-1.jpg","width":800,"height":800,"caption":"60781"},{"@type":"BreadcrumbList","@id":"https:\/\/vmsport.fi\/verkkokauppa\/renkaat\/sisarenkaat\/paikkarasia-tiptop-tt02\/#breadcrumb","itemListElement":[{"@type":"ListItem","position":1,"name":"Etusivu","item":"https:\/\/vmsport.fi\/"},{"@type":"ListItem","position":2,"name":"Online Store","item":"https:\/\/vmsport.fi\/en\/online-store\/"},{"@type":"ListItem","position":3,"name":"Paikkarasia TIPTOP, TT02"}]},{"@type":"WebSite","@id":"https:\/\/vmsport.fi\/#website","url":"https:\/\/vmsport.fi\/","name":"Vmsport","description":"Allt p\u00e5 ett st\u00e4lle f\u00f6r cykling","publisher":{"@id":"https:\/\/vmsport.fi\/#organization"},"potentialAction":[{"@type":"SearchAction","target":{"@type":"EntryPoint","urlTemplate":"https:\/\/vmsport.fi\/?s={search_term_string}"},"query-input":{"@type":"PropertyValueSpecification","valueRequired":true,"valueName":"search_term_string"}}],"inLanguage":"sv-SE"},{"@type":"Organization","@id":"https:\/\/vmsport.fi\/#organization","name":"Vmsport","url":"https:\/\/vmsport.fi\/","logo":{"@type":"ImageObject","inLanguage":"sv-SE","@id":"https:\/\/vmsport.fi\/#\/schema\/logo\/image\/","url":"https:\/\/vmsport.fi\/wp-content\/uploads\/2024\/12\/vm_sport_RGB_horisontal-e1734526017575.png","contentUrl":"https:\/\/vmsport.fi\/wp-content\/uploads\/2024\/12\/vm_sport_RGB_horisontal-e1734526017575.png","width":668,"height":85,"caption":"Vmsport"},"image":{"@id":"https:\/\/vmsport.fi\/#\/schema\/logo\/image\/"},"sameAs":["https:\/\/www.facebook.com\/Vmsport.fi\/","https:\/\/www.instagram.com\/vmsport\/"]}]}},"global_unique_id":"","_links":{"self":[{"href":"https:\/\/vmsport.fi\/sv\/wp-json\/wp\/v2\/product\/55476","targetHints":{"allow":["GET"]}}],"collection":[{"href":"https:\/\/vmsport.fi\/sv\/wp-json\/wp\/v2\/product"}],"about":[{"href":"https:\/\/vmsport.fi\/sv\/wp-json\/wp\/v2\/types\/product"}],"replies":[{"embeddable":true,"href":"https:\/\/vmsport.fi\/sv\/wp-json\/wp\/v2\/comments?post=55476"}],"wp:featuredmedia":[{"embeddable":true,"href":"https:\/\/vmsport.fi\/sv\/wp-json\/wp\/v2\/media\/55475"}],"wp:attachment":[{"href":"https:\/\/vmsport.fi\/sv\/wp-json\/wp\/v2\/media?parent=55476"}],"wp:term":[{"taxonomy":"product_brand","embeddable":true,"href":"https:\/\/vmsport.fi\/sv\/wp-json\/wp\/v2\/product_brand?post=55476"},{"taxonomy":"product_model","embeddable":true,"href":"https:\/\/vmsport.fi\/sv\/wp-json\/wp\/v2\/product_model?post=55476"},{"taxonomy":"product_cat","embeddable":true,"href":"https:\/\/vmsport.fi\/sv\/wp-json\/wp\/v2\/product_cat?post=55476"},{"taxonomy":"product_tag","embeddable":true,"href":"https:\/\/vmsport.fi\/sv\/wp-json\/wp\/v2\/product_tag?post=55476"},{"taxonomy":"industry_terminology","embeddable":true,"href":"https:\/\/vmsport.fi\/sv\/wp-json\/wp\/v2\/industry-terminology?post=55476"}],"curies":[{"name":"wp","href":"https:\/\/api.w.org\/{rel}","templated":true}]}}